{"id":990477,"date":"2019-11-06T17:22:33","date_gmt":"2019-11-06T17:22:33","guid":{"rendered":"https:\/\/ticketsibiza.com\/most-popular-ibiza-parties\/"},"modified":"2026-01-13T17:18:03","modified_gmt":"2026-01-13T17:18:03","slug":"populairste-feesten-ibiza","status":"publish","type":"page","link":"https:\/\/ticketsibiza.com\/nl\/populairste-feesten-ibiza\/","title":{"rendered":"De 10 Populairste Ibiza feesten"},"content":{"rendered":"<div class=\"wpb-content-wrapper\"><p>[vc_row row_height_percent=&#8221;0&#8243; override_padding=&#8221;yes&#8221; h_padding=&#8221;2&#8243; top_padding=&#8221;2&#8243; bottom_padding=&#8221;0&#8243; back_image=&#8221;613491&#8243; overlay_alpha=&#8221;50&#8243; gutter_size=&#8221;3&#8243; column_width_percent=&#8221;100&#8243; shift_y=&#8221;0&#8243; z_index=&#8221;0&#8243; row_height_pixel=&#8221;50&#8243; uncode_shortcode_id=&#8221;169180&#8243; shape_dividers=&#8221;&#8221;][vc_column width=&#8221;1\/1&#8243;][vc_empty_space empty_h=&#8221;5&#8243;][vc_row_inner row_inner_height_percent=&#8221;0&#8243; force_width_grid=&#8221;yes&#8221; overlay_color=&#8221;color-149363&#8243; overlay_alpha=&#8221;50&#8243; gutter_size=&#8221;1&#8243; shift_y=&#8221;1&#8243; z_index=&#8221;3&#8243; css=&#8221;.vc_custom_1551002505146{margin-bottom: 0px !important;border-bottom-width: 0px !important;padding-top: 0px !important;padding-bottom: 0px !important;padding-left: 20px !important;}&#8221;][vc_column_inner column_width_percent=&#8221;100&#8243; gutter_size=&#8221;0&#8243; overlay_alpha=&#8221;50&#8243; shift_x=&#8221;0&#8243; shift_y=&#8221;0&#8243; shift_y_down=&#8221;0&#8243; z_index=&#8221;0&#8243; medium_width=&#8221;0&#8243; mobile_width=&#8221;0&#8243; width=&#8221;1\/1&#8243; css=&#8221;.vc_custom_1551002411961{padding-bottom: 0px !important;}&#8221;][vc_custom_heading text_color=&#8221;color-xsdn&#8221; heading_semantic=&#8221;h1&#8243; text_size=&#8221;h1&#8243; sub_reduced=&#8221;yes&#8221; uncode_shortcode_id=&#8221;156437&#8243; text_color_type=&#8221;uncode-palette&#8221;]Ibiza&#8217;s Populairste feesten[\/vc_custom_heading][vc_column_text text_lead=&#8221;yes&#8221;]<strong><span style=\"color: white;\">We kijken naar de feesten waar iedereen over praat<\/span><\/strong>[\/vc_column_text][\/vc_column_inner][\/vc_row_inner][\/vc_column][\/vc_row][vc_row row_height_percent=&#8221;0&#8243; overlay_alpha=&#8221;50&#8243; gutter_size=&#8221;3&#8243; column_width_percent=&#8221;100&#8243; shift_y=&#8221;0&#8243; z_index=&#8221;0&#8243; css=&#8221;.vc_custom_1551018712642{margin-top: 0px !important;margin-bottom: 0px !important;}&#8221;][vc_column column_width_percent=&#8221;100&#8243; gutter_size=&#8221;2&#8243; overlay_alpha=&#8221;50&#8243; shift_x=&#8221;0&#8243; shift_y=&#8221;0&#8243; shift_y_down=&#8221;0&#8243; z_index=&#8221;0&#8243; medium_width=&#8221;0&#8243; mobile_width=&#8221;0&#8243; width=&#8221;3\/4&#8243;][vc_column_text uncode_shortcode_id=&#8221;486709&#8243;]<span class=\"dropped\">I<\/span>biza&#8217;s feestlandschap is consistent in dat het elk seizoen dat voorbijgaat verandert. Clubs openen en sluiten, feesten komen en gaan. Sommige vinden zichzelf opnieuw uit, pakken hun spullen en verhuizen naar een ander deel van het eiland. Sommige verdwijnen gewoon, niet in staat om genoeg aandacht te trekken op een eiland waar elke avond het publiek verwend wordt met keuzes over waar ze besluiten te feesten.   <\/p>\n<p>Maar welke feesten zorgden ervoor dat iedereen erover praatte vorig seizoen? Hier presenteren we de populairste Ibiza feesten van het seizoen. De lijst is gerangschikt op basis van onze eigen data, evenals Google-zoekopdrachten voor elk feest. We telden maar liefst 124 feesten vorig seizoen. Laten we kijken wie de top 10 heeft gehaald&#8230;[\/vc_column_text][vc_separator sep_color=&#8221;color-gyho&#8221;][uncode_block id=&#8221;522142&#8243;][vc_separator sep_color=&#8221;color-gyho&#8221;][vc_row_inner][vc_column_inner width=&#8221;1\/6&#8243;][vc_column_text]<span class=\"dropped\">10<\/span>[\/vc_column_text][\/vc_column_inner][vc_column_inner width=&#8221;5\/6&#8243;][vc_custom_heading separator=&#8221;yes&#8221; separator_color=&#8221;yes&#8221; uncode_shortcode_id=&#8221;171935&#8243;]<\/p>\n<h2>Carl cox<\/h2>\n<p>Club:  <a href=\"https:\/\/ticketsibiza.com\/nl\/clubs\/unvrs\/\">UNVRS<\/a><\/p>\n<p>Vorige rang: n.v.t. (nieuwe entry)[\/vc_custom_heading][vc_single_image media=&#8221;990505&#8243; media_width_percent=&#8221;100&#8243; uncode_shortcode_id=&#8221;531295&#8243;][vc_column_text uncode_shortcode_id=&#8221;337524&#8243;]Carl Cox is terug en groter dan ooit.&nbsp;  Deze keer neemt hij UNVRS over, Ibiza&#8217;s gloednieuwe hyperclub.<\/p>\n<p>Zijn zondag residency is explosief van start gegaan, met wilde menigten, next-level productie en die onverslaanbare Coxy energie. Het is zonder twijfel al een van de grootste verhalen van de zomer.[\/vc_column_text][\/vc_column_inner][\/vc_row_inner][vc_separator sep_color=&#8221;color-gyho&#8221;][vc_row_inner][vc_column_inner width=&#8221;1\/6&#8243;][vc_column_text]<span class=\"dropped\">9<\/span>[\/vc_column_text][\/vc_column_inner][vc_column_inner width=&#8221;5\/6&#8243;][vc_custom_heading separator=&#8221;yes&#8221; separator_color=&#8221;yes&#8221; uncode_shortcode_id=&#8221;165348&#8243;]<\/p>\n<h2>Paradise<\/h2>\n<p>Club:  <a href=\"https:\/\/ticketsibiza.com\/nl\/clubs\/unvrs\/\">UNVRS<\/a><\/p>\n<p>Vorige rang: n.v.t. (nieuwe entry)[\/vc_custom_heading][vc_single_image media=&#8221;990498&#8243; media_width_percent=&#8221;100&#8243; uncode_shortcode_id=&#8221;285672&#8243;][vc_column_text uncode_shortcode_id=&#8221;871173&#8243;]Paradise heeft een nieuw thuis &#8211; en het is wild. Jamie Jones heeft zijn iconische feest naar UNVRS gebracht, Ibiza&#8217;s futuristische nieuwe hyperclub, en woensdagen hebben er nog nooit beter uitgezien.<br \/>\nEnorme line-ups, onwerkelijke visuals, en die kenmerkende diepe, rollende grooves. Het volgende tijdperk van Paradise is al in volle gang.[\/vc_column_text][\/vc_column_inner][\/vc_row_inner][vc_separator sep_color=&#8221;color-gyho&#8221;][vc_row_inner][vc_column_inner width=&#8221;1\/6&#8243;][vc_column_text]<span class=\"dropped\">8<\/span>[\/vc_column_text][\/vc_column_inner][vc_column_inner width=&#8221;5\/6&#8243;][vc_custom_heading separator=&#8221;yes&#8221; separator_color=&#8221;yes&#8221; uncode_shortcode_id=&#8221;154090&#8243;]<\/p>\n<h2>Elrow<\/h2>\n<p>Club:  <a href=\"https:\/\/ticketsibiza.com\/nl\/clubs\/unvrs\/\">UNVRS<\/a><\/p>\n<p>Vorige Rang: 5 (\u2b07\ufe0f 3 plaatsen)[\/vc_custom_heading][vc_single_image media=&#8221;990499&#8243; media_width_percent=&#8221;100&#8243; uncode_shortcode_id=&#8221;200160&#8243;][vc_column_text uncode_shortcode_id=&#8221;796237&#8243;]elrow is geland bij UNVRS, en het is volledig intergalactisch geworden. &#8217;s Werelds wildste feest heeft nu een gloednieuw Ibiza thuis \u2014 en het is groter, gedurfder en gekker dan ooit. <\/p>\n<p>De next-level productie, confetti chaos en pure theater voelt zich volledig thuis bij UNVRS elke zaterdag van het seizoen.[\/vc_column_text][\/vc_column_inner][\/vc_row_inner][vc_separator sep_color=&#8221;color-gyho&#8221;][vc_row_inner][vc_column_inner width=&#8221;1\/6&#8243;][vc_column_text]<span class=\"dropped\">7<\/span>[\/vc_column_text][\/vc_column_inner][vc_column_inner width=&#8221;5\/6&#8243;][vc_custom_heading separator=&#8221;yes&#8221; separator_color=&#8221;yes&#8221; uncode_shortcode_id=&#8221;309997&#8243;]<\/p>\n<h2>Black coffee<\/h2>\n<p>Club:  <a href=\"https:\/\/ticketsibiza.com\/nl\/clubs\/hi\/\">H\u00ef<\/a><\/p>\n<p>Vorige rang: n.v.t. (nieuwe entry)[\/vc_custom_heading][vc_single_image media=&#8221;990500&#8243; media_width_percent=&#8221;100&#8243; uncode_shortcode_id=&#8221;122237&#8243;][vc_column_text uncode_shortcode_id=&#8221;184385&#8243;]Een echte H\u00ef Ibiza vaste waarde, Black Coffee&#8217;s zaterdag residency blijft de lat hoger leggen. Met zijn diepe, soulvolle Afropolitan sound en die nu iconische Theatre overname, is het net zoveel een spirituele ervaring als een feest. <\/p>\n<p>Voeg Damian Lazarus toe in de Club Room en je hebt een van de meest unieke avonden ergens op het eiland.[\/vc_column_text][\/vc_column_inner][\/vc_row_inner][vc_separator sep_color=&#8221;color-gyho&#8221;][vc_row_inner][vc_column_inner width=&#8221;1\/6&#8243;][vc_column_text]<span class=\"dropped\">6<\/span>[\/vc_column_text][\/vc_column_inner][vc_column_inner width=&#8221;5\/6&#8243;][vc_custom_heading separator=&#8221;yes&#8221; separator_color=&#8221;yes&#8221; uncode_shortcode_id=&#8221;304994&#8243;]<\/p>\n<h2><a href=\"https:\/\/ticketsibiza.com\/nl\/feesten\/glitterbox\/\">Glitterbox<\/a><\/h2>\n<p>Club:  <a href=\"https:\/\/ticketsibiza.com\/nl\/clubs\/hi\/\">H\u00ef<\/a><\/p>\n<p>Vorige rang: 6e (Geen verandering)[\/vc_custom_heading][vc_single_image media=&#8221;990501&#8243; media_width_percent=&#8221;100&#8243; uncode_shortcode_id=&#8221;636626&#8243;][vc_column_text uncode_shortcode_id=&#8221;118665&#8243;]Het is moeilijk om je een club en feest voor te stellen die beter bij elkaar passen dan H\u00ef en Glitterbox \ud83e\udd1d<\/p>\n<p>Discoballen, dansers, en feel-good energie de hele nacht door. Glitterbox is pure vreugde \u2014 een mix van old-school anthems, moderne house, en echte Ibiza vibes. [\/vc_column_text][\/vc_column_inner][\/vc_row_inner][vc_separator sep_color=&#8221;color-gyho&#8221;][vc_row_inner][vc_column_inner width=&#8221;1\/6&#8243;][vc_column_text]<span class=\"dropped\">5<\/span>[\/vc_column_text][\/vc_column_inner][vc_column_inner width=&#8221;5\/6&#8243;][vc_custom_heading separator=&#8221;yes&#8221; separator_color=&#8221;yes&#8221; uncode_shortcode_id=&#8221;169963&#8243;]<\/p>\n<h2>FISHER<\/h2>\n<p>Club:  <a href=\"https:\/\/ticketsibiza.com\/nl\/clubs\/unvrs\/\">UNVRS<\/a><\/p>\n<p>Vorige rang: n.v.t. (nieuwe entry)[\/vc_custom_heading][vc_single_image media=&#8221;990502&#8243; media_width_percent=&#8221;100&#8243; uncode_shortcode_id=&#8221;170931&#8243;][vc_column_text uncode_shortcode_id=&#8221;457165&#8243;]FISHER heeft de overstap gemaakt &#8211; en donderdagen bij UNVRS zijn nu absoluut onmisbaar.<\/p>\n<p>De Aussie wildcard brengt enorme energie, wilde verrassingen en serieuze feest vibes naar het nieuwste superclub van het eiland. Het is zonder twijfel een van de gekste avonden van de zomer.[\/vc_column_text][\/vc_column_inner][\/vc_row_inner][vc_separator sep_color=&#8221;color-gyho&#8221;][vc_row_inner][vc_column_inner width=&#8221;1\/6&#8243;][vc_column_text]<span class=\"dropped\">4<\/span>[\/vc_column_text][\/vc_column_inner][vc_column_inner width=&#8221;5\/6&#8243;][vc_custom_heading separator=&#8221;yes&#8221; separator_color=&#8221;yes&#8221; uncode_shortcode_id=&#8221;197898&#8243;]<\/p>\n<h2><a href=\"https:\/\/ticketsibiza.com\/nl\/feesten\/ants\/\">ANTS<\/a><\/h2>\n<p>Club:  <a href=\"https:\/\/ticketsibiza.com\/nl\/clubs\/ushuaia\/\">Ushua\u00efa<\/a><\/p>\n<p>Vorige Rang: 4e (Geen verandering)[\/vc_custom_heading][vc_single_image media=&#8221;990503&#8243; media_width_percent=&#8221;100&#8243; uncode_shortcode_id=&#8221;474510&#8243;][vc_column_text uncode_shortcode_id=&#8221;150538&#8243;]Zaterdagmiddagen betekenen \u00e9\u00e9n ding: ANTS. Verwacht bonkende house en techno, industri\u00eble vibes, en een leger van zwart geklede ravers die Ushua\u00efa overnemen. <\/p>\n<p>ANTS is een van de meest consistente en creatieve feesten op het eiland, en moge het nog lang zo blijven.[\/vc_column_text][\/vc_column_inner][\/vc_row_inner][vc_separator sep_color=&#8221;color-gyho&#8221;][vc_row_inner][vc_column_inner width=&#8221;1\/6&#8243;][vc_column_text]<span class=\"dropped\">3<\/span>[\/vc_column_text][\/vc_column_inner][vc_column_inner width=&#8221;5\/6&#8243;][vc_custom_heading separator=&#8221;yes&#8221; separator_color=&#8221;yes&#8221; uncode_shortcode_id=&#8221;113950&#8243;]<\/p>\n<h2>Music on<\/h2>\n<p>Club:  <a href=\"https:\/\/ticketsibiza.com\/nl\/clubs\/pacha\/\">Pacha<\/a><\/p>\n<p>Vorige rang: 10e (\u2b06\ufe0f 7 plaatsen)[\/vc_custom_heading][vc_single_image media=&#8221;990504&#8243; media_width_percent=&#8221;100&#8243; uncode_shortcode_id=&#8221;136087&#8243;][vc_column_text uncode_shortcode_id=&#8221;148757&#8243;]De grootste stijger op onze lijst &#8211; van 10e naar 3e \u2014 Music On heeft een enorm seizoen. Marco Carola&#8217;s vrijdag residency bij Pacha zit week na week vol, met top-tier techno en house van de meester zelf en zijn all-star gasten. <\/p>\n<p>Een echte Ibiza instelling die geen tekenen van vertraging toont.[\/vc_column_text][\/vc_column_inner][\/vc_row_inner][vc_separator sep_color=&#8221;color-gyho&#8221;][vc_row_inner][vc_column_inner width=&#8221;1\/6&#8243;][vc_column_text]<span class=\"dropped\">2<\/span>[\/vc_column_text][\/vc_column_inner][vc_column_inner width=&#8221;5\/6&#8243;][vc_custom_heading separator=&#8221;yes&#8221; separator_color=&#8221;yes&#8221; uncode_shortcode_id=&#8221;690302&#8243;]<\/p>\n<h2>David guetta<\/h2>\n<p>Club: <a href=\"https:\/\/ticketsibiza.com\/nl\/clubs\/unvrs\/\">UNVRS<\/a> &amp;   <a href=\"https:\/\/ticketsibiza.com\/nl\/clubs\/ushuaia\/\">Ushua\u00efa<\/a><\/p>\n<p>Vorige rang: 2 (Geen verandering)[\/vc_custom_heading][vc_single_image media=&#8221;990495&#8243; media_width_percent=&#8221;100&#8243; uncode_shortcode_id=&#8221;152722&#8243;][vc_column_text uncode_shortcode_id=&#8221;146738&#8243;]Twee residencies. Twee uitverkochte shows elke week. Er zijn niet veel DJ&#8217;s die dat kunnen \u2014 maar David Guetta zit op een heel ander niveau.  <\/p>\n<p>Zijn iconische F*** Me I'm Famous! feest domineert nog steeds de maandagen bij Ushua\u00efa, terwijl Galactic Circus bij UNVRS hoofden doet draaien met waanzinnige visuals en futuristische vibes.<\/p>\n<p>Een echte Ibiza legende die doet waar hij het beste in is.[\/vc_column_text][\/vc_column_inner][\/vc_row_inner][vc_separator sep_color=&#8221;color-gyho&#8221;][vc_row_inner][vc_column_inner width=&#8221;1\/6&#8243;][vc_column_text]<span class=\"dropped\" style=\"background-color: #f3b70a !important;\">1<\/span>[\/vc_column_text][\/vc_column_inner][vc_column_inner width=&#8221;5\/6&#8243;][vc_custom_heading separator=&#8221;yes&#8221; separator_color=&#8221;yes&#8221; uncode_shortcode_id=&#8221;597210&#8243;]<\/p>\n<h2><a href=\"https:\/\/ticketsibiza.com\/nl\/clubs\/ushuaia\/\">Calvin Harris<\/a><\/h2>\n<p>Club:  <a href=\"https:\/\/ticketsibiza.com\/nl\/clubs\/ushuaia\/\">Ushua\u00efa<\/a><\/p>\n<p>2019 rang: n.v.t. (nieuwe entry)[\/vc_custom_heading][vc_single_image media=&#8221;990496&#8243; media_width_percent=&#8221;100&#8243; uncode_shortcode_id=&#8221;171266&#8243;][vc_column_text uncode_shortcode_id=&#8221;163543&#8243;]Nog steeds nummer \u00e9\u00e9n. Nog steeds de koning van Ibiza. <\/p>\n<p>Calvin Harris is terug en groter dan ooit, met dubbele shows bij Ushua\u00efa op zowel vrijdagen als dinsdagen deze zomer. De energie is onwerkelijk, de hits blijven komen, en elke avond is volledig uitverkocht. <\/p>\n<p>Als je maar \u00e9\u00e9n feest in Ibiza bezoekt 2026 \u2014 maak er dit van.[\/vc_column_text][\/vc_column_inner][\/vc_row_inner][vc_separator sep_color=&#8221;color-gyho&#8221;][vc_row_inner row_inner_height_percent=&#8221;0&#8243; back_color=&#8221;accent&#8221; overlay_alpha=&#8221;50&#8243; gutter_size=&#8221;3&#8243; shift_y=&#8221;0&#8243; z_index=&#8221;0&#8243;][vc_column_inner column_width_percent=&#8221;100&#8243; gutter_size=&#8221;3&#8243; override_padding=&#8221;yes&#8221; column_padding=&#8221;2&#8243; overlay_alpha=&#8221;50&#8243; shift_x=&#8221;0&#8243; shift_y=&#8221;0&#8243; shift_y_down=&#8221;0&#8243; z_index=&#8221;0&#8243; medium_width=&#8221;0&#8243; mobile_width=&#8221;0&#8243; width=&#8221;1\/1&#8243;][vc_column_text uncode_shortcode_id=&#8221;454234&#8243;]<span style=\"color: #ffffff;\">We streven ernaar je alle info te geven die je nodig hebt om je clubtickets voor Ibiza te kopen.<\/span><\/p>\n<p><span style=\"color: #ffffff;\"><em>Op zoek naar meer Ibiza content? Er is meer waar dit vandaan kwam: <\/em><\/span><\/p>\n<p><span style=\"color: #ffffff;\">\ud83d\udc49 <a style=\"color: #ffffff;\" href=\"https:\/\/ticketsibiza.com\/nl\/opening-feesten-ibiza\/\">Ibiza openingsfeesten<\/a><\/span><\/p>\n<p><span style=\"color: #ffffff;\">\ud83d\udc49 <a style=\"color: #ffffff;\" href=\"https:\/\/ticketsibiza.com\/nl\/ibiza-kalender\/\">Ibiza club kalender<\/a><\/span><\/p>\n<p><span style=\"color: #ffffff;\">\ud83d\udc49 <a style=\"color: #ffffff;\" href=\"https:\/\/ticketsibiza.com\/nl\/feesten\/\">Ibiza Feesten<\/a><\/span><\/p>\n<p><span style=\"color: #ffffff;\">\ud83d\udc49 <a style=\"color: #ffffff;\" href=\"https:\/\/ticketsibiza.com\/nl\/clubs\/\">Ibiza clubs<\/a><\/span>[\/vc_column_text][\/vc_column_inner][\/vc_row_inner][\/vc_column][vc_column column_width_percent=&#8221;100&#8243; align_horizontal=&#8221;align_center&#8221; gutter_size=&#8221;2&#8243; overlay_alpha=&#8221;50&#8243; shift_x=&#8221;0&#8243; shift_y=&#8221;0&#8243; shift_y_down=&#8221;0&#8243; z_index=&#8221;0&#8243; medium_width=&#8221;0&#8243; mobile_visibility=&#8221;yes&#8221; mobile_width=&#8221;0&#8243; sticky=&#8221;yes&#8221; width=&#8221;1\/4&#8243;][uncode_block id=&#8221;142897&#8243; inside_column=&#8221;yes&#8221;][\/vc_column][\/vc_row]<\/p>\n<\/div>","protected":false},"excerpt":{"rendered":"<p>[vc_row row_height_percent=&#8221;0&#8243; override_padding=&#8221;yes&#8221; h_padding=&#8221;2&#8243; top_padding=&#8221;2&#8243; bottom_padding=&#8221;0&#8243; back_image=&#8221;613491&#8243; overlay_alpha=&#8221;50&#8243; gutter_size=&#8221;3&#8243; column_width_percent=&#8221;100&#8243; shift_y=&#8221;0&#8243; z_index=&#8221;0&#8243; row_height_pixel=&#8221;50&#8243; uncode_shortcode_id=&#8221;169180&#8243; shape_dividers=&#8221;&#8221;][vc_column width=&#8221;1\/1&#8243;][vc_empty_space empty_h=&#8221;5&#8243;][vc_row_inner row_inner_height_percent=&#8221;0&#8243; force_width_grid=&#8221;yes&#8221; overlay_color=&#8221;color-149363&#8243; [&hellip;]<\/p>\n","protected":false},"author":1,"featured_media":524500,"parent":0,"menu_order":0,"comment_status":"closed","ping_status":"closed","template":"","meta":{"_acf_changed":false,"footnotes":""},"class_list":["post-990477","page","type-page","status-publish","has-post-thumbnail","hentry"],"acf":[],"_links":{"self":[{"href":"https:\/\/ticketsibiza.com\/nl\/wp-json\/wp\/v2\/pages\/990477","targetHints":{"allow":["GET"]}}],"collection":[{"href":"https:\/\/ticketsibiza.com\/nl\/wp-json\/wp\/v2\/pages"}],"about":[{"href":"https:\/\/ticketsibiza.com\/nl\/wp-json\/wp\/v2\/types\/page"}],"author":[{"embeddable":true,"href":"https:\/\/ticketsibiza.com\/nl\/wp-json\/wp\/v2\/users\/1"}],"replies":[{"embeddable":true,"href":"https:\/\/ticketsibiza.com\/nl\/wp-json\/wp\/v2\/comments?post=990477"}],"version-history":[{"count":29,"href":"https:\/\/ticketsibiza.com\/nl\/wp-json\/wp\/v2\/pages\/990477\/revisions"}],"predecessor-version":[{"id":1061451,"href":"https:\/\/ticketsibiza.com\/nl\/wp-json\/wp\/v2\/pages\/990477\/revisions\/1061451"}],"wp:featuredmedia":[{"embeddable":true,"href":"https:\/\/ticketsibiza.com\/nl\/wp-json\/wp\/v2\/media\/524500"}],"wp:attachment":[{"href":"https:\/\/ticketsibiza.com\/nl\/wp-json\/wp\/v2\/media?parent=990477"}],"curies":[{"name":"wp","href":"https:\/\/api.w.org\/{rel}","templated":true}]}}