{"id":996257,"date":"2023-05-19T11:14:30","date_gmt":"2023-05-19T10:14:30","guid":{"rendered":"https:\/\/ticketsibiza.com\/clubs\/club-chinois\/"},"modified":"2026-03-18T11:16:36","modified_gmt":"2026-03-18T11:16:36","slug":"club-chinois","status":"publish","type":"page","link":"https:\/\/ticketsibiza.com\/it\/clubs\/club-chinois\/","title":{"rendered":"Chinois Ibiza 2026 &#8211; biglietti, eventi e lineup"},"content":{"rendered":"<div class=\"wpb-content-wrapper\"><p>[vc_row row_height_percent=&#8221;0&#8243; override_padding=&#8221;yes&#8221; h_padding=&#8221;2&#8243; top_padding=&#8221;2&#8243; bottom_padding=&#8221;0&#8243; back_image=&#8221;539836&#8243; overlay_alpha=&#8221;50&#8243; gutter_size=&#8221;3&#8243; column_width_percent=&#8221;100&#8243; shift_y=&#8221;0&#8243; z_index=&#8221;0&#8243; row_height_pixel=&#8221;50&#8243; uncode_shortcode_id=&#8221;185675&#8243;][vc_column width=&#8221;1\/1&#8243;][vc_empty_space empty_h=&#8221;5&#8243;][vc_row_inner row_inner_height_percent=&#8221;0&#8243; force_width_grid=&#8221;yes&#8221; overlay_color=&#8221;color-149363&#8243; overlay_alpha=&#8221;70&#8243; gutter_size=&#8221;1&#8243; shift_y=&#8221;1&#8243; z_index=&#8221;3&#8243; css=&#8221;.vc_custom_1555871871917{margin-bottom: 0px !important;border-bottom-width: 0px !important;padding-top: 0px !important;padding-bottom: 0px !important;padding-left: 20px !important;}&#8221;][vc_column_inner column_width_percent=&#8221;100&#8243; gutter_size=&#8221;0&#8243; overlay_alpha=&#8221;50&#8243; shift_x=&#8221;0&#8243; shift_y=&#8221;0&#8243; shift_y_down=&#8221;0&#8243; z_index=&#8221;0&#8243; medium_width=&#8221;0&#8243; mobile_width=&#8221;0&#8243; width=&#8221;1\/1&#8243; css=&#8221;.vc_custom_1551002411961{padding-bottom: 0px !important;}&#8221;][vc_custom_heading text_color=&#8221;color-xsdn&#8221; heading_semantic=&#8221;h1&#8243; text_size=&#8221;h1&#8243; sub_reduced=&#8221;yes&#8221; uncode_shortcode_id=&#8221;175060&#8243; text_color_type=&#8221;uncode-palette&#8221;]Chinois[\/vc_custom_heading][vc_column_text text_lead=&#8221;yes&#8221; uncode_shortcode_id=&#8221;663465&#8243;]<strong><span style=\"color: white;\">Il club esclusivo pi\u00f9 nuovo di Ibiza<br \/>\n<\/span><\/strong>[\/vc_column_text][\/vc_column_inner][\/vc_row_inner][\/vc_column][\/vc_row][vc_row row_height_percent=&#8221;0&#8243; overlay_alpha=&#8221;50&#8243; gutter_size=&#8221;3&#8243; column_width_percent=&#8221;100&#8243; shift_y=&#8221;0&#8243; z_index=&#8221;0&#8243; css=&#8221;.vc_custom_1551018712642{margin-top: 0px !important;margin-bottom: 0px !important;}&#8221;][vc_column column_width_percent=&#8221;100&#8243; gutter_size=&#8221;3&#8243; overlay_alpha=&#8221;50&#8243; shift_x=&#8221;0&#8243; shift_y=&#8221;0&#8243; shift_y_down=&#8221;0&#8243; z_index=&#8221;0&#8243; medium_width=&#8221;0&#8243; mobile_width=&#8221;0&#8243; width=&#8221;3\/4&#8243;][uncode_block id=&#8221;525847&#8243;][vc_column_text uncode_shortcode_id=&#8221;123348&#8243;]<span style=\"font-weight: 400;\">Il Chinois \u00e8 il locale pi\u00f9 nuovo, glamour ed esclusivo di Ibiza. Situato a Talamanca (a due passi dalla Marina e da Ibiza Town), questo club da 1.000 posti sta gi\u00e0 facendo scalpore sull\u2019isola e si definisce \u201cla nuova odissea di Ibiza\u201d.<\/span><\/p>\n<p>Anche se ha aperto i battenti solo da poche stagioni, ha attirato l\u2019attenzione di molti clubber di Ibiza con le sue impressionanti lineup, gli interni mozzafiato e l\u2019atmosfera intima.[\/vc_column_text][vc_row_inner row_inner_height_percent=&#8221;0&#8243; back_color=&#8221;accent&#8221; overlay_alpha=&#8221;50&#8243; gutter_size=&#8221;3&#8243; shift_y=&#8221;0&#8243; z_index=&#8221;0&#8243; css=&#8221;.vc_custom_1579608219493{padding-bottom: 10px !important;}&#8221;][vc_column_inner column_width_percent=&#8221;100&#8243; gutter_size=&#8221;3&#8243; override_padding=&#8221;yes&#8221; column_padding=&#8221;2&#8243; overlay_alpha=&#8221;50&#8243; shift_x=&#8221;0&#8243; shift_y=&#8221;0&#8243; shift_y_down=&#8221;0&#8243; z_index=&#8221;0&#8243; medium_width=&#8221;0&#8243; mobile_width=&#8221;0&#8243; width=&#8221;1\/1&#8243;][vc_column_text uncode_shortcode_id=&#8221;195091&#8243;]<span style=\"text-decoration: underline; color: #ffffff;\">In questa pagina:<\/span><\/p>\n<p><span style=\"color: #ffffff;\"><a style=\"color: #ffffff;\" href=\"#info\">Informazioni e storia del club<\/a><\/span><br \/>\n<span style=\"color: #ffffff;\"><a style=\"color: #ffffff;\" href=\"#2026\">Chinois Ibiza 2026<\/a><\/span><br \/>\n<span style=\"color: #ffffff;\"><a style=\"color: #ffffff;\" href=\"#faqs\">Domande frequenti<\/a><\/span><br \/>\n<span style=\"color: #ffffff;\"><a style=\"color: #ffffff;\" href=\"#listings\">Lineup<\/a><\/span><br \/>\n<span style=\"color: #ffffff;\"><a style=\"color: #ffffff;\" href=\"#accommodation\">Alloggi<\/a><\/span>[\/vc_column_text][\/vc_column_inner][\/vc_row_inner][vc_custom_heading separator_color=&#8221;yes&#8221; separator=&#8221;yes&#8221;]<\/p>\n<h2 id=\"info\" class=\"p1\">Informazioni sul club<\/h2>\n<p>[\/vc_custom_heading][vc_column_text uncode_shortcode_id=&#8221;113885&#8243;]Il Chinois ha aperto nel 2022, dopo la ristrutturazione del precedente locale che sorgeva nello stesso punto, l\u2019HEART Ibiza. Si trova accanto alla terrazza all\u2019aperto dell\u2019Ibiza Gran Hotel e del Casino de Ibiza.<\/p>\n<p>Island Hospitality \u00e8 la proprietaria del Chinois. \u00c8 lo stesso team che gestisce diversi ristoranti e locali di lusso a Londra e Ibiza.<\/p>\n<p>Il Chinois prende il nome dal Park Chinois, il ristorante asiatico di alto livello del gruppo a Mayfair, Londra. I tocchi di lusso sono evidenti ovunque all\u2019interno del club, dalle finiture all\u2019area bar, fino all\u2019impressionante sistema di illuminazione. Gli interni sono un richiamo ai decadenti jazz club della Shanghai degli anni \u201930 e ogni dettaglio del locale risplende di classe.<\/p>\n<p>In effetti, questa \u00e8 esattamente l\u2019atmosfera che i proprietari del club vogliono preservare. Vale la pena notare che il dress code \u00e8 pi\u00f9 rigido rispetto ad altri club dell\u2019isola. Gli uomini dovrebbero indossare pantaloni lunghi, non pantaloncini, per rispettare la politica \u201cclassy casual\u201d del locale.[\/vc_column_text][vc_row_inner row_inner_height_percent=&#8221;0&#8243; back_color=&#8221;color-vyce&#8221; overlay_alpha=&#8221;50&#8243; gutter_size=&#8221;3&#8243; shift_y=&#8221;0&#8243; z_index=&#8221;0&#8243;][vc_column_inner column_width_percent=&#8221;100&#8243; gutter_size=&#8221;3&#8243; override_padding=&#8221;yes&#8221; column_padding=&#8221;2&#8243; overlay_alpha=&#8221;50&#8243; radius=&#8221;sm&#8221; shadow=&#8221;sm&#8221; shift_x=&#8221;0&#8243; shift_y=&#8221;0&#8243; shift_y_down=&#8221;0&#8243; z_index=&#8221;0&#8243; medium_width=&#8221;0&#8243; mobile_width=&#8221;0&#8243; width=&#8221;1\/1&#8243;][vc_icon position=&#8221;right&#8221; display=&#8221;inline&#8221; icon=&#8221;fa fa-quote&#8221; icon_color=&#8221;color-xsdn&#8221; size=&#8221;fa-3x&#8221;][\/vc_icon][vc_column_text uncode_shortcode_id=&#8221;495841&#8243;]<strong><span style=\"color: #ffffff;\">Se vuoi andare al Pacha, all\u2019H\u00ef Ibiza o all\u2019Amnesia, servono quattromila o cinquemila persone per creare atmosfera. Qui ne bastano mille, il che significa che possiamo essere pi\u00f9 creativi e sperimentali. Qui possiamo fare cose dal vivo che non funzionerebbero mai in locali pi\u00f9 grandi; potremmo persino essere pi\u00f9 un club jazz e soul se volessimo, mentre loro non oserebbero mai fare cose del genere.<\/span><\/strong><\/p>\n<p><span style=\"color: #ffffff;\">Danny Whittle, Brand Director, Chinois<\/span>[\/vc_column_text][\/vc_column_inner][\/vc_row_inner][vc_column_text uncode_shortcode_id=&#8221;402598&#8243;]Il locale ospita in totale 1.000 persone, il che lo rende uno dei dancefloor pi\u00f9 piccoli e intimi dell\u2019isola. Il club dispone di un\u2019unica sala, dotata di un impianto audio impeccabile e di una proiezione video a 360 gradi per valorizzare la produzione.<\/p>\n<p>Nel 2022, Island Hospitality ha annunciato Danny Whittle come brand director del gruppo. Porta con s\u00e9 una vasta esperienza, avendo precedentemente diretto la programmazione musicale del Pacha, situato poco distante.[\/vc_column_text][vc_single_image media=&#8221;996270&#8243; media_width_percent=&#8221;80&#8243; alignment=&#8221;center&#8221; border=&#8221;yes&#8221; shadow=&#8221;yes&#8221; shadow_darker=&#8221;yes&#8221; uncode_shortcode_id=&#8221;489809&#8243;][vc_tabs][vc_tab title=&#8221;Cosa aspettarsi&#8221; tab_id=&#8221;1560767237-1-913f4e-c6611684489541699&#8243;][vc_column_text uncode_shortcode_id=&#8221;165720&#8243;]<\/p>\n<blockquote>\n<h3>Un\u2019esperienza di clubbing decadente, esclusiva, intima e fresca<\/h3>\n<p>&nbsp;<\/p><\/blockquote>\n<p>[\/vc_column_text][\/vc_tab][vc_tab title=&#8221;I nostri consigli&#8221; tab_id=&#8221;1560767237-2-03f4e-c6611684489541699&#8243;][vc_column_text uncode_shortcode_id=&#8221;184088&#8243;]<\/p>\n<blockquote><p><span style=\"font-weight: 400;\">La nostra scelta migliore per la stagione \u00e8 Trip. I migliori DJ underground ogni mercoled\u00ec, da aprile a novembre!<\/span><\/p><\/blockquote>\n<p>[\/vc_column_text][\/vc_tab][\/vc_tabs][vc_raw_html]PGlmcmFtZSB3aWR0aD0iNTYwIiBoZWlnaHQ9IjMxNSIgc3JjPSJodHRwczovL3d3dy55b3V0dWJlLmNvbS9lbWJlZC90TVNTbXlEV2dOMCIgdGl0bGU9IkxldHRvcmUgdmlkZW8gZGkgWW91VHViZSIgZnJhbWVib3JkZXI9IjAiIGFsbG93PSJhY2NlbGVyb21ldGVyOyBhdXRvcGxheTsgY2xpcGJvYXJkLXdyaXRlOyBlbmNyeXB0ZWQtbWVkaWE7IGd5cm9zY29wZTsgcGljdHVyZS1pbi1waWN0dXJlOyB3ZWItc2hhcmUiIGFsbG93ZnVsbHNjcmVlbj0iIj48L2lmcmFtZT4=[\/vc_raw_html][vc_row_inner row_inner_height_percent=&#8221;0&#8243; overlay_alpha=&#8221;50&#8243; gutter_size=&#8221;3&#8243; shift_y=&#8221;0&#8243; z_index=&#8221;0&#8243; css=&#8221;.vc_custom_1579610210262{margin-top: 18px !important;margin-bottom: 18px !important;border-bottom-width: 5px !important;padding-top: 5px !important;}&#8221;][vc_column_inner column_width_percent=&#8221;100&#8243; gutter_size=&#8221;3&#8243; override_padding=&#8221;yes&#8221; column_padding=&#8221;2&#8243; overlay_alpha=&#8221;50&#8243; shift_x=&#8221;0&#8243; shift_y=&#8221;0&#8243; shift_y_down=&#8221;0&#8243; z_index=&#8221;0&#8243; medium_width=&#8221;0&#8243; mobile_width=&#8221;0&#8243; width=&#8221;1\/1&#8243; css=&#8221;.vc_custom_1645808094380{padding-top: 5px !important;padding-right: 12px !important;padding-bottom: 5px !important;padding-left: 12px !important;}&#8221; uncode_shortcode_id=&#8221;944691&#8243;][vc_custom_heading separator_color=&#8221;yes&#8221; separator=&#8221;yes&#8221; uncode_shortcode_id=&#8221;203323&#8243; el_id=&#8221;2026&#8243;]<\/p>\n<h2 class=\"p1\">Chinois Ibiza 2026<\/h2>\n<p>[\/vc_custom_heading][vc_column_text uncode_shortcode_id=&#8221;131967&#8243;]C\u2019\u00e8 sempre grande entusiasmo per le line-up del Chinois, che generalmente soddisfano una vasta gamma di serate e gusti musicali.<\/p>\n<p>Nel 2026, la leggendaria <a href=\"https:\/\/ticketsibiza.com\/it\/feste\/defected-ibiza\/\">Defected Records<\/a> si trasferir\u00e0 al Chinois per la prima volta, occupando lo slot del gioved\u00ec.<\/p>\n<p>The Masquerade torna il sabato sera, mentre SAGA di Bedouin torner\u00e0 ancora una volta la domenica.<\/p>\n<p>Continua a seguirci per altri annunci sul 2026![\/vc_column_text][vc_custom_heading heading_semantic=&#8221;h5&#8243; text_size=&#8221;h5&#8243; uncode_shortcode_id=&#8221;761071&#8243;]Riepilogo 2025[\/vc_custom_heading][vc_column_text uncode_shortcode_id=&#8221;369322&#8243;]Nel 2025, il sabato <strong>The Masquerade<\/strong> di Claptone si \u00e8 trasferito al Chinois per la prima volta.<\/p>\n<p><strong>SAGA di Bedouin<\/strong> ha preso il posto della domenica.<\/p>\n<p><strong>TRIP<\/strong> \u00e8 tornato in varie date durante tutta la stagione.<\/p>\n<p>Novit\u00e0 assoluta del 2025, <strong>Honey Dijon<\/strong> ha preso il controllo dei gioved\u00ec, mentre <strong>Francis Mercier<\/strong> ha presentato Sol\u00e8y il venerd\u00ec.[\/vc_column_text][\/vc_column_inner][\/vc_row_inner][vc_row_inner row_inner_height_percent=&#8221;0&#8243; overlay_alpha=&#8221;50&#8243; gutter_size=&#8221;3&#8243; shift_y=&#8221;0&#8243; z_index=&#8221;0&#8243; css=&#8221;.vc_custom_1579610210262{margin-top: 18px !important;margin-bottom: 18px !important;border-bottom-width: 5px !important;padding-top: 5px !important;}&#8221;][vc_column_inner column_width_percent=&#8221;100&#8243; gutter_size=&#8221;3&#8243; override_padding=&#8221;yes&#8221; column_padding=&#8221;2&#8243; overlay_alpha=&#8221;50&#8243; shift_x=&#8221;0&#8243; shift_y=&#8221;0&#8243; shift_y_down=&#8221;0&#8243; z_index=&#8221;0&#8243; medium_width=&#8221;0&#8243; mobile_width=&#8221;0&#8243; width=&#8221;1\/2&#8243; css=&#8221;.vc_custom_1579610582782{padding-top: 5px !important;padding-right: 12px !important;padding-bottom: 5px !important;padding-left: 12px !important;}&#8221;][vc_custom_heading heading_semantic=&#8221;h4&#8243; text_size=&#8221;h4&#8243; text_transform=&#8221;uppercase&#8221; separator=&#8221;yes&#8221; uncode_shortcode_id=&#8221;514017&#8243;]<\/p>\n<h4 style=\"text-align: center;\">Feste 2026<\/h4>\n<p>[\/vc_custom_heading][vc_raw_html]PHRhYmxlIGNsYXNzPSJ0aS1wcmltYXJ5IHRpLWNvbXAtdGFibGUiPgo8dHI+Cjx0ZD4KTHVuZWTDrAo8L3RkPgo8dGQ+ClRCQQo8L3RkPgo8L3RyPgo8dHI+Cjx0ZD4KTWFydGVkw6wKPC90ZD4KPHRkPgpUQkE8L3RkPgo8L3RyPgo8dHI+Cjx0ZD4KTWVyY29sZWTDrAo8L3RkPgo8dGQ+ClRCQTwvdGQ+CjwvdHI+Cjx0cj4KPHRkPgpHaW92ZWTDrAo8L3RkPgo8dGQ+CmRlZmVjdGVkPC90ZD4KPC90cj4KPHRyPgo8dGQ+ClZlbmVyZMOsCjwvdGQ+Cjx0ZD4KRGEgZGVmaW5pcmU8L3RkPgo8L3RyPgo8dHI+Cjx0ZD4KU2FiYXRvCjwvdGQ+Cjx0ZD4KQ2xhcHRvbmUgVGhlIE1hc3F1ZXJhZGU8L3RkPgo8L3RyPgo8dHI+Cjx0ZD4KRG9tZW5pY2EKPC90ZD4KPHRkPgpiZWRvdWluPC90ZD4KPC90cj4KPC90YWJsZT4=[\/vc_raw_html][\/vc_column_inner][vc_column_inner column_width_percent=&#8221;100&#8243; gutter_size=&#8221;3&#8243; override_padding=&#8221;yes&#8221; column_padding=&#8221;2&#8243; overlay_alpha=&#8221;50&#8243; shift_x=&#8221;0&#8243; shift_y=&#8221;0&#8243; shift_y_down=&#8221;0&#8243; z_index=&#8221;0&#8243; medium_width=&#8221;0&#8243; mobile_width=&#8221;0&#8243; width=&#8221;1\/2&#8243; css=&#8221;.vc_custom_1579610590767{padding-top: 5px !important;padding-right: 12px !important;padding-bottom: 5px !important;padding-left: 12px !important;}&#8221;][vc_custom_heading heading_semantic=&#8221;h4&#8243; text_size=&#8221;h4&#8243; text_transform=&#8221;uppercase&#8221; separator=&#8221;yes&#8221; uncode_shortcode_id=&#8221;180092&#8243;]<\/p>\n<h4 style=\"text-align: center;\">Feste del 2025<\/h4>\n<p>[\/vc_custom_heading][vc_raw_html]PHRhYmxlIGNsYXNzPSJ0aS1wcmltYXJ5IHRpLWNvbXAtdGFibGUiPgo8dHI+Cjx0ZD4KTHVuZWTDrAo8L3RkPgo8dGQ+ClRCQQo8L3RkPgo8L3RyPgo8dHI+Cjx0ZD4KTWFydGVkw6wKPC90ZD4KPHRkPgpUQkE8L3RkPgo8L3RyPgo8dHI+Cjx0ZD4KTWVyY29sZWTDrAo8L3RkPgo8dGQ+ClRCQTwvdGQ+CjwvdHI+Cjx0cj4KPHRkPgpHaW92ZWTDrAo8L3RkPgo8dGQ+CmRlZmVjdGVkPC90ZD4KPC90cj4KPHRyPgo8dGQ+ClZlbmVyZMOsCjwvdGQ+Cjx0ZD4KRGEgZGVmaW5pcmU8L3RkPgo8L3RyPgo8dHI+Cjx0ZD4KU2FiYXRvCjwvdGQ+Cjx0ZD4KQ2xhcHRvbmUgVGhlIE1hc3F1ZXJhZGU8L3RkPgo8L3RyPgo8dHI+Cjx0ZD4KRG9tZW5pY2EKPC90ZD4KPHRkPgpiZWRvdWluPC90ZD4KPC90cj4KPC90YWJsZT4=[\/vc_raw_html][\/vc_column_inner][\/vc_row_inner][vc_custom_heading text_size=&#8221;h3&#8243; separator=&#8221;over&#8221; sub_reduced=&#8221;yes&#8221; uncode_shortcode_id=&#8221;175843&#8243;]Feste popolari del Chinois[\/vc_custom_heading][uncode_index el_id=&#8221;index-187984&#8243; index_type=&#8221;carousel&#8221; loop=&#8221;size:10|order_by:date|post_type:page|tax_query:1770|taxonomy_count:10&#8243; carousel_lg=&#8221;4&#8243; carousel_md=&#8221;3&#8243; carousel_sm=&#8221;2&#8243; thumb_size=&#8221;three-two&#8221; gutter_size=&#8221;3&#8243; page_items=&#8221;media|featured|onpost|original&#8221; carousel_interval=&#8221;3000&#8243; carousel_navspeed=&#8221;400&#8243; carousel_loop=&#8221;yes&#8221; stage_padding=&#8221;0&#8243; single_text=&#8221;overlay&#8221; single_overlay_opacity=&#8221;50&#8243; single_h_align=&#8221;center&#8221; single_padding=&#8221;2&#8243; title=&#8221;Parties for Club Carousel&#8221; uncode_shortcode_id=&#8221;765113&#8243;][vc_custom_heading separator_color=&#8221;yes&#8221; separator=&#8221;yes&#8221;]<\/p>\n<h2 id=\"faqs\" class=\"p1\">Domande frequenti<\/h2>\n<p>[\/vc_custom_heading][vc_accordion][vc_accordion_tab gutter_size=&#8221;2&#8243; column_padding=&#8221;2&#8243; title=&#8221;Come arrivo al Chinois?&#8221; tab_id=&#8221;1560767237-1-243f4e-c6611684489541699&#8243;][vc_column_text uncode_shortcode_id=&#8221;602010&#8243;]Il Chinois si trova nel cuore di Talamanca, appena a nord di Ibiza Town. Pagherai circa 35 \u20ac per un taxi da San Antonio o 15 \u20ac da Playa d\u2019en Bossa.[\/vc_column_text][\/vc_accordion_tab][vc_accordion_tab gutter_size=&#8221;2&#8243; column_padding=&#8221;2&#8243; title=&#8221;Quando apre il Chinois?&#8221; tab_id=&#8221;1560767237-2-713f4e-c6611684489541699&#8243;][vc_column_text uncode_shortcode_id=&#8221;199928&#8243;]Le feste del Chinois iniziano alle 23:45 quasi tutti i giorni.[\/vc_column_text][\/vc_accordion_tab][vc_accordion_tab gutter_size=&#8221;2&#8243; column_padding=&#8221;2&#8243; title=&#8221;Quando chiude il Chinois?&#8221; tab_id=&#8221;1560767237-2-713f4e-c6611684489541699&#8243;][vc_column_text uncode_shortcode_id=&#8221;182835&#8243;]La maggior parte delle feste al Chinois chiude alle 6:30.[\/vc_column_text][\/vc_accordion_tab][vc_accordion_tab gutter_size=&#8221;2&#8243; column_padding=&#8221;2&#8243; title=&#8221;Quanto costa entrare al Chinois?&#8221; tab_id=&#8221;1560768560770-2-33f4e-c6611684489541699&#8243;][vc_column_text uncode_shortcode_id=&#8221;191266&#8243;]I prezzi dei biglietti per il Chinois variano da 25 \u20ac a 35 \u20ac.[\/vc_column_text][\/vc_accordion_tab][vc_accordion_tab gutter_size=&#8221;2&#8243; column_padding=&#8221;2&#8243; title=&#8221;Quali sono i prezzi delle bevande al Chinois?&#8221; tab_id=&#8221;1560768568468-3-43f4e-c6611684489541699&#8243;][vc_column_text uncode_shortcode_id=&#8221;564029&#8243;]Aspettati di pagare 10 \u20ac per una bibita e 20 \u20ac per un superalcolico + mixer al Chinois.[\/vc_column_text][\/vc_accordion_tab][vc_accordion_tab gutter_size=&#8221;2&#8243; column_padding=&#8221;2&#8243; title=&#8221;Qual \u00e8 la capienza del Chinois?&#8221; tab_id=&#8221;1560768585183-4-83f4e-c6611684489541699&#8243;][vc_column_text uncode_shortcode_id=&#8221;202021&#8243;]Il Chinois pu\u00f2 ospitare fino a 1.000 persone.[\/vc_column_text][\/vc_accordion_tab][vc_accordion_tab gutter_size=&#8221;2&#8243; column_padding=&#8221;2&#8243; title=&#8221;Qual \u00e8 il codice di abbigliamento del Chinois?&#8221; tab_id=&#8221;1560768597322-5-103f4e-c6611684489541699&#8243;][vc_column_text uncode_shortcode_id=&#8221;205507&#8243;]Il Chinois ha un dress code \u201cclassy casual\u201d. Gli uomini non dovrebbero indossare pantaloncini. Non sono ammessi abbigliamento sportivo e scarpe aperte.[\/vc_column_text][\/vc_accordion_tab][\/vc_accordion][\/vc_column][vc_column column_width_percent=&#8221;100&#8243; align_horizontal=&#8221;align_center&#8221; gutter_size=&#8221;2&#8243; overlay_alpha=&#8221;50&#8243; shift_x=&#8221;0&#8243; shift_y=&#8221;0&#8243; shift_y_down=&#8221;0&#8243; z_index=&#8221;0&#8243; medium_visibility=&#8221;yes&#8221; medium_width=&#8221;0&#8243; mobile_visibility=&#8221;yes&#8221; mobile_width=&#8221;0&#8243; width=&#8221;1\/4&#8243; uncode_shortcode_id=&#8221;165375&#8243;][vc_button button_color=&#8221;color-jevc&#8221; size=&#8221;btn-lg&#8221; border_animation=&#8221;btn-ripple-out&#8221; wide=&#8221;yes&#8221; border_width=&#8221;0&#8243; link=&#8221;url:%23listings|&#8221; button_color_type=&#8221;uncode-palette&#8221; uncode_shortcode_id=&#8221;145390&#8243;]Acquista biglietti[\/vc_button][vc_separator sep_color=&#8221;accent&#8221;][vc_single_image media=&#8221;996277&#8243; media_width_percent=&#8221;75&#8243; alignment=&#8221;center&#8221; shape=&#8221;img-circle&#8221; border=&#8221;yes&#8221; shadow=&#8221;yes&#8221; shadow_weight=&#8221;sm&#8221; shadow_darker=&#8221;yes&#8221; uncode_shortcode_id=&#8221;110062&#8243;][vc_separator sep_color=&#8221;accent&#8221;][vc_gmaps latlon=&#8221;38.9166176, 1.4418052&#8243; size=&#8221;280&#8243; map_color=&#8221;color-wvjs&#8221; ui_color=&#8221;accent&#8221; zoom=&#8221;10&#8243; map_saturation=&#8221;-100&#8243; map_brightness=&#8221;5&#8243; address=&#8221;Passeig Joan Carles I, 17, 07800, Ibiza&#8221; uncode_shortcode_id=&#8221;222205&#8243; map_color_type=&#8221;uncode-palette&#8221; ui_color_type=&#8221;uncode-palette&#8221;][vc_separator sep_color=&#8221;accent&#8221;][uncode_block id=&#8221;146863&#8243; inside_column=&#8221;yes&#8221;][\/vc_column][\/vc_row][vc_section back_color=&#8221;color-lxmt&#8221; overlay_alpha=&#8221;50&#8243;][vc_row][vc_column width=&#8221;3\/4&#8243;][vc_gallery el_id=&#8221;gallery-160005&#8243; type=&#8221;justified&#8221; random=&#8221;yes&#8221; medias=&#8221;996274,996273,996272,996271,996270,996276&#8243; justify_row_height=&#8221;150&#8243; gutter_size=&#8221;0&#8243; single_overlay_opacity=&#8221;50&#8243; single_padding=&#8221;2&#8243; title=&#8221;Galleria fotografica&#8221; uncode_shortcode_id=&#8221;543561&#8243;][\/vc_column][vc_column width=&#8221;1\/4&#8243;][\/vc_column][\/vc_row][\/vc_section][vc_section back_color=&#8221;color-prif&#8221; overlay_alpha=&#8221;50&#8243;][vc_row row_height_percent=&#8221;0&#8243; overlay_alpha=&#8221;50&#8243; gutter_size=&#8221;3&#8243; column_width_percent=&#8221;100&#8243; shift_y=&#8221;0&#8243; z_index=&#8221;0&#8243; row_name=&#8221;listings&#8221;][vc_column column_width_percent=&#8221;100&#8243; position_vertical=&#8221;middle&#8221; align_horizontal=&#8221;align_center&#8221; gutter_size=&#8221;2&#8243; overlay_alpha=&#8221;50&#8243; shift_x=&#8221;0&#8243; shift_y=&#8221;0&#8243; shift_y_down=&#8221;0&#8243; z_index=&#8221;0&#8243; medium_width=&#8221;0&#8243; mobile_width=&#8221;0&#8243; width=&#8221;1\/1&#8243;][vc_custom_heading text_color=&#8221;color-xsdn&#8221; text_size=&#8221;h3&#8243; separator_color=&#8221;yes&#8221; separator=&#8221;yes&#8221; sub_reduced=&#8221;yes&#8221;]<\/p>\n<h2 style=\"text-align: center;\"><span style=\"color: #ffffff;\">Eventi<\/span><\/h2>\n<p>[\/vc_custom_heading]\t\t<div class=\"wcs-timetable__wrapper\">\n\t\t\t<div class=\"wcs-vue\" id=\"wcs-app-139\"><\/div>\n\t\t<\/div>\n\t\t[\/vc_column][\/vc_row][vc_row unlock_row_content=&#8221;yes&#8221; row_height_percent=&#8221;0&#8243; override_padding=&#8221;yes&#8221; h_padding=&#8221;0&#8243; top_padding=&#8221;0&#8243; bottom_padding=&#8221;0&#8243; overlay_alpha=&#8221;50&#8243; gutter_size=&#8221;3&#8243; column_width_percent=&#8221;100&#8243; shift_y=&#8221;0&#8243; z_index=&#8221;0&#8243; row_name=&#8221;accommodation&#8221;][vc_column column_width_percent=&#8221;100&#8243; gutter_size=&#8221;3&#8243; override_padding=&#8221;yes&#8221; column_padding=&#8221;0&#8243; overlay_alpha=&#8221;50&#8243; shift_x=&#8221;0&#8243; shift_y=&#8221;0&#8243; shift_y_down=&#8221;0&#8243; z_index=&#8221;0&#8243; medium_width=&#8221;0&#8243; mobile_width=&#8221;0&#8243; width=&#8221;1\/1&#8243;][vc_raw_html]PGlmcmFtZSBpZD0ic3RheTIyLXdpZGdldCIgd2lkdGg9IjEwMCUiIGhlaWdodD0iNDI4IiBzcmM9Imh0dHBzOi8vd3d3LnN0YXkyMi5jb20vZW1iZWQvNjQ2NzRlNDE0OWQ5OTUwMDNjN2Y2ODNjIiBmcmFtZWJvcmRlcj0iMCI+PC9pZnJhbWU+[\/vc_raw_html][\/vc_column][\/vc_row][\/vc_section]<\/p>\n<\/div>","protected":false},"excerpt":{"rendered":"<p>[vc_row row_height_percent=&#8221;0&#8243; override_padding=&#8221;yes&#8221; h_padding=&#8221;2&#8243; top_padding=&#8221;2&#8243; bottom_padding=&#8221;0&#8243; back_image=&#8221;539836&#8243; overlay_alpha=&#8221;50&#8243; gutter_size=&#8221;3&#8243; column_width_percent=&#8221;100&#8243; shift_y=&#8221;0&#8243; z_index=&#8221;0&#8243; row_height_pixel=&#8221;50&#8243; uncode_shortcode_id=&#8221;185675&#8243;][vc_column width=&#8221;1\/1&#8243;][vc_empty_space empty_h=&#8221;5&#8243;][vc_row_inner row_inner_height_percent=&#8221;0&#8243; force_width_grid=&#8221;yes&#8221; overlay_color=&#8221;color-149363&#8243; overlay_alpha=&#8221;70&#8243; [&hellip;]<\/p>\n","protected":false},"author":1,"featured_media":996277,"parent":989650,"menu_order":0,"comment_status":"closed","ping_status":"closed","template":"","meta":{"_acf_changed":false,"footnotes":""},"class_list":["post-996257","page","type-page","status-publish","has-post-thumbnail","hentry","page_category-club","page_category-club-chinois"],"acf":[],"_links":{"self":[{"href":"https:\/\/ticketsibiza.com\/it\/wp-json\/wp\/v2\/pages\/996257","targetHints":{"allow":["GET"]}}],"collection":[{"href":"https:\/\/ticketsibiza.com\/it\/wp-json\/wp\/v2\/pages"}],"about":[{"href":"https:\/\/ticketsibiza.com\/it\/wp-json\/wp\/v2\/types\/page"}],"author":[{"embeddable":true,"href":"https:\/\/ticketsibiza.com\/it\/wp-json\/wp\/v2\/users\/1"}],"replies":[{"embeddable":true,"href":"https:\/\/ticketsibiza.com\/it\/wp-json\/wp\/v2\/comments?post=996257"}],"version-history":[{"count":39,"href":"https:\/\/ticketsibiza.com\/it\/wp-json\/wp\/v2\/pages\/996257\/revisions"}],"predecessor-version":[{"id":1127460,"href":"https:\/\/ticketsibiza.com\/it\/wp-json\/wp\/v2\/pages\/996257\/revisions\/1127460"}],"up":[{"embeddable":true,"href":"https:\/\/ticketsibiza.com\/it\/wp-json\/wp\/v2\/pages\/989650"}],"wp:featuredmedia":[{"embeddable":true,"href":"https:\/\/ticketsibiza.com\/it\/wp-json\/wp\/v2\/media\/996277"}],"wp:attachment":[{"href":"https:\/\/ticketsibiza.com\/it\/wp-json\/wp\/v2\/media?parent=996257"}],"curies":[{"name":"wp","href":"https:\/\/api.w.org\/{rel}","templated":true}]}}