{"id":994800,"date":"2024-04-25T14:30:05","date_gmt":"2024-04-25T13:30:05","guid":{"rendered":"https:\/\/ticketsibiza.com\/parties\/solid-grooves\/"},"modified":"2026-03-18T11:49:50","modified_gmt":"2026-03-18T11:49:50","slug":"solid-grooves","status":"publish","type":"page","link":"https:\/\/ticketsibiza.com\/it\/feste\/solid-grooves\/","title":{"rendered":"Solid Grooves Ibiza 2026 &#8211; Biglietti, Eventi e Lineup"},"content":{"rendered":"<div class=\"wpb-content-wrapper\"><p>[vc_row row_height_percent=&#8221;0&#8243; override_padding=&#8221;yes&#8221; h_padding=&#8221;2&#8243; top_padding=&#8221;2&#8243; bottom_padding=&#8221;0&#8243; back_image=&#8221;577854&#8243; overlay_alpha=&#8221;50&#8243; gutter_size=&#8221;3&#8243; column_width_percent=&#8221;100&#8243; shift_y=&#8221;0&#8243; z_index=&#8221;0&#8243; row_height_pixel=&#8221;50&#8243; uncode_shortcode_id=&#8221;149764&#8243;][vc_column width=&#8221;1\/1&#8243;][vc_empty_space empty_h=&#8221;5&#8243;][vc_row_inner row_inner_height_percent=&#8221;0&#8243; force_width_grid=&#8221;yes&#8221; overlay_color=&#8221;color-149363&#8243; overlay_alpha=&#8221;70&#8243; gutter_size=&#8221;1&#8243; shift_y=&#8221;1&#8243; z_index=&#8221;3&#8243; css=&#8221;.vc_custom_1555709200827{margin-bottom: 0px !important;border-bottom-width: 0px !important;padding-top: 0px !important;padding-bottom: 0px !important;padding-left: 20px !important;}&#8221;][vc_column_inner column_width_percent=&#8221;100&#8243; gutter_size=&#8221;0&#8243; overlay_alpha=&#8221;50&#8243; shift_x=&#8221;0&#8243; shift_y=&#8221;0&#8243; shift_y_down=&#8221;0&#8243; z_index=&#8221;0&#8243; medium_width=&#8221;0&#8243; mobile_width=&#8221;0&#8243; width=&#8221;1\/1&#8243; css=&#8221;.vc_custom_1551002411961{padding-bottom: 0px !important;}&#8221;][vc_custom_heading text_color=&#8221;color-xsdn&#8221; heading_semantic=&#8221;h1&#8243; text_size=&#8221;h1&#8243; sub_reduced=&#8221;yes&#8221; uncode_shortcode_id=&#8221;254882&#8243; text_color_type=&#8221;uncode-palette&#8221;]Solid grooves[\/vc_custom_heading][vc_column_text text_lead=&#8221;yes&#8221;]<strong><span style=\"color: white;\">DC10<\/span><\/strong>[\/vc_column_text][\/vc_column_inner][\/vc_row_inner][\/vc_column][\/vc_row][vc_row row_height_percent=&#8221;0&#8243; overlay_alpha=&#8221;50&#8243; gutter_size=&#8221;3&#8243; column_width_percent=&#8221;100&#8243; shift_y=&#8221;0&#8243; z_index=&#8221;0&#8243; css=&#8221;.vc_custom_1551018712642{margin-top: 0px !important;margin-bottom: 0px !important;}&#8221;][vc_column column_width_percent=&#8221;100&#8243; gutter_size=&#8221;3&#8243; overlay_alpha=&#8221;50&#8243; shift_x=&#8221;0&#8243; shift_y=&#8221;0&#8243; shift_y_down=&#8221;0&#8243; z_index=&#8221;0&#8243; medium_width=&#8221;0&#8243; mobile_width=&#8221;0&#8243; width=&#8221;3\/4&#8243;][uncode_block id=&#8221;525847&#8243;][vc_column_text uncode_shortcode_id=&#8221;300555&#8243;]<\/p>\n<blockquote>\n<h3>\u201cPreparati a scatenarti con la festa inarrestabile di Michael Bibi\u201d<\/h3>\n<\/blockquote>\n<p>[\/vc_column_text][vc_column_text uncode_shortcode_id=&#8221;108255&#8243;]<strong>Solid Grooves<\/strong> si \u00e8 ormai affermata come una delle feste underground essenziali di Ibiza. Quella che era nata come un\u2019etichetta techno e tech-house londinese guidata da <strong>Michael Bibi<\/strong> \u00e8 diventata una delle residenze settimanali pi\u00f9 richieste dell\u2019isola, con una reputazione che mantiene la pista piena dalla prima all\u2019ultima traccia. <\/p>\n<p>Dopo le prime uscite a Ibiza al Privilege, Solid Grooves ha trovato la sua casa spirituale al <strong>DC10<\/strong>, un club costruito apposta per questo genere di musica. L\u2019ambiente grezzo e senza fronzoli \u00e8 l\u2019abbinamento perfetto per l\u2019etica essenziale della festa, dove la pista viene prima di tutto. Ogni gioved\u00ec, il <strong>Solid Grooves Motel<\/strong> apre i battenti con una delle migliori programmazioni tech-house dell\u2019isola.  <\/p>\n<p>Per il 2026, Solid Grooves torna con <strong>18 date<\/strong> ogni gioved\u00ec, dal <strong>4 giugno<\/strong> fino al closing party di <strong>gioved\u00ec 1 ottobre<\/strong>. Bibi rimane la costante, affiancato ogni settimana da una rotazione di ospiti in linea con il sound di Solid Grooves: artisti che sanno che il DC10 premia i DJ che suonano per la sala, non per la scaletta. <\/p>\n<p>Le stagioni passate hanno visto passare artisti del calibro di Loco Dice, Dennis Cruz, Pawsa, Archie Hamilton, East End Dubs e molti altri, e il 2026 non dovrebbe fare eccezione. Se la house e la techno underground nel club pi\u00f9 iconico di Ibiza fanno per te, questo \u00e8 il posto dove vuoi essere il gioved\u00ec sera.[\/vc_column_text][\/vc_column][vc_column column_width_percent=&#8221;100&#8243; gutter_size=&#8221;2&#8243; overlay_alpha=&#8221;50&#8243; shift_x=&#8221;0&#8243; shift_y=&#8221;0&#8243; shift_y_down=&#8221;0&#8243; z_index=&#8221;0&#8243; medium_visibility=&#8221;yes&#8221; medium_width=&#8221;0&#8243; mobile_visibility=&#8221;yes&#8221; mobile_width=&#8221;0&#8243; width=&#8221;1\/4&#8243; uncode_shortcode_id=&#8221;531470&#8243; el_class=&#8221;mv-sidebar&#8221;][vc_button button_color=&#8221;color-jevc&#8221; size=&#8221;btn-xl&#8221; border_animation=&#8221;btn-ripple-out&#8221; wide=&#8221;yes&#8221; border_width=&#8221;0&#8243; link=&#8221;url:%23listings|&#8221; button_color_type=&#8221;uncode-palette&#8221; uncode_shortcode_id=&#8221;185921&#8243;]Acquista biglietti[\/vc_button][uncode_list icon=&#8221;fa fa-location-outline&#8221;]<\/p>\n<ul>\n<li><a href=\"https:\/\/ticketsibiza.com\/it\/clubs\/dc10\/\">DC10<\/a><\/li>\n<\/ul>\n<p>[\/uncode_list][uncode_list icon=&#8221;fa fa-calendar&#8221; uncode_shortcode_id=&#8221;109996&#8243;]<\/p>\n<ul>\n<li>Gioved\u00ec<\/li>\n<\/ul>\n<p>[\/uncode_list][uncode_list icon=&#8221;fa fa-cab&#8221;]<\/p>\n<ul>\n<li>Carretera las salinas, km 1, 07818<\/li>\n<\/ul>\n<p>[\/uncode_list][vc_separator sep_color=&#8221;accent&#8221;][uncode_block id=&#8221;146863&#8243; inside_column=&#8221;yes&#8221;][\/vc_column][\/vc_row][vc_section back_color=&#8221;color-lxmt&#8221; overlay_alpha=&#8221;50&#8243;][vc_row][vc_column width=&#8221;3\/4&#8243;][vc_gallery el_id=&#8221;gallery-160005&#8243; type=&#8221;justified&#8221; random=&#8221;yes&#8221; medias=&#8221;994811,991675,994810,994806,994807,994808,994809&#8243; justify_row_height=&#8221;150&#8243; gutter_size=&#8221;3&#8243; single_overlay_opacity=&#8221;50&#8243; single_padding=&#8221;2&#8243; title=&#8221;Galleria Circoloco&#8221; uncode_shortcode_id=&#8221;105989&#8243;][\/vc_column][vc_column width=&#8221;1\/4&#8243;][uncode_share layout=&#8221;multiple&#8221; separator=&#8221;yes&#8221; title=&#8221;Condividi questa festa&#8221;][\/vc_column][\/vc_row][\/vc_section][vc_section back_color=&#8221;color-prif&#8221; overlay_alpha=&#8221;50&#8243;][vc_row row_height_percent=&#8221;0&#8243; overlay_alpha=&#8221;50&#8243; gutter_size=&#8221;3&#8243; column_width_percent=&#8221;100&#8243; shift_y=&#8221;0&#8243; z_index=&#8221;0&#8243; row_name=&#8221;Listings&#8221;][vc_column column_width_percent=&#8221;100&#8243; position_vertical=&#8221;middle&#8221; align_horizontal=&#8221;align_center&#8221; gutter_size=&#8221;2&#8243; overlay_alpha=&#8221;50&#8243; shift_x=&#8221;0&#8243; shift_y=&#8221;0&#8243; shift_y_down=&#8221;0&#8243; z_index=&#8221;0&#8243; medium_width=&#8221;0&#8243; mobile_width=&#8221;0&#8243; width=&#8221;1\/1&#8243;][vc_custom_heading text_color=&#8221;color-xsdn&#8221; sub_lead=&#8221;yes&#8221; uncode_shortcode_id=&#8221;198521&#8243; text_color_type=&#8221;uncode-palette&#8221;]<\/p>\n<h2 style=\"text-align: center;\"><span style=\"color: #ffffff;\">Eventi<\/span><\/h2>\n<p>[\/vc_custom_heading]\t\t<div class=\"wcs-timetable__wrapper\">\n\t\t\t<div class=\"wcs-vue\" id=\"wcs-app-143\"><\/div>\n\t\t<\/div>\n\t\t[\/vc_column][\/vc_row][\/vc_section]<\/p>\n<\/div>","protected":false},"excerpt":{"rendered":"<p>[vc_row row_height_percent=&#8221;0&#8243; override_padding=&#8221;yes&#8221; h_padding=&#8221;2&#8243; top_padding=&#8221;2&#8243; bottom_padding=&#8221;0&#8243; back_image=&#8221;577854&#8243; overlay_alpha=&#8221;50&#8243; gutter_size=&#8221;3&#8243; column_width_percent=&#8221;100&#8243; shift_y=&#8221;0&#8243; z_index=&#8221;0&#8243; row_height_pixel=&#8221;50&#8243; uncode_shortcode_id=&#8221;149764&#8243;][vc_column width=&#8221;1\/1&#8243;][vc_empty_space empty_h=&#8221;5&#8243;][vc_row_inner row_inner_height_percent=&#8221;0&#8243; force_width_grid=&#8221;yes&#8221; overlay_color=&#8221;color-149363&#8243; overlay_alpha=&#8221;70&#8243; [&hellip;]<\/p>\n","protected":false},"author":1,"featured_media":994812,"parent":991455,"menu_order":0,"comment_status":"closed","ping_status":"closed","template":"","meta":{"_acf_changed":false,"footnotes":""},"class_list":["post-994800","page","type-page","status-publish","has-post-thumbnail","hentry","page_category-dc10"],"acf":[],"_links":{"self":[{"href":"https:\/\/ticketsibiza.com\/it\/wp-json\/wp\/v2\/pages\/994800","targetHints":{"allow":["GET"]}}],"collection":[{"href":"https:\/\/ticketsibiza.com\/it\/wp-json\/wp\/v2\/pages"}],"about":[{"href":"https:\/\/ticketsibiza.com\/it\/wp-json\/wp\/v2\/types\/page"}],"author":[{"embeddable":true,"href":"https:\/\/ticketsibiza.com\/it\/wp-json\/wp\/v2\/users\/1"}],"replies":[{"embeddable":true,"href":"https:\/\/ticketsibiza.com\/it\/wp-json\/wp\/v2\/comments?post=994800"}],"version-history":[{"count":33,"href":"https:\/\/ticketsibiza.com\/it\/wp-json\/wp\/v2\/pages\/994800\/revisions"}],"predecessor-version":[{"id":1127822,"href":"https:\/\/ticketsibiza.com\/it\/wp-json\/wp\/v2\/pages\/994800\/revisions\/1127822"}],"up":[{"embeddable":true,"href":"https:\/\/ticketsibiza.com\/it\/wp-json\/wp\/v2\/pages\/991455"}],"wp:featuredmedia":[{"embeddable":true,"href":"https:\/\/ticketsibiza.com\/it\/wp-json\/wp\/v2\/media\/994812"}],"wp:attachment":[{"href":"https:\/\/ticketsibiza.com\/it\/wp-json\/wp\/v2\/media?parent=994800"}],"curies":[{"name":"wp","href":"https:\/\/api.w.org\/{rel}","templated":true}]}}