{"id":994778,"date":"2024-06-06T16:47:13","date_gmt":"2024-06-06T15:47:13","guid":{"rendered":"https:\/\/ticketsibiza.com\/clubs\/playa-soleil\/"},"modified":"2025-11-19T15:15:51","modified_gmt":"2025-11-19T15:15:51","slug":"playa-soleil","status":"publish","type":"page","link":"https:\/\/ticketsibiza.com\/it\/clubs\/playa-soleil\/","title":{"rendered":"Playa Soleil Ibiza 2026 &#8211; biglietti, eventi e programmazione"},"content":{"rendered":"<div class=\"wpb-content-wrapper\"><p>[vc_row row_height_percent=&#8221;0&#8243; override_padding=&#8221;yes&#8221; h_padding=&#8221;2&#8243; top_padding=&#8221;2&#8243; bottom_padding=&#8221;0&#8243; back_image=&#8221;580085&#8243; back_attachment=&#8221;scroll&#8221; parallax=&#8221;yes&#8221; overlay_alpha=&#8221;50&#8243; gutter_size=&#8221;3&#8243; column_width_percent=&#8221;100&#8243; shift_y=&#8221;0&#8243; z_index=&#8221;0&#8243; row_height_pixel=&#8221;50&#8243; uncode_shortcode_id=&#8221;944283&#8243;][vc_column width=&#8221;1\/1&#8243;][vc_empty_space empty_h=&#8221;5&#8243;][vc_row_inner row_inner_height_percent=&#8221;0&#8243; force_width_grid=&#8221;yes&#8221; overlay_color=&#8221;color-149363&#8243; overlay_alpha=&#8221;70&#8243; gutter_size=&#8221;1&#8243; shift_y=&#8221;1&#8243; z_index=&#8221;3&#8243; css=&#8221;.vc_custom_1555872297672{margin-bottom: 0px !important;border-bottom-width: 0px !important;padding-top: 0px !important;padding-bottom: 0px !important;padding-left: 20px !important;}&#8221;][vc_column_inner column_width_percent=&#8221;100&#8243; gutter_size=&#8221;0&#8243; overlay_alpha=&#8221;50&#8243; shift_x=&#8221;0&#8243; shift_y=&#8221;0&#8243; shift_y_down=&#8221;0&#8243; z_index=&#8221;0&#8243; medium_width=&#8221;0&#8243; mobile_width=&#8221;0&#8243; width=&#8221;1\/1&#8243; css=&#8221;.vc_custom_1551002411961{padding-bottom: 0px !important;}&#8221;][vc_custom_heading text_color=&#8221;color-xsdn&#8221; heading_semantic=&#8221;h1&#8243; text_size=&#8221;h1&#8243; sub_reduced=&#8221;yes&#8221; uncode_shortcode_id=&#8221;182481&#8243; text_color_type=&#8221;uncode-palette&#8221;]<\/p>\n<h1 style=\"text-align: left;\"><span style=\"color: #ffffff;\">Playa Soleil<\/span><\/h1>\n<p>[\/vc_custom_heading][vc_column_text text_lead=&#8221;yes&#8221; uncode_shortcode_id=&#8221;130841&#8243;]<span style=\"font-weight: 400; color: #ffffff;\">Balla e cena fino a tarda notte nel nuovissimo beach club di Playa d\u2019en Bossa<\/span>[\/vc_column_text][\/vc_column_inner][\/vc_row_inner][\/vc_column][\/vc_row][vc_row row_height_percent=&#8221;0&#8243; overlay_alpha=&#8221;50&#8243; gutter_size=&#8221;3&#8243; column_width_percent=&#8221;100&#8243; shift_y=&#8221;0&#8243; z_index=&#8221;0&#8243; css=&#8221;.vc_custom_1551018712642{margin-top: 0px !important;margin-bottom: 0px !important;}&#8221;][vc_column column_width_percent=&#8221;100&#8243; gutter_size=&#8221;3&#8243; overlay_alpha=&#8221;50&#8243; shift_x=&#8221;0&#8243; shift_y=&#8221;0&#8243; shift_y_down=&#8221;0&#8243; z_index=&#8221;0&#8243; medium_width=&#8221;0&#8243; mobile_width=&#8221;0&#8243; width=&#8221;3\/4&#8243;][vc_column_text uncode_shortcode_id=&#8221;145663&#8243;]Situato sull\u2019iconica spiaggia di Playa d\u2019en Bossa, Playa Soleil offre un\u2019esperienza da beach club senza pari, fondendo armoniosamente musica contemporanea, cucina gourmet, arte e benessere.<\/p>\n<p><strong>Un mondo di delizie culinarie<\/strong><\/p>\n<p>Al Playa Soleil, cenare \u00e8 un viaggio attraverso squisiti sapori mediterranei, con diverse aree che soddisfano i diversi desideri culinari:<\/p>\n<p><strong>Playa Chica<\/strong> e<strong> Le Restaurant<\/strong>: Questi locali offrono un\u2019esperienza culinaria di alto livello dove puoi deliziarti con piatti di classe mondiale, preparati con i migliori ingredienti biologici e di provenienza locale.<\/p>\n<p><strong>Oasis<\/strong>: Per un pasto pi\u00f9 rilassato, Oasis offre un ambiente tranquillo dove puoi assaporare deliziose pietanze in un\u2019atmosfera serena.<\/p>\n<p><strong>Rilassati con Stile<\/strong><br \/>\nGli ospiti possono rilassarsi con stile a Les Palmiers e Las Dunas, dove lussuosi letti balinesi ti invitano a rilassarti con bevande rinfrescanti e spuntini leggeri. Il nostro personale attento assicura che il tuo comfort e divertimento siano le massime priorit\u00e0, creando un santuario perfetto in riva al mare. <\/p>\n<p><strong>Eccellenza culinaria<\/strong><\/p>\n<p>Sotto la guida esperta dell\u2019Executive Chef Cristian Casta\u00f1eda, che vanta oltre un decennio di esperienza nei migliori ristoranti spagnoli, la gastronomia di Playa Soleil \u00e8 a dir poco straordinaria. Il suo approccio innovativo alla cucina mediterranea promette un\u2019esperienza culinaria indimenticabile. <\/p>\n<p><strong>Vibrante atmosfera serale<\/strong><\/p>\n<p>Al tramonto, Playa Soleil si trasforma in un vivace centro di energia ed eccitazione. In serate selezionate, il nostro ristorante si trasforma in una pista da ballo, dove puoi ballare tutta la notte con esibizioni dal vivo. Il venerd\u00ec, vivi le rinomate feste Rumors ospitate da Guy Gerber, mentre le domeniche sono riservate a Palmerama, con i migliori DJ e artisti internazionali per tutta l\u2019estate.  <\/p>\n<p><strong>L\u2019esperienza balneare definitiva<\/strong><\/p>\n<p>Dall\u2019alba al tramonto, ogni momento al Playa Soleil \u00e8 pensato per evocare gioia e creare ricordi duraturi. Rilassati su lussuosi lettini da spiaggia, senti la dolce brezza marina e ascolta i suoni rilassanti dell\u2019oceano. Sia che tu stia gustando un pasto in spiaggia o sorseggiando un cocktail, ogni dettaglio \u00e8 curato per il tuo relax e divertimento.  <\/p>\n<p><strong>Viaggi sonori e paesaggi sonori sublimi<\/strong><\/p>\n<p>Balla per tutto il giorno e la notte con una programmazione eccezionale di DJ e musicisti di fama mondiale. La colonna sonora di Playa Soleil prende vita all\u2019interno di Le Restaurant e Maison Musique, il nostro incantevole spazio club al coperto riservato a eventi notturni speciali. Residenze curate e ospiti speciali portano il meglio della musica elettronica, assicurando un\u2019atmosfera stimolante ed energica ogni giorno della settimana.  <\/p>\n<p>Immergiti in un mondo dove ogni momento \u00e8 una celebrazione e vengono creati ricordi indimenticabili. Scopri l\u2019esperienza beach club definitiva al Playa Soleil, dove la vita \u00e8 celebrata dall\u2019alba al tramonto e oltre.[\/vc_column_text][vc_accordion title=&#8221;Domande frequenti&#8221;][vc_accordion_tab gutter_size=&#8221;2&#8243; column_padding=&#8221;2&#8243; title=&#8221;Come arrivo a Playa Soleil?&#8221; tab_id=&#8221;1560767237-1-24fffd-f682b1c6-99951717687569139&#8243;][vc_column_text uncode_shortcode_id=&#8221;161672&#8243;]<span style=\"font-weight: 400;\">Playa Soleil si trova a Playa d\u2019en Bossa. Dista 10 minuti di taxi da Ibiza Citt\u00e0 e 30 minuti da San Antonio. Un taxi da Ibiza Citt\u00e0 ti coster\u00e0 circa 10 \u20ac, o 40 \u20ac da San Antonio.  <\/span>[\/vc_column_text][\/vc_accordion_tab][vc_accordion_tab gutter_size=&#8221;2&#8243; column_padding=&#8221;2&#8243; title=&#8221;Quali sono gli orari di apertura di Playa Soleil?&#8221; tab_id=&#8221;1560767237-2-71fffd-f682b1c6-99951717687569139&#8243;][vc_column_text uncode_shortcode_id=&#8221;140245&#8243;]<span style=\"font-weight: 400;\">Playa Soleil apre tutti i giorni alle 10:00. Il club apre alle 17:00 quasi tutte le sere e di solito chiude alle 03:00. <\/span>[\/vc_column_text][\/vc_accordion_tab][vc_accordion_tab gutter_size=&#8221;2&#8243; column_padding=&#8221;2&#8243; title=&#8221;Quanto costa l&apos;ingresso a Playa Soleil?&#8221; tab_id=&#8221;1560768560770-2-3fffd-f682b1c6-99951717687569139&#8243;][vc_column_text uncode_shortcode_id=&#8221;786563&#8243;]<span style=\"font-weight: 400;\">I biglietti per la maggior parte degli eventi del Playa Soleil sono gratuiti, ma in alcuni casi aspettati di pagare fino a 25 \u20ac per l\u2019ingresso.<\/span>[\/vc_column_text][\/vc_accordion_tab][vc_accordion_tab gutter_size=&#8221;2&#8243; column_padding=&#8221;2&#8243; title=&#8221;Quali sono i prezzi delle bevande al Playa Soleil?&#8221; tab_id=&#8221;1560768568468-3-4fffd-f682b1c6-99951717687569139&#8243;][vc_column_text uncode_shortcode_id=&#8221;128517&#8243;]<span style=\"font-weight: 400;\">Al Playa Soleil una birra costa 12 \u20ac, il vino da 12 \u20ac, l\u2019acqua 10 \u20ac e un superalcolico + mixer da 16 \u20ac.<\/span>[\/vc_column_text][\/vc_accordion_tab][vc_accordion_tab gutter_size=&#8221;2&#8243; column_padding=&#8221;2&#8243; title=&#8221;Qual \u00e8 il dress code al Playa Soleil?&#8221; tab_id=&#8221;1560768597322-5-10fffd-f682b1c6-99951717687569139&#8243;][vc_column_text uncode_shortcode_id=&#8221;137809&#8243;]<span style=\"font-weight: 400;\">Potresti voler vestire smart casual per il ristorante, tuttavia, se vai solo a ballare non c\u2019\u00e8 un dress code. Indossa ci\u00f2 che ti fa sentire a tuo agio per ballare! <\/span>[\/vc_column_text][\/vc_accordion_tab][vc_accordion_tab gutter_size=&#8221;2&#8243; column_padding=&#8221;2&#8243; title=&#8221;Qual \u00e8 la programmazione per Playa Soleil Ibiza?&#8221; tab_id=&#8221;1560768604185-6-7fffd-f682b1c6-99951717687569139&#8243;][vc_column_text uncode_shortcode_id=&#8221;193996&#8243;]<span style=\"font-weight: 400;\">Puoi visualizzare la programmazione completa di Playa Soleil nel calendario qui sotto.<\/span>[\/vc_column_text][\/vc_accordion_tab][\/vc_accordion][\/vc_column][vc_column column_width_percent=&#8221;100&#8243; align_horizontal=&#8221;align_center&#8221; gutter_size=&#8221;2&#8243; overlay_alpha=&#8221;50&#8243; shift_x=&#8221;0&#8243; shift_y=&#8221;0&#8243; shift_y_down=&#8221;0&#8243; z_index=&#8221;0&#8243; medium_visibility=&#8221;yes&#8221; medium_width=&#8221;0&#8243; mobile_visibility=&#8221;yes&#8221; mobile_width=&#8221;0&#8243; sticky=&#8221;yes&#8221; width=&#8221;1\/4&#8243;][vc_button button_color=&#8221;color-jevc&#8221; size=&#8221;btn-lg&#8221; border_animation=&#8221;btn-ripple-out&#8221; wide=&#8221;yes&#8221; border_width=&#8221;0&#8243; link=&#8221;url:%23listings|&#8221; button_color_type=&#8221;uncode-palette&#8221; uncode_shortcode_id=&#8221;180232&#8243;]Acquista biglietti[\/vc_button][vc_separator sep_color=&#8221;accent&#8221;][vc_single_image media=&#8221;994793&#8243; media_width_percent=&#8221;75&#8243; alignment=&#8221;center&#8221; shape=&#8221;img-circle&#8221; border=&#8221;yes&#8221; shadow=&#8221;yes&#8221; shadow_weight=&#8221;sm&#8221; shadow_darker=&#8221;yes&#8221; uncode_shortcode_id=&#8221;209687&#8243;][vc_separator sep_color=&#8221;accent&#8221;][vc_gmaps latlon=&#8221;38.8874924,1.4075217&#8243; size=&#8221;280&#8243; map_color=&#8221;color-wvjs&#8221; ui_color=&#8221;accent&#8221; zoom=&#8221;10&#8243; map_saturation=&#8221;-100&#8243; map_brightness=&#8221;5&#8243; address=&#8221;Carrer del Fumarell, 1 Ibiza, Islas Baleares, Spain&#8221; uncode_shortcode_id=&#8221;758721&#8243; map_color_type=&#8221;uncode-palette&#8221; ui_color_type=&#8221;uncode-palette&#8221;][vc_separator sep_color=&#8221;accent&#8221;][uncode_block id=&#8221;146863&#8243; inside_column=&#8221;yes&#8221;][\/vc_column][\/vc_row][vc_section back_color=&#8221;color-lxmt&#8221; overlay_alpha=&#8221;50&#8243;][vc_row][vc_column width=&#8221;3\/4&#8243;][vc_gallery el_id=&#8221;gallery-160005&#8243; type=&#8221;justified&#8221; random=&#8221;yes&#8221; medias=&#8221;993808,993809,993813,993806,993805,993804,993803&#8243; justify_row_height=&#8221;150&#8243; gutter_size=&#8221;0&#8243; single_overlay_opacity=&#8221;50&#8243; single_padding=&#8221;2&#8243; title=&#8221;Galleria fotografica&#8221; uncode_shortcode_id=&#8221;659368&#8243;][\/vc_column][vc_column width=&#8221;1\/4&#8243;][vc_raw_html]PGlmcmFtZSBzdHlsZT0iYm9yZGVyLXJhZGl1czoxMnB4IiBzcmM9Imh0dHBzOi8vb3Blbi5zcG90aWZ5LmNvbS9lbWJlZC9wbGF5bGlzdC8weGVXdUcxUE5iZEI2UTBtVHI5N0l3P3V0bV9zb3VyY2U9Z2VuZXJhdG9yIiB3aWR0aD0iMTAwJSIgaGVpZ2h0PSIzNTIiIGZyYW1lYm9yZGVyPSIwIiBhbGxvd2Z1bGxzY3JlZW49IiIgYWxsb3c9ImF1dG9wbGF5OyBjbGlwYm9hcmQtd3JpdGU7IGVuY3J5cHRlZC1tZWRpYTsgZnVsbHNjcmVlbjsgcGljdHVyZS1pbi1waWN0dXJlIiBsb2FkaW5nPSJsYXp5Ij48L2lmcmFtZT4=[\/vc_raw_html][\/vc_column][\/vc_row][\/vc_section][vc_section back_color=&#8221;color-prif&#8221; overlay_alpha=&#8221;50&#8243;][vc_row row_height_percent=&#8221;0&#8243; overlay_alpha=&#8221;50&#8243; gutter_size=&#8221;3&#8243; column_width_percent=&#8221;100&#8243; shift_y=&#8221;0&#8243; z_index=&#8221;0&#8243; row_name=&#8221;listings&#8221;][vc_column column_width_percent=&#8221;100&#8243; position_vertical=&#8221;middle&#8221; align_horizontal=&#8221;align_center&#8221; gutter_size=&#8221;2&#8243; overlay_alpha=&#8221;50&#8243; shift_x=&#8221;0&#8243; shift_y=&#8221;0&#8243; shift_y_down=&#8221;0&#8243; z_index=&#8221;0&#8243; medium_width=&#8221;0&#8243; mobile_width=&#8221;0&#8243; width=&#8221;1\/1&#8243;][vc_custom_heading text_color=&#8221;color-xsdn&#8221; sub_lead=&#8221;yes&#8221; uncode_shortcode_id=&#8221;735539&#8243; text_color_type=&#8221;uncode-palette&#8221;]<\/p>\n<h2 style=\"text-align: center;\"><span style=\"color: #ffffff;\">Eventi<\/span><\/h2>\n<p>[\/vc_custom_heading]\t\t<div class=\"wcs-timetable__wrapper\">\n\t\t\t<div class=\"wcs-vue\" id=\"wcs-app-144\"><\/div>\n\t\t<\/div>\n\t\t[\/vc_column][\/vc_row][\/vc_section]<\/p>\n<\/div>","protected":false},"excerpt":{"rendered":"<p>[vc_row row_height_percent=&#8221;0&#8243; override_padding=&#8221;yes&#8221; h_padding=&#8221;2&#8243; top_padding=&#8221;2&#8243; bottom_padding=&#8221;0&#8243; back_image=&#8221;580085&#8243; back_attachment=&#8221;scroll&#8221; parallax=&#8221;yes&#8221; overlay_alpha=&#8221;50&#8243; gutter_size=&#8221;3&#8243; column_width_percent=&#8221;100&#8243; shift_y=&#8221;0&#8243; z_index=&#8221;0&#8243; row_height_pixel=&#8221;50&#8243; uncode_shortcode_id=&#8221;944283&#8243;][vc_column width=&#8221;1\/1&#8243;][vc_empty_space empty_h=&#8221;5&#8243;][vc_row_inner row_inner_height_percent=&#8221;0&#8243; force_width_grid=&#8221;yes&#8221; [&hellip;]<\/p>\n","protected":false},"author":1,"featured_media":994793,"parent":989650,"menu_order":0,"comment_status":"closed","ping_status":"closed","template":"","meta":{"_acf_changed":false,"footnotes":""},"class_list":["post-994778","page","type-page","status-publish","has-post-thumbnail","hentry","page_category-club"],"acf":[],"_links":{"self":[{"href":"https:\/\/ticketsibiza.com\/it\/wp-json\/wp\/v2\/pages\/994778","targetHints":{"allow":["GET"]}}],"collection":[{"href":"https:\/\/ticketsibiza.com\/it\/wp-json\/wp\/v2\/pages"}],"about":[{"href":"https:\/\/ticketsibiza.com\/it\/wp-json\/wp\/v2\/types\/page"}],"author":[{"embeddable":true,"href":"https:\/\/ticketsibiza.com\/it\/wp-json\/wp\/v2\/users\/1"}],"replies":[{"embeddable":true,"href":"https:\/\/ticketsibiza.com\/it\/wp-json\/wp\/v2\/comments?post=994778"}],"version-history":[{"count":11,"href":"https:\/\/ticketsibiza.com\/it\/wp-json\/wp\/v2\/pages\/994778\/revisions"}],"predecessor-version":[{"id":1003623,"href":"https:\/\/ticketsibiza.com\/it\/wp-json\/wp\/v2\/pages\/994778\/revisions\/1003623"}],"up":[{"embeddable":true,"href":"https:\/\/ticketsibiza.com\/it\/wp-json\/wp\/v2\/pages\/989650"}],"wp:featuredmedia":[{"embeddable":true,"href":"https:\/\/ticketsibiza.com\/it\/wp-json\/wp\/v2\/media\/994793"}],"wp:attachment":[{"href":"https:\/\/ticketsibiza.com\/it\/wp-json\/wp\/v2\/media?parent=994778"}],"curies":[{"name":"wp","href":"https:\/\/api.w.org\/{rel}","templated":true}]}}