{"id":994384,"date":"2024-03-11T20:50:51","date_gmt":"2024-03-11T20:50:51","guid":{"rendered":"https:\/\/ticketsibiza.com\/clubs\/cova-santa\/"},"modified":"2025-11-11T17:10:14","modified_gmt":"2025-11-11T17:10:14","slug":"cova-santa","status":"publish","type":"page","link":"https:\/\/ticketsibiza.com\/it\/clubs\/cova-santa\/","title":{"rendered":"Cova Santa Ibiza 2026 &#8211; biglietti, eventi e line-up"},"content":{"rendered":"<div class=\"wpb-content-wrapper\"><p>[vc_row row_height_percent=&#8221;0&#8243; override_padding=&#8221;yes&#8221; h_padding=&#8221;2&#8243; top_padding=&#8221;2&#8243; bottom_padding=&#8221;0&#8243; back_image=&#8221;127426&#8243; back_attachment=&#8221;scroll&#8221; parallax=&#8221;yes&#8221; overlay_alpha=&#8221;50&#8243; gutter_size=&#8221;3&#8243; column_width_percent=&#8221;100&#8243; shift_y=&#8221;0&#8243; z_index=&#8221;0&#8243; row_height_pixel=&#8221;50&#8243;][vc_column width=&#8221;1\/1&#8243;][vc_empty_space empty_h=&#8221;5&#8243;][vc_row_inner row_inner_height_percent=&#8221;0&#8243; force_width_grid=&#8221;yes&#8221; overlay_color=&#8221;color-149363&#8243; overlay_alpha=&#8221;70&#8243; gutter_size=&#8221;1&#8243; shift_y=&#8221;1&#8243; z_index=&#8221;3&#8243; css=&#8221;.vc_custom_1555872297672{margin-bottom: 0px !important;border-bottom-width: 0px !important;padding-top: 0px !important;padding-bottom: 0px !important;padding-left: 20px !important;}&#8221;][vc_column_inner column_width_percent=&#8221;100&#8243; gutter_size=&#8221;0&#8243; overlay_alpha=&#8221;50&#8243; shift_x=&#8221;0&#8243; shift_y=&#8221;0&#8243; shift_y_down=&#8221;0&#8243; z_index=&#8221;0&#8243; medium_width=&#8221;0&#8243; mobile_width=&#8221;0&#8243; width=&#8221;1\/1&#8243; css=&#8221;.vc_custom_1551002411961{padding-bottom: 0px !important;}&#8221;][vc_custom_heading text_color=&#8221;color-xsdn&#8221; heading_semantic=&#8221;h1&#8243; text_size=&#8221;h1&#8243; sub_reduced=&#8221;yes&#8221;]<\/p>\n<h1 style=\"text-align: left;\"><span style=\"color: #ffffff;\">Cova Santa<\/span><\/h1>\n<p>[\/vc_custom_heading][vc_column_text text_lead=&#8221;yes&#8221; uncode_shortcode_id=&#8221;197918&#8243;]<span style=\"font-weight: 400; color: #ffffff;\">Cena e balli in un gioiello nascosto di Ibiza<\/span>[\/vc_column_text][\/vc_column_inner][\/vc_row_inner][\/vc_column][\/vc_row][vc_row row_height_percent=&#8221;0&#8243; overlay_alpha=&#8221;50&#8243; gutter_size=&#8221;3&#8243; column_width_percent=&#8221;100&#8243; shift_y=&#8221;0&#8243; z_index=&#8221;0&#8243; css=&#8221;.vc_custom_1551018712642{margin-top: 0px !important;margin-bottom: 0px !important;}&#8221;][vc_column column_width_percent=&#8221;100&#8243; gutter_size=&#8221;3&#8243; overlay_alpha=&#8221;50&#8243; shift_x=&#8221;0&#8243; shift_y=&#8221;0&#8243; shift_y_down=&#8221;0&#8243; z_index=&#8221;0&#8243; medium_width=&#8221;0&#8243; mobile_width=&#8221;0&#8243; width=&#8221;3\/4&#8243;][vc_column_text uncode_shortcode_id=&#8221;175393&#8243;]<span style=\"font-weight: 400;\">Situato nell\u2019entroterra, verso il sud di Ibiza, <strong>Cova Santa<\/strong> \u00e8 un <strong>ristorante<\/strong>, <strong>bar<\/strong> e <strong>discoteca<\/strong>. \u00c8 un locale bellissimo. Di propriet\u00e0 del gruppo <strong>Amnesia<\/strong>, aspettati un <strong>locale da clubbing<\/strong> significativamente pi\u00f9 intimo, con un\u2019atmosfera rilassata che comunque attrae alcuni grandi nomi durante tutta la stagione.  <\/span><\/p>\n<p><span style=\"font-weight: 400;\">Se opti per la cena prima del ballo, avrai incluso l\u2019accesso al club.<\/span><\/p>\n<p><span style=\"font-weight: 400;\">Negli ultimi anni, le feste nella discoteca Cova Santa sono aumentate di numero. Un tempo sede di qualche after party di artisti del calibro di <strong>Marco Carola<\/strong>, ora puoi vedere frequentare il locale per tutta l\u2019estate artisti famosi di Ibiza come <strong>woomoon<\/strong> e <strong>PIV<\/strong>. <\/span><\/p>\n<p><span style=\"font-weight: 400;\">Nelle stagioni &#8220;normali&#8221;, alcune delle feste sono addirittura gratuite! L\u2019unico inconveniente \u00e8 che il locale \u00e8 sicuramente uno per cui dovrai prendere un taxi. In ogni caso, Cova Santa sta crescendo in popolarit\u00e0 e offre un\u2019esperienza diversa dalla tipica serata in discoteca a Ibiza.  <\/span>[\/vc_column_text][vc_tabs][vc_tab title=&#8221;Cosa aspettarsi&#8221; tab_id=&#8221;1560767237-1-91fffd-f682b1c6-9995&#8243;][vc_column_text]<\/p>\n<blockquote>\n<h3><span style=\"font-weight: 400;\">&#8220;<\/span><span style=\"font-weight: 400;\">Un\u2019atmosfera fresca e rilassata, DJ di alto livello e un palco da giardino unico<\/span><span style=\"font-weight: 400;\">&#8220;<\/span><\/h3>\n<\/blockquote>\n<p>[\/vc_column_text][\/vc_tab][vc_tab title=&#8221;I nostri consigli&#8221; tab_id=&#8221;1560767237-2-0fffd-f682b1c6-9995&#8243;][vc_column_text]<\/p>\n<ul>\n<li style=\"font-weight: 400;\"><span style=\"font-weight: 400;\">Potresti essere in grado di approfittare dell\u2019ingresso gratuito a Cova Santa se arrivi al locale in anticipo&#8230; Quindi tieni gli occhi aperti per gli annunci direttamente dal locale. <\/span><\/li>\n<\/ul>\n<p>[\/vc_column_text][\/vc_tab][\/vc_tabs][vc_accordion title=&#8221;Domande frequenti&#8221;][vc_accordion_tab title=&#8221;Come arrivo a Cova Santa?&#8221; tab_id=&#8221;1560767237-1-24fffd-f682b1c6-9995&#8243;][vc_column_text]<span style=\"font-weight: 400;\">Cova Santa si trova verso il sud dell\u2019isola, a pochi chilometri da San Josep. \u00c8 a 15 minuti di taxi da Ibiza citt\u00e0 e a 20 minuti da San Antonio. Un taxi da Ibiza citt\u00e0 ti coster\u00e0 circa 20 \u20ac, o 30 \u20ac da San Antonio.  <\/span>[\/vc_column_text][\/vc_accordion_tab][vc_accordion_tab title=&#8221;Quali sono gli orari di apertura di Cova Santa?&#8221; tab_id=&#8221;1560767237-2-71fffd-f682b1c6-9995&#8243;][vc_column_text uncode_shortcode_id=&#8221;370956&#8243;]<span style=\"font-weight: 400;\">Il ristorante di Cova Santa apre alle 20:30. Il club apre alle 17:00 quasi tutte le sere e di solito chiude alle 6:00. <\/span>[\/vc_column_text][\/vc_accordion_tab][vc_accordion_tab title=&#8221;Quanto costa entrare a Cova Santa?&#8221; tab_id=&#8221;1560768560770-2-3fffd-f682b1c6-9995&#8243;][vc_column_text]<span style=\"font-weight: 400;\">I biglietti per Cova Santa variano tra i 25 e i 35 \u20ac, a seconda del promoter della serata. <\/span>[\/vc_column_text][\/vc_accordion_tab][vc_accordion_tab title=&#8221;Quali sono i prezzi delle bevande a Cova Santa?&#8221; tab_id=&#8221;1560768568468-3-4fffd-f682b1c6-9995&#8243;][vc_column_text uncode_shortcode_id=&#8221;257815&#8243;]<span style=\"font-weight: 400;\">Al Cova Santa una birra costa 12 \u20ac, l\u2019acqua 10 \u20ac e un superalcolico + mixer 20 \u20ac.<\/span>[\/vc_column_text][\/vc_accordion_tab][vc_accordion_tab title=&#8221;Qual \u00e8 la capienza del Cova Santa?&#8221; tab_id=&#8221;1560768585183-4-8fffd-f682b1c6-9995&#8243;][vc_column_text]<span style=\"font-weight: 400;\">Cova Santa pu\u00f2 contenere fino a 2.000 persone.<\/span>[\/vc_column_text][\/vc_accordion_tab][vc_accordion_tab title=&#8221;Qual \u00e8 il codice di abbigliamento al Cova Santa?&#8221; tab_id=&#8221;1560768597322-5-10fffd-f682b1c6-9995&#8243;][vc_column_text]<span style=\"font-weight: 400;\">Anche se potresti voler vestire elegante per il ristorante, se hai intenzione di andare solo in discoteca non c\u2019\u00e8 un codice di abbigliamento. Indossa quello che ti fa sentire a tuo agio per ballare! <\/span>[\/vc_column_text][\/vc_accordion_tab][vc_accordion_tab gutter_size=&#8221;2&#8243; column_padding=&#8221;2&#8243; title=&#8221;Qual \u00e8 la line up del Cova Santa Ibiza?&#8221; tab_id=&#8221;1560768604185-6-7fffd-f682b1c6-9995&#8243;][vc_column_text]<span style=\"font-weight: 400;\">Puoi visualizzare la line up completa del Cova Santa nel calendario qui sotto.<\/span>[\/vc_column_text][\/vc_accordion_tab][\/vc_accordion][\/vc_column][vc_column column_width_percent=&#8221;100&#8243; align_horizontal=&#8221;align_center&#8221; gutter_size=&#8221;2&#8243; overlay_alpha=&#8221;50&#8243; shift_x=&#8221;0&#8243; shift_y=&#8221;0&#8243; shift_y_down=&#8221;0&#8243; z_index=&#8221;0&#8243; medium_visibility=&#8221;yes&#8221; medium_width=&#8221;0&#8243; mobile_visibility=&#8221;yes&#8221; mobile_width=&#8221;0&#8243; sticky=&#8221;yes&#8221; width=&#8221;1\/4&#8243;][vc_button button_color=&#8221;color-jevc&#8221; size=&#8221;btn-lg&#8221; border_animation=&#8221;btn-ripple-out&#8221; wide=&#8221;yes&#8221; border_width=&#8221;0&#8243; link=&#8221;url:%23listings|&#8221; button_color_type=&#8221;uncode-palette&#8221; uncode_shortcode_id=&#8221;121652&#8243;]Acquista biglietti[\/vc_button][vc_separator sep_color=&#8221;accent&#8221;][vc_single_image media=&#8221;994451&#8243; media_width_percent=&#8221;75&#8243; alignment=&#8221;center&#8221; shape=&#8221;img-circle&#8221; border=&#8221;yes&#8221; shadow=&#8221;yes&#8221; shadow_weight=&#8221;sm&#8221; shadow_darker=&#8221;yes&#8221; uncode_shortcode_id=&#8221;638164&#8243;][vc_separator sep_color=&#8221;accent&#8221;][vc_gmaps latlon=&#8221;38.8943763,1.3314998&#8243; size=&#8221;280&#8243; map_color=&#8221;color-wvjs&#8221; ui_color=&#8221;accent&#8221; zoom=&#8221;10&#8243; map_saturation=&#8221;-100&#8243; map_brightness=&#8221;5&#8243; address=&#8221;PM-803, km 7, 07817 Ibiza, Islas Baleares, Spain&#8221;][vc_separator sep_color=&#8221;accent&#8221;][uncode_block id=&#8221;146863&#8243; inside_column=&#8221;yes&#8221;][\/vc_column][\/vc_row][vc_section back_color=&#8221;color-lxmt&#8221; overlay_alpha=&#8221;50&#8243;][vc_row][vc_column width=&#8221;3\/4&#8243;][vc_gallery el_id=&#8221;gallery-160005&#8243; type=&#8221;justified&#8221; random=&#8221;yes&#8221; medias=&#8221;994430,994433,994436,994438,991106,994446&#8243; justify_row_height=&#8221;150&#8243; gutter_size=&#8221;0&#8243; single_overlay_opacity=&#8221;50&#8243; single_padding=&#8221;2&#8243; title=&#8221;Galleria fotografica&#8221;][\/vc_column][vc_column width=&#8221;1\/4&#8243;][vc_raw_html]PGlmcmFtZSBzdHlsZT0iYm9yZGVyLXJhZGl1czoxMnB4IiBzcmM9Imh0dHBzOi8vb3Blbi5zcG90aWZ5LmNvbS9lbWJlZC9wbGF5bGlzdC8wVUtraURlbTQyWmwwaTU2ZW1JV3JPP3V0bV9zb3VyY2U9Z2VuZXJhdG9yIiB3aWR0aD0iMTAwJSIgaGVpZ2h0PSIzNTIiIGZyYW1lYm9yZGVyPSIwIiBhbGxvd2Z1bGxzY3JlZW49IiIgYWxsb3c9ImF1dG9wbGF5OyBjbGlwYm9hcmQtd3JpdGU7IGVuY3J5cHRlZC1tZWRpYTsgZnVsbHNjcmVlbjsgcGljdHVyZS1pbi1waWN0dXJlIiBsb2FkaW5nPSJsYXp5Ij48L2lmcmFtZT4=[\/vc_raw_html][\/vc_column][\/vc_row][\/vc_section][vc_section back_color=&#8221;color-prif&#8221; overlay_alpha=&#8221;50&#8243;][vc_row row_height_percent=&#8221;0&#8243; overlay_alpha=&#8221;50&#8243; gutter_size=&#8221;3&#8243; column_width_percent=&#8221;100&#8243; shift_y=&#8221;0&#8243; z_index=&#8221;0&#8243; row_name=&#8221;listings&#8221;][vc_column column_width_percent=&#8221;100&#8243; position_vertical=&#8221;middle&#8221; align_horizontal=&#8221;align_center&#8221; gutter_size=&#8221;2&#8243; overlay_alpha=&#8221;50&#8243; shift_x=&#8221;0&#8243; shift_y=&#8221;0&#8243; shift_y_down=&#8221;0&#8243; z_index=&#8221;0&#8243; medium_width=&#8221;0&#8243; mobile_width=&#8221;0&#8243; width=&#8221;1\/1&#8243;][vc_custom_heading text_color=&#8221;color-xsdn&#8221; sub_lead=&#8221;yes&#8221; uncode_shortcode_id=&#8221;735539&#8243; text_color_type=&#8221;uncode-palette&#8221;]<\/p>\n<h2 style=\"text-align: center;\"><span style=\"color: #ffffff;\">Eventi<\/span><\/h2>\n<p>[\/vc_custom_heading]\t\t<div class=\"wcs-timetable__wrapper\">\n\t\t\t<div class=\"wcs-vue\" id=\"wcs-app-94\"><\/div>\n\t\t<\/div>\n\t\t[\/vc_column][\/vc_row][\/vc_section]<\/p>\n<\/div>","protected":false},"excerpt":{"rendered":"<p>[vc_row row_height_percent=&#8221;0&#8243; override_padding=&#8221;yes&#8221; h_padding=&#8221;2&#8243; top_padding=&#8221;2&#8243; bottom_padding=&#8221;0&#8243; back_image=&#8221;127426&#8243; back_attachment=&#8221;scroll&#8221; parallax=&#8221;yes&#8221; overlay_alpha=&#8221;50&#8243; gutter_size=&#8221;3&#8243; column_width_percent=&#8221;100&#8243; shift_y=&#8221;0&#8243; z_index=&#8221;0&#8243; row_height_pixel=&#8221;50&#8243;][vc_column width=&#8221;1\/1&#8243;][vc_empty_space empty_h=&#8221;5&#8243;][vc_row_inner row_inner_height_percent=&#8221;0&#8243; force_width_grid=&#8221;yes&#8221; overlay_color=&#8221;color-149363&#8243; [&hellip;]<\/p>\n","protected":false},"author":1,"featured_media":994451,"parent":989650,"menu_order":0,"comment_status":"closed","ping_status":"closed","template":"","meta":{"_acf_changed":false,"footnotes":""},"class_list":["post-994384","page","type-page","status-publish","has-post-thumbnail","hentry","page_category-club"],"acf":[],"_links":{"self":[{"href":"https:\/\/ticketsibiza.com\/it\/wp-json\/wp\/v2\/pages\/994384","targetHints":{"allow":["GET"]}}],"collection":[{"href":"https:\/\/ticketsibiza.com\/it\/wp-json\/wp\/v2\/pages"}],"about":[{"href":"https:\/\/ticketsibiza.com\/it\/wp-json\/wp\/v2\/types\/page"}],"author":[{"embeddable":true,"href":"https:\/\/ticketsibiza.com\/it\/wp-json\/wp\/v2\/users\/1"}],"replies":[{"embeddable":true,"href":"https:\/\/ticketsibiza.com\/it\/wp-json\/wp\/v2\/comments?post=994384"}],"version-history":[{"count":14,"href":"https:\/\/ticketsibiza.com\/it\/wp-json\/wp\/v2\/pages\/994384\/revisions"}],"predecessor-version":[{"id":1002428,"href":"https:\/\/ticketsibiza.com\/it\/wp-json\/wp\/v2\/pages\/994384\/revisions\/1002428"}],"up":[{"embeddable":true,"href":"https:\/\/ticketsibiza.com\/it\/wp-json\/wp\/v2\/pages\/989650"}],"wp:featuredmedia":[{"embeddable":true,"href":"https:\/\/ticketsibiza.com\/it\/wp-json\/wp\/v2\/media\/994451"}],"wp:attachment":[{"href":"https:\/\/ticketsibiza.com\/it\/wp-json\/wp\/v2\/media?parent=994384"}],"curies":[{"name":"wp","href":"https:\/\/api.w.org\/{rel}","templated":true}]}}