{"id":993284,"date":"2024-09-06T15:10:01","date_gmt":"2024-09-06T14:10:01","guid":{"rendered":"https:\/\/ticketsibiza.com\/clubs\/unvrs\/"},"modified":"2026-02-23T10:47:14","modified_gmt":"2026-02-23T10:47:14","slug":"unvrs","status":"publish","type":"page","link":"https:\/\/ticketsibiza.com\/it\/clubs\/unvrs\/","title":{"rendered":"UNVRS Ibiza 2026 &#8211; Biglietti, Eventi e Lineup"},"content":{"rendered":"<div class=\"wpb-content-wrapper\"><p>[vc_row row_height_percent=&#8221;0&#8243; override_padding=&#8221;yes&#8221; h_padding=&#8221;2&#8243; top_padding=&#8221;2&#8243; bottom_padding=&#8221;0&#8243; back_color=&#8221;color-jevc&#8221; back_image=&#8221;613488&#8243; overlay_alpha=&#8221;50&#8243; gutter_size=&#8221;3&#8243; column_width_percent=&#8221;100&#8243; shift_y=&#8221;0&#8243; z_index=&#8221;0&#8243; row_height_pixel=&#8221;50&#8243; uncode_shortcode_id=&#8221;146427&#8243; back_color_type=&#8221;uncode-palette&#8221;][vc_column width=&#8221;1\/1&#8243;][vc_empty_space empty_h=&#8221;5&#8243;][vc_row_inner row_inner_height_percent=&#8221;0&#8243; force_width_grid=&#8221;yes&#8221; overlay_color=&#8221;color-149363&#8243; overlay_alpha=&#8221;70&#8243; gutter_size=&#8221;1&#8243; shift_y=&#8221;1&#8243; z_index=&#8221;3&#8243; css=&#8221;.vc_custom_1555872297672{margin-bottom: 0px !important;border-bottom-width: 0px !important;padding-top: 0px !important;padding-bottom: 0px !important;padding-left: 20px !important;}&#8221;][vc_column_inner column_width_percent=&#8221;100&#8243; gutter_size=&#8221;0&#8243; overlay_alpha=&#8221;50&#8243; shift_x=&#8221;0&#8243; shift_y=&#8221;0&#8243; shift_y_down=&#8221;0&#8243; z_index=&#8221;0&#8243; medium_width=&#8221;0&#8243; mobile_width=&#8221;0&#8243; width=&#8221;1\/1&#8243; css=&#8221;.vc_custom_1551002411961{padding-bottom: 0px !important;}&#8221;][vc_custom_heading text_color=&#8221;color-xsdn&#8221; heading_semantic=&#8221;h1&#8243; text_size=&#8221;h1&#8243; sub_reduced=&#8221;yes&#8221; uncode_shortcode_id=&#8221;997105&#8243; text_color_type=&#8221;uncode-palette&#8221;]<\/p>\n<h1 style=\"text-align: left;\"><span style=\"color: #ffffff;\">[UNVRS]<\/span><\/h1>\n<p>[\/vc_custom_heading][vc_column_text text_lead=&#8221;yes&#8221; uncode_shortcode_id=&#8221;142595&#8243;]<\/p>\n<h4><span style=\"font-weight: 400; color: #ffffff;\">\u00c8 arrivato il primo hyperclub al mondo<\/span><\/h4>\n<p>[\/vc_column_text][\/vc_column_inner][\/vc_row_inner][\/vc_column][\/vc_row][vc_row row_height_percent=&#8221;0&#8243; overlay_alpha=&#8221;50&#8243; gutter_size=&#8221;3&#8243; column_width_percent=&#8221;100&#8243; shift_y=&#8221;0&#8243; z_index=&#8221;0&#8243; css=&#8221;.vc_custom_1551018712642{margin-top: 0px !important;margin-bottom: 0px !important;}&#8221;][vc_column column_width_percent=&#8221;100&#8243; gutter_size=&#8221;3&#8243; overlay_alpha=&#8221;50&#8243; shift_x=&#8221;0&#8243; shift_y=&#8221;0&#8243; shift_y_down=&#8221;0&#8243; z_index=&#8221;0&#8243; medium_width=&#8221;0&#8243; mobile_width=&#8221;0&#8243; width=&#8221;3\/4&#8243;][uncode_block id=&#8221;525847&#8243;][vc_column_text uncode_shortcode_id=&#8221;547284&#8243;][UNVRS] (pronunciato \u201cUniverse\u201d) sar\u00e0 il primo Hyperclub al mondo, che aprir\u00e0 a Ibiza per la stagione 2025.<\/p>\n<p>Si trova a San Rafael, nel centro di Ibiza, vicino ad Amnesia, un altro dei famosi superclub di Ibiza.[\/vc_column_text][vc_row_inner row_inner_height_percent=&#8221;0&#8243; back_color=&#8221;accent&#8221; overlay_alpha=&#8221;50&#8243; gutter_size=&#8221;3&#8243; shift_y=&#8221;0&#8243; z_index=&#8221;0&#8243; css=&#8221;.vc_custom_1579608219493{padding-bottom: 10px !important;}&#8221;][vc_column_inner column_width_percent=&#8221;100&#8243; gutter_size=&#8221;3&#8243; override_padding=&#8221;yes&#8221; column_padding=&#8221;2&#8243; overlay_alpha=&#8221;50&#8243; shift_x=&#8221;0&#8243; shift_y=&#8221;0&#8243; shift_y_down=&#8221;0&#8243; z_index=&#8221;0&#8243; medium_width=&#8221;0&#8243; mobile_width=&#8221;0&#8243; width=&#8221;1\/1&#8243;][vc_column_text uncode_shortcode_id=&#8221;105716&#8243;]<span style=\"text-decoration: underline; color: #ffffff;\">In questa pagina:<\/span><\/p>\n<p><span style=\"color: #ffffff;\"><a style=\"color: #ffffff;\" href=\"#history\">Storia<\/a><\/span><br \/>\n<span style=\"color: #ffffff;\"><a style=\"color: #ffffff;\" href=\"#info\">Informazioni sul club<\/a><\/span><br \/>\n<span style=\"color: #ffffff;\"><a style=\"color: #ffffff;\" href=\"#vip\">VIP UNVRS Ibiza<\/a><\/span><br \/>\n<span style=\"color: #ffffff;\"><a style=\"color: #ffffff;\" href=\"#2026\">UNVRS Ibiza 2026<\/a><\/span><br \/>\n<span style=\"color: #ffffff;\"><a style=\"color: #ffffff;\" href=\"#faqs\">Domande frequenti<\/a><\/span><br \/>\n<span style=\"color: #ffffff;\"><a style=\"color: #ffffff;\" href=\"#accommodation\">Alloggi<\/a><\/span>[\/vc_column_text][\/vc_column_inner][\/vc_row_inner][vc_custom_heading separator_color=&#8221;yes&#8221; separator=&#8221;yes&#8221; uncode_shortcode_id=&#8221;145252&#8243;]<\/p>\n<h2 id=\"history\" class=\"p1\">La storia di UNVRS Ibiza<\/h2>\n<p>[\/vc_custom_heading][vc_column_text uncode_shortcode_id=&#8221;688195&#8243;][UNVRS] \u00e8 stato annunciato nell\u2019agosto 2024. \u00c8 di propriet\u00e0 di The Night League, la societ\u00e0 dietro i super club di Ibiza Ushua\u00efa e H\u00ef. <\/p>\n<p>Yann Pissenem, fondatore di The Night League, ha annunciato [UNVRS] in un video sui social media insieme alla superstar di Hollywood Will Smith.[\/vc_column_text][vc_column_text uncode_shortcode_id=&#8221;178337&#8243;]Ma qual \u00e8 la storia di [UNVRS]? Il locale era precedentemente noto come Privilege, famoso per essere il club pi\u00f9 grande del mondo. La capacit\u00e0 di ospitare 10.000 clubber lo ha reso il super club pi\u00f9 grande anche per gli standard di Ibiza. Durante il periodo in cui si chiamava Privilege, il club ha ospitato residency di artisti del calibro di RESISTANCE, Carl Cox, Tiesto e Armin van Buuren.   <\/p>\n<p>Alcune delle feste pi\u00f9 famose dell\u2019isola si sono svolte anche al Vista Club del Privilege: elrow e Solid Grooves.<\/p>\n<p>Prima di Privilege, il locale si chiamava Ku. Forse la festa pi\u00f9 famosa al Ku \u00e8 stata Manumission, la festa acclamata in tutto il mondo portata dal Regno Unito a Ibiza negli anni \u201990.[\/vc_column_text][vc_custom_heading separator_color=&#8221;yes&#8221; separator=&#8221;yes&#8221; uncode_shortcode_id=&#8221;156614&#8243;]<\/p>\n<h2 id=\"info\" class=\"p1\">Informazioni sul club<\/h2>\n<p>[\/vc_custom_heading][vc_column_text uncode_shortcode_id=&#8221;684398&#8243;]Inaugurato nel 1978, l\u2019enorme edificio ha subito diversi lavori di ristrutturazione nel corso degli anni. Dato che il club \u00e8 chiuso dal 2019, ora che [UNVRS] ha ufficialmente aperto, l\u2019aspetto e l\u2019atmosfera sono decisamente diversi. <\/p>\n<p>Nella sua precedente forma di Privilege, il locale era diviso tra l\u2019enorme sala principale, il Vista Club e il Coco Loco bar. C\u2019erano anche vari giardini e aree relax sparsi negli spazi esterni. <\/p>\n<p>Infine, c\u2019\u00e8 l\u2019iconica cupola. \u00c8 ci\u00f2 per cui Privilege era forse pi\u00f9 conosciuto, distinguendosi da lontano mentre i clubber accorrevano al locale ogni estate. <\/p>\n<p>La cupola \u00e8 ancora una parte centrale di UNVRS e ci sono diverse sale che i clubber possono esplorare all\u2019interno di UNVRS, tra cui Wild Comet e The Bunker.<\/p>\n<p>La capienza massima del club era di 10.000 persone, il che lo rendeva il club pi\u00f9 grande del mondo.<\/p>\n<p>Come per la trasformazione dei locali ora conosciuti come H\u00ef e Ushua\u00efa da parte di The Night League, non sorprende che ci siano anche molte opzioni di tavoli VIP nel club.<\/p>\n<p>TNL afferma che:[\/vc_column_text][vc_row_inner row_inner_height_percent=&#8221;0&#8243; back_color=&#8221;color-vyce&#8221; overlay_alpha=&#8221;50&#8243; gutter_size=&#8221;3&#8243; shift_y=&#8221;0&#8243; z_index=&#8221;0&#8243;][vc_column_inner column_width_percent=&#8221;100&#8243; gutter_size=&#8221;3&#8243; override_padding=&#8221;yes&#8221; column_padding=&#8221;2&#8243; overlay_alpha=&#8221;50&#8243; radius=&#8221;sm&#8221; shadow=&#8221;sm&#8221; shift_x=&#8221;0&#8243; shift_y=&#8221;0&#8243; shift_y_down=&#8221;0&#8243; z_index=&#8221;0&#8243; medium_width=&#8221;0&#8243; mobile_width=&#8221;0&#8243; width=&#8221;1\/1&#8243;][vc_icon position=&#8221;right&#8221; display=&#8221;inline&#8221; icon=&#8221;fa fa-quote&#8221; icon_color=&#8221;color-xsdn&#8221; size=&#8221;fa-3x&#8221;][\/vc_icon][vc_column_text uncode_shortcode_id=&#8221;175671&#8243;]<strong><span style=\"color: #ffffff;\">\u201c[UNVRS] combina il servizio di alta gamma, il lusso e l\u2019attenzione ai dettagli di una discoteca con l\u2019infrastruttura, le dimensioni e l\u2019ambizione degli eventi in arena, creando un concetto mai visto prima nell\u2019intrattenimento notturno, elevato ulteriormente dalla produzione strabiliante del fondatore di High Scream, Romain Pissenem.\u201d<\/span><\/strong>[\/vc_column_text][\/vc_column_inner][\/vc_row_inner][vc_column_text uncode_shortcode_id=&#8221;259984&#8243;]Ci aspettiamo grandi, grandi cose dal club in termini di produzione e non vediamo l\u2019ora di vedere cosa porter\u00e0 il club alla vita notturna di Ibiza.[\/vc_column_text][vc_custom_heading separator_color=&#8221;yes&#8221; separator=&#8221;yes&#8221; uncode_shortcode_id=&#8221;102528&#8243; el_id=&#8221;vip&#8221;]<\/p>\n<h2 class=\"p1\">VIP UNVRS Ibiza<\/h2>\n<p>[\/vc_custom_heading][vc_column_text uncode_shortcode_id=&#8221;965257&#8243;]Come accennato in precedenza, ci sono molte opzioni VIP all\u2019UNVRS dato l\u2019annuncio del club da parte di The Night League.<\/p>\n<p>Per alcuni eventi, vengono offerti biglietti VIP. Questo d\u00e0 al titolare l\u2019accesso a un balcone VIP, una terrazza VIP e alcune bevande incluse. Non include un tavolo privato, ma offre un\u2019esperienza superiore rispetto all\u2019ingresso normale.[\/vc_column_text][vc_custom_heading separator_color=&#8221;yes&#8221; separator=&#8221;yes&#8221; uncode_shortcode_id=&#8221;155870&#8243; el_id=&#8221;2026&#8243;]<\/p>\n<h2 class=\"p1\">UNVRS Ibiza 2026<\/h2>\n<p>[\/vc_custom_heading][vc_column_text uncode_shortcode_id=&#8221;918439&#8243;]UNVRS ospita il suo Opening Party \/ Festa di Apertura domenica 26 aprile.<\/p>\n<p>Nel 2026, UNVRS vedr\u00e0 il ritorno del Galactic Circus di David Guetta. La megastar francese ha avuto una prima stagione di incredibile successo portando la festa all\u2019UNVRS e ci aspettiamo altre serate epiche in questa stagione. <\/p>\n<p>John Summit presenta il suo party Experts Only per una residency del luned\u00ec a partire dal 1\u00b0 giugno.<\/p>\n<p>elrow torna a far scatenare le sue inconfondibili feste grandiose ogni sabato a partire dal 6 giugno.<\/p>\n<p>Il re in persona, Carl Cox, torna per la sua residency domenicale a partire dal 21 giugno.<\/p>\n<p>Il Paradise di Jamie Jones torner\u00e0 ogni mercoled\u00ec dal 10 giugno, e anche FISHER torner\u00e0 ogni gioved\u00ec dal 4 giugno.<\/p>\n<p>ANYMA sar\u00e0 protagonista del marted\u00ec tra giugno e settembre.<\/p>\n<p>Resta sintonizzato per ulteriori annunci su UNVRS 2026&#8230;[\/vc_column_text][vc_custom_heading heading_semantic=&#8221;h4&#8243; text_size=&#8221;h4&#8243; separator_color=&#8221;yes&#8221; separator=&#8221;yes&#8221; uncode_shortcode_id=&#8221;806346&#8243;]<\/p>\n<h4 class=\"p1\">Riepilogo di UNVRS Ibiza 2025<\/h4>\n<p>[\/vc_custom_heading][vc_column_text uncode_shortcode_id=&#8221;144016&#8243;]L\u2019Opening Party \/ Festa di Apertura di [UNVRS] si \u00e8 svolta venerd\u00ec 30 maggio. [UNVRS] sar\u00e0 la nuova casa di <a href=\"https:\/\/ticketsibiza.com\/it\/feste\/elrow\/\">elrow<\/a>, una delle feste pi\u00f9 famose e consolidate di Ibiza. <\/p>\n<p>Nientemeno che <strong>Carl Cox<\/strong> ha ospitato le serate della domenica a partire dal 22 giugno.<\/p>\n<p><strong>David Guetta<\/strong> ha ospitato <strong>Galactic Circus<\/strong> ogni venerd\u00ec dal 13 giugno.<\/p>\n<p>Nel frattempo, <strong>FISHER<\/strong> ha spostato la sua residency da H\u00ef e si \u00e8 impossessato della fascia del gioved\u00ec.<\/p>\n<p><strong>Paradise<\/strong> di Jamie Jones ha preso il posto del mercoled\u00ec.<\/p>\n<p><strong>Eric Prydz<\/strong> ha ospitato i suoi incredibili spettacoli Holosphere il luned\u00ec a partire dal 2 giugno.<\/p>\n<p><strong>Anyma<\/strong> ha preso il posto del marted\u00ec dall\u2019<strong>8 luglio<\/strong>.<\/p>\n<p>Gli annunci finora segnalano che il club \u00e8 pronto a ospitare le pi\u00f9 grandi residency su base settimanale per tutta la stagione.<\/p>\n<p>Inoltre, alcune feste speciali una tantum saranno ospitate da artisti del calibro di ANOTR e Sara Landry.[\/vc_column_text][vc_row_inner row_inner_height_percent=&#8221;0&#8243; overlay_alpha=&#8221;50&#8243; gutter_size=&#8221;3&#8243; shift_y=&#8221;0&#8243; z_index=&#8221;0&#8243; css=&#8221;.vc_custom_1579610210262{margin-top: 18px !important;margin-bottom: 18px !important;border-bottom-width: 5px !important;padding-top: 5px !important;}&#8221;][vc_column_inner column_width_percent=&#8221;100&#8243; gutter_size=&#8221;3&#8243; override_padding=&#8221;yes&#8221; column_padding=&#8221;2&#8243; overlay_alpha=&#8221;50&#8243; shift_x=&#8221;0&#8243; shift_y=&#8221;0&#8243; shift_y_down=&#8221;0&#8243; z_index=&#8221;0&#8243; medium_width=&#8221;0&#8243; mobile_width=&#8221;0&#8243; width=&#8221;1\/2&#8243; css=&#8221;.vc_custom_1579610582782{padding-top: 5px !important;padding-right: 12px !important;padding-bottom: 5px !important;padding-left: 12px !important;}&#8221;][vc_custom_heading heading_semantic=&#8221;h4&#8243; text_size=&#8221;h4&#8243; text_transform=&#8221;uppercase&#8221; separator=&#8221;yes&#8221; uncode_shortcode_id=&#8221;440584&#8243;]<\/p>\n<h4 style=\"text-align: center;\">Feste 2026<\/h4>\n<p>[\/vc_custom_heading][vc_message message_color=&#8221;accent&#8221; uncode_shortcode_id=&#8221;145502&#8243; message_color_type=&#8221;uncode-palette&#8221;]<\/p>\n<ul>\n<li>Luned\u00ec: John Summit<\/li>\n<li>Marted\u00ec: ANYMA<\/li>\n<li>Mercoled\u00ec: Paradise<\/li>\n<li>Gioved\u00ec: FISHER<\/li>\n<li>Venerd\u00ec: David guetta galactic circus<\/li>\n<li>Sabato: elrow<\/li>\n<li>Domenica: Carl cox<\/li>\n<\/ul>\n<p>[\/vc_message][\/vc_column_inner][vc_column_inner column_width_percent=&#8221;100&#8243; gutter_size=&#8221;3&#8243; override_padding=&#8221;yes&#8221; column_padding=&#8221;2&#8243; overlay_alpha=&#8221;50&#8243; shift_x=&#8221;0&#8243; shift_y=&#8221;0&#8243; shift_y_down=&#8221;0&#8243; z_index=&#8221;0&#8243; medium_width=&#8221;0&#8243; mobile_width=&#8221;0&#8243; width=&#8221;1\/2&#8243; css=&#8221;.vc_custom_1579610590767{padding-top: 5px !important;padding-right: 12px !important;padding-bottom: 5px !important;padding-left: 12px !important;}&#8221;][vc_custom_heading heading_semantic=&#8221;h4&#8243; text_size=&#8221;h4&#8243; text_transform=&#8221;uppercase&#8221; separator=&#8221;yes&#8221; uncode_shortcode_id=&#8221;130607&#8243;]<\/p>\n<h4 style=\"text-align: center;\">Feste del 2025<\/h4>\n<p>[\/vc_custom_heading][vc_message message_color=&#8221;color-vyce&#8221; uncode_shortcode_id=&#8221;380699&#8243; message_color_type=&#8221;uncode-palette&#8221;]<\/p>\n<ul>\n<li>Luned\u00ec: Eric prydz<\/li>\n<li>Marted\u00ec: anyma<\/li>\n<li>Mercoled\u00ec: Paradise<\/li>\n<li>Gioved\u00ec: FISHER<\/li>\n<li>Venerd\u00ec: David guetta galactic circus<\/li>\n<li>Sabato: elrow<\/li>\n<li>Domenica: Carl cox<\/li>\n<\/ul>\n<p>[\/vc_message][\/vc_column_inner][\/vc_row_inner][vc_custom_heading text_size=&#8221;h3&#8243; separator=&#8221;over&#8221; sub_reduced=&#8221;yes&#8221; uncode_shortcode_id=&#8221;475347&#8243;]Feste popolari di UNVRS[\/vc_custom_heading][uncode_index el_id=&#8221;index-187984&#8243; index_type=&#8221;carousel&#8221; loop=&#8221;size:10|order_by:date|post_type:page|tax_query:2909|taxonomy_count:10&#8243; carousel_lg=&#8221;4&#8243; carousel_md=&#8221;3&#8243; carousel_sm=&#8221;2&#8243; thumb_size=&#8221;three-two&#8221; gutter_size=&#8221;3&#8243; page_items=&#8221;media|featured|onpost|original&#8221; carousel_interval=&#8221;3000&#8243; carousel_navspeed=&#8221;400&#8243; carousel_loop=&#8221;yes&#8221; stage_padding=&#8221;0&#8243; single_text=&#8221;overlay&#8221; single_overlay_opacity=&#8221;50&#8243; single_h_align=&#8221;center&#8221; single_padding=&#8221;2&#8243; title=&#8221;Parties for Club Carousel&#8221; uncode_shortcode_id=&#8221;189926&#8243;][vc_custom_heading separator_color=&#8221;yes&#8221; separator=&#8221;yes&#8221;]<\/p>\n<h2 id=\"faqs\" class=\"p1\">Domande frequenti<\/h2>\n<p>[\/vc_custom_heading][vc_accordion][vc_accordion_tab gutter_size=&#8221;2&#8243; column_padding=&#8221;2&#8243; title=&#8221;Come arrivo a UNVRS?&#8221; tab_id=&#8221;1560767237-1-24e316-440e1725553843112&#8243;][vc_column_text uncode_shortcode_id=&#8221;615405&#8243;]UNVRS si trova a San Rafael, nel centro dell\u2019isola. Dista meno di 1 km da Amnesia. Pagherai circa 20 \u20ac per arrivarci da San Antonio e 25 \u20ac da Playa d\u2019en Bossa.[\/vc_column_text][\/vc_accordion_tab][vc_accordion_tab gutter_size=&#8221;2&#8243; column_padding=&#8221;2&#8243; title=&#8221;Quando apre UNVRS?&#8221; tab_id=&#8221;1560767237-2-71e316-440e1725553843112&#8243;][vc_column_text uncode_shortcode_id=&#8221;352479&#8243;]UNVRS apre domenica 26 aprile 2026.[\/vc_column_text][\/vc_accordion_tab][vc_accordion_tab gutter_size=&#8221;2&#8243; column_padding=&#8221;2&#8243; title=&#8221;Quanto costa entrare a UNVRS?&#8221; tab_id=&#8221;1560768560770-2-3e316-440e1725553843112&#8243;][vc_column_text uncode_shortcode_id=&#8221;520032&#8243;]I prezzi dei biglietti per UNVRS variano tra 50 e 120 \u20ac.[\/vc_column_text][\/vc_accordion_tab][vc_accordion_tab gutter_size=&#8221;2&#8243; column_padding=&#8221;2&#8243; title=&#8221;Quali sono i prezzi delle bevande all&apos;UNVRS Ibiza?&#8221; tab_id=&#8221;1560768568468-3-4e316-440e1725553843112&#8243;][vc_column_text uncode_shortcode_id=&#8221;915773&#8243;]Una birra costa 18 \u20ac, un mixer e una bibita costano 23 \u20ac e un\u2019acqua costa 15 \u20ac all\u2019UNVRS.[\/vc_column_text][\/vc_accordion_tab][vc_accordion_tab gutter_size=&#8221;2&#8243; column_padding=&#8221;2&#8243; title=&#8221;Qual \u00e8 la capienza dell&apos;UNVRS Ibiza?&#8221; tab_id=&#8221;1560768585183-4-8e316-440e1725553843112&#8243;][vc_column_text uncode_shortcode_id=&#8221;139950&#8243;]UNVRS potrebbe contenere fino a 10.000 persone, tuttavia la sua capacit\u00e0 ufficiale deve ancora essere annunciata.[\/vc_column_text][\/vc_accordion_tab][vc_accordion_tab gutter_size=&#8221;2&#8243; column_padding=&#8221;2&#8243; title=&#8221;Qual \u00e8 il codice di abbigliamento all&apos;UNVRS?&#8221; tab_id=&#8221;1560768597322-5-10e316-440e1725553843112&#8243;][vc_column_text uncode_shortcode_id=&#8221;572103&#8243;]Non c\u2019\u00e8 un codice di abbigliamento rigido all\u2019UNVRS, fatta eccezione per la solita politica di non indossare magliette da calcio o infradito.[\/vc_column_text][\/vc_accordion_tab][\/vc_accordion][\/vc_column][vc_column column_width_percent=&#8221;100&#8243; align_horizontal=&#8221;align_center&#8221; gutter_size=&#8221;2&#8243; overlay_alpha=&#8221;50&#8243; shift_x=&#8221;0&#8243; shift_y=&#8221;0&#8243; shift_y_down=&#8221;0&#8243; z_index=&#8221;0&#8243; medium_visibility=&#8221;yes&#8221; medium_width=&#8221;0&#8243; mobile_visibility=&#8221;yes&#8221; mobile_width=&#8221;0&#8243; sticky=&#8221;yes&#8221; width=&#8221;1\/4&#8243;][vc_single_image media=&#8221;993330&#8243; media_width_percent=&#8221;75&#8243; alignment=&#8221;center&#8221; shape=&#8221;img-circle&#8221; border=&#8221;yes&#8221; shadow=&#8221;yes&#8221; shadow_weight=&#8221;sm&#8221; shadow_darker=&#8221;yes&#8221; uncode_shortcode_id=&#8221;159153&#8243;][vc_separator sep_color=&#8221;accent&#8221;][vc_separator sep_color=&#8221;accent&#8221;][uncode_block id=&#8221;146863&#8243; inside_column=&#8221;yes&#8221;][\/vc_column][\/vc_row][vc_section back_color=&#8221;color-lxmt&#8221; overlay_alpha=&#8221;50&#8243;][vc_row][vc_column width=&#8221;3\/4&#8243;][vc_gallery el_id=&#8221;gallery-160005&#8243; type=&#8221;justified&#8221; random=&#8221;yes&#8221; medias=&#8221;993338,993332,993333,993334,993336&#8243; justify_row_height=&#8221;150&#8243; gutter_size=&#8221;0&#8243; single_overlay_opacity=&#8221;50&#8243; single_padding=&#8221;2&#8243; title=&#8221;Galleria fotografica&#8221; uncode_shortcode_id=&#8221;166193&#8243;][\/vc_column][vc_column width=&#8221;1\/4&#8243;][\/vc_column][\/vc_row][\/vc_section][vc_section back_color=&#8221;color-prif&#8221; overlay_alpha=&#8221;50&#8243;][vc_row row_height_percent=&#8221;0&#8243; overlay_alpha=&#8221;50&#8243; gutter_size=&#8221;3&#8243; column_width_percent=&#8221;100&#8243; shift_y=&#8221;0&#8243; z_index=&#8221;0&#8243; row_name=&#8221;listings&#8221;][vc_column column_width_percent=&#8221;100&#8243; position_vertical=&#8221;middle&#8221; align_horizontal=&#8221;align_center&#8221; gutter_size=&#8221;2&#8243; overlay_alpha=&#8221;50&#8243; shift_x=&#8221;0&#8243; shift_y=&#8221;0&#8243; shift_y_down=&#8221;0&#8243; z_index=&#8221;0&#8243; medium_width=&#8221;0&#8243; mobile_width=&#8221;0&#8243; width=&#8221;1\/1&#8243;][vc_custom_heading text_color=&#8221;color-xsdn&#8221; text_size=&#8221;h3&#8243; separator_color=&#8221;yes&#8221; separator=&#8221;yes&#8221; sub_reduced=&#8221;yes&#8221;]<\/p>\n<h2 style=\"text-align: center;\"><span style=\"color: #ffffff;\">Eventi<\/span><\/h2>\n<p>[\/vc_custom_heading]\t\t<div class=\"wcs-timetable__wrapper\">\n\t\t\t<div class=\"wcs-vue\" id=\"wcs-app-147\"><\/div>\n\t\t<\/div>\n\t\t[\/vc_column][\/vc_row][vc_row unlock_row_content=&#8221;yes&#8221; row_height_percent=&#8221;0&#8243; override_padding=&#8221;yes&#8221; h_padding=&#8221;0&#8243; top_padding=&#8221;0&#8243; bottom_padding=&#8221;0&#8243; overlay_alpha=&#8221;50&#8243; gutter_size=&#8221;3&#8243; column_width_percent=&#8221;100&#8243; shift_y=&#8221;0&#8243; z_index=&#8221;0&#8243; row_name=&#8221;accommodation&#8221; uncode_shortcode_id=&#8221;141378&#8243;][vc_column column_width_percent=&#8221;100&#8243; gutter_size=&#8221;3&#8243; override_padding=&#8221;yes&#8221; column_padding=&#8221;0&#8243; overlay_alpha=&#8221;50&#8243; shift_x=&#8221;0&#8243; shift_y=&#8221;0&#8243; shift_y_down=&#8221;0&#8243; z_index=&#8221;0&#8243; medium_width=&#8221;0&#8243; mobile_width=&#8221;0&#8243; width=&#8221;1\/1&#8243;][\/vc_column][\/vc_row][\/vc_section]<\/p>\n<\/div>","protected":false},"excerpt":{"rendered":"<p>[vc_row row_height_percent=&#8221;0&#8243; override_padding=&#8221;yes&#8221; h_padding=&#8221;2&#8243; top_padding=&#8221;2&#8243; bottom_padding=&#8221;0&#8243; back_color=&#8221;color-jevc&#8221; back_image=&#8221;613488&#8243; overlay_alpha=&#8221;50&#8243; gutter_size=&#8221;3&#8243; column_width_percent=&#8221;100&#8243; shift_y=&#8221;0&#8243; z_index=&#8221;0&#8243; row_height_pixel=&#8221;50&#8243; uncode_shortcode_id=&#8221;146427&#8243; back_color_type=&#8221;uncode-palette&#8221;][vc_column width=&#8221;1\/1&#8243;][vc_empty_space empty_h=&#8221;5&#8243;][vc_row_inner row_inner_height_percent=&#8221;0&#8243; force_width_grid=&#8221;yes&#8221; [&hellip;]<\/p>\n","protected":false},"author":1,"featured_media":993330,"parent":989650,"menu_order":0,"comment_status":"closed","ping_status":"closed","template":"","meta":{"_acf_changed":false,"footnotes":""},"class_list":["post-993284","page","type-page","status-publish","has-post-thumbnail","hentry"],"acf":[],"_links":{"self":[{"href":"https:\/\/ticketsibiza.com\/it\/wp-json\/wp\/v2\/pages\/993284","targetHints":{"allow":["GET"]}}],"collection":[{"href":"https:\/\/ticketsibiza.com\/it\/wp-json\/wp\/v2\/pages"}],"about":[{"href":"https:\/\/ticketsibiza.com\/it\/wp-json\/wp\/v2\/types\/page"}],"author":[{"embeddable":true,"href":"https:\/\/ticketsibiza.com\/it\/wp-json\/wp\/v2\/users\/1"}],"replies":[{"embeddable":true,"href":"https:\/\/ticketsibiza.com\/it\/wp-json\/wp\/v2\/comments?post=993284"}],"version-history":[{"count":72,"href":"https:\/\/ticketsibiza.com\/it\/wp-json\/wp\/v2\/pages\/993284\/revisions"}],"predecessor-version":[{"id":1120524,"href":"https:\/\/ticketsibiza.com\/it\/wp-json\/wp\/v2\/pages\/993284\/revisions\/1120524"}],"up":[{"embeddable":true,"href":"https:\/\/ticketsibiza.com\/it\/wp-json\/wp\/v2\/pages\/989650"}],"wp:featuredmedia":[{"embeddable":true,"href":"https:\/\/ticketsibiza.com\/it\/wp-json\/wp\/v2\/media\/993330"}],"wp:attachment":[{"href":"https:\/\/ticketsibiza.com\/it\/wp-json\/wp\/v2\/media?parent=993284"}],"curies":[{"name":"wp","href":"https:\/\/api.w.org\/{rel}","templated":true}]}}