{"id":992830,"date":"2019-02-24T16:12:00","date_gmt":"2019-02-24T16:12:00","guid":{"rendered":"https:\/\/ticketsibiza.com\/parties\/elrow\/"},"modified":"2026-03-18T11:54:58","modified_gmt":"2026-03-18T11:54:58","slug":"elrow","status":"publish","type":"page","link":"https:\/\/ticketsibiza.com\/it\/feste\/elrow\/","title":{"rendered":"Elrow Ibiza 2026 &#8211; Biglietti, eventi e lineup"},"content":{"rendered":"<div class=\"wpb-content-wrapper\"><p>[vc_row row_height_percent=&#8221;0&#8243; override_padding=&#8221;yes&#8221; h_padding=&#8221;2&#8243; top_padding=&#8221;2&#8243; bottom_padding=&#8221;0&#8243; back_image=&#8221;60593&#8243; overlay_alpha=&#8221;50&#8243; gutter_size=&#8221;3&#8243; column_width_percent=&#8221;100&#8243; shift_y=&#8221;0&#8243; z_index=&#8221;0&#8243; row_height_pixel=&#8221;50&#8243;][vc_column width=&#8221;1\/1&#8243;][vc_empty_space empty_h=&#8221;5&#8243;][vc_row_inner row_inner_height_percent=&#8221;0&#8243; force_width_grid=&#8221;yes&#8221; overlay_color=&#8221;color-149363&#8243; overlay_alpha=&#8221;70&#8243; gutter_size=&#8221;1&#8243; shift_y=&#8221;1&#8243; z_index=&#8221;3&#8243; css=&#8221;.vc_custom_1555709371599{margin-bottom: 0px !important;border-bottom-width: 0px !important;padding-top: 0px !important;padding-bottom: 0px !important;padding-left: 20px !important;}&#8221;][vc_column_inner column_width_percent=&#8221;100&#8243; gutter_size=&#8221;0&#8243; overlay_alpha=&#8221;50&#8243; shift_x=&#8221;0&#8243; shift_y=&#8221;0&#8243; shift_y_down=&#8221;0&#8243; z_index=&#8221;0&#8243; medium_width=&#8221;0&#8243; mobile_width=&#8221;0&#8243; width=&#8221;1\/1&#8243; css=&#8221;.vc_custom_1551002411961{padding-bottom: 0px !important;}&#8221;][vc_custom_heading text_color=&#8221;color-xsdn&#8221; heading_semantic=&#8221;h1&#8243; text_size=&#8221;h1&#8243; sub_reduced=&#8221;yes&#8221;]elrow[\/vc_custom_heading][vc_column_text text_lead=&#8221;yes&#8221; uncode_shortcode_id=&#8221;110498&#8243;]<strong><span style=\"color: white;\">UNVRS<\/span><\/strong>[\/vc_column_text][\/vc_column_inner][\/vc_row_inner][\/vc_column][\/vc_row][vc_row row_height_percent=&#8221;0&#8243; override_padding=&#8221;yes&#8221; h_padding=&#8221;2&#8243; top_padding=&#8221;2&#8243; bottom_padding=&#8221;0&#8243; overlay_alpha=&#8221;50&#8243; gutter_size=&#8221;3&#8243; column_width_percent=&#8221;100&#8243; shift_y=&#8221;0&#8243; z_index=&#8221;0&#8243; css=&#8221;.vc_custom_1551018966910{margin-bottom: 0px !important;padding-bottom: 0px !important;}&#8221;][vc_column column_width_percent=&#8221;100&#8243; gutter_size=&#8221;0&#8243; overlay_alpha=&#8221;50&#8243; shift_x=&#8221;0&#8243; shift_y=&#8221;0&#8243; shift_y_down=&#8221;0&#8243; z_index=&#8221;0&#8243; medium_width=&#8221;0&#8243; mobile_width=&#8221;0&#8243; width=&#8221;3\/4&#8243;][vc_column_text]<\/p>\n<blockquote>\n<h3>\u201cLa festa pi\u00f9 grande, folle e straordinaria che Ibiza abbia da offrire\u201d<\/h3>\n<\/blockquote>\n<p>[\/vc_column_text][\/vc_column][vc_column column_width_percent=&#8221;100&#8243; align_horizontal=&#8221;align_center&#8221; gutter_size=&#8221;0&#8243; overlay_alpha=&#8221;50&#8243; shift_x=&#8221;0&#8243; shift_y=&#8221;0&#8243; shift_y_down=&#8221;0&#8243; z_index=&#8221;0&#8243; medium_width=&#8221;0&#8243; mobile_width=&#8221;0&#8243; sticky=&#8221;yes&#8221; width=&#8221;1\/4&#8243; link_to=&#8221;url:%23listings|&#8221;][vc_button button_color=&#8221;color-jevc&#8221; size=&#8221;btn-lg&#8221; border_animation=&#8221;btn-ripple-out&#8221; border_width=&#8221;0&#8243; link=&#8221;url:%23listings|&#8221; button_color_type=&#8221;uncode-palette&#8221; uncode_shortcode_id=&#8221;182239&#8243;]Acquista biglietti[\/vc_button][\/vc_column][\/vc_row][vc_row row_height_percent=&#8221;0&#8243; overlay_alpha=&#8221;50&#8243; gutter_size=&#8221;3&#8243; column_width_percent=&#8221;100&#8243; shift_y=&#8221;0&#8243; z_index=&#8221;0&#8243; css=&#8221;.vc_custom_1551018712642{margin-top: 0px !important;margin-bottom: 0px !important;}&#8221;][vc_column column_width_percent=&#8221;100&#8243; gutter_size=&#8221;2&#8243; overlay_alpha=&#8221;50&#8243; shift_x=&#8221;0&#8243; shift_y=&#8221;0&#8243; shift_y_down=&#8221;0&#8243; z_index=&#8221;0&#8243; medium_width=&#8221;0&#8243; mobile_width=&#8221;0&#8243; width=&#8221;3\/4&#8243;][vc_column_text uncode_shortcode_id=&#8221;586588&#8243;]<strong>elrow<\/strong> \u00e8 semplicemente la festa pi\u00f9 hot di Ibiza, punto e basta.<\/p>\n<p>Preparati a un\u2019esperienza sensoriale travolgente con un tema diverso ogni sabato all\u2019<strong>UNVRS<\/strong>, dove troverai ballerini sospesi dal soffitto, enormi cannoni di coriandoli che esplodono in ogni direzione e un\u2019atmosfera da carnevale che \u00e8 diventata un\u2019istituzione a Ibiza e ha aiutato il brand ad affermarsi in tutto il mondo negli ultimi anni.<\/p>\n<p>elrow ha una storia che abbraccia decenni, ma ha trovato il suo vero posto a Ibiza solo quando \u00e8 arrivato allo <strong>Space<\/strong> nel 2015. Con la crescente popolarit\u00e0 delle sue feste, e quando lo Space ha chiuso definitivamente, il party si \u00e8 trasferito ad <strong>Amnesia<\/strong>, dove ha scatenato il caos fino al 2024. Nel 2025 ha portato tutto a un livello superiore con il trasferimento all\u2019<strong>UNVRS<\/strong>, il locale pi\u00f9 nuovo e tecnologicamente avanzato dell\u2019isola.  <\/p>\n<p>Per il 2026, elrow torna all\u2019UNVRS dal <strong>6 giugno<\/strong> al <strong>3 ottobre<\/strong>, tuffandosi a capofitto nella sua stagione pi\u00f9 immersiva di sempre. Preparati a Enter The WORTEX &#8211; un wormhole technicolor verso sei mondi immersivi tra cui <strong>Neo Kaos Garden<\/strong>, <strong>Delusionville 2.0<\/strong>, <strong>Nowmads: New World<\/strong>, <strong>Hallucinarium<\/strong> e due concept completamente nuovi pronti a distorcere ulteriormente la realt\u00e0. Aspettati arte, musica e performance su una scala mai vista prima a Ibiza, con visual cinetici, scenografie gigantesche e creativit\u00e0 rivoluzionaria portata in vita dalle capacit\u00e0 produttive di nuova generazione dell\u2019UNVRS.  <\/p>\n<p>La musica di elrow \u00e8 prevalentemente tech house, con set ad alta energia e atmosfera da party portata all\u2019undicesima potenza. Nelle stagioni precedenti, la lineup di elrow Ibiza ha incluso nomi come <strong>Adam Beyer<\/strong>, <strong>Erick Morillo<\/strong>, <strong>Groove Armada<\/strong>, <strong>Skream<\/strong>, <strong>K\u00f6lsch<\/strong>, <strong>Eats Everything<\/strong>, <strong>Paco Osuna<\/strong>, <strong>Pan-Pot<\/strong>, <strong>Richy Ahmed<\/strong>, <strong>Steve Lawler<\/strong>, <strong>Joris Voorn<\/strong>, <strong>Technasia<\/strong>, <strong>wAFF<\/strong> e molti altri. <\/p>\n<p>Il 2026 promette un\u2019avventura multisensoriale che va ben oltre la solita serata in discoteca. Aspettati produzioni pi\u00f9 grandi, personaggi pi\u00f9 stravaganti, trame pi\u00f9 profonde e sabati indimenticabili all\u2019UNVRS. <\/p>\n<p>Non vediamo l\u2019ora di perderci di nuovo nella follia. Ci vediamo nel WORTEX.[\/vc_column_text][\/vc_column][vc_column column_width_percent=&#8221;100&#8243; gutter_size=&#8221;0&#8243; overlay_alpha=&#8221;50&#8243; shift_x=&#8221;0&#8243; shift_y=&#8221;0&#8243; shift_y_down=&#8221;0&#8243; z_index=&#8221;0&#8243; medium_width=&#8221;0&#8243; mobile_width=&#8221;0&#8243; sticky=&#8221;yes&#8221; width=&#8221;1\/4&#8243;][vc_separator sep_color=&#8221;color-149363&#8243;][uncode_list icon=&#8221;fa fa-location-outline&#8221; uncode_shortcode_id=&#8221;172613&#8243;]<\/p>\n<ul>\n<li><a href=\"https:\/\/ticketsibiza.com\/it\/clubs\/unvrs\/\">UNVRS<\/a><\/li>\n<\/ul>\n<p>[\/uncode_list][uncode_list icon=&#8221;fa fa-calendar&#8221;]<\/p>\n<ul>\n<li>Sabato<\/li>\n<\/ul>\n<p>[\/uncode_list][uncode_list icon=&#8221;fa fa-cab&#8221; uncode_shortcode_id=&#8221;114720&#8243;]<\/p>\n<ul>\n<li>Urbanizaci\u00f3n San Rafael, 07816<\/li>\n<\/ul>\n<p>[\/uncode_list][vc_separator sep_color=&#8221;color-149363&#8243;][\/vc_column][\/vc_row][vc_section back_color=&#8221;color-lxmt&#8221; overlay_alpha=&#8221;50&#8243;][vc_row row_height_percent=&#8221;0&#8243; overlay_alpha=&#8221;50&#8243; gutter_size=&#8221;3&#8243; column_width_percent=&#8221;100&#8243; shift_y=&#8221;0&#8243; z_index=&#8221;0&#8243;][vc_column column_width_percent=&#8221;100&#8243; gutter_size=&#8221;3&#8243; overlay_alpha=&#8221;50&#8243; shift_x=&#8221;0&#8243; shift_y=&#8221;0&#8243; shift_y_down=&#8221;0&#8243; z_index=&#8221;0&#8243; medium_width=&#8221;0&#8243; mobile_width=&#8221;0&#8243; width=&#8221;3\/4&#8243;][vc_gallery el_id=&#8221;gallery-477270&#8243; type=&#8221;justified&#8221; random=&#8221;yes&#8221; medias=&#8221;992838,992836,992835,992834,992839,992840&#8243; justify_row_height=&#8221;150&#8243; gutter_size=&#8221;3&#8243; single_overlay_opacity=&#8221;50&#8243; single_padding=&#8221;2&#8243;][\/vc_column][vc_column width=&#8221;1\/4&#8243;][uncode_share layout=&#8221;multiple&#8221; separator=&#8221;yes&#8221; title=&#8221;Condividi questa festa&#8221;][\/vc_column][\/vc_row][\/vc_section][vc_section back_color=&#8221;color-prif&#8221; overlay_alpha=&#8221;50&#8243;][vc_row row_height_percent=&#8221;0&#8243; overlay_alpha=&#8221;50&#8243; gutter_size=&#8221;3&#8243; column_width_percent=&#8221;100&#8243; shift_y=&#8221;0&#8243; z_index=&#8221;0&#8243; row_name=&#8221;listings&#8221;][vc_column column_width_percent=&#8221;100&#8243; position_vertical=&#8221;middle&#8221; align_horizontal=&#8221;align_center&#8221; gutter_size=&#8221;2&#8243; overlay_alpha=&#8221;50&#8243; shift_x=&#8221;0&#8243; shift_y=&#8221;0&#8243; shift_y_down=&#8221;0&#8243; z_index=&#8221;0&#8243; medium_width=&#8221;0&#8243; mobile_width=&#8221;0&#8243; width=&#8221;1\/1&#8243;][vc_custom_heading text_color=&#8221;color-xsdn&#8221; sub_lead=&#8221;yes&#8221; uncode_shortcode_id=&#8221;275462&#8243; text_color_type=&#8221;uncode-palette&#8221; el_id=&#8221;listings&#8221;]<\/p>\n<h2 style=\"text-align: center;\"><span style=\"color: #ffffff;\">Eventi<\/span><\/h2>\n<p>[\/vc_custom_heading]\t\t<div class=\"wcs-timetable__wrapper\">\n\t\t\t<div class=\"wcs-vue\" id=\"wcs-app-34\"><\/div>\n\t\t<\/div>\n\t\t[\/vc_column][\/vc_row][\/vc_section]<\/p>\n<\/div>","protected":false},"excerpt":{"rendered":"<p>Sabato<\/p>\n","protected":false},"author":2,"featured_media":992841,"parent":991455,"menu_order":0,"comment_status":"closed","ping_status":"closed","template":"","meta":{"_acf_changed":false,"footnotes":""},"class_list":["post-992830","page","type-page","status-publish","has-post-thumbnail","hentry","page_category-unvrs","page_category-feste"],"acf":[],"_links":{"self":[{"href":"https:\/\/ticketsibiza.com\/it\/wp-json\/wp\/v2\/pages\/992830","targetHints":{"allow":["GET"]}}],"collection":[{"href":"https:\/\/ticketsibiza.com\/it\/wp-json\/wp\/v2\/pages"}],"about":[{"href":"https:\/\/ticketsibiza.com\/it\/wp-json\/wp\/v2\/types\/page"}],"author":[{"embeddable":true,"href":"https:\/\/ticketsibiza.com\/it\/wp-json\/wp\/v2\/users\/2"}],"replies":[{"embeddable":true,"href":"https:\/\/ticketsibiza.com\/it\/wp-json\/wp\/v2\/comments?post=992830"}],"version-history":[{"count":24,"href":"https:\/\/ticketsibiza.com\/it\/wp-json\/wp\/v2\/pages\/992830\/revisions"}],"predecessor-version":[{"id":1127935,"href":"https:\/\/ticketsibiza.com\/it\/wp-json\/wp\/v2\/pages\/992830\/revisions\/1127935"}],"up":[{"embeddable":true,"href":"https:\/\/ticketsibiza.com\/it\/wp-json\/wp\/v2\/pages\/991455"}],"wp:featuredmedia":[{"embeddable":true,"href":"https:\/\/ticketsibiza.com\/it\/wp-json\/wp\/v2\/media\/992841"}],"wp:attachment":[{"href":"https:\/\/ticketsibiza.com\/it\/wp-json\/wp\/v2\/media?parent=992830"}],"curies":[{"name":"wp","href":"https:\/\/api.w.org\/{rel}","templated":true}]}}