{"id":992384,"date":"2019-02-28T07:11:16","date_gmt":"2019-02-28T07:11:16","guid":{"rendered":"https:\/\/ticketsibiza.com\/parties\/music-on\/"},"modified":"2026-03-18T11:35:37","modified_gmt":"2026-03-18T11:35:37","slug":"music-on","status":"publish","type":"page","link":"https:\/\/ticketsibiza.com\/it\/feste\/music-on\/","title":{"rendered":"Music on Ibiza 2026 &#8211; biglietti, eventi e lineup"},"content":{"rendered":"<div class=\"wpb-content-wrapper\"><p>[vc_row row_height_percent=&#8221;0&#8243; override_padding=&#8221;yes&#8221; h_padding=&#8221;2&#8243; top_padding=&#8221;2&#8243; bottom_padding=&#8221;0&#8243; back_image=&#8221;60625&#8243; overlay_alpha=&#8221;50&#8243; gutter_size=&#8221;3&#8243; column_width_percent=&#8221;100&#8243; shift_y=&#8221;0&#8243; z_index=&#8221;0&#8243; row_height_pixel=&#8221;50&#8243;][vc_column width=&#8221;1\/1&#8243;][vc_empty_space empty_h=&#8221;5&#8243;][vc_row_inner row_inner_height_percent=&#8221;0&#8243; force_width_grid=&#8221;yes&#8221; overlay_color=&#8221;color-149363&#8243; overlay_alpha=&#8221;70&#8243; gutter_size=&#8221;1&#8243; shift_y=&#8221;1&#8243; z_index=&#8221;3&#8243; css=&#8221;.vc_custom_1555709552218{margin-bottom: 0px !important;border-bottom-width: 0px !important;padding-top: 0px !important;padding-bottom: 0px !important;padding-left: 20px !important;}&#8221;][vc_column_inner column_width_percent=&#8221;100&#8243; gutter_size=&#8221;0&#8243; overlay_alpha=&#8221;50&#8243; shift_x=&#8221;0&#8243; shift_y=&#8221;0&#8243; shift_y_down=&#8221;0&#8243; z_index=&#8221;0&#8243; medium_width=&#8221;0&#8243; mobile_width=&#8221;0&#8243; width=&#8221;1\/1&#8243; css=&#8221;.vc_custom_1551002411961{padding-bottom: 0px !important;}&#8221;][vc_custom_heading text_color=&#8221;color-xsdn&#8221; heading_semantic=&#8221;h1&#8243; text_size=&#8221;h1&#8243; sub_reduced=&#8221;yes&#8221;]Music on[\/vc_custom_heading][vc_column_text text_lead=&#8221;yes&#8221;]<strong><span style=\"color: white;\">Pacha<\/span><\/strong>[\/vc_column_text][\/vc_column_inner][\/vc_row_inner][\/vc_column][\/vc_row][vc_row row_height_percent=&#8221;0&#8243; override_padding=&#8221;yes&#8221; h_padding=&#8221;2&#8243; top_padding=&#8221;2&#8243; bottom_padding=&#8221;0&#8243; overlay_alpha=&#8221;50&#8243; gutter_size=&#8221;3&#8243; column_width_percent=&#8221;100&#8243; shift_y=&#8221;0&#8243; z_index=&#8221;0&#8243; css=&#8221;.vc_custom_1551018966910{margin-bottom: 0px !important;padding-bottom: 0px !important;}&#8221;][vc_column column_width_percent=&#8221;100&#8243; gutter_size=&#8221;0&#8243; overlay_alpha=&#8221;50&#8243; shift_x=&#8221;0&#8243; shift_y=&#8221;0&#8243; shift_y_down=&#8221;0&#8243; z_index=&#8221;0&#8243; medium_width=&#8221;0&#8243; mobile_width=&#8221;0&#8243; width=&#8221;3\/4&#8243;][vc_column_text uncode_shortcode_id=&#8221;152169&#8243;]<\/p>\n<blockquote>\n<h3>L\u2019istituzione ibizenca di Marco Carola torna al Pacha nel 2026<\/h3>\n<\/blockquote>\n<p>[\/vc_column_text][\/vc_column][vc_column column_width_percent=&#8221;100&#8243; align_horizontal=&#8221;align_center&#8221; gutter_size=&#8221;0&#8243; overlay_alpha=&#8221;50&#8243; shift_x=&#8221;0&#8243; shift_y=&#8221;0&#8243; shift_y_down=&#8221;0&#8243; z_index=&#8221;0&#8243; medium_width=&#8221;0&#8243; mobile_width=&#8221;0&#8243; width=&#8221;1\/4&#8243; link_to=&#8221;url:%23listings|&#8221;][vc_button button_color=&#8221;color-jevc&#8221; size=&#8221;btn-xl&#8221; border_animation=&#8221;btn-ripple-out&#8221; border_width=&#8221;0&#8243; button_color_type=&#8221;uncode-palette&#8221; uncode_shortcode_id=&#8221;160448&#8243;]Acquista biglietti[\/vc_button][\/vc_column][\/vc_row][vc_row row_height_percent=&#8221;0&#8243; overlay_alpha=&#8221;50&#8243; gutter_size=&#8221;3&#8243; column_width_percent=&#8221;100&#8243; shift_y=&#8221;0&#8243; z_index=&#8221;0&#8243; css=&#8221;.vc_custom_1551018712642{margin-top: 0px !important;margin-bottom: 0px !important;}&#8221;][vc_column column_width_percent=&#8221;100&#8243; gutter_size=&#8221;2&#8243; overlay_alpha=&#8221;50&#8243; shift_x=&#8221;0&#8243; shift_y=&#8221;0&#8243; shift_y_down=&#8221;0&#8243; z_index=&#8221;0&#8243; medium_width=&#8221;0&#8243; mobile_width=&#8221;0&#8243; width=&#8221;3\/4&#8243;][vc_column_text uncode_shortcode_id=&#8221;174369&#8243;]Pochi party sull\u2019isola hanno lo stesso peso di Music On. Marco Carola ha costruito una delle istituzioni techno pi\u00f9 rispettate di Ibiza in oltre un decennio all\u2019Amnesia prima di trasferirsi al Pacha nel 2019, e il passaggio non ha fatto che rafforzarla. Quella che era iniziata come una scommessa audace ha dimostrato che il Pacha pu\u00f2 ospitare musica underground al pari dei migliori club.  <\/p>\n<p>Per il 2026, Music On torna ogni venerd\u00ec al Pacha dal 15 maggio fino a un closing party in due parti l\u20198 e il 9 ottobre: 22 settimane di programmazione incessante guidate dallo stesso Carola. L\u2019opening party di venerd\u00ec 15 maggio d\u00e0 il via a un\u2019altra stagione di lineup che attingono ai massimi livelli della techno. Negli anni passati, insieme al \u201cboss\u201d, si sono esibiti Loco Dice, Carl Cox, Danny Tenaglia, Joseph Capriati, Paco Osuna, Seth Troxler, The Martinez Brothers e molti altri.  <\/p>\n<p>Tornano anche le sessioni diurne al Destino, ogni gioved\u00ec dal 18 giugno al 20 agosto. Questi warmup a bordo piscina sulle colline sopra Ibiza Citt\u00e0 sono diventati un vero e proprio rito: una controparte pi\u00f9 intima e solare rispetto all\u2019evento principale. Inizia al Destino, finisci al Pacha. Questa \u00e8 la mossa giusta.   <\/p>\n<p>Se cerchi la techno a Ibiza, Music On rimane il punto di riferimento. Dopo dodici anni, continua ad attirare uno dei pubblici pi\u00f9 fedeli dell\u2019isola, settimana dopo settimana.[\/vc_column_text][\/vc_column][vc_column column_width_percent=&#8221;100&#8243; gutter_size=&#8221;0&#8243; overlay_alpha=&#8221;50&#8243; shift_x=&#8221;0&#8243; shift_y=&#8221;0&#8243; shift_y_down=&#8221;0&#8243; z_index=&#8221;0&#8243; medium_width=&#8221;0&#8243; mobile_width=&#8221;0&#8243; sticky=&#8221;yes&#8221; width=&#8221;1\/4&#8243;][vc_separator sep_color=&#8221;color-149363&#8243;][uncode_list icon=&#8221;fa fa-location-outline&#8221;]<\/p>\n<ul>\n<li><a href=\"https:\/\/ticketsibiza.com\/it\/clubs\/pacha\/\">Pacha<\/a><\/li>\n<\/ul>\n<p>[\/uncode_list][uncode_list icon=&#8221;fa fa-calendar&#8221; uncode_shortcode_id=&#8221;189791&#8243;]<\/p>\n<ul>\n<li>Venerd\u00ec<\/li>\n<\/ul>\n<p>[\/uncode_list][uncode_list icon=&#8221;fa fa-cab&#8221;]<\/p>\n<ul>\n<li>Avenida 8 de Agosto 07800 Ibiza<\/li>\n<\/ul>\n<p>[\/uncode_list][uncode_list icon=&#8221;fa fa-ticket&#8221;]<\/p>\n<ul>\n<li>Ibiza in primo piano<\/li>\n<\/ul>\n<p>[\/uncode_list][vc_separator sep_color=&#8221;color-149363&#8243;][\/vc_column][\/vc_row][vc_section back_color=&#8221;color-lxmt&#8221; overlay_alpha=&#8221;50&#8243;][vc_row][vc_column width=&#8221;3\/4&#8243;][vc_gallery el_id=&#8221;gallery-160005&#8243; type=&#8221;justified&#8221; random=&#8221;yes&#8221; medias=&#8221;992389,992390,992392,992396,992398,992399&#8243; justify_row_height=&#8221;150&#8243; gutter_size=&#8221;3&#8243; single_overlay_opacity=&#8221;50&#8243; single_padding=&#8221;2&#8243; title=&#8221;Galleria Music On&#8221;][\/vc_column][vc_column width=&#8221;1\/4&#8243;][uncode_share layout=&#8221;multiple&#8221; separator=&#8221;yes&#8221; title=&#8221;Condividi questa festa&#8221;][\/vc_column][\/vc_row][\/vc_section][vc_section back_color=&#8221;color-prif&#8221; overlay_alpha=&#8221;50&#8243;][vc_row row_height_percent=&#8221;0&#8243; overlay_alpha=&#8221;50&#8243; gutter_size=&#8221;3&#8243; column_width_percent=&#8221;100&#8243; shift_y=&#8221;0&#8243; z_index=&#8221;0&#8243; row_name=&#8221;listings&#8221;][vc_column column_width_percent=&#8221;100&#8243; position_vertical=&#8221;middle&#8221; align_horizontal=&#8221;align_center&#8221; gutter_size=&#8221;2&#8243; overlay_alpha=&#8221;50&#8243; shift_x=&#8221;0&#8243; shift_y=&#8221;0&#8243; shift_y_down=&#8221;0&#8243; z_index=&#8221;0&#8243; medium_width=&#8221;0&#8243; mobile_width=&#8221;0&#8243; width=&#8221;1\/1&#8243;][vc_custom_heading text_color=&#8221;color-xsdn&#8221; sub_lead=&#8221;yes&#8221; uncode_shortcode_id=&#8221;787774&#8243; text_color_type=&#8221;uncode-palette&#8221;]<\/p>\n<h2 style=\"text-align: center;\"><span style=\"color: #ffffff;\">Eventi<\/span><\/h2>\n<p>[\/vc_custom_heading]\t\t<div class=\"wcs-timetable__wrapper\">\n\t\t\t<div class=\"wcs-vue\" id=\"wcs-app-40\"><\/div>\n\t\t<\/div>\n\t\t[\/vc_column][\/vc_row][\/vc_section]<\/p>\n<\/div>","protected":false},"excerpt":{"rendered":"<p>Gioved\u00ec<\/p>\n","protected":false},"author":2,"featured_media":992397,"parent":991455,"menu_order":0,"comment_status":"closed","ping_status":"closed","template":"","meta":{"_acf_changed":false,"footnotes":""},"class_list":["post-992384","page","type-page","status-publish","has-post-thumbnail","hentry","page_category-feste","page_category-pacha"],"acf":[],"_links":{"self":[{"href":"https:\/\/ticketsibiza.com\/it\/wp-json\/wp\/v2\/pages\/992384","targetHints":{"allow":["GET"]}}],"collection":[{"href":"https:\/\/ticketsibiza.com\/it\/wp-json\/wp\/v2\/pages"}],"about":[{"href":"https:\/\/ticketsibiza.com\/it\/wp-json\/wp\/v2\/types\/page"}],"author":[{"embeddable":true,"href":"https:\/\/ticketsibiza.com\/it\/wp-json\/wp\/v2\/users\/2"}],"replies":[{"embeddable":true,"href":"https:\/\/ticketsibiza.com\/it\/wp-json\/wp\/v2\/comments?post=992384"}],"version-history":[{"count":11,"href":"https:\/\/ticketsibiza.com\/it\/wp-json\/wp\/v2\/pages\/992384\/revisions"}],"predecessor-version":[{"id":1127693,"href":"https:\/\/ticketsibiza.com\/it\/wp-json\/wp\/v2\/pages\/992384\/revisions\/1127693"}],"up":[{"embeddable":true,"href":"https:\/\/ticketsibiza.com\/it\/wp-json\/wp\/v2\/pages\/991455"}],"wp:featuredmedia":[{"embeddable":true,"href":"https:\/\/ticketsibiza.com\/it\/wp-json\/wp\/v2\/media\/992397"}],"wp:attachment":[{"href":"https:\/\/ticketsibiza.com\/it\/wp-json\/wp\/v2\/media?parent=992384"}],"curies":[{"name":"wp","href":"https:\/\/api.w.org\/{rel}","templated":true}]}}