{"id":991658,"date":"2019-06-17T16:07:57","date_gmt":"2019-06-17T15:07:57","guid":{"rendered":"https:\/\/ticketsibiza.com\/clubs\/dc10\/"},"modified":"2026-03-18T11:14:30","modified_gmt":"2026-03-18T11:14:30","slug":"dc10","status":"publish","type":"page","link":"https:\/\/ticketsibiza.com\/it\/clubs\/dc10\/","title":{"rendered":"DC10 Ibiza 2026 &#8211; biglietti, eventi e lineup"},"content":{"rendered":"<div class=\"wpb-content-wrapper\"><p>[vc_row row_height_percent=&#8221;0&#8243; override_padding=&#8221;yes&#8221; h_padding=&#8221;2&#8243; top_padding=&#8221;2&#8243; bottom_padding=&#8221;0&#8243; back_image=&#8221;577766&#8243; overlay_alpha=&#8221;50&#8243; gutter_size=&#8221;3&#8243; column_width_percent=&#8221;100&#8243; shift_y=&#8221;0&#8243; z_index=&#8221;0&#8243; uncode_shortcode_id=&#8221;178573&#8243;][vc_column width=&#8221;1\/1&#8243;][vc_empty_space empty_h=&#8221;3&#8243;][vc_row_inner row_inner_height_percent=&#8221;0&#8243; force_width_grid=&#8221;yes&#8221; overlay_color=&#8221;color-149363&#8243; overlay_alpha=&#8221;70&#8243; gutter_size=&#8221;1&#8243; shift_y=&#8221;1&#8243; z_index=&#8221;3&#8243; css=&#8221;.vc_custom_1555872297672{margin-bottom: 0px !important;border-bottom-width: 0px !important;padding-top: 0px !important;padding-bottom: 0px !important;padding-left: 20px !important;}&#8221;][vc_column_inner column_width_percent=&#8221;100&#8243; gutter_size=&#8221;0&#8243; overlay_alpha=&#8221;50&#8243; shift_x=&#8221;0&#8243; shift_y=&#8221;0&#8243; shift_y_down=&#8221;0&#8243; z_index=&#8221;0&#8243; medium_width=&#8221;0&#8243; mobile_width=&#8221;0&#8243; width=&#8221;1\/1&#8243; css=&#8221;.vc_custom_1551002411961{padding-bottom: 0px !important;}&#8221;][vc_custom_heading text_color=&#8221;color-xsdn&#8221; heading_semantic=&#8221;h1&#8243; text_size=&#8221;h1&#8243; sub_reduced=&#8221;yes&#8221;]<\/p>\n<h1 style=\"text-align: left;\"><span style=\"color: #ffffff;\">DC10<\/span><\/h1>\n<p>[\/vc_custom_heading][vc_column_text text_lead=&#8221;yes&#8221;]<\/p>\n<h4><span style=\"font-weight: 400; color: #ffffff;\">L\u2019originale club underground di Ibiza<\/span><\/h4>\n<p>[\/vc_column_text][\/vc_column_inner][\/vc_row_inner][\/vc_column][\/vc_row][vc_row row_height_percent=&#8221;0&#8243; overlay_alpha=&#8221;50&#8243; gutter_size=&#8221;3&#8243; column_width_percent=&#8221;100&#8243; shift_y=&#8221;0&#8243; z_index=&#8221;0&#8243; css=&#8221;.vc_custom_1551018712642{margin-top: 0px !important;margin-bottom: 0px !important;}&#8221;][vc_column column_width_percent=&#8221;100&#8243; gutter_size=&#8221;3&#8243; overlay_alpha=&#8221;50&#8243; shift_x=&#8221;0&#8243; shift_y=&#8221;0&#8243; shift_y_down=&#8221;0&#8243; z_index=&#8221;0&#8243; medium_width=&#8221;0&#8243; mobile_width=&#8221;0&#8243; width=&#8221;3\/4&#8243;][uncode_block id=&#8221;525847&#8243;][vc_column_text uncode_shortcode_id=&#8221;163484&#8243;]<span style=\"font-weight: 400;\"><span class=\"dropped\">I<\/span>l famoso DC10 ha compiuto 20 anni la scorsa stagione. Anche se il club ha guadagnato popolarit\u00e0 durante questo periodo, \u00e8 ancora il re indiscusso dei club underground a Ibiza. <\/span>[\/vc_column_text][vc_row_inner row_inner_height_percent=&#8221;1&#8243; back_color=&#8221;accent&#8221; overlay_alpha=&#8221;50&#8243; gutter_size=&#8221;3&#8243; shift_y=&#8221;0&#8243; z_index=&#8221;0&#8243;][vc_column_inner column_width_percent=&#8221;100&#8243; gutter_size=&#8221;3&#8243; override_padding=&#8221;yes&#8221; column_padding=&#8221;2&#8243; overlay_alpha=&#8221;50&#8243; shift_x=&#8221;0&#8243; shift_y=&#8221;0&#8243; shift_y_down=&#8221;0&#8243; z_index=&#8221;0&#8243; medium_width=&#8221;0&#8243; mobile_width=&#8221;0&#8243; width=&#8221;1\/1&#8243; css=&#8221;.vc_custom_1579627192674{padding-top: 8px !important;padding-right: 14px !important;padding-bottom: 8px !important;padding-left: 14px !important;}&#8221;][vc_column_text uncode_shortcode_id=&#8221;949856&#8243;]<span style=\"color: #ffffff;\">In questa pagina: <span style=\"color: #ffffff;\"><a style=\"color: #ffffff; text-decoration: underline;\" href=\"#history\">Storia<\/a><\/span> |&nbsp; &nbsp;<span style=\"color: #ffffff;\"><a style=\"color: #ffffff; text-decoration: underline;\" href=\"#info\">Informazioni sul club<\/a><\/span> |&nbsp; &nbsp;<span style=\"color: #ffffff;\"><a style=\"color: #ffffff; text-decoration: underline;\" href=\"#2026\">DC10 Ibiza 2026<\/a><\/span>   |&nbsp; &nbsp;<span style=\"color: #ffffff;\"><a style=\"color: #ffffff; text-decoration: underline;\" href=\"#faqs\">FAQ<\/a><\/span> |&nbsp; &nbsp;<span style=\"color: #ffffff;\"><a style=\"color: #ffffff; text-decoration: underline;\" href=\"#listings\">Lineup<\/a><\/span><\/span>[\/vc_column_text][\/vc_column_inner][\/vc_row_inner][vc_custom_heading separator_color=&#8221;yes&#8221; separator=&#8221;yes&#8221;]<\/p>\n<h2 id=\"history\" class=\"p1\">Storia del DC10 Ibiza<\/h2>\n<p>[\/vc_custom_heading][vc_column_text]La storia del DC10 risale al <strong>1986<\/strong>. All\u2019epoca, i fratelli Sito e Antonio Lara acquistarono un <strong>hangar per aerei in disuso<\/strong> e lo convertirono in una discreta pista da ballo improvvisata per piccoli raduni di festaioli locali. Il locale stava <a href=\"https:\/\/www.periodicodeibiza.es\/pitiusas\/ibiza\/2021\/03\/14\/1246431\/entrevista-deogracias-lara-propietario-dc10-ibiza.html\" target=\"_blank\" rel=\"noopener\">quasi per essere chiamato U2<\/a>, a causa della popolarit\u00e0 della band all\u2019epoca (riusciresti a immaginarlo ora?!). Tuttavia, DC10 \u00e8 stato chiamato come il modello di aereo, che da allora \u00e8 stato dismesso.   <\/p>\n<p>\u00c8 stato solo nel <strong>2002<\/strong> che il DC10 ha davvero raggiunto il palcoscenico globale. I promoter italiani <strong>Andrea Pelino<\/strong> e <strong>Antonio Carbonaro<\/strong> volevano organizzare una festa gratuita in cui la musica non fosse legata a un singolo genere. Con la domenica al leggendario <strong>Space<\/strong> che era una delle feste pi\u00f9 popolari a Ibiza all\u2019epoca, molti videro il DC10 come il luogo perfetto per continuare. La loro festa <a href=\"https:\/\/ticketsibiza.com\/it\/feste\/circoloco\/\"><strong>Circoloco<\/strong><\/a> \u00e8 nata e i luned\u00ec a Ibiza non sono pi\u00f9 stati gli stessi da allora.   <\/p>\n<p>Il club ha avuto problemi di licenza nel corso degli anni, tra cui una chiusura di un anno nel <strong>2008<\/strong> dopo aver ripetutamente violato la sua capacit\u00e0 di 65 persone di diverse centinaia ogni settimana. Al giorno d\u2019oggi puoi aspettarti oltre 4.000 persone tra la sua <strong>terrazza<\/strong>, il <strong>club<\/strong> e gli spazi del <strong>giardino<\/strong>. Nonostante la crescente popolarit\u00e0 del club, rimane comunque nettamente diverso rispetto all\u2019esperienza VIP e ricca di produzione dei superclub di Ibiza come <strong>Amnesia<\/strong>, <strong>Pacha<\/strong>, <strong>Ushua\u00efa<\/strong> e <strong>H\u00ef<\/strong>. In effetti, l\u2019underground \u00e8 l\u2019essenza stessa del DC10 e i suoi proprietari lo manterranno tale.[\/vc_column_text][vc_single_image media=&#8221;991673&#8243; caption=&#8221;yes&#8221; media_width_percent=&#8221;85&#8243; alignment=&#8221;center&#8221; border=&#8221;yes&#8221; shadow=&#8221;yes&#8221; shadow_darker=&#8221;yes&#8221;][vc_column_text]I nomi DC10 e Circoloco ora vanno di pari passo, con Circoloco ora conosciuto in tutto il mondo come uno dei nomi pi\u00f9 autorevoli nella musica house e techno underground.<\/p>\n<p>Anche se le loro feste si svolgono in ogni angolo del globo, \u00e8 al DC10 che tutto \u00e8 iniziato e continua a essere il luogo pi\u00f9 importante che spinge nuovi confini ed \u00e8 l\u2019epitome dello &#8220;spirito dell\u2019underground&#8221; ogni anno.[\/vc_column_text][vc_custom_heading separator_color=&#8221;yes&#8221; separator=&#8221;yes&#8221;]<\/p>\n<h2 id=\"info\" class=\"p1\">Informazioni sul club<\/h2>\n<p>[\/vc_custom_heading][vc_column_text]<span style=\"font-weight: 400;\">Il DC10 pu\u00f2 ospitare fino a <strong>4.000<\/strong> clubber in totale.<\/span><\/p>\n<p><span style=\"font-weight: 400;\">Ci sono tre aree distinte al DC10. La pista da ballo originale \u00e8 la <strong>terrazza<\/strong>, che era completamente scoperta fino al 2006. Ora \u00e8 la sala pi\u00f9 popolare del club per i DJ principali dopo mezzanotte. La sala <strong>club<\/strong> si trova accanto alla terrazza, anch\u2019essa al chiuso. Nel frattempo, il palco del <strong>giardino<\/strong> offre una pista da ballo all\u2019aperto, fiancheggiata da bar su entrambi i lati.    &nbsp;<\/span><\/p>\n<p><span style=\"font-weight: 400;\">Il sistema audio del DC10 ha subito un ampio aggiornamento nel 2018 e utilizza<\/span> <a href=\"https:\/\/www.installation-international.com\/case-studies\/iconic-ibiza-nightclub-dc10-turns-the-volume-up-to-11-after-major-audio-overhaul\" target=\"_blank\" rel=\"noopener\"><span style=\"font-weight: 400;\">altoparlanti Powersoft<\/span><\/a><span style=\"font-weight: 400;\">.<\/span><\/p>\n<p><span style=\"font-weight: 400;\">Il sistema di illuminazione del DC10 rispetto ad altri club \u00e8 minimo. Puoi aspettarti i suoi faretti rossi in quasi tutti i punti, in linea con il tema rosso, nero e bianco di Circoloco. <\/span>[\/vc_column_text][vc_single_image media=&#8221;991674&#8243; caption=&#8221;yes&#8221; media_width_percent=&#8221;85&#8243; alignment=&#8221;center&#8221; border=&#8221;yes&#8221; shadow=&#8221;yes&#8221; shadow_darker=&#8221;yes&#8221;][vc_column_text]Essendo cos\u00ec vicino all\u2019aeroporto di Ibiza, quando sei nel club vedrai spesso aerei passare sopra la tua testa. Non dimenticare di salutarli \ud83d\ude09<\/p>\n<p>Ai tempi, un piccolo aereo era posizionato davanti ai cancelli del club. Ha dovuto essere rimosso perch\u00e9 i piloti pensavano ci fosse stato un atterraggio di emergenza![\/vc_column_text][vc_row_inner row_inner_height_percent=&#8221;0&#8243; overlay_alpha=&#8221;50&#8243; gutter_size=&#8221;3&#8243; shift_y=&#8221;0&#8243; z_index=&#8221;0&#8243; desktop_visibility=&#8221;yes&#8221;][vc_column_inner column_width_percent=&#8221;100&#8243; align_horizontal=&#8221;align_center&#8221; gutter_size=&#8221;3&#8243; overlay_alpha=&#8221;50&#8243; shift_x=&#8221;0&#8243; shift_y=&#8221;0&#8243; shift_y_down=&#8221;0&#8243; z_index=&#8221;0&#8243; medium_width=&#8221;0&#8243; mobile_width=&#8221;0&#8243; width=&#8221;1\/1&#8243;][vc_button button_color=&#8221;color-jevc&#8221; size=&#8221;btn-lg&#8221; border_animation=&#8221;btn-ripple-out&#8221; border_width=&#8221;0&#8243; link=&#8221;url:%23listings|&#8221;]Acquista biglietti[\/vc_button][\/vc_column_inner][\/vc_row_inner][vc_tabs][vc_tab title=&#8221;Cosa aspettarsi&#8221; tab_id=&#8221;1560767237-1-917ad7-e877&#8243;][vc_column_text]<\/p>\n<blockquote>\n<h3><span style=\"font-weight: 400;\">&#8220;House e techno underground all\u2019avanguardia, applausi al passaggio degli aerei e un\u2019esperienza di clubbing autentica senza fronzoli&#8221;<\/span><\/h3>\n<\/blockquote>\n<p>[\/vc_column_text][\/vc_tab][vc_tab title=&#8221;I nostri consigli&#8221; tab_id=&#8221;1560767237-2-07ad7-e877&#8243;][vc_column_text]<\/p>\n<ul>\n<li style=\"font-weight: 400;\"><span style=\"font-weight: 400;\">Arriva presto al Circoloco. Ci siamo arrivati anche alle 17:00 e hai comunque la garanzia di ascoltare musica incredibile al sole, con tanto spazio per ballare. <\/span><\/li>\n<li style=\"font-weight: 400;\"><span style=\"font-weight: 400;\">Vuoi pranzare prima di arrivare? Dirigiti verso Salinas Beach a pochi minuti dal club e goditi la calma prima della tempesta \ud83d\ude09 <\/span><\/li>\n<\/ul>\n<p>[\/vc_column_text][\/vc_tab][\/vc_tabs][vc_raw_html]PGlmcmFtZSB3aWR0aD0iNTYwIiBoZWlnaHQ9IjMxNSIgc3JjPSJodHRwczovL3d3dy55b3V0dWJlLmNvbS9lbWJlZC9OSUZEZXlsZ2RnRT8iIHRpdGxlPSJMZXR0b3JlIHZpZGVvIGRpIFlvdVR1YmUiIGZyYW1lYm9yZGVyPSIwIiBhbGxvdz0iYWNjZWxlcm9tZXRlcjsgYXV0b3BsYXk7IGNsaXBib2FyZC13cml0ZTsgZW5jcnlwdGVkLW1lZGlhOyBneXJvc2NvcGU7IHBpY3R1cmUtaW4tcGljdHVyZTsgd2ViLXNoYXJlIiByZWZlcnJlcnBvbGljeT0ic3RyaWN0LW9yaWdpbi13aGVuLWNyb3NzLW9yaWdpbiIgYWxsb3dmdWxsc2NyZWVuPSIiPjwvaWZyYW1lPg==[\/vc_raw_html][vc_custom_heading separator_color=&#8221;yes&#8221; separator=&#8221;yes&#8221; uncode_shortcode_id=&#8221;848588&#8243; el_id=&#8221;2026&#8243;]<\/p>\n<h2 class=\"p1\">DC10 Ibiza 2026<\/h2>\n<p>[\/vc_custom_heading][vc_column_text uncode_shortcode_id=&#8221;142785&#8243;]<span style=\"font-weight: 400;\"><strong>Circoloco<\/strong> torner\u00e0 naturalmente al DC10 di Ibiza ogni <strong>luned\u00ec<\/strong> nel 2026, con la sua Opening Party il 27 aprile.<\/span><\/p>\n<p><strong>Solid Grooves<\/strong> torner\u00e0 il gioved\u00ec questa stagione dal 4 giugno. Il suo closing party si terr\u00e0 il 1\u00b0 ottobre.[\/vc_column_text][vc_row_inner row_inner_height_percent=&#8221;0&#8243; overlay_alpha=&#8221;50&#8243; gutter_size=&#8221;3&#8243; shift_y=&#8221;0&#8243; z_index=&#8221;0&#8243; css=&#8221;.vc_custom_1579610210262{margin-top: 18px !important;margin-bottom: 18px !important;border-bottom-width: 5px !important;padding-top: 5px !important;}&#8221;][vc_column_inner column_width_percent=&#8221;100&#8243; gutter_size=&#8221;3&#8243; override_padding=&#8221;yes&#8221; column_padding=&#8221;2&#8243; overlay_alpha=&#8221;50&#8243; shift_x=&#8221;0&#8243; shift_y=&#8221;0&#8243; shift_y_down=&#8221;0&#8243; z_index=&#8221;0&#8243; medium_width=&#8221;0&#8243; mobile_width=&#8221;0&#8243; width=&#8221;1\/2&#8243; css=&#8221;.vc_custom_1579610582782{padding-top: 5px !important;padding-right: 12px !important;padding-bottom: 5px !important;padding-left: 12px !important;}&#8221;][vc_custom_heading heading_semantic=&#8221;h4&#8243; text_size=&#8221;h4&#8243; text_transform=&#8221;uppercase&#8221; separator=&#8221;yes&#8221; uncode_shortcode_id=&#8221;758359&#8243;]<\/p>\n<h4 style=\"text-align: center;\">Feste 2026<\/h4>\n<p>[\/vc_custom_heading][vc_raw_html]PHRhYmxlIGNsYXNzPSJ0aS1wcmltYXJ5IHRpLWNvbXAtdGFibGUiPgo8dHI+Cjx0ZD4KTHVuZWTDrAo8L3RkPgo8dGQ+CmNpcmNvbG9jbwo8L3RkPgo8L3RyPgo8dHI+Cjx0ZD4KTWFydGVkw6wKPC90ZD4KPHRkPgpUQkE8L3RkPgo8L3RyPgo8dHI+Cjx0ZD4KTWVyY29sZWTDrAo8L3RkPgo8dGQ+ClRCQTwvdGQ+CjwvdHI+Cjx0cj4KPHRkPgpHaW92ZWTDrAo8L3RkPgo8dGQ+CnNvbGlkIGdyb292ZXM8L3RkPgo8L3RyPgo8dHI+Cjx0ZD4KVmVuZXJkw6wKPC90ZD4KPHRkPgpEYSBkZWZpbmlyZTwvdGQ+CjwvdHI+Cjx0cj4KPHRkPgpTYWJhdG8KPC90ZD4KPHRkPgpEYSBkZWZpbmlyZTwvdGQ+CjwvdHI+Cjx0cj4KPHRkPgpEb21lbmljYQo8L3RkPgo8dGQ+ClRCQQo8L3RkPgo8L3RyPgo8L3RhYmxlPg==[\/vc_raw_html][\/vc_column_inner][vc_column_inner column_width_percent=&#8221;100&#8243; gutter_size=&#8221;3&#8243; override_padding=&#8221;yes&#8221; column_padding=&#8221;2&#8243; overlay_alpha=&#8221;50&#8243; shift_x=&#8221;0&#8243; shift_y=&#8221;0&#8243; shift_y_down=&#8221;0&#8243; z_index=&#8221;0&#8243; medium_width=&#8221;0&#8243; mobile_width=&#8221;0&#8243; width=&#8221;1\/2&#8243; css=&#8221;.vc_custom_1579610590767{padding-top: 5px !important;padding-right: 12px !important;padding-bottom: 5px !important;padding-left: 12px !important;}&#8221;][vc_custom_heading heading_semantic=&#8221;h4&#8243; text_size=&#8221;h4&#8243; text_transform=&#8221;uppercase&#8221; separator=&#8221;yes&#8221; uncode_shortcode_id=&#8221;184794&#8243;]<\/p>\n<h4 style=\"text-align: center;\">Feste del 2025<\/h4>\n<p>[\/vc_custom_heading][vc_raw_html]PHRhYmxlIGNsYXNzPSJ0aS1zZWNvbmRhcnkgdGktY29tcC10YWJsZSI+Cjx0cj4KPHRkPgpMdW5lZMOsCjwvdGQ+Cjx0ZD4KY2lyY29sb2NvCjwvdGQ+CjwvdHI+Cjx0cj4KPHRkPgpNYXJ0ZWTDrAo8L3RkPgo8dGQ+ClRCQTwvdGQ+CjwvdHI+Cjx0cj4KPHRkPgpNZXJjb2xlZMOsCjwvdGQ+Cjx0ZD4KVEJBPC90ZD4KPC90cj4KPHRyPgo8dGQ+Ckdpb3ZlZMOsCjwvdGQ+Cjx0ZD4Kc29saWQgZ3Jvb3Zlcwo8L3RkPgo8L3RyPgo8dHI+Cjx0ZD4KVmVuZXJkw6wKPC90ZD4KPHRkPgpEYSBkZWZpbmlyZTwvdGQ+CjwvdHI+Cjx0cj4KPHRkPgpTYWJhdG8KPC90ZD4KPHRkPgpEYSBkZWZpbmlyZTwvdGQ+CjwvdHI+Cjx0cj4KPHRkPgpEb21lbmljYQo8L3RkPgo8dGQ+ClRCQQo8L3RkPgo8L3RyPgo8L3RhYmxlPg==[\/vc_raw_html][\/vc_column_inner][\/vc_row_inner][vc_custom_heading separator_color=&#8221;yes&#8221; separator=&#8221;yes&#8221;]<\/p>\n<h2 id=\"faqs\" class=\"p1\">Domande frequenti<\/h2>\n<p>[\/vc_custom_heading][vc_accordion active_tab=&#8221;0&#8243;][vc_accordion_tab title=&#8221;Come arrivo al DC10?&#8221; tab_id=&#8221;1560767237-1-247ad7-e877&#8243;][vc_column_text]<span style=\"font-weight: 400;\">Il DC10 si trova sulla strada verso Salinas Beach, a brevissima distanza in auto dall\u2019aeroporto di Ibiza o da Playa d\u2019en Bossa. Se vieni da San Antonio, aspettati di pagare circa 25-30 \u20ac in taxi. <\/span>[\/vc_column_text][vc_gmaps latlon=&#8221;38.8807601, 1.3919359&#8243; size=&#8221;280&#8243; map_color=&#8221;color-wvjs&#8221; ui_color=&#8221;accent&#8221; zoom=&#8221;10&#8243; map_saturation=&#8221;-100&#8243; map_brightness=&#8221;5&#8243; address=&#8221;Ctra. Ibiza a San Antonio, Km 5, 07816 Ibiza, Islas Baleares, Spain&#8221;][\/vc_accordion_tab][vc_accordion_tab title=&#8221;Quali sono gli orari di apertura del DC10?&#8221; tab_id=&#8221;1560767237-2-717ad7-e877&#8243;][vc_column_text]<span style=\"font-weight: 400;\">Il DC10 apre tipicamente alle 16:00 e chiude alle 6:00.<\/span>[\/vc_column_text][\/vc_accordion_tab][vc_accordion_tab title=&#8221;Quanto costa entrare al DC10?&#8221; tab_id=&#8221;1560768560770-2-37ad7-e877&#8243;][vc_column_text uncode_shortcode_id=&#8221;282890&#8243;]<span style=\"font-weight: 400;\">I biglietti variano nel prezzo, ma in genere costano 50 \u20ac per l\u2019ingresso al Circoloco.<\/span>[\/vc_column_text][\/vc_accordion_tab][vc_accordion_tab title=&#8221;Quali sono i prezzi delle bevande al DC10?&#8221; tab_id=&#8221;1560768568468-3-47ad7-e877&#8243;][vc_column_text uncode_shortcode_id=&#8221;172476&#8243;]<span style=\"font-weight: 400;\">Aspettati di pagare <\/span><span style=\"font-weight: 400;\">10 \u20ac per una birra, 15 \u20ac per un distillato + mixer, e un\u2019acqua coster\u00e0 8 \u20ac.<\/span>[\/vc_column_text][\/vc_accordion_tab][vc_accordion_tab title=&#8221;Qual \u00e8 la capacit\u00e0 del DC10?&#8221; tab_id=&#8221;1560768585183-4-87ad7-e877&#8243;][vc_column_text]<span style=\"font-weight: 400;\">Il DC10 pu\u00f2 ospitare fino a 4.000 persone.<\/span>[\/vc_column_text][\/vc_accordion_tab][vc_accordion_tab title=&#8221;Qual \u00e8 il codice di abbigliamento al DC10?&#8221; tab_id=&#8221;1560768597322-5-107ad7-e877&#8243;][vc_column_text]<span style=\"font-weight: 400;\">Non c\u2019\u00e8 un codice di abbigliamento per il DC10. Indossa quello che ti fa sentire a tuo agio per ballare. <\/span>[\/vc_column_text][\/vc_accordion_tab][vc_accordion_tab gutter_size=&#8221;2&#8243; column_padding=&#8221;2&#8243; title=&#8221;Qual \u00e8 la lineup del DC10 Ibiza?&#8221; tab_id=&#8221;1560768604185-6-77ad7-e877&#8243;][vc_column_text]<span style=\"font-weight: 400;\">Puoi visualizzare la lineup completa del DC10 Ibiza nel calendario qui sotto.<\/span>[\/vc_column_text][\/vc_accordion_tab][vc_accordion_tab title=&#8221;Da dove prende il nome il DC10?&#8221; tab_id=&#8221;1560782965412-7-1&#8243;][vc_column_text]DC10 prende il nome dal modello di aereo DC10. Sapevi che la terrazza era un vecchio hangar per aerei?[\/vc_column_text][\/vc_accordion_tab][\/vc_accordion][vc_custom_heading text_size=&#8221;h3&#8243; separator=&#8221;over&#8221; sub_reduced=&#8221;yes&#8221; uncode_shortcode_id=&#8221;892349&#8243;]Feste popolari del DC10[\/vc_custom_heading][uncode_index el_id=&#8221;index-187984&#8243; index_type=&#8221;carousel&#8221; loop=&#8221;size:10|order_by:date|post_type:page|tax_query:125,106&#8243; carousel_lg=&#8221;4&#8243; carousel_md=&#8221;3&#8243; carousel_sm=&#8221;2&#8243; thumb_size=&#8221;three-two&#8221; gutter_size=&#8221;3&#8243; page_items=&#8221;media|featured|onpost|original&#8221; carousel_interval=&#8221;3000&#8243; carousel_navspeed=&#8221;400&#8243; carousel_loop=&#8221;yes&#8221; stage_padding=&#8221;0&#8243; single_text=&#8221;overlay&#8221; single_overlay_opacity=&#8221;50&#8243; single_h_align=&#8221;center&#8221; single_padding=&#8221;2&#8243; title=&#8221;Parties for Club Carousel&#8221;][\/vc_column][vc_column column_width_percent=&#8221;100&#8243; align_horizontal=&#8221;align_center&#8221; gutter_size=&#8221;2&#8243; overlay_alpha=&#8221;50&#8243; shift_x=&#8221;0&#8243; shift_y=&#8221;0&#8243; shift_y_down=&#8221;0&#8243; z_index=&#8221;0&#8243; medium_visibility=&#8221;yes&#8221; medium_width=&#8221;0&#8243; mobile_visibility=&#8221;yes&#8221; mobile_width=&#8221;0&#8243; width=&#8221;1\/4&#8243; uncode_shortcode_id=&#8221;375147&#8243; el_class=&#8221;mv-sidebar&#8221;][vc_button button_color=&#8221;color-jevc&#8221; size=&#8221;btn-lg&#8221; border_animation=&#8221;btn-ripple-out&#8221; wide=&#8221;yes&#8221; border_width=&#8221;0&#8243; link=&#8221;url:%23listings|&#8221; button_color_type=&#8221;uncode-palette&#8221; uncode_shortcode_id=&#8221;159055&#8243;]Acquista biglietti[\/vc_button][vc_separator sep_color=&#8221;accent&#8221;][vc_single_image media=&#8221;991665&#8243; media_width_percent=&#8221;75&#8243; alignment=&#8221;center&#8221; shape=&#8221;img-circle&#8221; border=&#8221;yes&#8221; shadow=&#8221;yes&#8221; shadow_weight=&#8221;sm&#8221; shadow_darker=&#8221;yes&#8221;][vc_separator sep_color=&#8221;accent&#8221;][vc_gmaps latlon=&#8221;38.8807601, 1.3919359&#8243; size=&#8221;280&#8243; map_color=&#8221;color-wvjs&#8221; ui_color=&#8221;accent&#8221; zoom=&#8221;10&#8243; map_saturation=&#8221;-100&#8243; map_brightness=&#8221;5&#8243; address=&#8221;Carretera las Salinas, KM 1, 07818 Sant Josep de sa Talaia&#8221;][vc_separator sep_color=&#8221;accent&#8221;][uncode_block id=&#8221;146863&#8243; inside_column=&#8221;yes&#8221;][\/vc_column][\/vc_row][vc_row row_height_percent=&#8221;0&#8243; overlay_alpha=&#8221;50&#8243; gutter_size=&#8221;3&#8243; column_width_percent=&#8221;100&#8243; shift_y=&#8221;0&#8243; z_index=&#8221;0&#8243; desktop_visibility=&#8221;yes&#8221; medium_visibility=&#8221;yes&#8221; sticky=&#8221;yes&#8221;][vc_column column_width_percent=&#8221;100&#8243; align_horizontal=&#8221;align_center&#8221; gutter_size=&#8221;3&#8243; overlay_alpha=&#8221;50&#8243; shift_x=&#8221;0&#8243; shift_y=&#8221;0&#8243; shift_y_down=&#8221;0&#8243; z_index=&#8221;0&#8243; desktop_visibility=&#8221;yes&#8221; medium_visibility=&#8221;yes&#8221; medium_width=&#8221;0&#8243; mobile_width=&#8221;0&#8243; sticky=&#8221;yes&#8221; width=&#8221;1\/1&#8243;][vc_button button_color=&#8221;accent&#8221; size=&#8221;btn-xl&#8221; border_width=&#8221;0&#8243; link=&#8221;url:%23listings|&#8221;]ACQUISTA I BIGLIETTI[\/vc_button][\/vc_column][\/vc_row][vc_section back_color=&#8221;color-lxmt&#8221; overlay_alpha=&#8221;50&#8243;][vc_row][vc_column width=&#8221;3\/4&#8243;][vc_gallery el_id=&#8221;gallery-160005&#8243; type=&#8221;justified&#8221; random=&#8221;yes&#8221; medias=&#8221;991677,991675,991676,991667,991668,991669,991670,991671&#8243; justify_row_height=&#8221;150&#8243; gutter_size=&#8221;0&#8243; single_overlay_opacity=&#8221;50&#8243; single_padding=&#8221;2&#8243; title=&#8221;Galleria fotografica&#8221; uncode_shortcode_id=&#8221;143395&#8243;][\/vc_column][vc_column width=&#8221;1\/4&#8243;][vc_raw_html]PGlmcmFtZSBzcmM9Imh0dHBzOi8vb3Blbi5zcG90aWZ5LmNvbS9lbWJlZC9wbGF5bGlzdC83ODZaMU03UDVnTDlOTlVsa1ZRTldTIiB3aWR0aD0iMzAwIiBoZWlnaHQ9IjM4MCIgZnJhbWVib3JkZXI9IjAiIGFsbG93dHJhbnNwYXJlbmN5PSJ0cnVlIiBhbGxvdz0iZW5jcnlwdGVkLW1lZGlhIj48L2lmcmFtZT4K[\/vc_raw_html][\/vc_column][\/vc_row][\/vc_section][vc_section back_color=&#8221;color-prif&#8221; overlay_alpha=&#8221;50&#8243;][vc_row row_height_percent=&#8221;0&#8243; overlay_alpha=&#8221;50&#8243; gutter_size=&#8221;3&#8243; column_width_percent=&#8221;100&#8243; shift_y=&#8221;0&#8243; z_index=&#8221;0&#8243; row_name=&#8221;listings&#8221;][vc_column column_width_percent=&#8221;100&#8243; position_vertical=&#8221;middle&#8221; align_horizontal=&#8221;align_center&#8221; gutter_size=&#8221;2&#8243; overlay_alpha=&#8221;50&#8243; shift_x=&#8221;0&#8243; shift_y=&#8221;0&#8243; shift_y_down=&#8221;0&#8243; z_index=&#8221;0&#8243; medium_width=&#8221;0&#8243; mobile_width=&#8221;0&#8243; width=&#8221;1\/1&#8243;][vc_custom_heading text_color=&#8221;color-xsdn&#8221; text_size=&#8221;h3&#8243; separator_color=&#8221;yes&#8221; separator=&#8221;yes&#8221; sub_reduced=&#8221;yes&#8221; uncode_shortcode_id=&#8221;395469&#8243; text_color_type=&#8221;uncode-palette&#8221;]<\/p>\n<h2 style=\"text-align: center;\"><span style=\"color: #ffffff;\">Eventi<\/span><\/h2>\n<p>[\/vc_custom_heading]\t\t<div class=\"wcs-timetable__wrapper\">\n\t\t\t<div class=\"wcs-vue\" id=\"wcs-app-58\"><\/div>\n\t\t<\/div>\n\t\t[\/vc_column][\/vc_row][\/vc_section]<\/p>\n<\/div>","protected":false},"excerpt":{"rendered":"<p>[vc_row row_height_percent=&#8221;0&#8243; override_padding=&#8221;yes&#8221; h_padding=&#8221;2&#8243; top_padding=&#8221;2&#8243; bottom_padding=&#8221;0&#8243; back_image=&#8221;577766&#8243; overlay_alpha=&#8221;50&#8243; gutter_size=&#8221;3&#8243; column_width_percent=&#8221;100&#8243; shift_y=&#8221;0&#8243; z_index=&#8221;0&#8243; uncode_shortcode_id=&#8221;178573&#8243;][vc_column width=&#8221;1\/1&#8243;][vc_empty_space empty_h=&#8221;3&#8243;][vc_row_inner row_inner_height_percent=&#8221;0&#8243; force_width_grid=&#8221;yes&#8221; overlay_color=&#8221;color-149363&#8243; overlay_alpha=&#8221;70&#8243; gutter_size=&#8221;1&#8243; [&hellip;]<\/p>\n","protected":false},"author":1,"featured_media":991672,"parent":989650,"menu_order":0,"comment_status":"closed","ping_status":"closed","template":"","meta":{"_acf_changed":false,"footnotes":""},"class_list":["post-991658","page","type-page","status-publish","has-post-thumbnail","hentry","page_category-club"],"acf":[],"_links":{"self":[{"href":"https:\/\/ticketsibiza.com\/it\/wp-json\/wp\/v2\/pages\/991658","targetHints":{"allow":["GET"]}}],"collection":[{"href":"https:\/\/ticketsibiza.com\/it\/wp-json\/wp\/v2\/pages"}],"about":[{"href":"https:\/\/ticketsibiza.com\/it\/wp-json\/wp\/v2\/types\/page"}],"author":[{"embeddable":true,"href":"https:\/\/ticketsibiza.com\/it\/wp-json\/wp\/v2\/users\/1"}],"replies":[{"embeddable":true,"href":"https:\/\/ticketsibiza.com\/it\/wp-json\/wp\/v2\/comments?post=991658"}],"version-history":[{"count":14,"href":"https:\/\/ticketsibiza.com\/it\/wp-json\/wp\/v2\/pages\/991658\/revisions"}],"predecessor-version":[{"id":1127424,"href":"https:\/\/ticketsibiza.com\/it\/wp-json\/wp\/v2\/pages\/991658\/revisions\/1127424"}],"up":[{"embeddable":true,"href":"https:\/\/ticketsibiza.com\/it\/wp-json\/wp\/v2\/pages\/989650"}],"wp:featuredmedia":[{"embeddable":true,"href":"https:\/\/ticketsibiza.com\/it\/wp-json\/wp\/v2\/media\/991672"}],"wp:attachment":[{"href":"https:\/\/ticketsibiza.com\/it\/wp-json\/wp\/v2\/media?parent=991658"}],"curies":[{"name":"wp","href":"https:\/\/api.w.org\/{rel}","templated":true}]}}