{"id":991089,"date":"2019-08-29T13:06:05","date_gmt":"2019-08-29T12:06:05","guid":{"rendered":"https:\/\/ticketsibiza.com\/ibiza-spotlight-review\/"},"modified":"2025-11-11T17:14:18","modified_gmt":"2025-11-11T17:14:18","slug":"ibiza-spotlight-review","status":"publish","type":"page","link":"https:\/\/ticketsibiza.com\/it\/ibiza-spotlight-review\/","title":{"rendered":"Recensione Ibiza Spotlight"},"content":{"rendered":"<div class=\"wpb-content-wrapper\"><p>[vc_row row_height_percent=&#8221;20&#8243; override_padding=&#8221;yes&#8221; h_padding=&#8221;0&#8243; top_padding=&#8221;0&#8243; bottom_padding=&#8221;0&#8243; back_image=&#8221;57222&#8243; back_position=&#8221;center center&#8221; parallax=&#8221;yes&#8221; overlay_alpha=&#8221;50&#8243; gutter_size=&#8221;3&#8243; column_width_percent=&#8221;100&#8243; shift_y=&#8221;0&#8243; z_index=&#8221;0&#8243;][vc_column width=&#8221;1\/1&#8243;][vc_empty_space empty_h=&#8221;5&#8243;][vc_row_inner row_inner_height_percent=&#8221;0&#8243; force_width_grid=&#8221;yes&#8221; overlay_color=&#8221;color-149363&#8243; overlay_alpha=&#8221;70&#8243; gutter_size=&#8221;1&#8243; shift_y=&#8221;1&#8243; z_index=&#8221;3&#8243; css=&#8221;.vc_custom_1555859440035{margin-bottom: 0px !important;border-bottom-width: 0px !important;padding-top: 0px !important;padding-bottom: 0px !important;padding-left: 20px !important;}&#8221;][vc_column_inner column_width_percent=&#8221;100&#8243; gutter_size=&#8221;0&#8243; overlay_alpha=&#8221;50&#8243; shift_x=&#8221;0&#8243; shift_y=&#8221;0&#8243; shift_y_down=&#8221;0&#8243; z_index=&#8221;0&#8243; medium_width=&#8221;0&#8243; mobile_width=&#8221;0&#8243; width=&#8221;1\/1&#8243; css=&#8221;.vc_custom_1551002411961{padding-bottom: 0px !important;}&#8221;][vc_custom_heading text_color=&#8221;color-xsdn&#8221; heading_semantic=&#8221;h1&#8243; text_size=&#8221;h1&#8243; sub_reduced=&#8221;yes&#8221;]Recensione Ibiza Spotlight[\/vc_custom_heading][\/vc_column_inner][\/vc_row_inner][\/vc_column][\/vc_row][vc_row row_height_percent=&#8221;0&#8243; override_padding=&#8221;yes&#8221; h_padding=&#8221;2&#8243; top_padding=&#8221;2&#8243; bottom_padding=&#8221;2&#8243; overlay_alpha=&#8221;50&#8243; gutter_size=&#8221;3&#8243; column_width_percent=&#8221;100&#8243; shift_y=&#8221;0&#8243; z_index=&#8221;0&#8243; css=&#8221;.vc_custom_1555860699675{padding-bottom: 0px !important;}&#8221;][vc_column column_width_percent=&#8221;100&#8243; gutter_size=&#8221;2&#8243; overlay_alpha=&#8221;50&#8243; shift_x=&#8221;0&#8243; shift_y=&#8221;0&#8243; shift_y_down=&#8221;0&#8243; z_index=&#8221;0&#8243; medium_width=&#8221;0&#8243; mobile_width=&#8221;0&#8243; width=&#8221;3\/4&#8243;][vc_column_text]Ci sono molti posti dove trovare informazioni su Ibiza online. Se sei arrivato su questa pagina dopo aver cercato recensioni su Ibiza Spotlight, stai correttamente facendo delle ricerche sul sito web prima di prenotare i tuoi biglietti per i club di Ibiza, l\u2019hotel o altre attivit\u00e0 sull\u2019isola. <\/p>\n<p>Quindi diamo un\u2019occhiata pi\u00f9 approfondita a Ibiza Spotlight, alla sua storia, a cosa offrono e se dovresti comprare online prima di andare a Ibiza o meno.[\/vc_column_text][vc_row_inner row_inner_height_percent=&#8221;0&#8243; back_color=&#8221;accent&#8221; overlay_alpha=&#8221;50&#8243; gutter_size=&#8221;3&#8243; shift_y=&#8221;0&#8243; z_index=&#8221;0&#8243;][vc_column_inner column_width_percent=&#8221;100&#8243; gutter_size=&#8221;3&#8243; override_padding=&#8221;yes&#8221; column_padding=&#8221;2&#8243; overlay_alpha=&#8221;50&#8243; shift_x=&#8221;0&#8243; shift_y=&#8221;0&#8243; shift_y_down=&#8221;0&#8243; z_index=&#8221;0&#8243; medium_width=&#8221;0&#8243; mobile_width=&#8221;0&#8243; width=&#8221;1\/1&#8243;][vc_column_text]<span style=\"text-decoration: underline; color: #ffffff;\">In questo articolo:<\/span><\/p>\n<p><span style=\"color: #ffffff;\"><a style=\"color: #ffffff;\" href=\"#history\">Storia di Ibiza Spotlight<\/a><\/span><\/p>\n<p><span style=\"color: #ffffff;\"><a style=\"color: #ffffff;\" href=\"#do\">Cosa fa Ibiza Spotlight?<\/a><\/span><\/p>\n<p><span style=\"color: #ffffff;\"><a style=\"color: #ffffff;\" href=\"#calendar\">Calendario Ibiza Spotlight<\/a><\/span><\/p>\n<p><span style=\"color: #ffffff;\"><a style=\"color: #ffffff;\" href=\"#tickets\">Biglietti Ibiza Spotlight<\/a><\/span><\/p>\n<p><span style=\"color: #ffffff;\"><a style=\"color: #ffffff;\" href=\"#advance\">Dovrei comprare i biglietti per Ibiza in anticipo?<\/a><\/span><\/p>\n<p><span style=\"color: #ffffff;\"><a style=\"color: #ffffff;\" href=\"#reasons\">Motivi per comprare i biglietti con Ibiza Spotlight<\/a><\/span><\/p>\n<p><span style=\"color: #ffffff;\"><a style=\"color: #ffffff;\" href=\"#deposits\">Caparre per i biglietti dei club di Ibiza<\/a><\/span>[\/vc_column_text][\/vc_column_inner][\/vc_row_inner][vc_empty_space empty_h=&#8221;2&#8243;][vc_custom_heading separator=&#8221;yes&#8221; separator_color=&#8221;yes&#8221;]<\/p>\n<h2 id=\"history\">Ibiza Spotlight: la sua storia<\/h2>\n<p>[\/vc_custom_heading][vc_column_text]Negli anni \u201970, internet non era ancora una realt\u00e0. Folle, vero? Le persone ottenevano le loro informazioni da giornali e riviste. Ed \u00e8 esattamente cos\u00ec che Ibiza Spotlight ha iniziato: come rivista stampata nel 1976.   <\/p>\n<p>All\u2019inizio del boom turistico, l\u2019inglese Norman Skinner <a href=\"https:\/\/www.ibiza-spotlight.com\/magazine\/2016\/10\/news-spotlight-on-loss-ibiza-visionary\" target=\"_blank\" rel=\"noopener\">fond\u00f2 Ibiza Spotlight<\/a> per condividere il meglio di ci\u00f2 che accadeva sull\u2019isola.[\/vc_column_text][vc_empty_space empty_h=&#8221;2&#8243;][vc_single_image media=&#8221;991099&#8243; caption=&#8221;yes&#8221; media_width_percent=&#8221;100&#8243;][vc_separator sep_color=&#8221;accent&#8221;][vc_empty_space empty_h=&#8221;2&#8243;][vc_column_text]Nel 1999, Ibiza Spotlight lanci\u00f2 ufficialmente il suo sito web <a href=\"https:\/\/www.ibiza-spotlight.com?aid=145&amp;tid1=ti-is-article\" target=\"_blank\" rel=\"noopener noreferrer\">www.ibiza-spotlight.com<\/a>.<\/p>\n<p>Fu una mossa piuttosto audace, considerando l\u2019incertezza che circondava internet all\u2019epoca, ma si rivel\u00f2 fondamentale per affermarsi come autorit\u00e0 online per tutto ci\u00f2 che riguarda Ibiza.[\/vc_column_text][vc_empty_space empty_h=&#8221;2&#8243;][vc_single_image media=&#8221;991101&#8243; caption=&#8221;yes&#8221; media_width_percent=&#8221;100&#8243;][vc_empty_space empty_h=&#8221;2&#8243;][vc_separator sep_color=&#8221;accent&#8221; type=&#8221;dashed&#8221;][vc_empty_space empty_h=&#8221;2&#8243;][vc_column_text]Il sito web ora riceve oltre <strong>5 milioni di visitatori unici all\u2019anno<\/strong> e cresce ogni anno.<\/p>\n<p>Sebbene il suo pubblico sia prevalentemente di lingua <strong>inglese<\/strong>, puoi trovare versioni localizzate in <strong>spagnolo<\/strong> &#8211; <a href=\"http:\/\/www.ibiza-spotlight.es\" target=\"_blank\" rel=\"noopener\">www.ibiza-spotlight.es <\/a>, <strong>tedesco<\/strong>, <a href=\"http:\/\/www.ibiza-spotlight.de?aid=145&amp;tid1=ti-is-article\" target=\"_blank\" rel=\"noopener noreferrer\">www.ibiza-spotlight.de<\/a> e, pi\u00f9 recentemente, in <strong>italiano<\/strong> &#8211; <a href=\"http:\/\/www.ibiza-spotlight.it?aid=145&amp;tid1=ti-is-article\" target=\"_blank\" rel=\"noopener noreferrer\">www.ibiza-spotlight.it<\/a>[\/vc_column_text][vc_empty_space empty_h=&#8221;2&#8243;][vc_custom_heading separator=&#8221;yes&#8221; separator_color=&#8221;yes&#8221;]<\/p>\n<h2 id=\"do\">Cosa fa Ibiza Spotlight?<\/h2>\n<p>[\/vc_custom_heading][vc_column_text]Pensa a Ibiza Spotlight come a un portale per ogni singola informazione che devi sapere su Ibiza.<\/p>\n<p>Questo include:[\/vc_column_text][uncode_list icon=&#8221;fa fa-forward&#8221;]<\/p>\n<ul>\n<li>Clubbing<\/li>\n<li>Alloggi<\/li>\n<li>Ristoranti<\/li>\n<li>Cose da fare<\/li>\n<li>Notizie dall\u2019isola di Ibiza<\/li>\n<\/ul>\n<p>[\/uncode_list][vc_column_text]Ibiza Spotlight ha anche un <a href=\"https:\/\/forum.ibiza-spotlight.com\/\" target=\"_blank\" rel=\"noopener\">forum attivo<\/a>, che \u00e8 un ottimo posto per avere un\u2019idea di ci\u00f2 di cui parlano turisti e residenti di Ibiza in questo momento.<\/p>\n<p>Il <a href=\"https:\/\/forum.ibiza-spotlight.com\/\" target=\"_blank\" rel=\"noopener\">forum<\/a> di Ibiza Spotlight \u00e8 anche un buon posto per discutere di clubbing![\/vc_column_text][vc_empty_space empty_h=&#8221;2&#8243;][vc_custom_heading separator=&#8221;yes&#8221; separator_color=&#8221;yes&#8221;]<\/p>\n<h2 id=\"calendar\">Calendario Ibiza Spotlight<\/h2>\n<p>[\/vc_custom_heading][vc_empty_space empty_h=&#8221;2&#8243;][vc_column_text uncode_shortcode_id=&#8221;678041&#8243;]Il Calendario dei Club di Ibiza Spotlight \u00e8 una delle sezioni pi\u00f9 visitate del sito.<\/p>\n<p>Contiene gli <strong>ultimissimi elenchi di eventi dei club<\/strong> per tutti i club di Ibiza, sia piccoli che grandi.[\/vc_column_text][vc_empty_space empty_h=&#8221;2&#8243;][vc_separator sep_color=&#8221;accent&#8221; type=&#8221;dashed&#8221;][vc_empty_space empty_h=&#8221;2&#8243;][vc_single_image media=&#8221;991103&#8243; caption=&#8221;yes&#8221; media_width_percent=&#8221;100&#8243;][vc_empty_space empty_h=&#8221;2&#8243;][vc_separator sep_color=&#8221;accent&#8221; type=&#8221;dashed&#8221;][vc_empty_space empty_h=&#8221;2&#8243;][vc_column_text]Gli elenchi sono organizzati per <strong>club<\/strong> e possono essere <strong>filtrati per data<\/strong> e per <strong>feste diurne\/notturne<\/strong>.<\/p>\n<p>Mentre il calendario \u00e8 pi\u00f9 popolare in estate, di solito inizia a popolarsi intorno a <strong>marzo-aprile<\/strong>, quando i promoter annunciano i loro piani per la stagione imminente.[\/vc_column_text][vc_empty_space empty_h=&#8221;2&#8243;][vc_custom_heading separator=&#8221;yes&#8221; separator_color=&#8221;yes&#8221;]<\/p>\n<h2 id=\"tickets\">Biglietti Ibiza Spotlight<\/h2>\n<p>[\/vc_custom_heading][vc_empty_space empty_h=&#8221;2&#8243;][vc_column_text uncode_shortcode_id=&#8221;154232&#8243;]Ibiza Spotlight vende biglietti per i club di Ibiza dal 2004. Sono <strong>oltre 15 anni<\/strong>! <\/p>\n<p>Vendono biglietti per <strong>quasi ogni singolo evento e club<\/strong> a Ibiza, direttamente dal loro <a href=\"https:\/\/www.ibiza-spotlight.com\/night\/club_dates_i.htm?aid=145&amp;tid1=ti-is-article\" target=\"_blank\" rel=\"noopener\">calendario delle feste<\/a>.<\/p>\n<p>L\u2019unica eccezione degna di nota per la vendita di biglietti per i principali club \u00e8 <strong>DC10<\/strong>. Mentre Ibiza Spotlight ha elenchi per le feste del DC10, non \u00e8 possibile acquistare i biglietti tramite la loro piattaforma (l\u2019unico agente di biglietteria 2026 tramite cui puoi acquistare i biglietti per il DC10 in anticipo \u00e8 <strong>DICE<\/strong>).[\/vc_column_text][vc_empty_space empty_h=&#8221;2&#8243;][vc_separator sep_color=&#8221;accent&#8221; type=&#8221;dashed&#8221;][vc_single_image media=&#8221;990979&#8243; media_width_percent=&#8221;100&#8243;][vc_empty_space empty_h=&#8221;1&#8243;][vc_custom_heading separator=&#8221;yes&#8221; separator_color=&#8221;yes&#8221;]<\/p>\n<h2 id=\"advance\">Dovrei comprare i biglietti per i club di Ibiza in anticipo?<\/h2>\n<p>[\/vc_custom_heading][vc_column_text]\u00c8 un\u2019ottima domanda, e una che ci viene posta di continuo.<\/p>\n<p>Il fatto \u00e8 che vedrai chiunque cercare di venderti biglietti per i club quando sarai a Ibiza. Riuscirai sempre a entrare in un club a Ibiza&#8230; <strong>a causa delle loro dimensioni \u00e8 molto raro che un club faccia il tutto esaurito<\/strong>. <\/p>\n<p>Ma&#8230; i prezzi dei biglietti varieranno a seconda di chi ti rivolgi sull\u2019isola. Tutti lavorano su commissione per intascare qualche euro dal biglietto. Ecco perch\u00e9 vedrai biglietti da 40 \u20ac in vendita a 42 \u20ac, per esempio.  <\/p>\n<p>La nostra opinione \u00e8 che <strong>se sai chi vuoi vedere<\/strong> quando vai a Ibiza, allora <strong>compra i tuoi biglietti in anticipo<\/strong>. Non otterrai un prezzo migliore contrattando con qualcuno per strada, ed \u00e8 <strong>una cosa in meno di cui preoccuparsi<\/strong> quando sei l\u00ec.[\/vc_column_text][vc_column_text]Ecco altri motivi per comprare i biglietti in anticipo prima di andare a Ibiza:[\/vc_column_text][vc_empty_space empty_h=&#8221;2&#8243;][vc_custom_heading heading_semantic=&#8221;h4&#8243; text_size=&#8221;h4&#8243;]<\/p>\n<h4>1. Tranquillit\u00e0<\/h4>\n<p>[\/vc_custom_heading][vc_column_text uncode_shortcode_id=&#8221;135610&#8243;]Compra i tuoi biglietti in anticipo e saprai di avere l\u2019<strong>ingresso garantito<\/strong> al club. Niente corse all\u2019ultimo minuto per comprare i biglietti per il tuo gruppo&#8230; non hai bisogno di questo stress! <\/p>\n<p><strong>Se compri i biglietti e devi annullare, per la maggior parte degli eventi puoi farlo e ottenere un rimborso del 100% 24 ore prima dell\u2019evento.<\/strong><\/p>\n<p>\u00c8 raro ottenere una politica di cancellazione cos\u00ec generosa, ma eccola qui.[\/vc_column_text][vc_custom_heading heading_semantic=&#8221;h4&#8243; text_size=&#8221;h4&#8243;]<\/p>\n<h4>2. Ingresso pi\u00f9 economico<\/h4>\n<p>[\/vc_custom_heading][vc_column_text]Troverai i <strong>prezzi pi\u00f9 bassi<\/strong> per i biglietti dei club quando acquisti online. \u00c8 anche comune vedere diversi tipi di biglietti che possono farti risparmiare denaro. <\/p>\n<p>Alcune feste offrono <strong>sconti Early Bird<\/strong> che possono <strong>farti risparmiare pi\u00f9 di 30 \u20ac<\/strong> rispetto al pagamento all\u2019ingresso. Ad esempio, The Zoo Project offre biglietti Early Bird per <strong>soli<\/strong> <strong>20 \u20ac<\/strong>.<\/p>\n<p>[\/vc_column_text][vc_separator sep_color=&#8221;accent&#8221; type=&#8221;dashed&#8221;][vc_empty_space empty_h=&#8221;2&#8243;][vc_single_image media=&#8221;991111&#8243; caption=&#8221;yes&#8221; media_width_percent=&#8221;100&#8243;][vc_empty_space empty_h=&#8221;2&#8243;][vc_separator sep_color=&#8221;accent&#8221; type=&#8221;dashed&#8221;][vc_empty_space empty_h=&#8221;2&#8243;][vc_custom_heading heading_semantic=&#8221;h4&#8243; text_size=&#8221;h4&#8243;]<\/p>\n<h4>3. Risparmia denaro per la tua vacanza<\/h4>\n<p>[\/vc_custom_heading][vc_column_text]Ammettiamolo, spenderai tutti i tuoi soldi quando sarai a Ibiza.<\/p>\n<p>Organizza i tuoi biglietti per i club prima del viaggio e sar\u00e0 pi\u00f9 facile assicurarti che il tuo <strong>budget per le vacanze rimanga intatto<\/strong>.[\/vc_column_text][vc_custom_heading heading_semantic=&#8221;h4&#8243; text_size=&#8221;h4&#8243;]<\/p>\n<h4>4. Coinvolgi il tuo gruppo nella tua festa prima di partire!<\/h4>\n<p>[\/vc_custom_heading][vc_column_text]Ci piace molto!<\/p>\n<p>Quando sei a Ibiza, sei inondato di opzioni su dove andare a fare clubbing ogni sera. Se sei <strong>quella<\/strong> persona nel tuo gruppo che sa quali feste devi assolutamente vedere, allora compra i tuoi biglietti in anticipo in modo da avere quell\u2019impegno fin da subito. Pianificare in anticipo pu\u00f2 ripagare&#8230; facile![\/vc_column_text][vc_separator sep_color=&#8221;accent&#8221; type=&#8221;dashed&#8221;][vc_empty_space empty_h=&#8221;2&#8243;][vc_single_image media=&#8221;991105&#8243; media_width_percent=&#8221;100&#8243;][vc_empty_space empty_h=&#8221;2&#8243;][vc_custom_heading separator=&#8221;yes&#8221; separator_color=&#8221;yes&#8221;]<\/p>\n<h2 id=\"reasons\">Motivi per comprare i biglietti con Ibiza Spotlight<\/h2>\n<p>[\/vc_custom_heading][vc_empty_space empty_h=&#8221;1&#8243;][vc_column_text]Con tutto questo in mente, che dire di <a href=\"https:\/\/www.ibiza-spotlight.com?aid=145&amp;tid1=ti-is-article\" target=\"_blank\" rel=\"noopener\">Ibiza Spotlight<\/a>?<\/p>\n<p>Bene, ecco altri quattro motivi per cui <strong>raccomandiamo di comprare i biglietti per i club con Ibiza Spotlight<\/strong> rispetto a qualsiasi altro agente di biglietteria.[\/vc_column_text][vc_empty_space empty_h=&#8221;2&#8243;][vc_custom_heading heading_semantic=&#8221;h4&#8243; text_size=&#8221;h4&#8243;]<\/p>\n<h3>1. Sono il marchio pi\u00f9 affermato sull\u2019isola<\/h3>\n<p>[\/vc_custom_heading][vc_column_text uncode_shortcode_id=&#8221;881349&#8243;]Ibiza Spotlight vende biglietti per i club online da oltre 20 anni.<\/p>\n<p>Fidati di noi quando diciamo che sanno quello che fanno. In ogni caso, hanno un <strong>team di supporto a Ibiza<\/strong> che pu\u00f2 aiutarti in caso di problemi.[\/vc_column_text][vc_custom_heading heading_semantic=&#8221;h4&#8243; text_size=&#8221;h4&#8243;]<\/p>\n<h3>2. Puoi annullare gratuitamente<\/h3>\n<p>[\/vc_custom_heading][vc_column_text uncode_shortcode_id=&#8221;751846&#8243;]\u00c8 Ibiza. Le cose succedono e i piani devono cambiare. <\/p>\n<p>Fortunatamente, puoi ottenere un <strong>rimborso completo<\/strong> (sulla maggior parte dei biglietti) per quei biglietti che hai comprato mesi fa, ora che \u00e8 quasi ora di partire per la tua vacanza.<\/p>\n<p>La politica di cancellazione di Ibiza Spotlight (fino a <strong>24 ore prima dell\u2019evento<\/strong>) \u00e8 molto generosa ed estremamente rara nel settore della biglietteria.<\/p>\n<p>Quindi non stiamo incoraggiando comportamenti volubili, ma \u00e8 qualcosa di molto utile a cui ricorrere. Sai&#8230; giusto in caso.[\/vc_column_text][vc_custom_heading heading_semantic=&#8221;h4&#8243; text_size=&#8221;h4&#8243;]<\/p>\n<h3>3. Non ci sono costi di prenotazione o costi nascosti<\/h3>\n<p>[\/vc_custom_heading][vc_column_text]Un\u2019altra rarit\u00e0 nella biglietteria &#8211; <strong>nessun costo nascosto<\/strong>!<\/p>\n<p>Il prezzo che vedi sul sito web \u00e8 l\u2019importo che pagherai. <strong>Nessun costo di prenotazione,<\/strong> <strong>nessun costo per carta di credito<\/strong>. Ed \u00e8 l\u2019importo esatto che ti verrebbe rimborsato se dovessi annullare.[\/vc_column_text][vc_custom_heading heading_semantic=&#8221;h4&#8243; text_size=&#8221;h4&#8243;]<\/p>\n<h3>4. \u00c8 sicuro<\/h3>\n<p>[\/vc_custom_heading][vc_column_text]Non dimentichiamo la sicurezza. Ibiza Spotlight utilizza i <strong>metodi di crittografia pi\u00f9 recenti<\/strong> per elaborare il tuo pagamento in modo da avere tranquillit\u00e0 quando acquisti i biglietti online.[\/vc_column_text][vc_empty_space empty_h=&#8221;2&#8243;][vc_separator sep_color=&#8221;accent&#8221; type=&#8221;dashed&#8221;][vc_empty_space empty_h=&#8221;2&#8243;][vc_single_image media=&#8221;991107&#8243; caption=&#8221;yes&#8221; media_width_percent=&#8221;100&#8243;][vc_empty_space empty_h=&#8221;2&#8243;][vc_separator sep_color=&#8221;accent&#8221; type=&#8221;dashed&#8221;][vc_empty_space empty_h=&#8221;2&#8243;][vc_custom_heading heading_semantic=&#8221;h4&#8243; text_size=&#8221;h4&#8243;]<\/p>\n<h3>5. Risparmia anche sulle bevande!<\/h3>\n<p>[\/vc_custom_heading][vc_column_text]Nel 2019, Ibiza Spotlight ha aggiunto anche la possibilit\u00e0 di pagare pacchetti bevande come parte dell\u2019acquisto del biglietto.<\/p>\n<p>Invece di pagare <strong>oltre 20 \u20ac per un vodka mixer<\/strong>, pagherai 75 \u20ac per un pacchetto di 5 bevande, <strong>che equivale a 15 \u20ac per bevanda<\/strong>. Ogni piccolo risparmio conta![\/vc_column_text][vc_empty_space empty_h=&#8221;2&#8243;][vc_custom_heading separator=&#8221;yes&#8221; separator_color=&#8221;yes&#8221;]<\/p>\n<h2 id=\"deposits\">Che dire delle caparre?<\/h2>\n<p>[\/vc_custom_heading][vc_column_text uncode_shortcode_id=&#8221;212625&#8243;]Alcuni venditori di biglietti ti offriranno la possibilit\u00e0 di versare una caparra per i tuoi biglietti del club e poi ritirarli quando sei sull\u2019isola.[\/vc_column_text][vc_empty_space empty_h=&#8221;2&#8243;][vc_single_image media=&#8221;991112&#8243; media_width_percent=&#8221;100&#8243;][vc_empty_space empty_h=&#8221;2&#8243;][vc_separator sep_color=&#8221;accent&#8221; type=&#8221;dashed&#8221;][vc_empty_space empty_h=&#8221;2&#8243;][vc_column_text uncode_shortcode_id=&#8221;471018&#8243;]Beh, \u00e8 un\u2019altra opzione da considerare, ma in generale il nostro consiglio \u00e8 <strong>di non comprare alcun biglietto in anticipo<\/strong> e di comprarne uno quando sei a Ibiza.<\/p>\n<p>Come abbiamo detto, \u00e8 quasi mai il caso che un club faccia il tutto esaurito, e non sei mai a pi\u00f9 di pochi minuti da un negozio \/ ristorante \/ bar \/ hotel dove puoi comprare un biglietto di persona.[\/vc_column_text][vc_empty_space empty_h=&#8221;2&#8243;][vc_column_text]<\/p>\n<blockquote><p>Se non sei sicuro di voler effettivamente andare alla serata, semplicemente non comprare alcun biglietto in anticipo e comprane uno quando sei a Ibiza.<\/p><\/blockquote>\n<p>[\/vc_column_text][vc_empty_space empty_h=&#8221;1&#8243;][vc_column_text uncode_shortcode_id=&#8221;198691&#8243;]Quando compri i biglietti con Ibiza Spotlight, compri il <strong>biglietto completo in anticipo online ed \u00e8 tutto ci\u00f2 che devi fare<\/strong>.<\/p>\n<p><strong>Non hai nemmeno bisogno di stampare il biglietto<\/strong>. Assicurati solo che il tuo telefono sia carico, porta il tuo documento d\u2019identit\u00e0 e mostra il biglietto sul tuo telefono all\u2019ingresso. Se usi un iPhone, puoi aggiungere i biglietti al tuo Apple Wallet.  <\/p>\n<p>Il processo \u00e8 semplicissimo. Usiamo <a href=\"https:\/\/www.ibiza-spotlight.com?aid=145&amp;tid1=ti-is-article\" target=\"_blank\" rel=\"noopener\">Ibiza Spotlight<\/a> per i nostri biglietti da oltre 10 anni, e sono una delle poche aziende da cui raccomandiamo di comprare i tuoi biglietti per i club di Ibiza. <\/p>\n<p>Se hai altre domande su Ibiza Spotlight, <a href=\"https:\/\/ticketsibiza.com\/it\/contatto\/\">contattaci<\/a>![\/vc_column_text][vc_button button_color=&#8221;color-vyce&#8221; border_width=&#8221;0&#8243; link=&#8221;url:https%3A%2F%2Fwww.ibiza-spotlight.com%2F%3Faid%3D145%26tid1%3Dti-is-article|target:_blank|&#8221; icon=&#8221;fa fa-ticket&#8221;]BIGLIETTI IBIZA SPOTLIGHT[\/vc_button][vc_row_inner row_inner_height_percent=&#8221;0&#8243; back_color=&#8221;accent&#8221; overlay_alpha=&#8221;50&#8243; gutter_size=&#8221;3&#8243; shift_y=&#8221;0&#8243; z_index=&#8221;0&#8243;][vc_column_inner column_width_percent=&#8221;100&#8243; gutter_size=&#8221;3&#8243; override_padding=&#8221;yes&#8221; column_padding=&#8221;2&#8243; overlay_alpha=&#8221;50&#8243; shift_x=&#8221;0&#8243; shift_y=&#8221;0&#8243; shift_y_down=&#8221;0&#8243; z_index=&#8221;0&#8243; medium_width=&#8221;0&#8243; mobile_width=&#8221;0&#8243; width=&#8221;1\/1&#8243;][vc_column_text uncode_shortcode_id=&#8221;112119&#8243;]<span style=\"color: #ffffff;\">Il nostro obiettivo \u00e8 fornirti tutte le informazioni necessarie per acquistare i tuoi biglietti per i club di Ibiza.<\/span><\/p>\n<p><span style=\"color: #ffffff;\"><em>Cerchi altri contenuti su Ibiza? Ce n\u2019\u00e8 altro da cui proviene: <\/em><\/span><\/p>\n<p><span style=\"color: #ffffff;\">\ud83d\udc49 <a style=\"color: #ffffff;\" href=\"https:\/\/ticketsibiza.com\/it\/aperture-ibiza\/\">Feste di apertura di Ibiza<\/a><\/span><\/p>\n<p><span style=\"color: #ffffff;\">\ud83d\udc49 <a style=\"color: #ffffff;\" href=\"https:\/\/ticketsibiza.com\/it\/calendario-ibiza\/\">Calendario dei club di Ibiza<\/a><\/span><\/p>\n<p><span style=\"color: #ffffff;\">\ud83d\udc49 <a style=\"color: #ffffff;\" href=\"https:\/\/ticketsibiza.com\/it\/feste\/\">Feste di Ibiza<\/a><\/span><\/p>\n<p><span style=\"color: #ffffff;\">\ud83d\udc49 <a style=\"color: #ffffff;\" href=\"https:\/\/ticketsibiza.com\/it\/clubs\/\">Club di Ibiza<\/a><\/span>[\/vc_column_text][\/vc_column_inner][\/vc_row_inner][\/vc_column][vc_column column_width_percent=&#8221;100&#8243; align_horizontal=&#8221;align_center&#8221; gutter_size=&#8221;1&#8243; overlay_alpha=&#8221;50&#8243; shift_x=&#8221;0&#8243; shift_y=&#8221;0&#8243; shift_y_down=&#8221;0&#8243; z_index=&#8221;0&#8243; medium_width=&#8221;0&#8243; mobile_visibility=&#8221;yes&#8221; mobile_width=&#8221;0&#8243; sticky=&#8221;yes&#8221; width=&#8221;1\/4&#8243;][uncode_block id=&#8221;142897&#8243; inside_column=&#8221;yes&#8221;][\/vc_column][\/vc_row]<\/p>\n<\/div>","protected":false},"excerpt":{"rendered":"<p>[vc_row row_height_percent=&#8221;20&#8243; override_padding=&#8221;yes&#8221; h_padding=&#8221;0&#8243; top_padding=&#8221;0&#8243; bottom_padding=&#8221;0&#8243; back_image=&#8221;57222&#8243; back_position=&#8221;center center&#8221; parallax=&#8221;yes&#8221; overlay_alpha=&#8221;50&#8243; gutter_size=&#8221;3&#8243; column_width_percent=&#8221;100&#8243; shift_y=&#8221;0&#8243; z_index=&#8221;0&#8243;][vc_column width=&#8221;1\/1&#8243;][vc_empty_space empty_h=&#8221;5&#8243;][vc_row_inner row_inner_height_percent=&#8221;0&#8243; force_width_grid=&#8221;yes&#8221; overlay_color=&#8221;color-149363&#8243; [&hellip;]<\/p>\n","protected":false},"author":1,"featured_media":521847,"parent":0,"menu_order":0,"comment_status":"closed","ping_status":"closed","template":"","meta":{"_acf_changed":false,"footnotes":""},"class_list":["post-991089","page","type-page","status-publish","has-post-thumbnail","hentry"],"acf":[],"_links":{"self":[{"href":"https:\/\/ticketsibiza.com\/it\/wp-json\/wp\/v2\/pages\/991089","targetHints":{"allow":["GET"]}}],"collection":[{"href":"https:\/\/ticketsibiza.com\/it\/wp-json\/wp\/v2\/pages"}],"about":[{"href":"https:\/\/ticketsibiza.com\/it\/wp-json\/wp\/v2\/types\/page"}],"author":[{"embeddable":true,"href":"https:\/\/ticketsibiza.com\/it\/wp-json\/wp\/v2\/users\/1"}],"replies":[{"embeddable":true,"href":"https:\/\/ticketsibiza.com\/it\/wp-json\/wp\/v2\/comments?post=991089"}],"version-history":[{"count":19,"href":"https:\/\/ticketsibiza.com\/it\/wp-json\/wp\/v2\/pages\/991089\/revisions"}],"predecessor-version":[{"id":1002999,"href":"https:\/\/ticketsibiza.com\/it\/wp-json\/wp\/v2\/pages\/991089\/revisions\/1002999"}],"wp:featuredmedia":[{"embeddable":true,"href":"https:\/\/ticketsibiza.com\/it\/wp-json\/wp\/v2\/media\/521847"}],"wp:attachment":[{"href":"https:\/\/ticketsibiza.com\/it\/wp-json\/wp\/v2\/media?parent=991089"}],"curies":[{"name":"wp","href":"https:\/\/api.w.org\/{rel}","templated":true}]}}