{"id":991088,"date":"2019-11-14T16:28:19","date_gmt":"2019-11-14T16:28:19","guid":{"rendered":"https:\/\/ticketsibiza.com\/ibiza-virgins-how-to-survive-ibiza\/"},"modified":"2026-01-13T14:27:24","modified_gmt":"2026-01-13T14:27:24","slug":"vergini-di-ibiza-come-sopravvivere-a-ibiza","status":"publish","type":"page","link":"https:\/\/ticketsibiza.com\/it\/vergini-di-ibiza-come-sopravvivere-a-ibiza\/","title":{"rendered":"Vergini di Ibiza: come sopravvivere a Ibiza"},"content":{"rendered":"<div class=\"wpb-content-wrapper\"><p>[vc_row row_height_percent=&#8221;0&#8243; override_padding=&#8221;yes&#8221; h_padding=&#8221;2&#8243; top_padding=&#8221;2&#8243; bottom_padding=&#8221;0&#8243; back_image=&#8221;59430&#8243; overlay_alpha=&#8221;50&#8243; gutter_size=&#8221;3&#8243; column_width_percent=&#8221;100&#8243; shift_y=&#8221;0&#8243; z_index=&#8221;0&#8243; row_height_pixel=&#8221;50&#8243;][vc_column width=&#8221;1\/1&#8243;][vc_empty_space empty_h=&#8221;5&#8243;][vc_row_inner row_inner_height_percent=&#8221;0&#8243; force_width_grid=&#8221;yes&#8221; overlay_color=&#8221;color-149363&#8243; overlay_alpha=&#8221;50&#8243; gutter_size=&#8221;1&#8243; shift_y=&#8221;1&#8243; z_index=&#8221;3&#8243; css=&#8221;.vc_custom_1551002505146{margin-bottom: 0px !important;border-bottom-width: 0px !important;padding-top: 0px !important;padding-bottom: 0px !important;padding-left: 20px !important;}&#8221;][vc_column_inner column_width_percent=&#8221;100&#8243; gutter_size=&#8221;0&#8243; overlay_alpha=&#8221;50&#8243; shift_x=&#8221;0&#8243; shift_y=&#8221;0&#8243; shift_y_down=&#8221;0&#8243; z_index=&#8221;0&#8243; medium_width=&#8221;0&#8243; mobile_width=&#8221;0&#8243; width=&#8221;1\/1&#8243; css=&#8221;.vc_custom_1551002411961{padding-bottom: 0px !important;}&#8221;][vc_custom_heading text_color=&#8221;color-xsdn&#8221; heading_semantic=&#8221;h1&#8243; text_size=&#8221;h1&#8243; sub_reduced=&#8221;yes&#8221; uncode_shortcode_id=&#8221;608366&#8243; text_color_type=&#8221;uncode-palette&#8221;]Vergini di Ibiza: come sopravvivere a Ibiza 2026[\/vc_custom_heading][vc_column_text text_lead=&#8221;yes&#8221;]<strong><span style=\"color: white;\">5 consigli per sopravvivere al tuo primo viaggio a Ibiza<\/span><\/strong>[\/vc_column_text][\/vc_column_inner][\/vc_row_inner][\/vc_column][\/vc_row][vc_row row_height_percent=&#8221;0&#8243; overlay_alpha=&#8221;50&#8243; gutter_size=&#8221;3&#8243; column_width_percent=&#8221;100&#8243; shift_y=&#8221;0&#8243; z_index=&#8221;0&#8243; css=&#8221;.vc_custom_1551018712642{margin-top: 0px !important;margin-bottom: 0px !important;}&#8221;][vc_column column_width_percent=&#8221;100&#8243; gutter_size=&#8221;2&#8243; overlay_alpha=&#8221;50&#8243; shift_x=&#8221;0&#8243; shift_y=&#8221;0&#8243; shift_y_down=&#8221;0&#8243; z_index=&#8221;0&#8243; medium_width=&#8221;0&#8243; mobile_width=&#8221;0&#8243; width=&#8221;3\/4&#8243;][vc_column_text uncode_shortcode_id=&#8221;874699&#8243;]<span class=\"dropped\">S<\/span>ei una vergine di Ibiza e ti stai preparando per il tuo primo viaggio sull\u2019isola in 2026? Emozionato\/a, ansioso\/a, o entrambi?<\/p>\n<p>Se hai deciso di setacciare Google per leggere consigli prima del tuo primo viaggio sull\u2019Isola Bianca, allora sei capitato nel posto giusto. Questa \u00e8 la nostra guida su come vivere Ibiza, i nostri 5 consigli su come sopravvivere.[\/vc_column_text][vc_column_text uncode_shortcode_id=&#8221;178926&#8243;]<\/p>\n<div class=\"noted\">Ognuno ha un\u2019idea diversa di cosa significhi una bella vacanza a Ibiza, e questa \u00e8 solo la nostra opinione. Andiamo su questa splendida isola da oltre 15 anni per goderci i suoi club, il cibo, la cultura e molto, molto altro. Puoi seguire i nostri consigli o ignorarli \ud83e\udd17  <\/div>\n<p>[\/vc_column_text][vc_separator sep_color=&#8221;color-gyho&#8221;][vc_empty_space empty_h=&#8221;2&#8243;][vc_row_inner][vc_column_inner width=&#8221;1\/6&#8243;][vc_column_text]<span class=\"dropped\">1<\/span>[\/vc_column_text][\/vc_column_inner][vc_column_inner width=&#8221;5\/6&#8243;][vc_custom_heading separator_color=&#8221;yes&#8221; separator=&#8221;yes&#8221;]<\/p>\n<h2>Smetti di preoccuparti dei soldi<\/h2>\n<p>[\/vc_custom_heading][vc_single_image media=&#8221;991104&#8243; media_width_percent=&#8221;100&#8243;][vc_column_text]Non giriamoci intorno: <strong>se vuoi una vacanza economica, devi riconsiderare se Ibiza \u00e8 il posto giusto dove andare<\/strong>.<\/p>\n<p>Certo, ci sono molti modi per ridurre le spese eccessive e sfruttare al meglio il tuo budget. Tuttavia, stai per andare in vacanza a Ibiza. Questa non \u00e8 Magaluf, Zante, Kavos o qualsiasi altro posto in Europa. Se l\u2019unica cosa che farai \u00e8 commentare quanto \u00e8 costoso tutto, fidati di noi, <strong>non ti divertirai<\/strong>.   <\/p>\n<p>Tutti sanno che le cose sono costose a Ibiza. <strong>\u00c8 la seconda destinazione turistica pi\u00f9 densamente popolata al mondo<\/strong>. \u00c8 un\u2019isola in mezzo al mare. Tutti coloro che lavorano nel settore del turismo hanno <strong>5 mesi<\/strong> per fare i loro soldi per l\u2019anno.  <\/p>\n<p>Quindi fattene una ragione. <strong>Le cose sono costose, \u00e8 semplice come quello<\/strong>. Se Ibiza non ne valesse la pena, le persone andrebbero altrove e voterebbero con i loro piedi. Abbiamo detto che il 2019 ha visto un <strong>numero record di visitatori<\/strong> sull\u2019isola?[\/vc_column_text][\/vc_column_inner][\/vc_row_inner][vc_separator sep_color=&#8221;color-gyho&#8221;][vc_empty_space empty_h=&#8221;2&#8243;][vc_row_inner][vc_column_inner width=&#8221;1\/6&#8243;][vc_column_text]<span class=\"dropped\">2<\/span>[\/vc_column_text][\/vc_column_inner][vc_column_inner width=&#8221;5\/6&#8243;][vc_custom_heading separator_color=&#8221;yes&#8221; separator=&#8221;yes&#8221;]<\/p>\n<h2>Scegli l\u2019alloggio con saggezza<\/h2>\n<p>[\/vc_custom_heading][vc_single_image media=&#8221;991096&#8243; media_width_percent=&#8221;100&#8243;][vc_column_text]Questo \u00e8 molto importante. Pensa attentamente a dove vuoi stabilirti sull\u2019isola. Imparerai rapidamente che andare da A\/B a Ibiza non \u00e8 semplice come prenotare un Uber, anche se l\u2019isola sembra piccola su una mappa. Pu\u00f2 essere straziante cercare di trovare un taxi disponibile&#8230; sei stato avvertito!   <\/p>\n<p>Quindi, dove potresti alloggiare? Ecco le due opzioni pi\u00f9 popolari:[\/vc_column_text][vc_accordion active_tab=&#8221;0&#8243;][vc_accordion_tab title=&#8221;San Antonio&#8221; tab_id=&#8221;1572956383-1-571573744166067&#8243;][vc_column_text]<\/p>\n<p class=\"p1\">Nel complesso, \u00e8 per un pubblico pi\u00f9 giovane. A ovest dell\u2019isola, a circa 30 minuti di auto dall\u2019aeroporto. Sede della famigerata &#8220;strip&#8221; di bar. Moltissime persone inglesi. Eden, Es Paradis, Ibiza Rocks e O Beach sono tutti a portata di mano. Zoo Project &amp; Pikes sono a breve distanza in taxi. Cafe del Mar &amp; Cafe Mambo per tramonti indimenticabili e pre-serate gratuite -&gt; vale la pena andarci anche solo per una serata.      <\/p>\n<p>[\/vc_column_text][\/vc_accordion_tab][vc_accordion_tab title=&#8221;Playa d&apos;en Bossa&#8221; tab_id=&#8221;1572956383-2-951573744166067&#8243;][vc_column_text]<\/p>\n<p class=\"p1\">A est dell\u2019isola e molto vicino all\u2019aeroporto (solo 10 minuti in taxi). La splendida citt\u00e0 vecchia \u00e8 a pochi minuti di auto. Su questo lato dell\u2019isola hai i superclub Ushua\u00efa &amp; H\u00ef, mentre Octan (il vecchio Sankeys) \u00e8 anche a portata di mano. Pacha \u00e8 a breve distanza in taxi a Talamanca, con Destino a ulteriori 10 minuti di auto sulle colline. Tra Playa d\u2019en Bossa e la citt\u00e0 vecchia hai Figuertas, un ottimo punto intermedio se vuoi essere vicino alle feste, ma non proprio nel mezzo di tutto.    <\/p>\n<p>[\/vc_column_text][\/vc_accordion_tab][\/vc_accordion][vc_column_text uncode_shortcode_id=&#8221;713987&#8243;]Se siete in un gruppo di 8 o pi\u00f9 persone, dovreste seriamente <strong>considerare di affittare una villa<\/strong>. Perch\u00e9? Perch\u00e9 inizierete a ottenere <strong>un valore molto migliore<\/strong> rispetto a soggiornare in un hotel di fascia bassa\/media, soprattutto per un viaggio di una settimana che i proprietari preferiscono di gran lunga rispetto a un soggiorno di poche notti.  <\/p>\n<p>Detto questo, sar\u00e0 pi\u00f9 importante che mai essere in grado di andare e tornare da essa, soprattutto se la tua villa \u00e8 nel mezzo dell\u2019isola e non sai parlare spagnolo con il tuo autista! <a href=\"https:\/\/ticketsibiza.com\/it\/ibiza-taxi-app\/\">L\u2019app Ibiza Taxi<\/a> potrebbe diventare la tua migliore amica.[\/vc_column_text][\/vc_column_inner][\/vc_row_inner][vc_separator sep_color=&#8221;color-gyho&#8221;][vc_empty_space empty_h=&#8221;2&#8243;][vc_row_inner][vc_column_inner width=&#8221;1\/6&#8243;][vc_column_text]<span class=\"dropped\">3<\/span>[\/vc_column_text][\/vc_column_inner][vc_column_inner width=&#8221;5\/6&#8243;][vc_custom_heading separator_color=&#8221;yes&#8221; separator=&#8221;yes&#8221;]<\/p>\n<h2>Pianifica le tue grandi serate in discoteca<\/h2>\n<p>[\/vc_custom_heading][vc_single_image media=&#8221;990380&#8243; media_width_percent=&#8221;100&#8243;][vc_column_text uncode_shortcode_id=&#8221;198438&#8243;]Se vai a Ibiza per una settimana e vuoi andare in discoteca &#8220;a un certo punto&#8221;, lasciati dare un consiglio. <strong>Pianifica quali club vuoi visitare&#8230; ora!<\/strong> S\u00ec, hai l\u2019imbarazzo della scelta con le feste per ogni club ogni sera, ma <strong>la politica musicale di ognuno varia notevolmente di giorno in giorno<\/strong>. Oh, volevi visitare Pacha ma \u00e8 la tua ultima notte? E non ti piace il Reggaeton? Beh, non sarai fortunato se \u00e8 J Balvin quella notte.   <\/p>\n<p>Pensa ai generi musicali che ti piacciono e fai le tue ricerche. Troverai un\u2019enorme quantit\u00e0 di musica adatta a tutti i gusti ovunque tu guardi&#8230; che si tratti di David Guetta all\u2019 Ushua\u00efa, Paul van Dyk all\u2019Eden, un Pool Party con Craig David o Jamie Jones all\u2019 Amnesia. <\/p>\n<p>Dalla nostra esperienza, aiuta anche se siete in un grande gruppo a concordare almeno un paio di serate in cui avete intenzione di uscire insieme. Organizzando questo prima di andare a Ibiza, avrete <em>qualcosa<\/em> che assomiglia a un piano.[\/vc_column_text][\/vc_column_inner][\/vc_row_inner][vc_separator sep_color=&#8221;color-gyho&#8221;][vc_empty_space empty_h=&#8221;2&#8243;][vc_row_inner][vc_column_inner width=&#8221;1\/6&#8243;][vc_column_text]<span class=\"dropped\">4<\/span>[\/vc_column_text][\/vc_column_inner][vc_column_inner width=&#8221;5\/6&#8243;][vc_custom_heading separator_color=&#8221;yes&#8221; separator=&#8221;yes&#8221;]<\/p>\n<h2>Acquista i tuoi biglietti per il club prima di partire<\/h2>\n<p>[\/vc_custom_heading][vc_single_image media=&#8221;991106&#8243; media_width_percent=&#8221;100&#8243;][vc_column_text uncode_shortcode_id=&#8221;214194&#8243;]A questo proposito, se sai in anticipo quali club visiterai, allora <strong>ti conviene acquistare anche i biglietti per il club<\/strong>. Troverai i <strong>biglietti ufficiali in prevendita pi\u00f9 economici online<\/strong> che possono <strong>farti risparmiare oltre 10 \u20ac<\/strong> rispetto all\u2019acquisto alla porta. Puoi anche acquistare pacchetti bevande dai grandi club allo stesso tempo. Un generoso double vodka mixer a 13 \u20ac sembra improvvisamente molto pi\u00f9 conveniente di 20 \u20ac.   <\/p>\n<p><a href=\"https:\/\/www.ibiza-spotlight.com?aid=145&amp;tid1=ti-tips\" target=\"_blank\" rel=\"noopener\">Ibiza Spotlight<\/a> \u00e8 il venditore ufficiale di biglietti pi\u00f9 longevo di Ibiza &#8211; offrono <strong>cancellazioni gratuite<\/strong> e <strong>garantiscono i biglietti in prevendita pi\u00f9 economici<\/strong> da acquistare ovunque sull\u2019isola.[\/vc_column_text][\/vc_column_inner][\/vc_row_inner][vc_separator sep_color=&#8221;color-gyho&#8221;][vc_empty_space empty_h=&#8221;2&#8243;][vc_row_inner][vc_column_inner width=&#8221;1\/6&#8243;][vc_column_text]<span class=\"dropped\">5<\/span>[\/vc_column_text][\/vc_column_inner][vc_column_inner width=&#8221;5\/6&#8243;][vc_custom_heading separator_color=&#8221;yes&#8221; separator=&#8221;yes&#8221; uncode_shortcode_id=&#8221;106877&#8243;]<\/p>\n<h2>Divertiti<\/h2>\n<p>[\/vc_custom_heading][vc_single_image media=&#8221;990260&#8243; media_width_percent=&#8221;100&#8243;][vc_column_text uncode_shortcode_id=&#8221;145504&#8243;]Ok, quest\u2019ultimo punto \u00e8 un po&#8217; debole. Ma ecco la cosa&#8230; <strong>Ibiza \u00e8 un posto speciale<\/strong>. \u00c8 un posto per divertirsi. Vive e respira musica, ma c\u2019\u00e8 molto di pi\u00f9 da esplorare oltre alle sue discoteche. <strong>Tratta con rispetto lei e tutti coloro che ci vivono<\/strong>. Incontrerai molte persone che la pensano come te, che proprio come te vogliono vivere la vacanza della loro vita.    <\/p>\n<p>Quindi lascia le tue preoccupazioni a casa, preparati a essere al top della forma e divertiti. Tornerai prima che tu te ne accorga \ud83d\ude09[\/vc_column_text][\/vc_column_inner][\/vc_row_inner][vc_separator sep_color=&#8221;color-gyho&#8221;][vc_row_inner row_inner_height_percent=&#8221;0&#8243; back_color=&#8221;accent&#8221; overlay_alpha=&#8221;50&#8243; gutter_size=&#8221;3&#8243; shift_y=&#8221;0&#8243; z_index=&#8221;0&#8243;][vc_column_inner column_width_percent=&#8221;100&#8243; gutter_size=&#8221;3&#8243; override_padding=&#8221;yes&#8221; column_padding=&#8221;2&#8243; overlay_alpha=&#8221;50&#8243; shift_x=&#8221;0&#8243; shift_y=&#8221;0&#8243; shift_y_down=&#8221;0&#8243; z_index=&#8221;0&#8243; medium_width=&#8221;0&#8243; mobile_width=&#8221;0&#8243; width=&#8221;1\/1&#8243;][vc_column_text uncode_shortcode_id=&#8221;293096&#8243;]<span style=\"color: #ffffff;\">Il nostro obiettivo \u00e8 fornirti tutte le informazioni necessarie per acquistare i tuoi biglietti per i club di Ibiza.<\/span><\/p>\n<p><span style=\"color: #ffffff;\"><em>Cerchi altri contenuti su Ibiza? Ce n\u2019\u00e8 altro da cui proviene: <\/em><\/span><\/p>\n<p><span style=\"color: #ffffff;\">\ud83d\udc49 <a style=\"color: #ffffff;\" href=\"https:\/\/ticketsibiza.com\/it\/aperture-ibiza\/\">Feste di apertura di Ibiza<\/a><\/span><\/p>\n<p><span style=\"color: #ffffff;\">\ud83d\udc49 <a style=\"color: #ffffff;\" href=\"https:\/\/ticketsibiza.com\/it\/calendario-ibiza\/\">Calendario dei club di Ibiza<\/a><\/span><\/p>\n<p><span style=\"color: #ffffff;\">\ud83d\udc49 <a style=\"color: #ffffff;\" href=\"https:\/\/ticketsibiza.com\/it\/feste\/\">Feste di Ibiza<\/a><\/span><\/p>\n<p><span style=\"color: #ffffff;\">\ud83d\udc49 <a style=\"color: #ffffff;\" href=\"https:\/\/ticketsibiza.com\/it\/clubs\/\">Club di Ibiza<\/a><\/span>[\/vc_column_text][\/vc_column_inner][\/vc_row_inner][\/vc_column][vc_column column_width_percent=&#8221;100&#8243; align_horizontal=&#8221;align_center&#8221; gutter_size=&#8221;2&#8243; overlay_alpha=&#8221;50&#8243; shift_x=&#8221;0&#8243; shift_y=&#8221;0&#8243; shift_y_down=&#8221;0&#8243; z_index=&#8221;0&#8243; medium_width=&#8221;0&#8243; mobile_visibility=&#8221;yes&#8221; mobile_width=&#8221;0&#8243; width=&#8221;1\/4&#8243; uncode_shortcode_id=&#8221;675981&#8243;][vc_button button_color=&#8221;color-jevc&#8221; size=&#8221;btn-lg&#8221; border_animation=&#8221;btn-ripple-out&#8221; wide=&#8221;yes&#8221; border_width=&#8221;0&#8243; link=&#8221;url:https%3A%2F%2Fticketsibiza.com%2Fit%2Fcalendario-ibiza%2F|&#8221; button_color_type=&#8221;uncode-palette&#8221; uncode_shortcode_id=&#8221;115040&#8243;]Acquista biglietti[\/vc_button][vc_separator sep_color=&#8221;color-gyho&#8221;][uncode_block id=&#8221;142897&#8243; inside_column=&#8221;yes&#8221;][\/vc_column][\/vc_row]<\/p>\n<\/div>","protected":false},"excerpt":{"rendered":"<p>[vc_row row_height_percent=&#8221;0&#8243; override_padding=&#8221;yes&#8221; h_padding=&#8221;2&#8243; top_padding=&#8221;2&#8243; bottom_padding=&#8221;0&#8243; back_image=&#8221;59430&#8243; overlay_alpha=&#8221;50&#8243; gutter_size=&#8221;3&#8243; column_width_percent=&#8221;100&#8243; shift_y=&#8221;0&#8243; z_index=&#8221;0&#8243; row_height_pixel=&#8221;50&#8243;][vc_column width=&#8221;1\/1&#8243;][vc_empty_space empty_h=&#8221;5&#8243;][vc_row_inner row_inner_height_percent=&#8221;0&#8243; force_width_grid=&#8221;yes&#8221; overlay_color=&#8221;color-149363&#8243; overlay_alpha=&#8221;50&#8243; gutter_size=&#8221;1&#8243; [&hellip;]<\/p>\n","protected":false},"author":1,"featured_media":991102,"parent":0,"menu_order":0,"comment_status":"closed","ping_status":"closed","template":"","meta":{"_acf_changed":false,"footnotes":""},"class_list":["post-991088","page","type-page","status-publish","has-post-thumbnail","hentry","page_category-blog"],"acf":[],"_links":{"self":[{"href":"https:\/\/ticketsibiza.com\/it\/wp-json\/wp\/v2\/pages\/991088","targetHints":{"allow":["GET"]}}],"collection":[{"href":"https:\/\/ticketsibiza.com\/it\/wp-json\/wp\/v2\/pages"}],"about":[{"href":"https:\/\/ticketsibiza.com\/it\/wp-json\/wp\/v2\/types\/page"}],"author":[{"embeddable":true,"href":"https:\/\/ticketsibiza.com\/it\/wp-json\/wp\/v2\/users\/1"}],"replies":[{"embeddable":true,"href":"https:\/\/ticketsibiza.com\/it\/wp-json\/wp\/v2\/comments?post=991088"}],"version-history":[{"count":39,"href":"https:\/\/ticketsibiza.com\/it\/wp-json\/wp\/v2\/pages\/991088\/revisions"}],"predecessor-version":[{"id":1060075,"href":"https:\/\/ticketsibiza.com\/it\/wp-json\/wp\/v2\/pages\/991088\/revisions\/1060075"}],"wp:featuredmedia":[{"embeddable":true,"href":"https:\/\/ticketsibiza.com\/it\/wp-json\/wp\/v2\/media\/991102"}],"wp:attachment":[{"href":"https:\/\/ticketsibiza.com\/it\/wp-json\/wp\/v2\/media?parent=991088"}],"curies":[{"name":"wp","href":"https:\/\/api.w.org\/{rel}","templated":true}]}}