{"id":990375,"date":"2019-11-06T17:22:33","date_gmt":"2019-11-06T17:22:33","guid":{"rendered":"https:\/\/ticketsibiza.com\/most-popular-ibiza-parties\/"},"modified":"2026-01-13T17:18:48","modified_gmt":"2026-01-13T17:18:48","slug":"feste-piu-popolari-ibiza","status":"publish","type":"page","link":"https:\/\/ticketsibiza.com\/it\/feste-piu-popolari-ibiza\/","title":{"rendered":"Le 10 feste pi\u00f9 famose di Ibiza"},"content":{"rendered":"<div class=\"wpb-content-wrapper\"><p>[vc_row row_height_percent=&#8221;0&#8243; override_padding=&#8221;yes&#8221; h_padding=&#8221;2&#8243; top_padding=&#8221;2&#8243; bottom_padding=&#8221;0&#8243; back_image=&#8221;613491&#8243; overlay_alpha=&#8221;50&#8243; gutter_size=&#8221;3&#8243; column_width_percent=&#8221;100&#8243; shift_y=&#8221;0&#8243; z_index=&#8221;0&#8243; row_height_pixel=&#8221;50&#8243; uncode_shortcode_id=&#8221;169180&#8243; shape_dividers=&#8221;&#8221;][vc_column width=&#8221;1\/1&#8243;][vc_empty_space empty_h=&#8221;5&#8243;][vc_row_inner row_inner_height_percent=&#8221;0&#8243; force_width_grid=&#8221;yes&#8221; overlay_color=&#8221;color-149363&#8243; overlay_alpha=&#8221;50&#8243; gutter_size=&#8221;1&#8243; shift_y=&#8221;1&#8243; z_index=&#8221;3&#8243; css=&#8221;.vc_custom_1551002505146{margin-bottom: 0px !important;border-bottom-width: 0px !important;padding-top: 0px !important;padding-bottom: 0px !important;padding-left: 20px !important;}&#8221;][vc_column_inner column_width_percent=&#8221;100&#8243; gutter_size=&#8221;0&#8243; overlay_alpha=&#8221;50&#8243; shift_x=&#8221;0&#8243; shift_y=&#8221;0&#8243; shift_y_down=&#8221;0&#8243; z_index=&#8221;0&#8243; medium_width=&#8221;0&#8243; mobile_width=&#8221;0&#8243; width=&#8221;1\/1&#8243; css=&#8221;.vc_custom_1551002411961{padding-bottom: 0px !important;}&#8221;][vc_custom_heading text_color=&#8221;color-xsdn&#8221; heading_semantic=&#8221;h1&#8243; text_size=&#8221;h1&#8243; sub_reduced=&#8221;yes&#8221; uncode_shortcode_id=&#8221;156437&#8243; text_color_type=&#8221;uncode-palette&#8221;]Le feste pi\u00f9 famose di Ibiza[\/vc_custom_heading][vc_column_text text_lead=&#8221;yes&#8221;]<strong><span style=\"color: white;\">Diamo un\u2019occhiata alle feste di cui tutti parlano<\/span><\/strong>[\/vc_column_text][\/vc_column_inner][\/vc_row_inner][\/vc_column][\/vc_row][vc_row row_height_percent=&#8221;0&#8243; overlay_alpha=&#8221;50&#8243; gutter_size=&#8221;3&#8243; column_width_percent=&#8221;100&#8243; shift_y=&#8221;0&#8243; z_index=&#8221;0&#8243; css=&#8221;.vc_custom_1551018712642{margin-top: 0px !important;margin-bottom: 0px !important;}&#8221;][vc_column column_width_percent=&#8221;100&#8243; gutter_size=&#8221;2&#8243; overlay_alpha=&#8221;50&#8243; shift_x=&#8221;0&#8243; shift_y=&#8221;0&#8243; shift_y_down=&#8221;0&#8243; z_index=&#8221;0&#8243; medium_width=&#8221;0&#8243; mobile_width=&#8221;0&#8243; width=&#8221;3\/4&#8243;][vc_column_text uncode_shortcode_id=&#8221;486709&#8243;]Il panorama delle feste di <span class=\"dropped\">I<\/span>biza \u00e8 coerente nel senso che cambia ogni singola stagione che passa. I club aprono e chiudono, le feste vanno e vengono. Alcuni si reinventano, si trasferiscono e si spostano in una parte diversa dell\u2019isola. Alcuni semplicemente svaniscono, incapaci di attirare abbastanza attenzione su un\u2019isola dove ogni singola notte la folla ha l\u2019imbarazzo della scelta su dove decidere di fare festa.   <\/p>\n<p>Ma quali feste hanno fatto parlare tutti la scorsa stagione? Qui presentiamo le feste pi\u00f9 famose di Ibiza della stagione. La lista \u00e8 classificata in base ai nostri dati, cos\u00ec come alle ricerche di Google per ogni festa. Abbiamo contato ben 124 feste la scorsa stagione. Vediamo chi \u00e8 entrato nella top 10&#8230;[\/vc_column_text][vc_separator sep_color=&#8221;color-gyho&#8221;][uncode_block id=&#8221;522142&#8243;][vc_separator sep_color=&#8221;color-gyho&#8221;][vc_row_inner][vc_column_inner width=&#8221;1\/6&#8243;][vc_column_text]<span class=\"dropped\">10<\/span>[\/vc_column_text][\/vc_column_inner][vc_column_inner width=&#8221;5\/6&#8243;][vc_custom_heading separator=&#8221;yes&#8221; separator_color=&#8221;yes&#8221; uncode_shortcode_id=&#8221;171935&#8243;]<\/p>\n<h2>Carl Cox<\/h2>\n<p>Club:  <a href=\"https:\/\/ticketsibiza.com\/it\/clubs\/unvrs\/\">UNVRS<\/a><\/p>\n<p>Posizione precedente: n\/a (nuovo ingresso)[\/vc_custom_heading][vc_single_image media=&#8221;990403&#8243; media_width_percent=&#8221;100&#8243; uncode_shortcode_id=&#8221;531295&#8243;][vc_column_text uncode_shortcode_id=&#8221;337524&#8243;]Carl Cox \u00e8 tornato ed \u00e8 pi\u00f9 grande che mai.&nbsp;  Questa volta, sta conquistando UNVRS, l\u2019iperclub nuovo di zecca di Ibiza.<\/p>\n<p>La sua residency domenicale \u00e8 esplosa fuori dal cancello, con folle scatenate, produzione di livello superiore e quell\u2019imbattibile energia di Coxy. \u00c8 senza dubbio gi\u00e0 una delle storie pi\u00f9 importanti dell\u2019estate.[\/vc_column_text][\/vc_column_inner][\/vc_row_inner][vc_separator sep_color=&#8221;color-gyho&#8221;][vc_row_inner][vc_column_inner width=&#8221;1\/6&#8243;][vc_column_text]<span class=\"dropped\">9<\/span>[\/vc_column_text][\/vc_column_inner][vc_column_inner width=&#8221;5\/6&#8243;][vc_custom_heading separator=&#8221;yes&#8221; separator_color=&#8221;yes&#8221; uncode_shortcode_id=&#8221;165348&#8243;]<\/p>\n<h2>Paradise<\/h2>\n<p>Club:  <a href=\"https:\/\/ticketsibiza.com\/it\/clubs\/unvrs\/\">UNVRS<\/a><\/p>\n<p>Posizione precedente: n\/a (nuovo ingresso)[\/vc_custom_heading][vc_single_image media=&#8221;990396&#8243; media_width_percent=&#8221;100&#8243; uncode_shortcode_id=&#8221;285672&#8243;][vc_column_text uncode_shortcode_id=&#8221;871173&#8243;]Paradise ha una nuova casa &#8211; ed \u00e8 selvaggia. Jamie Jones ha portato la sua iconica festa all\u2019UNVRS, il nuovo iperclub futuristico di Ibiza, e i mercoled\u00ec non sono mai stati cos\u00ec belli.<br \/>\nLineup enormi, immagini irreali e quelle caratteristiche sonorit\u00e0 deep e avvolgenti. La prossima era di Paradise \u00e8 gi\u00e0 in pieno svolgimento.[\/vc_column_text][\/vc_column_inner][\/vc_row_inner][vc_separator sep_color=&#8221;color-gyho&#8221;][vc_row_inner][vc_column_inner width=&#8221;1\/6&#8243;][vc_column_text]<span class=\"dropped\">8<\/span>[\/vc_column_text][\/vc_column_inner][vc_column_inner width=&#8221;5\/6&#8243;][vc_custom_heading separator=&#8221;yes&#8221; separator_color=&#8221;yes&#8221; uncode_shortcode_id=&#8221;154090&#8243;]<\/p>\n<h2>Elrow<\/h2>\n<p>Club:  <a href=\"https:\/\/ticketsibiza.com\/it\/clubs\/unvrs\/\">UNVRS<\/a><\/p>\n<p>Posizione precedente: 5 (\u2b07\ufe0f 3 posizioni)[\/vc_custom_heading][vc_single_image media=&#8221;990397&#8243; media_width_percent=&#8221;100&#8243; uncode_shortcode_id=&#8221;200160&#8243;][vc_column_text uncode_shortcode_id=&#8221;796237&#8243;]elrow \u00e8 atterrato all\u2019UNVRS, ed \u00e8 diventato assolutamente intergalattico. La festa pi\u00f9 selvaggia del mondo ora ha una nuova casa a Ibiza \u2014 ed \u00e8 pi\u00f9 grande, pi\u00f9 audace e pi\u00f9 folle che mai. <\/p>\n<p>La produzione di livello superiore, il caos di coriandoli e il puro teatro sono pienamente a casa all\u2019UNVRS ogni sabato della stagione.[\/vc_column_text][\/vc_column_inner][\/vc_row_inner][vc_separator sep_color=&#8221;color-gyho&#8221;][vc_row_inner][vc_column_inner width=&#8221;1\/6&#8243;][vc_column_text]<span class=\"dropped\">7<\/span>[\/vc_column_text][\/vc_column_inner][vc_column_inner width=&#8221;5\/6&#8243;][vc_custom_heading separator=&#8221;yes&#8221; separator_color=&#8221;yes&#8221; uncode_shortcode_id=&#8221;309997&#8243;]<\/p>\n<h2>Black Coffee<\/h2>\n<p>Club:  <a href=\"https:\/\/ticketsibiza.com\/it\/clubs\/hi\/\">H\u00ef<\/a><\/p>\n<p>Posizione precedente: n\/a (nuovo ingresso)[\/vc_custom_heading][vc_single_image media=&#8221;990398&#8243; media_width_percent=&#8221;100&#8243; uncode_shortcode_id=&#8221;122237&#8243;][vc_column_text uncode_shortcode_id=&#8221;184385&#8243;]Un vero punto fermo dell\u2019H\u00ef Ibiza, la residency del sabato di Black Coffee continua ad alzare l\u2019asticella. Con il suo sound afropolitano profondo e pieno di sentimento e quell\u2019ormai iconica conquista del Theatre, \u00e8 un\u2019esperienza spirituale tanto quanto una festa. <\/p>\n<p>Aggiungi Damian Lazarus nella Club Room e hai una delle serate pi\u00f9 uniche di tutta l\u2019isola.[\/vc_column_text][\/vc_column_inner][\/vc_row_inner][vc_separator sep_color=&#8221;color-gyho&#8221;][vc_row_inner][vc_column_inner width=&#8221;1\/6&#8243;][vc_column_text]<span class=\"dropped\">6<\/span>[\/vc_column_text][\/vc_column_inner][vc_column_inner width=&#8221;5\/6&#8243;][vc_custom_heading separator=&#8221;yes&#8221; separator_color=&#8221;yes&#8221; uncode_shortcode_id=&#8221;304994&#8243;]<\/p>\n<h2><a href=\"https:\/\/ticketsibiza.com\/it\/feste\/glitterbox\/\">Glitterbox<\/a><\/h2>\n<p>Club:  <a href=\"https:\/\/ticketsibiza.com\/it\/clubs\/hi\/\">H\u00ef<\/a><\/p>\n<p>Posizione precedente: 6\u00b0 (Nessuna variazione)[\/vc_custom_heading][vc_single_image media=&#8221;990399&#8243; media_width_percent=&#8221;100&#8243; uncode_shortcode_id=&#8221;636626&#8243;][vc_column_text uncode_shortcode_id=&#8221;118665&#8243;]\u00c8 difficile immaginare un club e una festa pi\u00f9 adatti di H\u00ef e Glitterbox \ud83e\udd1d<\/p>\n<p>Palle da discoteca, ballerini ed energia positiva per tutta la notte. Glitterbox \u00e8 pura gioia \u2014 un mix di inni della vecchia scuola, house moderna e vibrazioni tipiche di Ibiza. [\/vc_column_text][\/vc_column_inner][\/vc_row_inner][vc_separator sep_color=&#8221;color-gyho&#8221;][vc_row_inner][vc_column_inner width=&#8221;1\/6&#8243;][vc_column_text]<span class=\"dropped\">5<\/span>[\/vc_column_text][\/vc_column_inner][vc_column_inner width=&#8221;5\/6&#8243;][vc_custom_heading separator=&#8221;yes&#8221; separator_color=&#8221;yes&#8221; uncode_shortcode_id=&#8221;169963&#8243;]<\/p>\n<h2>FISHER<\/h2>\n<p>Club:  <a href=\"https:\/\/ticketsibiza.com\/it\/clubs\/unvrs\/\">UNVRS<\/a><\/p>\n<p>Posizione precedente: n\/a (nuovo ingresso)[\/vc_custom_heading][vc_single_image media=&#8221;990400&#8243; media_width_percent=&#8221;100&#8243; uncode_shortcode_id=&#8221;170931&#8243;][vc_column_text uncode_shortcode_id=&#8221;457165&#8243;]FISHER ha fatto il trasloco &#8211; e i gioved\u00ec all\u2019UNVRS sono ora assolutamente imperdibili.<\/p>\n<p>Il jolly australiano sta portando un\u2019enorme energia, sorprese selvagge e vibrazioni da festa seria nel superclub pi\u00f9 nuovo dell\u2019isola. \u00c8 senza dubbio una delle serate pi\u00f9 folli dell\u2019estate.[\/vc_column_text][\/vc_column_inner][\/vc_row_inner][vc_separator sep_color=&#8221;color-gyho&#8221;][vc_row_inner][vc_column_inner width=&#8221;1\/6&#8243;][vc_column_text]<span class=\"dropped\">4<\/span>[\/vc_column_text][\/vc_column_inner][vc_column_inner width=&#8221;5\/6&#8243;][vc_custom_heading separator=&#8221;yes&#8221; separator_color=&#8221;yes&#8221; uncode_shortcode_id=&#8221;197898&#8243;]<\/p>\n<h2><a href=\"https:\/\/ticketsibiza.com\/it\/feste\/ants\/\">ANTS<\/a><\/h2>\n<p>Club:  <a href=\"https:\/\/ticketsibiza.com\/it\/clubs\/ushuaia\/\">Ushua\u00efa<\/a><\/p>\n<p>Posizione precedente: 4\u00b0 (Nessuna variazione)[\/vc_custom_heading][vc_single_image media=&#8221;990401&#8243; media_width_percent=&#8221;100&#8243; uncode_shortcode_id=&#8221;474510&#8243;][vc_column_text uncode_shortcode_id=&#8221;150538&#8243;]I pomeriggi del sabato significano una cosa: ANTS. Aspettati house e techno martellanti, vibrazioni industriali e un esercito di raver vestiti di nero che conquistano Ushua\u00efa. <\/p>\n<p>ANTS \u00e8 una delle feste pi\u00f9 coerenti e creative dell\u2019isola, e possa rimanere tale a lungo.[\/vc_column_text][\/vc_column_inner][\/vc_row_inner][vc_separator sep_color=&#8221;color-gyho&#8221;][vc_row_inner][vc_column_inner width=&#8221;1\/6&#8243;][vc_column_text]<span class=\"dropped\">3<\/span>[\/vc_column_text][\/vc_column_inner][vc_column_inner width=&#8221;5\/6&#8243;][vc_custom_heading separator=&#8221;yes&#8221; separator_color=&#8221;yes&#8221; uncode_shortcode_id=&#8221;113950&#8243;]<\/p>\n<h2>Music on<\/h2>\n<p>Club:  <a href=\"https:\/\/ticketsibiza.com\/it\/clubs\/pacha\/\">Pacha<\/a><\/p>\n<p>Posizione precedente: 10\u00b0 (\u2b06\ufe0f 7 posizioni)[\/vc_custom_heading][vc_single_image media=&#8221;990402&#8243; media_width_percent=&#8221;100&#8243; uncode_shortcode_id=&#8221;136087&#8243;][vc_column_text uncode_shortcode_id=&#8221;148757&#8243;]La pi\u00f9 grande scalata nella nostra lista &#8211; dal 10\u00b0 al 3\u00b0 posto \u2014 Music On sta vivendo una stagione grandiosa. La residency del venerd\u00ec di Marco Carola al Pacha \u00e8 esaurita settimana dopo settimana, con techno e house di alto livello dal maestro stesso e dai suoi ospiti all-star. <\/p>\n<p>Una vera istituzione di Ibiza che non mostra segni di rallentamento.[\/vc_column_text][\/vc_column_inner][\/vc_row_inner][vc_separator sep_color=&#8221;color-gyho&#8221;][vc_row_inner][vc_column_inner width=&#8221;1\/6&#8243;][vc_column_text]<span class=\"dropped\">2<\/span>[\/vc_column_text][\/vc_column_inner][vc_column_inner width=&#8221;5\/6&#8243;][vc_custom_heading separator=&#8221;yes&#8221; separator_color=&#8221;yes&#8221; uncode_shortcode_id=&#8221;690302&#8243;]<\/p>\n<h2>David Guetta<\/h2>\n<p>Club: <a href=\"https:\/\/ticketsibiza.com\/it\/clubs\/unvrs\/\">UNVRS<\/a> &amp;   <a href=\"https:\/\/ticketsibiza.com\/it\/clubs\/ushuaia\/\">Ushua\u00efa<\/a><\/p>\n<p>Posizione precedente: 2 (Nessuna variazione)[\/vc_custom_heading][vc_single_image media=&#8221;990393&#8243; media_width_percent=&#8221;100&#8243; uncode_shortcode_id=&#8221;152722&#8243;][vc_column_text uncode_shortcode_id=&#8221;146738&#8243;]Due residency. Due spettacoli sold-out ogni settimana. Non ci sono molti DJ in grado di farcela \u2014 ma David Guetta \u00e8 a un livello completamente diverso.  <\/p>\n<p>La sua iconica festa F*** Me I\u2019m Famous! sta ancora dominando i luned\u00ec all\u2019Ushua\u00efa, mentre Galactic Circus all\u2019UNVRS sta facendo girare la testa con immagini pazzesche e vibrazioni futuristiche.<\/p>\n<p>Una vera leggenda di Ibiza che fa ci\u00f2 che sa fare meglio.[\/vc_column_text][\/vc_column_inner][\/vc_row_inner][vc_separator sep_color=&#8221;color-gyho&#8221;][vc_row_inner][vc_column_inner width=&#8221;1\/6&#8243;][vc_column_text]<span class=\"dropped\" style=\"background-color: #f3b70a !important;\">1<\/span>[\/vc_column_text][\/vc_column_inner][vc_column_inner width=&#8221;5\/6&#8243;][vc_custom_heading separator=&#8221;yes&#8221; separator_color=&#8221;yes&#8221; uncode_shortcode_id=&#8221;597210&#8243;]<\/p>\n<h2><a href=\"https:\/\/ticketsibiza.com\/it\/clubs\/ushuaia\/\">Calvin Harris<\/a><\/h2>\n<p>Club:  <a href=\"https:\/\/ticketsibiza.com\/it\/clubs\/ushuaia\/\">Ushua\u00efa<\/a><\/p>\n<p>Posizione 2019: n\/a (nuovo ingresso)[\/vc_custom_heading][vc_single_image media=&#8221;990394&#8243; media_width_percent=&#8221;100&#8243; uncode_shortcode_id=&#8221;171266&#8243;][vc_column_text uncode_shortcode_id=&#8221;163543&#8243;]Ancora il numero uno. Ancora il re di Ibiza. <\/p>\n<p>Calvin Harris \u00e8 tornato ed \u00e8 pi\u00f9 grande che mai, raddoppiando all\u2019Ushua\u00efa con spettacoli sia il venerd\u00ec che il marted\u00ec di questa estate. L\u2019energia \u00e8 irreale, i successi continuano ad arrivare e ogni notte \u00e8 un totale sold-out. <\/p>\n<p>Se fai solo una festa a Ibiza 2026 \u2014 scegli questa.[\/vc_column_text][\/vc_column_inner][\/vc_row_inner][vc_separator sep_color=&#8221;color-gyho&#8221;][vc_row_inner row_inner_height_percent=&#8221;0&#8243; back_color=&#8221;accent&#8221; overlay_alpha=&#8221;50&#8243; gutter_size=&#8221;3&#8243; shift_y=&#8221;0&#8243; z_index=&#8221;0&#8243;][vc_column_inner column_width_percent=&#8221;100&#8243; gutter_size=&#8221;3&#8243; override_padding=&#8221;yes&#8221; column_padding=&#8221;2&#8243; overlay_alpha=&#8221;50&#8243; shift_x=&#8221;0&#8243; shift_y=&#8221;0&#8243; shift_y_down=&#8221;0&#8243; z_index=&#8221;0&#8243; medium_width=&#8221;0&#8243; mobile_width=&#8221;0&#8243; width=&#8221;1\/1&#8243;][vc_column_text uncode_shortcode_id=&#8221;454234&#8243;]<span style=\"color: #ffffff;\">Il nostro obiettivo \u00e8 fornirti tutte le informazioni necessarie per acquistare i tuoi biglietti per i club di Ibiza.<\/span><\/p>\n<p><span style=\"color: #ffffff;\"><em>Cerchi altri contenuti su Ibiza? Ce n\u2019\u00e8 altro da cui proviene: <\/em><\/span><\/p>\n<p><span style=\"color: #ffffff;\">\ud83d\udc49 <a style=\"color: #ffffff;\" href=\"https:\/\/ticketsibiza.com\/it\/aperture-ibiza\/\">Feste di apertura di Ibiza<\/a><\/span><\/p>\n<p><span style=\"color: #ffffff;\">\ud83d\udc49 <a style=\"color: #ffffff;\" href=\"https:\/\/ticketsibiza.com\/it\/calendario-ibiza\/\">Calendario dei club di Ibiza<\/a><\/span><\/p>\n<p><span style=\"color: #ffffff;\">\ud83d\udc49 <a style=\"color: #ffffff;\" href=\"https:\/\/ticketsibiza.com\/it\/feste\/\">Feste di Ibiza<\/a><\/span><\/p>\n<p><span style=\"color: #ffffff;\">\ud83d\udc49 <a style=\"color: #ffffff;\" href=\"https:\/\/ticketsibiza.com\/it\/clubs\/\">Club di Ibiza<\/a><\/span>[\/vc_column_text][\/vc_column_inner][\/vc_row_inner][\/vc_column][vc_column column_width_percent=&#8221;100&#8243; align_horizontal=&#8221;align_center&#8221; gutter_size=&#8221;2&#8243; overlay_alpha=&#8221;50&#8243; shift_x=&#8221;0&#8243; shift_y=&#8221;0&#8243; shift_y_down=&#8221;0&#8243; z_index=&#8221;0&#8243; medium_width=&#8221;0&#8243; mobile_visibility=&#8221;yes&#8221; mobile_width=&#8221;0&#8243; sticky=&#8221;yes&#8221; width=&#8221;1\/4&#8243;][uncode_block id=&#8221;142897&#8243; inside_column=&#8221;yes&#8221;][\/vc_column][\/vc_row]<\/p>\n<\/div>","protected":false},"excerpt":{"rendered":"<p>[vc_row row_height_percent=&#8221;0&#8243; override_padding=&#8221;yes&#8221; h_padding=&#8221;2&#8243; top_padding=&#8221;2&#8243; bottom_padding=&#8221;0&#8243; back_image=&#8221;613491&#8243; overlay_alpha=&#8221;50&#8243; gutter_size=&#8221;3&#8243; column_width_percent=&#8221;100&#8243; shift_y=&#8221;0&#8243; z_index=&#8221;0&#8243; row_height_pixel=&#8221;50&#8243; uncode_shortcode_id=&#8221;169180&#8243; shape_dividers=&#8221;&#8221;][vc_column width=&#8221;1\/1&#8243;][vc_empty_space empty_h=&#8221;5&#8243;][vc_row_inner row_inner_height_percent=&#8221;0&#8243; force_width_grid=&#8221;yes&#8221; overlay_color=&#8221;color-149363&#8243; [&hellip;]<\/p>\n","protected":false},"author":1,"featured_media":524500,"parent":0,"menu_order":0,"comment_status":"closed","ping_status":"closed","template":"","meta":{"_acf_changed":false,"footnotes":""},"class_list":["post-990375","page","type-page","status-publish","has-post-thumbnail","hentry"],"acf":[],"_links":{"self":[{"href":"https:\/\/ticketsibiza.com\/it\/wp-json\/wp\/v2\/pages\/990375","targetHints":{"allow":["GET"]}}],"collection":[{"href":"https:\/\/ticketsibiza.com\/it\/wp-json\/wp\/v2\/pages"}],"about":[{"href":"https:\/\/ticketsibiza.com\/it\/wp-json\/wp\/v2\/types\/page"}],"author":[{"embeddable":true,"href":"https:\/\/ticketsibiza.com\/it\/wp-json\/wp\/v2\/users\/1"}],"replies":[{"embeddable":true,"href":"https:\/\/ticketsibiza.com\/it\/wp-json\/wp\/v2\/comments?post=990375"}],"version-history":[{"count":45,"href":"https:\/\/ticketsibiza.com\/it\/wp-json\/wp\/v2\/pages\/990375\/revisions"}],"predecessor-version":[{"id":1061470,"href":"https:\/\/ticketsibiza.com\/it\/wp-json\/wp\/v2\/pages\/990375\/revisions\/1061470"}],"wp:featuredmedia":[{"embeddable":true,"href":"https:\/\/ticketsibiza.com\/it\/wp-json\/wp\/v2\/media\/524500"}],"wp:attachment":[{"href":"https:\/\/ticketsibiza.com\/it\/wp-json\/wp\/v2\/media?parent=990375"}],"curies":[{"name":"wp","href":"https:\/\/api.w.org\/{rel}","templated":true}]}}