{"id":990249,"date":"2019-09-11T21:35:21","date_gmt":"2019-09-11T20:35:21","guid":{"rendered":"https:\/\/ticketsibiza.com\/clubs\/pikes\/"},"modified":"2025-11-11T17:13:36","modified_gmt":"2025-11-11T17:13:36","slug":"pikes","status":"publish","type":"page","link":"https:\/\/ticketsibiza.com\/it\/clubs\/pikes\/","title":{"rendered":"Pikes Ibiza 2026 &#8211; biglietti, eventi e programma"},"content":{"rendered":"<div class=\"wpb-content-wrapper\"><p>[vc_row row_height_percent=&#8221;0&#8243; override_padding=&#8221;yes&#8221; h_padding=&#8221;2&#8243; top_padding=&#8221;2&#8243; bottom_padding=&#8221;0&#8243; back_image=&#8221;127456&#8243; back_attachment=&#8221;scroll&#8221; parallax=&#8221;yes&#8221; overlay_alpha=&#8221;50&#8243; gutter_size=&#8221;3&#8243; column_width_percent=&#8221;100&#8243; shift_y=&#8221;0&#8243; z_index=&#8221;0&#8243; row_height_pixel=&#8221;50&#8243;][vc_column width=&#8221;1\/1&#8243;][vc_empty_space empty_h=&#8221;5&#8243;][vc_row_inner row_inner_height_percent=&#8221;0&#8243; force_width_grid=&#8221;yes&#8221; overlay_color=&#8221;color-149363&#8243; overlay_alpha=&#8221;70&#8243; gutter_size=&#8221;1&#8243; shift_y=&#8221;1&#8243; z_index=&#8221;3&#8243; css=&#8221;.vc_custom_1555872297672{margin-bottom: 0px !important;border-bottom-width: 0px !important;padding-top: 0px !important;padding-bottom: 0px !important;padding-left: 20px !important;}&#8221;][vc_column_inner column_width_percent=&#8221;100&#8243; gutter_size=&#8221;0&#8243; overlay_alpha=&#8221;50&#8243; shift_x=&#8221;0&#8243; shift_y=&#8221;0&#8243; shift_y_down=&#8221;0&#8243; z_index=&#8221;0&#8243; medium_width=&#8221;0&#8243; mobile_width=&#8221;0&#8243; width=&#8221;1\/1&#8243; css=&#8221;.vc_custom_1551002411961{padding-bottom: 0px !important;}&#8221;][vc_custom_heading text_color=&#8221;color-xsdn&#8221; heading_semantic=&#8221;h1&#8243; text_size=&#8221;h1&#8243; sub_reduced=&#8221;yes&#8221;]<\/p>\n<h1 style=\"text-align: left;\"><span style=\"color: #ffffff;\">Pikes Ibiza<\/span><\/h1>\n<p>[\/vc_custom_heading][vc_column_text text_lead=&#8221;yes&#8221;]<\/p>\n<h4><span style=\"font-weight: 400; color: #ffffff;\">Hotel. Club. Un\u2019istituzione di Ibiza.  <\/span><\/h4>\n<p>[\/vc_column_text][\/vc_column_inner][\/vc_row_inner][\/vc_column][\/vc_row][vc_row row_height_percent=&#8221;0&#8243; overlay_alpha=&#8221;50&#8243; gutter_size=&#8221;3&#8243; column_width_percent=&#8221;100&#8243; shift_y=&#8221;0&#8243; z_index=&#8221;0&#8243; css=&#8221;.vc_custom_1551018712642{margin-top: 0px !important;margin-bottom: 0px !important;}&#8221;][vc_column column_width_percent=&#8221;100&#8243; gutter_size=&#8221;3&#8243; overlay_alpha=&#8221;50&#8243; shift_x=&#8221;0&#8243; shift_y=&#8221;0&#8243; shift_y_down=&#8221;0&#8243; z_index=&#8221;0&#8243; medium_width=&#8221;0&#8243; mobile_width=&#8221;0&#8243; width=&#8221;3\/4&#8243;][vc_column_text]<span style=\"font-weight: 400;\">La storia di Pikes risale a molto tempo fa. Fondato da <strong>Tony Pike<\/strong> negli anni \u201970, alcuni dei nomi pi\u00f9 famosi del mondo erano ospiti frequenti dell\u2019hotel, situato a breve distanza in auto da <strong>San Antonio<\/strong>, nella parte occidentale di Ibiza. <\/span><\/p>\n<p><span style=\"font-weight: 400;\">Forse il pi\u00f9 famoso \u00e8 <strong>Freddie Mercury<\/strong>, un ospite abituale che ancora oggi ha <strong>una stanza tutta sua<\/strong> che porta il suo nome. Dire di aver ballato nella vecchia stanza d\u2019albergo di Freddy Mercury \u00e8 una di quelle cose che si possono dire solo a Ibiza. <\/span><\/p>\n<p><span style=\"font-weight: 400;\">Poi, naturalmente, c\u2019\u00e8 la piscina, resa famosa dal video musicale <strong>Club Tropicana<\/strong> dei Wham, girato proprio nell\u2019hotel.&nbsp;<\/span><\/p>\n<p><span style=\"font-weight: 400;\">Fa tutto parte di un locale che, si ha la sensazione, ne ha viste di tutti i colori nel corso degli anni. Nel 2011, <strong>Ibiza Rocks<\/strong> ha acquisito la propriet\u00e0 del locale e lo ha modernizzato, trasformandolo in quello che \u00e8 oggi. <\/span><\/p>\n<p><span style=\"font-weight: 400;\">Dal punto di vista del club, non aspettarti un\u2019enorme pista da ballo come se fossi in una super discoteca. No, quello a cui dovresti prepararti \u00e8 pi\u00f9 la sensazione di essere a una <strong>festa in casa<\/strong> nel bel mezzo della campagna ibizenca. A dire il vero, \u00e8 praticamente quello che \u00e8. Non assomiglia a nessun altro posto ed \u00e8 fantastico.   <\/span><\/p>\n<p><span style=\"font-weight: 400;\">Il club non \u00e8 aperto tutte le sere e la programmazione musicale varia notevolmente durante la settimana, quindi pianifica attentamente il tuo viaggio. Detto questo, Pikes non \u00e8 il tipo di locale in cui ci si imbatte per caso, quindi se hai intenzione di andarci per fare festa, puoi essere sicuro che sarai l\u00ec con altri amici che la pensano come te. <\/span><\/p>\n<p><span style=\"font-weight: 400;\">Le feste al Pikes sono solitamente gratuite, tuttavia \u00e8 necessario richiedere l\u2019iscrizione alla guestlist direttamente tramite il loro sito web.<\/span>[\/vc_column_text][vc_tabs][vc_tab title=&#8221;Cosa aspettarsi&#8221; tab_id=&#8221;1560767237-1-91fffd-f68253a7-0b86&#8243;][vc_column_text]<\/p>\n<blockquote>\n<h3><span style=\"font-weight: 400;\">&#8220;Un locale ricco di storia e un\u2019atmosfera da festa in casa&#8221;<\/span><\/h3>\n<\/blockquote>\n<p>[\/vc_column_text][\/vc_tab][vc_tab title=&#8221;I nostri consigli&#8221; tab_id=&#8221;1560767237-2-0fffd-f68253a7-0b86&#8243;][vc_column_text]<\/p>\n<ul>\n<li style=\"font-weight: 400;\"><span style=\"font-weight: 400;\">Assicurati di controllare gli orari dei set per il club. Le feste cambiano di notte in notte e non chiuder\u00e0 cos\u00ec tardi come altri club a Ibiza <\/span><\/li>\n<li style=\"font-weight: 400;\"><span style=\"font-weight: 400;\">Se hai un languorino, prendi qualcosa da mangiare all\u2019eccellente ristorante per cenare e rilassarti prima di ballare<\/span><\/li>\n<\/ul>\n<p>[\/vc_column_text][\/vc_tab][\/vc_tabs][vc_accordion title=&#8221;Domande frequenti&#8221;][vc_accordion_tab title=&#8221;Come arrivo al Pikes?&#8221; tab_id=&#8221;1560767237-1-24fffd-f68253a7-0b86&#8243;][vc_column_text]<span style=\"font-weight: 400;\">Il Pikes si trova a pochi chilometri da San Antonio, nella parte occidentale di Ibiza. \u00c8 piuttosto nascosto, quindi ti consigliamo di prendere un taxi. Ti coster\u00e0 meno di 10 \u20ac da San Antonio e circa 35 \u20ac da Ibiza citt\u00e0 per arrivarci.  <\/span>[\/vc_column_text][\/vc_accordion_tab][vc_accordion_tab title=&#8221;Quali sono gli orari di apertura del Pikes?&#8221; tab_id=&#8221;1560767237-2-71fffd-f68253a7-0b86&#8243;][vc_column_text]<span style=\"font-weight: 400;\">Non ci sono orari di apertura\/chiusura formali, dato che Pikes \u00e8 un hotel. Detto questo, la maggior parte delle serate in discoteca iniziano alle 20:00 e proseguono fino alle 4:00. <\/span>[\/vc_column_text][\/vc_accordion_tab][vc_accordion_tab title=&#8221;Quanto costa entrare al Pikes?&#8221; tab_id=&#8221;1560768560770-2-3fffd-f68253a7-0b86&#8243;][vc_column_text]<span style=\"font-weight: 400;\">I biglietti per il Pikes sono solitamente gratuiti, su guestlist avanzata.<\/span>[\/vc_column_text][\/vc_accordion_tab][vc_accordion_tab title=&#8221;Quali sono i prezzi delle bevande al Pikes?&#8221; tab_id=&#8221;1560768568468-3-4fffd-f68253a7-0b86&#8243;][vc_column_text uncode_shortcode_id=&#8221;167847&#8243;]<span style=\"font-weight: 400;\">Una birra costa 15 \u20ac, l\u2019acqua 9 \u20ac e un superalcolico + mixer 19 \u20ac.<\/span>[\/vc_column_text][\/vc_accordion_tab][vc_accordion_tab title=&#8221;Qual \u00e8 la capienza del Pikes?&#8221; tab_id=&#8221;1560768585183-4-8fffd-f68253a7-0b86&#8243;][vc_column_text]<span style=\"font-weight: 400;\">Il Pikes pu\u00f2 ospitare fino a 800 persone.<\/span>[\/vc_column_text][\/vc_accordion_tab][vc_accordion_tab title=&#8221;Qual \u00e8 il codice di abbigliamento al Pikes?&#8221; tab_id=&#8221;1560768597322-5-10fffd-f68253a7-0b86&#8243;][vc_column_text]<span style=\"font-weight: 400;\">Anche se potresti voler vestirti in modo pi\u00f9 elegante per il ristorante, se hai intenzione di andare solo in discoteca non c\u2019\u00e8 un codice di abbigliamento. Indossa quello che ti fa sentire a tuo agio per ballare! <\/span>[\/vc_column_text][\/vc_accordion_tab][vc_accordion_tab gutter_size=&#8221;2&#8243; column_padding=&#8221;2&#8243; title=&#8221;Qual \u00e8 la line up del Pikes Ibiza?&#8221; tab_id=&#8221;1560768604185-6-7fffd-f68253a7-0b86&#8243;][vc_column_text uncode_shortcode_id=&#8221;147527&#8243;]<span style=\"font-weight: 400;\">Dai un\u2019occhiata alla line up completa del Pikes Ibiza <a href=\"https:\/\/pikesibiza.com\/events\/\" target=\"_blank\" rel=\"noopener\">qui<\/a>.<\/span>[\/vc_column_text][\/vc_accordion_tab][\/vc_accordion][\/vc_column][vc_column column_width_percent=&#8221;100&#8243; align_horizontal=&#8221;align_center&#8221; gutter_size=&#8221;2&#8243; overlay_alpha=&#8221;50&#8243; shift_x=&#8221;0&#8243; shift_y=&#8221;0&#8243; shift_y_down=&#8221;0&#8243; z_index=&#8221;0&#8243; medium_visibility=&#8221;yes&#8221; medium_width=&#8221;0&#8243; mobile_visibility=&#8221;yes&#8221; mobile_width=&#8221;0&#8243; sticky=&#8221;yes&#8221; width=&#8221;1\/4&#8243;][vc_button button_color=&#8221;color-jevc&#8221; size=&#8221;btn-xl&#8221; border_animation=&#8221;btn-ripple-out&#8221; wide=&#8221;yes&#8221; border_width=&#8221;0&#8243; link=&#8221;url:https%3A%2F%2Fpikesibiza.com%2Fevents%2F|target:%20_blank|&#8221;]Acquista biglietti[\/vc_button][vc_separator sep_color=&#8221;accent&#8221;][vc_single_image media=&#8221;990257&#8243; media_width_percent=&#8221;75&#8243; alignment=&#8221;center&#8221; shape=&#8221;img-circle&#8221; border=&#8221;yes&#8221; shadow=&#8221;yes&#8221; shadow_weight=&#8221;sm&#8221; shadow_darker=&#8221;yes&#8221;][vc_separator sep_color=&#8221;accent&#8221;][vc_gmaps latlon=&#8221;38.9910216,1.3200945&#8243; size=&#8221;280&#8243; map_color=&#8221;color-wvjs&#8221; ui_color=&#8221;accent&#8221; zoom=&#8221;10&#8243; map_saturation=&#8221;-100&#8243; map_brightness=&#8221;5&#8243; address=&#8221;Cam\u00ed de Sa Vorera, S\/N, 07820 Sant Antoni de Portmany, Illes Balears, Spain&#8221;][vc_separator sep_color=&#8221;accent&#8221;][uncode_block id=&#8221;146863&#8243; inside_column=&#8221;yes&#8221;][\/vc_column][\/vc_row][vc_section back_color=&#8221;color-lxmt&#8221; overlay_alpha=&#8221;50&#8243;][vc_row][vc_column width=&#8221;3\/4&#8243;][vc_gallery el_id=&#8221;gallery-160005&#8243; type=&#8221;justified&#8221; random=&#8221;yes&#8221; medias=&#8221;990258,990259,990260,990261,990262,990264&#8243; justify_row_height=&#8221;150&#8243; gutter_size=&#8221;0&#8243; single_overlay_opacity=&#8221;50&#8243; single_padding=&#8221;2&#8243; title=&#8221;Galleria fotografica&#8221;][\/vc_column][vc_column width=&#8221;1\/4&#8243;][vc_raw_html]PGlmcmFtZSBzcmM9Imh0dHBzOi8vb3Blbi5zcG90aWZ5LmNvbS9lbWJlZC1wb2RjYXN0L3Nob3cvNUxGcmdGdzd4bmVvYzhVOHlGSTMxVSIgd2lkdGg9IjEwMCUiIGhlaWdodD0iMjMyIiBmcmFtZWJvcmRlcj0iMCIgYWxsb3d0cmFuc3BhcmVuY3k9InRydWUiIGFsbG93PSJlbmNyeXB0ZWQtbWVkaWEiPjwvaWZyYW1lPg==[\/vc_raw_html][\/vc_column][\/vc_row][\/vc_section][vc_section back_color=&#8221;color-prif&#8221; overlay_alpha=&#8221;50&#8243;][vc_row row_height_percent=&#8221;0&#8243; overlay_alpha=&#8221;50&#8243; gutter_size=&#8221;3&#8243; column_width_percent=&#8221;100&#8243; shift_y=&#8221;0&#8243; z_index=&#8221;0&#8243; row_name=&#8221;listings&#8221;][vc_column column_width_percent=&#8221;100&#8243; position_vertical=&#8221;middle&#8221; align_horizontal=&#8221;align_center&#8221; gutter_size=&#8221;2&#8243; overlay_alpha=&#8221;50&#8243; shift_x=&#8221;0&#8243; shift_y=&#8221;0&#8243; shift_y_down=&#8221;0&#8243; z_index=&#8221;0&#8243; medium_width=&#8221;0&#8243; mobile_width=&#8221;0&#8243; width=&#8221;1\/1&#8243;][vc_button button_color=&#8221;color-vyce&#8221; size=&#8221;btn-lg&#8221; border_width=&#8221;0&#8243; link=&#8221;url:https%3A%2F%2Fpikesibiza.com%2Fevents%2F|target:%20_blank|&#8221;]ACQUISTA I BIGLIETTI[\/vc_button][\/vc_column][\/vc_row][\/vc_section]<\/p>\n<\/div>","protected":false},"excerpt":{"rendered":"<p>[vc_row row_height_percent=&#8221;0&#8243; override_padding=&#8221;yes&#8221; h_padding=&#8221;2&#8243; top_padding=&#8221;2&#8243; bottom_padding=&#8221;0&#8243; back_image=&#8221;127456&#8243; back_attachment=&#8221;scroll&#8221; parallax=&#8221;yes&#8221; overlay_alpha=&#8221;50&#8243; gutter_size=&#8221;3&#8243; column_width_percent=&#8221;100&#8243; shift_y=&#8221;0&#8243; z_index=&#8221;0&#8243; row_height_pixel=&#8221;50&#8243;][vc_column width=&#8221;1\/1&#8243;][vc_empty_space empty_h=&#8221;5&#8243;][vc_row_inner row_inner_height_percent=&#8221;0&#8243; force_width_grid=&#8221;yes&#8221; overlay_color=&#8221;color-149363&#8243; [&hellip;]<\/p>\n","protected":false},"author":1,"featured_media":127457,"parent":989650,"menu_order":0,"comment_status":"closed","ping_status":"closed","template":"","meta":{"_acf_changed":false,"footnotes":""},"class_list":["post-990249","page","type-page","status-publish","has-post-thumbnail","hentry","page_category-club"],"acf":[],"_links":{"self":[{"href":"https:\/\/ticketsibiza.com\/it\/wp-json\/wp\/v2\/pages\/990249","targetHints":{"allow":["GET"]}}],"collection":[{"href":"https:\/\/ticketsibiza.com\/it\/wp-json\/wp\/v2\/pages"}],"about":[{"href":"https:\/\/ticketsibiza.com\/it\/wp-json\/wp\/v2\/types\/page"}],"author":[{"embeddable":true,"href":"https:\/\/ticketsibiza.com\/it\/wp-json\/wp\/v2\/users\/1"}],"replies":[{"embeddable":true,"href":"https:\/\/ticketsibiza.com\/it\/wp-json\/wp\/v2\/comments?post=990249"}],"version-history":[{"count":9,"href":"https:\/\/ticketsibiza.com\/it\/wp-json\/wp\/v2\/pages\/990249\/revisions"}],"predecessor-version":[{"id":1002879,"href":"https:\/\/ticketsibiza.com\/it\/wp-json\/wp\/v2\/pages\/990249\/revisions\/1002879"}],"up":[{"embeddable":true,"href":"https:\/\/ticketsibiza.com\/it\/wp-json\/wp\/v2\/pages\/989650"}],"wp:featuredmedia":[{"embeddable":true,"href":"https:\/\/ticketsibiza.com\/it\/wp-json\/wp\/v2\/media\/127457"}],"wp:attachment":[{"href":"https:\/\/ticketsibiza.com\/it\/wp-json\/wp\/v2\/media?parent=990249"}],"curies":[{"name":"wp","href":"https:\/\/api.w.org\/{rel}","templated":true}]}}