{"id":990198,"date":"2019-09-11T20:07:25","date_gmt":"2019-09-11T19:07:25","guid":{"rendered":"https:\/\/ticketsibiza.com\/clubs\/lio\/"},"modified":"2026-03-18T17:02:21","modified_gmt":"2026-03-18T17:02:21","slug":"lio","status":"publish","type":"page","link":"https:\/\/ticketsibiza.com\/it\/clubs\/lio\/","title":{"rendered":"L\u00edo Ibiza 2026 &#8211; Biglietti, eventi e lineup"},"content":{"rendered":"<div class=\"wpb-content-wrapper\"><p>[vc_row row_height_percent=&#8221;0&#8243; override_padding=&#8221;yes&#8221; h_padding=&#8221;2&#8243; top_padding=&#8221;2&#8243; bottom_padding=&#8221;0&#8243; back_image=&#8221;127407&#8243; back_attachment=&#8221;scroll&#8221; parallax=&#8221;yes&#8221; overlay_alpha=&#8221;50&#8243; gutter_size=&#8221;3&#8243; column_width_percent=&#8221;100&#8243; shift_y=&#8221;0&#8243; z_index=&#8221;0&#8243; row_height_pixel=&#8221;50&#8243;][vc_column column_width_percent=&#8221;100&#8243; position_vertical=&#8221;bottom&#8221; gutter_size=&#8221;3&#8243; overlay_alpha=&#8221;50&#8243; shift_x=&#8221;0&#8243; shift_y=&#8221;0&#8243; shift_y_down=&#8221;0&#8243; z_index=&#8221;0&#8243; medium_width=&#8221;0&#8243; mobile_width=&#8221;0&#8243; width=&#8221;1\/1&#8243;][vc_empty_space empty_h=&#8221;5&#8243;][vc_row_inner row_inner_height_percent=&#8221;0&#8243; force_width_grid=&#8221;yes&#8221; overlay_color=&#8221;color-149363&#8243; overlay_alpha=&#8221;70&#8243; gutter_size=&#8221;1&#8243; shift_y=&#8221;1&#8243; z_index=&#8221;3&#8243; css=&#8221;.vc_custom_1555872297672{margin-bottom: 0px !important;border-bottom-width: 0px !important;padding-top: 0px !important;padding-bottom: 0px !important;padding-left: 20px !important;}&#8221;][vc_column_inner column_width_percent=&#8221;100&#8243; gutter_size=&#8221;0&#8243; overlay_alpha=&#8221;50&#8243; shift_x=&#8221;0&#8243; shift_y=&#8221;0&#8243; shift_y_down=&#8221;0&#8243; z_index=&#8221;0&#8243; medium_width=&#8221;0&#8243; mobile_width=&#8221;0&#8243; width=&#8221;1\/1&#8243; css=&#8221;.vc_custom_1551002411961{padding-bottom: 0px !important;}&#8221;][vc_custom_heading text_color=&#8221;color-xsdn&#8221; heading_semantic=&#8221;h1&#8243; text_size=&#8221;h1&#8243; sub_reduced=&#8221;yes&#8221;]<\/p>\n<h1 style=\"text-align: left;\"><span style=\"color: #ffffff;\">L\u00edo<\/span><\/h1>\n<p>[\/vc_custom_heading][vc_column_text text_lead=&#8221;yes&#8221;]<\/p>\n<h4><span style=\"font-weight: 400; color: #ffffff;\">L\u2019affascinante locale di cabaret e clubbing di Ibiza<\/span><\/h4>\n<p>[\/vc_column_text][\/vc_column_inner][\/vc_row_inner][\/vc_column][\/vc_row][vc_row row_height_percent=&#8221;0&#8243; overlay_alpha=&#8221;50&#8243; gutter_size=&#8221;3&#8243; column_width_percent=&#8221;100&#8243; shift_y=&#8221;0&#8243; z_index=&#8221;0&#8243; css=&#8221;.vc_custom_1551018712642{margin-top: 0px !important;margin-bottom: 0px !important;}&#8221;][vc_column column_width_percent=&#8221;100&#8243; gutter_size=&#8221;3&#8243; overlay_alpha=&#8221;50&#8243; shift_x=&#8221;0&#8243; shift_y=&#8221;0&#8243; shift_y_down=&#8221;0&#8243; z_index=&#8221;0&#8243; medium_width=&#8221;0&#8243; mobile_width=&#8221;0&#8243; width=&#8221;3\/4&#8243;][vc_column_text uncode_shortcode_id=&#8221;180626&#8243;]<span style=\"font-weight: 400;\">Con viste incredibili su <strong>Dalt Vila<\/strong> e il <strong>centro storico<\/strong> dalla sua posizione a <strong>Talamanca<\/strong>, il <strong>L\u00edo<\/strong> \u00e8 un locale estremamente versatile che offre di tutto, dai cocktail, al cabaret e al clubbing fino alle prime ore del mattino.<\/span><\/p>\n<p><span style=\"font-weight: 400;\">Puoi vedere il locale trasformarsi durante il giorno da ristorante a locale di <strong>cabaret<\/strong>, a <strong>club a tutti gli effetti<\/strong> dopo l\u2019una di notte. Non ci sono molti locali a Ibiza che possono vantare un\u2019offerta cos\u00ec ampia: una gita al L\u00edo \u00e8 qualcosa che ricorderai a lungo. <\/span><\/p>\n<p><span style=\"font-weight: 400;\">La folla \u00e8 pi\u00f9 matura e si veste per fare colpo.<\/span> <span style=\"font-weight: 400;\">\u00c8 probabile che tu possa incontrare alcuni degli ospiti famosi che frequentano il L\u00edo molto regolarmente&#8230; non dimenticare di mantenere la calma ?<\/span><\/p>\n<p><span style=\"font-weight: 400;\">Dal punto di vista del clubbing, il L\u00edo si \u00e8 diversificato notevolmente nelle ultime stagioni. Con le residenze di <strong>Felix da Housecat<\/strong>, <strong>2manydjs<\/strong> e <strong>Sebastian Gamboa<\/strong>, non farai fatica a trovare una festa che corrisponda ai tuoi gusti. <\/span><\/p>\n<p><span style=\"font-weight: 400;\">Se stai cercando una serata di intrattenimento completa quando sei a Ibiza, il L\u00edo \u00e8 sicuramente da prendere in considerazione.<\/span>[\/vc_column_text][vc_tabs][vc_tab title=&#8221;Cosa aspettarsi&#8221; tab_id=&#8221;1560767237-1-91fffd-f682&#8243;][vc_column_text]<\/p>\n<blockquote>\n<h3><span style=\"font-weight: 400;\">&#8220;Sfarzo, glamour, volti famosi, viste incredibili e un\u2019esperienza di intrattenimento come nessun altro sull\u2019isola&#8221;<\/span><\/h3>\n<\/blockquote>\n<p>[\/vc_column_text][\/vc_tab][vc_tab title=&#8221;I nostri consigli&#8221; tab_id=&#8221;1560767237-2-0fffd-f682&#8243;][vc_column_text]<\/p>\n<ul>\n<li style=\"font-weight: 400;\"><span style=\"font-weight: 400;\">Hai un budget limitato? Questo non \u00e8 il posto dove andare ? Ricorda che puoi venire solo per la serata in discoteca senza prenotare un tavolo in anticipo.  <\/span><\/li>\n<li style=\"font-weight: 400;\"><span style=\"font-weight: 400;\">Vestiti in modo elegante! Questo \u00e8 uno dei locali di Ibiza in cui vorrai fare bella figura <\/span><\/li>\n<li style=\"font-weight: 400;\"><span style=\"font-weight: 400;\">Non dimenticare che la prenotazione del ristorante vale anche come ingresso al club<\/span><\/li>\n<li style=\"font-weight: 400;\">Il L\u00edo organizza molti eventi speciali e cene durante tutta la stagione estiva. Tieniti aggiornato con il loro <a style=\"font-family: -apple-system, BlinkMacSystemFont, &#039;Segoe UI&#039;, Roboto, Oxygen-Sans, Ubuntu, Cantarell, &#039;Helvetica Neue&#039;, sans-serif;\" href=\"https:\/\/lioibiza.com\/\" target=\"_blank\" rel=\"noopener\">sito web<\/a><span style=\"font-weight: 400;\"> per gli ultimi annunci<\/span> <\/li>\n<\/ul>\n<p>[\/vc_column_text][\/vc_tab][\/vc_tabs][vc_accordion title=&#8221;Domande frequenti&#8221;][vc_accordion_tab title=&#8221;Come arrivo al L\u00edo?&#8221; tab_id=&#8221;1560767237-1-24fffd-f682&#8243;][vc_column_text]<span style=\"font-weight: 400;\">Il L\u00edo si trova a Talamanca, a 20 minuti a piedi da Ibiza citt\u00e0. Un taxi da Ibiza citt\u00e0 ti coster\u00e0 circa 10 \u20ac, o 30 \u20ac da San Antonio. <\/span>[\/vc_column_text][\/vc_accordion_tab][vc_accordion_tab title=&#8221;Quali sono gli orari di apertura del L\u00edo?&#8221; tab_id=&#8221;1560767237-2-71fffd-f682&#8243;][vc_column_text]<span style=\"font-weight: 400;\">Il ristorante del L\u00edo apre alle 20:30 tutte le sere. Il club apre all\u2019una di notte e l\u2019intero locale chiude alle 6 del mattino tutte le sere. <\/span>[\/vc_column_text][\/vc_accordion_tab][vc_accordion_tab title=&#8221;Quanto costa entrare al L\u00edo?&#8221; tab_id=&#8221;1560768560770-2-3fffd-f682&#8243;][vc_column_text]<span style=\"font-weight: 400;\">I biglietti per il L\u00edo variano tra i 40 e i 50 \u20ac, a seconda del promoter della serata. Il costo minimo previsto per un tavolo VIP \u00e8 di 200 \u20ac a persona.  Acquista i biglietti online in anticipo per risparmiare almeno 10 \u20ac in pi\u00f9 rispetto al prezzo alla porta.<\/span>[\/vc_column_text][\/vc_accordion_tab][vc_accordion_tab title=&#8221;Quali sono i prezzi delle bevande al L\u00edo?&#8221; tab_id=&#8221;1560768568468-3-4fffd-f682&#8243;][vc_column_text]<span style=\"font-weight: 400;\">Per il 2019, al L\u00edo una birra costa 15 \u20ac, l\u2019acqua 10 \u20ac e un superalcolico con soft drink 25 \u20ac. Le bottiglie di vino partono da 72 \u20ac. <\/span>[\/vc_column_text][\/vc_accordion_tab][vc_accordion_tab title=&#8221;Qual \u00e8 la capienza del L\u00edo?&#8221; tab_id=&#8221;1560768585183-4-8fffd-f682&#8243;][vc_column_text]<span style=\"font-weight: 400;\">Il L\u00edo pu\u00f2 contenere fino a 1.500 persone.<\/span>[\/vc_column_text][\/vc_accordion_tab][vc_accordion_tab title=&#8221;Qual \u00e8 il codice di abbigliamento al L\u00edo?&#8221; tab_id=&#8221;1560768597322-5-10fffd-f682&#8243;][vc_column_text]<span style=\"font-weight: 400;\">Vestiti per fare colpo. \u00c8 probabile che ti venga negato l\u2019ingresso se indossi infradito, jeans strappati o canottiere. <\/span>[\/vc_column_text][\/vc_accordion_tab][vc_accordion_tab gutter_size=&#8221;2&#8243; column_padding=&#8221;2&#8243; title=&#8221;Qual \u00e8 la lineup del L\u00edo Ibiza?&#8221; tab_id=&#8221;1560768604185-6-7fffd-f682&#8243;][vc_column_text]<span style=\"font-weight: 400;\">Puoi visualizzare la lineup completa del L\u00edo Ibiza nel calendario qui sotto.<\/span>[\/vc_column_text][\/vc_accordion_tab][\/vc_accordion][\/vc_column][vc_column column_width_percent=&#8221;100&#8243; align_horizontal=&#8221;align_center&#8221; gutter_size=&#8221;2&#8243; overlay_alpha=&#8221;50&#8243; shift_x=&#8221;0&#8243; shift_y=&#8221;0&#8243; shift_y_down=&#8221;0&#8243; z_index=&#8221;0&#8243; medium_visibility=&#8221;yes&#8221; medium_width=&#8221;0&#8243; mobile_visibility=&#8221;yes&#8221; mobile_width=&#8221;0&#8243; sticky=&#8221;yes&#8221; width=&#8221;1\/4&#8243;][vc_button button_color=&#8221;color-jevc&#8221; size=&#8221;btn-lg&#8221; border_animation=&#8221;btn-ripple-out&#8221; wide=&#8221;yes&#8221; border_width=&#8221;0&#8243; link=&#8221;url:%23listings|&#8221; button_color_type=&#8221;uncode-palette&#8221; uncode_shortcode_id=&#8221;101296&#8243;]Acquista biglietti[\/vc_button][vc_separator sep_color=&#8221;accent&#8221;][vc_single_image media=&#8221;990210&#8243; media_width_percent=&#8221;75&#8243; alignment=&#8221;center&#8221; shape=&#8221;img-circle&#8221; border=&#8221;yes&#8221; shadow=&#8221;yes&#8221; shadow_weight=&#8221;sm&#8221; shadow_darker=&#8221;yes&#8221;][vc_separator sep_color=&#8221;accent&#8221;][vc_separator sep_color=&#8221;accent&#8221;][uncode_block id=&#8221;146863&#8243; inside_column=&#8221;yes&#8221;][\/vc_column][\/vc_row][vc_section back_color=&#8221;color-lxmt&#8221; overlay_alpha=&#8221;50&#8243;][vc_row][vc_column width=&#8221;3\/4&#8243;][vc_gallery el_id=&#8221;gallery-160005&#8243; type=&#8221;justified&#8221; random=&#8221;yes&#8221; medias=&#8221;990204,990205,990206,990207,990208,990209&#8243; justify_row_height=&#8221;150&#8243; gutter_size=&#8221;0&#8243; single_overlay_opacity=&#8221;50&#8243; single_padding=&#8221;2&#8243; title=&#8221;Galleria fotografica&#8221;][\/vc_column][vc_column width=&#8221;1\/4&#8243;][\/vc_column][\/vc_row][\/vc_section][vc_section back_color=&#8221;color-prif&#8221; overlay_alpha=&#8221;50&#8243;][vc_row row_height_percent=&#8221;0&#8243; overlay_alpha=&#8221;50&#8243; gutter_size=&#8221;3&#8243; column_width_percent=&#8221;100&#8243; shift_y=&#8221;0&#8243; z_index=&#8221;0&#8243; row_name=&#8221;listings&#8221;][vc_column column_width_percent=&#8221;100&#8243; position_vertical=&#8221;middle&#8221; align_horizontal=&#8221;align_center&#8221; gutter_size=&#8221;2&#8243; overlay_alpha=&#8221;50&#8243; shift_x=&#8221;0&#8243; shift_y=&#8221;0&#8243; shift_y_down=&#8221;0&#8243; z_index=&#8221;0&#8243; medium_width=&#8221;0&#8243; mobile_width=&#8221;0&#8243; width=&#8221;1\/1&#8243;][vc_custom_heading text_color=&#8221;color-xsdn&#8221; sub_lead=&#8221;yes&#8221; uncode_shortcode_id=&#8221;157002&#8243; text_color_type=&#8221;uncode-palette&#8221;]<\/p>\n<h2 style=\"text-align: center;\"><span style=\"color: #ffffff;\">Eventi<\/span><\/h2>\n<p>[\/vc_custom_heading]\t\t<div class=\"wcs-timetable__wrapper\">\n\t\t\t<div class=\"wcs-vue\" id=\"wcs-app-93\"><\/div>\n\t\t<\/div>\n\t\t[\/vc_column][\/vc_row][\/vc_section]<\/p>\n<\/div>","protected":false},"excerpt":{"rendered":"<p>[vc_row row_height_percent=&#8221;0&#8243; override_padding=&#8221;yes&#8221; h_padding=&#8221;2&#8243; top_padding=&#8221;2&#8243; bottom_padding=&#8221;0&#8243; back_image=&#8221;127407&#8243; back_attachment=&#8221;scroll&#8221; parallax=&#8221;yes&#8221; overlay_alpha=&#8221;50&#8243; gutter_size=&#8221;3&#8243; column_width_percent=&#8221;100&#8243; shift_y=&#8221;0&#8243; z_index=&#8221;0&#8243; row_height_pixel=&#8221;50&#8243;][vc_column column_width_percent=&#8221;100&#8243; position_vertical=&#8221;bottom&#8221; gutter_size=&#8221;3&#8243; overlay_alpha=&#8221;50&#8243; shift_x=&#8221;0&#8243; [&hellip;]<\/p>\n","protected":false},"author":1,"featured_media":990210,"parent":989650,"menu_order":0,"comment_status":"closed","ping_status":"closed","template":"","meta":{"_acf_changed":false,"footnotes":""},"class_list":["post-990198","page","type-page","status-publish","has-post-thumbnail","hentry","page_category-club"],"acf":[],"_links":{"self":[{"href":"https:\/\/ticketsibiza.com\/it\/wp-json\/wp\/v2\/pages\/990198","targetHints":{"allow":["GET"]}}],"collection":[{"href":"https:\/\/ticketsibiza.com\/it\/wp-json\/wp\/v2\/pages"}],"about":[{"href":"https:\/\/ticketsibiza.com\/it\/wp-json\/wp\/v2\/types\/page"}],"author":[{"embeddable":true,"href":"https:\/\/ticketsibiza.com\/it\/wp-json\/wp\/v2\/users\/1"}],"replies":[{"embeddable":true,"href":"https:\/\/ticketsibiza.com\/it\/wp-json\/wp\/v2\/comments?post=990198"}],"version-history":[{"count":22,"href":"https:\/\/ticketsibiza.com\/it\/wp-json\/wp\/v2\/pages\/990198\/revisions"}],"predecessor-version":[{"id":1128856,"href":"https:\/\/ticketsibiza.com\/it\/wp-json\/wp\/v2\/pages\/990198\/revisions\/1128856"}],"up":[{"embeddable":true,"href":"https:\/\/ticketsibiza.com\/it\/wp-json\/wp\/v2\/pages\/989650"}],"wp:featuredmedia":[{"embeddable":true,"href":"https:\/\/ticketsibiza.com\/it\/wp-json\/wp\/v2\/media\/990210"}],"wp:attachment":[{"href":"https:\/\/ticketsibiza.com\/it\/wp-json\/wp\/v2\/media?parent=990198"}],"curies":[{"name":"wp","href":"https:\/\/api.w.org\/{rel}","templated":true}]}}