{"id":989252,"date":"2025-07-08T09:41:52","date_gmt":"2025-07-08T08:41:52","guid":{"rendered":"https:\/\/ticketsibiza.com\/david-guetta\/"},"modified":"2026-03-18T12:56:18","modified_gmt":"2026-03-18T12:56:18","slug":"david-guetta","status":"publish","type":"page","link":"https:\/\/ticketsibiza.com\/it\/feste\/david-guetta\/","title":{"rendered":"David Guetta Galactic Circus Ibiza 2026 &#8211; Biglietti, eventi e lineup"},"content":{"rendered":"<div class=\"wpb-content-wrapper\"><p>[vc_row row_height_percent=&#8221;0&#8243; override_padding=&#8221;yes&#8221; h_padding=&#8221;2&#8243; top_padding=&#8221;2&#8243; bottom_padding=&#8221;0&#8243; back_image=&#8221;983642&#8243; overlay_alpha=&#8221;50&#8243; gutter_size=&#8221;3&#8243; column_width_percent=&#8221;100&#8243; shift_y=&#8221;0&#8243; z_index=&#8221;0&#8243; row_height_pixel=&#8221;50&#8243; uncode_shortcode_id=&#8221;199119&#8243;][vc_column width=&#8221;1\/1&#8243;][vc_empty_space empty_h=&#8221;5&#8243;][vc_row_inner row_inner_height_percent=&#8221;0&#8243; force_width_grid=&#8221;yes&#8221; overlay_color=&#8221;color-149363&#8243; overlay_alpha=&#8221;70&#8243; gutter_size=&#8221;1&#8243; shift_y=&#8221;1&#8243; z_index=&#8221;3&#8243; css=&#8221;.vc_custom_1555709400356{margin-bottom: 0px !important;border-bottom-width: 0px !important;padding-top: 0px !important;padding-bottom: 0px !important;padding-left: 20px !important;}&#8221;][vc_column_inner column_width_percent=&#8221;100&#8243; gutter_size=&#8221;0&#8243; overlay_alpha=&#8221;50&#8243; shift_x=&#8221;0&#8243; shift_y=&#8221;0&#8243; shift_y_down=&#8221;0&#8243; z_index=&#8221;0&#8243; medium_width=&#8221;0&#8243; mobile_width=&#8221;0&#8243; width=&#8221;1\/1&#8243; css=&#8221;.vc_custom_1551002411961{padding-bottom: 0px !important;}&#8221;][vc_custom_heading text_color=&#8221;color-xsdn&#8221; heading_semantic=&#8221;h1&#8243; text_size=&#8221;h1&#8243; sub_reduced=&#8221;yes&#8221; uncode_shortcode_id=&#8221;146317&#8243; text_color_type=&#8221;uncode-palette&#8221;]David Guetta Galactic Circus[\/vc_custom_heading][vc_column_text text_lead=&#8221;yes&#8221; uncode_shortcode_id=&#8221;946987&#8243;]<strong><span style=\"color: white;\">UNVRS Ibiza<\/span><\/strong>[\/vc_column_text][\/vc_column_inner][\/vc_row_inner][\/vc_column][\/vc_row][vc_section][vc_row row_height_percent=&#8221;0&#8243; overlay_alpha=&#8221;50&#8243; gutter_size=&#8221;3&#8243; column_width_percent=&#8221;100&#8243; shift_y=&#8221;0&#8243; z_index=&#8221;0&#8243; css=&#8221;.vc_custom_1551018712642{margin-top: 0px !important;margin-bottom: 0px !important;}&#8221;][vc_column column_width_percent=&#8221;100&#8243; gutter_size=&#8221;2&#8243; overlay_alpha=&#8221;50&#8243; shift_x=&#8221;0&#8243; shift_y=&#8221;0&#8243; shift_y_down=&#8221;0&#8243; z_index=&#8221;0&#8243; medium_width=&#8221;0&#8243; mobile_width=&#8221;0&#8243; width=&#8221;3\/4&#8243;][uncode_block id=&#8221;525847&#8243;][vc_column_text uncode_shortcode_id=&#8221;614932&#8243;]<\/p>\n<blockquote>\n<h3>David Guetta sbarca all\u2019UNVRS Ibiza<\/h3>\n<\/blockquote>\n<p>[\/vc_column_text][vc_column_text uncode_shortcode_id=&#8221;165981&#8243;]Entra nel selvaggio mondo cosmico di Galactic Circus: David Guetta torna all\u2019UNVRS Ibiza per l\u2019estate 2026. Dopo una stagione di debutto rivoluzionaria, la superstar francese \u00e8 tornata!<\/p>\n<p>Immagina inni da \u09b9\u09bf\u099f parade, una produzione degna di un\u2019arena e immagini fuori dal mondo, il tutto racchiuso in uno spettacolo imperdibile che ogni clubber che si rispetti vorr\u00e0 aggiungere alla propria lista dei desideri per il 2026.[\/vc_column_text][vc_empty_space empty_h=&#8221;1&#8243;][vc_column_text uncode_shortcode_id=&#8221;188404&#8243;][toc][\/vc_column_text][vc_separator sep_color=&#8221;&#8221; uncode_shortcode_id=&#8221;164783&#8243;][vc_empty_space empty_h=&#8221;1&#8243;][vc_custom_heading heading_semantic=&#8221;h3&#8243; text_size=&#8221;h3&#8243; separator_color=&#8221;yes&#8221; separator=&#8221;yes&#8221; uncode_shortcode_id=&#8221;109878&#8243; el_id=&#8221;ftoc-david-guetta-ibiza-2026&#8243;]David Guetta Ibiza 2026[\/vc_custom_heading][vc_column_text uncode_shortcode_id=&#8221;212262&#8243;]Dopo tre stagioni da record che hanno fatto il tutto esaurito all\u2019H\u00ef, il produttore di successi francese inizia un nuovo capitolo all\u2019UNVRS, il primo \u201chyperclub\u201d al mondo. Riprogettato all\u2019interno della vasta area dell\u2019ex Privilege, l\u2019UNVRS fonde un\u2019architettura LED a 360\u00b0, performer aerei e un impianto audio di altissimo livello: il terreno di gioco perfetto per l\u2019incredibile concept Galactic Circus di Guetta.<\/p>\n<p>Questa mossa offre anche ai fan dell\u2019isola due opportunit\u00e0 di godersi Guetta ogni settimana: Galactic Circus il venerd\u00ec all\u2019UNVRS e le sue sessioni diurne F*** ME I\u2019M FAMOUS! ogni luned\u00ec all\u2019Ushua\u00efa.[\/vc_column_text][vc_empty_space empty_h=&#8221;1&#8243;][vc_custom_heading heading_semantic=&#8221;h3&#8243; text_size=&#8221;h3&#8243; separator_color=&#8221;yes&#8221; separator=&#8221;yes&#8221; uncode_shortcode_id=&#8221;169195&#8243; el_id=&#8221;ftoc-when-does-david-guetta-announce-his-ibiza-residency&#8221;]Quando David Guetta annuncia la sua residency a Ibiza?[\/vc_custom_heading][vc_column_text uncode_shortcode_id=&#8221;200995&#8243;]Le date degli annunci passati mostrano che Guetta ama svelare le novit\u00e0 a met\u00e0 febbraio. Tuttavia, questa stagione abbiamo avuto una sorpresa anticipata!<\/p>\n<p>\u2022 2023: 23 febbraio<br \/>\n\u2022 2024: 20 febbraio<br \/>\n\u2022 2025: 13 febbraio<br \/>\n\u2022 2026: 8 gennaio[\/vc_column_text][vc_empty_space empty_h=&#8221;1&#8243;][vc_custom_heading heading_semantic=&#8221;h3&#8243; text_size=&#8221;h3&#8243; separator_color=&#8221;yes&#8221; separator=&#8221;yes&#8221; uncode_shortcode_id=&#8221;133058&#8243; el_id=&#8221;ftoc-david-guetta-ibiza-set-times&#8221;]David Guetta Ibiza: orari dei set[\/vc_custom_heading][vc_column_text uncode_shortcode_id=&#8221;721456&#8243;]Le porte dell\u2019UNVRS si aprono alle 23:30, ma Guetta tradizionalmente prende il controllo della console molto pi\u00f9 tardi.<\/p>\n<p>Aspettati che inizi a suonare intorno alle 3 del mattino e mantenga la pista da ballo in orbita fino alla chiusura: le uscite all\u2019alba sono la norma qui \ud83d\ude0e[\/vc_column_text][vc_empty_space empty_h=&#8221;1&#8243;][vc_custom_heading heading_semantic=&#8221;h3&#8243; text_size=&#8221;h3&#8243; separator_color=&#8221;yes&#8221; separator=&#8221;yes&#8221; uncode_shortcode_id=&#8221;203506&#8243; el_id=&#8221;ftoc-what-to-expect-at-david-guetta-ibiza&#8221;]Cosa aspettarsi al David Guetta UNVRS Ibiza[\/vc_custom_heading][vc_column_text uncode_shortcode_id=&#8221;208586&#8243;]Galactic Circus \u00e8 pi\u00f9 di un DJ set: \u00e8 un\u2019opera spaziale cinematografica con Guetta come tuo direttore di pista.<\/p>\n<p>Immagina laser che fendono la vasta cupola, ballerini su strutture anti-gravit\u00e0, creature circensi olografiche e il mozzafiato pezzo forte del club, il \u201cTree of Life\u201d.<\/p>\n<p>Musicalmente, Guetta spazia tra bombe EDM pop, armi future rave con Morten e inaspettate svolte techno, tutto offerto su una pista da ballo da 10.000 persone, fatta per farti venire la pelle d\u2019oca.[\/vc_column_text][vc_raw_html]PGJsb2NrcXVvdGUgY2xhc3M9Imluc3RhZ3JhbS1tZWRpYSIgZGF0YS1pbnN0Z3JtLWNhcHRpb25lZD0iIiBkYXRhLWluc3Rncm0tcGVybWFsaW5rPSJodHRwczovL3d3dy5pbnN0YWdyYW0uY29tL3JlZWwvREw1cUl4Q2czWGEvP3V0bV9zb3VyY2U9aWdfZW1iZWQmYW1wO3V0bV9jYW1wYWlnbj1sb2FkaW5nIiBkYXRhLWluc3Rncm0tdmVyc2lvbj0iMTQiIHN0eWxlPSIgIGJhY2tncm91bmQ6I0ZGRjsgYm9yZGVyOjA7IGJvcmRlci1yYWRpdXM6M3B4OyBib3gtc2hhZG93OjAgMCAxcHggMCByZ2JhKDAsMCwwLDAuNSksMCAxcHggMTBweCAwIHJnYmEoMCwwLDAsMC4xNSk7IG1hcmdpbjogMXB4OyBtYXgtd2lkdGg6NTQwcHg7IG1pbi13aWR0aDozMjZweDsgcGFkZGluZzowOyB3aWR0aDo5OS4zNzUlOyB3aWR0aDotd2Via2l0LWNhbGMoMTAwJSAtIDJweCk7IHdpZHRoOmNhbGMoMTAwJSAtIDJweCk7Ij48ZGl2IHN0eWxlPSJwYWRkaW5nOjE2cHg7Ij4gPGEgaHJlZj0iaHR0cHM6Ly93d3cuaW5zdGFncmFtLmNvbS9yZWVsL0RMNXFJeENnM1hhLz91dG1fc291cmNlPWlnX2VtYmVkJmFtcDt1dG1fY2FtcGFpZ249bG9hZGluZyIgc3R5bGU9IiAgYmFja2dyb3VuZDojRkZGRkZGOyBsaW5lLWhlaWdodDowOyBwYWRkaW5nOjAgMDsgdGV4dC1hbGlnbjpjZW50ZXI7IHRleHQtZGVjb3JhdGlvbjpub25lOyB3aWR0aDoxMDAlOyIgdGFyZ2V0PSJfYmxhbmsiPiA8ZGl2IHN0eWxlPSIgIGRpc3BsYXk6IGZsZXg7IGZsZXgtZGlyZWN0aW9uOiByb3c7IGFsaWduLWl0ZW1zOiBjZW50ZXI7Ij4gPGRpdiBzdHlsZT0iYmFja2dyb3VuZC1jb2xvcjogI0Y0RjRGNDsgYm9yZGVyLXJhZGl1czogNTAlOyBmbGV4LWdyb3c6IDA7IGhlaWdodDogNDBweDsgbWFyZ2luLXJpZ2h0OiAxNHB4OyB3aWR0aDogNDBweDsiPjwvZGl2PiA8ZGl2IHN0eWxlPSJkaXNwbGF5OiBmbGV4OyBmbGV4LWRpcmVjdGlvbjogY29sdW1uOyBmbGV4LWdyb3c6IDE7IGp1c3RpZnktY29udGVudDogY2VudGVyOyI+IDxkaXYgc3R5bGU9IiAgYmFja2dyb3VuZC1jb2xvcjogI0Y0RjRGNDsgYm9yZGVyLXJhZGl1czogNHB4OyBmbGV4LWdyb3c6IDA7IGhlaWdodDogMTRweDsgbWFyZ2luLWJvdHRvbTogNnB4OyB3aWR0aDogMTAwcHg7Ij48L2Rpdj4gPGRpdiBzdHlsZT0iICBiYWNrZ3JvdW5kLWNvbG9yOiAjRjRGNEY0OyBib3JkZXItcmFkaXVzOiA0cHg7IGZsZXgtZ3JvdzogMDsgaGVpZ2h0OiAxNHB4OyB3aWR0aDogNjBweDsiPjwvZGl2PjwvZGl2PjwvZGl2PjxkaXYgc3R5bGU9InBhZGRpbmc6IDE5JSAwOyI+PC9kaXY+IDxkaXYgc3R5bGU9ImRpc3BsYXk6YmxvY2s7IGhlaWdodDo1MHB4OyBtYXJnaW46MCBhdXRvIDEycHg7IHdpZHRoOjUwcHg7Ij48c3ZnIHdpZHRoPSI1MHB4IiBoZWlnaHQ9IjUwcHgiIHZpZXdib3g9IjAgMCA2MCA2MCIgdmVyc2lvbj0iMS4xIiB4bWxucz0iaHR0cHM6Ly93d3cudzMub3JnLzIwMDAvc3ZnIiB4bWxuczp4bGluaz0iaHR0cHM6Ly93d3cudzMub3JnLzE5OTkveGxpbmsiPjxnIHN0cm9rZT0ibm9uZSIgc3Ryb2tlLXdpZHRoPSIxIiBmaWxsPSJub25lIiBmaWxsLXJ1bGU9ImV2ZW5vZGQiPjxnIHRyYW5zZm9ybT0idHJhbnNsYXRlKC01MTEuMDAwMDAwLCAtMjAuMDAwMDAwKSIgZmlsbD0iIzAwMDAwMCI+PGc+PHBhdGggZD0iTTU1Ni44NjksMzAuNDEgQzU1NC44MTQsMzAuNDEgNTUzLjE0OCwzMi4wNzYgNTUzLjE0OCwzNC4xMzEgQzU1My4xNDgsMzYuMTg2IDU1NC44MTQsMzcuODUyIDU1Ni44NjksMzcuODUyIEM1NTguOTI0LDM3Ljg1MiA1NjAuNTksMzYuMTg2IDU2MC41OSwzNC4xMzEgQzU2MC41OSwzMi4wNzYgNTU4LjkyNCwzMC40MSA1NTYuODY5LDMwLjQxIE01NDEsNjAuNjU3IEM1MzUuMTE0LDYwLjY1NyA1MzAuMzQyLDU1Ljg4NyA1MzAuMzQyLDUwIEM1MzAuMzQyLDQ0LjExNCA1MzUuMTE0LDM5LjM0MiA1NDEsMzkuMzQyIEM1NDYuODg3LDM5LjM0MiA1NTEuNjU4LDQ0LjExNCA1NTEuNjU4LDUwIEM1NTEuNjU4LDU1Ljg4NyA1NDYuODg3LDYwLjY1NyA1NDEsNjAuNjU3IE01NDEsMzMuODg2IEM1MzIuMSwzMy44ODYgNTI0Ljg4Niw0MS4xIDUyNC44ODYsNTAgQzUyNC44ODYsNTguODk5IDUzMi4xLDY2LjExMyA1NDEsNjYuMTEzIEM1NDkuOSw2Ni4xMTMgNTU3LjExNSw1OC44OTkgNTU3LjExNSw1MCBDNTU3LjExNSw0MS4xIDU0OS45LDMzLjg4NiA1NDEsMzMuODg2IE01NjUuMzc4LDYyLjEwMSBDNTY1LjI0NCw2NS4wMjIgNTY0Ljc1Niw2Ni42MDYgNTY0LjM0Niw2Ny42NjMgQzU2My44MDMsNjkuMDYgNTYzLjE1NCw3MC4wNTcgNTYyLjEwNiw3MS4xMDYgQzU2MS4wNTgsNzIuMTU1IDU2MC4wNiw3Mi44MDMgNTU4LjY2Miw3My4zNDcgQzU1Ny42MDcsNzMuNzU3IDU1Ni4wMjEsNzQuMjQ0IDU1My4xMDIsNzQuMzc4IEM1NDkuOTQ0LDc0LjUyMSA1NDguOTk3LDc0LjU1MiA1NDEsNzQuNTUyIEM1MzMuMDAzLDc0LjU1MiA1MzIuMDU2LDc0LjUyMSA1MjguODk4LDc0LjM3OCBDNTI1Ljk3OSw3NC4yNDQgNTI0LjM5Myw3My43NTcgNTIzLjMzOCw3My4zNDcgQzUyMS45NCw3Mi44MDMgNTIwLjk0Miw3Mi4xNTUgNTE5Ljg5NCw3MS4xMDYgQzUxOC44NDYsNzAuMDU3IDUxOC4xOTcsNjkuMDYgNTE3LjY1NCw2Ny42NjMgQzUxNy4yNDQsNjYuNjA2IDUxNi43NTUsNjUuMDIyIDUxNi42MjMsNjIuMTAxIEM1MTYuNDc5LDU4Ljk0MyA1MTYuNDQ4LDU3Ljk5NiA1MTYuNDQ4LDUwIEM1MTYuNDQ4LDQyLjAwMyA1MTYuNDc5LDQxLjA1NiA1MTYuNjIzLDM3Ljg5OSBDNTE2Ljc1NSwzNC45NzggNTE3LjI0NCwzMy4zOTEgNTE3LjY1NCwzMi4zMzggQzUxOC4xOTcsMzAuOTM4IDUxOC44NDYsMjkuOTQyIDUxOS44OTQsMjguODk0IEM1MjAuOTQyLDI3Ljg0NiA1MjEuOTQsMjcuMTk2IDUyMy4zMzgsMjYuNjU0IEM1MjQuMzkzLDI2LjI0NCA1MjUuOTc5LDI1Ljc1NiA1MjguODk4LDI1LjYyMyBDNTMyLjA1NywyNS40NzkgNTMzLjAwNCwyNS40NDggNTQxLDI1LjQ0OCBDNTQ4Ljk5NywyNS40NDggNTQ5Ljk0MywyNS40NzkgNTUzLjEwMiwyNS42MjMgQzU1Ni4wMjEsMjUuNzU2IDU1Ny42MDcsMjYuMjQ0IDU1OC42NjIsMjYuNjU0IEM1NjAuMDYsMjcuMTk2IDU2MS4wNTgsMjcuODQ2IDU2Mi4xMDYsMjguODk0IEM1NjMuMTU0LDI5Ljk0MiA1NjMuODAzLDMwLjkzOCA1NjQuMzQ2LDMyLjMzOCBDNTY0Ljc1NiwzMy4zOTEgNTY1LjI0NCwzNC45NzggNTY1LjM3OCwzNy44OTkgQzU2NS41MjIsNDEuMDU2IDU2NS41NTIsNDIuMDAzIDU2NS41NTIsNTAgQzU2NS41NTIsNTcuOTk2IDU2NS41MjIsNTguOTQzIDU2NS4zNzgsNjIuMTAxIE01NzAuODIsMzcuNjMxIEM1NzAuNjc0LDM0LjQzOCA1NzAuMTY3LDMyLjI1OCA1NjkuNDI1LDMwLjM0OSBDNTY4LjY1OSwyOC4zNzcgNTY3LjYzMywyNi43MDIgNTY1Ljk2NSwyNS4wMzUgQzU2NC4yOTcsMjMuMzY4IDU2Mi42MjMsMjIuMzQyIDU2MC42NTIsMjEuNTc1IEM1NTguNzQzLDIwLjgzNCA1NTYuNTYyLDIwLjMyNiA1NTMuMzY5LDIwLjE4IEM1NTAuMTY5LDIwLjAzMyA1NDkuMTQ4LDIwIDU0MSwyMCBDNTMyLjg1MywyMCA1MzEuODMxLDIwLjAzMyA1MjguNjMxLDIwLjE4IEM1MjUuNDM4LDIwLjMyNiA1MjMuMjU3LDIwLjgzNCA1MjEuMzQ5LDIxLjU3NSBDNTE5LjM3NiwyMi4zNDIgNTE3LjcwMywyMy4zNjggNTE2LjAzNSwyNS4wMzUgQzUxNC4zNjgsMjYuNzAyIDUxMy4zNDIsMjguMzc3IDUxMi41NzQsMzAuMzQ5IEM1MTEuODM0LDMyLjI1OCA1MTEuMzI2LDM0LjQzOCA1MTEuMTgxLDM3LjYzMSBDNTExLjAzNSw0MC44MzEgNTExLDQxLjg1MSA1MTEsNTAgQzUxMSw1OC4xNDcgNTExLjAzNSw1OS4xNyA1MTEuMTgxLDYyLjM2OSBDNTExLjMyNiw2NS41NjIgNTExLjgzNCw2Ny43NDMgNTEyLjU3NCw2OS42NTEgQzUxMy4zNDIsNzEuNjI1IDUxNC4zNjgsNzMuMjk2IDUxNi4wMzUsNzQuOTY1IEM1MTcuNzAzLDc2LjYzNCA1MTkuMzc2LDc3LjY1OCA1MjEuMzQ5LDc4LjQyNSBDNTIzLjI1Nyw3OS4xNjcgNTI1LjQzOCw3OS42NzMgNTI4LjYzMSw3OS44MiBDNTMxLjgzMSw3OS45NjUgNTMyLjg1Myw4MC4wMDEgNTQxLDgwLjAwMSBDNTQ5LjE0OCw4MC4wMDEgNTUwLjE2OSw3OS45NjUgNTUzLjM2OSw3OS44MiBDNTU2LjU2Miw3OS42NzMgNTU4Ljc0Myw3OS4xNjcgNTYwLjY1Miw3OC40MjUgQzU2Mi42MjMsNzcuNjU4IDU2NC4yOTcsNzYuNjM0IDU2NS45NjUsNzQuOTY1IEM1NjcuNjMzLDczLjI5NiA1NjguNjU5LDcxLjYyNSA1NjkuNDI1LDY5LjY1MSBDNTcwLjE2Nyw2Ny43NDMgNTcwLjY3NCw2NS41NjIgNTcwLjgyLDYyLjM2OSBDNTcwLjk2Niw1OS4xNyA1NzEsNTguMTQ3IDU3MSw1MCBDNTcxLDQxLjg1MSA1NzAuOTY2LDQwLjgzMSA1NzAuODIsMzcuNjMxIj48L3BhdGg+PC9wYXRoPjwvZz48L2c+PC9nPjwvc3ZnPjwvZGl2PjxkaXYgc3R5bGU9InBhZGRpbmctdG9wOiA4cHg7Ij4gPGRpdiBzdHlsZT0iICBjb2xvcjojMzg5N2YwOyBmb250LWZhbWlseTpBcmlhbCxzYW5zLXNlcmlmOyBmb250LXNpemU6MTRweDsgZm9udC1zdHlsZTpub3JtYWw7IGZvbnQtd2VpZ2h0OjU1MDsgbGluZS1oZWlnaHQ6MThweDsiPlZpc3VhbGl6emEgcXVlc3RvIHBvc3Qgc3UgSW5zdGFncmFtPC9kaXY+PC9kaXY+PGRpdiBzdHlsZT0icGFkZGluZzogMTIuNSUgMDsiPjwvZGl2PiA8ZGl2IHN0eWxlPSJkaXNwbGF5OiBmbGV4OyBmbGV4LWRpcmVjdGlvbjogcm93OyBtYXJnaW4tYm90dG9tOiAxNHB4OyBhbGlnbi1pdGVtczogY2VudGVyOyI+PGRpdj4gPGRpdiBzdHlsZT0iYmFja2dyb3VuZC1jb2xvcjogI0Y0RjRGNDsgYm9yZGVyLXJhZGl1czogNTAlOyBoZWlnaHQ6IDEyLjVweDsgd2lkdGg6IDEyLjVweDsgdHJhbnNmb3JtOiB0cmFuc2xhdGVYKDBweCkgdHJhbnNsYXRlWSg3cHgpOyI+PC9kaXY+IDxkaXYgc3R5bGU9ImJhY2tncm91bmQtY29sb3I6ICNGNEY0RjQ7IGhlaWdodDogMTIuNXB4OyB0cmFuc2Zvcm06IHJvdGF0ZSgtNDVkZWcpIHRyYW5zbGF0ZVgoM3B4KSB0cmFuc2xhdGVZKDFweCk7IHdpZHRoOiAxMi41cHg7IGZsZXgtZ3JvdzogMDsgbWFyZ2luLXJpZ2h0OiAxNHB4OyBtYXJnaW4tbGVmdDogMnB4OyI+PC9kaXY+IDxkaXYgc3R5bGU9ImJhY2tncm91bmQtY29sb3I6ICNGNEY0RjQ7IGJvcmRlci1yYWRpdXM6IDUwJTsgaGVpZ2h0OiAxMi41cHg7IHdpZHRoOiAxMi41cHg7IHRyYW5zZm9ybTogdHJhbnNsYXRlWCg5cHgpIHRyYW5zbGF0ZVkoLTE4cHgpOyI+PC9kaXY+PC9kaXY+PGRpdiBzdHlsZT0ibWFyZ2luLWxlZnQ6IDhweDsiPiA8ZGl2IHN0eWxlPSIgIGJhY2tncm91bmQtY29sb3I6ICNGNEY0RjQ7IGJvcmRlci1yYWRpdXM6IDUwJTsgZmxleC1ncm93OiAwOyBoZWlnaHQ6IDIwcHg7IHdpZHRoOiAyMHB4OyI+PC9kaXY+IDxkaXYgc3R5bGU9IiAgd2lkdGg6IDA7IGhlaWdodDogMDsgYm9yZGVyLXRvcDogMnB4IHNvbGlkIHRyYW5zcGFyZW50OyBib3JkZXItbGVmdDogNnB4IHNvbGlkICNmNGY0ZjQ7IGJvcmRlci1ib3R0b206IDJweCBzb2xpZCB0cmFuc3BhcmVudDsgdHJhbnNmb3JtOiB0cmFuc2xhdGVYKDE2cHgpIHRyYW5zbGF0ZVkoLTRweCkgcm90YXRlKDMwZGVnKSI+PC9kaXY+PC9kaXY+PGRpdiBzdHlsZT0ibWFyZ2luLWxlZnQ6IGF1dG87Ij4gPGRpdiBzdHlsZT0iICB3aWR0aDogMHB4OyBib3JkZXItdG9wOiA4cHggc29saWQgI0Y0RjRGNDsgYm9yZGVyLXJpZ2h0OiA4cHggc29saWQgdHJhbnNwYXJlbnQ7IHRyYW5zZm9ybTogdHJhbnNsYXRlWSgxNnB4KTsiPjwvZGl2PiA8ZGl2IHN0eWxlPSIgIGJhY2tncm91bmQtY29sb3I6ICNGNEY0RjQ7IGZsZXgtZ3JvdzogMDsgaGVpZ2h0OiAxMnB4OyB3aWR0aDogMTZweDsgdHJhbnNmb3JtOiB0cmFuc2xhdGVZKC00cHgpOyI+PC9kaXY+IDxkaXYgc3R5bGU9IiAgd2lkdGg6IDA7IGhlaWdodDogMDsgYm9yZGVyLXRvcDogOHB4IHNvbGlkICNGNEY0RjQ7IGJvcmRlci1sZWZ0OiA4cHggc29saWQgdHJhbnNwYXJlbnQ7IHRyYW5zZm9ybTogdHJhbnNsYXRlWSgtNHB4KSB0cmFuc2xhdGVYKDhweCk7Ij48L2Rpdj48L2Rpdj48L2Rpdj4gPGRpdiBzdHlsZT0iZGlzcGxheTogZmxleDsgZmxleC1kaXJlY3Rpb246IGNvbHVtbjsgZmxleC1ncm93OiAxOyBqdXN0aWZ5LWNvbnRlbnQ6IGNlbnRlcjsgbWFyZ2luLWJvdHRvbTogMjRweDsiPiA8ZGl2IHN0eWxlPSIgIGJhY2tncm91bmQtY29sb3I6ICNGNEY0RjQ7IGJvcmRlci1yYWRpdXM6IDRweDsgZmxleC1ncm93OiAwOyBoZWlnaHQ6IDE0cHg7IG1hcmdpbi1ib3R0b206IDZweDsgd2lkdGg6IDIyNHB4OyI+PC9kaXY+IDxkaXYgc3R5bGU9IiAgYmFja2dyb3VuZC1jb2xvcjogI0Y0RjRGNDsgYm9yZGVyLXJhZGl1czogNHB4OyBmbGV4LWdyb3c6IDA7IGhlaWdodDogMTRweDsgd2lkdGg6IDE0NHB4OyI+PC9kaXY+PC9kaXY+PC9hPjxwIHN0eWxlPSIgIGNvbG9yOiNjOWM4Y2Q7IGZvbnQtZmFtaWx5OkFyaWFsLHNhbnMtc2VyaWY7IGZvbnQtc2l6ZToxNHB4OyBsaW5lLWhlaWdodDoxN3B4OyBtYXJnaW4tYm90dG9tOjA7IG1hcmdpbi10b3A6OHB4OyBvdmVyZmxvdzpoaWRkZW47IHBhZGRpbmc6OHB4IDAgN3B4OyB0ZXh0LWFsaWduOmNlbnRlcjsgdGV4dC1vdmVyZmxvdzplbGxpcHNpczsgd2hpdGUtc3BhY2U6bm93cmFwOyI+PGEgaHJlZj0iaHR0cHM6Ly93d3cuaW5zdGFncmFtLmNvbS9yZWVsL0RMNXFJeENnM1hhLz91dG1fc291cmNlPWlnX2VtYmVkJmFtcDt1dG1fY2FtcGFpZ249bG9hZGluZyIgc3R5bGU9IiAgY29sb3I6I2M5YzhjZDsgZm9udC1mYW1pbHk6QXJpYWwsc2Fucy1zZXJpZjsgZm9udC1zaXplOjE0cHg7IGZvbnQtc3R5bGU6bm9ybWFsOyBmb250LXdlaWdodDpub3JtYWw7IGxpbmUtaGVpZ2h0OjE3cHg7IHRleHQtZGVjb3JhdGlvbjpub25lOyIgdGFyZ2V0PSJfYmxhbmsiPlVuIHBvc3QgY29uZGl2aXNvIGRhIERBVklEIEdVRVRUQSAoQGRhdmlkZ3VldHRhKTwvYT48L3A+PC9kaXY+PC9ibG9ja3F1b3RlPgo8c2NyaXB0IGFzeW5jPSIiIHNyYz0iLy93d3cuaW5zdGFncmFtLmNvbS9lbWJlZC5qcyI+PC9zY3JpcHQ+[\/vc_raw_html][vc_empty_space empty_h=&#8221;1&#8243;][vc_custom_heading heading_semantic=&#8221;h3&#8243; text_size=&#8221;h3&#8243; separator_color=&#8221;yes&#8221; separator=&#8221;yes&#8221; uncode_shortcode_id=&#8221;100794&#8243; el_id=&#8221;ftoc-david-guetta-ibiza-key-dates&#8221;]David Guetta UNVRS Ibiza: date chiave[\/vc_custom_heading][vc_column_text uncode_shortcode_id=&#8221;684576&#8243;]Solo il venerd\u00ec &#8211; 16 spettacoli in totale.<\/p>\n<p>\u2022 Opening Party \/ Festa di Apertura: venerd\u00ec 16 giugno 2026<br \/>\n\u2022 Appuntamenti settimanali: tutti i venerd\u00ec per tutta l\u2019estate<br \/>\n\u2022 Closing Party \/ Festa di Chiusura: venerd\u00ec 2 ottobre 2026<\/p>\n<p>Segna subito queste date sul calendario; i biglietti per met\u00e0 stagione tradizionalmente spariscono per primi.<\/p>\n<p>Musicalmente, Guetta passa da bombe EDM pop, armi future rave con Morten e sorprese techno, il tutto offerto su una pista da ballo da 10.000 posti costruita per far venire la pelle d\u2019oca.[\/vc_column_text][vc_empty_space empty_h=&#8221;1&#8243;][vc_custom_heading heading_semantic=&#8221;h3&#8243; text_size=&#8221;h3&#8243; separator_color=&#8221;yes&#8221; separator=&#8221;yes&#8221; uncode_shortcode_id=&#8221;206958&#8243; el_id=&#8221;ftoc-david-guetta-ibiza-line-up&#8221;]David Guetta Ibiza: programmazione[\/vc_custom_heading][vc_column_text uncode_shortcode_id=&#8221;330197&#8243;]Guetta non vola mai da solo. Durante la stagione troverai ospiti a rotazione come:<\/p>\n<p>\u2022 Morten (spalla future-rave)<br \/>\n\u2022 Miss Monique<br \/>\n\u2022 James Hype<br \/>\n\u2022 Armin van Buuren<br \/>\n\u2022 Benny Benassi<br \/>\n\u2022 Agents Of Time, Meduza, Mathame, Fideles, Tchami, KOROLOVA e molti altri[\/vc_column_text][vc_single_image media=&#8221;989273&#8243; media_width_percent=&#8221;100&#8243; uncode_shortcode_id=&#8221;134113&#8243;][vc_empty_space empty_h=&#8221;1&#8243;][vc_custom_heading heading_semantic=&#8221;h3&#8243; text_size=&#8221;h3&#8243; separator_color=&#8221;yes&#8221; separator=&#8221;yes&#8221; uncode_shortcode_id=&#8221;166314&#8243; el_id=&#8221;ftoc-david-guetta-ibiza-tickets&#8221;]David Guetta Ibiza: biglietti[\/vc_custom_heading][vc_column_text uncode_shortcode_id=&#8221;187181&#8243;]Questi sono tra i biglietti che vanno a ruba pi\u00f9 velocemente sull\u2019isola. L\u2019ingresso standard parte da circa 100 \u20ac, con prezzi dinamici che salgono man mano che ogni data si avvicina al tutto esaurito.<\/p>\n<p>Assicurati i tuoi con largo anticipo per evitare la FOMO di fine stagione, e ricorda che i cambi di nome o le rivendite non sono solitamente consentiti.[\/vc_column_text][vc_empty_space empty_h=&#8221;1&#8243;][vc_custom_heading heading_semantic=&#8221;h3&#8243; text_size=&#8221;h3&#8243; separator_color=&#8221;yes&#8221; separator=&#8221;yes&#8221; uncode_shortcode_id=&#8221;169266&#8243; el_id=&#8221;ftoc-david-guetta-ibiza-vip&#8221;]David Guetta Ibiza VIP[\/vc_custom_heading][vc_column_text uncode_shortcode_id=&#8221;135603&#8243;]Porta il tuo venerd\u00ec a un livello superiore prenotando un tavolo VIP all\u2019UNVRS. I pacchetti includono l\u2019ingresso per il tuo gruppo, una posizione privilegiata in balconata o in pista, servizio bottiglie dedicato e accesso prioritario: il modo migliore per godersi lo spettacolo del Galactic Circus senza sgomitare al bar.<\/p>\n<p>La spesa minima aumenta per le date di punta, quindi contattaci in anticipo per un preventivo e la mappa del locale. Se hai amato il VIP all\u2019Ushua\u00efa, qui aspettati un\u2019esperienza ancora pi\u00f9 esclusiva.[\/vc_column_text][vc_empty_space empty_h=&#8221;1&#8243;][\/vc_column][vc_column column_width_percent=&#8221;100&#8243; gutter_size=&#8221;0&#8243; overlay_alpha=&#8221;50&#8243; shift_x=&#8221;0&#8243; shift_y=&#8221;0&#8243; shift_y_down=&#8221;0&#8243; z_index=&#8221;0&#8243; medium_width=&#8221;0&#8243; mobile_visibility=&#8221;yes&#8221; mobile_width=&#8221;0&#8243; sticky=&#8221;yes&#8221; width=&#8221;1\/4&#8243;][vc_row_inner][vc_column_inner column_width_percent=&#8221;100&#8243; align_horizontal=&#8221;align_center&#8221; gutter_size=&#8221;3&#8243; overlay_alpha=&#8221;50&#8243; shift_x=&#8221;0&#8243; shift_y=&#8221;0&#8243; shift_y_down=&#8221;0&#8243; z_index=&#8221;0&#8243; medium_width=&#8221;0&#8243; mobile_width=&#8221;0&#8243; width=&#8221;1\/1&#8243; uncode_shortcode_id=&#8221;148560&#8243;][vc_button button_color=&#8221;color-jevc&#8221; size=&#8221;btn-lg&#8221; border_animation=&#8221;btn-ripple-out&#8221; wide=&#8221;yes&#8221; border_width=&#8221;0&#8243; link=&#8221;url:%23ftoc-party-listings|&#8221; button_color_type=&#8221;uncode-palette&#8221; uncode_shortcode_id=&#8221;176629&#8243;]Acquista biglietti[\/vc_button][vc_empty_space empty_h=&#8221;2&#8243;][\/vc_column_inner][\/vc_row_inner][vc_separator sep_color=&#8221;color-149363&#8243;][uncode_list icon=&#8221;fa fa-location-outline&#8221; uncode_shortcode_id=&#8221;682460&#8243;]<\/p>\n<ul>\n<li><a href=\"https:\/\/ticketsibiza.com\/it\/clubs\/unvrs\/\">UNVRS<\/a><\/li>\n<\/ul>\n<p>[\/uncode_list][uncode_list icon=&#8221;fa fa-calendar&#8221;]<\/p>\n<ul>\n<li>Venerd\u00ec<\/li>\n<\/ul>\n<p>[\/uncode_list][uncode_list icon=&#8221;fa fa-cab&#8221; uncode_shortcode_id=&#8221;210267&#8243;]<\/p>\n<ul>\n<li>San Rafael, 07816<\/li>\n<\/ul>\n<p>[\/uncode_list][vc_separator sep_color=&#8221;color-149363&#8243;][vc_empty_space empty_h=&#8221;2&#8243;][uncode_block id=&#8221;146863&#8243; inside_column=&#8221;yes&#8221;][vc_separator sep_color=&#8221;color-149363&#8243;][vc_empty_space empty_h=&#8221;2&#8243;][\/vc_column][\/vc_row][\/vc_section][vc_section back_color=&#8221;color-lxmt&#8221; overlay_alpha=&#8221;50&#8243;][vc_row][vc_column width=&#8221;3\/4&#8243;][vc_gallery el_id=&#8221;gallery-160005&#8243; type=&#8221;justified&#8221; random=&#8221;yes&#8221; medias=&#8221;989267,989273,989268,989269,989270,989271&#8243; justify_row_height=&#8221;150&#8243; gutter_size=&#8221;3&#8243; single_overlay_opacity=&#8221;50&#8243; single_padding=&#8221;2&#8243; title=&#8221;Galleria FMIF&#8221; uncode_shortcode_id=&#8221;680797&#8243;][\/vc_column][vc_column width=&#8221;1\/4&#8243;][uncode_share layout=&#8221;multiple&#8221; separator=&#8221;yes&#8221; title=&#8221;Condividi questa festa&#8221;][\/vc_column][\/vc_row][\/vc_section][vc_section back_color=&#8221;color-prif&#8221; overlay_alpha=&#8221;50&#8243;][vc_row row_height_percent=&#8221;0&#8243; overlay_alpha=&#8221;50&#8243; gutter_size=&#8221;3&#8243; column_width_percent=&#8221;100&#8243; shift_y=&#8221;0&#8243; z_index=&#8221;0&#8243; row_name=&#8221;ftoc-party-listings&#8221; uncode_shortcode_id=&#8221;170308&#8243;][vc_column column_width_percent=&#8221;100&#8243; position_vertical=&#8221;middle&#8221; align_horizontal=&#8221;align_center&#8221; gutter_size=&#8221;2&#8243; overlay_alpha=&#8221;50&#8243; shift_x=&#8221;0&#8243; shift_y=&#8221;0&#8243; shift_y_down=&#8221;0&#8243; z_index=&#8221;0&#8243; medium_width=&#8221;0&#8243; mobile_width=&#8221;0&#8243; width=&#8221;1\/1&#8243;][vc_custom_heading text_color=&#8221;color-xsdn&#8221; sub_lead=&#8221;yes&#8221; uncode_shortcode_id=&#8221;170561&#8243; text_color_type=&#8221;uncode-palette&#8221;]<\/p>\n<h2 style=\"text-align: center;\"><span style=\"color: #ffffff;\">Eventi<\/span><\/h2>\n<p>[\/vc_custom_heading]\t\t<div class=\"wcs-timetable__wrapper\">\n\t\t\t<div class=\"wcs-vue\" id=\"wcs-app-123\"><\/div>\n\t\t<\/div>\n\t\t[\/vc_column][\/vc_row][\/vc_section]<\/p>\n<\/div>","protected":false},"excerpt":{"rendered":"<p>[vc_row row_height_percent=&#8221;0&#8243; override_padding=&#8221;yes&#8221; h_padding=&#8221;2&#8243; top_padding=&#8221;2&#8243; bottom_padding=&#8221;0&#8243; back_image=&#8221;983642&#8243; overlay_alpha=&#8221;50&#8243; gutter_size=&#8221;3&#8243; column_width_percent=&#8221;100&#8243; shift_y=&#8221;0&#8243; z_index=&#8221;0&#8243; row_height_pixel=&#8221;50&#8243; uncode_shortcode_id=&#8221;199119&#8243;][vc_column width=&#8221;1\/1&#8243;][vc_empty_space empty_h=&#8221;5&#8243;][vc_row_inner row_inner_height_percent=&#8221;0&#8243; force_width_grid=&#8221;yes&#8221; overlay_color=&#8221;color-149363&#8243; overlay_alpha=&#8221;70&#8243; [&hellip;]<\/p>\n","protected":false},"author":1,"featured_media":989274,"parent":991455,"menu_order":0,"comment_status":"closed","ping_status":"closed","template":"","meta":{"_acf_changed":false,"footnotes":""},"class_list":["post-989252","page","type-page","status-publish","has-post-thumbnail","hentry","page_category-unvrs"],"acf":[],"_links":{"self":[{"href":"https:\/\/ticketsibiza.com\/it\/wp-json\/wp\/v2\/pages\/989252","targetHints":{"allow":["GET"]}}],"collection":[{"href":"https:\/\/ticketsibiza.com\/it\/wp-json\/wp\/v2\/pages"}],"about":[{"href":"https:\/\/ticketsibiza.com\/it\/wp-json\/wp\/v2\/types\/page"}],"author":[{"embeddable":true,"href":"https:\/\/ticketsibiza.com\/it\/wp-json\/wp\/v2\/users\/1"}],"replies":[{"embeddable":true,"href":"https:\/\/ticketsibiza.com\/it\/wp-json\/wp\/v2\/comments?post=989252"}],"version-history":[{"count":51,"href":"https:\/\/ticketsibiza.com\/it\/wp-json\/wp\/v2\/pages\/989252\/revisions"}],"predecessor-version":[{"id":1128101,"href":"https:\/\/ticketsibiza.com\/it\/wp-json\/wp\/v2\/pages\/989252\/revisions\/1128101"}],"up":[{"embeddable":true,"href":"https:\/\/ticketsibiza.com\/it\/wp-json\/wp\/v2\/pages\/991455"}],"wp:featuredmedia":[{"embeddable":true,"href":"https:\/\/ticketsibiza.com\/it\/wp-json\/wp\/v2\/media\/989274"}],"wp:attachment":[{"href":"https:\/\/ticketsibiza.com\/it\/wp-json\/wp\/v2\/media?parent=989252"}],"curies":[{"name":"wp","href":"https:\/\/api.w.org\/{rel}","templated":true}]}}