{"id":988519,"date":"2019-06-25T12:19:21","date_gmt":"2019-06-25T11:19:21","guid":{"rendered":"https:\/\/ticketsibiza.com\/calendario-ibiza-2025\/"},"modified":"2026-03-20T12:51:09","modified_gmt":"2026-03-20T12:51:09","slug":"calendario-ibiza","status":"publish","type":"page","link":"https:\/\/ticketsibiza.com\/it\/calendario-ibiza\/","title":{"rendered":"Calendario di Ibiza 2026"},"content":{"rendered":"<div class=\"wpb-content-wrapper\"><p>[vc_row row_height_percent=&#8221;10&#8243; override_padding=&#8221;yes&#8221; h_padding=&#8221;0&#8243; top_padding=&#8221;0&#8243; bottom_padding=&#8221;0&#8243; overlay_color=&#8221;color-gyho&#8221; overlay_alpha=&#8221;0&#8243; overlay_color_blend=&#8221;darken&#8221; gutter_size=&#8221;3&#8243; column_width_percent=&#8221;100&#8243; shift_y=&#8221;0&#8243; z_index=&#8221;0&#8243;][vc_column column_width_percent=&#8221;100&#8243; position_vertical=&#8221;bottom&#8221; gutter_size=&#8221;3&#8243; overlay_alpha=&#8221;50&#8243; shift_x=&#8221;0&#8243; shift_y=&#8221;0&#8243; shift_y_down=&#8221;0&#8243; z_index=&#8221;0&#8243; medium_width=&#8221;0&#8243; mobile_width=&#8221;0&#8243; width=&#8221;1\/1&#8243;][vc_row_inner row_inner_height_percent=&#8221;0&#8243; force_width_grid=&#8221;yes&#8221; overlay_color=&#8221;color-149363&#8243; overlay_alpha=&#8221;70&#8243; gutter_size=&#8221;1&#8243; shift_y=&#8221;1&#8243; z_index=&#8221;3&#8243; css=&#8221;.vc_custom_1576671083951{margin-bottom: 0px !important;border-bottom-width: 0px !important;padding-top: 0px !important;padding-bottom: 0px !important;padding-left: 20px !important;}&#8221;][vc_column_inner column_width_percent=&#8221;100&#8243; position_vertical=&#8221;bottom&#8221; gutter_size=&#8221;0&#8243; overlay_alpha=&#8221;50&#8243; shift_x=&#8221;0&#8243; shift_y=&#8221;0&#8243; shift_y_down=&#8221;0&#8243; z_index=&#8221;0&#8243; medium_width=&#8221;0&#8243; mobile_width=&#8221;0&#8243; width=&#8221;1\/1&#8243; css=&#8221;.vc_custom_1591091446471{padding-bottom: 0px !important;}&#8221;][vc_custom_heading text_color=&#8221;color-xsdn&#8221; heading_semantic=&#8221;h1&#8243; text_size=&#8221;h1&#8243; sub_reduced=&#8221;yes&#8221; uncode_shortcode_id=&#8221;168649&#8243; text_color_type=&#8221;uncode-palette&#8221;]Calendario delle feste di Ibiza 2026[\/vc_custom_heading][\/vc_column_inner][\/vc_row_inner][\/vc_column][\/vc_row][vc_row row_height_percent=&#8221;0&#8243; override_padding=&#8221;yes&#8221; h_padding=&#8221;2&#8243; top_padding=&#8221;2&#8243; bottom_padding=&#8221;1&#8243; overlay_alpha=&#8221;50&#8243; gutter_size=&#8221;4&#8243; column_width_percent=&#8221;100&#8243; shift_y=&#8221;0&#8243; z_index=&#8221;0&#8243; css=&#8221;.vc_custom_1762783123901{padding-bottom: 0px !important;}&#8221; uncode_shortcode_id=&#8221;204076&#8243;][vc_column column_width_percent=&#8221;100&#8243; gutter_size=&#8221;2&#8243; override_padding=&#8221;yes&#8221; column_padding=&#8221;0&#8243; overlay_alpha=&#8221;50&#8243; shift_x=&#8221;0&#8243; shift_y=&#8221;0&#8243; shift_y_down=&#8221;0&#8243; z_index=&#8221;0&#8243; medium_width=&#8221;0&#8243; mobile_width=&#8221;7&#8243; toggle=&#8221;yes&#8221; max_height=&#8221;10vh&#8221; max_height_mobile=&#8221;10vh&#8221; closed_txt=&#8221;Read More&#8221; icon_closed=&#8221;fa fa-plus&#8221; btn_margin=&#8221;sm&#8221; open_txt=&#8221;Read Less&#8221; icon_open=&#8221;fa fa-minus&#8221; fade=&#8221;sm&#8221; toggle_scroll=&#8221;yes&#8221; width=&#8221;1\/1&#8243; css=&#8221;.vc_custom_1762785847146{padding-top: 0px !important;padding-right: 0px !important;padding-bottom: 9px !important;padding-left: 0px !important;}&#8221; uncode_shortcode_id=&#8221;190424&#8243; toggle_classes=&#8221;btn btn-color-vyce btn-round&#8221;][vc_column_text uncode_shortcode_id=&#8221;115725&#8243;]Il nostro calendario di Ibiza contiene elenchi e line-up per club, superclub, feste e boat party per coprire gli eventi di Ibiza a 2026.[\/vc_column_text][vc_column_text uncode_shortcode_id=&#8221;142022&#8243;]La stagione dei club di Ibiza va da <strong>aprile<\/strong> a <strong>ottobre<\/strong>, iniziando in genere contemporaneamente all\u2019<a href=\"https:\/\/www.internationalmusicsummit.com\/\" target=\"_blank\" rel=\"noopener\">International Music Summit (IMS)<\/a>. Negli anni precedenti, la stagione iniziava tipicamente a <strong>maggio<\/strong> e terminava a <strong>settembre<\/strong>. Con i voli per Ibiza disponibili tutto l\u2019anno, aspettati di vedere alcune <strong>feste di apertura<\/strong> all\u2019inizio di maggio o anche alla fine di aprile, e <strong>feste di chiusura<\/strong> anche a met\u00e0 ottobre in 2026.<\/p>\n<p>La nostra guida agli <span style=\"color: #e7158b;\"><a style=\"color: #e7158b;\" href=\"https:\/\/ticketsibiza.com\/it\/aperture-ibiza\/\">Opening Party di Ibiza 2026<\/a><\/span> contiene tutte le informazioni di cui hai bisogno sulle ultime opening party confermate per 2026.<\/p>\n<p>Gli <strong>eventi di Ibiza 2026<\/strong> vengono aggiunti al nostro calendario ogni settimana man mano che le feste vengono annunciate. \u00c8 tipico che la maggior parte delle feste venga confermata completamente intorno a marzo di ogni anno, tuttavia club come Amnesia, H\u00ef, Ushua\u00efa e Ibiza Rocks hanno gi\u00e0 annunciato le loro 2026 feste di apertura.<\/p>\n<p>Aggiorniamo gli eventi e le lineup del nostro Calendario Ibiza 2026 non appena veniamo a conoscenza di eventi confermati per la stagione \ud83d\ude4c\ud83c\udffb<\/p>\n<p>Puoi scorrere fino in fondo a questa pagina per visualizzare i prossimi eventi settimanali, oppure scegliere un mese specifico per vedere tutte le feste che si svolgono a Ibiza in quel mese.<\/p>\n<p>Se stai cercando informazioni sui <strong>Closing Party \/ Feste di Chiusura di Ibiza<\/strong>, dai un\u2019occhiata alla nostra <span style=\"color: #e7158b;\"><a style=\"color: #e7158b;\" href=\"https:\/\/ticketsibiza.com\/it\/chiusure-ibiza\/\">Guida ai Closing Party \/ Feste di Chiusura di Ibiza<\/a><\/span> che contiene informazioni sui Closing Party \/ Feste di Chiusura e avr\u00e0 l\u2019elenco completo di tutte le migliori feste per concludere la stagione.<\/p>\n<p><strong>Non sai da dove cominciare?<\/strong> Dai un\u2019occhiata alle nostre pagine <span style=\"color: #e7158b;\"><a style=\"color: #e7158b;\" href=\"https:\/\/ticketsibiza.com\/it\/clubs\/\">club<\/a><\/span> e <span style=\"color: #e7158b;\"><a style=\"color: #e7158b;\" href=\"https:\/\/ticketsibiza.com\/it\/feste\/\">feste<\/a><\/span> per trovare ispirazione, cerca il tuo DJ preferito o scorri in basso per vedere le feste in programma questa settimana.<\/p>\n<p>Se vedi qualcosa che manca, <span style=\"color: #e7158b;\"><a style=\"color: #e7158b;\" href=\"https:\/\/ticketsibiza.com\/it\/contatto\/\">mettiti in contatto<\/a><\/span> e lo sistemeremo.<\/p>\n<h4>CALENDARI PER TIPO DI FESTA<\/h4>\n<p><a class=\"custom-link btn border-width-0 btn-color-vyce btn-round btn-icon-left\" title=\"Calendario Closing Party \/ Feste di Chiusura di Ibiza\" href=\"https:\/\/ticketsibiza.com\/it\/calendario-ibiza\/ibiza-closing-parties-calendar\/\">FESTE DI CHIUSURA<\/a>    <a class=\"custom-link btn border-width-0 btn-color-vyce btn-round btn-icon-left\" title=\"Calendario boat party di Ibiza\" href=\"https:\/\/ticketsibiza.com\/it\/calendario-ibiza\/boat-parties\/\">FESTE IN BARCA<\/a><\/p>\n<h4>CALENDARI DEI CLUB POPOLARI<\/h4>\n<p><a class=\"custom-link btn border-width-0 btn-color-jevc btn-round btn-icon-left\" title=\"Calendario UNVRS Ibiza\" href=\"https:\/\/ticketsibiza.com\/it\/calendario-ibiza\/unvrs-calendar\/\">UNVRS<\/a> <a class=\"custom-link btn border-width-0 btn-color-jevc btn-round btn-icon-left\" title=\"Calendario H\u00ef Ibiza\" href=\"https:\/\/ticketsibiza.com\/it\/calendario-ibiza\/calendario-hi-ibiza\/\">H\u00cf IBIZA<\/a>    <a class=\"custom-link btn border-width-0 btn-color-jevc btn-round btn-icon-left\" title=\"Calendario Eden Ibiza\" href=\"https:\/\/ticketsibiza.com\/it\/calendario-ibiza\/calendario-eden\/\">EDEN<\/a>    <a class=\"custom-link btn border-width-0 btn-color-jevc btn-round btn-icon-left\" title=\"Calendario Pacha Ibiza\" href=\"https:\/\/ticketsibiza.com\/it\/calendario-ibiza\/calendario-pacha\/\">PACHA<\/a>    <a class=\"custom-link btn border-width-0 btn-color-jevc btn-round btn-icon-left\" title=\"Calendario Ushua\u00efa Ibiza\" href=\"https:\/\/ticketsibiza.com\/it\/calendario-ibiza\/calendario-ushuaia\/\">USHUA\u00cfA<\/a>    <a class=\"custom-link btn border-width-0 btn-color-jevc btn-round btn-icon-left\" title=\"Calendario Ibiza Rocks\" href=\"https:\/\/ticketsibiza.com\/it\/calendario-ibiza\/calendario-ibiza-rocks\/\">IBIZA ROCKS<\/a> <a class=\"custom-link btn border-width-0 btn-color-jevc btn-round btn-icon-left\" title=\"Calendario Amnesia Ibiza\" href=\"https:\/\/ticketsibiza.com\/it\/calendario-ibiza\/calendario-amnesia\/\">AMNESIA<\/a><\/p>\n<p>&nbsp;[\/vc_column_text][\/vc_column][\/vc_row][vc_row row_height_percent=&#8221;0&#8243; override_padding=&#8221;yes&#8221; h_padding=&#8221;2&#8243; top_padding=&#8221;1&#8243; bottom_padding=&#8221;2&#8243; overlay_alpha=&#8221;50&#8243; gutter_size=&#8221;4&#8243; column_width_percent=&#8221;100&#8243; shift_y=&#8221;0&#8243; z_index=&#8221;0&#8243; css=&#8221;.vc_custom_1762783139319{padding-bottom: 0px !important;}&#8221; uncode_shortcode_id=&#8221;118473&#8243;][vc_column column_width_percent=&#8221;100&#8243; gutter_size=&#8221;2&#8243; override_padding=&#8221;yes&#8221; column_padding=&#8221;0&#8243; overlay_alpha=&#8221;50&#8243; shift_x=&#8221;0&#8243; shift_y=&#8221;0&#8243; shift_y_down=&#8221;0&#8243; z_index=&#8221;0&#8243; medium_width=&#8221;0&#8243; mobile_width=&#8221;7&#8243; width=&#8221;1\/1&#8243; css=&#8221;.vc_custom_1576679400181{padding-top: 0px !important;padding-right: 0px !important;padding-bottom: 0px !important;padding-left: 0px !important;}&#8221;][vc_separator sep_color=&#8221;color-lxmt&#8221;][vc_custom_heading el_class=&#8221;pt-0&#8243;]<\/p>\n<h4><span class=\"font-762333\">CALENDARI MENSILI<\/span><\/h4>\n<p>[\/vc_custom_heading][vc_row_inner row_inner_height_percent=&#8221;0&#8243; overlay_alpha=&#8221;50&#8243; gutter_size=&#8221;2&#8243; shift_y=&#8221;0&#8243; z_index=&#8221;0&#8243; uncode_shortcode_id=&#8221;192498&#8243;][vc_column_inner column_width_percent=&#8221;100&#8243; position_vertical=&#8221;middle&#8221; align_horizontal=&#8221;align_center&#8221; gutter_size=&#8221;3&#8243; overlay_alpha=&#8221;50&#8243; shift_x=&#8221;0&#8243; shift_y=&#8221;0&#8243; shift_y_down=&#8221;0&#8243; z_index=&#8221;0&#8243; medium_width=&#8221;3&#8243; mobile_width=&#8221;4&#8243; width=&#8221;1\/6&#8243; uncode_shortcode_id=&#8221;646938&#8243;][vc_button button_color=&#8221;accent&#8221; radius=&#8221;btn-round&#8221; wide=&#8221;yes&#8221; border_width=&#8221;0&#8243; link=&#8221;url:https%3A%2F%2Fticketsibiza.com%2Fit%2Fcalendario-ibiza%2Fmaggio%2F|title:Calendario%20feste%20Ibiza%20Maggio|&#8221; button_color_type=&#8221;uncode-palette&#8221; uncode_shortcode_id=&#8221;155583&#8243;]MAGGIO[\/vc_button][\/vc_column_inner][vc_column_inner column_width_percent=&#8221;100&#8243; position_vertical=&#8221;middle&#8221; align_horizontal=&#8221;align_center&#8221; gutter_size=&#8221;3&#8243; overlay_alpha=&#8221;50&#8243; shift_x=&#8221;0&#8243; shift_y=&#8221;0&#8243; shift_y_down=&#8221;0&#8243; z_index=&#8221;0&#8243; medium_width=&#8221;3&#8243; mobile_width=&#8221;4&#8243; width=&#8221;1\/6&#8243; uncode_shortcode_id=&#8221;179114&#8243;][vc_button button_color=&#8221;accent&#8221; radius=&#8221;btn-round&#8221; wide=&#8221;yes&#8221; border_width=&#8221;0&#8243; link=&#8221;url:https%3A%2F%2Fticketsibiza.com%2Fit%2Fcalendario-ibiza%2Fgiugno%2F|title:Calendario%20feste%20Ibiza%20Giugno|&#8221; button_color_type=&#8221;uncode-palette&#8221; uncode_shortcode_id=&#8221;149595&#8243;]GIUGNO[\/vc_button][\/vc_column_inner][vc_column_inner column_width_percent=&#8221;100&#8243; position_vertical=&#8221;middle&#8221; align_horizontal=&#8221;align_center&#8221; gutter_size=&#8221;3&#8243; overlay_alpha=&#8221;50&#8243; shift_x=&#8221;0&#8243; shift_y=&#8221;0&#8243; shift_y_down=&#8221;0&#8243; z_index=&#8221;0&#8243; medium_width=&#8221;3&#8243; mobile_width=&#8221;4&#8243; width=&#8221;1\/6&#8243; uncode_shortcode_id=&#8221;114673&#8243;][vc_button button_color=&#8221;accent&#8221; radius=&#8221;btn-round&#8221; wide=&#8221;yes&#8221; border_width=&#8221;0&#8243; link=&#8221;url:https%3A%2F%2Fticketsibiza.com%2Fit%2Fcalendario-ibiza%2Fluglio%2F|title:Calendario%20feste%20Ibiza%20Luglio|&#8221; button_color_type=&#8221;uncode-palette&#8221; uncode_shortcode_id=&#8221;168575&#8243;]LUGLIO[\/vc_button][\/vc_column_inner][vc_column_inner column_width_percent=&#8221;100&#8243; position_vertical=&#8221;middle&#8221; align_horizontal=&#8221;align_center&#8221; gutter_size=&#8221;3&#8243; overlay_alpha=&#8221;50&#8243; shift_x=&#8221;0&#8243; shift_y=&#8221;0&#8243; shift_y_down=&#8221;0&#8243; z_index=&#8221;0&#8243; medium_width=&#8221;3&#8243; mobile_width=&#8221;4&#8243; width=&#8221;1\/6&#8243; uncode_shortcode_id=&#8221;804782&#8243;][vc_button button_color=&#8221;accent&#8221; radius=&#8221;btn-round&#8221; wide=&#8221;yes&#8221; border_width=&#8221;0&#8243; link=&#8221;url:https%3A%2F%2Fticketsibiza.com%2Fit%2Fcalendario-ibiza%2Fagosto%2F|title:Calendario%20feste%20Ibiza%20Agosto|&#8221; button_color_type=&#8221;uncode-palette&#8221; uncode_shortcode_id=&#8221;741098&#8243;]AGOSTO[\/vc_button][\/vc_column_inner][vc_column_inner column_width_percent=&#8221;100&#8243; position_vertical=&#8221;middle&#8221; align_horizontal=&#8221;align_center&#8221; gutter_size=&#8221;3&#8243; overlay_alpha=&#8221;50&#8243; shift_x=&#8221;0&#8243; shift_y=&#8221;0&#8243; shift_y_down=&#8221;0&#8243; z_index=&#8221;0&#8243; medium_width=&#8221;3&#8243; mobile_width=&#8221;4&#8243; width=&#8221;1\/6&#8243; uncode_shortcode_id=&#8221;211483&#8243;][vc_button button_color=&#8221;accent&#8221; radius=&#8221;btn-round&#8221; wide=&#8221;yes&#8221; border_width=&#8221;0&#8243; link=&#8221;url:https%3A%2F%2Fticketsibiza.com%2Fit%2Fcalendario-ibiza%2Fsettembre%2F|title:Calendario%20feste%20Ibiza%20Settembre|&#8221; button_color_type=&#8221;uncode-palette&#8221; uncode_shortcode_id=&#8221;207981&#8243;]SETTEMBRE[\/vc_button][\/vc_column_inner][vc_column_inner column_width_percent=&#8221;100&#8243; position_vertical=&#8221;middle&#8221; align_horizontal=&#8221;align_center&#8221; gutter_size=&#8221;3&#8243; overlay_alpha=&#8221;50&#8243; shift_x=&#8221;0&#8243; shift_y=&#8221;0&#8243; shift_y_down=&#8221;0&#8243; z_index=&#8221;0&#8243; medium_width=&#8221;3&#8243; mobile_width=&#8221;4&#8243; width=&#8221;1\/6&#8243; uncode_shortcode_id=&#8221;488417&#8243;][vc_button button_color=&#8221;accent&#8221; radius=&#8221;btn-round&#8221; wide=&#8221;yes&#8221; border_width=&#8221;0&#8243; link=&#8221;url:https%3A%2F%2Fticketsibiza.com%2Fit%2Fcalendario-ibiza%2Fottobre%2F|title:Calendario%20feste%20Ibiza%20Ottobre|&#8221; button_color_type=&#8221;uncode-palette&#8221; uncode_shortcode_id=&#8221;134518&#8243;]OTTOBRE[\/vc_button][\/vc_column_inner][\/vc_row_inner][vc_row_inner row_inner_height_percent=&#8221;0&#8243; overlay_alpha=&#8221;50&#8243; gutter_size=&#8221;2&#8243; shift_y=&#8221;0&#8243; z_index=&#8221;0&#8243; uncode_shortcode_id=&#8221;672492&#8243;][vc_column_inner column_width_percent=&#8221;100&#8243; align_horizontal=&#8221;align_center&#8221; gutter_size=&#8221;3&#8243; overlay_alpha=&#8221;50&#8243; shift_x=&#8221;0&#8243; shift_y=&#8221;0&#8243; shift_y_down=&#8221;0&#8243; z_index=&#8221;0&#8243; align_medium=&#8221;align_center_tablet&#8221; medium_width=&#8221;0&#8243; align_mobile=&#8221;align_center_mobile&#8221; mobile_width=&#8221;4&#8243; width=&#8221;1\/3&#8243; uncode_shortcode_id=&#8221;207755&#8243;][vc_button button_color=&#8221;color-456577&#8243; radius=&#8221;btn-round&#8221; wide=&#8221;yes&#8221; border_width=&#8221;0&#8243; link=&#8221;url:https%3A%2F%2Fticketsibiza.com%2Fit%2Fcalendario-ibiza%2Feventi-oggi-ibiza%2F|title:Calendario%20feste%20Ibiza|&#8221; button_color_type=&#8221;uncode-palette&#8221; uncode_shortcode_id=&#8221;110105&#8243;]OGGI \/ STASERA[\/vc_button][\/vc_column_inner][vc_column_inner column_width_percent=&#8221;100&#8243; align_horizontal=&#8221;align_center&#8221; gutter_size=&#8221;3&#8243; overlay_alpha=&#8221;50&#8243; shift_x=&#8221;0&#8243; shift_y=&#8221;0&#8243; shift_y_down=&#8221;0&#8243; z_index=&#8221;0&#8243; medium_width=&#8221;0&#8243; mobile_width=&#8221;4&#8243; width=&#8221;1\/3&#8243; uncode_shortcode_id=&#8221;156245&#8243;][vc_button button_color=&#8221;color-742106&#8243; radius=&#8221;btn-round&#8221; wide=&#8221;yes&#8221; border_width=&#8221;0&#8243; link=&#8221;url:https%3A%2F%2Fticketsibiza.com%2Fit%2Fcalendario-ibiza%2F2026-eventi%2F|title:Calendario%20feste%20Ibiza|&#8221; button_color_type=&#8221;uncode-palette&#8221; uncode_shortcode_id=&#8221;212200&#8243;]TUTTI GLI EVENTI 2026[\/vc_button][\/vc_column_inner][vc_column_inner width=&#8221;1\/3&#8243;][\/vc_column_inner][\/vc_row_inner][\/vc_column][\/vc_row][vc_row unlock_row_content=&#8221;yes&#8221; row_height_percent=&#8221;0&#8243; override_padding=&#8221;yes&#8221; h_padding=&#8221;0&#8243; top_padding=&#8221;1&#8243; bottom_padding=&#8221;2&#8243; overlay_alpha=&#8221;50&#8243; gutter_size=&#8221;3&#8243; column_width_percent=&#8221;100&#8243; shift_y=&#8221;0&#8243; z_index=&#8221;0&#8243; row_name=&#8221;thisweek&#8221; css=&#8221;.vc_custom_1576681089316{padding-right: 18px !important;padding-left: 18px !important;}&#8221;][vc_column column_width_percent=&#8221;100&#8243; gutter_size=&#8221;1&#8243; override_padding=&#8221;yes&#8221; column_padding=&#8221;1&#8243; overlay_alpha=&#8221;50&#8243; shift_x=&#8221;0&#8243; shift_y=&#8221;0&#8243; shift_y_down=&#8221;0&#8243; z_index=&#8221;0&#8243; medium_width=&#8221;0&#8243; mobile_width=&#8221;0&#8243; width=&#8221;1\/1&#8243;]\t\t<div class=\"wcs-timetable__wrapper\">\n\t\t\t<div class=\"wcs-vue\" id=\"wcs-app-137\"><\/div>\n\t\t<\/div>\n\t\t[\/vc_column][\/vc_row][vc_row row_height_percent=&#8221;0&#8243; override_padding=&#8221;yes&#8221; h_padding=&#8221;2&#8243; top_padding=&#8221;1&#8243; bottom_padding=&#8221;2&#8243; overlay_alpha=&#8221;50&#8243; gutter_size=&#8221;3&#8243; column_width_percent=&#8221;100&#8243; shift_y=&#8221;0&#8243; z_index=&#8221;0&#8243;][vc_column column_width_percent=&#8221;100&#8243; align_horizontal=&#8221;align_center&#8221; gutter_size=&#8221;3&#8243; overlay_alpha=&#8221;50&#8243; shift_x=&#8221;0&#8243; shift_y=&#8221;0&#8243; shift_y_down=&#8221;0&#8243; z_index=&#8221;0&#8243; desktop_visibility=&#8221;yes&#8221; medium_width=&#8221;0&#8243; mobile_width=&#8221;0&#8243; width=&#8221;1\/1&#8243;][vc_button button_color=&#8221;accent&#8221; size=&#8221;btn-lg&#8221; border_width=&#8221;0&#8243; link=&#8221;url:%23thisweek|&#8221;]TORNA SU[\/vc_button][\/vc_column][\/vc_row]<\/p>\n<\/div>","protected":false},"excerpt":{"rendered":"<p>[vc_row row_height_percent=&#8221;10&#8243; override_padding=&#8221;yes&#8221; h_padding=&#8221;0&#8243; top_padding=&#8221;0&#8243; bottom_padding=&#8221;0&#8243; overlay_color=&#8221;color-gyho&#8221; overlay_alpha=&#8221;0&#8243; overlay_color_blend=&#8221;darken&#8221; gutter_size=&#8221;3&#8243; column_width_percent=&#8221;100&#8243; shift_y=&#8221;0&#8243; z_index=&#8221;0&#8243;][vc_column column_width_percent=&#8221;100&#8243; position_vertical=&#8221;bottom&#8221; gutter_size=&#8221;3&#8243; overlay_alpha=&#8221;50&#8243; shift_x=&#8221;0&#8243; shift_y=&#8221;0&#8243; shift_y_down=&#8221;0&#8243; [&hellip;]<\/p>\n","protected":false},"author":1,"featured_media":988526,"parent":0,"menu_order":0,"comment_status":"closed","ping_status":"closed","template":"","meta":{"_acf_changed":false,"footnotes":""},"class_list":["post-988519","page","type-page","status-publish","has-post-thumbnail","hentry","page_category-calendario"],"acf":[],"_links":{"self":[{"href":"https:\/\/ticketsibiza.com\/it\/wp-json\/wp\/v2\/pages\/988519","targetHints":{"allow":["GET"]}}],"collection":[{"href":"https:\/\/ticketsibiza.com\/it\/wp-json\/wp\/v2\/pages"}],"about":[{"href":"https:\/\/ticketsibiza.com\/it\/wp-json\/wp\/v2\/types\/page"}],"author":[{"embeddable":true,"href":"https:\/\/ticketsibiza.com\/it\/wp-json\/wp\/v2\/users\/1"}],"replies":[{"embeddable":true,"href":"https:\/\/ticketsibiza.com\/it\/wp-json\/wp\/v2\/comments?post=988519"}],"version-history":[{"count":89,"href":"https:\/\/ticketsibiza.com\/it\/wp-json\/wp\/v2\/pages\/988519\/revisions"}],"predecessor-version":[{"id":1129738,"href":"https:\/\/ticketsibiza.com\/it\/wp-json\/wp\/v2\/pages\/988519\/revisions\/1129738"}],"wp:featuredmedia":[{"embeddable":true,"href":"https:\/\/ticketsibiza.com\/it\/wp-json\/wp\/v2\/media\/988526"}],"wp:attachment":[{"href":"https:\/\/ticketsibiza.com\/it\/wp-json\/wp\/v2\/media?parent=988519"}],"curies":[{"name":"wp","href":"https:\/\/api.w.org\/{rel}","templated":true}]}}