{"id":1154426,"date":"2026-04-28T14:36:30","date_gmt":"2026-04-28T13:36:30","guid":{"rendered":"https:\/\/ticketsibiza.com\/clubs\/es-paradis\/"},"modified":"2026-04-28T16:27:49","modified_gmt":"2026-04-28T15:27:49","slug":"es-paradis","status":"publish","type":"page","link":"https:\/\/ticketsibiza.com\/it\/clubs\/es-paradis\/","title":{"rendered":"Es Paradis 2026 &#8211; Biglietti, Eventi e Lineup"},"content":{"rendered":"<div class=\"wpb-content-wrapper\"><p>[vc_row row_height_percent=&#8221;0&#8243; override_padding=&#8221;yes&#8221; h_padding=&#8221;2&#8243; top_padding=&#8221;2&#8243; bottom_padding=&#8221;0&#8243; back_image=&#8221;1154377&#8243; overlay_alpha=&#8221;50&#8243; gutter_size=&#8221;3&#8243; column_width_percent=&#8221;100&#8243; shift_y=&#8221;0&#8243; z_index=&#8221;0&#8243; content_parallax=&#8221;0&#8243; row_height_pixel=&#8221;50&#8243; uncode_shortcode_id=&#8221;205769&#8243;][vc_column width=&#8221;1\/1&#8243;][vc_empty_space empty_h=&#8221;5&#8243;][vc_row_inner row_inner_height_percent=&#8221;0&#8243; force_width_grid=&#8221;yes&#8221; overlay_color=&#8221;color-149363&#8243; overlay_alpha=&#8221;70&#8243; gutter_size=&#8221;1&#8243; shift_y=&#8221;1&#8243; z_index=&#8221;3&#8243; css=&#8221;.vc_custom_1555872297672{margin-bottom: 0px !important;border-bottom-width: 0px !important;padding-top: 0px !important;padding-bottom: 0px !important;padding-left: 20px !important;}&#8221; limit_content=&#8221;&#8221;][vc_column_inner column_width_percent=&#8221;100&#8243; gutter_size=&#8221;0&#8243; overlay_alpha=&#8221;50&#8243; shift_x=&#8221;0&#8243; shift_y=&#8221;0&#8243; shift_y_down=&#8221;0&#8243; z_index=&#8221;0&#8243; medium_width=&#8221;0&#8243; mobile_width=&#8221;0&#8243; width=&#8221;1\/1&#8243; css=&#8221;.vc_custom_1551002411961{padding-bottom: 0px !important;}&#8221;][vc_custom_heading text_color=&#8221;color-xsdn&#8221; heading_semantic=&#8221;h1&#8243; text_size=&#8221;h1&#8243; sub_reduced=&#8221;yes&#8221; uncode_shortcode_id=&#8221;101674&#8243; text_color_type=&#8221;uncode-palette&#8221;]<\/p>\n<h1 style=\"text-align: left;\"><span style=\"color: #ffffff;\">Es Paradis<\/span><\/h1>\n<p>[\/vc_custom_heading][vc_column_text text_lead=&#8221;yes&#8221; uncode_shortcode_id=&#8221;212119&#8243;]<\/p>\n<h4><span style=\"font-weight: 400; color: #ffffff;\">Il club pi\u00f9 bello di Ibiza<\/span><\/h4>\n<p>[\/vc_column_text][\/vc_column_inner][\/vc_row_inner][\/vc_column][\/vc_row][vc_row row_height_percent=&#8221;0&#8243; overlay_alpha=&#8221;50&#8243; gutter_size=&#8221;3&#8243; column_width_percent=&#8221;100&#8243; shift_y=&#8221;0&#8243; z_index=&#8221;0&#8243; css=&#8221;.vc_custom_1551018712642{margin-top: 0px !important;margin-bottom: 0px !important;}&#8221;][vc_column column_width_percent=&#8221;100&#8243; gutter_size=&#8221;3&#8243; overlay_alpha=&#8221;50&#8243; shift_x=&#8221;0&#8243; shift_y=&#8221;0&#8243; shift_y_down=&#8221;0&#8243; z_index=&#8221;0&#8243; medium_width=&#8221;0&#8243; mobile_width=&#8221;0&#8243; width=&#8221;3\/4&#8243; uncode_shortcode_id=&#8221;307314&#8243; el_class=&#8221;mv-content&#8221;][uncode_block id=&#8221;525847&#8243;][vc_column_text uncode_shortcode_id=&#8221;211139&#8243;]<span style=\"font-weight: 400;\"><span class=\"dropped\">E<\/span>s Paradis \u00e8 uno dei templi originali della vita notturna di Ibiza, una piramide d\u2019ispirazione romana in marmo bianco, vegetazione lussureggiante e rampicanti che fa parte della scena di San Antonio da oltre cinquant\u2019anni. <\/span><\/p>\n<p><span style=\"font-weight: 400;\">\u00c8 la casa spirituale della Fiesta del Agua \u2014 l\u2019iconico party in acqua dove la pista da ballo viene letteralmente inondata da 80.000 litri d\u2019acqua \u2014 e un rito di passaggio per chiunque faccia festa sulla costa occidentale dell\u2019isola.<\/span><\/p>\n<p><span style=\"font-weight: 400;\"><br \/>\nMentre la maggior parte dei club di Ibiza insegue DJ famosi e credibilit\u00e0 underground, Es Paradis segue una strada diversa: accessibile, divertente, visivamente spettacolare e piacevolmente conveniente. \u00c8 il superclub della gente. <\/span>[\/vc_column_text][vc_row_inner row_inner_height_percent=&#8221;0&#8243; back_color=&#8221;accent&#8221; overlay_alpha=&#8221;50&#8243; gutter_size=&#8221;3&#8243; shift_y=&#8221;0&#8243; z_index=&#8221;0&#8243; css=&#8221;.vc_custom_1579608219493{padding-bottom: 10px !important;}&#8221; limit_content=&#8221;&#8221;][vc_column_inner column_width_percent=&#8221;100&#8243; gutter_size=&#8221;3&#8243; override_padding=&#8221;yes&#8221; column_padding=&#8221;2&#8243; overlay_alpha=&#8221;50&#8243; shift_x=&#8221;0&#8243; shift_y=&#8221;0&#8243; shift_y_down=&#8221;0&#8243; z_index=&#8221;0&#8243; medium_width=&#8221;0&#8243; mobile_width=&#8221;0&#8243; width=&#8221;1\/1&#8243;][vc_column_text uncode_shortcode_id=&#8221;207086&#8243;]<span style=\"text-decoration: underline; color: #ffffff;\">In questa pagina:<\/span><br \/>\n<span style=\"color: #ffffff;\"><a style=\"color: #ffffff;\" href=\"#history\">Storia<\/a><\/span><br \/>\n<span style=\"color: #ffffff;\"><a style=\"color: #ffffff;\" href=\"#info\">Informazioni sul Club<\/a><\/span><br \/>\n<span style=\"color: #ffffff;\"><a style=\"color: #ffffff;\" href=\"#2026\">Es Paradis 2026<\/a><\/span><br \/>\n<span style=\"color: #ffffff;\"><a style=\"color: #ffffff;\" href=\"#listings\">Line Up<\/a><\/span>[\/vc_column_text][\/vc_column_inner][\/vc_row_inner][vc_custom_heading separator_color=&#8221;yes&#8221; separator=&#8221;yes&#8221; uncode_shortcode_id=&#8221;197661&#8243;]<\/p>\n<h2 id=\"history\" class=\"p1\">Storia dell\u2019Es Paradis Ibiza<\/h2>\n<p>[\/vc_custom_heading][vc_column_text uncode_shortcode_id=&#8221;427393&#8243;]Es Paradis ha aperto nell\u2019agosto del 1975, diventando il secondo club pi\u00f9 antico dell\u2019isola dopo Pacha. \u00c8 stato ideato dall\u2019artista Llu\u00eds G\u00fcell, la mente creativa anche dietro Caf\u00e9 del Mar, e dal proprietario del club Pepe Aguirre, la cui missione dichiarata era progettare &#8220;il carillon pi\u00f9 bello del mondo&#8221;.[\/vc_column_text][vc_single_image media=&#8221;1154437&#8243; media_width_percent=&#8221;85&#8243; alignment=&#8221;center&#8221; border=&#8221;yes&#8221; shadow=&#8221;yes&#8221; shadow_darker=&#8221;yes&#8221; uncode_shortcode_id=&#8221;141270&#8243;][vc_column_text uncode_shortcode_id=&#8221;754930&#8243;]All\u2019epoca, San Antonio era ancora un tranquillo villaggio di pescatori e l\u2019Es Paradis era originariamente un locale all\u2019aperto con rigogliosi giardini naturali e un tetto retrattile. La sua reputazione crebbe rapidamente e, mentre il villaggio si trasformava in una delle destinazioni per feste pi\u00f9 famose d\u2019Europa, l\u2019Es Paradis cresceva con lui. <\/p>\n<p>Nel 1990, le nuove normative sull\u2019inquinamento acustico dell\u2019isola costrinsero il club a chiudere il locale, portando alla creazione del suo ormai iconico tetto a piramide in vetro da 120 tonnellate, sormontato da una mela invitante, che svetta sulla baia di San Antonio ed \u00e8 visibile da tutta la localit\u00e0.[\/vc_column_text][vc_custom_heading separator_color=&#8221;yes&#8221; separator=&#8221;yes&#8221;]<\/p>\n<h2 id=\"info\" class=\"p1\">Informazioni sul club<\/h2>\n<p>[\/vc_custom_heading][vc_column_text uncode_shortcode_id=&#8221;665250&#8243;]Il club \u00e8 noto soprattutto per il suo tetto in vetro a forma di piramide e per i suoi splendidi interni, spesso descritti come uno dei club pi\u00f9 belli del mondo. Lo spazio \u00e8 progettato come un lussureggiante giardino interno, con terrazze e livelli che si affacciano sulla pista da ballo principale. <\/p>\n<p>La capacit\u00e0 \u00e8 di circa 3.000 persone, con una sala principale che prende vita grazie a luci ed effetti immersivi. L\u2019impianto audio \u00e8 eccellente, ma qui l\u2019esperienza e l\u2019atmosfera contano quanto la musica. <\/p>\n<p>E s\u00ec \u2014 \u00e8 la sede dei leggendari party in acqua, dove la pista da ballo si riempie letteralmente d\u2019acqua \ud83d\udca6[\/vc_column_text][vc_single_image media=&#8221;1154434&#8243; media_width_percent=&#8221;85&#8243; alignment=&#8221;center&#8221; border=&#8221;yes&#8221; shadow=&#8221;yes&#8221; shadow_darker=&#8221;yes&#8221; uncode_shortcode_id=&#8221;191268&#8243;][vc_raw_html]PGJsb2NrcXVvdGUgY2xhc3M9Imluc3RhZ3JhbS1tZWRpYSIgZGF0YS1pbnN0Z3JtLWNhcHRpb25lZD0iIiBkYXRhLWluc3Rncm0tcGVybWFsaW5rPSJodHRwczovL3d3dy5pbnN0YWdyYW0uY29tL3JlZWwvRE4zMUNrdkRCVzMvP3V0bV9zb3VyY2U9aWdfZW1iZWQmYW1wO3V0bV9jYW1wYWlnbj1sb2FkaW5nIiBkYXRhLWluc3Rncm0tdmVyc2lvbj0iMTQiIHN0eWxlPSIgIGJhY2tncm91bmQ6I0ZGRjsgYm9yZGVyOjA7IGJvcmRlci1yYWRpdXM6M3B4OyBib3gtc2hhZG93OjAgMCAxcHggMCByZ2JhKDAsMCwwLDAuNSksMCAxcHggMTBweCAwIHJnYmEoMCwwLDAsMC4xNSk7IG1hcmdpbjogMXB4OyBtYXgtd2lkdGg6NTQwcHg7IG1pbi13aWR0aDozMjZweDsgcGFkZGluZzowOyB3aWR0aDo5OS4zNzUlOyB3aWR0aDotd2Via2l0LWNhbGMoMTAwJSAtIDJweCk7IHdpZHRoOmNhbGMoMTAwJSAtIDJweCk7Ij48ZGl2IHN0eWxlPSJwYWRkaW5nOjE2cHg7Ij4gPGEgaHJlZj0iaHR0cHM6Ly93d3cuaW5zdGFncmFtLmNvbS9yZWVsL0ROMzFDa3ZEQlczLz91dG1fc291cmNlPWlnX2VtYmVkJmFtcDt1dG1fY2FtcGFpZ249bG9hZGluZyIgc3R5bGU9IiAgYmFja2dyb3VuZDojRkZGRkZGOyBsaW5lLWhlaWdodDowOyBwYWRkaW5nOjAgMDsgdGV4dC1hbGlnbjpjZW50ZXI7IHRleHQtZGVjb3JhdGlvbjpub25lOyB3aWR0aDoxMDAlOyIgdGFyZ2V0PSJfYmxhbmsiPiA8ZGl2IHN0eWxlPSIgIGRpc3BsYXk6IGZsZXg7IGZsZXgtZGlyZWN0aW9uOiByb3c7IGFsaWduLWl0ZW1zOiBjZW50ZXI7Ij4gPGRpdiBzdHlsZT0iYmFja2dyb3VuZC1jb2xvcjogI0Y0RjRGNDsgYm9yZGVyLXJhZGl1czogNTAlOyBmbGV4LWdyb3c6IDA7IGhlaWdodDogNDBweDsgbWFyZ2luLXJpZ2h0OiAxNHB4OyB3aWR0aDogNDBweDsiPjwvZGl2PiA8ZGl2IHN0eWxlPSJkaXNwbGF5OiBmbGV4OyBmbGV4LWRpcmVjdGlvbjogY29sdW1uOyBmbGV4LWdyb3c6IDE7IGp1c3RpZnktY29udGVudDogY2VudGVyOyI+IDxkaXYgc3R5bGU9IiAgYmFja2dyb3VuZC1jb2xvcjogI0Y0RjRGNDsgYm9yZGVyLXJhZGl1czogNHB4OyBmbGV4LWdyb3c6IDA7IGhlaWdodDogMTRweDsgbWFyZ2luLWJvdHRvbTogNnB4OyB3aWR0aDogMTAwcHg7Ij48L2Rpdj4gPGRpdiBzdHlsZT0iICBiYWNrZ3JvdW5kLWNvbG9yOiAjRjRGNEY0OyBib3JkZXItcmFkaXVzOiA0cHg7IGZsZXgtZ3JvdzogMDsgaGVpZ2h0OiAxNHB4OyB3aWR0aDogNjBweDsiPjwvZGl2PjwvZGl2PjwvZGl2PjxkaXYgc3R5bGU9InBhZGRpbmc6IDE5JSAwOyI+PC9kaXY+IDxkaXYgc3R5bGU9ImRpc3BsYXk6YmxvY2s7IGhlaWdodDo1MHB4OyBtYXJnaW46MCBhdXRvIDEycHg7IHdpZHRoOjUwcHg7Ij48c3ZnIHdpZHRoPSI1MHB4IiBoZWlnaHQ9IjUwcHgiIHZpZXdib3g9IjAgMCA2MCA2MCIgdmVyc2lvbj0iMS4xIiB4bWxucz0iaHR0cHM6Ly93d3cudzMub3JnLzIwMDAvc3ZnIiB4bWxuczp4bGluaz0iaHR0cHM6Ly93d3cudzMub3JnLzE5OTkveGxpbmsiPjxnIHN0cm9rZT0ibm9uZSIgc3Ryb2tlLXdpZHRoPSIxIiBmaWxsPSJub25lIiBmaWxsLXJ1bGU9ImV2ZW5vZGQiPjxnIHRyYW5zZm9ybT0idHJhbnNsYXRlKC01MTEuMDAwMDAwLCAtMjAuMDAwMDAwKSIgZmlsbD0iIzAwMDAwMCI+PGc+PHBhdGggZD0iTTU1Ni44NjksMzAuNDEgQzU1NC44MTQsMzAuNDEgNTUzLjE0OCwzMi4wNzYgNTUzLjE0OCwzNC4xMzEgQzU1My4xNDgsMzYuMTg2IDU1NC44MTQsMzcuODUyIDU1Ni44NjksMzcuODUyIEM1NTguOTI0LDM3Ljg1MiA1NjAuNTksMzYuMTg2IDU2MC41OSwzNC4xMzEgQzU2MC41OSwzMi4wNzYgNTU4LjkyNCwzMC40MSA1NTYuODY5LDMwLjQxIE01NDEsNjAuNjU3IEM1MzUuMTE0LDYwLjY1NyA1MzAuMzQyLDU1Ljg4NyA1MzAuMzQyLDUwIEM1MzAuMzQyLDQ0LjExNCA1MzUuMTE0LDM5LjM0MiA1NDEsMzkuMzQyIEM1NDYuODg3LDM5LjM0MiA1NTEuNjU4LDQ0LjExNCA1NTEuNjU4LDUwIEM1NTEuNjU4LDU1Ljg4NyA1NDYuODg3LDYwLjY1NyA1NDEsNjAuNjU3IE01NDEsMzMuODg2IEM1MzIuMSwzMy44ODYgNTI0Ljg4Niw0MS4xIDUyNC44ODYsNTAgQzUyNC44ODYsNTguODk5IDUzMi4xLDY2LjExMyA1NDEsNjYuMTEzIEM1NDkuOSw2Ni4xMTMgNTU3LjExNSw1OC44OTkgNTU3LjExNSw1MCBDNTU3LjExNSw0MS4xIDU0OS45LDMzLjg4NiA1NDEsMzMuODg2IE01NjUuMzc4LDYyLjEwMSBDNTY1LjI0NCw2NS4wMjIgNTY0Ljc1Niw2Ni42MDYgNTY0LjM0Niw2Ny42NjMgQzU2My44MDMsNjkuMDYgNTYzLjE1NCw3MC4wNTcgNTYyLjEwNiw3MS4xMDYgQzU2MS4wNTgsNzIuMTU1IDU2MC4wNiw3Mi44MDMgNTU4LjY2Miw3My4zNDcgQzU1Ny42MDcsNzMuNzU3IDU1Ni4wMjEsNzQuMjQ0IDU1My4xMDIsNzQuMzc4IEM1NDkuOTQ0LDc0LjUyMSA1NDguOTk3LDc0LjU1MiA1NDEsNzQuNTUyIEM1MzMuMDAzLDc0LjU1MiA1MzIuMDU2LDc0LjUyMSA1MjguODk4LDc0LjM3OCBDNTI1Ljk3OSw3NC4yNDQgNTI0LjM5Myw3My43NTcgNTIzLjMzOCw3My4zNDcgQzUyMS45NCw3Mi44MDMgNTIwLjk0Miw3Mi4xNTUgNTE5Ljg5NCw3MS4xMDYgQzUxOC44NDYsNzAuMDU3IDUxOC4xOTcsNjkuMDYgNTE3LjY1NCw2Ny42NjMgQzUxNy4yNDQsNjYuNjA2IDUxNi43NTUsNjUuMDIyIDUxNi42MjMsNjIuMTAxIEM1MTYuNDc5LDU4Ljk0MyA1MTYuNDQ4LDU3Ljk5NiA1MTYuNDQ4LDUwIEM1MTYuNDQ4LDQyLjAwMyA1MTYuNDc5LDQxLjA1NiA1MTYuNjIzLDM3Ljg5OSBDNTE2Ljc1NSwzNC45NzggNTE3LjI0NCwzMy4zOTEgNTE3LjY1NCwzMi4zMzggQzUxOC4xOTcsMzAuOTM4IDUxOC44NDYsMjkuOTQyIDUxOS44OTQsMjguODk0IEM1MjAuOTQyLDI3Ljg0NiA1MjEuOTQsMjcuMTk2IDUyMy4zMzgsMjYuNjU0IEM1MjQuMzkzLDI2LjI0NCA1MjUuOTc5LDI1Ljc1NiA1MjguODk4LDI1LjYyMyBDNTMyLjA1NywyNS40NzkgNTMzLjAwNCwyNS40NDggNTQxLDI1LjQ0OCBDNTQ4Ljk5NywyNS40NDggNTQ5Ljk0MywyNS40NzkgNTUzLjEwMiwyNS42MjMgQzU1Ni4wMjEsMjUuNzU2IDU1Ny42MDcsMjYuMjQ0IDU1OC42NjIsMjYuNjU0IEM1NjAuMDYsMjcuMTk2IDU2MS4wNTgsMjcuODQ2IDU2Mi4xMDYsMjguODk0IEM1NjMuMTU0LDI5Ljk0MiA1NjMuODAzLDMwLjkzOCA1NjQuMzQ2LDMyLjMzOCBDNTY0Ljc1NiwzMy4zOTEgNTY1LjI0NCwzNC45NzggNTY1LjM3OCwzNy44OTkgQzU2NS41MjIsNDEuMDU2IDU2NS41NTIsNDIuMDAzIDU2NS41NTIsNTAgQzU2NS41NTIsNTcuOTk2IDU2NS41MjIsNTguOTQzIDU2NS4zNzgsNjIuMTAxIE01NzAuODIsMzcuNjMxIEM1NzAuNjc0LDM0LjQzOCA1NzAuMTY3LDMyLjI1OCA1NjkuNDI1LDMwLjM0OSBDNTY4LjY1OSwyOC4zNzcgNTY3LjYzMywyNi43MDIgNTY1Ljk2NSwyNS4wMzUgQzU2NC4yOTcsMjMuMzY4IDU2Mi42MjMsMjIuMzQyIDU2MC42NTIsMjEuNTc1IEM1NTguNzQzLDIwLjgzNCA1NTYuNTYyLDIwLjMyNiA1NTMuMzY5LDIwLjE4IEM1NTAuMTY5LDIwLjAzMyA1NDkuMTQ4LDIwIDU0MSwyMCBDNTMyLjg1MywyMCA1MzEuODMxLDIwLjAzMyA1MjguNjMxLDIwLjE4IEM1MjUuNDM4LDIwLjMyNiA1MjMuMjU3LDIwLjgzNCA1MjEuMzQ5LDIxLjU3NSBDNTE5LjM3NiwyMi4zNDIgNTE3LjcwMywyMy4zNjggNTE2LjAzNSwyNS4wMzUgQzUxNC4zNjgsMjYuNzAyIDUxMy4zNDIsMjguMzc3IDUxMi41NzQsMzAuMzQ5IEM1MTEuODM0LDMyLjI1OCA1MTEuMzI2LDM0LjQzOCA1MTEuMTgxLDM3LjYzMSBDNTExLjAzNSw0MC44MzEgNTExLDQxLjg1MSA1MTEsNTAgQzUxMSw1OC4xNDcgNTExLjAzNSw1OS4xNyA1MTEuMTgxLDYyLjM2OSBDNTExLjMyNiw2NS41NjIgNTExLjgzNCw2Ny43NDMgNTEyLjU3NCw2OS42NTEgQzUxMy4zNDIsNzEuNjI1IDUxNC4zNjgsNzMuMjk2IDUxNi4wMzUsNzQuOTY1IEM1MTcuNzAzLDc2LjYzNCA1MTkuMzc2LDc3LjY1OCA1MjEuMzQ5LDc4LjQyNSBDNTIzLjI1Nyw3OS4xNjcgNTI1LjQzOCw3OS42NzMgNTI4LjYzMSw3OS44MiBDNTMxLjgzMSw3OS45NjUgNTMyLjg1Myw4MC4wMDEgNTQxLDgwLjAwMSBDNTQ5LjE0OCw4MC4wMDEgNTUwLjE2OSw3OS45NjUgNTUzLjM2OSw3OS44MiBDNTU2LjU2Miw3OS42NzMgNTU4Ljc0Myw3OS4xNjcgNTYwLjY1Miw3OC40MjUgQzU2Mi42MjMsNzcuNjU4IDU2NC4yOTcsNzYuNjM0IDU2NS45NjUsNzQuOTY1IEM1NjcuNjMzLDczLjI5NiA1NjguNjU5LDcxLjYyNSA1NjkuNDI1LDY5LjY1MSBDNTcwLjE2Nyw2Ny43NDMgNTcwLjY3NCw2NS41NjIgNTcwLjgyLDYyLjM2OSBDNTcwLjk2Niw1OS4xNyA1NzEsNTguMTQ3IDU3MSw1MCBDNTcxLDQxLjg1MSA1NzAuOTY2LDQwLjgzMSA1NzAuODIsMzcuNjMxIj48L3BhdGg+PC9wYXRoPjwvZz48L2c+PC9nPjwvc3ZnPjwvZGl2PjxkaXYgc3R5bGU9InBhZGRpbmctdG9wOiA4cHg7Ij4gPGRpdiBzdHlsZT0iICBjb2xvcjojMzg5N2YwOyBmb250LWZhbWlseTpBcmlhbCxzYW5zLXNlcmlmOyBmb250LXNpemU6MTRweDsgZm9udC1zdHlsZTpub3JtYWw7IGZvbnQtd2VpZ2h0OjU1MDsgbGluZS1oZWlnaHQ6MThweDsiPlZpc3VhbGl6emEgcXVlc3RvIHBvc3Qgc3UgSW5zdGFncmFtPC9kaXY+PC9kaXY+PGRpdiBzdHlsZT0icGFkZGluZzogMTIuNSUgMDsiPjwvZGl2PiA8ZGl2IHN0eWxlPSJkaXNwbGF5OiBmbGV4OyBmbGV4LWRpcmVjdGlvbjogcm93OyBtYXJnaW4tYm90dG9tOiAxNHB4OyBhbGlnbi1pdGVtczogY2VudGVyOyI+PGRpdj4gPGRpdiBzdHlsZT0iYmFja2dyb3VuZC1jb2xvcjogI0Y0RjRGNDsgYm9yZGVyLXJhZGl1czogNTAlOyBoZWlnaHQ6IDEyLjVweDsgd2lkdGg6IDEyLjVweDsgdHJhbnNmb3JtOiB0cmFuc2xhdGVYKDBweCkgdHJhbnNsYXRlWSg3cHgpOyI+PC9kaXY+IDxkaXYgc3R5bGU9ImJhY2tncm91bmQtY29sb3I6ICNGNEY0RjQ7IGhlaWdodDogMTIuNXB4OyB0cmFuc2Zvcm06IHJvdGF0ZSgtNDVkZWcpIHRyYW5zbGF0ZVgoM3B4KSB0cmFuc2xhdGVZKDFweCk7IHdpZHRoOiAxMi41cHg7IGZsZXgtZ3JvdzogMDsgbWFyZ2luLXJpZ2h0OiAxNHB4OyBtYXJnaW4tbGVmdDogMnB4OyI+PC9kaXY+IDxkaXYgc3R5bGU9ImJhY2tncm91bmQtY29sb3I6ICNGNEY0RjQ7IGJvcmRlci1yYWRpdXM6IDUwJTsgaGVpZ2h0OiAxMi41cHg7IHdpZHRoOiAxMi41cHg7IHRyYW5zZm9ybTogdHJhbnNsYXRlWCg5cHgpIHRyYW5zbGF0ZVkoLTE4cHgpOyI+PC9kaXY+PC9kaXY+PGRpdiBzdHlsZT0ibWFyZ2luLWxlZnQ6IDhweDsiPiA8ZGl2IHN0eWxlPSIgIGJhY2tncm91bmQtY29sb3I6ICNGNEY0RjQ7IGJvcmRlci1yYWRpdXM6IDUwJTsgZmxleC1ncm93OiAwOyBoZWlnaHQ6IDIwcHg7IHdpZHRoOiAyMHB4OyI+PC9kaXY+IDxkaXYgc3R5bGU9IiAgd2lkdGg6IDA7IGhlaWdodDogMDsgYm9yZGVyLXRvcDogMnB4IHNvbGlkIHRyYW5zcGFyZW50OyBib3JkZXItbGVmdDogNnB4IHNvbGlkICNmNGY0ZjQ7IGJvcmRlci1ib3R0b206IDJweCBzb2xpZCB0cmFuc3BhcmVudDsgdHJhbnNmb3JtOiB0cmFuc2xhdGVYKDE2cHgpIHRyYW5zbGF0ZVkoLTRweCkgcm90YXRlKDMwZGVnKSI+PC9kaXY+PC9kaXY+PGRpdiBzdHlsZT0ibWFyZ2luLWxlZnQ6IGF1dG87Ij4gPGRpdiBzdHlsZT0iICB3aWR0aDogMHB4OyBib3JkZXItdG9wOiA4cHggc29saWQgI0Y0RjRGNDsgYm9yZGVyLXJpZ2h0OiA4cHggc29saWQgdHJhbnNwYXJlbnQ7IHRyYW5zZm9ybTogdHJhbnNsYXRlWSgxNnB4KTsiPjwvZGl2PiA8ZGl2IHN0eWxlPSIgIGJhY2tncm91bmQtY29sb3I6ICNGNEY0RjQ7IGZsZXgtZ3JvdzogMDsgaGVpZ2h0OiAxMnB4OyB3aWR0aDogMTZweDsgdHJhbnNmb3JtOiB0cmFuc2xhdGVZKC00cHgpOyI+PC9kaXY+IDxkaXYgc3R5bGU9IiAgd2lkdGg6IDA7IGhlaWdodDogMDsgYm9yZGVyLXRvcDogOHB4IHNvbGlkICNGNEY0RjQ7IGJvcmRlci1sZWZ0OiA4cHggc29saWQgdHJhbnNwYXJlbnQ7IHRyYW5zZm9ybTogdHJhbnNsYXRlWSgtNHB4KSB0cmFuc2xhdGVYKDhweCk7Ij48L2Rpdj48L2Rpdj48L2Rpdj4gPGRpdiBzdHlsZT0iZGlzcGxheTogZmxleDsgZmxleC1kaXJlY3Rpb246IGNvbHVtbjsgZmxleC1ncm93OiAxOyBqdXN0aWZ5LWNvbnRlbnQ6IGNlbnRlcjsgbWFyZ2luLWJvdHRvbTogMjRweDsiPiA8ZGl2IHN0eWxlPSIgIGJhY2tncm91bmQtY29sb3I6ICNGNEY0RjQ7IGJvcmRlci1yYWRpdXM6IDRweDsgZmxleC1ncm93OiAwOyBoZWlnaHQ6IDE0cHg7IG1hcmdpbi1ib3R0b206IDZweDsgd2lkdGg6IDIyNHB4OyI+PC9kaXY+IDxkaXYgc3R5bGU9IiAgYmFja2dyb3VuZC1jb2xvcjogI0Y0RjRGNDsgYm9yZGVyLXJhZGl1czogNHB4OyBmbGV4LWdyb3c6IDA7IGhlaWdodDogMTRweDsgd2lkdGg6IDE0NHB4OyI+PC9kaXY+PC9kaXY+PC9hPjxwIHN0eWxlPSIgIGNvbG9yOiNjOWM4Y2Q7IGZvbnQtZmFtaWx5OkFyaWFsLHNhbnMtc2VyaWY7IGZvbnQtc2l6ZToxNHB4OyBsaW5lLWhlaWdodDoxN3B4OyBtYXJnaW4tYm90dG9tOjA7IG1hcmdpbi10b3A6OHB4OyBvdmVyZmxvdzpoaWRkZW47IHBhZGRpbmc6OHB4IDAgN3B4OyB0ZXh0LWFsaWduOmNlbnRlcjsgdGV4dC1vdmVyZmxvdzplbGxpcHNpczsgd2hpdGUtc3BhY2U6bm93cmFwOyI+PGEgaHJlZj0iaHR0cHM6Ly93d3cuaW5zdGFncmFtLmNvbS9yZWVsL0ROMzFDa3ZEQlczLz91dG1fc291cmNlPWlnX2VtYmVkJmFtcDt1dG1fY2FtcGFpZ249bG9hZGluZyIgc3R5bGU9IiAgY29sb3I6I2M5YzhjZDsgZm9udC1mYW1pbHk6QXJpYWwsc2Fucy1zZXJpZjsgZm9udC1zaXplOjE0cHg7IGZvbnQtc3R5bGU6bm9ybWFsOyBmb250LXdlaWdodDpub3JtYWw7IGxpbmUtaGVpZ2h0OjE3cHg7IHRleHQtZGVjb3JhdGlvbjpub25lOyIgdGFyZ2V0PSJfYmxhbmsiPlVuIHBvc3QgY29uZGl2aXNvIGRhIEVzIFBhcmFkaXMgSWJpemEgT2ZmaWNpYWwgKEBlc3BhcmFkaXNvZmZpY2lhbCk8L2E+PC9wPjwvZGl2PjwvYmxvY2txdW90ZT4KPHNjcmlwdCBhc3luYz0iIiBzcmM9Ii8vd3d3Lmluc3RhZ3JhbS5jb20vZW1iZWQuanMiPjwvc2NyaXB0Pg==[\/vc_raw_html][vc_custom_heading separator_color=&#8221;yes&#8221; separator=&#8221;yes&#8221; el_id=&#8221;2026&#8243; uncode_shortcode_id=&#8221;808807&#8243;]<\/p>\n<h2 class=\"p1\">Es Paradis Ibiza 2026<\/h2>\n<p>[\/vc_custom_heading][vc_column_text uncode_shortcode_id=&#8221;365280&#8243;]Nel 2026, aspettati un mix di feste accessibili e ad alta energia &#8211; dalle serate commercial e house agli inni del passato e ai preferiti degli studenti. E naturalmente, l\u2019iconica Fiesta del Agua torner\u00e0, portando divertimento caotico, bagnato e indimenticabile. Se vuoi qualcosa di meno serio e pi\u00f9 incentrato sul puro divertimento, questo \u00e8 il posto giusto per te.[\/vc_column_text][\/vc_column][vc_column column_width_percent=&#8221;100&#8243; align_horizontal=&#8221;align_center&#8221; gutter_size=&#8221;2&#8243; overlay_alpha=&#8221;50&#8243; shift_x=&#8221;0&#8243; shift_y=&#8221;0&#8243; shift_y_down=&#8221;0&#8243; z_index=&#8221;0&#8243; medium_visibility=&#8221;yes&#8221; medium_width=&#8221;0&#8243; mobile_visibility=&#8221;yes&#8221; mobile_width=&#8221;0&#8243; width=&#8221;1\/4&#8243; uncode_shortcode_id=&#8221;205071&#8243; el_class=&#8221;mv-sidebar&#8221;][vc_button button_color=&#8221;color-jevc&#8221; size=&#8221;btn-xl&#8221; border_animation=&#8221;btn-ripple-out&#8221; border_width=&#8221;0&#8243; link=&#8221;url:%23listings|&#8221;]Acquista biglietti[\/vc_button][vc_separator sep_color=&#8221;accent&#8221;][vc_single_image media=&#8221;1154430&#8243; media_width_percent=&#8221;75&#8243; alignment=&#8221;center&#8221; shape=&#8221;img-circle&#8221; border=&#8221;yes&#8221; shadow=&#8221;yes&#8221; shadow_weight=&#8221;sm&#8221; shadow_darker=&#8221;yes&#8221; uncode_shortcode_id=&#8221;160826&#8243;][vc_separator sep_color=&#8221;accent&#8221;][vc_gmaps latlon=&#8221;38.9787033, 1.3076834&#8243; size=&#8221;280&#8243; map_color=&#8221;color-wvjs&#8221; ui_color=&#8221;accent&#8221; zoom=&#8221;10&#8243; map_saturation=&#8221;-100&#8243; map_brightness=&#8221;5&#8243; address=&#8221;Carrer Salvador Espriu, 2, 07820 Sant Antoni de Portmany, Illes Balears, Spain&#8221; uncode_shortcode_id=&#8221;129976&#8243; map_color_type=&#8221;uncode-palette&#8221; ui_color_type=&#8221;uncode-palette&#8221;][vc_separator sep_color=&#8221;accent&#8221;][uncode_block id=&#8221;146863&#8243; inside_column=&#8221;yes&#8221;][\/vc_column][\/vc_row][vc_section back_color=&#8221;color-lxmt&#8221; overlay_alpha=&#8221;50&#8243;][vc_row][vc_column width=&#8221;3\/4&#8243;][vc_gallery el_id=&#8221;gallery-160005&#8243; type=&#8221;justified&#8221; random=&#8221;yes&#8221; medias=&#8221;1154437,1154436,1154435,1154434,1154433,1154432,1154431&#8243; justify_row_height=&#8221;150&#8243; gutter_size=&#8221;0&#8243; single_overlay_opacity=&#8221;50&#8243; single_padding=&#8221;2&#8243; title=&#8221;Galleria fotografica&#8221; uncode_shortcode_id=&#8221;197262&#8243;][\/vc_column][vc_column width=&#8221;1\/4&#8243;][vc_raw_html]PGlmcmFtZSBzcmM9Imh0dHBzOi8vb3Blbi5zcG90aWZ5LmNvbS9lbWJlZC9wbGF5bGlzdC8ycHpWd0diRll4V3Fvb1puWjFkVzF2IiB3aWR0aD0iMzAwIiBoZWlnaHQ9IjM4MCIgZnJhbWVib3JkZXI9IjAiIGFsbG93dHJhbnNwYXJlbmN5PSJ0cnVlIiBhbGxvdz0iZW5jcnlwdGVkLW1lZGlhIj48L2lmcmFtZT4K[\/vc_raw_html][\/vc_column][\/vc_row][\/vc_section][vc_section back_color=&#8221;color-prif&#8221; overlay_alpha=&#8221;50&#8243;][vc_row row_height_percent=&#8221;0&#8243; overlay_alpha=&#8221;50&#8243; gutter_size=&#8221;3&#8243; column_width_percent=&#8221;100&#8243; shift_y=&#8221;0&#8243; z_index=&#8221;0&#8243; row_name=&#8221;#listings&#8221;][vc_column column_width_percent=&#8221;100&#8243; position_vertical=&#8221;middle&#8221; align_horizontal=&#8221;align_center&#8221; gutter_size=&#8221;2&#8243; overlay_alpha=&#8221;50&#8243; shift_x=&#8221;0&#8243; shift_y=&#8221;0&#8243; shift_y_down=&#8221;0&#8243; z_index=&#8221;0&#8243; medium_width=&#8221;0&#8243; mobile_width=&#8221;0&#8243; width=&#8221;1\/1&#8243;][vc_custom_heading text_color=&#8221;color-xsdn&#8221; text_size=&#8221;h3&#8243; separator_color=&#8221;yes&#8221; separator=&#8221;yes&#8221; sub_reduced=&#8221;yes&#8221; uncode_shortcode_id=&#8221;175542&#8243; text_color_type=&#8221;uncode-palette&#8221;]<\/p>\n<h2 style=\"text-align: center;\"><span style=\"color: #ffffff;\">Eventi<\/span><\/h2>\n<p>[\/vc_custom_heading]\t\t<div class=\"wcs-timetable__wrapper\">\n\t\t\t<div class=\"wcs-vue\" id=\"wcs-app-163\"><\/div>\n\t\t<\/div>\n\t\t[\/vc_column][\/vc_row][\/vc_section]<\/p>\n<\/div>","protected":false},"excerpt":{"rendered":"<p>[vc_row row_height_percent=&#8221;0&#8243; override_padding=&#8221;yes&#8221; h_padding=&#8221;2&#8243; top_padding=&#8221;2&#8243; bottom_padding=&#8221;0&#8243; back_image=&#8221;1154377&#8243; overlay_alpha=&#8221;50&#8243; gutter_size=&#8221;3&#8243; column_width_percent=&#8221;100&#8243; shift_y=&#8221;0&#8243; z_index=&#8221;0&#8243; content_parallax=&#8221;0&#8243; row_height_pixel=&#8221;50&#8243; uncode_shortcode_id=&#8221;205769&#8243;][vc_column width=&#8221;1\/1&#8243;][vc_empty_space empty_h=&#8221;5&#8243;][vc_row_inner row_inner_height_percent=&#8221;0&#8243; force_width_grid=&#8221;yes&#8221; overlay_color=&#8221;color-149363&#8243; [&hellip;]<\/p>\n","protected":false},"author":1,"featured_media":1154430,"parent":989650,"menu_order":0,"comment_status":"closed","ping_status":"closed","template":"","meta":{"_acf_changed":false,"footnotes":""},"class_list":["post-1154426","page","type-page","status-publish","has-post-thumbnail","hentry","page_category-club"],"acf":[],"_links":{"self":[{"href":"https:\/\/ticketsibiza.com\/it\/wp-json\/wp\/v2\/pages\/1154426","targetHints":{"allow":["GET"]}}],"collection":[{"href":"https:\/\/ticketsibiza.com\/it\/wp-json\/wp\/v2\/pages"}],"about":[{"href":"https:\/\/ticketsibiza.com\/it\/wp-json\/wp\/v2\/types\/page"}],"author":[{"embeddable":true,"href":"https:\/\/ticketsibiza.com\/it\/wp-json\/wp\/v2\/users\/1"}],"replies":[{"embeddable":true,"href":"https:\/\/ticketsibiza.com\/it\/wp-json\/wp\/v2\/comments?post=1154426"}],"version-history":[{"count":10,"href":"https:\/\/ticketsibiza.com\/it\/wp-json\/wp\/v2\/pages\/1154426\/revisions"}],"predecessor-version":[{"id":1154524,"href":"https:\/\/ticketsibiza.com\/it\/wp-json\/wp\/v2\/pages\/1154426\/revisions\/1154524"}],"up":[{"embeddable":true,"href":"https:\/\/ticketsibiza.com\/it\/wp-json\/wp\/v2\/pages\/989650"}],"wp:featuredmedia":[{"embeddable":true,"href":"https:\/\/ticketsibiza.com\/it\/wp-json\/wp\/v2\/media\/1154430"}],"wp:attachment":[{"href":"https:\/\/ticketsibiza.com\/it\/wp-json\/wp\/v2\/media?parent=1154426"}],"curies":[{"name":"wp","href":"https:\/\/api.w.org\/{rel}","templated":true}]}}