{"id":1120568,"date":"2019-02-27T06:57:23","date_gmt":"2019-02-27T06:57:23","guid":{"rendered":"https:\/\/ticketsibiza.com\/feste\/cocoon\/"},"modified":"2026-02-23T13:29:06","modified_gmt":"2026-02-23T13:29:06","slug":"cocoon","status":"publish","type":"page","link":"https:\/\/ticketsibiza.com\/it\/feste\/cocoon\/","title":{"rendered":"Cocoon Ibiza [currentseason] &#8211; Biglietti, Eventi e Lineup"},"content":{"rendered":"<div class=\"wpb-content-wrapper\"><p>[vc_row row_height_percent=&#8221;0&#8243; override_padding=&#8221;yes&#8221; h_padding=&#8221;2&#8243; top_padding=&#8221;2&#8243; bottom_padding=&#8221;0&#8243; back_image=&#8221;57669&#8243; overlay_alpha=&#8221;50&#8243; gutter_size=&#8221;3&#8243; column_width_percent=&#8221;100&#8243; shift_y=&#8221;0&#8243; z_index=&#8221;0&#8243; row_height_pixel=&#8221;50&#8243;][vc_column width=&#8221;1\/1&#8243;][vc_empty_space empty_h=&#8221;5&#8243;][vc_row_inner row_inner_height_percent=&#8221;0&#8243; force_width_grid=&#8221;yes&#8221; overlay_color=&#8221;color-149363&#8243; overlay_alpha=&#8221;70&#8243; gutter_size=&#8221;1&#8243; shift_y=&#8221;1&#8243; z_index=&#8221;3&#8243; css=&#8221;.vc_custom_1555709232730{margin-bottom: 0px !important;border-bottom-width: 0px !important;padding-top: 0px !important;padding-bottom: 0px !important;padding-left: 20px !important;}&#8221;][vc_column_inner column_width_percent=&#8221;100&#8243; gutter_size=&#8221;0&#8243; overlay_alpha=&#8221;50&#8243; shift_x=&#8221;0&#8243; shift_y=&#8221;0&#8243; shift_y_down=&#8221;0&#8243; z_index=&#8221;0&#8243; medium_width=&#8221;0&#8243; mobile_width=&#8221;0&#8243; width=&#8221;1\/1&#8243; css=&#8221;.vc_custom_1551002411961{padding-bottom: 0px !important;}&#8221;][vc_custom_heading text_color=&#8221;color-xsdn&#8221; heading_semantic=&#8221;h1&#8243; text_size=&#8221;h1&#8243; sub_reduced=&#8221;yes&#8221;]Cocoon Ibiza[\/vc_custom_heading][vc_column_text text_lead=&#8221;yes&#8221;]<strong><span style=\"color: white;\">Amnesia<\/span><\/strong>[\/vc_column_text][\/vc_column_inner][\/vc_row_inner][\/vc_column][\/vc_row][vc_row row_height_percent=&#8221;0&#8243; override_padding=&#8221;yes&#8221; h_padding=&#8221;2&#8243; top_padding=&#8221;2&#8243; bottom_padding=&#8221;0&#8243; overlay_alpha=&#8221;50&#8243; gutter_size=&#8221;3&#8243; column_width_percent=&#8221;100&#8243; shift_y=&#8221;0&#8243; z_index=&#8221;0&#8243; css=&#8221;.vc_custom_1551018966910{margin-bottom: 0px !important;padding-bottom: 0px !important;}&#8221;][vc_column column_width_percent=&#8221;100&#8243; gutter_size=&#8221;0&#8243; overlay_alpha=&#8221;50&#8243; shift_x=&#8221;0&#8243; shift_y=&#8221;0&#8243; shift_y_down=&#8221;0&#8243; z_index=&#8221;0&#8243; medium_width=&#8221;0&#8243; mobile_width=&#8221;0&#8243; width=&#8221;3\/4&#8243;][vc_column_text]<\/p>\n<blockquote>\n<h3>Papa Sven celebra 20 anni di Cocoon Ibiza<\/h3>\n<\/blockquote>\n<p>[\/vc_column_text][\/vc_column][vc_column column_width_percent=&#8221;100&#8243; align_horizontal=&#8221;align_center&#8221; gutter_size=&#8221;0&#8243; overlay_alpha=&#8221;50&#8243; shift_x=&#8221;0&#8243; shift_y=&#8221;0&#8243; shift_y_down=&#8221;0&#8243; z_index=&#8221;0&#8243; medium_width=&#8221;0&#8243; mobile_width=&#8221;0&#8243; width=&#8221;1\/4&#8243; link_to=&#8221;url:%23listings|&#8221;][vc_button button_color=&#8221;color-jevc&#8221; border_animation=&#8221;btn-ripple-out&#8221; border_width=&#8221;0&#8243; link=&#8221;url:%23listings|&#8221; button_color_type=&#8221;uncode-palette&#8221; uncode_shortcode_id=&#8221;538733&#8243;]Acquista biglietti[\/vc_button][\/vc_column][\/vc_row][vc_row row_height_percent=&#8221;0&#8243; overlay_alpha=&#8221;50&#8243; gutter_size=&#8221;3&#8243; column_width_percent=&#8221;100&#8243; shift_y=&#8221;0&#8243; z_index=&#8221;0&#8243; css=&#8221;.vc_custom_1551018712642{margin-top: 0px !important;margin-bottom: 0px !important;}&#8221;][vc_column column_width_percent=&#8221;100&#8243; gutter_size=&#8221;2&#8243; overlay_alpha=&#8221;50&#8243; shift_x=&#8221;0&#8243; shift_y=&#8221;0&#8243; shift_y_down=&#8221;0&#8243; z_index=&#8221;0&#8243; medium_width=&#8221;0&#8243; mobile_width=&#8221;0&#8243; width=&#8221;3\/4&#8243;][vc_column_text uncode_shortcode_id=&#8221;863704&#8243;]Poche feste sono radicate nel DNA di Ibiza come Cocoon. Nel 2026, il marchio iconico di Sven V\u00e4th continua la sua lunga storia d\u2019amore con l\u2019isola, offrendo due speciali dal giorno alla notte accuratamente curati che onorano la sua eredit\u00e0 abbracciando il futuro della musica elettronica underground. <\/p>\n<p>Per oltre due decenni, Cocoon \u00e8 stato un punto di riferimento per l\u2019autenticit\u00e0. Ci\u00f2 che \u00e8 iniziato come una forza rivoluzionaria all\u2019Amnesia \u00e8 diventato un movimento globale, plasmando il sound della techno e della house attraverso le generazioni. Nel 2026, quello spirito rimane intatto. Aspettati set maratona, una programmazione audace e una cultura della pista da ballo costruita su libert\u00e0, espressione e profonda immersione musicale.   <\/p>\n<p>Tornando al 528 Ibiza, Cocoon trasforma ancora una volta le splendide colline di Benimussa in un santuario per i puristi. L\u2019esperienza inizia all\u2019aperto, dove il sole scende lentamente dietro le montagne e la musica cresce con pazienza e intenzione. Al calar della notte, l\u2019energia si sposta all\u2019interno, dove un\u2019atmosfera pi\u00f9 intima permette al suono di approfondirsi e intensificarsi fino alle prime ore del mattino.  <\/p>\n<p>Al centro di tutto c\u2019\u00e8 Sven V\u00e4th. Un vero architetto dell\u2019underground di Ibiza, la sua capacit\u00e0 di leggere la folla e plasmare un viaggio rimane ineguagliata. Intorno a lui, una lineup di artisti globali accuratamente selezionati garantisce una colonna sonora senza compromessi, emozionante e senza tempo.  <\/p>\n<p>Cocoon non riguarda lo spettacolo o il clamore. Riguarda la connessione &#8211; tra DJ e ballerino, passato e presente, ritmo ed emozione. In un panorama in costante evoluzione, Cocoon Ibiza 2026 si conferma come un promemoria di ci\u00f2 che conta davvero: la musica prima di tutto, la comunit\u00e0 sempre, e momenti che restano impressi molto tempo dopo che l\u2019ultimo disco smette di girare.[\/vc_column_text][\/vc_column][vc_column column_width_percent=&#8221;100&#8243; gutter_size=&#8221;0&#8243; overlay_alpha=&#8221;50&#8243; shift_x=&#8221;0&#8243; shift_y=&#8221;0&#8243; shift_y_down=&#8221;0&#8243; z_index=&#8221;0&#8243; medium_width=&#8221;0&#8243; mobile_width=&#8221;0&#8243; sticky=&#8221;yes&#8221; width=&#8221;1\/4&#8243;][vc_separator sep_color=&#8221;color-149363&#8243;][uncode_list icon=&#8221;fa fa-location-outline&#8221;]<\/p>\n<ul>\n<li><a href=\"https:\/\/ticketsibiza.com\/it\/clubs\/amnesia\/\">Amnesia<\/a><\/li>\n<\/ul>\n<p>[\/uncode_list][uncode_list icon=&#8221;fa fa-calendar&#8221;]<\/p>\n<ul>\n<li>Luned\u00ec<\/li>\n<\/ul>\n<p>[\/uncode_list][uncode_list icon=&#8221;fa fa-cab&#8221;]<\/p>\n<ul>\n<li>Ctra. Ibiza a San Antonio, 07816 <\/li>\n<\/ul>\n<p>[\/uncode_list][vc_separator sep_color=&#8221;color-149363&#8243;][\/vc_column][\/vc_row][vc_section back_color=&#8221;color-lxmt&#8221; overlay_alpha=&#8221;50&#8243;][vc_row][vc_column width=&#8221;3\/4&#8243;][vc_gallery el_id=&#8221;gallery-160005&#8243; type=&#8221;justified&#8221; random=&#8221;yes&#8221; medias=&#8221;1120572,1120573,1120574&#8243; justify_row_height=&#8221;150&#8243; gutter_size=&#8221;3&#8243; single_overlay_opacity=&#8221;50&#8243; single_padding=&#8221;2&#8243; title=&#8221;Galleria CircoLoco&#8221;][\/vc_column][vc_column width=&#8221;1\/4&#8243;][uncode_share layout=&#8221;multiple&#8221; separator=&#8221;yes&#8221; title=&#8221;Condividi questa festa&#8221;][\/vc_column][\/vc_row][\/vc_section][vc_section back_color=&#8221;color-prif&#8221; overlay_alpha=&#8221;50&#8243;][vc_row row_height_percent=&#8221;0&#8243; overlay_alpha=&#8221;50&#8243; gutter_size=&#8221;3&#8243; column_width_percent=&#8221;100&#8243; shift_y=&#8221;0&#8243; z_index=&#8221;0&#8243; row_name=&#8221;listings&#8221;][vc_column column_width_percent=&#8221;100&#8243; position_vertical=&#8221;middle&#8221; align_horizontal=&#8221;align_center&#8221; gutter_size=&#8221;2&#8243; overlay_alpha=&#8221;50&#8243; shift_x=&#8221;0&#8243; shift_y=&#8221;0&#8243; shift_y_down=&#8221;0&#8243; z_index=&#8221;0&#8243; medium_width=&#8221;0&#8243; mobile_width=&#8221;0&#8243; width=&#8221;1\/1&#8243;][vc_custom_heading text_color=&#8221;color-xsdn&#8221; sub_lead=&#8221;yes&#8221; uncode_shortcode_id=&#8221;118374&#8243; text_color_type=&#8221;uncode-palette&#8221;]<\/p>\n<h2 style=\"text-align: center;\"><span style=\"color: #ffffff;\">Eventi<\/span><\/h2>\n<p>[\/vc_custom_heading]\t\t<div class=\"wcs-timetable__wrapper\">\n\t\t\t<div class=\"wcs-vue\" id=\"wcs-app-85\"><\/div>\n\t\t<\/div>\n\t\t[\/vc_column][\/vc_row][\/vc_section]<\/p>\n<\/div>","protected":false},"excerpt":{"rendered":"<p>Luned\u00ec<\/p>\n","protected":false},"author":2,"featured_media":1120578,"parent":991455,"menu_order":0,"comment_status":"closed","ping_status":"closed","template":"","meta":{"_acf_changed":false,"footnotes":""},"class_list":["post-1120568","page","type-page","status-publish","has-post-thumbnail","hentry","page_category-feste"],"acf":[],"_links":{"self":[{"href":"https:\/\/ticketsibiza.com\/it\/wp-json\/wp\/v2\/pages\/1120568","targetHints":{"allow":["GET"]}}],"collection":[{"href":"https:\/\/ticketsibiza.com\/it\/wp-json\/wp\/v2\/pages"}],"about":[{"href":"https:\/\/ticketsibiza.com\/it\/wp-json\/wp\/v2\/types\/page"}],"author":[{"embeddable":true,"href":"https:\/\/ticketsibiza.com\/it\/wp-json\/wp\/v2\/users\/2"}],"replies":[{"embeddable":true,"href":"https:\/\/ticketsibiza.com\/it\/wp-json\/wp\/v2\/comments?post=1120568"}],"version-history":[{"count":7,"href":"https:\/\/ticketsibiza.com\/it\/wp-json\/wp\/v2\/pages\/1120568\/revisions"}],"predecessor-version":[{"id":1120619,"href":"https:\/\/ticketsibiza.com\/it\/wp-json\/wp\/v2\/pages\/1120568\/revisions\/1120619"}],"up":[{"embeddable":true,"href":"https:\/\/ticketsibiza.com\/it\/wp-json\/wp\/v2\/pages\/991455"}],"wp:featuredmedia":[{"embeddable":true,"href":"https:\/\/ticketsibiza.com\/it\/wp-json\/wp\/v2\/media\/1120578"}],"wp:attachment":[{"href":"https:\/\/ticketsibiza.com\/it\/wp-json\/wp\/v2\/media?parent=1120568"}],"curies":[{"name":"wp","href":"https:\/\/api.w.org\/{rel}","templated":true}]}}