{"id":1008881,"date":"2024-02-15T08:19:21","date_gmt":"2024-02-15T08:19:21","guid":{"rendered":"https:\/\/ticketsibiza.com\/ibiza-taxi-app\/"},"modified":"2026-01-13T14:27:23","modified_gmt":"2026-01-13T14:27:23","slug":"ibiza-taxi-app","status":"publish","type":"page","link":"https:\/\/ticketsibiza.com\/it\/ibiza-taxi-app\/","title":{"rendered":"Uber a Ibiza? La prossima cosa migliore"},"content":{"rendered":"<div class=\"wpb-content-wrapper\"><p>[vc_row row_height_percent=&#8221;20&#8243; override_padding=&#8221;yes&#8221; h_padding=&#8221;0&#8243; top_padding=&#8221;0&#8243; bottom_padding=&#8221;0&#8243; back_image=&#8221;521836&#8243; back_position=&#8221;center center&#8221; parallax=&#8221;yes&#8221; overlay_alpha=&#8221;50&#8243; gutter_size=&#8221;3&#8243; column_width_percent=&#8221;100&#8243; shift_y=&#8221;0&#8243; z_index=&#8221;0&#8243; uncode_shortcode_id=&#8221;157206&#8243;][vc_column width=&#8221;1\/1&#8243;][vc_empty_space empty_h=&#8221;5&#8243;][vc_row_inner row_inner_height_percent=&#8221;0&#8243; force_width_grid=&#8221;yes&#8221; overlay_color=&#8221;color-149363&#8243; overlay_alpha=&#8221;70&#8243; gutter_size=&#8221;1&#8243; shift_y=&#8221;1&#8243; z_index=&#8221;3&#8243; css=&#8221;.vc_custom_1555859440035{margin-bottom: 0px !important;border-bottom-width: 0px !important;padding-top: 0px !important;padding-bottom: 0px !important;padding-left: 20px !important;}&#8221;][vc_column_inner column_width_percent=&#8221;100&#8243; gutter_size=&#8221;0&#8243; overlay_alpha=&#8221;50&#8243; shift_x=&#8221;0&#8243; shift_y=&#8221;0&#8243; shift_y_down=&#8221;0&#8243; z_index=&#8221;0&#8243; medium_width=&#8221;0&#8243; mobile_width=&#8221;0&#8243; width=&#8221;1\/1&#8243; css=&#8221;.vc_custom_1551002411961{padding-bottom: 0px !important;}&#8221;][vc_custom_heading text_color=&#8221;color-xsdn&#8221; heading_semantic=&#8221;h1&#8243; text_size=&#8221;h1&#8243; sub_reduced=&#8221;yes&#8221;]Uber a Ibiza? La prossima cosa migliore[\/vc_custom_heading][\/vc_column_inner][\/vc_row_inner][\/vc_column][\/vc_row][vc_row row_height_percent=&#8221;0&#8243; override_padding=&#8221;yes&#8221; h_padding=&#8221;2&#8243; top_padding=&#8221;2&#8243; bottom_padding=&#8221;2&#8243; overlay_alpha=&#8221;50&#8243; gutter_size=&#8221;3&#8243; column_width_percent=&#8221;100&#8243; shift_y=&#8221;0&#8243; z_index=&#8221;0&#8243; css=&#8221;.vc_custom_1555860699675{padding-bottom: 0px !important;}&#8221;][vc_column column_width_percent=&#8221;100&#8243; gutter_size=&#8221;2&#8243; overlay_alpha=&#8221;50&#8243; shift_x=&#8221;0&#8243; shift_y=&#8221;0&#8243; shift_y_down=&#8221;0&#8243; z_index=&#8221;0&#8243; medium_width=&#8221;0&#8243; mobile_width=&#8221;0&#8243; width=&#8221;3\/4&#8243;][vc_column_text]I <span class=\"dropped\">t<\/span>axi a Ibiza possono essere molto difficili da trovare, ma c\u2019\u00e8 una nuova alternativa che potrebbe cambiare le carte in tavola sull\u2019isola se stai cercando un\u2019alternativa a Uber Ibiza.[\/vc_column_text][vc_row_inner row_inner_height_percent=&#8221;0&#8243; back_color=&#8221;accent&#8221; overlay_alpha=&#8221;50&#8243; gutter_size=&#8221;3&#8243; shift_y=&#8221;0&#8243; z_index=&#8221;0&#8243;][vc_column_inner column_width_percent=&#8221;100&#8243; gutter_size=&#8221;3&#8243; override_padding=&#8221;yes&#8221; column_padding=&#8221;2&#8243; overlay_alpha=&#8221;50&#8243; shift_x=&#8221;0&#8243; shift_y=&#8221;0&#8243; shift_y_down=&#8221;0&#8243; z_index=&#8221;0&#8243; medium_width=&#8221;0&#8243; mobile_width=&#8221;0&#8243; width=&#8221;1\/1&#8243;][vc_column_text uncode_shortcode_id=&#8221;195443&#8243;]<span style=\"text-decoration: underline; color: #ffffff;\">In questo articolo:<\/span><\/p>\n<p><span style=\"color: #ffffff;\"><a style=\"color: #ffffff;\" href=\"#uber\">Uber o Lyft esistono a Ibiza?<\/a><\/span><\/p>\n<p><span style=\"color: #ffffff;\"><a style=\"color: #ffffff;\" href=\"#app\">L\u2019app TaxiClick<\/a><\/span><\/p>\n<p><span style=\"color: #ffffff;\"><a style=\"color: #ffffff;\" href=\"#work\">Come funziona l\u2019app?<\/a><\/span><\/p>\n<p><span style=\"color: #ffffff;\"><a style=\"color: #ffffff;\" href=\"#fares\">Quanto costano le corse?<\/a><\/span><\/p>\n<p><span style=\"color: #ffffff;\"><a style=\"color: #ffffff;\" href=\"#ranks\">Dove si trovano le aree di sosta dei taxi a Ibiza?<\/a><\/span>[\/vc_column_text][\/vc_column_inner][\/vc_row_inner][vc_column_text]Immagina la scena.<\/p>\n<p>Sei stato nel tuo club\/bar\/beach club preferito di Ibiza e il giorno\/la notte sta volgendo al termine. \u00c8 ora di passare al posto successivo o semplicemente tornare al tuo alloggio per un paio di drink prima di un meritato riposo. <\/p>\n<p>Tranne che&#8230; non puoi. Sei nel bel mezzo del nulla e non c\u2019\u00e8 un taxi in vista. Nada. Abbiamo perso il conto di quante volte abbiamo aspettato pazientemente un\u2019auto pregando di vedere quella luce verde di speranza che segnala che \u00e8 disponibile.[\/vc_column_text][vc_single_image media=&#8221;1008663&#8243; media_width_percent=&#8221;70&#8243;][vc_column_text]E non \u00e8 solo nelle zone pi\u00f9 remote di Ibiza. Potresti essere bloccato nel centro di San Antonio in coda per pi\u00f9 di un\u2019ora per prendere un taxi durante la stagione&#8230; non \u00e8 divertente. <\/p>\n<p>In realt\u00e0, la soluzione migliore per prenotare un taxi \u00e8 chiedere al tuo hotel di prenotarne uno per te, oppure chiamare tu stesso Ibiza Radio Taxis. Ma cosa succede se non sei vicino a un hotel? E se provi a chiamare il numero ma ti rendi conto che il tuo spagnolo non \u00e8 cos\u00ec bueno come pensavi? Inoltre, in quale strada ti trovi?[\/vc_column_text][vc_row_inner row_inner_height_percent=&#8221;0&#8243; back_color=&#8221;color-vyce&#8221; overlay_alpha=&#8221;50&#8243; gutter_size=&#8221;3&#8243; shift_y=&#8221;0&#8243; z_index=&#8221;0&#8243;][vc_column_inner column_width_percent=&#8221;100&#8243; gutter_size=&#8221;3&#8243; override_padding=&#8221;yes&#8221; column_padding=&#8221;2&#8243; overlay_alpha=&#8221;50&#8243; radius=&#8221;sm&#8221; shadow=&#8221;sm&#8221; shift_x=&#8221;0&#8243; shift_y=&#8221;0&#8243; shift_y_down=&#8221;0&#8243; z_index=&#8221;0&#8243; medium_width=&#8221;0&#8243; mobile_width=&#8221;0&#8243; width=&#8221;1\/1&#8243;][vc_icon position=&#8221;right&#8221; display=&#8221;inline&#8221; icon=&#8221;fa fa-quote&#8221; icon_color=&#8221;color-xsdn&#8221; size=&#8221;fa-3x&#8221;][\/vc_icon][vc_column_text]<strong><span style=\"color: #ffffff;\">Potresti essere bloccato nel centro di San Antonio in coda per pi\u00f9 di un\u2019ora per prendere un taxi durante la stagione&#8230; non \u00e8 divertente.<\/span><\/strong>[\/vc_column_text][\/vc_column_inner][\/vc_row_inner][vc_column_text]Ti suona familiare? Ti capiamo. \u00c8 frustrante.  <\/p>\n<p>Se solo ci fosse un modo migliore per prenotare un taxi&#8230; magari un\u2019app sul tuo telefono. Ti ricorda qualcosa?[\/vc_column_text][vc_custom_heading separator_color=&#8221;yes&#8221; separator=&#8221;yes&#8221;]<\/p>\n<h2 id=\"uber\">Uber o Lyft esistono a Ibiza?<\/h2>\n<p>[\/vc_custom_heading][vc_column_text uncode_shortcode_id=&#8221;980406&#8243;]Uber \u00e8 stato finalmente lanciato a Ibiza nel novembre 2023. Fino ad allora non era in grado di operare a causa di motivi normativi. <\/p>\n<p>Lyft non esiste a Ibiza.<\/p>\n<p>Uber non ha una buona reputazione in Spagna e, infatti, troverai il servizio di ride-hailing solo in 8 citt\u00e0 in tutto il paese. Non ci aspettiamo che questo cambi presto. <\/p>\n<p>All\u2019inizio del 2019, Uber \u00e8 stato costretto a ritirarsi da Barcellona quando sono entrate in vigore nuove normative che prevedevano che i veicoli dovessero essere prenotati con almeno 15 minuti di anticipo.[\/vc_column_text][vc_single_image media=&#8221;1008662&#8243; media_width_percent=&#8221;70&#8243;][vc_column_text uncode_shortcode_id=&#8221;564993&#8243;]Nel frattempo, c\u2019\u00e8 un\u2019altra app che potresti voler provare e che \u00e8 sulla scena da alcuni anni.[\/vc_column_text][vc_custom_heading separator_color=&#8221;yes&#8221; separator=&#8221;yes&#8221; uncode_shortcode_id=&#8221;570753&#8243;]<\/p>\n<h2 id=\"app\">L\u2019app TaxiClick<\/h2>\n<p>[\/vc_custom_heading][vc_column_text uncode_shortcode_id=&#8221;175857&#8243;]Il servizio pi\u00f9 simile a Uber a Ibiza \u00e8 usare <strong>TaxiClick<\/strong>, che ti permette di prenotare gli stessi taxi a cui sei abituato ma direttamente tramite la loro app <a href=\"https:\/\/apps.apple.com\/gb\/app\/taxiclick\/id510296062#?platform=iphone\" target=\"_blank\" rel=\"noopener\">iOS<\/a> \/ <a href=\"https:\/\/play.google.com\/store\/apps\/details?id=com.interfacom.taxiclick\" target=\"_blank\" rel=\"noopener\">Android<\/a>.<\/p>\n<p>Nota a margine: potresti aver sentito parlare dell\u2019<strong>Ibiza Taxi App<\/strong> prima. TaxiClick ha sostituito l\u2019Ibiza Taxi App nel maggio 2021.[\/vc_column_text][vc_single_image media=&#8221;1008675&#8243; media_width_percent=&#8221;100&#8243;][vc_column_text uncode_shortcode_id=&#8221;598733&#8243;]Ma chiariamo alcune cose. Questa non \u00e8 un\u2019app sviluppata da un gigante tecnologico negli Stati Uniti. \u00c8 stata sviluppata dalla societ\u00e0 spagnola Interfacom, con sede a Madrid.  <\/p>\n<p>Non sar\u00e0 l\u2019esperienza impeccabile a cui ti sei abituato con Uber. Gli autisti sono ancora tassisti di Ibiza. Quindi ricorda solo che stai giocando secondo le loro regole&#8230; non diremo altro.[\/vc_column_text][vc_row_inner row_inner_height_percent=&#8221;0&#8243; back_color=&#8221;color-vyce&#8221; overlay_alpha=&#8221;50&#8243; gutter_size=&#8221;3&#8243; shift_y=&#8221;0&#8243; z_index=&#8221;0&#8243;][vc_column_inner column_width_percent=&#8221;100&#8243; gutter_size=&#8221;3&#8243; override_padding=&#8221;yes&#8221; column_padding=&#8221;2&#8243; overlay_alpha=&#8221;50&#8243; radius=&#8221;sm&#8221; shadow=&#8221;sm&#8221; shift_x=&#8221;0&#8243; shift_y=&#8221;0&#8243; shift_y_down=&#8221;0&#8243; z_index=&#8221;0&#8243; medium_width=&#8221;0&#8243; mobile_width=&#8221;0&#8243; width=&#8221;1\/1&#8243;][vc_icon position=&#8221;right&#8221; display=&#8221;inline&#8221; icon=&#8221;fa fa-quote&#8221; icon_color=&#8221;color-xsdn&#8221; size=&#8221;fa-3x&#8221;][\/vc_icon][vc_column_text]<strong><span style=\"color: #ffffff;\">L\u2019app \u00e8 stata sviluppata dalla societ\u00e0 spagnola Interfacom, con sede a Madrid.<\/span><\/strong>[\/vc_column_text][\/vc_column_inner][\/vc_row_inner][vc_column_text]Diamo un\u2019occhiata all\u2019app e alle nostre opinioni sull\u2019utilizzo.[\/vc_column_text][vc_custom_heading separator_color=&#8221;yes&#8221; separator=&#8221;yes&#8221;]<\/p>\n<h2 id=\"work\">Come funziona l\u2019app?<\/h2>\n<p>[\/vc_custom_heading][vc_column_text]Iscriversi a TaxiClick \u00e8 relativamente semplice, anche se abbiamo dovuto reimpostare immediatamente la nostra password perch\u00e9 l\u2019app non la riconosceva all\u2019inizio.<\/p>\n<p>Una volta registrato, l\u2019interfaccia dovrebbe essere abbastanza simile a quella a cui sei abituato.[\/vc_column_text][vc_single_image media=&#8221;1008677&#8243; media_width_percent=&#8221;100&#8243;][vc_column_text]Scegli la tua posizione e imposta l\u2019orario di prelievo. Facile, vero? Puoi anche programmare i tuoi viaggi in anticipo.[\/vc_column_text][vc_custom_heading heading_semantic=&#8221;h3&#8243; text_size=&#8221;h3&#8243;]<\/p>\n<h3>Pagamento<\/h3>\n<p>[\/vc_custom_heading][vc_column_text]Puoi scegliere di pagare in contanti o aggiungere una carta al tuo account.<\/p>\n<p>Poich\u00e9 non c\u2019\u00e8 assistenza clienti in-app, ti consigliamo vivamente di scegliere di pagare in contanti. L\u2019ultima cosa che vuoi \u00e8 che il tuo viaggio venga cancellato in qualche modo e tu l\u2019abbia gi\u00e0 pagato.<\/p>\n<p>[\/vc_column_text][vc_custom_heading heading_semantic=&#8221;h3&#8243; text_size=&#8221;h3&#8243;]<\/p>\n<h3>Funziona?<\/h3>\n<p>[\/vc_custom_heading][vc_column_text]Beh, la buona notizia \u00e8&#8230; s\u00ec! Abbiamo appena iniziato a usare l\u2019app e, in generale, non ci sono stati problemi. Potresti riscontrare problemi simili a quelli di Uber&#8230; ad esempio, autisti che cancellano le corse senza alcun motivo, ma sii paziente e dovresti trovarlo un servizio utile.[\/vc_column_text][vc_custom_heading separator_color=&#8221;yes&#8221; separator=&#8221;yes&#8221; uncode_shortcode_id=&#8221;137636&#8243;]<\/p>\n<h2 id=\"fares\">Quanto costano le corse in taxi a Ibiza?<\/h2>\n<p>[\/vc_custom_heading][vc_column_text uncode_shortcode_id=&#8221;973082&#8243;]Le tariffe dei taxi per l\u2019app TaxiClick sono le stesse del solito. Le prenotazioni contano come una tariffa prenotata in anticipo, quindi pagherai 5,45 \u20ac quando il tassametro si avvia (invece di 4 \u20ac quando ne fermi uno per strada). <\/p>\n<p>Dopodich\u00e9, le tariffe hanno il seguente costo:[\/vc_column_text][uncode_list larger=&#8221;yes&#8221; css_animation=&#8221;top-t-bottom&#8221; uncode_shortcode_id=&#8221;200706&#8243;]<\/p>\n<ul>\n<li>1,21 \u20ac al chilometro tra le 7:00 e le 21:00<\/li>\n<li>1,47 \u20ac al chilometro tra le 21:00 e le 7:00 (e dalle 15:00 il sabato\/la domenica)<\/li>\n<li>0,36 \u20ac al minuto di attesa (giorno)<br \/>\n0,44 \u20ac al minuto di attesa (notte)<\/li>\n<\/ul>\n<p>[\/uncode_list][vc_custom_heading separator_color=&#8221;yes&#8221; separator=&#8221;yes&#8221; uncode_shortcode_id=&#8221;968452&#8243; el_id=&#8221;ranks&#8221;]<\/p>\n<h2 id=\"\">Dove si trovano le aree di sosta dei taxi a Ibiza?<\/h2>\n<p>[\/vc_custom_heading][vc_column_text uncode_shortcode_id=&#8221;191176&#8243;]L\u2019altra opzione per prendere un taxi \u00e8 trovare un\u2019area di sosta dei taxi.<\/p>\n<p>Ma dove si trovano esattamente?<\/p>\n<p>Dai un\u2019occhiata alla mappa qui sotto per vedere un elenco di tutte le aree di sosta dei taxi a Ibiza.[\/vc_column_text][vc_raw_html]PGlmcmFtZSBzcmM9Imh0dHBzOi8vd3d3Lmdvb2dsZS5jb20vbWFwcy9kL2VtYmVkP21pZD0xZXF5RDhSQ0tpNWZUTVBkTzZIZmdNQTZCekxWcG5VeEgmYW1wO2VoYmM9MkUzMTJGIiB3aWR0aD0iNjQwIiBoZWlnaHQ9IjQ4MCI+PC9pZnJhbWU+[\/vc_raw_html][vc_custom_heading heading_semantic=&#8221;h3&#8243; text_size=&#8221;h3&#8243;]<\/p>\n<h3>Riepilogo<\/h3>\n<p>[\/vc_custom_heading][vc_column_text uncode_shortcode_id=&#8221;150038&#8243;]Uber ha appena riaperto i battenti a Ibiza.<\/p>\n<p>C\u2019\u00e8 anche la possibilit\u00e0 di spostarsi sull\u2019isola con l\u2019app TaxiClick.<\/p>\n<p>Il vantaggio principale dell\u2019app \u00e8 ottenere taxi quando ti trovi in una zona con pochi taxi gi\u00e0 presenti, il che, se conosci Ibiza, \u00e8 piuttosto frequente.<\/p>\n<p>Ricorda solo di avere un po&#8217; di pazienza, portare contanti e&#8230; sorridere. Dopotutto, sei a Ibiza per divertirti \ud83c\udf89[\/vc_column_text][vc_row_inner row_inner_height_percent=&#8221;0&#8243; back_color=&#8221;accent&#8221; overlay_alpha=&#8221;50&#8243; gutter_size=&#8221;3&#8243; shift_y=&#8221;0&#8243; z_index=&#8221;0&#8243;][vc_column_inner column_width_percent=&#8221;100&#8243; gutter_size=&#8221;3&#8243; override_padding=&#8221;yes&#8221; column_padding=&#8221;2&#8243; overlay_alpha=&#8221;50&#8243; shift_x=&#8221;0&#8243; shift_y=&#8221;0&#8243; shift_y_down=&#8221;0&#8243; z_index=&#8221;0&#8243; medium_width=&#8221;0&#8243; mobile_width=&#8221;0&#8243; width=&#8221;1\/1&#8243;][vc_column_text uncode_shortcode_id=&#8221;293096&#8243;]<span style=\"color: #ffffff;\">Il nostro obiettivo \u00e8 fornirti tutte le informazioni necessarie per acquistare i tuoi biglietti per i club di Ibiza.<\/span><\/p>\n<p><span style=\"color: #ffffff;\"><em>Cerchi altri contenuti su Ibiza? Ce n\u2019\u00e8 altro da cui proviene: <\/em><\/span><\/p>\n<p><span style=\"color: #ffffff;\">\ud83d\udc49 <a style=\"color: #ffffff;\" href=\"https:\/\/ticketsibiza.com\/it\/aperture-ibiza\/\">Feste di apertura di Ibiza<\/a><\/span><\/p>\n<p><span style=\"color: #ffffff;\">\ud83d\udc49 <a style=\"color: #ffffff;\" href=\"https:\/\/ticketsibiza.com\/it\/calendario-ibiza\/\">Calendario dei club di Ibiza<\/a><\/span><\/p>\n<p><span style=\"color: #ffffff;\">\ud83d\udc49 <a style=\"color: #ffffff;\" href=\"https:\/\/ticketsibiza.com\/it\/feste\/\">Feste di Ibiza<\/a><\/span><\/p>\n<p><span style=\"color: #ffffff;\">\ud83d\udc49 <a style=\"color: #ffffff;\" href=\"https:\/\/ticketsibiza.com\/it\/clubs\/\">Club di Ibiza<\/a><\/span>[\/vc_column_text][\/vc_column_inner][\/vc_row_inner][\/vc_column][vc_column column_width_percent=&#8221;100&#8243; align_horizontal=&#8221;align_center&#8221; gutter_size=&#8221;1&#8243; overlay_alpha=&#8221;50&#8243; shift_x=&#8221;0&#8243; shift_y=&#8221;0&#8243; shift_y_down=&#8221;0&#8243; z_index=&#8221;0&#8243; medium_width=&#8221;0&#8243; mobile_width=&#8221;0&#8243; sticky=&#8221;yes&#8221; width=&#8221;1\/4&#8243;][uncode_block id=&#8221;142897&#8243; inside_column=&#8221;yes&#8221;][\/vc_column][\/vc_row]<\/p>\n<\/div>","protected":false},"excerpt":{"rendered":"<p>[vc_row row_height_percent=&#8221;20&#8243; override_padding=&#8221;yes&#8221; h_padding=&#8221;0&#8243; top_padding=&#8221;0&#8243; bottom_padding=&#8221;0&#8243; back_image=&#8221;521836&#8243; back_position=&#8221;center center&#8221; parallax=&#8221;yes&#8221; overlay_alpha=&#8221;50&#8243; gutter_size=&#8221;3&#8243; column_width_percent=&#8221;100&#8243; shift_y=&#8221;0&#8243; z_index=&#8221;0&#8243; uncode_shortcode_id=&#8221;157206&#8243;][vc_column width=&#8221;1\/1&#8243;][vc_empty_space empty_h=&#8221;5&#8243;][vc_row_inner row_inner_height_percent=&#8221;0&#8243; force_width_grid=&#8221;yes&#8221; [&hellip;]<\/p>\n","protected":false},"author":1,"featured_media":1008674,"parent":0,"menu_order":0,"comment_status":"closed","ping_status":"closed","template":"","meta":{"_acf_changed":false,"footnotes":""},"class_list":["post-1008881","page","type-page","status-publish","has-post-thumbnail","hentry"],"acf":[],"_links":{"self":[{"href":"https:\/\/ticketsibiza.com\/it\/wp-json\/wp\/v2\/pages\/1008881","targetHints":{"allow":["GET"]}}],"collection":[{"href":"https:\/\/ticketsibiza.com\/it\/wp-json\/wp\/v2\/pages"}],"about":[{"href":"https:\/\/ticketsibiza.com\/it\/wp-json\/wp\/v2\/types\/page"}],"author":[{"embeddable":true,"href":"https:\/\/ticketsibiza.com\/it\/wp-json\/wp\/v2\/users\/1"}],"replies":[{"embeddable":true,"href":"https:\/\/ticketsibiza.com\/it\/wp-json\/wp\/v2\/comments?post=1008881"}],"version-history":[{"count":35,"href":"https:\/\/ticketsibiza.com\/it\/wp-json\/wp\/v2\/pages\/1008881\/revisions"}],"predecessor-version":[{"id":1060072,"href":"https:\/\/ticketsibiza.com\/it\/wp-json\/wp\/v2\/pages\/1008881\/revisions\/1060072"}],"wp:featuredmedia":[{"embeddable":true,"href":"https:\/\/ticketsibiza.com\/it\/wp-json\/wp\/v2\/media\/1008674"}],"wp:attachment":[{"href":"https:\/\/ticketsibiza.com\/it\/wp-json\/wp\/v2\/media?parent=1008881"}],"curies":[{"name":"wp","href":"https:\/\/api.w.org\/{rel}","templated":true}]}}