{"id":998565,"date":"2022-09-09T15:20:00","date_gmt":"2022-09-09T14:20:00","guid":{"rendered":"https:\/\/ticketsibiza.com\/dj\/"},"modified":"2026-02-03T15:53:30","modified_gmt":"2026-02-03T15:53:30","slug":"dj","status":"publish","type":"page","link":"https:\/\/ticketsibiza.com\/fr\/dj\/","title":{"rendered":"DJs d\u2019Ibiza"},"content":{"rendered":"<div class=\"wpb-content-wrapper\"><p>[vc_row row_height_percent=\u00a0\u00bb20&Prime; override_padding=\u00a0\u00bbyes\u00a0\u00bb h_padding=\u00a0\u00bb2&Prime; top_padding=\u00a0\u00bb2&Prime; bottom_padding=\u00a0\u00bb0&Prime; back_image=\u00a0\u00bb503862&Prime; overlay_color=\u00a0\u00bbcolor-jevc\u00a0\u00bb overlay_alpha=\u00a0\u00bb50&Prime; gutter_size=\u00a0\u00bb3&Prime; column_width_percent=\u00a0\u00bb100&Prime; shift_y=\u00a0\u00bb0&Prime; z_index=\u00a0\u00bb0&Prime; row_height_pixel=\u00a0\u00bb50&Prime; uncode_shortcode_id=\u00a0\u00bb186390&Prime; overlay_color_type=\u00a0\u00bbuncode-palette\u00a0\u00bb][vc_column column_width_percent=\u00a0\u00bb100&Prime; position_vertical=\u00a0\u00bbbottom\u00a0\u00bb gutter_size=\u00a0\u00bb3&Prime; overlay_alpha=\u00a0\u00bb50&Prime; shift_x=\u00a0\u00bb0&Prime; shift_y=\u00a0\u00bb0&Prime; shift_y_down=\u00a0\u00bb0&Prime; z_index=\u00a0\u00bb0&Prime; medium_width=\u00a0\u00bb0&Prime; mobile_width=\u00a0\u00bb0&Prime; width=\u00a0\u00bb1\/1&Prime; uncode_shortcode_id=\u00a0\u00bb106362&Prime;][vc_row_inner row_inner_height_percent=\u00a0\u00bb0&Prime; force_width_grid=\u00a0\u00bbyes\u00a0\u00bb overlay_alpha=\u00a0\u00bb50&Prime; gutter_size=\u00a0\u00bb1&Prime; shift_y=\u00a0\u00bb1&Prime; z_index=\u00a0\u00bb3&Prime; css=\u00a0\u00bb.vc_custom_1662562550222{margin-bottom: 0px !important;border-bottom-width: 0px !important;padding-top: 0px !important;padding-bottom: 0px !important;padding-left: 20px !important;}\u00a0\u00bb limit_content=\u00a0\u00bb\u00a0\u00bb uncode_shortcode_id=\u00a0\u00bb178188&Prime;][vc_column_inner column_width_percent=\u00a0\u00bb100&Prime; position_vertical=\u00a0\u00bbbottom\u00a0\u00bb gutter_size=\u00a0\u00bb0&Prime; overlay_alpha=\u00a0\u00bb50&Prime; shift_x=\u00a0\u00bb0&Prime; shift_y=\u00a0\u00bb0&Prime; shift_y_down=\u00a0\u00bb0&Prime; z_index=\u00a0\u00bb0&Prime; medium_width=\u00a0\u00bb0&Prime; mobile_width=\u00a0\u00bb0&Prime; width=\u00a0\u00bb1\/1&Prime; css=\u00a0\u00bb.vc_custom_1662731621940{padding-bottom: 0px !important;}\u00a0\u00bb uncode_shortcode_id=\u00a0\u00bb150843&Prime;][vc_custom_heading text_color=\u00a0\u00bbcolor-xsdn\u00a0\u00bb heading_semantic=\u00a0\u00bbh1&Prime; text_font=\u00a0\u00bbfont-762333&Prime; text_size=\u00a0\u00bbh1&Prime; sub_reduced=\u00a0\u00bbyes\u00a0\u00bb uncode_shortcode_id=\u00a0\u00bb194922&Prime; text_color_type=\u00a0\u00bbuncode-palette\u00a0\u00bb]DJs d\u2019Ibiza[\/vc_custom_heading][vc_column_text text_lead=\u00a0\u00bbyes\u00a0\u00bb text_color=\u00a0\u00bbcolor-xsdn\u00a0\u00bb uncode_shortcode_id=\u00a0\u00bb876725&Prime; text_color_type=\u00a0\u00bbuncode-palette\u00a0\u00bb]Trouve les DJs les plus populaires \u00e0 Ibiza 2026[\/vc_column_text][\/vc_column_inner][\/vc_row_inner][\/vc_column][\/vc_row][vc_row row_height_percent=\u00a0\u00bb0&Prime; overlay_alpha=\u00a0\u00bb50&Prime; gutter_size=\u00a0\u00bb3&Prime; column_width_percent=\u00a0\u00bb100&Prime; shift_y=\u00a0\u00bb0&Prime; z_index=\u00a0\u00bb0&Prime; css=\u00a0\u00bb.vc_custom_1551018712642{margin-top: 0px !important;margin-bottom: 0px !important;}\u00a0\u00bb][vc_column column_width_percent=\u00a0\u00bb100&Prime; gutter_size=\u00a0\u00bb2&Prime; overlay_alpha=\u00a0\u00bb50&Prime; shift_x=\u00a0\u00bb0&Prime; shift_y=\u00a0\u00bb0&Prime; shift_y_down=\u00a0\u00bb0&Prime; z_index=\u00a0\u00bb0&Prime; medium_width=\u00a0\u00bb0&Prime; mobile_width=\u00a0\u00bb0&Prime; width=\u00a0\u00bb3\/4&Prime; uncode_shortcode_id=\u00a0\u00bb425110&Prime; el_class=\u00a0\u00bbmv-content\u00a0\u00bb][vc_column_text uncode_shortcode_id=\u00a0\u00bb263932&Prime;]<span class=\"dropped\">C<\/span>haque saison, des centaines des <strong>meilleurs DJs<\/strong> du monde descendent \u00e0 Ibiza pour jouer dans ses c\u00e9l\u00e8bres bo\u00eetes de nuit.<\/p>\n<p>Qu\u2019il s\u2019agisse de techno, de house, de trance ou de hip-hop, il y en a pour <strong>tous les go\u00fbts musicaux<\/strong> \u00e0 Ibiza. Bien que beaucoup fassent le p\u00e8lerinage chaque saison uniquement pour les clubs ou les soir\u00e9es, tu fais peut-\u00eatre partie de ceux qui ont une liste de DJs \u00e0 voir absolument en club.<\/p>\n<p>Alors&#8230; si tu cherches les dates de ton DJ pr\u00e9f\u00e9r\u00e9 \u00e0 Ibiza cet \u00e9t\u00e9, tu es au bon endroit. Nous avons class\u00e9 les DJs selon le <strong>nombre de soir\u00e9es<\/strong> o\u00f9 ils se produisent sur l\u2019\u00eele pour 2026. Tu peux aussi <strong>rechercher<\/strong> directement ton DJ pr\u00e9f\u00e9r\u00e9 ci-dessous.<\/p>\n<p>Il ne nous reste plus qu\u2019une question&#8230; quels DJs vas-<strong>tu<\/strong> \u00e9couter pendant ton s\u00e9jour \u00e0 Ibiza ? \ud83d\udd7a<\/p>\n<p style=\"text-align: center;\">\ud83d\udc49 <span style=\"color: #e7168b;\"><a style=\"color: #e7168b;\" href=\"https:\/\/ibiza.app.link\/DJs\" target=\"_blank\" rel=\"noopener\">T\u00e9l\u00e9charge notre application gratuite du Calendrier des Soir\u00e9es d\u2019Ibiza<\/a> <\/span>\ud83d\udc48<\/p>\n<p>[\/vc_column_text][vc_separator sep_color=\u00a0\u00bb\u00a0\u00bb uncode_shortcode_id=\u00a0\u00bb777362&Prime;]\t\t<div class=\"wcs-timetable__wrapper\">\n\t\t\t<div class=\"wcs-vue\" id=\"wcs-app-161\"><\/div>\n\t\t<\/div>\n\t\t[\/vc_column][vc_column column_width_percent=\u00a0\u00bb100&Prime; align_horizontal=\u00a0\u00bbalign_center\u00a0\u00bb gutter_size=\u00a0\u00bb2&Prime; overlay_alpha=\u00a0\u00bb50&Prime; shift_x=\u00a0\u00bb0&Prime; shift_y=\u00a0\u00bb0&Prime; shift_y_down=\u00a0\u00bb0&Prime; z_index=\u00a0\u00bb0&Prime; medium_width=\u00a0\u00bb0&Prime; mobile_visibility=\u00a0\u00bbyes\u00a0\u00bb mobile_width=\u00a0\u00bb0&Prime; width=\u00a0\u00bb1\/4&Prime; uncode_shortcode_id=\u00a0\u00bb661467&Prime; el_class=\u00a0\u00bbmv-sidebar\u00a0\u00bb][uncode_block id=\u00a0\u00bb142897&Prime; inside_column=\u00a0\u00bbyes\u00a0\u00bb][\/vc_column][\/vc_row]<\/p>\n<\/div>","protected":false},"excerpt":{"rendered":"<p>[vc_row row_height_percent=\u00a0\u00bb20&Prime; override_padding=\u00a0\u00bbyes\u00a0\u00bb h_padding=\u00a0\u00bb2&Prime; top_padding=\u00a0\u00bb2&Prime; bottom_padding=\u00a0\u00bb0&Prime; back_image=\u00a0\u00bb503862&Prime; overlay_color=\u00a0\u00bbcolor-jevc\u00a0\u00bb overlay_alpha=\u00a0\u00bb50&Prime; gutter_size=\u00a0\u00bb3&Prime; column_width_percent=\u00a0\u00bb100&Prime; shift_y=\u00a0\u00bb0&Prime; z_index=\u00a0\u00bb0&Prime; row_height_pixel=\u00a0\u00bb50&Prime; uncode_shortcode_id=\u00a0\u00bb186390&Prime; overlay_color_type=\u00a0\u00bbuncode-palette\u00a0\u00bb][vc_column column_width_percent=\u00a0\u00bb100&Prime; position_vertical=\u00a0\u00bbbottom\u00a0\u00bb gutter_size=\u00a0\u00bb3&Prime; overlay_alpha=\u00a0\u00bb50&Prime; [&hellip;]<\/p>\n","protected":false},"author":7,"featured_media":998610,"parent":0,"menu_order":0,"comment_status":"closed","ping_status":"closed","template":"","meta":{"_acf_changed":false,"footnotes":""},"class_list":["post-998565","page","type-page","status-publish","has-post-thumbnail","hentry"],"acf":[],"_links":{"self":[{"href":"https:\/\/ticketsibiza.com\/fr\/wp-json\/wp\/v2\/pages\/998565","targetHints":{"allow":["GET"]}}],"collection":[{"href":"https:\/\/ticketsibiza.com\/fr\/wp-json\/wp\/v2\/pages"}],"about":[{"href":"https:\/\/ticketsibiza.com\/fr\/wp-json\/wp\/v2\/types\/page"}],"author":[{"embeddable":true,"href":"https:\/\/ticketsibiza.com\/fr\/wp-json\/wp\/v2\/users\/7"}],"replies":[{"embeddable":true,"href":"https:\/\/ticketsibiza.com\/fr\/wp-json\/wp\/v2\/comments?post=998565"}],"version-history":[{"count":22,"href":"https:\/\/ticketsibiza.com\/fr\/wp-json\/wp\/v2\/pages\/998565\/revisions"}],"predecessor-version":[{"id":1104838,"href":"https:\/\/ticketsibiza.com\/fr\/wp-json\/wp\/v2\/pages\/998565\/revisions\/1104838"}],"wp:featuredmedia":[{"embeddable":true,"href":"https:\/\/ticketsibiza.com\/fr\/wp-json\/wp\/v2\/media\/998610"}],"wp:attachment":[{"href":"https:\/\/ticketsibiza.com\/fr\/wp-json\/wp\/v2\/media?parent=998565"}],"curies":[{"name":"wp","href":"https:\/\/api.w.org\/{rel}","templated":true}]}}