{"id":997959,"date":"2024-03-11T20:50:51","date_gmt":"2024-03-11T20:50:51","guid":{"rendered":"https:\/\/ticketsibiza.com\/clubs\/cova-santa\/"},"modified":"2025-11-11T17:10:30","modified_gmt":"2025-11-11T17:10:30","slug":"cova-santa","status":"publish","type":"page","link":"https:\/\/ticketsibiza.com\/fr\/clubs\/cova-santa\/","title":{"rendered":"Cova Santa Ibiza 2026 &#8211; billets, \u00e9v\u00e9nements et programmation"},"content":{"rendered":"<div class=\"wpb-content-wrapper\"><p>[vc_row row_height_percent=\u00a0\u00bb0&Prime; override_padding=\u00a0\u00bbyes\u00a0\u00bb h_padding=\u00a0\u00bb2&Prime; top_padding=\u00a0\u00bb2&Prime; bottom_padding=\u00a0\u00bb0&Prime; back_image=\u00a0\u00bb127426&Prime; back_attachment=\u00a0\u00bbscroll\u00a0\u00bb parallax=\u00a0\u00bbyes\u00a0\u00bb overlay_alpha=\u00a0\u00bb50&Prime; gutter_size=\u00a0\u00bb3&Prime; column_width_percent=\u00a0\u00bb100&Prime; shift_y=\u00a0\u00bb0&Prime; z_index=\u00a0\u00bb0&Prime; row_height_pixel=\u00a0\u00bb50&Prime;][vc_column width=\u00a0\u00bb1\/1&Prime;][vc_empty_space empty_h=\u00a0\u00bb5&Prime;][vc_row_inner row_inner_height_percent=\u00a0\u00bb0&Prime; force_width_grid=\u00a0\u00bbyes\u00a0\u00bb overlay_color=\u00a0\u00bbcolor-149363&Prime; overlay_alpha=\u00a0\u00bb70&Prime; gutter_size=\u00a0\u00bb1&Prime; shift_y=\u00a0\u00bb1&Prime; z_index=\u00a0\u00bb3&Prime; css=\u00a0\u00bb.vc_custom_1555872297672{margin-bottom: 0px !important;border-bottom-width: 0px !important;padding-top: 0px !important;padding-bottom: 0px !important;padding-left: 20px !important;}\u00a0\u00bb][vc_column_inner column_width_percent=\u00a0\u00bb100&Prime; gutter_size=\u00a0\u00bb0&Prime; overlay_alpha=\u00a0\u00bb50&Prime; shift_x=\u00a0\u00bb0&Prime; shift_y=\u00a0\u00bb0&Prime; shift_y_down=\u00a0\u00bb0&Prime; z_index=\u00a0\u00bb0&Prime; medium_width=\u00a0\u00bb0&Prime; mobile_width=\u00a0\u00bb0&Prime; width=\u00a0\u00bb1\/1&Prime; css=\u00a0\u00bb.vc_custom_1551002411961{padding-bottom: 0px !important;}\u00a0\u00bb][vc_custom_heading text_color=\u00a0\u00bbcolor-xsdn\u00a0\u00bb heading_semantic=\u00a0\u00bbh1&Prime; text_size=\u00a0\u00bbh1&Prime; sub_reduced=\u00a0\u00bbyes\u00a0\u00bb]<\/p>\n<h1 style=\"text-align: left;\"><span style=\"color: #ffffff;\">Cova Santa<\/span><\/h1>\n<p>[\/vc_custom_heading][vc_column_text text_lead=\u00a0\u00bbyes\u00a0\u00bb uncode_shortcode_id=\u00a0\u00bb197918&Prime;]<span style=\"font-weight: 400; color: #ffffff;\">D\u00eener et danser dans un joyau cach\u00e9 d\u2019Ibiza<\/span>[\/vc_column_text][\/vc_column_inner][\/vc_row_inner][\/vc_column][\/vc_row][vc_row row_height_percent=\u00a0\u00bb0&Prime; overlay_alpha=\u00a0\u00bb50&Prime; gutter_size=\u00a0\u00bb3&Prime; column_width_percent=\u00a0\u00bb100&Prime; shift_y=\u00a0\u00bb0&Prime; z_index=\u00a0\u00bb0&Prime; css=\u00a0\u00bb.vc_custom_1551018712642{margin-top: 0px !important;margin-bottom: 0px !important;}\u00a0\u00bb][vc_column column_width_percent=\u00a0\u00bb100&Prime; gutter_size=\u00a0\u00bb3&Prime; overlay_alpha=\u00a0\u00bb50&Prime; shift_x=\u00a0\u00bb0&Prime; shift_y=\u00a0\u00bb0&Prime; shift_y_down=\u00a0\u00bb0&Prime; z_index=\u00a0\u00bb0&Prime; medium_width=\u00a0\u00bb0&Prime; mobile_width=\u00a0\u00bb0&Prime; width=\u00a0\u00bb3\/4&Prime;][vc_column_text uncode_shortcode_id=\u00a0\u00bb175393&Prime;]<span style=\"font-weight: 400;\">Situ\u00e9 dans les terres vers le sud d\u2019Ibiza, <strong>Cova Santa<\/strong> est un <strong>restaurant<\/strong>, <strong>bar<\/strong> et <strong>club<\/strong>. C\u2019est un lieu magnifique. Appartenant au groupe <strong>Amnesia<\/strong>, attends-toi \u00e0 un <strong>lieu de clubbing beaucoup plus intime<\/strong>, avec une ambiance d\u00e9tendue qui attire tout de m\u00eame de gros noms tout au long de la saison.  <\/span><\/p>\n<p><span style=\"font-weight: 400;\">Si tu choisis de d\u00eener avant de danser, tu auras acc\u00e8s au club inclus.<\/span><\/p>\n<p><span style=\"font-weight: 400;\">Ces derni\u00e8res ann\u00e9es, les soir\u00e9es dans la partie club de Cova Santa ont augment\u00e9 en nombre. Autrefois lieu d\u2019occasionnels after parties de <strong>Marco Carola<\/strong>, tu peux maintenant voir des incontournables d\u2019Ibiza comme <strong>woomoon<\/strong> et <strong>PIV<\/strong> fr\u00e9quenter le lieu tout l\u2019\u00e9t\u00e9. <\/span><\/p>\n<p><span style=\"font-weight: 400;\">Lors des saisons \u00ab normales \u00bb, certaines soir\u00e9es sont m\u00eame gratuites ! Le seul inconv\u00e9nient \u00e9tant que le lieu est d\u00e9finitivement un endroit o\u00f9 tu devras prendre un taxi. Quoi qu\u2019il en soit, Cova Santa gagne en popularit\u00e9 et offre une exp\u00e9rience diff\u00e9rente de ta sortie clubbing typique \u00e0 Ibiza.  <\/span>[\/vc_column_text][vc_tabs][vc_tab title=\u00a0\u00bb\u00c0 quoi s&apos;attendre\u00a0\u00bb tab_id=\u00a0\u00bb1560767237-1-91fffd-f682b1c6-9995&Prime;][vc_column_text]<\/p>\n<blockquote>\n<h3><span style=\"font-weight: 400;\">\u00ab<\/span><span style=\"font-weight: 400;\"> Une atmosph\u00e8re rafra\u00eechissante et d\u00e9tendue, des DJs de premier plan, et une sc\u00e8ne de jardin unique<\/span><span style=\"font-weight: 400;\"> \u00bb<\/span><\/h3>\n<\/blockquote>\n<p>[\/vc_column_text][\/vc_tab][vc_tab title=\u00a0\u00bbNos conseils\u00a0\u00bb tab_id=\u00a0\u00bb1560767237-2-0fffd-f682b1c6-9995&Prime;][vc_column_text]<\/p>\n<ul>\n<li style=\"font-weight: 400;\"><span style=\"font-weight: 400;\">Tu pourrais profiter d\u2019une entr\u00e9e gratuite \u00e0 Cova Santa si tu arrives t\u00f4t au lieu&#8230; Alors garde l\u2019\u0153il ouvert pour les annonces directement du lieu. <\/span><\/li>\n<\/ul>\n<p>[\/vc_column_text][\/vc_tab][\/vc_tabs][vc_accordion title=\u00a0\u00bbFAQ\u00a0\u00bb][vc_accordion_tab title=\u00a0\u00bbComment aller \u00e0 Cova Santa ?\u00a0\u00bb tab_id=\u00a0\u00bb1560767237-1-24fffd-f682b1c6-9995&Prime;][vc_column_text]<span style=\"font-weight: 400;\">Cova Santa est situ\u00e9 vers le sud de l\u2019\u00eele, \u00e0 quelques kilom\u00e8tres de San Josep. C\u2019est 15 minutes de taxi depuis Ibiza Town et 20 minutes depuis San Antonio. Un taxi depuis Ibiza town te co\u00fbtera environ 20 \u20ac, ou 30 \u20ac depuis San Antonio.  <\/span>[\/vc_column_text][\/vc_accordion_tab][vc_accordion_tab title=\u00a0\u00bbQuels sont les horaires d&apos;ouverture de Cova Santa ?\u00a0\u00bb tab_id=\u00a0\u00bb1560767237-2-71fffd-f682b1c6-9995&Prime;][vc_column_text uncode_shortcode_id=\u00a0\u00bb370956&Prime;]<span style=\"font-weight: 400;\">Le restaurant de Cova Santa ouvre \u00e0 20h30. Le club ouvre \u00e0 17h la plupart des soirs et ferme g\u00e9n\u00e9ralement \u00e0 6h. <\/span>[\/vc_column_text][\/vc_accordion_tab][vc_accordion_tab title=\u00a0\u00bbCombien co\u00fbte l&apos;entr\u00e9e \u00e0 Cova Santa ?\u00a0\u00bb tab_id=\u00a0\u00bb1560768560770-2-3fffd-f682b1c6-9995&Prime;][vc_column_text]<span style=\"font-weight: 400;\">Les billets pour Cova Santa varient entre 25 et 35 \u20ac, selon le promoteur de la soir\u00e9e. <\/span>[\/vc_column_text][\/vc_accordion_tab][vc_accordion_tab title=\u00a0\u00bbQuels sont les prix des boissons \u00e0 Cova Santa ?\u00a0\u00bb tab_id=\u00a0\u00bb1560768568468-3-4fffd-f682b1c6-9995&Prime;][vc_column_text uncode_shortcode_id=\u00a0\u00bb257815&Prime;]<span style=\"font-weight: 400;\">\u00c0 Cova Santa, une bi\u00e8re co\u00fbte 12 \u20ac, l\u2019eau 10 \u20ac et un spiritueux + mixer 20 \u20ac.<\/span>[\/vc_column_text][\/vc_accordion_tab][vc_accordion_tab title=\u00a0\u00bbQuelle est la capacit\u00e9 de Cova Santa ?\u00a0\u00bb tab_id=\u00a0\u00bb1560768585183-4-8fffd-f682b1c6-9995&Prime;][vc_column_text]<span style=\"font-weight: 400;\">Cova Santa peut accueillir jusqu\u2019\u00e0 2 000 personnes.<\/span>[\/vc_column_text][\/vc_accordion_tab][vc_accordion_tab title=\u00a0\u00bbQuel est le dress code \u00e0 Cova Santa ?\u00a0\u00bb tab_id=\u00a0\u00bb1560768597322-5-10fffd-f682b1c6-9995&Prime;][vc_column_text]<span style=\"font-weight: 400;\">Bien que tu puisses vouloir t\u2019habiller chic pour le restaurant, si tu vas juste faire la f\u00eate, il n\u2019y a pas de dress code. Porte ce dans quoi tu es \u00e0 l\u2019aise pour danser ! <\/span>[\/vc_column_text][\/vc_accordion_tab][vc_accordion_tab gutter_size=\u00a0\u00bb2&Prime; column_padding=\u00a0\u00bb2&Prime; title=\u00a0\u00bbQuelle est la programmation de Cova Santa Ibiza ?\u00a0\u00bb tab_id=\u00a0\u00bb1560768604185-6-7fffd-f682b1c6-9995&Prime;][vc_column_text]<span style=\"font-weight: 400;\">Tu peux voir la programmation compl\u00e8te de Cova Santa dans le calendrier ci-dessous.<\/span>[\/vc_column_text][\/vc_accordion_tab][\/vc_accordion][\/vc_column][vc_column column_width_percent=\u00a0\u00bb100&Prime; align_horizontal=\u00a0\u00bbalign_center\u00a0\u00bb gutter_size=\u00a0\u00bb2&Prime; overlay_alpha=\u00a0\u00bb50&Prime; shift_x=\u00a0\u00bb0&Prime; shift_y=\u00a0\u00bb0&Prime; shift_y_down=\u00a0\u00bb0&Prime; z_index=\u00a0\u00bb0&Prime; medium_visibility=\u00a0\u00bbyes\u00a0\u00bb medium_width=\u00a0\u00bb0&Prime; mobile_visibility=\u00a0\u00bbyes\u00a0\u00bb mobile_width=\u00a0\u00bb0&Prime; sticky=\u00a0\u00bbyes\u00a0\u00bb width=\u00a0\u00bb1\/4&Prime;][vc_button button_color=\u00a0\u00bbcolor-jevc\u00a0\u00bb size=\u00a0\u00bbbtn-lg\u00a0\u00bb border_animation=\u00a0\u00bbbtn-ripple-out\u00a0\u00bb wide=\u00a0\u00bbyes\u00a0\u00bb border_width=\u00a0\u00bb0&Prime; link=\u00a0\u00bburl:%23listings|\u00a0\u00bb button_color_type=\u00a0\u00bbuncode-palette\u00a0\u00bb uncode_shortcode_id=\u00a0\u00bb121652&Prime;]Acheter des billets[\/vc_button][vc_separator sep_color=\u00a0\u00bbaccent\u00a0\u00bb][vc_single_image media=\u00a0\u00bb997988&Prime; media_width_percent=\u00a0\u00bb75&Prime; alignment=\u00a0\u00bbcenter\u00a0\u00bb shape=\u00a0\u00bbimg-circle\u00a0\u00bb border=\u00a0\u00bbyes\u00a0\u00bb shadow=\u00a0\u00bbyes\u00a0\u00bb shadow_weight=\u00a0\u00bbsm\u00a0\u00bb shadow_darker=\u00a0\u00bbyes\u00a0\u00bb uncode_shortcode_id=\u00a0\u00bb638164&Prime;][vc_separator sep_color=\u00a0\u00bbaccent\u00a0\u00bb][vc_gmaps latlon=\u00a0\u00bb38.8943763,1.3314998&Prime; size=\u00a0\u00bb280&Prime; map_color=\u00a0\u00bbcolor-wvjs\u00a0\u00bb ui_color=\u00a0\u00bbaccent\u00a0\u00bb zoom=\u00a0\u00bb10&Prime; map_saturation=\u00a0\u00bb-100&Prime; map_brightness=\u00a0\u00bb5&Prime; address=\u00a0\u00bbPM-803, km 7, 07817 Ibiza, Islas Baleares, Spain\u00a0\u00bb][vc_separator sep_color=\u00a0\u00bbaccent\u00a0\u00bb][uncode_block id=\u00a0\u00bb146863&Prime; inside_column=\u00a0\u00bbyes\u00a0\u00bb][\/vc_column][\/vc_row][vc_section back_color=\u00a0\u00bbcolor-lxmt\u00a0\u00bb overlay_alpha=\u00a0\u00bb50&Prime;][vc_row][vc_column width=\u00a0\u00bb3\/4&Prime;][vc_gallery el_id=\u00a0\u00bbgallery-160005&Prime; type=\u00a0\u00bbjustified\u00a0\u00bb random=\u00a0\u00bbyes\u00a0\u00bb medias=\u00a0\u00bb997970,997973,997975,997977,991160,997982&Prime; justify_row_height=\u00a0\u00bb150&Prime; gutter_size=\u00a0\u00bb0&Prime; single_overlay_opacity=\u00a0\u00bb50&Prime; single_padding=\u00a0\u00bb2&Prime; title=\u00a0\u00bbGalerie photo\u00a0\u00bb][\/vc_column][vc_column width=\u00a0\u00bb1\/4&Prime;][vc_raw_html]PGlmcmFtZSBzdHlsZT0iYm9yZGVyLXJhZGl1czoxMnB4IiBzcmM9Imh0dHBzOi8vb3Blbi5zcG90aWZ5LmNvbS9lbWJlZC9wbGF5bGlzdC8wVUtraURlbTQyWmwwaTU2ZW1JV3JPP3V0bV9zb3VyY2U9Z2VuZXJhdG9yIiB3aWR0aD0iMTAwJSIgaGVpZ2h0PSIzNTIiIGZyYW1lYm9yZGVyPSIwIiBhbGxvd2Z1bGxzY3JlZW49IiIgYWxsb3c9ImF1dG9wbGF5OyBjbGlwYm9hcmQtd3JpdGU7IGVuY3J5cHRlZC1tZWRpYTsgZnVsbHNjcmVlbjsgcGljdHVyZS1pbi1waWN0dXJlIiBsb2FkaW5nPSJsYXp5Ij48L2lmcmFtZT4=[\/vc_raw_html][\/vc_column][\/vc_row][\/vc_section][vc_section back_color=\u00a0\u00bbcolor-prif\u00a0\u00bb overlay_alpha=\u00a0\u00bb50&Prime;][vc_row row_height_percent=\u00a0\u00bb0&Prime; overlay_alpha=\u00a0\u00bb50&Prime; gutter_size=\u00a0\u00bb3&Prime; column_width_percent=\u00a0\u00bb100&Prime; shift_y=\u00a0\u00bb0&Prime; z_index=\u00a0\u00bb0&Prime; row_name=\u00a0\u00bblistings\u00a0\u00bb][vc_column column_width_percent=\u00a0\u00bb100&Prime; position_vertical=\u00a0\u00bbmiddle\u00a0\u00bb align_horizontal=\u00a0\u00bbalign_center\u00a0\u00bb gutter_size=\u00a0\u00bb2&Prime; overlay_alpha=\u00a0\u00bb50&Prime; shift_x=\u00a0\u00bb0&Prime; shift_y=\u00a0\u00bb0&Prime; shift_y_down=\u00a0\u00bb0&Prime; z_index=\u00a0\u00bb0&Prime; medium_width=\u00a0\u00bb0&Prime; mobile_width=\u00a0\u00bb0&Prime; width=\u00a0\u00bb1\/1&Prime;][vc_custom_heading text_color=\u00a0\u00bbcolor-xsdn\u00a0\u00bb sub_lead=\u00a0\u00bbyes\u00a0\u00bb uncode_shortcode_id=\u00a0\u00bb735539&Prime; text_color_type=\u00a0\u00bbuncode-palette\u00a0\u00bb]<\/p>\n<h2 style=\"text-align: center;\"><span style=\"color: #ffffff;\">Liste des soir\u00e9es<\/span><\/h2>\n<p>[\/vc_custom_heading]\t\t<div class=\"wcs-timetable__wrapper\">\n\t\t\t<div class=\"wcs-vue\" id=\"wcs-app-94\"><\/div>\n\t\t<\/div>\n\t\t[\/vc_column][\/vc_row][\/vc_section]<\/p>\n<\/div>","protected":false},"excerpt":{"rendered":"<p>[vc_row row_height_percent=\u00a0\u00bb0&Prime; override_padding=\u00a0\u00bbyes\u00a0\u00bb h_padding=\u00a0\u00bb2&Prime; top_padding=\u00a0\u00bb2&Prime; bottom_padding=\u00a0\u00bb0&Prime; back_image=\u00a0\u00bb127426&Prime; back_attachment=\u00a0\u00bbscroll\u00a0\u00bb parallax=\u00a0\u00bbyes\u00a0\u00bb overlay_alpha=\u00a0\u00bb50&Prime; gutter_size=\u00a0\u00bb3&Prime; column_width_percent=\u00a0\u00bb100&Prime; shift_y=\u00a0\u00bb0&Prime; z_index=\u00a0\u00bb0&Prime; row_height_pixel=\u00a0\u00bb50&Prime;][vc_column width=\u00a0\u00bb1\/1&Prime;][vc_empty_space empty_h=\u00a0\u00bb5&Prime;][vc_row_inner row_inner_height_percent=\u00a0\u00bb0&Prime; force_width_grid=\u00a0\u00bbyes\u00a0\u00bb overlay_color=\u00a0\u00bbcolor-149363&Prime; [&hellip;]<\/p>\n","protected":false},"author":1,"featured_media":997988,"parent":989781,"menu_order":0,"comment_status":"closed","ping_status":"closed","template":"","meta":{"_acf_changed":false,"footnotes":""},"class_list":["post-997959","page","type-page","status-publish","has-post-thumbnail","hentry","page_category-clubs"],"acf":[],"_links":{"self":[{"href":"https:\/\/ticketsibiza.com\/fr\/wp-json\/wp\/v2\/pages\/997959","targetHints":{"allow":["GET"]}}],"collection":[{"href":"https:\/\/ticketsibiza.com\/fr\/wp-json\/wp\/v2\/pages"}],"about":[{"href":"https:\/\/ticketsibiza.com\/fr\/wp-json\/wp\/v2\/types\/page"}],"author":[{"embeddable":true,"href":"https:\/\/ticketsibiza.com\/fr\/wp-json\/wp\/v2\/users\/1"}],"replies":[{"embeddable":true,"href":"https:\/\/ticketsibiza.com\/fr\/wp-json\/wp\/v2\/comments?post=997959"}],"version-history":[{"count":14,"href":"https:\/\/ticketsibiza.com\/fr\/wp-json\/wp\/v2\/pages\/997959\/revisions"}],"predecessor-version":[{"id":1002474,"href":"https:\/\/ticketsibiza.com\/fr\/wp-json\/wp\/v2\/pages\/997959\/revisions\/1002474"}],"up":[{"embeddable":true,"href":"https:\/\/ticketsibiza.com\/fr\/wp-json\/wp\/v2\/pages\/989781"}],"wp:featuredmedia":[{"embeddable":true,"href":"https:\/\/ticketsibiza.com\/fr\/wp-json\/wp\/v2\/media\/997988"}],"wp:attachment":[{"href":"https:\/\/ticketsibiza.com\/fr\/wp-json\/wp\/v2\/media?parent=997959"}],"curies":[{"name":"wp","href":"https:\/\/api.w.org\/{rel}","templated":true}]}}