{"id":996765,"date":"2022-07-29T13:44:24","date_gmt":"2022-07-29T12:44:24","guid":{"rendered":"https:\/\/ticketsibiza.com\/calendrier-ibiza\/august\/week-2\/"},"modified":"2025-11-27T14:11:03","modified_gmt":"2025-11-27T14:11:03","slug":"week-2","status":"publish","type":"page","link":"https:\/\/ticketsibiza.com\/fr\/calendrier-ibiza\/aout\/week-2\/","title":{"rendered":"Calendrier des soir\u00e9es \u00e0 Ibiza ao\u00fbt 2026 &#8211; semaine 2"},"content":{"rendered":"<div class=\"wpb-content-wrapper\"><p>[vc_row unlock_row_content=\u00a0\u00bbyes\u00a0\u00bb row_height_percent=\u00a0\u00bb0&Prime; override_padding=\u00a0\u00bbyes\u00a0\u00bb h_padding=\u00a0\u00bb0&Prime; top_padding=\u00a0\u00bb1&Prime; bottom_padding=\u00a0\u00bb2&Prime; overlay_alpha=\u00a0\u00bb50&Prime; gutter_size=\u00a0\u00bb3&Prime; column_width_percent=\u00a0\u00bb100&Prime; shift_y=\u00a0\u00bb0&Prime; z_index=\u00a0\u00bb0&Prime; row_name=\u00a0\u00bbtop\u00a0\u00bb css=\u00a0\u00bb.vc_custom_1582488189475{padding-right: 18px !important;padding-left: 18px !important;}\u00a0\u00bb][vc_column column_width_percent=\u00a0\u00bb100&Prime; gutter_size=\u00a0\u00bb3&Prime; overlay_alpha=\u00a0\u00bb50&Prime; shift_x=\u00a0\u00bb0&Prime; shift_y=\u00a0\u00bb0&Prime; shift_y_down=\u00a0\u00bb0&Prime; z_index=\u00a0\u00bb0&Prime; medium_width=\u00a0\u00bb0&Prime; mobile_width=\u00a0\u00bb0&Prime; width=\u00a0\u00bb1\/1&Prime; uncode_shortcode_id=\u00a0\u00bb756480&Prime; el_class=\u00a0\u00bbmv-content\u00a0\u00bb][vc_row_inner][vc_column_inner column_width_percent=\u00a0\u00bb75&Prime; align_horizontal=\u00a0\u00bbalign_center\u00a0\u00bb gutter_size=\u00a0\u00bb3&Prime; overlay_alpha=\u00a0\u00bb50&Prime; shift_x=\u00a0\u00bb0&Prime; shift_y=\u00a0\u00bb0&Prime; shift_y_down=\u00a0\u00bb0&Prime; z_index=\u00a0\u00bb0&Prime; medium_width=\u00a0\u00bb0&Prime; mobile_width=\u00a0\u00bb0&Prime; width=\u00a0\u00bb1\/1&Prime;][vc_custom_heading heading_semantic=\u00a0\u00bbh1&Prime; text_size=\u00a0\u00bbh1&Prime; text_transform=\u00a0\u00bbuppercase\u00a0\u00bb separator_color=\u00a0\u00bbyes\u00a0\u00bb separator=\u00a0\u00bbyes\u00a0\u00bb uncode_shortcode_id=\u00a0\u00bb141460&Prime;]<\/p>\n<h2 style=\"text-align: center;\"><span class=\"font-762333\">Calendrier des soir\u00e9es d\u2019Ibiza en ao\u00fbt 2026<\/span><\/h2>\n<p>[\/vc_custom_heading][\/vc_column_inner][\/vc_row_inner][vc_row_inner row_inner_height_percent=\u00a0\u00bb0&Prime; overlay_alpha=\u00a0\u00bb50&Prime; gutter_size=\u00a0\u00bb3&Prime; shift_y=\u00a0\u00bb0&Prime; z_index=\u00a0\u00bb0&Prime; uncode_shortcode_id=\u00a0\u00bb160212&Prime; css=\u00a0\u00bb.vc_custom_1651774042955{margin-top: 24px !important;}\u00a0\u00bb el_class=\u00a0\u00bbti-tabs\u00a0\u00bb][vc_column_inner width=\u00a0\u00bb1\/1&Prime;][vc_raw_html]PGRpdiBjbGFzcz0idW5jb2RlLXRhYnMgd3BiX2NvbnRlbnRfZWxlbWVudCIgZGF0YS1pbnRlcnZhbD0iIj4gIDxkaXYgY2xhc3M9InVuY29kZS13cmFwcGVyIHRhYi1jb250YWluZXIiPiAgICA8ZGl2IGNsYXNzPSJ2Y190dGEtdGFicy1jb250YWluZXIiPjx1bCBjbGFzcz0idGktdGFiLW1lbnUgbmF2IG5hdi10YWJzIHdwYl90YWJzX25hdiB1aS10YWJzLW5hdiB2Y190dGEtdGFicy1saXN0IHRleHQtY2VudGVyIj48bGkgZGF0YS10YWItaWQ9Im1heSIgY2xhc3M9InZjX3R0YS10YWIiPjxhIGhyZWY9Imh0dHBzOi8vdGlja2V0c2liaXphLmNvbS9mci9jYWxlbmRyaWVyLWliaXphL21haS8iPjxzcGFuPk1haTwvc3Bhbj48L2E+PC9saT48bGkgZGF0YS10YWItaWQ9Imp1bmUiIGNsYXNzPSJ2Y190dGEtdGFiIj48YSBocmVmPSJodHRwczovL3RpY2tldHNpYml6YS5jb20vZnIvY2FsZW5kcmllci1pYml6YS9qdWluLyI+PHNwYW4+SnVpbjwvc3Bhbj48L2E+PC9saT48bGkgZGF0YS10YWItaWQ9Imp1bHkiIGNsYXNzPSJ2Y190dGEtdGFiIj48YSBocmVmPSJodHRwczovL3RpY2tldHNpYml6YS5jb20vZnIvY2FsZW5kcmllci1pYml6YS9qdWlsbGV0LyI+PHNwYW4+SnVpbC48L3NwYW4+PC9hPjwvbGk+PGxpIGRhdGEtdGFiLWlkPSJhdWd1c3QiIGNsYXNzPSJ2Y190dGEtdGFiIGFjdGl2ZSI+PGEgaHJlZj0iaHR0cHM6Ly90aWNrZXRzaWJpemEuY29tL2ZyL2NhbGVuZHJpZXItaWJpemEvYXVndXN0LyI+PHNwYW4+QW\/Du3Q8L3NwYW4+PC9hPjwvbGk+PGxpIGRhdGEtdGFiLWlkPSJzZXB0ZW1iZXIiIGNsYXNzPSJ2Y190dGEtdGFiIj48YSBocmVmPSJodHRwczovL3RpY2tldHNpYml6YS5jb20vZnIvY2FsZW5kcmllci1pYml6YS9zZXB0ZW1icmUvIj48c3Bhbj5TZXB0Ljwvc3Bhbj48L2E+PC9saT48bGkgZGF0YS10YWItaWQ9Im9jdG9iZXIiIGNsYXNzPSJ2Y190dGEtdGFiIj48YSBocmVmPSJodHRwczovL3RpY2tldHNpYml6YS5jb20vZnIvY2FsZW5kcmllci1pYml6YS9vY3RvYnJlLyI+PHNwYW4+T2N0Ljwvc3Bhbj48L2E+PC9saT48L3VsPjxociBjbGFzcz0iZnVsbC1ociBib3JkZXItY29sb3ItbHhtdC1jb2xvciBzZXBhcmF0b3Itbm8tcGFkZGluZyI+PC9kaXY+PC9kaXY+PC9kaXY+[\/vc_raw_html][\/vc_column_inner][\/vc_row_inner][vc_row_inner row_inner_height_percent=\u00a0\u00bb0&Prime; overlay_alpha=\u00a0\u00bb50&Prime; gutter_size=\u00a0\u00bb3&Prime; shift_y=\u00a0\u00bb0&Prime; z_index=\u00a0\u00bb0&Prime; uncode_shortcode_id=\u00a0\u00bb552672&Prime; css=\u00a0\u00bb.vc_custom_1659099096638{margin-top: 6px !important;}\u00a0\u00bb][vc_column_inner column_width_percent=\u00a0\u00bb100&Prime; gutter_size=\u00a0\u00bb3&Prime; override_padding=\u00a0\u00bbyes\u00a0\u00bb column_padding=\u00a0\u00bb2&Prime; overlay_alpha=\u00a0\u00bb50&Prime; shift_x=\u00a0\u00bb0&Prime; shift_y=\u00a0\u00bb0&Prime; shift_y_down=\u00a0\u00bb0&Prime; z_index=\u00a0\u00bb0&Prime; medium_width=\u00a0\u00bb0&Prime; mobile_width=\u00a0\u00bb0&Prime; width=\u00a0\u00bb1\/1&Prime; uncode_shortcode_id=\u00a0\u00bb115339&Prime; css=\u00a0\u00bb.vc_custom_1659096636113{border-top-width: 5px !important;border-bottom-width: 0px !important;padding-top: 9px !important;padding-right: 0px !important;padding-bottom: 0px !important;padding-left: 0px !important;}\u00a0\u00bb][vc_raw_html]PGRpdiBjbGFzcz0idW5jb2RlLXRhYnMgd3BiX2NvbnRlbnRfZWxlbWVudCIgZGF0YS1pbnRlcnZhbD0iIj4gIDxkaXYgY2xhc3M9InVuY29kZS13cmFwcGVyIHRhYi1jb250YWluZXIiPiAgICA8ZGl2IGNsYXNzPSJ2Y190dGEtdGFicy1jb250YWluZXIiPjx1bCBjbGFzcz0idGktdGFiLW1lbnUgbmF2IG5hdi10YWJzIHdwYl90YWJzX25hdiB1aS10YWJzLW5hdiB2Y190dGEtdGFicy1saXN0IHRleHQtY2VudGVyIiBzdHlsZT0iIj48bGkgc3R5bGU9IiIgZGF0YS10YWItaWQ9IjEiIGNsYXNzPSJ2Y190dGEtdGFiIj48YSBjbGFzcz0ibG93ZXItdGFiLW1lbnUiIGhyZWY9Imh0dHBzOi8vdGlja2V0c2liaXphLmNvbS9mci9jYWxlbmRyaWVyLWliaXphL2F1Z3VzdC8iPjxzcGFuPjFlci0zPC9zcGFuPjwvYT48L2xpPjxsaSBzdHlsZT0iIiBkYXRhLXRhYi1pZD0iMiIgY2xhc3M9InZjX3R0YS10YWIgYWN0aXZlIj48YSBjbGFzcz0ibG93ZXItdGFiLW1lbnUiIGhyZWY9Imh0dHBzOi8vdGlja2V0c2liaXphLmNvbS9mci9jYWxlbmRyaWVyLWliaXphL2F1Z3VzdC93ZWVrLTIvIj48c3Bhbj40LTEwPC9zcGFuPjwvYT48L2xpPjxsaSBzdHlsZT0iIiBkYXRhLXRhYi1pZD0iMyIgY2xhc3M9InZjX3R0YS10YWIiPjxhIGNsYXNzPSJsb3dlci10YWItbWVudSIgaHJlZj0iaHR0cHM6Ly90aWNrZXRzaWJpemEuY29tL2ZyL2NhbGVuZHJpZXItaWJpemEvYXVndXN0L3dlZWstMy8iPjxzcGFuPjExLTE3PC9zcGFuPjwvYT48L2xpPjxsaSBzdHlsZT0iIiBkYXRhLXRhYi1pZD0iNCIgY2xhc3M9InZjX3R0YS10YWIiPjxhIGNsYXNzPSJsb3dlci10YWItbWVudSIgaHJlZj0iaHR0cHM6Ly90aWNrZXRzaWJpemEuY29tL2ZyL2NhbGVuZHJpZXItaWJpemEvYXVndXN0L3dlZWstNC8iPjxzcGFuPjE4LTI0PC9zcGFuPjwvYT48L2xpPjxsaSBzdHlsZT0iIiBkYXRhLXRhYi1pZD0iNSIgY2xhc3M9InZjX3R0YS10YWIiPjxhIGNsYXNzPSJsb3dlci10YWItbWVudSIgaHJlZj0iaHR0cHM6Ly90aWNrZXRzaWJpemEuY29tL2ZyL2NhbGVuZHJpZXItaWJpemEvYXVndXN0L3dlZWstNS8iPjxzcGFuPjI1LTMxPC9zcGFuPjwvYT48L2xpPjwvdWw+PGhyIGNsYXNzPSJmdWxsLWhyIGJvcmRlci1jb2xvci1seG10LWNvbG9yIHNlcGFyYXRvci1uby1wYWRkaW5nIj48L2Rpdj48L2Rpdj48L2Rpdj4=[\/vc_raw_html][\/vc_column_inner][\/vc_row_inner]\t\t<div class=\"wcs-timetable__wrapper\">\n\t\t\t<div class=\"wcs-vue\" id=\"wcs-app-125\"><\/div>\n\t\t<\/div>\n\t\t[vc_row_inner][vc_column_inner column_width_percent=\u00a0\u00bb100&Prime; align_horizontal=\u00a0\u00bbalign_center\u00a0\u00bb gutter_size=\u00a0\u00bb3&Prime; overlay_alpha=\u00a0\u00bb50&Prime; shift_x=\u00a0\u00bb0&Prime; shift_y=\u00a0\u00bb0&Prime; shift_y_down=\u00a0\u00bb0&Prime; z_index=\u00a0\u00bb0&Prime; desktop_visibility=\u00a0\u00bbyes\u00a0\u00bb medium_width=\u00a0\u00bb0&Prime; mobile_width=\u00a0\u00bb0&Prime; width=\u00a0\u00bb1\/1&Prime;][vc_button button_color=\u00a0\u00bbaccent\u00a0\u00bb size=\u00a0\u00bbbtn-lg\u00a0\u00bb border_width=\u00a0\u00bb0&Prime; link=\u00a0\u00bburl:%23top|\u00a0\u00bb]RETOUR EN HAUT[\/vc_button][\/vc_column_inner][\/vc_row_inner][\/vc_column][\/vc_row]<\/p>\n<\/div>","protected":false},"excerpt":{"rendered":"<p>[vc_row unlock_row_content=\u00a0\u00bbyes\u00a0\u00bb row_height_percent=\u00a0\u00bb0&Prime; override_padding=\u00a0\u00bbyes\u00a0\u00bb h_padding=\u00a0\u00bb0&Prime; top_padding=\u00a0\u00bb1&Prime; bottom_padding=\u00a0\u00bb2&Prime; overlay_alpha=\u00a0\u00bb50&Prime; gutter_size=\u00a0\u00bb3&Prime; column_width_percent=\u00a0\u00bb100&Prime; shift_y=\u00a0\u00bb0&Prime; z_index=\u00a0\u00bb0&Prime; row_name=\u00a0\u00bbtop\u00a0\u00bb css=\u00a0\u00bb.vc_custom_1582488189475{padding-right: 18px !important;padding-left: 18px !important;}\u00a0\u00bb][vc_column column_width_percent=\u00a0\u00bb100&Prime; gutter_size=\u00a0\u00bb3&Prime; [&hellip;]<\/p>\n","protected":false},"author":1,"featured_media":989938,"parent":989930,"menu_order":0,"comment_status":"closed","ping_status":"closed","template":"","meta":{"_acf_changed":false,"footnotes":""},"class_list":["post-996765","page","type-page","status-publish","has-post-thumbnail","hentry","page_category-calendrier"],"acf":[],"_links":{"self":[{"href":"https:\/\/ticketsibiza.com\/fr\/wp-json\/wp\/v2\/pages\/996765","targetHints":{"allow":["GET"]}}],"collection":[{"href":"https:\/\/ticketsibiza.com\/fr\/wp-json\/wp\/v2\/pages"}],"about":[{"href":"https:\/\/ticketsibiza.com\/fr\/wp-json\/wp\/v2\/types\/page"}],"author":[{"embeddable":true,"href":"https:\/\/ticketsibiza.com\/fr\/wp-json\/wp\/v2\/users\/1"}],"replies":[{"embeddable":true,"href":"https:\/\/ticketsibiza.com\/fr\/wp-json\/wp\/v2\/comments?post=996765"}],"version-history":[{"count":14,"href":"https:\/\/ticketsibiza.com\/fr\/wp-json\/wp\/v2\/pages\/996765\/revisions"}],"predecessor-version":[{"id":1029781,"href":"https:\/\/ticketsibiza.com\/fr\/wp-json\/wp\/v2\/pages\/996765\/revisions\/1029781"}],"up":[{"embeddable":true,"href":"https:\/\/ticketsibiza.com\/fr\/wp-json\/wp\/v2\/pages\/989930"}],"wp:featuredmedia":[{"embeddable":true,"href":"https:\/\/ticketsibiza.com\/fr\/wp-json\/wp\/v2\/media\/989938"}],"wp:attachment":[{"href":"https:\/\/ticketsibiza.com\/fr\/wp-json\/wp\/v2\/media?parent=996765"}],"curies":[{"name":"wp","href":"https:\/\/api.w.org\/{rel}","templated":true}]}}