{"id":994250,"date":"2019-02-24T16:12:00","date_gmt":"2019-02-24T16:12:00","guid":{"rendered":"https:\/\/ticketsibiza.com\/parties\/elrow\/"},"modified":"2026-03-18T11:54:59","modified_gmt":"2026-03-18T11:54:59","slug":"elrow","status":"publish","type":"page","link":"https:\/\/ticketsibiza.com\/fr\/fetes\/elrow\/","title":{"rendered":"Elrow Ibiza 2026 &#8211; Billets, \u00c9v\u00e9nements et Programmation"},"content":{"rendered":"<div class=\"wpb-content-wrapper\"><p>[vc_row row_height_percent=\u00a0\u00bb0&Prime; override_padding=\u00a0\u00bbyes\u00a0\u00bb h_padding=\u00a0\u00bb2&Prime; top_padding=\u00a0\u00bb2&Prime; bottom_padding=\u00a0\u00bb0&Prime; back_image=\u00a0\u00bb60593&Prime; overlay_alpha=\u00a0\u00bb50&Prime; gutter_size=\u00a0\u00bb3&Prime; column_width_percent=\u00a0\u00bb100&Prime; shift_y=\u00a0\u00bb0&Prime; z_index=\u00a0\u00bb0&Prime; row_height_pixel=\u00a0\u00bb50&Prime;][vc_column width=\u00a0\u00bb1\/1&Prime;][vc_empty_space empty_h=\u00a0\u00bb5&Prime;][vc_row_inner row_inner_height_percent=\u00a0\u00bb0&Prime; force_width_grid=\u00a0\u00bbyes\u00a0\u00bb overlay_color=\u00a0\u00bbcolor-149363&Prime; overlay_alpha=\u00a0\u00bb70&Prime; gutter_size=\u00a0\u00bb1&Prime; shift_y=\u00a0\u00bb1&Prime; z_index=\u00a0\u00bb3&Prime; css=\u00a0\u00bb.vc_custom_1555709371599{margin-bottom: 0px !important;border-bottom-width: 0px !important;padding-top: 0px !important;padding-bottom: 0px !important;padding-left: 20px !important;}\u00a0\u00bb][vc_column_inner column_width_percent=\u00a0\u00bb100&Prime; gutter_size=\u00a0\u00bb0&Prime; overlay_alpha=\u00a0\u00bb50&Prime; shift_x=\u00a0\u00bb0&Prime; shift_y=\u00a0\u00bb0&Prime; shift_y_down=\u00a0\u00bb0&Prime; z_index=\u00a0\u00bb0&Prime; medium_width=\u00a0\u00bb0&Prime; mobile_width=\u00a0\u00bb0&Prime; width=\u00a0\u00bb1\/1&Prime; css=\u00a0\u00bb.vc_custom_1551002411961{padding-bottom: 0px !important;}\u00a0\u00bb][vc_custom_heading text_color=\u00a0\u00bbcolor-xsdn\u00a0\u00bb heading_semantic=\u00a0\u00bbh1&Prime; text_size=\u00a0\u00bbh1&Prime; sub_reduced=\u00a0\u00bbyes\u00a0\u00bb]elrow[\/vc_custom_heading][vc_column_text text_lead=\u00a0\u00bbyes\u00a0\u00bb uncode_shortcode_id=\u00a0\u00bb110498&Prime;]<strong><span style=\"color: white;\">UNVRS<\/span><\/strong>[\/vc_column_text][\/vc_column_inner][\/vc_row_inner][\/vc_column][\/vc_row][vc_row row_height_percent=\u00a0\u00bb0&Prime; override_padding=\u00a0\u00bbyes\u00a0\u00bb h_padding=\u00a0\u00bb2&Prime; top_padding=\u00a0\u00bb2&Prime; bottom_padding=\u00a0\u00bb0&Prime; overlay_alpha=\u00a0\u00bb50&Prime; gutter_size=\u00a0\u00bb3&Prime; column_width_percent=\u00a0\u00bb100&Prime; shift_y=\u00a0\u00bb0&Prime; z_index=\u00a0\u00bb0&Prime; css=\u00a0\u00bb.vc_custom_1551018966910{margin-bottom: 0px !important;padding-bottom: 0px !important;}\u00a0\u00bb][vc_column column_width_percent=\u00a0\u00bb100&Prime; gutter_size=\u00a0\u00bb0&Prime; overlay_alpha=\u00a0\u00bb50&Prime; shift_x=\u00a0\u00bb0&Prime; shift_y=\u00a0\u00bb0&Prime; shift_y_down=\u00a0\u00bb0&Prime; z_index=\u00a0\u00bb0&Prime; medium_width=\u00a0\u00bb0&Prime; mobile_width=\u00a0\u00bb0&Prime; width=\u00a0\u00bb3\/4&Prime;][vc_column_text]<\/p>\n<blockquote>\n<h3>\u00ab\u00a0La plus grande, la plus folle, la plus d\u00e9mesur\u00e9e des soir\u00e9es qu\u2019Ibiza ait \u00e0 offrir\u00a0\u00bb<\/h3>\n<\/blockquote>\n<p>[\/vc_column_text][\/vc_column][vc_column column_width_percent=\u00a0\u00bb100&Prime; align_horizontal=\u00a0\u00bbalign_center\u00a0\u00bb gutter_size=\u00a0\u00bb0&Prime; overlay_alpha=\u00a0\u00bb50&Prime; shift_x=\u00a0\u00bb0&Prime; shift_y=\u00a0\u00bb0&Prime; shift_y_down=\u00a0\u00bb0&Prime; z_index=\u00a0\u00bb0&Prime; medium_width=\u00a0\u00bb0&Prime; mobile_width=\u00a0\u00bb0&Prime; sticky=\u00a0\u00bbyes\u00a0\u00bb width=\u00a0\u00bb1\/4&Prime; link_to=\u00a0\u00bburl:%23listings|\u00a0\u00bb][vc_button button_color=\u00a0\u00bbcolor-jevc\u00a0\u00bb size=\u00a0\u00bbbtn-lg\u00a0\u00bb border_animation=\u00a0\u00bbbtn-ripple-out\u00a0\u00bb border_width=\u00a0\u00bb0&Prime; link=\u00a0\u00bburl:%23listings|\u00a0\u00bb button_color_type=\u00a0\u00bbuncode-palette\u00a0\u00bb uncode_shortcode_id=\u00a0\u00bb182239&Prime;]Acheter des billets[\/vc_button][\/vc_column][\/vc_row][vc_row row_height_percent=\u00a0\u00bb0&Prime; overlay_alpha=\u00a0\u00bb50&Prime; gutter_size=\u00a0\u00bb3&Prime; column_width_percent=\u00a0\u00bb100&Prime; shift_y=\u00a0\u00bb0&Prime; z_index=\u00a0\u00bb0&Prime; css=\u00a0\u00bb.vc_custom_1551018712642{margin-top: 0px !important;margin-bottom: 0px !important;}\u00a0\u00bb][vc_column column_width_percent=\u00a0\u00bb100&Prime; gutter_size=\u00a0\u00bb2&Prime; overlay_alpha=\u00a0\u00bb50&Prime; shift_x=\u00a0\u00bb0&Prime; shift_y=\u00a0\u00bb0&Prime; shift_y_down=\u00a0\u00bb0&Prime; z_index=\u00a0\u00bb0&Prime; medium_width=\u00a0\u00bb0&Prime; mobile_width=\u00a0\u00bb0&Prime; width=\u00a0\u00bb3\/4&Prime;][vc_column_text uncode_shortcode_id=\u00a0\u00bb586588&Prime;]<strong>elrow<\/strong>, c\u2019est tout simplement la soir\u00e9e la plus chaude d\u2019Ibiza, point final.<\/p>\n<p>Pr\u00e9pare-toi \u00e0 en prendre plein les sens avec un th\u00e8me diff\u00e9rent chaque samedi \u00e0 <strong>UNVRS<\/strong> : des danseurs suspendus au plafond, d\u2019\u00e9normes canons \u00e0 confettis qui explosent dans tous les sens, et une ambiance de carnaval devenue une v\u00e9ritable institution \u00e0 Ibiza, qui a aid\u00e9 la marque \u00e0 s\u2019imposer dans le monde entier ces derni\u00e8res ann\u00e9es.<\/p>\n<p>elrow a une histoire qui s\u2019\u00e9tend sur des d\u00e9cennies, mais c\u2019est vraiment \u00e0 Ibiza qu\u2019il a trouv\u00e9 sa place quand il s\u2019est install\u00e9 \u00e0 <strong>Space<\/strong> en 2015. \u00c0 mesure que ses soir\u00e9es gagnaient en popularit\u00e9, et quand Space a fini par fermer, la f\u00eate a d\u00e9m\u00e9nag\u00e9 \u00e0 <strong>Amnesia<\/strong>, o\u00f9 elle a fait un carton jusqu\u2019en 2024. En 2025, elrow est pass\u00e9 au niveau sup\u00e9rieur en s\u2019installant \u00e0 <strong>UNVRS<\/strong>, le tout nouveau lieu de l\u2019\u00eele, le plus high-tech.  <\/p>\n<p>Pour 2026, elrow revient \u00e0 UNVRS du <strong>6 juin<\/strong> au <strong>3 octobre<\/strong>, en plongeant t\u00eate la premi\u00e8re dans sa saison la plus immersive \u00e0 ce jour. Pr\u00e9pare-toi \u00e0 Enter The WORTEX : un vortex technicolore vers six mondes immersifs, dont <strong>Neo Kaos Garden<\/strong>, <strong>Delusionville 2.0<\/strong>, <strong>Nowmads: New World<\/strong>, <strong>Hallucinarium<\/strong>, et deux concepts totalement in\u00e9dits pr\u00eats \u00e0 tordre encore plus la r\u00e9alit\u00e9. Attends-toi \u00e0 de l\u2019art, de la musique et des performances \u00e0 une \u00e9chelle jamais vue \u00e0 Ibiza, avec des visuels cin\u00e9tiques, des d\u00e9cors g\u00e9ants et une cr\u00e9ativit\u00e9 sans limites, rendus possibles gr\u00e2ce aux capacit\u00e9s de production nouvelle g\u00e9n\u00e9ration d\u2019UNVRS.  <\/p>\n<p>La musique d\u2019elrow est principalement du tech house, avec des sets survolt\u00e9s et une \u00e9nergie de f\u00eate pouss\u00e9e \u00e0 fond. Lors des saisons pr\u00e9c\u00e9dentes, le lineup d\u2019elrow Ibiza a notamment accueilli <strong>Adam Beyer<\/strong>, <strong>Erick Morillo<\/strong>, <strong>Groove Armada<\/strong>, <strong>Skream<\/strong>, <strong>K\u00f6lsch<\/strong>, <strong>Eats Everything<\/strong>, <strong>Paco Osuna<\/strong>, <strong>Pan-Pot<\/strong>, <strong>Richy Ahmed<\/strong>, <strong>Steve Lawler<\/strong>, <strong>Joris Voorn<\/strong>, <strong>Technasia<\/strong>, <strong>wAFF<\/strong> et bien d\u2019autres. <\/p>\n<p>2026 promet une aventure multisensorielle qui va bien au-del\u00e0 de ta soir\u00e9e en club habituelle. Attends-toi \u00e0 des productions plus importantes, des personnages plus fous, des sc\u00e9narios plus profonds et des samedis inoubliables \u00e0 UNVRS. <\/p>\n<p>On a trop h\u00e2te de se replonger dans cette folie. Rendez-vous dans le WORTEX.[\/vc_column_text][\/vc_column][vc_column column_width_percent=\u00a0\u00bb100&Prime; gutter_size=\u00a0\u00bb0&Prime; overlay_alpha=\u00a0\u00bb50&Prime; shift_x=\u00a0\u00bb0&Prime; shift_y=\u00a0\u00bb0&Prime; shift_y_down=\u00a0\u00bb0&Prime; z_index=\u00a0\u00bb0&Prime; medium_width=\u00a0\u00bb0&Prime; mobile_width=\u00a0\u00bb0&Prime; sticky=\u00a0\u00bbyes\u00a0\u00bb width=\u00a0\u00bb1\/4&Prime;][vc_separator sep_color=\u00a0\u00bbcolor-149363&Prime;][uncode_list icon=\u00a0\u00bbfa fa-location-outline\u00a0\u00bb uncode_shortcode_id=\u00a0\u00bb172613&Prime;]<\/p>\n<ul>\n<li><a href=\"https:\/\/ticketsibiza.com\/fr\/clubs\/unvrs\/\">UNVRS<\/a><\/li>\n<\/ul>\n<p>[\/uncode_list][uncode_list icon=\u00a0\u00bbfa fa-calendar\u00a0\u00bb]<\/p>\n<ul>\n<li>Samedi<\/li>\n<\/ul>\n<p>[\/uncode_list][uncode_list icon=\u00a0\u00bbfa fa-cab\u00a0\u00bb uncode_shortcode_id=\u00a0\u00bb114720&Prime;]<\/p>\n<ul>\n<li>Urbanizaci\u00f3n San Rafael, 07816<\/li>\n<\/ul>\n<p>[\/uncode_list][vc_separator sep_color=\u00a0\u00bbcolor-149363&Prime;][\/vc_column][\/vc_row][vc_section back_color=\u00a0\u00bbcolor-lxmt\u00a0\u00bb overlay_alpha=\u00a0\u00bb50&Prime;][vc_row row_height_percent=\u00a0\u00bb0&Prime; overlay_alpha=\u00a0\u00bb50&Prime; gutter_size=\u00a0\u00bb3&Prime; column_width_percent=\u00a0\u00bb100&Prime; shift_y=\u00a0\u00bb0&Prime; z_index=\u00a0\u00bb0&Prime;][vc_column column_width_percent=\u00a0\u00bb100&Prime; gutter_size=\u00a0\u00bb3&Prime; overlay_alpha=\u00a0\u00bb50&Prime; shift_x=\u00a0\u00bb0&Prime; shift_y=\u00a0\u00bb0&Prime; shift_y_down=\u00a0\u00bb0&Prime; z_index=\u00a0\u00bb0&Prime; medium_width=\u00a0\u00bb0&Prime; mobile_width=\u00a0\u00bb0&Prime; width=\u00a0\u00bb3\/4&Prime;][vc_gallery el_id=\u00a0\u00bbgallery-477270&Prime; type=\u00a0\u00bbjustified\u00a0\u00bb random=\u00a0\u00bbyes\u00a0\u00bb medias=\u00a0\u00bb994284,994286,994288,994290,994293,994295&Prime; justify_row_height=\u00a0\u00bb150&Prime; gutter_size=\u00a0\u00bb3&Prime; single_overlay_opacity=\u00a0\u00bb50&Prime; single_padding=\u00a0\u00bb2&Prime;][\/vc_column][vc_column width=\u00a0\u00bb1\/4&Prime;][uncode_share layout=\u00a0\u00bbmultiple\u00a0\u00bb separator=\u00a0\u00bbyes\u00a0\u00bb title=\u00a0\u00bbPartager cette soir\u00e9e\u00a0\u00bb][\/vc_column][\/vc_row][\/vc_section][vc_section back_color=\u00a0\u00bbcolor-prif\u00a0\u00bb overlay_alpha=\u00a0\u00bb50&Prime;][vc_row row_height_percent=\u00a0\u00bb0&Prime; overlay_alpha=\u00a0\u00bb50&Prime; gutter_size=\u00a0\u00bb3&Prime; column_width_percent=\u00a0\u00bb100&Prime; shift_y=\u00a0\u00bb0&Prime; z_index=\u00a0\u00bb0&Prime; row_name=\u00a0\u00bblistings\u00a0\u00bb][vc_column column_width_percent=\u00a0\u00bb100&Prime; position_vertical=\u00a0\u00bbmiddle\u00a0\u00bb align_horizontal=\u00a0\u00bbalign_center\u00a0\u00bb gutter_size=\u00a0\u00bb2&Prime; overlay_alpha=\u00a0\u00bb50&Prime; shift_x=\u00a0\u00bb0&Prime; shift_y=\u00a0\u00bb0&Prime; shift_y_down=\u00a0\u00bb0&Prime; z_index=\u00a0\u00bb0&Prime; medium_width=\u00a0\u00bb0&Prime; mobile_width=\u00a0\u00bb0&Prime; width=\u00a0\u00bb1\/1&Prime;][vc_custom_heading text_color=\u00a0\u00bbcolor-xsdn\u00a0\u00bb sub_lead=\u00a0\u00bbyes\u00a0\u00bb uncode_shortcode_id=\u00a0\u00bb275462&Prime; text_color_type=\u00a0\u00bbuncode-palette\u00a0\u00bb el_id=\u00a0\u00bblistings\u00a0\u00bb]<\/p>\n<h2 style=\"text-align: center;\"><span style=\"color: #ffffff;\">Liste des soir\u00e9es<\/span><\/h2>\n<p>[\/vc_custom_heading]\t\t<div class=\"wcs-timetable__wrapper\">\n\t\t\t<div class=\"wcs-vue\" id=\"wcs-app-34\"><\/div>\n\t\t<\/div>\n\t\t[\/vc_column][\/vc_row][\/vc_section]<\/p>\n<\/div>","protected":false},"excerpt":{"rendered":"<p>Samedi<\/p>\n","protected":false},"author":2,"featured_media":994297,"parent":991518,"menu_order":0,"comment_status":"closed","ping_status":"closed","template":"","meta":{"_acf_changed":false,"footnotes":""},"class_list":["post-994250","page","type-page","status-publish","has-post-thumbnail","hentry","page_category-soirees","page_category-unvrs"],"acf":[],"_links":{"self":[{"href":"https:\/\/ticketsibiza.com\/fr\/wp-json\/wp\/v2\/pages\/994250","targetHints":{"allow":["GET"]}}],"collection":[{"href":"https:\/\/ticketsibiza.com\/fr\/wp-json\/wp\/v2\/pages"}],"about":[{"href":"https:\/\/ticketsibiza.com\/fr\/wp-json\/wp\/v2\/types\/page"}],"author":[{"embeddable":true,"href":"https:\/\/ticketsibiza.com\/fr\/wp-json\/wp\/v2\/users\/2"}],"replies":[{"embeddable":true,"href":"https:\/\/ticketsibiza.com\/fr\/wp-json\/wp\/v2\/comments?post=994250"}],"version-history":[{"count":26,"href":"https:\/\/ticketsibiza.com\/fr\/wp-json\/wp\/v2\/pages\/994250\/revisions"}],"predecessor-version":[{"id":1127937,"href":"https:\/\/ticketsibiza.com\/fr\/wp-json\/wp\/v2\/pages\/994250\/revisions\/1127937"}],"up":[{"embeddable":true,"href":"https:\/\/ticketsibiza.com\/fr\/wp-json\/wp\/v2\/pages\/991518"}],"wp:featuredmedia":[{"embeddable":true,"href":"https:\/\/ticketsibiza.com\/fr\/wp-json\/wp\/v2\/media\/994297"}],"wp:attachment":[{"href":"https:\/\/ticketsibiza.com\/fr\/wp-json\/wp\/v2\/media?parent=994250"}],"curies":[{"name":"wp","href":"https:\/\/api.w.org\/{rel}","templated":true}]}}