{"id":993412,"date":"2024-09-06T15:10:01","date_gmt":"2024-09-06T14:10:01","guid":{"rendered":"https:\/\/ticketsibiza.com\/clubs\/unvrs\/"},"modified":"2026-02-23T10:47:10","modified_gmt":"2026-02-23T10:47:10","slug":"unvrs","status":"publish","type":"page","link":"https:\/\/ticketsibiza.com\/fr\/clubs\/unvrs\/","title":{"rendered":"UNVRS Ibiza 2026 &#8211; Billets, \u00e9v\u00e9nements et line-up"},"content":{"rendered":"<div class=\"wpb-content-wrapper\"><p>[vc_row row_height_percent=\u00a0\u00bb0&Prime; override_padding=\u00a0\u00bbyes\u00a0\u00bb h_padding=\u00a0\u00bb2&Prime; top_padding=\u00a0\u00bb2&Prime; bottom_padding=\u00a0\u00bb0&Prime; back_color=\u00a0\u00bbcolor-jevc\u00a0\u00bb back_image=\u00a0\u00bb613488&Prime; overlay_alpha=\u00a0\u00bb50&Prime; gutter_size=\u00a0\u00bb3&Prime; column_width_percent=\u00a0\u00bb100&Prime; shift_y=\u00a0\u00bb0&Prime; z_index=\u00a0\u00bb0&Prime; row_height_pixel=\u00a0\u00bb50&Prime; uncode_shortcode_id=\u00a0\u00bb146427&Prime; back_color_type=\u00a0\u00bbuncode-palette\u00a0\u00bb][vc_column width=\u00a0\u00bb1\/1&Prime;][vc_empty_space empty_h=\u00a0\u00bb5&Prime;][vc_row_inner row_inner_height_percent=\u00a0\u00bb0&Prime; force_width_grid=\u00a0\u00bbyes\u00a0\u00bb overlay_color=\u00a0\u00bbcolor-149363&Prime; overlay_alpha=\u00a0\u00bb70&Prime; gutter_size=\u00a0\u00bb1&Prime; shift_y=\u00a0\u00bb1&Prime; z_index=\u00a0\u00bb3&Prime; css=\u00a0\u00bb.vc_custom_1555872297672{margin-bottom: 0px !important;border-bottom-width: 0px !important;padding-top: 0px !important;padding-bottom: 0px !important;padding-left: 20px !important;}\u00a0\u00bb][vc_column_inner column_width_percent=\u00a0\u00bb100&Prime; gutter_size=\u00a0\u00bb0&Prime; overlay_alpha=\u00a0\u00bb50&Prime; shift_x=\u00a0\u00bb0&Prime; shift_y=\u00a0\u00bb0&Prime; shift_y_down=\u00a0\u00bb0&Prime; z_index=\u00a0\u00bb0&Prime; medium_width=\u00a0\u00bb0&Prime; mobile_width=\u00a0\u00bb0&Prime; width=\u00a0\u00bb1\/1&Prime; css=\u00a0\u00bb.vc_custom_1551002411961{padding-bottom: 0px !important;}\u00a0\u00bb][vc_custom_heading text_color=\u00a0\u00bbcolor-xsdn\u00a0\u00bb heading_semantic=\u00a0\u00bbh1&Prime; text_size=\u00a0\u00bbh1&Prime; sub_reduced=\u00a0\u00bbyes\u00a0\u00bb uncode_shortcode_id=\u00a0\u00bb997105&Prime; text_color_type=\u00a0\u00bbuncode-palette\u00a0\u00bb]<\/p>\n<h1 style=\"text-align: left;\"><span style=\"color: #ffffff;\">[UNVRS]<\/span><\/h1>\n<p>[\/vc_custom_heading][vc_column_text text_lead=\u00a0\u00bbyes\u00a0\u00bb uncode_shortcode_id=\u00a0\u00bb142595&Prime;]<\/p>\n<h4><span style=\"font-weight: 400; color: #ffffff;\">Le premier hyperclub au monde a atterri<\/span><\/h4>\n<p>[\/vc_column_text][\/vc_column_inner][\/vc_row_inner][\/vc_column][\/vc_row][vc_row row_height_percent=\u00a0\u00bb0&Prime; overlay_alpha=\u00a0\u00bb50&Prime; gutter_size=\u00a0\u00bb3&Prime; column_width_percent=\u00a0\u00bb100&Prime; shift_y=\u00a0\u00bb0&Prime; z_index=\u00a0\u00bb0&Prime; css=\u00a0\u00bb.vc_custom_1551018712642{margin-top: 0px !important;margin-bottom: 0px !important;}\u00a0\u00bb][vc_column column_width_percent=\u00a0\u00bb100&Prime; gutter_size=\u00a0\u00bb3&Prime; overlay_alpha=\u00a0\u00bb50&Prime; shift_x=\u00a0\u00bb0&Prime; shift_y=\u00a0\u00bb0&Prime; shift_y_down=\u00a0\u00bb0&Prime; z_index=\u00a0\u00bb0&Prime; medium_width=\u00a0\u00bb0&Prime; mobile_width=\u00a0\u00bb0&Prime; width=\u00a0\u00bb3\/4&Prime;][uncode_block id=\u00a0\u00bb525847&Prime;][vc_column_text uncode_shortcode_id=\u00a0\u00bb547284&Prime;][UNVRS] (prononc\u00e9 \u00ab Universe \u00bb) sera le tout premier Hyperclub au monde, ouvrant \u00e0 Ibiza pour la saison 2025.<\/p>\n<p>Il est situ\u00e9 \u00e0 San Rafael, au centre d\u2019Ibiza, pr\u00e8s d\u2019Amnesia &#8211; un autre des superclubs c\u00e9l\u00e8bres d\u2019Ibiza.[\/vc_column_text][vc_row_inner row_inner_height_percent=\u00a0\u00bb0&Prime; back_color=\u00a0\u00bbaccent\u00a0\u00bb overlay_alpha=\u00a0\u00bb50&Prime; gutter_size=\u00a0\u00bb3&Prime; shift_y=\u00a0\u00bb0&Prime; z_index=\u00a0\u00bb0&Prime; css=\u00a0\u00bb.vc_custom_1579608219493{padding-bottom: 10px !important;}\u00a0\u00bb][vc_column_inner column_width_percent=\u00a0\u00bb100&Prime; gutter_size=\u00a0\u00bb3&Prime; override_padding=\u00a0\u00bbyes\u00a0\u00bb column_padding=\u00a0\u00bb2&Prime; overlay_alpha=\u00a0\u00bb50&Prime; shift_x=\u00a0\u00bb0&Prime; shift_y=\u00a0\u00bb0&Prime; shift_y_down=\u00a0\u00bb0&Prime; z_index=\u00a0\u00bb0&Prime; medium_width=\u00a0\u00bb0&Prime; mobile_width=\u00a0\u00bb0&Prime; width=\u00a0\u00bb1\/1&Prime;][vc_column_text uncode_shortcode_id=\u00a0\u00bb105716&Prime;]<span style=\"text-decoration: underline; color: #ffffff;\">Sur cette page :<\/span><\/p>\n<p><span style=\"color: #ffffff;\"><a style=\"color: #ffffff;\" href=\"#history\">Histoire<\/a><\/span><br \/>\n<span style=\"color: #ffffff;\"><a style=\"color: #ffffff;\" href=\"#info\">Informations sur le club<\/a><\/span><br \/>\n<span style=\"color: #ffffff;\"><a style=\"color: #ffffff;\" href=\"#vip\">VIP UNVRS Ibiza<\/a><\/span><br \/>\n<span style=\"color: #ffffff;\"><a style=\"color: #ffffff;\" href=\"#2026\">UNVRS Ibiza 2026<\/a><\/span><br \/>\n<span style=\"color: #ffffff;\"><a style=\"color: #ffffff;\" href=\"#faqs\">FAQ<\/a><\/span><br \/>\n<span style=\"color: #ffffff;\"><a style=\"color: #ffffff;\" href=\"#accommodation\">H\u00e9bergement<\/a><\/span>[\/vc_column_text][\/vc_column_inner][\/vc_row_inner][vc_custom_heading separator_color=\u00a0\u00bbyes\u00a0\u00bb separator=\u00a0\u00bbyes\u00a0\u00bb uncode_shortcode_id=\u00a0\u00bb145252&Prime;]<\/p>\n<h2 id=\"history\" class=\"p1\">Histoire d\u2019UNVRS Ibiza<\/h2>\n<p>[\/vc_custom_heading][vc_column_text uncode_shortcode_id=\u00a0\u00bb688195&Prime;][UNVRS] a \u00e9t\u00e9 annonc\u00e9 en ao\u00fbt 2024. Il appartient \u00e0 The Night League, la soci\u00e9t\u00e9 derri\u00e8re les superclubs d\u2019Ibiza Ushua\u00efa et H\u00ef. <\/p>\n<p>Yann Pissenem, fondateur de The Night League, a annonc\u00e9 [UNVRS] dans une vid\u00e9o sur les r\u00e9seaux sociaux aux c\u00f4t\u00e9s de la superstar hollywoodienne Will Smith.[\/vc_column_text][vc_column_text uncode_shortcode_id=\u00a0\u00bb178337&Prime;]Mais quelle est l\u2019histoire derri\u00e8re [UNVRS] ? Le lieu \u00e9tait auparavant connu sous le nom de Privilege, qui \u00e9tait r\u00e9put\u00e9 pour \u00eatre le plus grand club au monde. Pouvoir accueillir 10 000 clubbers en faisait le plus grand superclub m\u00eame selon les standards d\u2019Ibiza. \u00c0 l\u2019\u00e9poque de Privilege, le club accueillait des r\u00e9sidences de RESISTANCE, Carl Cox, Ti\u00ebsto et Armin van Buuren.   <\/p>\n<p>Certaines des soir\u00e9es les plus c\u00e9l\u00e8bres actuelles de l\u2019\u00eele ont \u00e9galement eu lieu au Vista Club de Privilege : elrow et Solid Grooves.<\/p>\n<p>Avant Privilege, le lieu s\u2019appelait Ku. La soir\u00e9e la plus c\u00e9l\u00e8bre de Ku \u00e9tait peut-\u00eatre Manumission, la soir\u00e9e mondialement reconnue import\u00e9e du Royaume-Uni \u00e0 Ibiza dans les ann\u00e9es 90.[\/vc_column_text][vc_custom_heading separator_color=\u00a0\u00bbyes\u00a0\u00bb separator=\u00a0\u00bbyes\u00a0\u00bb uncode_shortcode_id=\u00a0\u00bb156614&Prime;]<\/p>\n<h2 id=\"info\" class=\"p1\">Informations sur le club<\/h2>\n<p>[\/vc_custom_heading][vc_column_text uncode_shortcode_id=\u00a0\u00bb684398&Prime;]Ouvert en 1978, l\u2019\u00e9norme b\u00e2timent a subi plusieurs r\u00e9novations au fil des ans. Depuis que le club est ferm\u00e9 depuis 2019, il y a certainement un look et une ambiance tr\u00e8s diff\u00e9rents maintenant qu'[UNVRS] a officiellement ouvert. <\/p>\n<p>Dans sa forme pr\u00e9c\u00e9dente en tant que Privilege, le lieu \u00e9tait divis\u00e9 entre l\u2019\u00e9norme salle principale, le Vista Club et le bar Coco Loco. Il y avait aussi divers jardins et espaces de d\u00e9tente r\u00e9partis dans les espaces ext\u00e9rieurs. <\/p>\n<p>Enfin, il y a le d\u00f4me iconique. C\u2019est ce pour quoi Privilege \u00e9tait peut-\u00eatre le plus connu, se d\u00e9marquant de loin au loin alors que les clubbers affluaient vers le lieu chaque \u00e9t\u00e9. <\/p>\n<p>Le d\u00f4me reste un \u00e9l\u00e9ment central d\u2019UNVRS, et il y a plusieurs salles que les clubbers peuvent explorer \u00e0 l\u2019int\u00e9rieur d\u2019UNVRS, notamment le Wild Comet et The Bunker.<\/p>\n<p>La capacit\u00e9 maximale du club \u00e9tait de 10 000 personnes, ce qui en faisait le plus grand club au monde.<\/p>\n<p>Comme avec la transformation par The Night League des lieux maintenant connus sous le nom de H\u00ef et Ushua\u00efa, il n\u2019est pas surprenant qu\u2019il y ait aussi beaucoup d\u2019options de tables VIP au club.<\/p>\n<p>TNL d\u00e9clare que :[\/vc_column_text][vc_row_inner row_inner_height_percent=\u00a0\u00bb0&Prime; back_color=\u00a0\u00bbcolor-vyce\u00a0\u00bb overlay_alpha=\u00a0\u00bb50&Prime; gutter_size=\u00a0\u00bb3&Prime; shift_y=\u00a0\u00bb0&Prime; z_index=\u00a0\u00bb0&Prime;][vc_column_inner column_width_percent=\u00a0\u00bb100&Prime; gutter_size=\u00a0\u00bb3&Prime; override_padding=\u00a0\u00bbyes\u00a0\u00bb column_padding=\u00a0\u00bb2&Prime; overlay_alpha=\u00a0\u00bb50&Prime; radius=\u00a0\u00bbsm\u00a0\u00bb shadow=\u00a0\u00bbsm\u00a0\u00bb shift_x=\u00a0\u00bb0&Prime; shift_y=\u00a0\u00bb0&Prime; shift_y_down=\u00a0\u00bb0&Prime; z_index=\u00a0\u00bb0&Prime; medium_width=\u00a0\u00bb0&Prime; mobile_width=\u00a0\u00bb0&Prime; width=\u00a0\u00bb1\/1&Prime;][vc_icon position=\u00a0\u00bbright\u00a0\u00bb display=\u00a0\u00bbinline\u00a0\u00bb icon=\u00a0\u00bbfa fa-quote\u00a0\u00bb icon_color=\u00a0\u00bbcolor-xsdn\u00a0\u00bb size=\u00a0\u00bbfa-3x\u00a0\u00bb][\/vc_icon][vc_column_text uncode_shortcode_id=\u00a0\u00bb175671&Prime;]<strong><span style=\"color: #ffffff;\">\u00ab [UNVRS] combine le service haut de gamme, le luxe et l\u2019attention aux d\u00e9tails d\u2019une bo\u00eete de nuit avec l\u2019infrastructure, l\u2019ampleur et l\u2019ambition des \u00e9v\u00e9nements d\u2019ar\u00e8ne, cr\u00e9ant un concept jamais vu auparavant dans le divertissement nocturne, \u00e9lev\u00e9 encore plus haut avec une production \u00e9poustouflante du fondateur de High Scream, Romain Pissenem. \u00bb<\/span><\/strong>[\/vc_column_text][\/vc_column_inner][\/vc_row_inner][vc_column_text uncode_shortcode_id=\u00a0\u00bb259984&Prime;]Nous attendons de grandes, tr\u00e8s grandes choses du club en termes de production, et nous avons h\u00e2te de voir ce que le club apportera \u00e0 la vie nocturne d\u2019Ibiza.[\/vc_column_text][vc_custom_heading separator_color=\u00a0\u00bbyes\u00a0\u00bb separator=\u00a0\u00bbyes\u00a0\u00bb uncode_shortcode_id=\u00a0\u00bb102528&Prime; el_id=\u00a0\u00bbvip\u00a0\u00bb]<\/p>\n<h2 class=\"p1\">VIP UNVRS Ibiza<\/h2>\n<p>[\/vc_custom_heading][vc_column_text uncode_shortcode_id=\u00a0\u00bb965257&Prime;]Comme mentionn\u00e9 ci-dessus, il y a plein d\u2019options VIP \u00e0 [UNVRS] \u00e9tant donn\u00e9 l\u2019annonce du club par The Night League.<\/p>\n<p>Pour certains \u00e9v\u00e9nements, des billets VIP sont propos\u00e9s. Cela donne droit au porteur d\u2019acc\u00e9der \u00e0 un balcon VIP, une terrasse VIP, et d\u2019avoir quelques boissons incluses. Cela n\u2019inclut pas une table priv\u00e9e, mais offre une exp\u00e9rience \u00e9lev\u00e9e par rapport \u00e0 l\u2019entr\u00e9e normale.[\/vc_column_text][vc_custom_heading separator_color=\u00a0\u00bbyes\u00a0\u00bb separator=\u00a0\u00bbyes\u00a0\u00bb uncode_shortcode_id=\u00a0\u00bb155870&Prime; el_id=\u00a0\u00bb2026&Prime;]<\/p>\n<h2 class=\"p1\">UNVRS Ibiza 2026<\/h2>\n<p>[\/vc_custom_heading][vc_column_text uncode_shortcode_id=\u00a0\u00bb918439&Prime;]UNVRS organise son Opening Party \/ Soir\u00e9e d\u2019Ouverture le dimanche 26 avril.<\/p>\n<p>UNVRS 2026 verra le retour du Galactic Circus de David Guetta. La m\u00e9ga-star fran\u00e7aise a connu une premi\u00e8re saison incroyablement r\u00e9ussie en apportant la f\u00eate \u00e0 UNVRS, et nous nous attendons \u00e0 d\u2019autres nuits \u00e9piques cette saison. <\/p>\n<p>John Summit organise sa soir\u00e9e Experts Only pour une r\u00e9sidence du lundi \u00e0 partir du 1er juin.<\/p>\n<p>elrow revient pour organiser ses f\u00eates inimitables et grandioses tous les samedis \u00e0 partir du 6 juin.<\/p>\n<p>Le roi lui-m\u00eame, Carl Cox, revient pour sa r\u00e9sidence dominicale \u00e0 partir du 21 juin.<\/p>\n<p>Le Paradise de Jamie Jones sera de retour tous les mercredis \u00e0 partir du 10 juin, et FISHER reviendra \u00e9galement tous les jeudis \u00e0 partir du 4 juin.<\/p>\n<p>ANYMA sera aux commandes des mardis entre juin et septembre.<\/p>\n<p>Reste \u00e0 l\u2019\u00e9coute pour d\u2019autres annonces concernant UNVRS 2026&#8230;[\/vc_column_text][vc_custom_heading heading_semantic=\u00a0\u00bbh4&Prime; text_size=\u00a0\u00bbh4&Prime; separator_color=\u00a0\u00bbyes\u00a0\u00bb separator=\u00a0\u00bbyes\u00a0\u00bb uncode_shortcode_id=\u00a0\u00bb806346&Prime;]<\/p>\n<h4 class=\"p1\">R\u00e9capitulatif d\u2019UNVRS Ibiza 2025<\/h4>\n<p>[\/vc_custom_heading][vc_column_text uncode_shortcode_id=\u00a0\u00bb144016&Prime;]L\u2019Opening Party \/ Soir\u00e9e d\u2019Ouverture d'[UNVRS] a eu lieu le vendredi 30 mai. [UNVRS] sera la nouvelle maison d\u2019<a href=\"https:\/\/ticketsibiza.com\/fr\/fetes\/elrow\/\">elrow<\/a>, l\u2019une des soir\u00e9es les plus populaires et \u00e9tablies d\u2019Ibiza. <\/p>\n<p>Nul autre que <strong>Carl Cox<\/strong> a anim\u00e9 les dimanches \u00e0 partir du 22 juin.<\/p>\n<p><strong>David Guetta<\/strong> a anim\u00e9 <strong>Galactic Circus<\/strong> tous les vendredis \u00e0 partir du 13 juin.<\/p>\n<p>Pendant ce temps, <strong>FISHER<\/strong> a d\u00e9plac\u00e9 sa r\u00e9sidence de H\u00ef et a repris le cr\u00e9neau du jeudi.<\/p>\n<p><strong>Paradise<\/strong> de Jamie Jones a pris le cr\u00e9neau du mercredi.<\/p>\n<p><strong>Eric Prydz<\/strong> a pr\u00e9sent\u00e9 ses incroyables spectacles Holosphere les lundis \u00e0 partir du 2 juin.<\/p>\n<p><strong>Anyma<\/strong> a repris le cr\u00e9neau du mardi \u00e0 partir du <strong>8 juillet.<\/strong><\/p>\n<p>Les annonces jusqu\u2019\u00e0 pr\u00e9sent signalent que le club est pr\u00eat \u00e0 accueillir les plus grandes r\u00e9sidences de mani\u00e8re hebdomadaire tout au long de la saison.<\/p>\n<p>De plus, quelques soir\u00e9es sp\u00e9ciales ponctuelles seront organis\u00e9es par ANOTR et Sara Landry.[\/vc_column_text][vc_row_inner row_inner_height_percent=\u00a0\u00bb0&Prime; overlay_alpha=\u00a0\u00bb50&Prime; gutter_size=\u00a0\u00bb3&Prime; shift_y=\u00a0\u00bb0&Prime; z_index=\u00a0\u00bb0&Prime; css=\u00a0\u00bb.vc_custom_1579610210262{margin-top: 18px !important;margin-bottom: 18px !important;border-bottom-width: 5px !important;padding-top: 5px !important;}\u00a0\u00bb][vc_column_inner column_width_percent=\u00a0\u00bb100&Prime; gutter_size=\u00a0\u00bb3&Prime; override_padding=\u00a0\u00bbyes\u00a0\u00bb column_padding=\u00a0\u00bb2&Prime; overlay_alpha=\u00a0\u00bb50&Prime; shift_x=\u00a0\u00bb0&Prime; shift_y=\u00a0\u00bb0&Prime; shift_y_down=\u00a0\u00bb0&Prime; z_index=\u00a0\u00bb0&Prime; medium_width=\u00a0\u00bb0&Prime; mobile_width=\u00a0\u00bb0&Prime; width=\u00a0\u00bb1\/2&Prime; css=\u00a0\u00bb.vc_custom_1579610582782{padding-top: 5px !important;padding-right: 12px !important;padding-bottom: 5px !important;padding-left: 12px !important;}\u00a0\u00bb][vc_custom_heading heading_semantic=\u00a0\u00bbh4&Prime; text_size=\u00a0\u00bbh4&Prime; text_transform=\u00a0\u00bbuppercase\u00a0\u00bb separator=\u00a0\u00bbyes\u00a0\u00bb uncode_shortcode_id=\u00a0\u00bb440584&Prime;]<\/p>\n<h4 style=\"text-align: center;\">Soir\u00e9es 2026<\/h4>\n<p>[\/vc_custom_heading][vc_message message_color=\u00a0\u00bbaccent\u00a0\u00bb uncode_shortcode_id=\u00a0\u00bb145502&Prime; message_color_type=\u00a0\u00bbuncode-palette\u00a0\u00bb]<\/p>\n<ul>\n<li>Lundi&nbsp;: John Summit<\/li>\n<li>Mardi : ANYMA<\/li>\n<li>Mercredi : Paradise<\/li>\n<li>Jeudi : FISHER<\/li>\n<li>Vendredi : David Guetta Galactic Circus<\/li>\n<li>Samedi : elrow<\/li>\n<li>Dimanche : Carl Cox<\/li>\n<\/ul>\n<p>[\/vc_message][\/vc_column_inner][vc_column_inner column_width_percent=\u00a0\u00bb100&Prime; gutter_size=\u00a0\u00bb3&Prime; override_padding=\u00a0\u00bbyes\u00a0\u00bb column_padding=\u00a0\u00bb2&Prime; overlay_alpha=\u00a0\u00bb50&Prime; shift_x=\u00a0\u00bb0&Prime; shift_y=\u00a0\u00bb0&Prime; shift_y_down=\u00a0\u00bb0&Prime; z_index=\u00a0\u00bb0&Prime; medium_width=\u00a0\u00bb0&Prime; mobile_width=\u00a0\u00bb0&Prime; width=\u00a0\u00bb1\/2&Prime; css=\u00a0\u00bb.vc_custom_1579610590767{padding-top: 5px !important;padding-right: 12px !important;padding-bottom: 5px !important;padding-left: 12px !important;}\u00a0\u00bb][vc_custom_heading heading_semantic=\u00a0\u00bbh4&Prime; text_size=\u00a0\u00bbh4&Prime; text_transform=\u00a0\u00bbuppercase\u00a0\u00bb separator=\u00a0\u00bbyes\u00a0\u00bb uncode_shortcode_id=\u00a0\u00bb130607&Prime;]<\/p>\n<h4 style=\"text-align: center;\">Soir\u00e9es 2025<\/h4>\n<p>[\/vc_custom_heading][vc_message message_color=\u00a0\u00bbcolor-vyce\u00a0\u00bb uncode_shortcode_id=\u00a0\u00bb380699&Prime; message_color_type=\u00a0\u00bbuncode-palette\u00a0\u00bb]<\/p>\n<ul>\n<li>Lundi : Eric Prydz<\/li>\n<li>Mardi : Anyma<\/li>\n<li>Mercredi : Paradise<\/li>\n<li>Jeudi : FISHER<\/li>\n<li>Vendredi : David Guetta Galactic Circus<\/li>\n<li>Samedi : elrow<\/li>\n<li>Dimanche : Carl Cox<\/li>\n<\/ul>\n<p>[\/vc_message][\/vc_column_inner][\/vc_row_inner][vc_custom_heading text_size=\u00a0\u00bbh3&Prime; separator=\u00a0\u00bbover\u00a0\u00bb sub_reduced=\u00a0\u00bbyes\u00a0\u00bb uncode_shortcode_id=\u00a0\u00bb475347&Prime;]Soir\u00e9es UNVRS populaires[\/vc_custom_heading][uncode_index el_id=\u00a0\u00bbindex-187984&Prime; index_type=\u00a0\u00bbcarousel\u00a0\u00bb loop=\u00a0\u00bbsize:10|order_by:date|post_type:page|tax_query:2909|taxonomy_count:10&Prime; carousel_lg=\u00a0\u00bb4&Prime; carousel_md=\u00a0\u00bb3&Prime; carousel_sm=\u00a0\u00bb2&Prime; thumb_size=\u00a0\u00bbthree-two\u00a0\u00bb gutter_size=\u00a0\u00bb3&Prime; page_items=\u00a0\u00bbmedia|featured|onpost|original\u00a0\u00bb carousel_interval=\u00a0\u00bb3000&Prime; carousel_navspeed=\u00a0\u00bb400&Prime; carousel_loop=\u00a0\u00bbyes\u00a0\u00bb stage_padding=\u00a0\u00bb0&Prime; single_text=\u00a0\u00bboverlay\u00a0\u00bb single_overlay_opacity=\u00a0\u00bb50&Prime; single_h_align=\u00a0\u00bbcenter\u00a0\u00bb single_padding=\u00a0\u00bb2&Prime; title=\u00a0\u00bbParties for Club Carousel\u00a0\u00bb uncode_shortcode_id=\u00a0\u00bb189926&Prime;][vc_custom_heading separator_color=\u00a0\u00bbyes\u00a0\u00bb separator=\u00a0\u00bbyes\u00a0\u00bb]<\/p>\n<h2 id=\"faqs\" class=\"p1\">Questions fr\u00e9quemment pos\u00e9es<\/h2>\n<p>[\/vc_custom_heading][vc_accordion][vc_accordion_tab gutter_size=\u00a0\u00bb2&Prime; column_padding=\u00a0\u00bb2&Prime; title=\u00a0\u00bbComment aller \u00e0 UNVRS ?\u00a0\u00bb tab_id=\u00a0\u00bb1560767237-1-24e316-440e1725553843112&Prime;][vc_column_text uncode_shortcode_id=\u00a0\u00bb615405&Prime;]UNVRS est \u00e0 San Rafael, au milieu de l\u2019\u00eele. C\u2019est \u00e0 moins d\u20191 km d\u2019Amnesia. Tu paieras environ 20 \u20ac pour y aller depuis San Antonio, et 25 \u20ac depuis Playa d\u2019en Bossa.[\/vc_column_text][\/vc_accordion_tab][vc_accordion_tab gutter_size=\u00a0\u00bb2&Prime; column_padding=\u00a0\u00bb2&Prime; title=\u00a0\u00bbQuand UNVRS ouvre-t-il ?\u00a0\u00bb tab_id=\u00a0\u00bb1560767237-2-71e316-440e1725553843112&Prime;][vc_column_text uncode_shortcode_id=\u00a0\u00bb352479&Prime;]UNVRS ouvrira le dimanche 26 avril 2026.[\/vc_column_text][\/vc_accordion_tab][vc_accordion_tab gutter_size=\u00a0\u00bb2&Prime; column_padding=\u00a0\u00bb2&Prime; title=\u00a0\u00bbCombien \u00e7a co\u00fbte d&apos;entrer \u00e0 UNVRS ?\u00a0\u00bb tab_id=\u00a0\u00bb1560768560770-2-3e316-440e1725553843112&Prime;][vc_column_text uncode_shortcode_id=\u00a0\u00bb520032&Prime;]Les prix des billets pour UNVRS varient entre 50 \u20ac et 120 \u20ac.[\/vc_column_text][\/vc_accordion_tab][vc_accordion_tab gutter_size=\u00a0\u00bb2&Prime; column_padding=\u00a0\u00bb2&Prime; title=\u00a0\u00bbQuels sont les prix des boissons \u00e0 UNVRS Ibiza ?\u00a0\u00bb tab_id=\u00a0\u00bb1560768568468-3-4e316-440e1725553843112&Prime;][vc_column_text uncode_shortcode_id=\u00a0\u00bb915773&Prime;]Une bi\u00e8re co\u00fbte 18 \u20ac, un m\u00e9lange et soft co\u00fbte 23 \u20ac, et une eau co\u00fbte 15 \u20ac \u00e0 UNVRS.[\/vc_column_text][\/vc_accordion_tab][vc_accordion_tab gutter_size=\u00a0\u00bb2&Prime; column_padding=\u00a0\u00bb2&Prime; title=\u00a0\u00bbQuelle est la capacit\u00e9 d&apos;UNVRS Ibiza ?\u00a0\u00bb tab_id=\u00a0\u00bb1560768585183-4-8e316-440e1725553843112&Prime;][vc_column_text uncode_shortcode_id=\u00a0\u00bb139950&Prime;]UNVRS pourrait accueillir jusqu\u2019\u00e0 10 000 personnes, cependant sa capacit\u00e9 officielle n\u2019a pas encore \u00e9t\u00e9 annonc\u00e9e.[\/vc_column_text][\/vc_accordion_tab][vc_accordion_tab gutter_size=\u00a0\u00bb2&Prime; column_padding=\u00a0\u00bb2&Prime; title=\u00a0\u00bbQuel est le code vestimentaire \u00e0 UNVRS ?\u00a0\u00bb tab_id=\u00a0\u00bb1560768597322-5-10e316-440e1725553843112&Prime;][vc_column_text uncode_shortcode_id=\u00a0\u00bb572103&Prime;]Il n\u2019y a pas de code vestimentaire strict \u00e0 UNVRS, sauf la politique habituelle de pas de maillots de foot ou de tongs.[\/vc_column_text][\/vc_accordion_tab][\/vc_accordion][\/vc_column][vc_column column_width_percent=\u00a0\u00bb100&Prime; align_horizontal=\u00a0\u00bbalign_center\u00a0\u00bb gutter_size=\u00a0\u00bb2&Prime; overlay_alpha=\u00a0\u00bb50&Prime; shift_x=\u00a0\u00bb0&Prime; shift_y=\u00a0\u00bb0&Prime; shift_y_down=\u00a0\u00bb0&Prime; z_index=\u00a0\u00bb0&Prime; medium_visibility=\u00a0\u00bbyes\u00a0\u00bb medium_width=\u00a0\u00bb0&Prime; mobile_visibility=\u00a0\u00bbyes\u00a0\u00bb mobile_width=\u00a0\u00bb0&Prime; sticky=\u00a0\u00bbyes\u00a0\u00bb width=\u00a0\u00bb1\/4&Prime;][vc_single_image media=\u00a0\u00bb993446&Prime; media_width_percent=\u00a0\u00bb75&Prime; alignment=\u00a0\u00bbcenter\u00a0\u00bb shape=\u00a0\u00bbimg-circle\u00a0\u00bb border=\u00a0\u00bbyes\u00a0\u00bb shadow=\u00a0\u00bbyes\u00a0\u00bb shadow_weight=\u00a0\u00bbsm\u00a0\u00bb shadow_darker=\u00a0\u00bbyes\u00a0\u00bb uncode_shortcode_id=\u00a0\u00bb159153&Prime;][vc_separator sep_color=\u00a0\u00bbaccent\u00a0\u00bb][vc_separator sep_color=\u00a0\u00bbaccent\u00a0\u00bb][uncode_block id=\u00a0\u00bb146863&Prime; inside_column=\u00a0\u00bbyes\u00a0\u00bb][\/vc_column][\/vc_row][vc_section back_color=\u00a0\u00bbcolor-lxmt\u00a0\u00bb overlay_alpha=\u00a0\u00bb50&Prime;][vc_row][vc_column width=\u00a0\u00bb3\/4&Prime;][vc_gallery el_id=\u00a0\u00bbgallery-160005&Prime; type=\u00a0\u00bbjustified\u00a0\u00bb random=\u00a0\u00bbyes\u00a0\u00bb medias=\u00a0\u00bb993452,993448,993449,993450,993451&Prime; justify_row_height=\u00a0\u00bb150&Prime; gutter_size=\u00a0\u00bb0&Prime; single_overlay_opacity=\u00a0\u00bb50&Prime; single_padding=\u00a0\u00bb2&Prime; title=\u00a0\u00bbGalerie photo\u00a0\u00bb uncode_shortcode_id=\u00a0\u00bb166193&Prime;][\/vc_column][vc_column width=\u00a0\u00bb1\/4&Prime;][\/vc_column][\/vc_row][\/vc_section][vc_section back_color=\u00a0\u00bbcolor-prif\u00a0\u00bb overlay_alpha=\u00a0\u00bb50&Prime;][vc_row row_height_percent=\u00a0\u00bb0&Prime; overlay_alpha=\u00a0\u00bb50&Prime; gutter_size=\u00a0\u00bb3&Prime; column_width_percent=\u00a0\u00bb100&Prime; shift_y=\u00a0\u00bb0&Prime; z_index=\u00a0\u00bb0&Prime; row_name=\u00a0\u00bblistings\u00a0\u00bb][vc_column column_width_percent=\u00a0\u00bb100&Prime; position_vertical=\u00a0\u00bbmiddle\u00a0\u00bb align_horizontal=\u00a0\u00bbalign_center\u00a0\u00bb gutter_size=\u00a0\u00bb2&Prime; overlay_alpha=\u00a0\u00bb50&Prime; shift_x=\u00a0\u00bb0&Prime; shift_y=\u00a0\u00bb0&Prime; shift_y_down=\u00a0\u00bb0&Prime; z_index=\u00a0\u00bb0&Prime; medium_width=\u00a0\u00bb0&Prime; mobile_width=\u00a0\u00bb0&Prime; width=\u00a0\u00bb1\/1&Prime;][vc_custom_heading text_color=\u00a0\u00bbcolor-xsdn\u00a0\u00bb text_size=\u00a0\u00bbh3&Prime; separator_color=\u00a0\u00bbyes\u00a0\u00bb separator=\u00a0\u00bbyes\u00a0\u00bb sub_reduced=\u00a0\u00bbyes\u00a0\u00bb]<\/p>\n<h2 style=\"text-align: center;\"><span style=\"color: #ffffff;\">Liste des soir\u00e9es<\/span><\/h2>\n<p>[\/vc_custom_heading]\t\t<div class=\"wcs-timetable__wrapper\">\n\t\t\t<div class=\"wcs-vue\" id=\"wcs-app-147\"><\/div>\n\t\t<\/div>\n\t\t[\/vc_column][\/vc_row][vc_row unlock_row_content=\u00a0\u00bbyes\u00a0\u00bb row_height_percent=\u00a0\u00bb0&Prime; override_padding=\u00a0\u00bbyes\u00a0\u00bb h_padding=\u00a0\u00bb0&Prime; top_padding=\u00a0\u00bb0&Prime; bottom_padding=\u00a0\u00bb0&Prime; overlay_alpha=\u00a0\u00bb50&Prime; gutter_size=\u00a0\u00bb3&Prime; column_width_percent=\u00a0\u00bb100&Prime; shift_y=\u00a0\u00bb0&Prime; z_index=\u00a0\u00bb0&Prime; row_name=\u00a0\u00bbaccommodation\u00a0\u00bb uncode_shortcode_id=\u00a0\u00bb141378&Prime;][vc_column column_width_percent=\u00a0\u00bb100&Prime; gutter_size=\u00a0\u00bb3&Prime; override_padding=\u00a0\u00bbyes\u00a0\u00bb column_padding=\u00a0\u00bb0&Prime; overlay_alpha=\u00a0\u00bb50&Prime; shift_x=\u00a0\u00bb0&Prime; shift_y=\u00a0\u00bb0&Prime; shift_y_down=\u00a0\u00bb0&Prime; z_index=\u00a0\u00bb0&Prime; medium_width=\u00a0\u00bb0&Prime; mobile_width=\u00a0\u00bb0&Prime; width=\u00a0\u00bb1\/1&Prime;][\/vc_column][\/vc_row][\/vc_section]<\/p>\n<\/div>","protected":false},"excerpt":{"rendered":"<p>[vc_row row_height_percent=\u00a0\u00bb0&Prime; override_padding=\u00a0\u00bbyes\u00a0\u00bb h_padding=\u00a0\u00bb2&Prime; top_padding=\u00a0\u00bb2&Prime; bottom_padding=\u00a0\u00bb0&Prime; back_color=\u00a0\u00bbcolor-jevc\u00a0\u00bb back_image=\u00a0\u00bb613488&Prime; overlay_alpha=\u00a0\u00bb50&Prime; gutter_size=\u00a0\u00bb3&Prime; column_width_percent=\u00a0\u00bb100&Prime; shift_y=\u00a0\u00bb0&Prime; z_index=\u00a0\u00bb0&Prime; row_height_pixel=\u00a0\u00bb50&Prime; uncode_shortcode_id=\u00a0\u00bb146427&Prime; back_color_type=\u00a0\u00bbuncode-palette\u00a0\u00bb][vc_column width=\u00a0\u00bb1\/1&Prime;][vc_empty_space empty_h=\u00a0\u00bb5&Prime;][vc_row_inner row_inner_height_percent=\u00a0\u00bb0&Prime; force_width_grid=\u00a0\u00bbyes\u00a0\u00bb [&hellip;]<\/p>\n","protected":false},"author":1,"featured_media":993446,"parent":989781,"menu_order":0,"comment_status":"closed","ping_status":"closed","template":"","meta":{"_acf_changed":false,"footnotes":""},"class_list":["post-993412","page","type-page","status-publish","has-post-thumbnail","hentry"],"acf":[],"_links":{"self":[{"href":"https:\/\/ticketsibiza.com\/fr\/wp-json\/wp\/v2\/pages\/993412","targetHints":{"allow":["GET"]}}],"collection":[{"href":"https:\/\/ticketsibiza.com\/fr\/wp-json\/wp\/v2\/pages"}],"about":[{"href":"https:\/\/ticketsibiza.com\/fr\/wp-json\/wp\/v2\/types\/page"}],"author":[{"embeddable":true,"href":"https:\/\/ticketsibiza.com\/fr\/wp-json\/wp\/v2\/users\/1"}],"replies":[{"embeddable":true,"href":"https:\/\/ticketsibiza.com\/fr\/wp-json\/wp\/v2\/comments?post=993412"}],"version-history":[{"count":45,"href":"https:\/\/ticketsibiza.com\/fr\/wp-json\/wp\/v2\/pages\/993412\/revisions"}],"predecessor-version":[{"id":1120520,"href":"https:\/\/ticketsibiza.com\/fr\/wp-json\/wp\/v2\/pages\/993412\/revisions\/1120520"}],"up":[{"embeddable":true,"href":"https:\/\/ticketsibiza.com\/fr\/wp-json\/wp\/v2\/pages\/989781"}],"wp:featuredmedia":[{"embeddable":true,"href":"https:\/\/ticketsibiza.com\/fr\/wp-json\/wp\/v2\/media\/993446"}],"wp:attachment":[{"href":"https:\/\/ticketsibiza.com\/fr\/wp-json\/wp\/v2\/media?parent=993412"}],"curies":[{"name":"wp","href":"https:\/\/api.w.org\/{rel}","templated":true}]}}