{"id":992939,"date":"2019-09-11T21:35:21","date_gmt":"2019-09-11T20:35:21","guid":{"rendered":"https:\/\/ticketsibiza.com\/clubs\/pikes\/"},"modified":"2025-11-11T17:22:35","modified_gmt":"2025-11-11T17:22:35","slug":"pikes","status":"publish","type":"page","link":"https:\/\/ticketsibiza.com\/fr\/clubs\/pikes\/","title":{"rendered":"Pikes Ibiza 2026 &#8211; billets, \u00e9v\u00e9nements et programmation"},"content":{"rendered":"<div class=\"wpb-content-wrapper\"><p>[vc_row row_height_percent=\u00a0\u00bb0&Prime; override_padding=\u00a0\u00bbyes\u00a0\u00bb h_padding=\u00a0\u00bb2&Prime; top_padding=\u00a0\u00bb2&Prime; bottom_padding=\u00a0\u00bb0&Prime; back_image=\u00a0\u00bb127456&Prime; back_attachment=\u00a0\u00bbscroll\u00a0\u00bb parallax=\u00a0\u00bbyes\u00a0\u00bb overlay_alpha=\u00a0\u00bb50&Prime; gutter_size=\u00a0\u00bb3&Prime; column_width_percent=\u00a0\u00bb100&Prime; shift_y=\u00a0\u00bb0&Prime; z_index=\u00a0\u00bb0&Prime; row_height_pixel=\u00a0\u00bb50&Prime;][vc_column width=\u00a0\u00bb1\/1&Prime;][vc_empty_space empty_h=\u00a0\u00bb5&Prime;][vc_row_inner row_inner_height_percent=\u00a0\u00bb0&Prime; force_width_grid=\u00a0\u00bbyes\u00a0\u00bb overlay_color=\u00a0\u00bbcolor-149363&Prime; overlay_alpha=\u00a0\u00bb70&Prime; gutter_size=\u00a0\u00bb1&Prime; shift_y=\u00a0\u00bb1&Prime; z_index=\u00a0\u00bb3&Prime; css=\u00a0\u00bb.vc_custom_1555872297672{margin-bottom: 0px !important;border-bottom-width: 0px !important;padding-top: 0px !important;padding-bottom: 0px !important;padding-left: 20px !important;}\u00a0\u00bb][vc_column_inner column_width_percent=\u00a0\u00bb100&Prime; gutter_size=\u00a0\u00bb0&Prime; overlay_alpha=\u00a0\u00bb50&Prime; shift_x=\u00a0\u00bb0&Prime; shift_y=\u00a0\u00bb0&Prime; shift_y_down=\u00a0\u00bb0&Prime; z_index=\u00a0\u00bb0&Prime; medium_width=\u00a0\u00bb0&Prime; mobile_width=\u00a0\u00bb0&Prime; width=\u00a0\u00bb1\/1&Prime; css=\u00a0\u00bb.vc_custom_1551002411961{padding-bottom: 0px !important;}\u00a0\u00bb][vc_custom_heading text_color=\u00a0\u00bbcolor-xsdn\u00a0\u00bb heading_semantic=\u00a0\u00bbh1&Prime; text_size=\u00a0\u00bbh1&Prime; sub_reduced=\u00a0\u00bbyes\u00a0\u00bb]<\/p>\n<h1 style=\"text-align: left;\"><span style=\"color: #ffffff;\">Pikes Ibiza<\/span><\/h1>\n<p>[\/vc_custom_heading][vc_column_text text_lead=\u00a0\u00bbyes\u00a0\u00bb]<\/p>\n<h4><span style=\"font-weight: 400; color: #ffffff;\">H\u00f4tel. Club. Institution d\u2019Ibiza.  <\/span><\/h4>\n<p>[\/vc_column_text][\/vc_column_inner][\/vc_row_inner][\/vc_column][\/vc_row][vc_row row_height_percent=\u00a0\u00bb0&Prime; overlay_alpha=\u00a0\u00bb50&Prime; gutter_size=\u00a0\u00bb3&Prime; column_width_percent=\u00a0\u00bb100&Prime; shift_y=\u00a0\u00bb0&Prime; z_index=\u00a0\u00bb0&Prime; css=\u00a0\u00bb.vc_custom_1551018712642{margin-top: 0px !important;margin-bottom: 0px !important;}\u00a0\u00bb][vc_column column_width_percent=\u00a0\u00bb100&Prime; gutter_size=\u00a0\u00bb3&Prime; overlay_alpha=\u00a0\u00bb50&Prime; shift_x=\u00a0\u00bb0&Prime; shift_y=\u00a0\u00bb0&Prime; shift_y_down=\u00a0\u00bb0&Prime; z_index=\u00a0\u00bb0&Prime; medium_width=\u00a0\u00bb0&Prime; mobile_width=\u00a0\u00bb0&Prime; width=\u00a0\u00bb3\/4&Prime;][vc_column_text]<span style=\"font-weight: 400;\">L\u2019histoire de Pikes remonte loin. Cr\u00e9\u00e9 par <strong>Tony Pike<\/strong> dans les ann\u00e9es 1970, certains des noms les plus c\u00e9l\u00e8bres au monde \u00e9taient des clients r\u00e9guliers de l\u2019h\u00f4tel, situ\u00e9 \u00e0 quelques minutes en voiture de <strong>San Antonio<\/strong> \u00e0 l\u2019ouest d\u2019Ibiza. <\/span><\/p>\n<p><span style=\"font-weight: 400;\">Le plus c\u00e9l\u00e8bre d\u2019entre eux, <strong>Freddie Mercury<\/strong> \u00e9tait un client r\u00e9current, qui a m\u00eame maintenant <strong>sa propre chambre<\/strong> nomm\u00e9e en son honneur. Pouvoir dire que tu as dans\u00e9 dans l\u2019ancienne chambre d\u2019h\u00f4tel de Freddy Mercury, c\u2019est le genre de chose que tu ne peux vraiment dire qu\u2019\u00e0 Ibiza. <\/span><\/p>\n<p><span style=\"font-weight: 400;\">Il y a bien s\u00fbr aussi la piscine, rendue c\u00e9l\u00e8bre par le clip de <strong>Club Tropicana de Wham<\/strong>, qui a \u00e9t\u00e9 tourn\u00e9 \u00e0 l\u2019h\u00f4tel.&nbsp;<\/span><\/p>\n<p><span style=\"font-weight: 400;\">Tout cela fait partie d\u2019un lieu dont on a l\u2019impression qu\u2019il a tout vu au fil des ann\u00e9es. En 2011, <strong>Ibiza Rocks<\/strong> a pris possession du lieu et l\u2019a modernis\u00e9 pour en faire l\u2019h\u00f4tel d\u2019aujourd\u2019hui. <\/span><\/p>\n<p><span style=\"font-weight: 400;\">Du point de vue club, ne t\u2019attends pas \u00e0 une immense piste de danse comme si tu \u00e9tais dans un super club. Non, ce \u00e0 quoi tu dois te pr\u00e9parer, c\u2019est plut\u00f4t \u00e0 l\u2019impression d\u2019\u00eatre \u00e0 une <strong>f\u00eate \u00e0 la maison<\/strong> au milieu de la campagne ibizienne. Pour \u00eatre honn\u00eate, c\u2019est \u00e0 peu pr\u00e8s exactement \u00e7a. C\u2019est unique au monde, et c\u2019est fantastique.   <\/span><\/p>\n<p><span style=\"font-weight: 400;\">Le club n\u2019est pas ouvert tous les soirs, et la politique musicale varie consid\u00e9rablement tout au long de la semaine, alors planifie bien ton voyage. Ceci dit, Pikes n\u2019est pas le genre d\u2019endroit o\u00f9 tu tombes par hasard, donc si tu y vas pour faire la f\u00eate, tu peux \u00eatre s\u00fbr d\u2019y \u00eatre avec d\u2019autres amis qui partagent tes go\u00fbts. <\/span><\/p>\n<p><span style=\"font-weight: 400;\">Les soir\u00e9es \u00e0 Pikes ont g\u00e9n\u00e9ralement une entr\u00e9e gratuite, cependant tu devras t\u2019inscrire sur la liste d\u2019invit\u00e9s directement via leur site web.<\/span>[\/vc_column_text][vc_tabs][vc_tab title=\u00a0\u00bb\u00c0 quoi s&apos;attendre\u00a0\u00bb tab_id=\u00a0\u00bb1560767237-1-91fffd-f68253a7-0b86&Prime;][vc_column_text]<\/p>\n<blockquote>\n<h3><span style=\"font-weight: 400;\">\u00ab Un lieu charg\u00e9 d\u2019histoire, et une atmosph\u00e8re de f\u00eate \u00e0 la maison \u00bb<\/span><\/h3>\n<\/blockquote>\n<p>[\/vc_column_text][\/vc_tab][vc_tab title=\u00a0\u00bbNos conseils\u00a0\u00bb tab_id=\u00a0\u00bb1560767237-2-0fffd-f68253a7-0b86&Prime;][vc_column_text]<\/p>\n<ul>\n<li style=\"font-weight: 400;\"><span style=\"font-weight: 400;\">Assure-toi de v\u00e9rifier les horaires des sets du club. Les soir\u00e9es changent de nuit en nuit et \u00e7a ne ferme pas aussi tard que les autres clubs d\u2019Ibiza <\/span><\/li>\n<li style=\"font-weight: 400;\"><span style=\"font-weight: 400;\">Si tu as un petit creux, prends quelque chose \u00e0 manger dans l\u2019excellent restaurant pour pouvoir d\u00eener et te d\u00e9tendre avant de danser<\/span><\/li>\n<\/ul>\n<p>[\/vc_column_text][\/vc_tab][\/vc_tabs][vc_accordion title=\u00a0\u00bbFAQ\u00a0\u00bb][vc_accordion_tab title=\u00a0\u00bbComment aller \u00e0 pikes ?\u00a0\u00bb tab_id=\u00a0\u00bb1560767237-1-24fffd-f68253a7-0b86&Prime;][vc_column_text]<span style=\"font-weight: 400;\">Pikes se trouve \u00e0 quelques kilom\u00e8tres \u00e0 l\u2019ext\u00e9rieur de San Antonio, \u00e0 l\u2019ouest d\u2019Ibiza. C\u2019est assez cach\u00e9 alors on recommande de prendre un taxi pour y aller. \u00c7a te co\u00fbtera moins de 10 \u20ac depuis San Antonio, et environ 35 \u20ac depuis Ibiza Town pour y arriver.  <\/span>[\/vc_column_text][\/vc_accordion_tab][vc_accordion_tab title=\u00a0\u00bbQuels sont les horaires d&apos;ouverture de pikes ?\u00a0\u00bb tab_id=\u00a0\u00bb1560767237-2-71fffd-f68253a7-0b86&Prime;][vc_column_text]<span style=\"font-weight: 400;\">Il n\u2019y a pas d\u2019horaires d\u2019ouverture\/fermeture formels puisque Pikes est un h\u00f4tel. Ceci dit, la plupart des soir\u00e9es club commencent \u00e0 20h et continuent jusqu\u2019\u00e0 4h du matin. <\/span>[\/vc_column_text][\/vc_accordion_tab][vc_accordion_tab title=\u00a0\u00bbCombien \u00e7a co\u00fbte d&apos;entrer \u00e0 pikes ?\u00a0\u00bb tab_id=\u00a0\u00bb1560768560770-2-3fffd-f68253a7-0b86&Prime;][vc_column_text]<span style=\"font-weight: 400;\">Les billets pour Pikes sont g\u00e9n\u00e9ralement gratuits, sur liste d\u2019invit\u00e9s \u00e0 l\u2019avance.<\/span>[\/vc_column_text][\/vc_accordion_tab][vc_accordion_tab title=\u00a0\u00bbQuels sont les prix des boissons \u00e0 pikes ?\u00a0\u00bb tab_id=\u00a0\u00bb1560768568468-3-4fffd-f68253a7-0b86&Prime;][vc_column_text uncode_shortcode_id=\u00a0\u00bb167847&Prime;]<span style=\"font-weight: 400;\">Une bi\u00e8re co\u00fbte 15 \u20ac, l\u2019eau 9 \u20ac et un spiritueux + mixer 19 \u20ac.<\/span>[\/vc_column_text][\/vc_accordion_tab][vc_accordion_tab title=\u00a0\u00bbQuelle est la capacit\u00e9 de pikes ?\u00a0\u00bb tab_id=\u00a0\u00bb1560768585183-4-8fffd-f68253a7-0b86&Prime;][vc_column_text]<span style=\"font-weight: 400;\">Pikes peut accueillir jusqu\u2019\u00e0 800 personnes.<\/span>[\/vc_column_text][\/vc_accordion_tab][vc_accordion_tab title=\u00a0\u00bbQuel est le dress code \u00e0 pikes ?\u00a0\u00bb tab_id=\u00a0\u00bb1560768597322-5-10fffd-f68253a7-0b86&Prime;][vc_column_text]<span style=\"font-weight: 400;\">Bien que tu puisses vouloir t\u2019habiller plus \u00e9l\u00e9gamment pour le restaurant, si tu vas juste en club il n\u2019y a pas de dress code. Porte ce dans quoi tu es \u00e0 l\u2019aise pour danser ! <\/span>[\/vc_column_text][\/vc_accordion_tab][vc_accordion_tab gutter_size=\u00a0\u00bb2&Prime; column_padding=\u00a0\u00bb2&Prime; title=\u00a0\u00bbQuelle est la programmation de pikes Ibiza ?\u00a0\u00bb tab_id=\u00a0\u00bb1560768604185-6-7fffd-f68253a7-0b86&Prime;][vc_column_text uncode_shortcode_id=\u00a0\u00bb147527&Prime;]<span style=\"font-weight: 400;\">Consulte la programmation compl\u00e8te de Pikes Ibiza <a href=\"https:\/\/pikesibiza.com\/events\/\" target=\"_blank\" rel=\"noopener\">ici<\/a>.<\/span>[\/vc_column_text][\/vc_accordion_tab][\/vc_accordion][\/vc_column][vc_column column_width_percent=\u00a0\u00bb100&Prime; align_horizontal=\u00a0\u00bbalign_center\u00a0\u00bb gutter_size=\u00a0\u00bb2&Prime; overlay_alpha=\u00a0\u00bb50&Prime; shift_x=\u00a0\u00bb0&Prime; shift_y=\u00a0\u00bb0&Prime; shift_y_down=\u00a0\u00bb0&Prime; z_index=\u00a0\u00bb0&Prime; medium_visibility=\u00a0\u00bbyes\u00a0\u00bb medium_width=\u00a0\u00bb0&Prime; mobile_visibility=\u00a0\u00bbyes\u00a0\u00bb mobile_width=\u00a0\u00bb0&Prime; sticky=\u00a0\u00bbyes\u00a0\u00bb width=\u00a0\u00bb1\/4&Prime;][vc_button button_color=\u00a0\u00bbcolor-jevc\u00a0\u00bb size=\u00a0\u00bbbtn-xl\u00a0\u00bb border_animation=\u00a0\u00bbbtn-ripple-out\u00a0\u00bb wide=\u00a0\u00bbyes\u00a0\u00bb border_width=\u00a0\u00bb0&Prime; link=\u00a0\u00bburl:https%3A%2F%2Fpikesibiza.com%2Fevents%2F|target:%20_blank|\u00a0\u00bb]Acheter des billets[\/vc_button][vc_separator sep_color=\u00a0\u00bbaccent\u00a0\u00bb][vc_single_image media=\u00a0\u00bb992957&Prime; media_width_percent=\u00a0\u00bb75&Prime; alignment=\u00a0\u00bbcenter\u00a0\u00bb shape=\u00a0\u00bbimg-circle\u00a0\u00bb border=\u00a0\u00bbyes\u00a0\u00bb shadow=\u00a0\u00bbyes\u00a0\u00bb shadow_weight=\u00a0\u00bbsm\u00a0\u00bb shadow_darker=\u00a0\u00bbyes\u00a0\u00bb][vc_separator sep_color=\u00a0\u00bbaccent\u00a0\u00bb][vc_gmaps latlon=\u00a0\u00bb38.9910216,1.3200945&Prime; size=\u00a0\u00bb280&Prime; map_color=\u00a0\u00bbcolor-wvjs\u00a0\u00bb ui_color=\u00a0\u00bbaccent\u00a0\u00bb zoom=\u00a0\u00bb10&Prime; map_saturation=\u00a0\u00bb-100&Prime; map_brightness=\u00a0\u00bb5&Prime; address=\u00a0\u00bbCam\u00ed de Sa Vorera, S\/N, 07820 Sant Antoni de Portmany, Illes Balears, Spain\u00a0\u00bb][vc_separator sep_color=\u00a0\u00bbaccent\u00a0\u00bb][uncode_block id=\u00a0\u00bb146863&Prime; inside_column=\u00a0\u00bbyes\u00a0\u00bb][\/vc_column][\/vc_row][vc_section back_color=\u00a0\u00bbcolor-lxmt\u00a0\u00bb overlay_alpha=\u00a0\u00bb50&Prime;][vc_row][vc_column width=\u00a0\u00bb3\/4&Prime;][vc_gallery el_id=\u00a0\u00bbgallery-160005&Prime; type=\u00a0\u00bbjustified\u00a0\u00bb random=\u00a0\u00bbyes\u00a0\u00bb medias=\u00a0\u00bb992958,992959,991161,992961,992962,992963&Prime; justify_row_height=\u00a0\u00bb150&Prime; gutter_size=\u00a0\u00bb0&Prime; single_overlay_opacity=\u00a0\u00bb50&Prime; single_padding=\u00a0\u00bb2&Prime; title=\u00a0\u00bbGalerie photo\u00a0\u00bb][\/vc_column][vc_column width=\u00a0\u00bb1\/4&Prime;][vc_raw_html]PGlmcmFtZSBzcmM9Imh0dHBzOi8vb3Blbi5zcG90aWZ5LmNvbS9lbWJlZC1wb2RjYXN0L3Nob3cvNUxGcmdGdzd4bmVvYzhVOHlGSTMxVSIgd2lkdGg9IjEwMCUiIGhlaWdodD0iMjMyIiBmcmFtZWJvcmRlcj0iMCIgYWxsb3d0cmFuc3BhcmVuY3k9InRydWUiIGFsbG93PSJlbmNyeXB0ZWQtbWVkaWEiPjwvaWZyYW1lPg==[\/vc_raw_html][\/vc_column][\/vc_row][\/vc_section][vc_section back_color=\u00a0\u00bbcolor-prif\u00a0\u00bb overlay_alpha=\u00a0\u00bb50&Prime;][vc_row row_height_percent=\u00a0\u00bb0&Prime; overlay_alpha=\u00a0\u00bb50&Prime; gutter_size=\u00a0\u00bb3&Prime; column_width_percent=\u00a0\u00bb100&Prime; shift_y=\u00a0\u00bb0&Prime; z_index=\u00a0\u00bb0&Prime; row_name=\u00a0\u00bblistings\u00a0\u00bb][vc_column column_width_percent=\u00a0\u00bb100&Prime; position_vertical=\u00a0\u00bbmiddle\u00a0\u00bb align_horizontal=\u00a0\u00bbalign_center\u00a0\u00bb gutter_size=\u00a0\u00bb2&Prime; overlay_alpha=\u00a0\u00bb50&Prime; shift_x=\u00a0\u00bb0&Prime; shift_y=\u00a0\u00bb0&Prime; shift_y_down=\u00a0\u00bb0&Prime; z_index=\u00a0\u00bb0&Prime; medium_width=\u00a0\u00bb0&Prime; mobile_width=\u00a0\u00bb0&Prime; width=\u00a0\u00bb1\/1&Prime;][vc_button button_color=\u00a0\u00bbcolor-vyce\u00a0\u00bb size=\u00a0\u00bbbtn-lg\u00a0\u00bb border_width=\u00a0\u00bb0&Prime; link=\u00a0\u00bburl:https%3A%2F%2Fpikesibiza.com%2Fevents%2F|target:%20_blank|\u00a0\u00bb]ACHETER DES BILLETS[\/vc_button][\/vc_column][\/vc_row][\/vc_section]<\/p>\n<\/div>","protected":false},"excerpt":{"rendered":"<p>[vc_row row_height_percent=\u00a0\u00bb0&Prime; override_padding=\u00a0\u00bbyes\u00a0\u00bb h_padding=\u00a0\u00bb2&Prime; top_padding=\u00a0\u00bb2&Prime; bottom_padding=\u00a0\u00bb0&Prime; back_image=\u00a0\u00bb127456&Prime; back_attachment=\u00a0\u00bbscroll\u00a0\u00bb parallax=\u00a0\u00bbyes\u00a0\u00bb overlay_alpha=\u00a0\u00bb50&Prime; gutter_size=\u00a0\u00bb3&Prime; column_width_percent=\u00a0\u00bb100&Prime; shift_y=\u00a0\u00bb0&Prime; z_index=\u00a0\u00bb0&Prime; row_height_pixel=\u00a0\u00bb50&Prime;][vc_column width=\u00a0\u00bb1\/1&Prime;][vc_empty_space empty_h=\u00a0\u00bb5&Prime;][vc_row_inner row_inner_height_percent=\u00a0\u00bb0&Prime; force_width_grid=\u00a0\u00bbyes\u00a0\u00bb overlay_color=\u00a0\u00bbcolor-149363&Prime; [&hellip;]<\/p>\n","protected":false},"author":1,"featured_media":127457,"parent":989781,"menu_order":0,"comment_status":"closed","ping_status":"closed","template":"","meta":{"_acf_changed":false,"footnotes":""},"class_list":["post-992939","page","type-page","status-publish","has-post-thumbnail","hentry","page_category-clubs"],"acf":[],"_links":{"self":[{"href":"https:\/\/ticketsibiza.com\/fr\/wp-json\/wp\/v2\/pages\/992939","targetHints":{"allow":["GET"]}}],"collection":[{"href":"https:\/\/ticketsibiza.com\/fr\/wp-json\/wp\/v2\/pages"}],"about":[{"href":"https:\/\/ticketsibiza.com\/fr\/wp-json\/wp\/v2\/types\/page"}],"author":[{"embeddable":true,"href":"https:\/\/ticketsibiza.com\/fr\/wp-json\/wp\/v2\/users\/1"}],"replies":[{"embeddable":true,"href":"https:\/\/ticketsibiza.com\/fr\/wp-json\/wp\/v2\/comments?post=992939"}],"version-history":[{"count":11,"href":"https:\/\/ticketsibiza.com\/fr\/wp-json\/wp\/v2\/pages\/992939\/revisions"}],"predecessor-version":[{"id":1004455,"href":"https:\/\/ticketsibiza.com\/fr\/wp-json\/wp\/v2\/pages\/992939\/revisions\/1004455"}],"up":[{"embeddable":true,"href":"https:\/\/ticketsibiza.com\/fr\/wp-json\/wp\/v2\/pages\/989781"}],"wp:featuredmedia":[{"embeddable":true,"href":"https:\/\/ticketsibiza.com\/fr\/wp-json\/wp\/v2\/media\/127457"}],"wp:attachment":[{"href":"https:\/\/ticketsibiza.com\/fr\/wp-json\/wp\/v2\/media?parent=992939"}],"curies":[{"name":"wp","href":"https:\/\/api.w.org\/{rel}","templated":true}]}}