{"id":992865,"date":"2019-03-11T20:42:13","date_gmt":"2019-03-11T20:42:13","guid":{"rendered":"https:\/\/ticketsibiza.com\/parties\/abode\/"},"modified":"2025-10-13T13:11:46","modified_gmt":"2025-10-13T12:11:46","slug":"abode","status":"publish","type":"page","link":"https:\/\/ticketsibiza.com\/fr\/fetes\/abode\/","title":{"rendered":"ABODE Ibiza &#8211; billets, \u00e9v\u00e9nements et programmation 2024"},"content":{"rendered":"<div class=\"wpb-content-wrapper\"><p>[vc_row row_height_percent=\u00a0\u00bb0&Prime; override_padding=\u00a0\u00bbyes\u00a0\u00bb h_padding=\u00a0\u00bb2&Prime; top_padding=\u00a0\u00bb2&Prime; bottom_padding=\u00a0\u00bb0&Prime; back_image=\u00a0\u00bb60622&Prime; overlay_alpha=\u00a0\u00bb50&Prime; gutter_size=\u00a0\u00bb3&Prime; column_width_percent=\u00a0\u00bb100&Prime; shift_y=\u00a0\u00bb0&Prime; z_index=\u00a0\u00bb0&Prime; row_height_pixel=\u00a0\u00bb50&Prime;][vc_column width=\u00a0\u00bb1\/1&Prime;][vc_empty_space empty_h=\u00a0\u00bb5&Prime;][vc_row_inner row_inner_height_percent=\u00a0\u00bb0&Prime; force_width_grid=\u00a0\u00bbyes\u00a0\u00bb overlay_color=\u00a0\u00bbcolor-149363&Prime; overlay_alpha=\u00a0\u00bb70&Prime; gutter_size=\u00a0\u00bb1&Prime; shift_y=\u00a0\u00bb1&Prime; z_index=\u00a0\u00bb3&Prime; css=\u00a0\u00bb.vc_custom_1555709033995{margin-bottom: 0px !important;border-bottom-width: 0px !important;padding-top: 0px !important;padding-bottom: 0px !important;padding-left: 20px !important;}\u00a0\u00bb][vc_column_inner column_width_percent=\u00a0\u00bb100&Prime; gutter_size=\u00a0\u00bb0&Prime; overlay_alpha=\u00a0\u00bb50&Prime; shift_x=\u00a0\u00bb0&Prime; shift_y=\u00a0\u00bb0&Prime; shift_y_down=\u00a0\u00bb0&Prime; z_index=\u00a0\u00bb0&Prime; medium_width=\u00a0\u00bb0&Prime; mobile_width=\u00a0\u00bb0&Prime; width=\u00a0\u00bb1\/1&Prime; css=\u00a0\u00bb.vc_custom_1551002411961{padding-bottom: 0px !important;}\u00a0\u00bb][vc_custom_heading text_color=\u00a0\u00bbcolor-xsdn\u00a0\u00bb heading_semantic=\u00a0\u00bbh1&Prime; text_size=\u00a0\u00bbh1&Prime; sub_reduced=\u00a0\u00bbyes\u00a0\u00bb]ABODE[\/vc_custom_heading][vc_column_text text_lead=\u00a0\u00bbyes\u00a0\u00bb]<strong><span style=\"color: white;\">Amnesia<\/span><\/strong>[\/vc_column_text][\/vc_column_inner][\/vc_row_inner][\/vc_column][\/vc_row][vc_row row_height_percent=\u00a0\u00bb0&Prime; override_padding=\u00a0\u00bbyes\u00a0\u00bb h_padding=\u00a0\u00bb2&Prime; top_padding=\u00a0\u00bb2&Prime; bottom_padding=\u00a0\u00bb0&Prime; overlay_alpha=\u00a0\u00bb50&Prime; gutter_size=\u00a0\u00bb3&Prime; column_width_percent=\u00a0\u00bb100&Prime; shift_y=\u00a0\u00bb0&Prime; z_index=\u00a0\u00bb0&Prime; css=\u00a0\u00bb.vc_custom_1551018966910{margin-bottom: 0px !important;padding-bottom: 0px !important;}\u00a0\u00bb][vc_column column_width_percent=\u00a0\u00bb100&Prime; gutter_size=\u00a0\u00bb0&Prime; overlay_alpha=\u00a0\u00bb50&Prime; shift_x=\u00a0\u00bb0&Prime; shift_y=\u00a0\u00bb0&Prime; shift_y_down=\u00a0\u00bb0&Prime; z_index=\u00a0\u00bb0&Prime; medium_width=\u00a0\u00bb0&Prime; mobile_width=\u00a0\u00bb0&Prime; width=\u00a0\u00bb3\/4&Prime;][vc_column_text uncode_shortcode_id=\u00a0\u00bb131508&Prime;]<\/p>\n<blockquote>\n<h3>La soir\u00e9e londonienne passe \u00e0 la vitesse sup\u00e9rieure en 2024<\/h3>\n<\/blockquote>\n<p>[\/vc_column_text][\/vc_column][vc_column column_width_percent=\u00a0\u00bb100&Prime; align_horizontal=\u00a0\u00bbalign_center\u00a0\u00bb gutter_size=\u00a0\u00bb0&Prime; overlay_alpha=\u00a0\u00bb50&Prime; shift_x=\u00a0\u00bb0&Prime; shift_y=\u00a0\u00bb0&Prime; shift_y_down=\u00a0\u00bb0&Prime; z_index=\u00a0\u00bb0&Prime; medium_width=\u00a0\u00bb0&Prime; mobile_width=\u00a0\u00bb0&Prime; width=\u00a0\u00bb1\/4&Prime;][vc_button button_color=\u00a0\u00bbcolor-jevc\u00a0\u00bb size=\u00a0\u00bbbtn-xl\u00a0\u00bb border_animation=\u00a0\u00bbbtn-ripple-out\u00a0\u00bb border_width=\u00a0\u00bb0&Prime; link=\u00a0\u00bburl:%23listings|\u00a0\u00bb]Acheter des billets[\/vc_button][\/vc_column][\/vc_row][vc_row row_height_percent=\u00a0\u00bb0&Prime; overlay_alpha=\u00a0\u00bb50&Prime; gutter_size=\u00a0\u00bb3&Prime; column_width_percent=\u00a0\u00bb100&Prime; shift_y=\u00a0\u00bb0&Prime; z_index=\u00a0\u00bb0&Prime; css=\u00a0\u00bb.vc_custom_1551018712642{margin-top: 0px !important;margin-bottom: 0px !important;}\u00a0\u00bb][vc_column column_width_percent=\u00a0\u00bb100&Prime; gutter_size=\u00a0\u00bb2&Prime; overlay_alpha=\u00a0\u00bb50&Prime; shift_x=\u00a0\u00bb0&Prime; shift_y=\u00a0\u00bb0&Prime; shift_y_down=\u00a0\u00bb0&Prime; z_index=\u00a0\u00bb0&Prime; medium_width=\u00a0\u00bb0&Prime; mobile_width=\u00a0\u00bb0&Prime; width=\u00a0\u00bb3\/4&Prime;][vc_column_text uncode_shortcode_id=\u00a0\u00bb231251&Prime;]<span style=\"font-weight: 400;\">ABODE est de retour \u00e0 Ibiza pour 2024 et continue de monter en puissance. Depuis ses d\u00e9buts \u00e0 Sankeys en 2024, l\u2019\u00e9quipe d\u2019ABODE organise d\u00e9sormais ses soir\u00e9es chaque semaine \u00e0 Eden. Tu y retrouveras tous les \u00e9l\u00e9ments incroyables que tu peux attendre du c\u00e9l\u00e8bre club : un spectacle de lumi\u00e8res \u00e9poustouflant et un syst\u00e8me sonore qui te gardera clou\u00e9 sur la piste de danse.  <\/span><\/p>\n<p><span style=\"font-weight: 400;\">ABODE se fait une fiert\u00e9 de mettre en avant aussi bien les talents \u00e9mergents que confirm\u00e9s, organisant des soir\u00e9es ax\u00e9es sur la house underground de qualit\u00e9. Apr\u00e8s avoir g\u00e9r\u00e9 la terrasse d\u2019Amnesia aux c\u00f4t\u00e9s de Do Not Sleep en 2018, le succ\u00e8s et la popularit\u00e9 d\u2019ABODE lui ont permis d\u2019obtenir sa premi\u00e8re soir\u00e9e enti\u00e8rement d\u00e9di\u00e9e dans ce super club, et nous avons h\u00e2te de d\u00e9couvrir ce qu\u2019ils nous r\u00e9servent pour 2024. <\/span>[\/vc_column_text][\/vc_column][vc_column column_width_percent=\u00a0\u00bb100&Prime; gutter_size=\u00a0\u00bb0&Prime; overlay_alpha=\u00a0\u00bb50&Prime; shift_x=\u00a0\u00bb0&Prime; shift_y=\u00a0\u00bb0&Prime; shift_y_down=\u00a0\u00bb0&Prime; z_index=\u00a0\u00bb0&Prime; medium_width=\u00a0\u00bb0&Prime; mobile_width=\u00a0\u00bb0&Prime; sticky=\u00a0\u00bbyes\u00a0\u00bb width=\u00a0\u00bb1\/4&Prime;][vc_separator sep_color=\u00a0\u00bbcolor-149363&Prime;][uncode_list icon=\u00a0\u00bbfa fa-location-outline\u00a0\u00bb uncode_shortcode_id=\u00a0\u00bb127744&Prime;]<\/p>\n<ul>\n<li>Eden<\/li>\n<\/ul>\n<p>[\/uncode_list][uncode_list icon=\u00a0\u00bbfa fa-calendar\u00a0\u00bb]<\/p>\n<ul>\n<li>Jeudi<\/li>\n<\/ul>\n<p>[\/uncode_list][uncode_list icon=\u00a0\u00bbfa fa-cab\u00a0\u00bb]<\/p>\n<ul>\n<li>Ctra. Ibiza a San Antonio, 07816 <\/li>\n<\/ul>\n<p>[\/uncode_list][uncode_list icon=\u00a0\u00bbfa fa-ticket\u00a0\u00bb]<\/p>\n<ul>\n<li>Ibiza spotlight<\/li>\n<\/ul>\n<p>[\/uncode_list][vc_separator sep_color=\u00a0\u00bbcolor-149363&Prime;][\/vc_column][\/vc_row][vc_section back_color=\u00a0\u00bbcolor-lxmt\u00a0\u00bb overlay_alpha=\u00a0\u00bb50&Prime;][vc_row][vc_column width=\u00a0\u00bb3\/4&Prime;][vc_gallery el_id=\u00a0\u00bbgallery-160005&Prime; type=\u00a0\u00bbjustified\u00a0\u00bb random=\u00a0\u00bbyes\u00a0\u00bb medias=\u00a0\u00bb992869,991159,992870,992871,992872,992873&Prime; justify_row_height=\u00a0\u00bb150&Prime; gutter_size=\u00a0\u00bb3&Prime; single_overlay_opacity=\u00a0\u00bb50&Prime; single_padding=\u00a0\u00bb2&Prime; title=\u00a0\u00bbGalerie ABODE\u00a0\u00bb][\/vc_column][vc_column width=\u00a0\u00bb1\/4&Prime;][uncode_share layout=\u00a0\u00bbmultiple\u00a0\u00bb separator=\u00a0\u00bbyes\u00a0\u00bb title=\u00a0\u00bbPartager cette soir\u00e9e\u00a0\u00bb][\/vc_column][\/vc_row][\/vc_section][vc_section back_color=\u00a0\u00bbcolor-prif\u00a0\u00bb overlay_alpha=\u00a0\u00bb50&Prime;][vc_row row_height_percent=\u00a0\u00bb0&Prime; override_padding=\u00a0\u00bbyes\u00a0\u00bb h_padding=\u00a0\u00bb2&Prime; top_padding=\u00a0\u00bb2&Prime; bottom_padding=\u00a0\u00bb0&Prime; overlay_alpha=\u00a0\u00bb50&Prime; gutter_size=\u00a0\u00bb3&Prime; column_width_percent=\u00a0\u00bb100&Prime; shift_y=\u00a0\u00bb0&Prime; z_index=\u00a0\u00bb0&Prime; row_name=\u00a0\u00bblistings\u00a0\u00bb][vc_column column_width_percent=\u00a0\u00bb100&Prime; position_vertical=\u00a0\u00bbmiddle\u00a0\u00bb align_horizontal=\u00a0\u00bbalign_center\u00a0\u00bb gutter_size=\u00a0\u00bb0&Prime; override_padding=\u00a0\u00bbyes\u00a0\u00bb column_padding=\u00a0\u00bb0&Prime; overlay_alpha=\u00a0\u00bb50&Prime; shift_x=\u00a0\u00bb0&Prime; shift_y=\u00a0\u00bb0&Prime; shift_y_down=\u00a0\u00bb0&Prime; z_index=\u00a0\u00bb0&Prime; medium_width=\u00a0\u00bb0&Prime; mobile_width=\u00a0\u00bb0&Prime; width=\u00a0\u00bb1\/1&Prime;][vc_custom_heading text_color=\u00a0\u00bbcolor-xsdn\u00a0\u00bb sub_lead=\u00a0\u00bbyes\u00a0\u00bb]<\/p>\n<h2 style=\"text-align: center;\"><span style=\"color: #ffffff;\">Programme des soir\u00e9es 2019<\/span><\/h2>\n<p>[\/vc_custom_heading][\/vc_column][\/vc_row][vc_row row_height_percent=\u00a0\u00bb0&Prime; overlay_alpha=\u00a0\u00bb50&Prime; gutter_size=\u00a0\u00bb2&Prime; column_width_percent=\u00a0\u00bb100&Prime; shift_y=\u00a0\u00bb0&Prime; z_index=\u00a0\u00bb0&Prime;][vc_column column_width_percent=\u00a0\u00bb100&Prime; gutter_size=\u00a0\u00bb3&Prime; expand_height=\u00a0\u00bbyes\u00a0\u00bb overlay_alpha=\u00a0\u00bb50&Prime; shift_x=\u00a0\u00bb0&Prime; shift_y=\u00a0\u00bb0&Prime; shift_y_down=\u00a0\u00bb0&Prime; z_index=\u00a0\u00bb0&Prime; medium_width=\u00a0\u00bb0&Prime; mobile_width=\u00a0\u00bb0&Prime; width=\u00a0\u00bb1\/1&Prime; css=\u00a0\u00bb.vc_custom_1561364742261{padding-top: 5px !important;}\u00a0\u00bb]\t\t<div class=\"wcs-timetable__wrapper\">\n\t\t\t<div class=\"wcs-vue\" id=\"wcs-app-11\"><\/div>\n\t\t<\/div>\n\t\t[\/vc_column][\/vc_row][\/vc_section]<\/p>\n<\/div>","protected":false},"excerpt":{"rendered":"<p>[vc_row row_height_percent=\u00a0\u00bb0&Prime; override_padding=\u00a0\u00bbyes\u00a0\u00bb h_padding=\u00a0\u00bb2&Prime; top_padding=\u00a0\u00bb2&Prime; bottom_padding=\u00a0\u00bb0&Prime; back_image=\u00a0\u00bb60622&Prime; overlay_alpha=\u00a0\u00bb50&Prime; gutter_size=\u00a0\u00bb3&Prime; column_width_percent=\u00a0\u00bb100&Prime; shift_y=\u00a0\u00bb0&Prime; z_index=\u00a0\u00bb0&Prime; row_height_pixel=\u00a0\u00bb50&Prime;][vc_column width=\u00a0\u00bb1\/1&Prime;][vc_empty_space empty_h=\u00a0\u00bb5&Prime;][vc_row_inner row_inner_height_percent=\u00a0\u00bb0&Prime; force_width_grid=\u00a0\u00bbyes\u00a0\u00bb overlay_color=\u00a0\u00bbcolor-149363&Prime; overlay_alpha=\u00a0\u00bb70&Prime; gutter_size=\u00a0\u00bb1&Prime; [&hellip;]<\/p>\n","protected":false},"author":2,"featured_media":58011,"parent":991518,"menu_order":0,"comment_status":"closed","ping_status":"closed","template":"","meta":{"_acf_changed":false,"footnotes":""},"class_list":["post-992865","page","type-page","status-publish","has-post-thumbnail","hentry","page_category-soirees"],"acf":[],"_links":{"self":[{"href":"https:\/\/ticketsibiza.com\/fr\/wp-json\/wp\/v2\/pages\/992865","targetHints":{"allow":["GET"]}}],"collection":[{"href":"https:\/\/ticketsibiza.com\/fr\/wp-json\/wp\/v2\/pages"}],"about":[{"href":"https:\/\/ticketsibiza.com\/fr\/wp-json\/wp\/v2\/types\/page"}],"author":[{"embeddable":true,"href":"https:\/\/ticketsibiza.com\/fr\/wp-json\/wp\/v2\/users\/2"}],"replies":[{"embeddable":true,"href":"https:\/\/ticketsibiza.com\/fr\/wp-json\/wp\/v2\/comments?post=992865"}],"version-history":[{"count":11,"href":"https:\/\/ticketsibiza.com\/fr\/wp-json\/wp\/v2\/pages\/992865\/revisions"}],"predecessor-version":[{"id":992917,"href":"https:\/\/ticketsibiza.com\/fr\/wp-json\/wp\/v2\/pages\/992865\/revisions\/992917"}],"up":[{"embeddable":true,"href":"https:\/\/ticketsibiza.com\/fr\/wp-json\/wp\/v2\/pages\/991518"}],"wp:featuredmedia":[{"embeddable":true,"href":"https:\/\/ticketsibiza.com\/fr\/wp-json\/wp\/v2\/media\/58011"}],"wp:attachment":[{"href":"https:\/\/ticketsibiza.com\/fr\/wp-json\/wp\/v2\/media?parent=992865"}],"curies":[{"name":"wp","href":"https:\/\/api.w.org\/{rel}","templated":true}]}}