{"id":992443,"date":"2019-03-11T20:18:54","date_gmt":"2019-03-11T20:18:54","guid":{"rendered":"https:\/\/ticketsibiza.com\/parties\/fuck-me-im-famous\/"},"modified":"2026-02-09T16:39:01","modified_gmt":"2026-02-09T16:39:01","slug":"fuck-me-im-famous","status":"publish","type":"page","link":"https:\/\/ticketsibiza.com\/fr\/fetes\/fuck-me-im-famous\/","title":{"rendered":"FUCK ME i\u2019m FAMOUS Ibiza 2026 &#8211; billets, \u00e9v\u00e9nements et programmation"},"content":{"rendered":"<div class=\"wpb-content-wrapper\"><p>[vc_row row_height_percent=\u00a0\u00bb0&Prime; override_padding=\u00a0\u00bbyes\u00a0\u00bb h_padding=\u00a0\u00bb2&Prime; top_padding=\u00a0\u00bb2&Prime; bottom_padding=\u00a0\u00bb0&Prime; back_image=\u00a0\u00bb524497&Prime; overlay_alpha=\u00a0\u00bb50&Prime; gutter_size=\u00a0\u00bb3&Prime; column_width_percent=\u00a0\u00bb100&Prime; shift_y=\u00a0\u00bb0&Prime; z_index=\u00a0\u00bb0&Prime; row_height_pixel=\u00a0\u00bb50&Prime; uncode_shortcode_id=\u00a0\u00bb183308&Prime;][vc_column width=\u00a0\u00bb1\/1&Prime;][vc_empty_space empty_h=\u00a0\u00bb5&Prime;][vc_row_inner row_inner_height_percent=\u00a0\u00bb0&Prime; force_width_grid=\u00a0\u00bbyes\u00a0\u00bb overlay_color=\u00a0\u00bbcolor-149363&Prime; overlay_alpha=\u00a0\u00bb70&Prime; gutter_size=\u00a0\u00bb1&Prime; shift_y=\u00a0\u00bb1&Prime; z_index=\u00a0\u00bb3&Prime; css=\u00a0\u00bb.vc_custom_1555709400356{margin-bottom: 0px !important;border-bottom-width: 0px !important;padding-top: 0px !important;padding-bottom: 0px !important;padding-left: 20px !important;}\u00a0\u00bb][vc_column_inner column_width_percent=\u00a0\u00bb100&Prime; gutter_size=\u00a0\u00bb0&Prime; overlay_alpha=\u00a0\u00bb50&Prime; shift_x=\u00a0\u00bb0&Prime; shift_y=\u00a0\u00bb0&Prime; shift_y_down=\u00a0\u00bb0&Prime; z_index=\u00a0\u00bb0&Prime; medium_width=\u00a0\u00bb0&Prime; mobile_width=\u00a0\u00bb0&Prime; width=\u00a0\u00bb1\/1&Prime; css=\u00a0\u00bb.vc_custom_1551002411961{padding-bottom: 0px !important;}\u00a0\u00bb][vc_custom_heading text_color=\u00a0\u00bbcolor-xsdn\u00a0\u00bb heading_semantic=\u00a0\u00bbh1&Prime; text_size=\u00a0\u00bbh1&Prime; sub_reduced=\u00a0\u00bbyes\u00a0\u00bb]F*** ME I\u2019M FAMOUS[\/vc_custom_heading][vc_column_text text_lead=\u00a0\u00bbyes\u00a0\u00bb uncode_shortcode_id=\u00a0\u00bb397102&Prime;]<strong><span style=\"color: white;\">Ushua\u00efa<\/span><\/strong>[\/vc_column_text][\/vc_column_inner][\/vc_row_inner][\/vc_column][\/vc_row][vc_row row_height_percent=\u00a0\u00bb0&Prime; overlay_alpha=\u00a0\u00bb50&Prime; gutter_size=\u00a0\u00bb3&Prime; column_width_percent=\u00a0\u00bb100&Prime; shift_y=\u00a0\u00bb0&Prime; z_index=\u00a0\u00bb0&Prime; css=\u00a0\u00bb.vc_custom_1551018712642{margin-top: 0px !important;margin-bottom: 0px !important;}\u00a0\u00bb][vc_column column_width_percent=\u00a0\u00bb100&Prime; gutter_size=\u00a0\u00bb2&Prime; overlay_alpha=\u00a0\u00bb50&Prime; shift_x=\u00a0\u00bb0&Prime; shift_y=\u00a0\u00bb0&Prime; shift_y_down=\u00a0\u00bb0&Prime; z_index=\u00a0\u00bb0&Prime; medium_width=\u00a0\u00bb0&Prime; mobile_width=\u00a0\u00bb0&Prime; width=\u00a0\u00bb3\/4&Prime;][vc_column_text]<\/p>\n<blockquote>\n<h3>La soir\u00e9e incroyablement r\u00e9ussie de David Guetta ne montre aucun signe de ralentissement<\/h3>\n<\/blockquote>\n<p>[\/vc_column_text][vc_column_text uncode_shortcode_id=\u00a0\u00bb131126&Prime;]<span style=\"font-weight: 400;\"><strong>F*** ME I\u2019M FAMOUS!<\/strong> est une institution d\u2019Ibiza. Avec plus de 20 saisons,   <\/span> FMIF sera de retour pour le cr\u00e9neau de jour du lundi \u00e0 Ushua\u00efa !<\/p>\n<p><span style=\"font-weight: 400;\">L\u2019association convient parfaitement \u00e0 un DJ superstar dont les soir\u00e9es sont souvent les premi\u00e8res \u00e0 <strong>afficher complet<\/strong> sur l\u2019\u00eele chaque ann\u00e9e. Ses nombreux fans peuvent s\u2019attendre \u00e0 d\u2019\u00e9normes programmations, des productions massives, et du fun les mains en l\u2019air toute la nuit. <\/span><\/p>\n<p><span style=\"font-weight: 400;\">Il faut vraiment reconna\u00eetre le m\u00e9rite \u00e0 <strong>David Guetta<\/strong>. Alors que sa carri\u00e8re de producteur musical <a href=\"https:\/\/en.wikipedia.org\/wiki\/David_Guetta\" target=\"_blank\" rel=\"noopener\">parle d\u2019elle-m\u00eame<\/a>, on pourrait facilement penser qu\u2019il pourrait r\u00e9duire sa pr\u00e9sence \u00e0 Ibiza tout en continuant \u00e0 jouer dans des lieux du monde entier tout au long de l\u2019ann\u00e9e. Au lieu de cela, Guetta a continu\u00e9 \u00e0 \u00e9lever son niveau \u00e0 Ibiza, vendant constamment deux soir\u00e9es diff\u00e9rentes \u00e0 guichets ferm\u00e9s. Alors que <strong>BIG at Ushuaia<\/strong> a \u00e9t\u00e9 un succ\u00e8s remarquable ces derni\u00e8res ann\u00e9es, ce sont ses soir\u00e9es <strong>F*** ME I\u2019M FAMOUS<\/strong>, qui ont commenc\u00e9 d\u00e8s <strong>2003<\/strong>, qui ont \u00e9t\u00e9 le pilier de sa carri\u00e8re.   <\/span><\/p>\n<p><span style=\"font-weight: 400;\">La saison derni\u00e8re, les programmations \u00e9taient plus importantes que jamais. Guetta sera rejoint par <strong>Afrojack, Don Diablo, Glowinthedark, Jonas Blue, Robin Schultz,<\/strong> &nbsp;<strong>Oliver heldens<\/strong> et bien d\u2019autres.<\/span><\/p>\n<p>Pour la saison 2026, tu pourras retrouver Guetta et ses amis tous les lundis \u00e0 partir du 1er juin.<\/p>\n<p>La Closing Party \/ Soir\u00e9e de Cl\u00f4ture F*** ME I\u2019M FAMOUS aura lieu le 5 octobre 2026.<\/p>\n<p>Prends tes billets pour Guetta \u00e0 Ushua\u00efa tant que tu peux ![\/vc_column_text][\/vc_column][vc_column column_width_percent=\u00a0\u00bb100&Prime; gutter_size=\u00a0\u00bb0&Prime; overlay_alpha=\u00a0\u00bb50&Prime; shift_x=\u00a0\u00bb0&Prime; shift_y=\u00a0\u00bb0&Prime; shift_y_down=\u00a0\u00bb0&Prime; z_index=\u00a0\u00bb0&Prime; medium_width=\u00a0\u00bb0&Prime; mobile_visibility=\u00a0\u00bbyes\u00a0\u00bb mobile_width=\u00a0\u00bb0&Prime; sticky=\u00a0\u00bbyes\u00a0\u00bb width=\u00a0\u00bb1\/4&Prime;][vc_row_inner][vc_column_inner column_width_percent=\u00a0\u00bb100&Prime; align_horizontal=\u00a0\u00bbalign_center\u00a0\u00bb gutter_size=\u00a0\u00bb3&Prime; overlay_alpha=\u00a0\u00bb50&Prime; shift_x=\u00a0\u00bb0&Prime; shift_y=\u00a0\u00bb0&Prime; shift_y_down=\u00a0\u00bb0&Prime; z_index=\u00a0\u00bb0&Prime; desktop_visibility=\u00a0\u00bbyes\u00a0\u00bb medium_visibility=\u00a0\u00bbyes\u00a0\u00bb medium_width=\u00a0\u00bb0&Prime; mobile_visibility=\u00a0\u00bbyes\u00a0\u00bb mobile_width=\u00a0\u00bb0&Prime; width=\u00a0\u00bb1\/1&Prime;][vc_button button_color=\u00a0\u00bbcolor-jevc\u00a0\u00bb size=\u00a0\u00bbbtn-xl\u00a0\u00bb border_animation=\u00a0\u00bbbtn-ripple-out\u00a0\u00bb wide=\u00a0\u00bbyes\u00a0\u00bb border_width=\u00a0\u00bb0&Prime; link=\u00a0\u00bburl:%23listings|\u00a0\u00bb]Acheter des billets[\/vc_button][vc_empty_space empty_h=\u00a0\u00bb2&Prime;][\/vc_column_inner][\/vc_row_inner][vc_separator sep_color=\u00a0\u00bbcolor-149363&Prime;][uncode_list icon=\u00a0\u00bbfa fa-location-outline\u00a0\u00bb uncode_shortcode_id=\u00a0\u00bb705182&Prime;]<\/p>\n<ul>\n<li><a href=\"https:\/\/ticketsibiza.com\/fr\/clubs\/ushuaia\/\">Ushua\u00efa<\/a><\/li>\n<\/ul>\n<p>[\/uncode_list][uncode_list icon=\u00a0\u00bbfa fa-calendar\u00a0\u00bb uncode_shortcode_id=\u00a0\u00bb829709&Prime;]<\/p>\n<ul>\n<li>Lundi<\/li>\n<\/ul>\n<p>[\/uncode_list][uncode_list icon=\u00a0\u00bbfa fa-cab\u00a0\u00bb]<\/p>\n<ul>\n<li>Platja d\u2019en Bossa, 07817<\/li>\n<\/ul>\n<p>[\/uncode_list][vc_separator sep_color=\u00a0\u00bbcolor-149363&Prime;][vc_empty_space empty_h=\u00a0\u00bb2&Prime;][uncode_block id=\u00a0\u00bb146863&Prime; inside_column=\u00a0\u00bbyes\u00a0\u00bb][vc_separator sep_color=\u00a0\u00bbcolor-149363&Prime;][vc_empty_space empty_h=\u00a0\u00bb2&Prime;][\/vc_column][\/vc_row][vc_section back_color=\u00a0\u00bbcolor-lxmt\u00a0\u00bb overlay_alpha=\u00a0\u00bb50&Prime;][vc_row][vc_column width=\u00a0\u00bb3\/4&Prime;][vc_gallery el_id=\u00a0\u00bbgallery-160005&Prime; type=\u00a0\u00bbjustified\u00a0\u00bb random=\u00a0\u00bbyes\u00a0\u00bb medias=\u00a0\u00bb992465,992459,992460,992461,992458,992462&Prime; justify_row_height=\u00a0\u00bb150&Prime; gutter_size=\u00a0\u00bb3&Prime; single_overlay_opacity=\u00a0\u00bb50&Prime; single_padding=\u00a0\u00bb2&Prime; title=\u00a0\u00bbGalerie FMIF\u00a0\u00bb][\/vc_column][vc_column width=\u00a0\u00bb1\/4&Prime;][uncode_share layout=\u00a0\u00bbmultiple\u00a0\u00bb separator=\u00a0\u00bbyes\u00a0\u00bb title=\u00a0\u00bbPartager cette soir\u00e9e\u00a0\u00bb][\/vc_column][\/vc_row][\/vc_section][vc_section back_color=\u00a0\u00bbcolor-prif\u00a0\u00bb overlay_alpha=\u00a0\u00bb50&Prime;][vc_row row_height_percent=\u00a0\u00bb0&Prime; overlay_alpha=\u00a0\u00bb50&Prime; gutter_size=\u00a0\u00bb3&Prime; column_width_percent=\u00a0\u00bb100&Prime; shift_y=\u00a0\u00bb0&Prime; z_index=\u00a0\u00bb0&Prime; row_name=\u00a0\u00bblistings\u00a0\u00bb][vc_column column_width_percent=\u00a0\u00bb100&Prime; position_vertical=\u00a0\u00bbmiddle\u00a0\u00bb align_horizontal=\u00a0\u00bbalign_center\u00a0\u00bb gutter_size=\u00a0\u00bb2&Prime; overlay_alpha=\u00a0\u00bb50&Prime; shift_x=\u00a0\u00bb0&Prime; shift_y=\u00a0\u00bb0&Prime; shift_y_down=\u00a0\u00bb0&Prime; z_index=\u00a0\u00bb0&Prime; medium_width=\u00a0\u00bb0&Prime; mobile_width=\u00a0\u00bb0&Prime; width=\u00a0\u00bb1\/1&Prime;][vc_custom_heading text_color=\u00a0\u00bbcolor-xsdn\u00a0\u00bb sub_lead=\u00a0\u00bbyes\u00a0\u00bb uncode_shortcode_id=\u00a0\u00bb184207&Prime; text_color_type=\u00a0\u00bbuncode-palette\u00a0\u00bb]<\/p>\n<h2 style=\"text-align: center;\"><span style=\"color: #ffffff;\">Liste des soir\u00e9es<\/span><\/h2>\n<p>[\/vc_custom_heading]\t\t<div class=\"wcs-timetable__wrapper\">\n\t\t\t<div class=\"wcs-vue\" id=\"wcs-app-107\"><\/div>\n\t\t<\/div>\n\t\t[\/vc_column][\/vc_row][vc_row unlock_row_content=\u00a0\u00bbyes\u00a0\u00bb row_height_percent=\u00a0\u00bb0&Prime; override_padding=\u00a0\u00bbyes\u00a0\u00bb h_padding=\u00a0\u00bb0&Prime; top_padding=\u00a0\u00bb0&Prime; bottom_padding=\u00a0\u00bb0&Prime; overlay_alpha=\u00a0\u00bb50&Prime; gutter_size=\u00a0\u00bb3&Prime; column_width_percent=\u00a0\u00bb100&Prime; shift_y=\u00a0\u00bb0&Prime; z_index=\u00a0\u00bb0&Prime; row_name=\u00a0\u00bbaccommodation\u00a0\u00bb][vc_column column_width_percent=\u00a0\u00bb100&Prime; gutter_size=\u00a0\u00bb3&Prime; override_padding=\u00a0\u00bbyes\u00a0\u00bb column_padding=\u00a0\u00bb0&Prime; overlay_alpha=\u00a0\u00bb50&Prime; shift_x=\u00a0\u00bb0&Prime; shift_y=\u00a0\u00bb0&Prime; shift_y_down=\u00a0\u00bb0&Prime; z_index=\u00a0\u00bb0&Prime; medium_width=\u00a0\u00bb0&Prime; mobile_width=\u00a0\u00bb0&Prime; width=\u00a0\u00bb1\/1&Prime;][vc_raw_html]PGlmcmFtZSB3aWR0aD0iMTAwJSIgaGVpZ2h0PSI0MjgiIHN0eWxlPSJib3JkZXItd2lkdGg6IDBweCIgc3JjPSJodHRwczovL3d3dy5zdGF5MjIuY29tL2VtYmVkL2dtP21haW5jb2xvcj1lZDI4OTMmYW1wO21hcmtlcmltYWdlPWh0dHBzOi8vdGlja2V0c2liaXphLmNvLnVrL3dwLWNvbnRlbnQvdXBsb2Fkcy8yMDE5LzA5L3RpLWxvZ28tZXZlbnQucG5nJmFtcDtuYXZpbWFnZT1odHRwczovL3RpY2tldHNpYml6YS5jby51ay93cC1jb250ZW50L3VwbG9hZHMvMjAxOS8wOS90aS1sb2dvLWV2ZW50LnBuZyZhbXA7YWR1bHRzPTImYW1wO2hpZGVsb2NhbHNjb3Jlcz10cnVlJmFtcDtzaG93Z21hcHNpY29uPXRydWUmYW1wO3Jvb21zPTEwJmFtcDthaWQ9dGlja2V0c2liaXphJmFtcDtsYXQ9MzguODg2MDQ4MyZhbXA7bG5nPTEuNDAxNTY0NyZhbXA7dmVudWU9SCVDMyVBRiUyMEliaXphIj4KPC9pZnJhbWU+[\/vc_raw_html][\/vc_column][\/vc_row][\/vc_section]<\/p>\n<\/div>","protected":false},"excerpt":{"rendered":"<p>Vendredi<\/p>\n","protected":false},"author":1,"featured_media":992463,"parent":991518,"menu_order":0,"comment_status":"closed","ping_status":"closed","template":"","meta":{"_acf_changed":false,"footnotes":""},"class_list":["post-992443","page","type-page","status-publish","has-post-thumbnail","hentry","page_category-soirees","page_category-ushuaia"],"acf":[],"_links":{"self":[{"href":"https:\/\/ticketsibiza.com\/fr\/wp-json\/wp\/v2\/pages\/992443","targetHints":{"allow":["GET"]}}],"collection":[{"href":"https:\/\/ticketsibiza.com\/fr\/wp-json\/wp\/v2\/pages"}],"about":[{"href":"https:\/\/ticketsibiza.com\/fr\/wp-json\/wp\/v2\/types\/page"}],"author":[{"embeddable":true,"href":"https:\/\/ticketsibiza.com\/fr\/wp-json\/wp\/v2\/users\/1"}],"replies":[{"embeddable":true,"href":"https:\/\/ticketsibiza.com\/fr\/wp-json\/wp\/v2\/comments?post=992443"}],"version-history":[{"count":22,"href":"https:\/\/ticketsibiza.com\/fr\/wp-json\/wp\/v2\/pages\/992443\/revisions"}],"predecessor-version":[{"id":1113136,"href":"https:\/\/ticketsibiza.com\/fr\/wp-json\/wp\/v2\/pages\/992443\/revisions\/1113136"}],"up":[{"embeddable":true,"href":"https:\/\/ticketsibiza.com\/fr\/wp-json\/wp\/v2\/pages\/991518"}],"wp:featuredmedia":[{"embeddable":true,"href":"https:\/\/ticketsibiza.com\/fr\/wp-json\/wp\/v2\/media\/992463"}],"wp:attachment":[{"href":"https:\/\/ticketsibiza.com\/fr\/wp-json\/wp\/v2\/media?parent=992443"}],"curies":[{"name":"wp","href":"https:\/\/api.w.org\/{rel}","templated":true}]}}