{"id":991257,"date":"2019-03-31T17:11:34","date_gmt":"2019-03-31T16:11:34","guid":{"rendered":"https:\/\/ticketsibiza.com\/shine-ibiza\/"},"modified":"2025-11-11T17:15:38","modified_gmt":"2025-11-11T17:15:38","slug":"shine-ibiza","status":"publish","type":"page","link":"https:\/\/ticketsibiza.com\/fr\/fetes\/shine-ibiza\/","title":{"rendered":"SHINE Ibiza 2025 &#8211; billets, \u00e9v\u00e9nements et programmation"},"content":{"rendered":"<div class=\"wpb-content-wrapper\"><p>[vc_row row_height_percent=\u00a0\u00bb0&Prime; override_padding=\u00a0\u00bbyes\u00a0\u00bb h_padding=\u00a0\u00bb2&Prime; top_padding=\u00a0\u00bb2&Prime; bottom_padding=\u00a0\u00bb0&Prime; back_image=\u00a0\u00bb57890&Prime; overlay_alpha=\u00a0\u00bb50&Prime; gutter_size=\u00a0\u00bb3&Prime; column_width_percent=\u00a0\u00bb100&Prime; shift_y=\u00a0\u00bb0&Prime; z_index=\u00a0\u00bb0&Prime; row_height_pixel=\u00a0\u00bb50&Prime;][vc_column width=\u00a0\u00bb1\/1&Prime;][vc_empty_space empty_h=\u00a0\u00bb5&Prime;][vc_row_inner row_inner_height_percent=\u00a0\u00bb0&Prime; force_width_grid=\u00a0\u00bbyes\u00a0\u00bb overlay_color=\u00a0\u00bbcolor-149363&Prime; overlay_alpha=\u00a0\u00bb70&Prime; gutter_size=\u00a0\u00bb1&Prime; shift_y=\u00a0\u00bb1&Prime; z_index=\u00a0\u00bb3&Prime; css=\u00a0\u00bb.vc_custom_1555709667533{margin-bottom: 0px !important;border-bottom-width: 0px !important;padding-top: 0px !important;padding-bottom: 0px !important;padding-left: 20px !important;}\u00a0\u00bb][vc_column_inner column_width_percent=\u00a0\u00bb100&Prime; gutter_size=\u00a0\u00bb0&Prime; overlay_alpha=\u00a0\u00bb50&Prime; shift_x=\u00a0\u00bb0&Prime; shift_y=\u00a0\u00bb0&Prime; shift_y_down=\u00a0\u00bb0&Prime; z_index=\u00a0\u00bb0&Prime; medium_width=\u00a0\u00bb0&Prime; mobile_width=\u00a0\u00bb0&Prime; width=\u00a0\u00bb1\/1&Prime; css=\u00a0\u00bb.vc_custom_1551002411961{padding-bottom: 0px !important;}\u00a0\u00bb][vc_custom_heading text_color=\u00a0\u00bbcolor-xsdn\u00a0\u00bb heading_semantic=\u00a0\u00bbh1&Prime; text_size=\u00a0\u00bbh1&Prime; sub_reduced=\u00a0\u00bbyes\u00a0\u00bb]SHINE Ibiza[\/vc_custom_heading][vc_column_text text_lead=\u00a0\u00bbyes\u00a0\u00bb]<strong><span style=\"color: white;\">Eden<\/span><\/strong>[\/vc_column_text][\/vc_column_inner][\/vc_row_inner][\/vc_column][\/vc_row][vc_row row_height_percent=\u00a0\u00bb0&Prime; override_padding=\u00a0\u00bbyes\u00a0\u00bb h_padding=\u00a0\u00bb2&Prime; top_padding=\u00a0\u00bb2&Prime; bottom_padding=\u00a0\u00bb0&Prime; overlay_alpha=\u00a0\u00bb50&Prime; gutter_size=\u00a0\u00bb3&Prime; column_width_percent=\u00a0\u00bb100&Prime; shift_y=\u00a0\u00bb0&Prime; z_index=\u00a0\u00bb0&Prime; css=\u00a0\u00bb.vc_custom_1551018966910{margin-bottom: 0px !important;padding-bottom: 0px !important;}\u00a0\u00bb][vc_column column_width_percent=\u00a0\u00bb100&Prime; gutter_size=\u00a0\u00bb0&Prime; overlay_alpha=\u00a0\u00bb50&Prime; shift_x=\u00a0\u00bb0&Prime; shift_y=\u00a0\u00bb0&Prime; shift_y_down=\u00a0\u00bb0&Prime; z_index=\u00a0\u00bb0&Prime; medium_width=\u00a0\u00bb0&Prime; mobile_width=\u00a0\u00bb0&Prime; width=\u00a0\u00bb3\/4&Prime;][vc_column_text]<\/p>\n<blockquote>\n<h3>Un \u00e9t\u00e9 de trance \u00e0 Eden Ibiza<\/h3>\n<\/blockquote>\n<p>[\/vc_column_text][\/vc_column][vc_column column_width_percent=\u00a0\u00bb100&Prime; align_horizontal=\u00a0\u00bbalign_center\u00a0\u00bb gutter_size=\u00a0\u00bb0&Prime; overlay_alpha=\u00a0\u00bb50&Prime; shift_x=\u00a0\u00bb0&Prime; shift_y=\u00a0\u00bb0&Prime; shift_y_down=\u00a0\u00bb0&Prime; z_index=\u00a0\u00bb0&Prime; medium_width=\u00a0\u00bb0&Prime; mobile_width=\u00a0\u00bb0&Prime; width=\u00a0\u00bb1\/4&Prime;][vc_button button_color=\u00a0\u00bbcolor-jevc\u00a0\u00bb size=\u00a0\u00bbbtn-xl\u00a0\u00bb border_animation=\u00a0\u00bbbtn-ripple-out\u00a0\u00bb border_width=\u00a0\u00bb0&Prime; link=\u00a0\u00bburl:%23listings|\u00a0\u00bb]Acheter des billets[\/vc_button][\/vc_column][\/vc_row][vc_row row_height_percent=\u00a0\u00bb0&Prime; overlay_alpha=\u00a0\u00bb50&Prime; gutter_size=\u00a0\u00bb3&Prime; column_width_percent=\u00a0\u00bb100&Prime; shift_y=\u00a0\u00bb0&Prime; z_index=\u00a0\u00bb0&Prime; css=\u00a0\u00bb.vc_custom_1551018712642{margin-top: 0px !important;margin-bottom: 0px !important;}\u00a0\u00bb][vc_column column_width_percent=\u00a0\u00bb100&Prime; gutter_size=\u00a0\u00bb2&Prime; overlay_alpha=\u00a0\u00bb50&Prime; shift_x=\u00a0\u00bb0&Prime; shift_y=\u00a0\u00bb0&Prime; shift_y_down=\u00a0\u00bb0&Prime; z_index=\u00a0\u00bb0&Prime; medium_width=\u00a0\u00bb0&Prime; mobile_width=\u00a0\u00bb0&Prime; width=\u00a0\u00bb3\/4&Prime;][vc_column_text uncode_shortcode_id=\u00a0\u00bb468737&Prime;]Paul van Dyk est de retour \u00e0 Ibiza, pr\u00eat pour une saison exceptionnelle de trance au superclub Eden \u00e0 San Antonio.<\/p>\n<p>La musique de la soir\u00e9e sera bien s\u00fbr principalement de la trance. En 2024, la programmation incluait des apparitions d\u2019artistes comme Aly &amp; Fila, Cosmic Gate, Jordan 00 Fleming et bien d\u2019autres. <\/p>\n<p>En 2025, SHINE aura lieu les jeudis \u00e0 Eden sur 4 dates.<\/p>\n<p>La Opening Party \/ Soir\u00e9e d\u2019Ouverture d\u00e9bute le jeudi 4 septembre, avec la Closing Party \/ Soir\u00e9e de Cl\u00f4ture le 25 septembre.<\/p>\n<p>Consulte ci-dessous la liste des \u00e9v\u00e9nements, les programmations et les informations sur les billets.<\/p>\n<p>Ach\u00e8te tes billets pour SHINE maintenant et fais des \u00e9conomies avant d\u2019aller \u00e0 Ibiza. On se voit sur le dancefloor ![\/vc_column_text][\/vc_column][vc_column column_width_percent=\u00a0\u00bb100&Prime; gutter_size=\u00a0\u00bb0&Prime; overlay_alpha=\u00a0\u00bb50&Prime; shift_x=\u00a0\u00bb0&Prime; shift_y=\u00a0\u00bb0&Prime; shift_y_down=\u00a0\u00bb0&Prime; z_index=\u00a0\u00bb0&Prime; medium_width=\u00a0\u00bb0&Prime; mobile_width=\u00a0\u00bb0&Prime; sticky=\u00a0\u00bbyes\u00a0\u00bb width=\u00a0\u00bb1\/4&Prime;][vc_separator sep_color=\u00a0\u00bbcolor-149363&Prime;][uncode_list icon=\u00a0\u00bbfa fa-location-outline\u00a0\u00bb]<\/p>\n<ul>\n<li><a href=\"https:\/\/ticketsibiza.com\/fr\/clubs\/eden\/\">Eden<\/a><\/li>\n<\/ul>\n<p>[\/uncode_list][uncode_list icon=\u00a0\u00bbfa fa-calendar\u00a0\u00bb]<\/p>\n<ul>\n<li>Jeudi<\/li>\n<\/ul>\n<p>[\/uncode_list][uncode_list icon=\u00a0\u00bbfa fa-cab\u00a0\u00bb]<\/p>\n<ul>\n<li>Calle Salvador espriu, sant Antoni<\/li>\n<\/ul>\n<p>[\/uncode_list][uncode_list icon=\u00a0\u00bbfa fa-ticket\u00a0\u00bb]<\/p>\n<ul>\n<li>Ibiza spotlight<\/li>\n<\/ul>\n<p>[\/uncode_list][vc_separator sep_color=\u00a0\u00bbcolor-149363&Prime;][\/vc_column][\/vc_row][vc_section back_color=\u00a0\u00bbcolor-lxmt\u00a0\u00bb overlay_alpha=\u00a0\u00bb50&Prime;][vc_row][vc_column width=\u00a0\u00bb3\/4&Prime;][vc_gallery el_id=\u00a0\u00bbgallery-160005&Prime; type=\u00a0\u00bbjustified\u00a0\u00bb random=\u00a0\u00bbyes\u00a0\u00bb medias=\u00a0\u00bb991265,991266,991267,991268,991269&Prime; justify_row_height=\u00a0\u00bb150&Prime; gutter_size=\u00a0\u00bb3&Prime; single_overlay_opacity=\u00a0\u00bb50&Prime; single_padding=\u00a0\u00bb2&Prime; title=\u00a0\u00bbGalerie CircoLoco\u00a0\u00bb][\/vc_column][vc_column width=\u00a0\u00bb1\/4&Prime;][uncode_share layout=\u00a0\u00bbmultiple\u00a0\u00bb separator=\u00a0\u00bbyes\u00a0\u00bb title=\u00a0\u00bbPartager cette soir\u00e9e\u00a0\u00bb][\/vc_column][\/vc_row][\/vc_section][vc_section back_color=\u00a0\u00bbcolor-prif\u00a0\u00bb overlay_alpha=\u00a0\u00bb50&Prime;][vc_row row_height_percent=\u00a0\u00bb0&Prime; overlay_alpha=\u00a0\u00bb50&Prime; gutter_size=\u00a0\u00bb3&Prime; column_width_percent=\u00a0\u00bb100&Prime; shift_y=\u00a0\u00bb0&Prime; z_index=\u00a0\u00bb0&Prime; row_name=\u00a0\u00bblistings\u00a0\u00bb uncode_shortcode_id=\u00a0\u00bb151402&Prime;][vc_column column_width_percent=\u00a0\u00bb100&Prime; position_vertical=\u00a0\u00bbmiddle\u00a0\u00bb align_horizontal=\u00a0\u00bbalign_center\u00a0\u00bb gutter_size=\u00a0\u00bb2&Prime; overlay_alpha=\u00a0\u00bb50&Prime; shift_x=\u00a0\u00bb0&Prime; shift_y=\u00a0\u00bb0&Prime; shift_y_down=\u00a0\u00bb0&Prime; z_index=\u00a0\u00bb0&Prime; medium_width=\u00a0\u00bb0&Prime; mobile_width=\u00a0\u00bb0&Prime; width=\u00a0\u00bb1\/1&Prime;][vc_custom_heading text_color=\u00a0\u00bbcolor-xsdn\u00a0\u00bb sub_lead=\u00a0\u00bbyes\u00a0\u00bb uncode_shortcode_id=\u00a0\u00bb124585&Prime; text_color_type=\u00a0\u00bbuncode-palette\u00a0\u00bb]<\/p>\n<h2 style=\"text-align: center;\"><span style=\"color: #ffffff;\">Liste des soir\u00e9es<\/span><\/h2>\n<p>[\/vc_custom_heading]\t\t<div class=\"wcs-timetable__wrapper\">\n\t\t\t<div class=\"wcs-vue\" id=\"wcs-app-44\"><\/div>\n\t\t<\/div>\n\t\t[\/vc_column][\/vc_row][\/vc_section]<\/p>\n<\/div>","protected":false},"excerpt":{"rendered":"<p>Jeudi<\/p>\n","protected":false},"author":2,"featured_media":553419,"parent":991518,"menu_order":0,"comment_status":"closed","ping_status":"closed","template":"","meta":{"_acf_changed":false,"footnotes":""},"class_list":["post-991257","page","type-page","status-publish","has-post-thumbnail","hentry","page_category-eden","page_category-soirees"],"acf":[],"_links":{"self":[{"href":"https:\/\/ticketsibiza.com\/fr\/wp-json\/wp\/v2\/pages\/991257","targetHints":{"allow":["GET"]}}],"collection":[{"href":"https:\/\/ticketsibiza.com\/fr\/wp-json\/wp\/v2\/pages"}],"about":[{"href":"https:\/\/ticketsibiza.com\/fr\/wp-json\/wp\/v2\/types\/page"}],"author":[{"embeddable":true,"href":"https:\/\/ticketsibiza.com\/fr\/wp-json\/wp\/v2\/users\/2"}],"replies":[{"embeddable":true,"href":"https:\/\/ticketsibiza.com\/fr\/wp-json\/wp\/v2\/comments?post=991257"}],"version-history":[{"count":23,"href":"https:\/\/ticketsibiza.com\/fr\/wp-json\/wp\/v2\/pages\/991257\/revisions"}],"predecessor-version":[{"id":1003231,"href":"https:\/\/ticketsibiza.com\/fr\/wp-json\/wp\/v2\/pages\/991257\/revisions\/1003231"}],"up":[{"embeddable":true,"href":"https:\/\/ticketsibiza.com\/fr\/wp-json\/wp\/v2\/pages\/991518"}],"wp:featuredmedia":[{"embeddable":true,"href":"https:\/\/ticketsibiza.com\/fr\/wp-json\/wp\/v2\/media\/553419"}],"wp:attachment":[{"href":"https:\/\/ticketsibiza.com\/fr\/wp-json\/wp\/v2\/media?parent=991257"}],"curies":[{"name":"wp","href":"https:\/\/api.w.org\/{rel}","templated":true}]}}