{"id":991147,"date":"2019-11-14T16:28:19","date_gmt":"2019-11-14T16:28:19","guid":{"rendered":"https:\/\/ticketsibiza.com\/ibiza-virgins-how-to-survive-ibiza\/"},"modified":"2026-01-13T14:27:25","modified_gmt":"2026-01-13T14:27:25","slug":"vierges-ibiza-comment-survivre","status":"publish","type":"page","link":"https:\/\/ticketsibiza.com\/fr\/vierges-ibiza-comment-survivre\/","title":{"rendered":"D\u00e9butants \u00e0 Ibiza : comment survivre \u00e0 Ibiza"},"content":{"rendered":"<div class=\"wpb-content-wrapper\"><p>[vc_row row_height_percent=\u00a0\u00bb0&Prime; override_padding=\u00a0\u00bbyes\u00a0\u00bb h_padding=\u00a0\u00bb2&Prime; top_padding=\u00a0\u00bb2&Prime; bottom_padding=\u00a0\u00bb0&Prime; back_image=\u00a0\u00bb59430&Prime; overlay_alpha=\u00a0\u00bb50&Prime; gutter_size=\u00a0\u00bb3&Prime; column_width_percent=\u00a0\u00bb100&Prime; shift_y=\u00a0\u00bb0&Prime; z_index=\u00a0\u00bb0&Prime; row_height_pixel=\u00a0\u00bb50&Prime;][vc_column width=\u00a0\u00bb1\/1&Prime;][vc_empty_space empty_h=\u00a0\u00bb5&Prime;][vc_row_inner row_inner_height_percent=\u00a0\u00bb0&Prime; force_width_grid=\u00a0\u00bbyes\u00a0\u00bb overlay_color=\u00a0\u00bbcolor-149363&Prime; overlay_alpha=\u00a0\u00bb50&Prime; gutter_size=\u00a0\u00bb1&Prime; shift_y=\u00a0\u00bb1&Prime; z_index=\u00a0\u00bb3&Prime; css=\u00a0\u00bb.vc_custom_1551002505146{margin-bottom: 0px !important;border-bottom-width: 0px !important;padding-top: 0px !important;padding-bottom: 0px !important;padding-left: 20px !important;}\u00a0\u00bb][vc_column_inner column_width_percent=\u00a0\u00bb100&Prime; gutter_size=\u00a0\u00bb0&Prime; overlay_alpha=\u00a0\u00bb50&Prime; shift_x=\u00a0\u00bb0&Prime; shift_y=\u00a0\u00bb0&Prime; shift_y_down=\u00a0\u00bb0&Prime; z_index=\u00a0\u00bb0&Prime; medium_width=\u00a0\u00bb0&Prime; mobile_width=\u00a0\u00bb0&Prime; width=\u00a0\u00bb1\/1&Prime; css=\u00a0\u00bb.vc_custom_1551002411961{padding-bottom: 0px !important;}\u00a0\u00bb][vc_custom_heading text_color=\u00a0\u00bbcolor-xsdn\u00a0\u00bb heading_semantic=\u00a0\u00bbh1&Prime; text_size=\u00a0\u00bbh1&Prime; sub_reduced=\u00a0\u00bbyes\u00a0\u00bb uncode_shortcode_id=\u00a0\u00bb608366&Prime; text_color_type=\u00a0\u00bbuncode-palette\u00a0\u00bb]D\u00e9butants \u00e0 Ibiza : comment survivre \u00e0 Ibiza 2026[\/vc_custom_heading][vc_column_text text_lead=\u00a0\u00bbyes\u00a0\u00bb]<strong><span style=\"color: white;\">5 conseils pour survivre \u00e0 ton premier voyage \u00e0 Ibiza<\/span><\/strong>[\/vc_column_text][\/vc_column_inner][\/vc_row_inner][\/vc_column][\/vc_row][vc_row row_height_percent=\u00a0\u00bb0&Prime; overlay_alpha=\u00a0\u00bb50&Prime; gutter_size=\u00a0\u00bb3&Prime; column_width_percent=\u00a0\u00bb100&Prime; shift_y=\u00a0\u00bb0&Prime; z_index=\u00a0\u00bb0&Prime; css=\u00a0\u00bb.vc_custom_1551018712642{margin-top: 0px !important;margin-bottom: 0px !important;}\u00a0\u00bb][vc_column column_width_percent=\u00a0\u00bb100&Prime; gutter_size=\u00a0\u00bb2&Prime; overlay_alpha=\u00a0\u00bb50&Prime; shift_x=\u00a0\u00bb0&Prime; shift_y=\u00a0\u00bb0&Prime; shift_y_down=\u00a0\u00bb0&Prime; z_index=\u00a0\u00bb0&Prime; medium_width=\u00a0\u00bb0&Prime; mobile_width=\u00a0\u00bb0&Prime; width=\u00a0\u00bb3\/4&Prime;][vc_column_text uncode_shortcode_id=\u00a0\u00bb874699&Prime;]<span class=\"dropped\">E<\/span>s-tu un novice d\u2019Ibiza qui se pr\u00e9pare pour son premier voyage sur l\u2019\u00eele en 2026 ? Tu te sens excit\u00e9, anxieux, ou les deux ?<\/p>\n<p>Si tu as d\u00e9cid\u00e9 de fouiller Google pour lire des conseils avant ton premier voyage sur l\u2019\u00cele Blanche, alors tu es tomb\u00e9 au bon endroit. Voici notre guide sur comment faire Ibiza, nos 5 conseils pour survivre.[\/vc_column_text][vc_column_text uncode_shortcode_id=\u00a0\u00bb178926&Prime;]<\/p>\n<div class=\"noted\">Chacun a sa propre id\u00e9e de ce qu\u2019est de bonnes vacances \u00e0 Ibiza, et ceci n\u2019est que notre opinion. Nous visitons cette magnifique \u00eele depuis plus de 15 ans pour profiter de ses clubs, sa gastronomie, sa culture, et bien plus encore. Tu peux suivre nos conseils ou non \ud83e\udd17  <\/div>\n<p>[\/vc_column_text][vc_separator sep_color=\u00a0\u00bbcolor-gyho\u00a0\u00bb][vc_empty_space empty_h=\u00a0\u00bb2&Prime;][vc_row_inner][vc_column_inner width=\u00a0\u00bb1\/6&Prime;][vc_column_text]<span class=\"dropped\">1<\/span>[\/vc_column_text][\/vc_column_inner][vc_column_inner width=\u00a0\u00bb5\/6&Prime;][vc_custom_heading separator_color=\u00a0\u00bbyes\u00a0\u00bb separator=\u00a0\u00bbyes\u00a0\u00bb]<\/p>\n<h2>Arr\u00eate de t\u2019inqui\u00e9ter pour l\u2019argent<\/h2>\n<p>[\/vc_custom_heading][vc_single_image media=\u00a0\u00bb991159&Prime; media_width_percent=\u00a0\u00bb100&Prime;][vc_column_text]Nous n\u2019allons pas tourner autour du pot : <strong>si tu veux des vacances \u00e0 petit budget, tu dois reconsid\u00e9rer si Ibiza est le bon endroit o\u00f9 aller<\/strong>.<\/p>\n<p>Bien s\u00fbr, il y a plein de fa\u00e7ons de r\u00e9duire les d\u00e9penses excessives et de tirer le meilleur parti de ton budget. Cependant, tu es sur le point de partir en vacances \u00e0 Ibiza. Ce n\u2019est pas Magaluf, Zante, Kavos ou n\u2019importe o\u00f9 ailleurs en Europe. Si la seule chose que tu vas faire c\u2019est remarquer \u00e0 quel point tout est cher, crois-nous, <strong>tu ne passeras pas un bon moment<\/strong>.   <\/p>\n<p>Tout le monde sait que les choses sont ch\u00e8res \u00e0 Ibiza. <strong>C\u2019est la deuxi\u00e8me destination touristique la plus dens\u00e9ment peupl\u00e9e au monde<\/strong>. C\u2019est une \u00eele au milieu de la mer. Tous ceux qui travaillent dans l\u2019industrie du tourisme ont <strong>5 mois<\/strong> pour gagner leur argent pour l\u2019ann\u00e9e.  <\/p>\n<p>Alors accepte-le. <strong>Les choses sont ch\u00e8res, c\u2019est aussi simple que \u00e7a<\/strong>. Si Ibiza n\u2019en valait pas la peine, les gens iraient ailleurs et voteraient avec leurs pieds. Avons-nous mentionn\u00e9 que 2019 a vu un <strong>nombre record de visiteurs<\/strong> sur l\u2019\u00eele ?[\/vc_column_text][\/vc_column_inner][\/vc_row_inner][vc_separator sep_color=\u00a0\u00bbcolor-gyho\u00a0\u00bb][vc_empty_space empty_h=\u00a0\u00bb2&Prime;][vc_row_inner][vc_column_inner width=\u00a0\u00bb1\/6&Prime;][vc_column_text]<span class=\"dropped\">2<\/span>[\/vc_column_text][\/vc_column_inner][vc_column_inner width=\u00a0\u00bb5\/6&Prime;][vc_custom_heading separator_color=\u00a0\u00bbyes\u00a0\u00bb separator=\u00a0\u00bbyes\u00a0\u00bb]<\/p>\n<h2>Choisis ton h\u00e9bergement avec sagesse<\/h2>\n<p>[\/vc_custom_heading][vc_single_image media=\u00a0\u00bb991155&Prime; media_width_percent=\u00a0\u00bb100&Prime;][vc_column_text]C\u2019est tr\u00e8s important. R\u00e9fl\u00e9chis bien \u00e0 l\u2019endroit o\u00f9 tu veux t\u2019installer sur l\u2019\u00eele. Tu apprendras rapidement qu\u2019aller d\u2019un point A \u00e0 un point B \u00e0 Ibiza n\u2019est pas aussi simple que de r\u00e9server un Uber, m\u00eame si l\u2019\u00eele semble petite sur une carte. \u00c7a peut \u00eatre atroce d\u2019essayer de trouver un taxi disponible&#8230; tu es pr\u00e9venu !   <\/p>\n<p>Alors o\u00f9 pourrais-tu rester ? Voici les deux options les plus populaires :[\/vc_column_text][vc_accordion active_tab=\u00a0\u00bb0&Prime;][vc_accordion_tab title=\u00a0\u00bbSan Antonio\u00a0\u00bb tab_id=\u00a0\u00bb1572956383-1-571573744166067&Prime;][vc_column_text]<\/p>\n<p class=\"p1\">Dans l\u2019ensemble, c\u2019est pour un public plus jeune. \u00c0 l\u2019ouest de l\u2019\u00eele, \u00e0 environ 30 minutes en voiture de l\u2019a\u00e9roport. Si\u00e8ge du fameux \u00ab strip \u00bb de bars. Beaucoup, beaucoup d\u2019Anglais. Eden, Es Paradis, Ibiza Rocks et O Beach sont tous \u00e0 ta porte. Zoo Project &amp; Pikes sont \u00e0 un court trajet en taxi. Cafe del Mar &amp; Cafe Mambo pour des couchers de soleil inoubliables et des pr\u00e9-soir\u00e9es gratuites -&gt; \u00e7a vaut le coup d\u2019y aller pour une soir\u00e9e seule.      <\/p>\n<p>[\/vc_column_text][\/vc_accordion_tab][vc_accordion_tab title=\u00a0\u00bbPlaya d&apos;en Bossa\u00a0\u00bb tab_id=\u00a0\u00bb1572956383-2-951573744166067&Prime;][vc_column_text]<\/p>\n<p class=\"p1\">\u00c0 l\u2019est de l\u2019\u00eele, et tr\u00e8s proche de l\u2019a\u00e9roport (seulement 10 minutes en taxi). La magnifique Vieille Ville est \u00e0 quelques minutes en voiture. De ce c\u00f4t\u00e9 de l\u2019\u00eele tu as les superclubs Ushua\u00efa &amp; H\u00ef, tandis qu\u2019Octan (l\u2019ancien Sankeys) est aussi \u00e0 ta porte. Pacha est \u00e0 un court trajet en taxi \u00e0 Talamanca, avec Destino \u00e0 10 minutes de plus dans les collines. Entre Playa d\u2019en Bossa et la Vieille Ville tu as Figuertas, un excellent compromis si tu veux \u00eatre quelque part pr\u00e8s des f\u00eates, mais pas en plein milieu de tout.    <\/p>\n<p>[\/vc_column_text][\/vc_accordion_tab][\/vc_accordion][vc_column_text uncode_shortcode_id=\u00a0\u00bb713987&Prime;]Si tu es dans un groupe de 8 ou plus, tu devrais s\u00e9rieusement <strong>envisager de louer une villa<\/strong>. Pourquoi ? Parce que tu commenceras \u00e0 avoir un <strong>bien meilleur rapport qualit\u00e9-prix<\/strong> qu\u2019en restant dans un h\u00f4tel de gamme basse\/moyenne, surtout pour un voyage d\u2019une semaine que les propri\u00e9taires pr\u00e9f\u00e8rent largement \u00e0 un s\u00e9jour de quelques nuits.  <\/p>\n<p>Ceci dit, il sera plus important que jamais de pouvoir y aller et en revenir, surtout si ta villa est au milieu de l\u2019\u00eele et que tu ne parles pas espagnol \u00e0 ton chauffeur ! <a href=\"https:\/\/ticketsibiza.com\/fr\/ibiza-taxi-app\/\">L\u2019App Ibiza Taxi<\/a> pourrait devenir ton meilleur ami.[\/vc_column_text][\/vc_column_inner][\/vc_row_inner][vc_separator sep_color=\u00a0\u00bbcolor-gyho\u00a0\u00bb][vc_empty_space empty_h=\u00a0\u00bb2&Prime;][vc_row_inner][vc_column_inner width=\u00a0\u00bb1\/6&Prime;][vc_column_text]<span class=\"dropped\">3<\/span>[\/vc_column_text][\/vc_column_inner][vc_column_inner width=\u00a0\u00bb5\/6&Prime;][vc_custom_heading separator_color=\u00a0\u00bbyes\u00a0\u00bb separator=\u00a0\u00bbyes\u00a0\u00bb]<\/p>\n<h2>Planifie tes grandes soir\u00e9es en club<\/h2>\n<p>[\/vc_custom_heading][vc_single_image media=\u00a0\u00bb990446&Prime; media_width_percent=\u00a0\u00bb100&Prime;][vc_column_text uncode_shortcode_id=\u00a0\u00bb198438&Prime;]Si tu vas \u00e0 Ibiza pour une semaine et que tu veux aller en club \u00ab \u00e0 un moment donn\u00e9 \u00bb, laisse-nous te donner un conseil. <strong>Planifie quels clubs tu veux visiter&#8230; maintenant !<\/strong> Oui, tu as l&#8217;embarras du choix avec des f\u00eates pour chaque club chaque soir, mais <strong>la politique musicale de chacun varie \u00e9norm\u00e9ment de jour en jour<\/strong>. Oh, tu voulais visiter Pacha mais c\u2019est ta derni\u00e8re soir\u00e9e ? Et tu n\u2019aimes pas le Reggaeton ? Eh bien tu n\u2019auras pas de chance si c\u2019est J Balvin ce soir-l\u00e0.   <\/p>\n<p>Pense aux genres de musique que tu aimes, et fais tes recherches. Tu trouveras une \u00e9norme quantit\u00e9 de musique qui convient \u00e0 tous les go\u00fbts o\u00f9 que tu regardes&#8230; que ce soit David Guetta \u00e0 Ushua\u00efa, Paul van Dyk \u00e0 Eden, une Pool Party avec Craig David, ou Jamie Jones \u00e0 Amnesia. <\/p>\n<p>D\u2019apr\u00e8s notre exp\u00e9rience, \u00e7a aide aussi si tu es dans un grand groupe de vous mettre d\u2019accord sur au moins quelques-unes des soir\u00e9es o\u00f9 vous pr\u00e9voyez de sortir ensemble. En r\u00e9glant \u00e7a avant d\u2019aller \u00e0 Ibiza, tu auras <em>quelque chose<\/em> qui ressemble \u00e0 un plan.[\/vc_column_text][\/vc_column_inner][\/vc_row_inner][vc_separator sep_color=\u00a0\u00bbcolor-gyho\u00a0\u00bb][vc_empty_space empty_h=\u00a0\u00bb2&Prime;][vc_row_inner][vc_column_inner width=\u00a0\u00bb1\/6&Prime;][vc_column_text]<span class=\"dropped\">4<\/span>[\/vc_column_text][\/vc_column_inner][vc_column_inner width=\u00a0\u00bb5\/6&Prime;][vc_custom_heading separator_color=\u00a0\u00bbyes\u00a0\u00bb separator=\u00a0\u00bbyes\u00a0\u00bb]<\/p>\n<h2>Ach\u00e8te tes billets de club avant de partir<\/h2>\n<p>[\/vc_custom_heading][vc_single_image media=\u00a0\u00bb991160&Prime; media_width_percent=\u00a0\u00bb100&Prime;][vc_column_text uncode_shortcode_id=\u00a0\u00bb214194&Prime;]Sur cette note, si tu sais dans quels clubs tu iras \u00e0 l\u2019avance, alors <strong>\u00e7a te paie d\u2019acheter tes billets de club aussi<\/strong>. Tu trouveras les <strong>billets en pr\u00e9vente officiels les moins chers<\/strong> en ligne qui peuvent <strong>te faire \u00e9conomiser plus de 10 \u20ac<\/strong> par rapport \u00e0 l\u2019achat \u00e0 l\u2019entr\u00e9e. Tu peux aussi acheter des packages de boissons des grands clubs en m\u00eame temps. Un g\u00e9n\u00e9reux double vodka mixer \u00e0 13 \u20ac semble soudain beaucoup plus abordable que 20 \u20ac.   <\/p>\n<p><a href=\"https:\/\/www.ibiza-spotlight.com?aid=145&amp;tid1=ti-tips\" target=\"_blank\" rel=\"noopener\">Ibiza Spotlight<\/a> est le vendeur de billets officiel le plus ancien d\u2019Ibiza &#8211; ils offrent des <strong>annulations gratuites<\/strong> et <strong>garantissent les <strong>billets<\/strong> en pr\u00e9vente les moins chers<\/strong> \u00e0 acheter n\u2019importe o\u00f9 sur l\u2019\u00eele.[\/vc_column_text][\/vc_column_inner][\/vc_row_inner][vc_separator sep_color=\u00a0\u00bbcolor-gyho\u00a0\u00bb][vc_empty_space empty_h=\u00a0\u00bb2&Prime;][vc_row_inner][vc_column_inner width=\u00a0\u00bb1\/6&Prime;][vc_column_text]<span class=\"dropped\">5<\/span>[\/vc_column_text][\/vc_column_inner][vc_column_inner width=\u00a0\u00bb5\/6&Prime;][vc_custom_heading separator_color=\u00a0\u00bbyes\u00a0\u00bb separator=\u00a0\u00bbyes\u00a0\u00bb uncode_shortcode_id=\u00a0\u00bb106877&Prime;]<\/p>\n<h2>Amuse-toi<\/h2>\n<p>[\/vc_custom_heading][vc_single_image media=\u00a0\u00bb991161&Prime; media_width_percent=\u00a0\u00bb100&Prime;][vc_column_text uncode_shortcode_id=\u00a0\u00bb145504&Prime;]Ok, ce dernier point est un peu faible. Mais voici le truc&#8230; <strong>Ibiza est un endroit sp\u00e9cial<\/strong>. C\u2019est un endroit pour passer du bon temps. Il vit et respire la musique, mais il y a tellement plus \u00e0 explorer au-del\u00e0 de ses clubs. <g id=\"gid_1\">Traite-le et tous ceux qui y vivent avec respect<\/g>. Tu rencontreras beaucoup de personnes qui pensent comme toi, qui comme toi veulent passer le meilleur moment de leur vie en vacances.    <\/p>\n<p>Alors laisse tes soucis \u00e0 la maison, pr\u00e9pare-toi \u00e0 \u00eatre au top de ta forme, et amuse-toi. Tu reviendras avant de t\u2019en rendre compte \ud83d\ude09[\/vc_column_text][\/vc_column_inner][\/vc_row_inner][vc_separator sep_color=\u00a0\u00bbcolor-gyho\u00a0\u00bb][vc_row_inner row_inner_height_percent=\u00a0\u00bb0&Prime; back_color=\u00a0\u00bbaccent\u00a0\u00bb overlay_alpha=\u00a0\u00bb50&Prime; gutter_size=\u00a0\u00bb3&Prime; shift_y=\u00a0\u00bb0&Prime; z_index=\u00a0\u00bb0&Prime;][vc_column_inner column_width_percent=\u00a0\u00bb100&Prime; gutter_size=\u00a0\u00bb3&Prime; override_padding=\u00a0\u00bbyes\u00a0\u00bb column_padding=\u00a0\u00bb2&Prime; overlay_alpha=\u00a0\u00bb50&Prime; shift_x=\u00a0\u00bb0&Prime; shift_y=\u00a0\u00bb0&Prime; shift_y_down=\u00a0\u00bb0&Prime; z_index=\u00a0\u00bb0&Prime; medium_width=\u00a0\u00bb0&Prime; mobile_width=\u00a0\u00bb0&Prime; width=\u00a0\u00bb1\/1&Prime;][vc_column_text uncode_shortcode_id=\u00a0\u00bb293096&Prime;]<span style=\"color: #ffffff;\">Notre objectif est de te donner toutes les infos dont tu as besoin pour acheter tes billets de club pour Ibiza.<\/span><\/p>\n<p><span style=\"color: #ffffff;\"><em>Tu cherches plus de contenu sur Ibiza ? Il y en a d\u2019autres : <\/em><\/span><\/p>\n<p><span style=\"color: #ffffff;\">\ud83d\udc49 <a style=\"color: #ffffff;\" href=\"https:\/\/ticketsibiza.com\/fr\/ouvertures-ibiza\/\">Soir\u00e9es d\u2019ouverture d\u2019Ibiza<\/a><\/span><\/p>\n<p><span style=\"color: #ffffff;\">\ud83d\udc49 <a style=\"color: #ffffff;\" href=\"https:\/\/ticketsibiza.com\/fr\/calendrier-ibiza\/\">Calendrier des clubs d\u2019Ibiza<\/a><\/span><\/p>\n<p><span style=\"color: #ffffff;\">\ud83d\udc49 <a style=\"color: #ffffff;\" href=\"https:\/\/ticketsibiza.com\/fr\/fetes\/\">Soir\u00e9es d\u2019Ibiza<\/a><\/span><\/p>\n<p><span style=\"color: #ffffff;\">\ud83d\udc49 <a style=\"color: #ffffff;\" href=\"https:\/\/ticketsibiza.com\/fr\/clubs\/\">Clubs d\u2019Ibiza<\/a><\/span>[\/vc_column_text][\/vc_column_inner][\/vc_row_inner][\/vc_column][vc_column column_width_percent=\u00a0\u00bb100&Prime; align_horizontal=\u00a0\u00bbalign_center\u00a0\u00bb gutter_size=\u00a0\u00bb2&Prime; overlay_alpha=\u00a0\u00bb50&Prime; shift_x=\u00a0\u00bb0&Prime; shift_y=\u00a0\u00bb0&Prime; shift_y_down=\u00a0\u00bb0&Prime; z_index=\u00a0\u00bb0&Prime; medium_width=\u00a0\u00bb0&Prime; mobile_visibility=\u00a0\u00bbyes\u00a0\u00bb mobile_width=\u00a0\u00bb0&Prime; width=\u00a0\u00bb1\/4&Prime; uncode_shortcode_id=\u00a0\u00bb675981&Prime;][vc_button button_color=\u00a0\u00bbcolor-jevc\u00a0\u00bb size=\u00a0\u00bbbtn-lg\u00a0\u00bb border_animation=\u00a0\u00bbbtn-ripple-out\u00a0\u00bb wide=\u00a0\u00bbyes\u00a0\u00bb border_width=\u00a0\u00bb0&Prime; link=\u00a0\u00bburl:https%3A%2F%2Fticketsibiza.com%2Ffr%2Fcalendrier-ibiza%2F|\u00a0\u00bb button_color_type=\u00a0\u00bbuncode-palette\u00a0\u00bb uncode_shortcode_id=\u00a0\u00bb115040&Prime;]Acheter des billets[\/vc_button][vc_separator sep_color=\u00a0\u00bbcolor-gyho\u00a0\u00bb][uncode_block id=\u00a0\u00bb142897&Prime; inside_column=\u00a0\u00bbyes\u00a0\u00bb][\/vc_column][\/vc_row]<\/p>\n<\/div>","protected":false},"excerpt":{"rendered":"<p>[vc_row row_height_percent=\u00a0\u00bb0&Prime; override_padding=\u00a0\u00bbyes\u00a0\u00bb h_padding=\u00a0\u00bb2&Prime; top_padding=\u00a0\u00bb2&Prime; bottom_padding=\u00a0\u00bb0&Prime; back_image=\u00a0\u00bb59430&Prime; overlay_alpha=\u00a0\u00bb50&Prime; gutter_size=\u00a0\u00bb3&Prime; column_width_percent=\u00a0\u00bb100&Prime; shift_y=\u00a0\u00bb0&Prime; z_index=\u00a0\u00bb0&Prime; row_height_pixel=\u00a0\u00bb50&Prime;][vc_column width=\u00a0\u00bb1\/1&Prime;][vc_empty_space empty_h=\u00a0\u00bb5&Prime;][vc_row_inner row_inner_height_percent=\u00a0\u00bb0&Prime; force_width_grid=\u00a0\u00bbyes\u00a0\u00bb overlay_color=\u00a0\u00bbcolor-149363&Prime; overlay_alpha=\u00a0\u00bb50&Prime; gutter_size=\u00a0\u00bb1&Prime; [&hellip;]<\/p>\n","protected":false},"author":1,"featured_media":991158,"parent":0,"menu_order":0,"comment_status":"closed","ping_status":"closed","template":"","meta":{"_acf_changed":false,"footnotes":""},"class_list":["post-991147","page","type-page","status-publish","has-post-thumbnail","hentry","page_category-blog"],"acf":[],"_links":{"self":[{"href":"https:\/\/ticketsibiza.com\/fr\/wp-json\/wp\/v2\/pages\/991147","targetHints":{"allow":["GET"]}}],"collection":[{"href":"https:\/\/ticketsibiza.com\/fr\/wp-json\/wp\/v2\/pages"}],"about":[{"href":"https:\/\/ticketsibiza.com\/fr\/wp-json\/wp\/v2\/types\/page"}],"author":[{"embeddable":true,"href":"https:\/\/ticketsibiza.com\/fr\/wp-json\/wp\/v2\/users\/1"}],"replies":[{"embeddable":true,"href":"https:\/\/ticketsibiza.com\/fr\/wp-json\/wp\/v2\/comments?post=991147"}],"version-history":[{"count":25,"href":"https:\/\/ticketsibiza.com\/fr\/wp-json\/wp\/v2\/pages\/991147\/revisions"}],"predecessor-version":[{"id":1060092,"href":"https:\/\/ticketsibiza.com\/fr\/wp-json\/wp\/v2\/pages\/991147\/revisions\/1060092"}],"wp:featuredmedia":[{"embeddable":true,"href":"https:\/\/ticketsibiza.com\/fr\/wp-json\/wp\/v2\/media\/991158"}],"wp:attachment":[{"href":"https:\/\/ticketsibiza.com\/fr\/wp-json\/wp\/v2\/media?parent=991147"}],"curies":[{"name":"wp","href":"https:\/\/api.w.org\/{rel}","templated":true}]}}