{"id":989285,"date":"2025-04-16T22:11:11","date_gmt":"2025-04-16T21:11:11","guid":{"rendered":"https:\/\/ticketsibiza.com\/formentera-wonders\/"},"modified":"2026-02-27T11:11:43","modified_gmt":"2026-02-27T11:11:43","slug":"formentera-wonders","status":"publish","type":"page","link":"https:\/\/ticketsibiza.com\/fr\/formentera-wonders\/","title":{"rendered":"Formentera Wonders"},"content":{"rendered":"<div class=\"wpb-content-wrapper\"><p>[vc_row][vc_column column_width_percent=\u00a0\u00bb100&Prime; align_horizontal=\u00a0\u00bbalign_center\u00a0\u00bb gutter_size=\u00a0\u00bb3&Prime; overlay_alpha=\u00a0\u00bb50&Prime; shift_x=\u00a0\u00bb0&Prime; shift_y=\u00a0\u00bb0&Prime; shift_y_down=\u00a0\u00bb0&Prime; z_index=\u00a0\u00bb0&Prime; medium_width=\u00a0\u00bb0&Prime; mobile_width=\u00a0\u00bb0&Prime; width=\u00a0\u00bb1\/1&Prime; uncode_shortcode_id=\u00a0\u00bb213233&Prime;][vc_row_inner][vc_column_inner column_width_percent=\u00a0\u00bb100&Prime; align_horizontal=\u00a0\u00bbalign_center\u00a0\u00bb gutter_size=\u00a0\u00bb3&Prime; overlay_alpha=\u00a0\u00bb50&Prime; shift_x=\u00a0\u00bb0&Prime; shift_y=\u00a0\u00bb0&Prime; shift_y_down=\u00a0\u00bb0&Prime; z_index=\u00a0\u00bb0&Prime; medium_width=\u00a0\u00bb0&Prime; mobile_width=\u00a0\u00bb0&Prime; width=\u00a0\u00bb1\/1&Prime; uncode_shortcode_id=\u00a0\u00bb542719&Prime;][vc_single_image media=\u00a0\u00bb989290&Prime; media_width_use_pixel=\u00a0\u00bbyes\u00a0\u00bb alignment=\u00a0\u00bbcenter\u00a0\u00bb uncode_shortcode_id=\u00a0\u00bb615817&Prime; media_width_pixel=\u00a0\u00bb280&Prime;][vc_custom_heading heading_semantic=\u00a0\u00bbh3&Prime; text_size=\u00a0\u00bbh3&Prime; uncode_shortcode_id=\u00a0\u00bb778785&Prime;]<\/p>\n<p style=\"text-align: center;\">Prends tes billets pour l\u2019incroyable excursion en bateau Formentera Wonders \u2693\ufe0f<\/p>\n<p>[\/vc_custom_heading][\/vc_column_inner][\/vc_row_inner][vc_gallery el_id=\u00a0\u00bbgallery-520000&Prime; type=\u00a0\u00bbcarousel\u00a0\u00bb medias=\u00a0\u00bb1036441,1036437,1036442,1036436,1036438,1036439,1036440,1036443,1036444,1036445&Prime; carousel_lg=\u00a0\u00bb\u00a0\u00bb carousel_md=\u00a0\u00bb\u00a0\u00bb carousel_sm=\u00a0\u00bb\u00a0\u00bb gutter_size=\u00a0\u00bb3&Prime; carousel_interval=\u00a0\u00bb3000&Prime; carousel_navspeed=\u00a0\u00bb400&Prime; stage_padding=\u00a0\u00bb0&Prime; single_overlay_opacity=\u00a0\u00bb50&Prime; single_padding=\u00a0\u00bb2&Prime; uncode_shortcode_id=\u00a0\u00bb929695&Prime;][vc_column_text uncode_shortcode_id=\u00a0\u00bb150429&Prime;]<strong>Ce qui est inclus<\/strong><\/p>\n<p>\u2714 Exp\u00e9rience en catamaran de 5 heures Ibiza \u2013 Espalmador \u2013 Ses Illetes<br \/>\u2714 Petit-d\u00e9jeuner buffet : saucisses locales, viennoiseries, fruits frais, pain, confitures, jus, caf\u00e9, th\u00e9s et lait chocolat\u00e9<br \/>\u2714 Paella ibicenca pr\u00e9par\u00e9e \u00e0 bord, avec options v\u00e9g\u00e9tariennes et v\u00e9ganes<br \/>\u2714 Open bar : bi\u00e8re, sangria, sodas, mojitos et cocktail Blue Formentera<br \/>\u2714 Activit\u00e9s nautiques : paddle, snorkeling, bou\u00e9es et toboggan<br \/>\u2714 Musique pendant toute la navigation<br \/>\u2714 Assistance au check-in et accueil par notre h\u00f4tesse[\/vc_column_text][vc_raw_html]PHNjcmlwdCB0eXBlPSJ0ZXh0L2phdmFzY3JpcHQiIHNyYz0iaHR0cHM6Ly93aWRnZXRzLmJva3VuLmlvL2Fzc2V0cy9qYXZhc2NyaXB0cy9hcHBzL2J1aWxkL0Jva3VuV2lkZ2V0c0xvYWRlci5qcz9ib29raW5nQ2hhbm5lbFVVSUQ9OTBhZTNkZGQtYzEyMC00NzBkLWI2ZDYtYmY1OTRjM2FkMzAyIiBhc3luYz0iIj48L3NjcmlwdD4KCjxkaXYgY2xhc3M9ImJva3VuV2lkZ2V0IiBkYXRhLXNyYz0iaHR0cHM6Ly93aWRnZXRzLmJva3VuLmlvL29ubGluZS1zYWxlcy85MGFlM2RkZC1jMTIwLTQ3MGQtYjZkNi1iZjU5NGMzYWQzMDIvZXhwZXJpZW5jZS8xMTAyMjk5Ij48L2Rpdj4KPG5vc2NyaXB0PkFjdGl2ZSBKYXZhU2NyaXB0IGRhbnMgdG9uIG5hdmlnYXRldXIgcG91ciByw6lzZXJ2ZXI8L25vc2NyaXB0Pg==[\/vc_raw_html][vc_raw_html]PGRpdiBpZD0ibWVkaWF2aW5lLXNldHRpbmdzIiBkYXRhLWJsb2NrbGlzdC1hbGw9IjEiPjwvZGl2Pgo8ZGl2IGlkPSJoaWRlLWdyb3ctd2lkZ2V0Ij48L2Rpdj4=[\/vc_raw_html][vc_single_image media=\u00a0\u00bb989292&Prime; media_width_use_pixel=\u00a0\u00bbyes\u00a0\u00bb alignment=\u00a0\u00bbcenter\u00a0\u00bb uncode_shortcode_id=\u00a0\u00bb565897&Prime; media_width_pixel=\u00a0\u00bb250&Prime;][vc_column_text text_lead=\u00a0\u00bbsmall\u00a0\u00bb uncode_shortcode_id=\u00a0\u00bb198050&Prime;]<\/p>\n<p style=\"text-align: center;\"><a href=\"https:\/\/ticketsibiza.com\/fr\/\">Retour \u00e0 ticketsibiza.com<\/a><\/p>\n<p>[\/vc_column_text][\/vc_column][\/vc_row]<\/p>\n<\/div>","protected":false},"excerpt":{"rendered":"<p>[vc_row][vc_column column_width_percent=\u00a0\u00bb100&Prime; align_horizontal=\u00a0\u00bbalign_center\u00a0\u00bb gutter_size=\u00a0\u00bb3&Prime; overlay_alpha=\u00a0\u00bb50&Prime; shift_x=\u00a0\u00bb0&Prime; shift_y=\u00a0\u00bb0&Prime; shift_y_down=\u00a0\u00bb0&Prime; z_index=\u00a0\u00bb0&Prime; medium_width=\u00a0\u00bb0&Prime; mobile_width=\u00a0\u00bb0&Prime; width=\u00a0\u00bb1\/1&Prime; uncode_shortcode_id=\u00a0\u00bb213233&Prime;][vc_row_inner][vc_column_inner column_width_percent=\u00a0\u00bb100&Prime; align_horizontal=\u00a0\u00bbalign_center\u00a0\u00bb gutter_size=\u00a0\u00bb3&Prime; overlay_alpha=\u00a0\u00bb50&Prime; shift_x=\u00a0\u00bb0&Prime; shift_y=\u00a0\u00bb0&Prime; shift_y_down=\u00a0\u00bb0&Prime; [&hellip;]<\/p>\n","protected":false},"author":1,"featured_media":989291,"parent":0,"menu_order":0,"comment_status":"closed","ping_status":"closed","template":"","meta":{"_acf_changed":false,"footnotes":""},"class_list":["post-989285","page","type-page","status-publish","has-post-thumbnail","hentry"],"acf":[],"_links":{"self":[{"href":"https:\/\/ticketsibiza.com\/fr\/wp-json\/wp\/v2\/pages\/989285","targetHints":{"allow":["GET"]}}],"collection":[{"href":"https:\/\/ticketsibiza.com\/fr\/wp-json\/wp\/v2\/pages"}],"about":[{"href":"https:\/\/ticketsibiza.com\/fr\/wp-json\/wp\/v2\/types\/page"}],"author":[{"embeddable":true,"href":"https:\/\/ticketsibiza.com\/fr\/wp-json\/wp\/v2\/users\/1"}],"replies":[{"embeddable":true,"href":"https:\/\/ticketsibiza.com\/fr\/wp-json\/wp\/v2\/comments?post=989285"}],"version-history":[{"count":32,"href":"https:\/\/ticketsibiza.com\/fr\/wp-json\/wp\/v2\/pages\/989285\/revisions"}],"predecessor-version":[{"id":1121908,"href":"https:\/\/ticketsibiza.com\/fr\/wp-json\/wp\/v2\/pages\/989285\/revisions\/1121908"}],"wp:featuredmedia":[{"embeddable":true,"href":"https:\/\/ticketsibiza.com\/fr\/wp-json\/wp\/v2\/media\/989291"}],"wp:attachment":[{"href":"https:\/\/ticketsibiza.com\/fr\/wp-json\/wp\/v2\/media?parent=989285"}],"curies":[{"name":"wp","href":"https:\/\/api.w.org\/{rel}","templated":true}]}}