{"id":989156,"date":"2025-08-14T16:44:43","date_gmt":"2025-08-14T15:44:43","guid":{"rendered":"https:\/\/ticketsibiza.com\/calendrier-ibiza\/fridays\/"},"modified":"2026-01-13T15:12:58","modified_gmt":"2026-01-13T15:12:58","slug":"vendredi","status":"publish","type":"page","link":"https:\/\/ticketsibiza.com\/fr\/calendrier-ibiza\/vendredi\/","title":{"rendered":"\u00c9v\u00e9nements du vendredi \u00e0 Ibiza 2026"},"content":{"rendered":"<div class=\"wpb-content-wrapper\"><p>[vc_row unlock_row_content=\u00a0\u00bbyes\u00a0\u00bb row_height_percent=\u00a0\u00bb0&Prime; override_padding=\u00a0\u00bbyes\u00a0\u00bb h_padding=\u00a0\u00bb0&Prime; top_padding=\u00a0\u00bb1&Prime; bottom_padding=\u00a0\u00bb2&Prime; overlay_alpha=\u00a0\u00bb50&Prime; gutter_size=\u00a0\u00bb3&Prime; column_width_percent=\u00a0\u00bb100&Prime; shift_y=\u00a0\u00bb0&Prime; z_index=\u00a0\u00bb0&Prime; row_name=\u00a0\u00bbtop\u00a0\u00bb css=\u00a0\u00bb.vc_custom_1591615140908{padding-right: 18px !important;padding-left: 18px !important;}\u00a0\u00bb][vc_column column_width_use_pixel=\u00a0\u00bbyes\u00a0\u00bb gutter_size=\u00a0\u00bb3&Prime; overlay_alpha=\u00a0\u00bb50&Prime; shift_x=\u00a0\u00bb0&Prime; shift_y=\u00a0\u00bb0&Prime; shift_y_down=\u00a0\u00bb0&Prime; z_index=\u00a0\u00bb0&Prime; medium_width=\u00a0\u00bb0&Prime; mobile_width=\u00a0\u00bb0&Prime; width=\u00a0\u00bb1\/1&Prime; uncode_shortcode_id=\u00a0\u00bb979366&Prime; column_width_pixel=\u00a0\u00bb1200&Prime;][vc_row_inner][vc_column_inner column_width_percent=\u00a0\u00bb55&Prime; align_horizontal=\u00a0\u00bbalign_center\u00a0\u00bb gutter_size=\u00a0\u00bb3&Prime; overlay_alpha=\u00a0\u00bb50&Prime; shift_x=\u00a0\u00bb0&Prime; shift_y=\u00a0\u00bb0&Prime; shift_y_down=\u00a0\u00bb0&Prime; z_index=\u00a0\u00bb0&Prime; medium_width=\u00a0\u00bb0&Prime; mobile_width=\u00a0\u00bb0&Prime; width=\u00a0\u00bb1\/1&Prime; uncode_shortcode_id=\u00a0\u00bb123942&Prime;][vc_custom_heading heading_semantic=\u00a0\u00bbh1&Prime; text_size=\u00a0\u00bbh1&Prime; text_weight=\u00a0\u00bb700&Prime; text_transform=\u00a0\u00bbuppercase\u00a0\u00bb separator=\u00a0\u00bbyes\u00a0\u00bb separator_color=\u00a0\u00bbyes\u00a0\u00bb uncode_shortcode_id=\u00a0\u00bb129968&Prime;]<\/p>\n<h1 style=\"text-align: center;\"><span class=\"font-762333\">\u00c9v\u00e9nements du vendredi \u00e0 Ibiza 2026<\/span><\/h1>\n<p>[\/vc_custom_heading][vc_column_text uncode_shortcode_id=\u00a0\u00bb112017&Prime;]Tu cherches les meilleurs \u00e9v\u00e9nements du vendredi \u00e0 Ibiza cette saison ? Nous avons tout ce qu\u2019il te faut. <\/p>\n<p>Les vendredis sont l\u2019une des nuits les plus chaudes de l\u2019\u00eele, et ce pour une bonne raison. Des superclubs aux petites salles, des f\u00eates de jour aux raves nocturnes, d\u00e9couvre les meilleures soir\u00e9es du vendredi qu\u2019Ibiza a \u00e0 offrir ci-dessous.[\/vc_column_text][\/vc_column_inner][\/vc_row_inner][vc_row_inner][vc_column_inner column_width_percent=\u00a0\u00bb55&Prime; gutter_size=\u00a0\u00bb3&Prime; overlay_alpha=\u00a0\u00bb50&Prime; shift_x=\u00a0\u00bb0&Prime; shift_y=\u00a0\u00bb0&Prime; shift_y_down=\u00a0\u00bb0&Prime; z_index=\u00a0\u00bb0&Prime; medium_width=\u00a0\u00bb0&Prime; mobile_width=\u00a0\u00bb0&Prime; width=\u00a0\u00bb1\/1&Prime; uncode_shortcode_id=\u00a0\u00bb210657&Prime; el_class=\u00a0\u00bbmv-content\u00a0\u00bb]\t\t<div class=\"wcs-timetable__wrapper\">\n\t\t\t<div class=\"wcs-vue\" id=\"wcs-app-149\"><\/div>\n\t\t<\/div>\n\t\t[\/vc_column_inner][\/vc_row_inner][vc_row_inner row_inner_height_percent=\u00a0\u00bb0&Prime; overlay_alpha=\u00a0\u00bb50&Prime; gutter_size=\u00a0\u00bb3&Prime; shift_y=\u00a0\u00bb0&Prime; z_index=\u00a0\u00bb0&Prime; uncode_shortcode_id=\u00a0\u00bb142640&Prime;][vc_column_inner column_width_percent=\u00a0\u00bb55&Prime; gutter_size=\u00a0\u00bb3&Prime; overlay_alpha=\u00a0\u00bb50&Prime; shift_x=\u00a0\u00bb0&Prime; shift_y=\u00a0\u00bb0&Prime; shift_y_down=\u00a0\u00bb0&Prime; z_index=\u00a0\u00bb0&Prime; medium_width=\u00a0\u00bb0&Prime; mobile_width=\u00a0\u00bb0&Prime; width=\u00a0\u00bb1\/1&Prime; uncode_shortcode_id=\u00a0\u00bb720927&Prime;][vc_custom_heading heading_semantic=\u00a0\u00bbh1&Prime; text_size=\u00a0\u00bbh1&Prime; separator=\u00a0\u00bbyes\u00a0\u00bb separator_color=\u00a0\u00bbyes\u00a0\u00bb uncode_shortcode_id=\u00a0\u00bb380764&Prime;]<\/p>\n<h3 style=\"text-align: left;\"><span class=\"font-762333\">Que se passe-t-il \u00e0 Ibiza le vendredi ?<\/span><\/h3>\n<p>[\/vc_custom_heading][vc_column_text uncode_shortcode_id=\u00a0\u00bb140862&Prime;]Ibiza compte plus de 20 clubs et, pendant la saison estivale, il y a \u00e9norm\u00e9ment d\u2019\u00e9v\u00e9nements chaque vendredi.<\/p>\n<p>Des Pool Party, aux clubs de jour, aux Boat Party \/ Soir\u00e9e Bateau et aux bo\u00eetes de nuit, il y a toujours une f\u00eate qui se passe quelque part \u00e0 Ibiza !<\/p>\n<p>Consulte notre calendrier des f\u00eates ci-dessus pour voir quelles f\u00eates ont lieu les vendredis cette saison.[\/vc_column_text][vc_custom_heading heading_semantic=\u00a0\u00bbh1&Prime; text_size=\u00a0\u00bbh1&Prime; separator=\u00a0\u00bbyes\u00a0\u00bb separator_color=\u00a0\u00bbyes\u00a0\u00bb uncode_shortcode_id=\u00a0\u00bb174829&Prime;]<\/p>\n<h3 style=\"text-align: left;\"><span class=\"font-762333\">Soir\u00e9es de jour du vendredi \u00e0 Ibiza<\/span><\/h3>\n<p>[\/vc_custom_heading][vc_column_text uncode_shortcode_id=\u00a0\u00bb111477&Prime;]Parmi les Pool Party du vendredi les plus populaires d\u2019Ibiza, on trouve Calvin Harris \u00e0 l\u2019Ushua\u00efa, les Pool Party \u00e0 l\u2019O Beach et la Cruise Crush Boat Party \/ Soir\u00e9e Bateau.[\/vc_column_text][vc_custom_heading heading_semantic=\u00a0\u00bbh1&Prime; text_size=\u00a0\u00bbh1&Prime; separator=\u00a0\u00bbyes\u00a0\u00bb separator_color=\u00a0\u00bbyes\u00a0\u00bb uncode_shortcode_id=\u00a0\u00bb528723&Prime;]<\/p>\n<h3 style=\"text-align: left;\"><span class=\"font-762333\">Soir\u00e9es du vendredi soir \u00e0 Ibiza<\/span><\/h3>\n<p>[\/vc_custom_heading][vc_column_text uncode_shortcode_id=\u00a0\u00bb689828&Prime;]Parmi les soir\u00e9es du vendredi soir les plus populaires d\u2019Ibiza, on trouve Music On au Pacha, David Guetta \u00e0 UNVRS et Joseph Capriati \u00e0 H\u00ef.[\/vc_column_text][vc_custom_heading heading_semantic=\u00a0\u00bbh1&Prime; text_size=\u00a0\u00bbh1&Prime; separator=\u00a0\u00bbyes\u00a0\u00bb separator_color=\u00a0\u00bbyes\u00a0\u00bb uncode_shortcode_id=\u00a0\u00bb172474&Prime;]<\/p>\n<h3 style=\"text-align: left;\"><span class=\"font-762333\">Billets pour les \u00e9v\u00e9nements du vendredi \u00e0 Ibiza<\/span><\/h3>\n<p>[\/vc_custom_heading][vc_column_text uncode_shortcode_id=\u00a0\u00bb179721&Prime;]Tous les billets pour les \u00e9v\u00e9nements du vendredi \u00e0 Ibiza sont disponibles en ligne et peuvent \u00eatre achet\u00e9s jusqu\u2019au jour de l\u2019\u00e9v\u00e9nement.<\/p>\n<p>Nous recommandons toujours d\u2019acheter les billets en ligne \u00e0 l\u2019avance, car cela garantit l\u2019entr\u00e9e et vous permet d\u2019\u00e9conomiser en moyenne 10 \u20ac par billet.[\/vc_column_text][\/vc_column_inner][\/vc_row_inner][vc_row_inner][vc_column_inner column_width_percent=\u00a0\u00bb55&Prime; align_horizontal=\u00a0\u00bbalign_center\u00a0\u00bb gutter_size=\u00a0\u00bb3&Prime; overlay_alpha=\u00a0\u00bb50&Prime; shift_x=\u00a0\u00bb0&Prime; shift_y=\u00a0\u00bb0&Prime; shift_y_down=\u00a0\u00bb0&Prime; z_index=\u00a0\u00bb0&Prime; medium_width=\u00a0\u00bb0&Prime; mobile_width=\u00a0\u00bb0&Prime; width=\u00a0\u00bb1\/1&Prime; uncode_shortcode_id=\u00a0\u00bb696253&Prime;][vc_button button_color=\u00a0\u00bbcolor-vyce\u00a0\u00bb size=\u00a0\u00bbbtn-lg\u00a0\u00bb border_width=\u00a0\u00bb0&Prime; link=\u00a0\u00bburl:%23top|\u00a0\u00bb]RETOUR EN HAUT[\/vc_button][\/vc_column_inner][\/vc_row_inner][\/vc_column][\/vc_row][vc_row][vc_column width=\u00a0\u00bb1\/1&Prime;][uncode_block id=\u00a0\u00bb522142&Prime; inside_column=\u00a0\u00bbyes\u00a0\u00bb][\/vc_column][\/vc_row]<\/p>\n<\/div>","protected":false},"excerpt":{"rendered":"<p>Tu cherches les meilleurs \u00e9v\u00e9nements du vendredi \u00e0 Ibiza cette saison ? Nous avons tout ce qu\u2019il te faut. <\/p>\n","protected":false},"author":1,"featured_media":987059,"parent":988539,"menu_order":0,"comment_status":"closed","ping_status":"closed","template":"","meta":{"_acf_changed":false,"footnotes":""},"class_list":["post-989156","page","type-page","status-publish","has-post-thumbnail","hentry"],"acf":[],"_links":{"self":[{"href":"https:\/\/ticketsibiza.com\/fr\/wp-json\/wp\/v2\/pages\/989156","targetHints":{"allow":["GET"]}}],"collection":[{"href":"https:\/\/ticketsibiza.com\/fr\/wp-json\/wp\/v2\/pages"}],"about":[{"href":"https:\/\/ticketsibiza.com\/fr\/wp-json\/wp\/v2\/types\/page"}],"author":[{"embeddable":true,"href":"https:\/\/ticketsibiza.com\/fr\/wp-json\/wp\/v2\/users\/1"}],"replies":[{"embeddable":true,"href":"https:\/\/ticketsibiza.com\/fr\/wp-json\/wp\/v2\/comments?post=989156"}],"version-history":[{"count":10,"href":"https:\/\/ticketsibiza.com\/fr\/wp-json\/wp\/v2\/pages\/989156\/revisions"}],"predecessor-version":[{"id":1060562,"href":"https:\/\/ticketsibiza.com\/fr\/wp-json\/wp\/v2\/pages\/989156\/revisions\/1060562"}],"up":[{"embeddable":true,"href":"https:\/\/ticketsibiza.com\/fr\/wp-json\/wp\/v2\/pages\/988539"}],"wp:featuredmedia":[{"embeddable":true,"href":"https:\/\/ticketsibiza.com\/fr\/wp-json\/wp\/v2\/media\/987059"}],"wp:attachment":[{"href":"https:\/\/ticketsibiza.com\/fr\/wp-json\/wp\/v2\/media?parent=989156"}],"curies":[{"name":"wp","href":"https:\/\/api.w.org\/{rel}","templated":true}]}}