{"id":989136,"date":"2025-08-18T15:40:43","date_gmt":"2025-08-18T14:40:43","guid":{"rendered":"https:\/\/ticketsibiza.com\/calendrier-ibiza\/tuesdays\/"},"modified":"2026-01-13T15:08:11","modified_gmt":"2026-01-13T15:08:11","slug":"mardi","status":"publish","type":"page","link":"https:\/\/ticketsibiza.com\/fr\/calendrier-ibiza\/mardi\/","title":{"rendered":"\u00c9v\u00e9nements du mardi \u00e0 Ibiza 2026"},"content":{"rendered":"<div class=\"wpb-content-wrapper\"><p>[vc_row unlock_row_content=\u00a0\u00bbyes\u00a0\u00bb row_height_percent=\u00a0\u00bb0&Prime; override_padding=\u00a0\u00bbyes\u00a0\u00bb h_padding=\u00a0\u00bb0&Prime; top_padding=\u00a0\u00bb1&Prime; bottom_padding=\u00a0\u00bb2&Prime; overlay_alpha=\u00a0\u00bb50&Prime; gutter_size=\u00a0\u00bb3&Prime; column_width_percent=\u00a0\u00bb100&Prime; shift_y=\u00a0\u00bb0&Prime; z_index=\u00a0\u00bb0&Prime; row_name=\u00a0\u00bbtop\u00a0\u00bb css=\u00a0\u00bb.vc_custom_1591615140908{padding-right: 18px !important;padding-left: 18px !important;}\u00a0\u00bb][vc_column column_width_use_pixel=\u00a0\u00bbyes\u00a0\u00bb gutter_size=\u00a0\u00bb3&Prime; overlay_alpha=\u00a0\u00bb50&Prime; shift_x=\u00a0\u00bb0&Prime; shift_y=\u00a0\u00bb0&Prime; shift_y_down=\u00a0\u00bb0&Prime; z_index=\u00a0\u00bb0&Prime; medium_width=\u00a0\u00bb0&Prime; mobile_width=\u00a0\u00bb0&Prime; width=\u00a0\u00bb1\/1&Prime; uncode_shortcode_id=\u00a0\u00bb979366&Prime; column_width_pixel=\u00a0\u00bb1200&Prime;][vc_row_inner][vc_column_inner column_width_percent=\u00a0\u00bb55&Prime; align_horizontal=\u00a0\u00bbalign_center\u00a0\u00bb gutter_size=\u00a0\u00bb3&Prime; overlay_alpha=\u00a0\u00bb50&Prime; shift_x=\u00a0\u00bb0&Prime; shift_y=\u00a0\u00bb0&Prime; shift_y_down=\u00a0\u00bb0&Prime; z_index=\u00a0\u00bb0&Prime; medium_width=\u00a0\u00bb0&Prime; mobile_width=\u00a0\u00bb0&Prime; width=\u00a0\u00bb1\/1&Prime; uncode_shortcode_id=\u00a0\u00bb123942&Prime;][vc_custom_heading heading_semantic=\u00a0\u00bbh1&Prime; text_size=\u00a0\u00bbh1&Prime; text_weight=\u00a0\u00bb700&Prime; text_transform=\u00a0\u00bbuppercase\u00a0\u00bb separator=\u00a0\u00bbyes\u00a0\u00bb separator_color=\u00a0\u00bbyes\u00a0\u00bb uncode_shortcode_id=\u00a0\u00bb171003&Prime;]<\/p>\n<h1 style=\"text-align: center;\"><span class=\"font-762333\">\u00c9v\u00e9nements du mardi \u00e0 Ibiza 2026<\/span><\/h1>\n<p>[\/vc_custom_heading][vc_column_text uncode_shortcode_id=\u00a0\u00bb157199&Prime;]Les mardis sont tout sauf calmes sur l\u2019\u00cele Blanche.<\/p>\n<p>La folie du milieu de semaine commence t\u00f4t ici \u2013 les mardis \u00e0 Ibiza apportent chaleur, ambiance et DJs de renom. Que tu veuilles danser jusqu\u2019\u00e0 l\u2019aube ou siroter des cocktails au coucher du soleil, cette journ\u00e9e a tout pour plaire. <\/p>\n<p>Fais d\u00e9filer pour d\u00e9couvrir les meilleures soir\u00e9es du mardi cette saison.[\/vc_column_text][\/vc_column_inner][\/vc_row_inner][vc_row_inner][vc_column_inner column_width_percent=\u00a0\u00bb55&Prime; gutter_size=\u00a0\u00bb3&Prime; overlay_alpha=\u00a0\u00bb50&Prime; shift_x=\u00a0\u00bb0&Prime; shift_y=\u00a0\u00bb0&Prime; shift_y_down=\u00a0\u00bb0&Prime; z_index=\u00a0\u00bb0&Prime; medium_width=\u00a0\u00bb0&Prime; mobile_width=\u00a0\u00bb0&Prime; width=\u00a0\u00bb1\/1&Prime; uncode_shortcode_id=\u00a0\u00bb210657&Prime; el_class=\u00a0\u00bbmv-content\u00a0\u00bb]\t\t<div class=\"wcs-timetable__wrapper\">\n\t\t\t<div class=\"wcs-vue\" id=\"wcs-app-153\"><\/div>\n\t\t<\/div>\n\t\t[\/vc_column_inner][\/vc_row_inner][vc_row_inner row_inner_height_percent=\u00a0\u00bb0&Prime; overlay_alpha=\u00a0\u00bb50&Prime; gutter_size=\u00a0\u00bb3&Prime; shift_y=\u00a0\u00bb0&Prime; z_index=\u00a0\u00bb0&Prime; uncode_shortcode_id=\u00a0\u00bb142640&Prime;][vc_column_inner column_width_percent=\u00a0\u00bb55&Prime; gutter_size=\u00a0\u00bb3&Prime; overlay_alpha=\u00a0\u00bb50&Prime; shift_x=\u00a0\u00bb0&Prime; shift_y=\u00a0\u00bb0&Prime; shift_y_down=\u00a0\u00bb0&Prime; z_index=\u00a0\u00bb0&Prime; medium_width=\u00a0\u00bb0&Prime; mobile_width=\u00a0\u00bb0&Prime; width=\u00a0\u00bb1\/1&Prime; uncode_shortcode_id=\u00a0\u00bb720927&Prime;][vc_custom_heading heading_semantic=\u00a0\u00bbh1&Prime; text_size=\u00a0\u00bbh1&Prime; separator=\u00a0\u00bbyes\u00a0\u00bb separator_color=\u00a0\u00bbyes\u00a0\u00bb uncode_shortcode_id=\u00a0\u00bb483068&Prime;]<\/p>\n<h3 style=\"text-align: left;\"><span class=\"font-762333\">Que se passe-t-il \u00e0 Ibiza le mardi ?<\/span><\/h3>\n<p>[\/vc_custom_heading][vc_column_text uncode_shortcode_id=\u00a0\u00bb155463&Prime;]Les mardis ne sont pas des jours de repos \u00e0 Ibiza. Avec des programmations compl\u00e8tes et certaines des plus grandes r\u00e9sidences de l\u2019\u00eele, la f\u00eate ne fait que commencer. <\/p>\n<p>Des grooves en journ\u00e9e dans les beach clubs \u00e0 la deep house dans les salles sombres, il y en a pour tous les go\u00fbts.<\/p>\n<p>Parcours le calendrier du mardi pour voir ce qui bouge cette semaine.[\/vc_column_text][vc_custom_heading heading_semantic=\u00a0\u00bbh1&Prime; text_size=\u00a0\u00bbh1&Prime; separator=\u00a0\u00bbyes\u00a0\u00bb separator_color=\u00a0\u00bbyes\u00a0\u00bb uncode_shortcode_id=\u00a0\u00bb405824&Prime;]<\/p>\n<h3 style=\"text-align: left;\"><span class=\"font-762333\">Soir\u00e9es du mardi en journ\u00e9e \u00e0 Ibiza<\/span><\/h3>\n<p>[\/vc_custom_heading][vc_column_text uncode_shortcode_id=\u00a0\u00bb200281&Prime;]Parmi les soir\u00e9es du mardi les plus populaires en journ\u00e9e, on trouve Tomorrowland \u00e0 Ushua\u00efa, Kisstory \u00e0 O Beach, et le Boat Party de Pukka Up.[\/vc_column_text][vc_custom_heading heading_semantic=\u00a0\u00bbh1&Prime; text_size=\u00a0\u00bbh1&Prime; separator=\u00a0\u00bbyes\u00a0\u00bb separator_color=\u00a0\u00bbyes\u00a0\u00bb uncode_shortcode_id=\u00a0\u00bb660366&Prime;]<\/p>\n<h3 style=\"text-align: left;\"><span class=\"font-762333\">Soir\u00e9es du mardi soir \u00e0 Ibiza<\/span><\/h3>\n<p>[\/vc_custom_heading][vc_column_text uncode_shortcode_id=\u00a0\u00bb107123&Prime;]Parmi les soir\u00e9es du mardi soir les plus populaires, on trouve Camelphat au Pacha, Anyma \u00e0 UNVRS, et les Martinez Brothers \u00e0 H\u00ef.[\/vc_column_text][vc_custom_heading heading_semantic=\u00a0\u00bbh1&Prime; text_size=\u00a0\u00bbh1&Prime; separator=\u00a0\u00bbyes\u00a0\u00bb separator_color=\u00a0\u00bbyes\u00a0\u00bb uncode_shortcode_id=\u00a0\u00bb278175&Prime;]<\/p>\n<h3 style=\"text-align: left;\"><span class=\"font-762333\">Billets pour les \u00e9v\u00e9nements du mardi \u00e0 Ibiza<\/span><\/h3>\n<p>[\/vc_custom_heading][vc_column_text uncode_shortcode_id=\u00a0\u00bb645210&Prime;]Les billets pour les \u00e9v\u00e9nements du mardi \u00e0 Ibiza sont disponibles en ligne et peuvent \u00eatre achet\u00e9s jusqu\u2019au jour m\u00eame de l\u2019\u00e9v\u00e9nement.<\/p>\n<p>Nous te recommandons toujours d\u2019acheter tes billets en ligne \u00e0 l\u2019avance, car cela garantit l\u2019entr\u00e9e et permet d\u2019\u00e9conomiser en moyenne 10 \u20ac par billet.[\/vc_column_text][\/vc_column_inner][\/vc_row_inner][vc_row_inner][vc_column_inner column_width_percent=\u00a0\u00bb55&Prime; align_horizontal=\u00a0\u00bbalign_center\u00a0\u00bb gutter_size=\u00a0\u00bb3&Prime; overlay_alpha=\u00a0\u00bb50&Prime; shift_x=\u00a0\u00bb0&Prime; shift_y=\u00a0\u00bb0&Prime; shift_y_down=\u00a0\u00bb0&Prime; z_index=\u00a0\u00bb0&Prime; medium_width=\u00a0\u00bb0&Prime; mobile_width=\u00a0\u00bb0&Prime; width=\u00a0\u00bb1\/1&Prime; uncode_shortcode_id=\u00a0\u00bb696253&Prime;][vc_button button_color=\u00a0\u00bbcolor-vyce\u00a0\u00bb size=\u00a0\u00bbbtn-lg\u00a0\u00bb border_width=\u00a0\u00bb0&Prime; link=\u00a0\u00bburl:%23top|\u00a0\u00bb]RETOUR EN HAUT[\/vc_button][\/vc_column_inner][\/vc_row_inner][\/vc_column][\/vc_row][vc_row][vc_column width=\u00a0\u00bb1\/1&Prime;][uncode_block id=\u00a0\u00bb522142&Prime; inside_column=\u00a0\u00bbyes\u00a0\u00bb][\/vc_column][\/vc_row]<\/p>\n<\/div>","protected":false},"excerpt":{"rendered":"<p>[vc_row unlock_row_content=\u00a0\u00bbyes\u00a0\u00bb row_height_percent=\u00a0\u00bb0&Prime; override_padding=\u00a0\u00bbyes\u00a0\u00bb h_padding=\u00a0\u00bb0&Prime; top_padding=\u00a0\u00bb1&Prime; bottom_padding=\u00a0\u00bb2&Prime; overlay_alpha=\u00a0\u00bb50&Prime; gutter_size=\u00a0\u00bb3&Prime; column_width_percent=\u00a0\u00bb100&Prime; shift_y=\u00a0\u00bb0&Prime; z_index=\u00a0\u00bb0&Prime; row_name=\u00a0\u00bbtop\u00a0\u00bb css=\u00a0\u00bb.vc_custom_1591615140908{padding-right: 18px !important;padding-left: 18px !important;}\u00a0\u00bb][vc_column column_width_use_pixel=\u00a0\u00bbyes\u00a0\u00bb gutter_size=\u00a0\u00bb3&Prime; [&hellip;]<\/p>\n","protected":false},"author":1,"featured_media":987059,"parent":988539,"menu_order":0,"comment_status":"closed","ping_status":"closed","template":"","meta":{"_acf_changed":false,"footnotes":""},"class_list":["post-989136","page","type-page","status-publish","has-post-thumbnail","hentry"],"acf":[],"_links":{"self":[{"href":"https:\/\/ticketsibiza.com\/fr\/wp-json\/wp\/v2\/pages\/989136","targetHints":{"allow":["GET"]}}],"collection":[{"href":"https:\/\/ticketsibiza.com\/fr\/wp-json\/wp\/v2\/pages"}],"about":[{"href":"https:\/\/ticketsibiza.com\/fr\/wp-json\/wp\/v2\/types\/page"}],"author":[{"embeddable":true,"href":"https:\/\/ticketsibiza.com\/fr\/wp-json\/wp\/v2\/users\/1"}],"replies":[{"embeddable":true,"href":"https:\/\/ticketsibiza.com\/fr\/wp-json\/wp\/v2\/comments?post=989136"}],"version-history":[{"count":12,"href":"https:\/\/ticketsibiza.com\/fr\/wp-json\/wp\/v2\/pages\/989136\/revisions"}],"predecessor-version":[{"id":1060526,"href":"https:\/\/ticketsibiza.com\/fr\/wp-json\/wp\/v2\/pages\/989136\/revisions\/1060526"}],"up":[{"embeddable":true,"href":"https:\/\/ticketsibiza.com\/fr\/wp-json\/wp\/v2\/pages\/988539"}],"wp:featuredmedia":[{"embeddable":true,"href":"https:\/\/ticketsibiza.com\/fr\/wp-json\/wp\/v2\/media\/987059"}],"wp:attachment":[{"href":"https:\/\/ticketsibiza.com\/fr\/wp-json\/wp\/v2\/media?parent=989136"}],"curies":[{"name":"wp","href":"https:\/\/api.w.org\/{rel}","templated":true}]}}