{"id":989109,"date":"2025-08-18T15:46:01","date_gmt":"2025-08-18T14:46:01","guid":{"rendered":"https:\/\/ticketsibiza.com\/calendrier-ibiza\/wednesdays\/"},"modified":"2026-01-13T15:09:15","modified_gmt":"2026-01-13T15:09:15","slug":"mercredi","status":"publish","type":"page","link":"https:\/\/ticketsibiza.com\/fr\/calendrier-ibiza\/mercredi\/","title":{"rendered":"\u00c9v\u00e9nements du mercredi \u00e0 Ibiza 2026"},"content":{"rendered":"<div class=\"wpb-content-wrapper\"><p>[vc_row unlock_row_content=\u00a0\u00bbyes\u00a0\u00bb row_height_percent=\u00a0\u00bb0&Prime; override_padding=\u00a0\u00bbyes\u00a0\u00bb h_padding=\u00a0\u00bb0&Prime; top_padding=\u00a0\u00bb1&Prime; bottom_padding=\u00a0\u00bb2&Prime; overlay_alpha=\u00a0\u00bb50&Prime; gutter_size=\u00a0\u00bb3&Prime; column_width_percent=\u00a0\u00bb100&Prime; shift_y=\u00a0\u00bb0&Prime; z_index=\u00a0\u00bb0&Prime; row_name=\u00a0\u00bbtop\u00a0\u00bb css=\u00a0\u00bb.vc_custom_1591615140908{padding-right: 18px !important;padding-left: 18px !important;}\u00a0\u00bb][vc_column column_width_use_pixel=\u00a0\u00bbyes\u00a0\u00bb gutter_size=\u00a0\u00bb3&Prime; overlay_alpha=\u00a0\u00bb50&Prime; shift_x=\u00a0\u00bb0&Prime; shift_y=\u00a0\u00bb0&Prime; shift_y_down=\u00a0\u00bb0&Prime; z_index=\u00a0\u00bb0&Prime; medium_width=\u00a0\u00bb0&Prime; mobile_width=\u00a0\u00bb0&Prime; width=\u00a0\u00bb1\/1&Prime; uncode_shortcode_id=\u00a0\u00bb979366&Prime; column_width_pixel=\u00a0\u00bb1200&Prime;][vc_row_inner][vc_column_inner column_width_percent=\u00a0\u00bb55&Prime; align_horizontal=\u00a0\u00bbalign_center\u00a0\u00bb gutter_size=\u00a0\u00bb3&Prime; overlay_alpha=\u00a0\u00bb50&Prime; shift_x=\u00a0\u00bb0&Prime; shift_y=\u00a0\u00bb0&Prime; shift_y_down=\u00a0\u00bb0&Prime; z_index=\u00a0\u00bb0&Prime; medium_width=\u00a0\u00bb0&Prime; mobile_width=\u00a0\u00bb0&Prime; width=\u00a0\u00bb1\/1&Prime; uncode_shortcode_id=\u00a0\u00bb123942&Prime;][vc_custom_heading heading_semantic=\u00a0\u00bbh1&Prime; text_size=\u00a0\u00bbh1&Prime; text_weight=\u00a0\u00bb700&Prime; text_transform=\u00a0\u00bbuppercase\u00a0\u00bb separator=\u00a0\u00bbyes\u00a0\u00bb separator_color=\u00a0\u00bbyes\u00a0\u00bb uncode_shortcode_id=\u00a0\u00bb587025&Prime;]<\/p>\n<h1 style=\"text-align: center;\"><span class=\"font-762333\">\u00c9v\u00e9nements du mercredi \u00e0 Ibiza 2026<\/span><\/h1>\n<p>[\/vc_custom_heading][vc_column_text uncode_shortcode_id=\u00a0\u00bb142901&Prime;]Milieu de semaine ? Pas \u00e0 Ibiza. <\/p>\n<p>Ibiza n\u2019attend pas le week-end. Les mercredis sont remplis de r\u00e9sidences embl\u00e9matiques, de p\u00e9pites underground et de tout ce qu\u2019il y a entre les deux. <\/p>\n<p>Si tu es sur l\u2019\u00eele, tu sors. D\u00e9couvre les meilleures soir\u00e9es du mercredi qu\u2019Ibiza a \u00e0 offrir.[\/vc_column_text][\/vc_column_inner][\/vc_row_inner][vc_row_inner][vc_column_inner column_width_percent=\u00a0\u00bb55&Prime; gutter_size=\u00a0\u00bb3&Prime; overlay_alpha=\u00a0\u00bb50&Prime; shift_x=\u00a0\u00bb0&Prime; shift_y=\u00a0\u00bb0&Prime; shift_y_down=\u00a0\u00bb0&Prime; z_index=\u00a0\u00bb0&Prime; medium_width=\u00a0\u00bb0&Prime; mobile_width=\u00a0\u00bb0&Prime; width=\u00a0\u00bb1\/1&Prime; uncode_shortcode_id=\u00a0\u00bb210657&Prime; el_class=\u00a0\u00bbmv-content\u00a0\u00bb]\t\t<div class=\"wcs-timetable__wrapper\">\n\t\t\t<div class=\"wcs-vue\" id=\"wcs-app-154\"><\/div>\n\t\t<\/div>\n\t\t[\/vc_column_inner][\/vc_row_inner][vc_row_inner row_inner_height_percent=\u00a0\u00bb0&Prime; overlay_alpha=\u00a0\u00bb50&Prime; gutter_size=\u00a0\u00bb3&Prime; shift_y=\u00a0\u00bb0&Prime; z_index=\u00a0\u00bb0&Prime; uncode_shortcode_id=\u00a0\u00bb142640&Prime;][vc_column_inner column_width_percent=\u00a0\u00bb55&Prime; gutter_size=\u00a0\u00bb3&Prime; overlay_alpha=\u00a0\u00bb50&Prime; shift_x=\u00a0\u00bb0&Prime; shift_y=\u00a0\u00bb0&Prime; shift_y_down=\u00a0\u00bb0&Prime; z_index=\u00a0\u00bb0&Prime; medium_width=\u00a0\u00bb0&Prime; mobile_width=\u00a0\u00bb0&Prime; width=\u00a0\u00bb1\/1&Prime; uncode_shortcode_id=\u00a0\u00bb720927&Prime;][vc_custom_heading heading_semantic=\u00a0\u00bbh1&Prime; text_size=\u00a0\u00bbh1&Prime; separator=\u00a0\u00bbyes\u00a0\u00bb separator_color=\u00a0\u00bbyes\u00a0\u00bb uncode_shortcode_id=\u00a0\u00bb821777&Prime;]<\/p>\n<h3 style=\"text-align: left;\"><span class=\"font-762333\">Que se passe-t-il \u00e0 Ibiza les mercredis ?<\/span><\/h3>\n<p>[\/vc_custom_heading][vc_column_text uncode_shortcode_id=\u00a0\u00bb316170&Prime;]Les mercredis \u00e0 Ibiza sont fous, avec de la magie en milieu de semaine partout sur l\u2019\u00eele.<\/p>\n<p>Attends-toi \u00e0 des Boat Party \/ Soir\u00e9es Bateau, des ambiances en plein air et des soir\u00e9es en club avec des grands noms.<\/p>\n<p>Consulte le calendrier ci-dessus pour une liste compl\u00e8te des \u00e9v\u00e9nements du mercredi qui se d\u00e9roulent cet \u00e9t\u00e9.[\/vc_column_text][vc_custom_heading heading_semantic=\u00a0\u00bbh1&Prime; text_size=\u00a0\u00bbh1&Prime; separator=\u00a0\u00bbyes\u00a0\u00bb separator_color=\u00a0\u00bbyes\u00a0\u00bb uncode_shortcode_id=\u00a0\u00bb795404&Prime;]<\/p>\n<h3 style=\"text-align: left;\"><span class=\"font-762333\">Soir\u00e9es de jour du mercredi \u00e0 Ibiza<\/span><\/h3>\n<p>[\/vc_custom_heading][vc_column_text uncode_shortcode_id=\u00a0\u00bb204124&Prime;]Parmi les soir\u00e9es de jour du mercredi les plus populaires \u00e0 Ibiza, on trouve Tomorrowland \u00e0 Ushua\u00efa, House in Paradise \u00e0 O Beach, et le Boat Party \/ Soir\u00e9e Bateau d\u2019Ibiza Boat Club.[\/vc_column_text][vc_custom_heading heading_semantic=\u00a0\u00bbh1&Prime; text_size=\u00a0\u00bbh1&Prime; separator=\u00a0\u00bbyes\u00a0\u00bb separator_color=\u00a0\u00bbyes\u00a0\u00bb uncode_shortcode_id=\u00a0\u00bb141906&Prime;]<\/p>\n<h3 style=\"text-align: left;\"><span class=\"font-762333\">Soir\u00e9es de nuit du mercredi \u00e0 Ibiza<\/span><\/h3>\n<p>[\/vc_custom_heading][vc_column_text uncode_shortcode_id=\u00a0\u00bb123016&Prime;]Parmi les soir\u00e9es de nuit du mercredi les plus populaires \u00e0 Ibiza, on trouve Paradise \u00e0 UNVRS et Dom Dolla \u00e0 H\u00ef.[\/vc_column_text][vc_custom_heading heading_semantic=\u00a0\u00bbh1&Prime; text_size=\u00a0\u00bbh1&Prime; separator=\u00a0\u00bbyes\u00a0\u00bb separator_color=\u00a0\u00bbyes\u00a0\u00bb uncode_shortcode_id=\u00a0\u00bb277795&Prime;]<\/p>\n<h3 style=\"text-align: left;\"><span class=\"font-762333\">Billets pour les \u00e9v\u00e9nements du mercredi \u00e0 Ibiza<\/span><\/h3>\n<p>[\/vc_custom_heading][vc_column_text uncode_shortcode_id=\u00a0\u00bb170582&Prime;]Tous les billets pour les \u00e9v\u00e9nements du mercredi \u00e0 Ibiza sont disponibles en ligne et peuvent \u00eatre achet\u00e9s jusqu\u2019au jour m\u00eame de l\u2019\u00e9v\u00e9nement.<\/p>\n<p>On recommande toujours d\u2019acheter les billets en ligne \u00e0 l\u2019avance, car cela garantit l\u2019entr\u00e9e et permet d\u2019\u00e9conomiser en moyenne 10 \u20ac par billet.[\/vc_column_text][\/vc_column_inner][\/vc_row_inner][vc_row_inner][vc_column_inner column_width_percent=\u00a0\u00bb55&Prime; align_horizontal=\u00a0\u00bbalign_center\u00a0\u00bb gutter_size=\u00a0\u00bb3&Prime; overlay_alpha=\u00a0\u00bb50&Prime; shift_x=\u00a0\u00bb0&Prime; shift_y=\u00a0\u00bb0&Prime; shift_y_down=\u00a0\u00bb0&Prime; z_index=\u00a0\u00bb0&Prime; medium_width=\u00a0\u00bb0&Prime; mobile_width=\u00a0\u00bb0&Prime; width=\u00a0\u00bb1\/1&Prime; uncode_shortcode_id=\u00a0\u00bb696253&Prime;][vc_button button_color=\u00a0\u00bbcolor-vyce\u00a0\u00bb size=\u00a0\u00bbbtn-lg\u00a0\u00bb border_width=\u00a0\u00bb0&Prime; link=\u00a0\u00bburl:%23top|\u00a0\u00bb]RETOUR EN HAUT[\/vc_button][\/vc_column_inner][\/vc_row_inner][\/vc_column][\/vc_row][vc_row][vc_column width=\u00a0\u00bb1\/1&Prime;][uncode_block id=\u00a0\u00bb522142&Prime; inside_column=\u00a0\u00bbyes\u00a0\u00bb][\/vc_column][\/vc_row]<\/p>\n<\/div>","protected":false},"excerpt":{"rendered":"<p>[vc_row unlock_row_content=\u00a0\u00bbyes\u00a0\u00bb row_height_percent=\u00a0\u00bb0&Prime; override_padding=\u00a0\u00bbyes\u00a0\u00bb h_padding=\u00a0\u00bb0&Prime; top_padding=\u00a0\u00bb1&Prime; bottom_padding=\u00a0\u00bb2&Prime; overlay_alpha=\u00a0\u00bb50&Prime; gutter_size=\u00a0\u00bb3&Prime; column_width_percent=\u00a0\u00bb100&Prime; shift_y=\u00a0\u00bb0&Prime; z_index=\u00a0\u00bb0&Prime; row_name=\u00a0\u00bbtop\u00a0\u00bb css=\u00a0\u00bb.vc_custom_1591615140908{padding-right: 18px !important;padding-left: 18px !important;}\u00a0\u00bb][vc_column column_width_use_pixel=\u00a0\u00bbyes\u00a0\u00bb gutter_size=\u00a0\u00bb3&Prime; [&hellip;]<\/p>\n","protected":false},"author":1,"featured_media":987059,"parent":988539,"menu_order":0,"comment_status":"closed","ping_status":"closed","template":"","meta":{"_acf_changed":false,"footnotes":""},"class_list":["post-989109","page","type-page","status-publish","has-post-thumbnail","hentry"],"acf":[],"_links":{"self":[{"href":"https:\/\/ticketsibiza.com\/fr\/wp-json\/wp\/v2\/pages\/989109","targetHints":{"allow":["GET"]}}],"collection":[{"href":"https:\/\/ticketsibiza.com\/fr\/wp-json\/wp\/v2\/pages"}],"about":[{"href":"https:\/\/ticketsibiza.com\/fr\/wp-json\/wp\/v2\/types\/page"}],"author":[{"embeddable":true,"href":"https:\/\/ticketsibiza.com\/fr\/wp-json\/wp\/v2\/users\/1"}],"replies":[{"embeddable":true,"href":"https:\/\/ticketsibiza.com\/fr\/wp-json\/wp\/v2\/comments?post=989109"}],"version-history":[{"count":8,"href":"https:\/\/ticketsibiza.com\/fr\/wp-json\/wp\/v2\/pages\/989109\/revisions"}],"predecessor-version":[{"id":1060534,"href":"https:\/\/ticketsibiza.com\/fr\/wp-json\/wp\/v2\/pages\/989109\/revisions\/1060534"}],"up":[{"embeddable":true,"href":"https:\/\/ticketsibiza.com\/fr\/wp-json\/wp\/v2\/pages\/988539"}],"wp:featuredmedia":[{"embeddable":true,"href":"https:\/\/ticketsibiza.com\/fr\/wp-json\/wp\/v2\/media\/987059"}],"wp:attachment":[{"href":"https:\/\/ticketsibiza.com\/fr\/wp-json\/wp\/v2\/media?parent=989109"}],"curies":[{"name":"wp","href":"https:\/\/api.w.org\/{rel}","templated":true}]}}