{"id":988476,"date":"2019-04-19T18:23:49","date_gmt":"2019-04-19T17:23:49","guid":{"rendered":"https:\/\/ticketsibiza.com\/tickets-ibiza-billets-de-clubs-ibiza-2025\/"},"modified":"2026-03-30T20:54:42","modified_gmt":"2026-03-30T19:54:42","slug":"home","status":"publish","type":"page","link":"https:\/\/ticketsibiza.com\/fr\/","title":{"rendered":"Tickets Ibiza &#8211; Billets de clubs d\u2019Ibiza 2026"},"content":{"rendered":"<div class=\"wpb-content-wrapper\"><p>[vc_row row_height_percent=\u00a0\u00bb0&Prime; override_padding=\u00a0\u00bbyes\u00a0\u00bb h_padding=\u00a0\u00bb2&Prime; top_padding=\u00a0\u00bb2&Prime; bottom_padding=\u00a0\u00bb2&Prime; back_color=\u00a0\u00bbcolor-xsdn\u00a0\u00bb overlay_alpha=\u00a0\u00bb50&Prime; gutter_size=\u00a0\u00bb3&Prime; column_width_percent=\u00a0\u00bb100&Prime; shift_y=\u00a0\u00bb0&Prime; z_index=\u00a0\u00bb0&Prime; uncode_shortcode_id=\u00a0\u00bb474035&Prime; back_color_type=\u00a0\u00bbuncode-palette\u00a0\u00bb][vc_column column_width_percent=\u00a0\u00bb100&Prime; gutter_size=\u00a0\u00bb0&Prime; overlay_alpha=\u00a0\u00bb50&Prime; shift_x=\u00a0\u00bb0&Prime; shift_y=\u00a0\u00bb0&Prime; shift_y_down=\u00a0\u00bb0&Prime; z_index=\u00a0\u00bb0&Prime; medium_width=\u00a0\u00bb0&Prime; mobile_width=\u00a0\u00bb0&Prime; width=\u00a0\u00bb1\/1&Prime; uncode_shortcode_id=\u00a0\u00bb118465&Prime;][vc_custom_heading text_color=\u00a0\u00bbcolor-jevc\u00a0\u00bb heading_semantic=\u00a0\u00bbh4&Prime; text_size=\u00a0\u00bbh4&Prime; uncode_shortcode_id=\u00a0\u00bb761991&Prime; text_color_type=\u00a0\u00bbuncode-palette\u00a0\u00bb]\u00c9v\u00e9nements \u00e0 la une[\/vc_custom_heading][vc_empty_space empty_h=\u00a0\u00bb2&Prime;][uncode_index el_id=\u00a0\u00bbindex-510781&Prime; loop=\u00a0\u00bbsize:6|order_by:rand|order:ASC|post_type:class|tax_query:396|taxonomy_count:10&Prime; screen_lg=\u00a0\u00bb1000&Prime; screen_md=\u00a0\u00bb600&Prime; screen_sm=\u00a0\u00bb480&Prime; gutter_size=\u00a0\u00bb2&Prime; post_items=\u00a0\u00bbmedia|featured|onpost|original,title,link|default|default_size|outline\u00a0\u00bb page_items=\u00a0\u00bbtitle,media|featured|onpost|original,spacer|half,link|default|default_size|flat\u00a0\u00bb class_items=\u00a0\u00bbtitle|-,media|featured|onpost|original,spacer|two,custom_fields_group|value|All|flex|left|2,spacer_two|one,link|default-shape|small_size|scale_mobile|default_width|default_outline|BUY TICKETS\u00a0\u00bb single_text=\u00a0\u00bboverlay\u00a0\u00bb images_size=\u00a0\u00bbtwo-one\u00a0\u00bb single_shape=\u00a0\u00bbround\u00a0\u00bb radius=\u00a0\u00bbxl\u00a0\u00bb single_overlay_color=\u00a0\u00bbcolor-jevc\u00a0\u00bb single_overlay_opacity=\u00a0\u00bb80&Prime; single_overlay_visible=\u00a0\u00bbyes\u00a0\u00bb single_overlay_anim=\u00a0\u00bbno\u00a0\u00bb single_text_visible=\u00a0\u00bbyes\u00a0\u00bb single_text_anim=\u00a0\u00bbno\u00a0\u00bb single_h_align_mobile=\u00a0\u00bbleft\u00a0\u00bb single_v_position=\u00a0\u00bbbottom\u00a0\u00bb single_padding=\u00a0\u00bb1&Prime; single_text_reduced=\u00a0\u00bbyes\u00a0\u00bb single_title_dimension=\u00a0\u00bbh4&Prime; single_title_weight=\u00a0\u00bb600&Prime; single_shadow=\u00a0\u00bbyes\u00a0\u00bb single_border=\u00a0\u00bbyes\u00a0\u00bb uncode_shortcode_id=\u00a0\u00bb140989&Prime; el_class=\u00a0\u00bbhp-w-border\u00a0\u00bb][vc_empty_space empty_h=\u00a0\u00bb1&Prime;][vc_empty_space empty_h=\u00a0\u00bb1&Prime;][vc_custom_heading text_color=\u00a0\u00bbcolor-jevc\u00a0\u00bb heading_semantic=\u00a0\u00bbh4&Prime; text_size=\u00a0\u00bbh4&Prime; uncode_shortcode_id=\u00a0\u00bb475086&Prime; text_color_type=\u00a0\u00bbuncode-palette\u00a0\u00bb]Tout juste publi\u00e9 \ud83d\udd25[\/vc_custom_heading][vc_empty_space empty_h=\u00a0\u00bb1&Prime;][uncode_index el_id=\u00a0\u00bbindex-510781&Prime; loop=\u00a0\u00bbsize:2|order_by:rand|order:ASC|post_type:page|by_id:586650,605017|taxonomy_count:10&Prime; screen_lg=\u00a0\u00bb1000&Prime; screen_md=\u00a0\u00bb600&Prime; screen_sm=\u00a0\u00bb480&Prime; gutter_size=\u00a0\u00bb3&Prime; post_items=\u00a0\u00bbmedia|featured|onpost|original,title,link|default|default_size|outline\u00a0\u00bb page_items=\u00a0\u00bbtitle,media|featured|onpost|original,spacer|half,link|default|default_size|flat\u00a0\u00bb class_items=\u00a0\u00bbtitle,media|featured|onpost|original,date,link|default-shape|small_size|INFO\u00a0\u00bb single_text=\u00a0\u00bboverlay\u00a0\u00bb single_width=\u00a0\u00bb6&Prime; images_size=\u00a0\u00bbone-one\u00a0\u00bb single_shape=\u00a0\u00bbround\u00a0\u00bb radius=\u00a0\u00bbxl\u00a0\u00bb single_overlay_color=\u00a0\u00bbcolor-vyce\u00a0\u00bb single_overlay_opacity=\u00a0\u00bb60&Prime; single_overlay_visible=\u00a0\u00bbyes\u00a0\u00bb single_overlay_anim=\u00a0\u00bbno\u00a0\u00bb single_text_visible=\u00a0\u00bbyes\u00a0\u00bb single_text_anim=\u00a0\u00bbno\u00a0\u00bb single_h_align_mobile=\u00a0\u00bbleft\u00a0\u00bb single_v_position=\u00a0\u00bbbottom\u00a0\u00bb single_padding=\u00a0\u00bb1&Prime; single_text_reduced=\u00a0\u00bbyes\u00a0\u00bb single_title_dimension=\u00a0\u00bbh2&Prime; single_title_weight=\u00a0\u00bb600&Prime; single_shadow=\u00a0\u00bbyes\u00a0\u00bb single_border=\u00a0\u00bbyes\u00a0\u00bb uncode_shortcode_id=\u00a0\u00bb124295&Prime; el_class=\u00a0\u00bbhp-w-border\u00a0\u00bb][vc_empty_space empty_h=\u00a0\u00bb1&Prime;][vc_empty_space empty_h=\u00a0\u00bb1&Prime;][vc_custom_heading text_color=\u00a0\u00bbcolor-jevc\u00a0\u00bb heading_semantic=\u00a0\u00bbh4&Prime; text_size=\u00a0\u00bbh4&Prime; uncode_shortcode_id=\u00a0\u00bb190416&Prime; text_color_type=\u00a0\u00bbuncode-palette\u00a0\u00bb]Guides Ibiza[\/vc_custom_heading][vc_empty_space empty_h=\u00a0\u00bb2&Prime;][uncode_index el_id=\u00a0\u00bbindex-5107811&Prime; index_type=\u00a0\u00bbcss_grid\u00a0\u00bb loop=\u00a0\u00bbsize:10|order_by:date|post_type:page|by_id:131701,127103,145810|taxonomy_count:10&Prime; grid_items=\u00a0\u00bb3&Prime; screen_lg_items=\u00a0\u00bb3&Prime; screen_lg_breakpoint=\u00a0\u00bb1000&Prime; screen_md_items=\u00a0\u00bb2&Prime; screen_md_breakpoint=\u00a0\u00bb600&Prime; screen_sm_items=\u00a0\u00bb1&Prime; screen_sm_breakpoint=\u00a0\u00bb480&Prime; gutter_size=\u00a0\u00bb3&Prime; post_items=\u00a0\u00bbmedia|featured|onpost|original,title,link|default|default_size|outline\u00a0\u00bb page_items=\u00a0\u00bbtitle,media|featured|onpost|original,spacer|half,link|default|default_size|flat\u00a0\u00bb single_text=\u00a0\u00bboverlay\u00a0\u00bb css_grid_images_size=\u00a0\u00bbtwo-three\u00a0\u00bb single_shape=\u00a0\u00bbround\u00a0\u00bb radius=\u00a0\u00bbstd\u00a0\u00bb single_overlay_color=\u00a0\u00bbaccent\u00a0\u00bb single_overlay_opacity=\u00a0\u00bb50&Prime; single_overlay_visible=\u00a0\u00bbyes\u00a0\u00bb single_overlay_anim=\u00a0\u00bbno\u00a0\u00bb single_text_visible=\u00a0\u00bbyes\u00a0\u00bb single_text_anim=\u00a0\u00bbno\u00a0\u00bb single_h_align_mobile=\u00a0\u00bbleft\u00a0\u00bb single_v_position=\u00a0\u00bbbottom\u00a0\u00bb single_padding=\u00a0\u00bb2&Prime; single_title_dimension=\u00a0\u00bbh1&Prime; single_title_weight=\u00a0\u00bb600&Prime; single_text_lead=\u00a0\u00bbyes\u00a0\u00bb single_shadow=\u00a0\u00bbyes\u00a0\u00bb single_border=\u00a0\u00bbyes\u00a0\u00bb uncode_shortcode_id=\u00a0\u00bb101284&Prime;][\/vc_column][\/vc_row][vc_row row_height_percent=\u00a0\u00bb0&Prime; override_padding=\u00a0\u00bbyes\u00a0\u00bb h_padding=\u00a0\u00bb2&Prime; top_padding=\u00a0\u00bb2&Prime; bottom_padding=\u00a0\u00bb2&Prime; back_color=\u00a0\u00bbcolor-jevc\u00a0\u00bb overlay_alpha=\u00a0\u00bb50&Prime; gutter_size=\u00a0\u00bb3&Prime; column_width_percent=\u00a0\u00bb100&Prime; shift_y=\u00a0\u00bb0&Prime; z_index=\u00a0\u00bb0&Prime;][vc_column column_width_percent=\u00a0\u00bb100&Prime; gutter_size=\u00a0\u00bb0&Prime; overlay_alpha=\u00a0\u00bb50&Prime; shift_x=\u00a0\u00bb0&Prime; shift_y=\u00a0\u00bb0&Prime; shift_y_down=\u00a0\u00bb0&Prime; z_index=\u00a0\u00bb0&Prime; medium_width=\u00a0\u00bb0&Prime; mobile_width=\u00a0\u00bb0&Prime; width=\u00a0\u00bb1\/1&Prime; uncode_shortcode_id=\u00a0\u00bb152905&Prime;][vc_custom_heading text_color=\u00a0\u00bbcolor-xsdn\u00a0\u00bb heading_semantic=\u00a0\u00bbh4&Prime; text_size=\u00a0\u00bbh4&Prime; uncode_shortcode_id=\u00a0\u00bb209420&Prime; text_color_type=\u00a0\u00bbuncode-palette\u00a0\u00bb]Clubs populaires d\u2019Ibiza[\/vc_custom_heading][vc_empty_space empty_h=\u00a0\u00bb1&Prime;][uncode_index el_id=\u00a0\u00bbindex-23764944&Prime; index_type=\u00a0\u00bbcarousel\u00a0\u00bb loop=\u00a0\u00bbsize:10|order_by:date|post_type:page|by_id:585137,59338,59396,539831,59425,59411,59375,58107,615841|taxonomy_count:10&Prime; carousel_lg=\u00a0\u00bb6&Prime; carousel_md=\u00a0\u00bb3&Prime; carousel_sm=\u00a0\u00bb2&Prime; thumb_size=\u00a0\u00bbone-one\u00a0\u00bb gutter_size=\u00a0\u00bb3&Prime; page_items=\u00a0\u00bbmedia|featured|onpost|original\u00a0\u00bb carousel_v_align=\u00a0\u00bbmiddle\u00a0\u00bb carousel_interval=\u00a0\u00bb0&Prime; carousel_navspeed=\u00a0\u00bb1000&Prime; carousel_loop=\u00a0\u00bbyes\u00a0\u00bb carousel_nav=\u00a0\u00bbyes\u00a0\u00bb stage_padding=\u00a0\u00bb0&Prime; single_text=\u00a0\u00bboverlay\u00a0\u00bb single_style=\u00a0\u00bbdark\u00a0\u00bb single_shape=\u00a0\u00bbround\u00a0\u00bb radius=\u00a0\u00bbxl\u00a0\u00bb single_overlay_color=\u00a0\u00bbcolor-lxmt\u00a0\u00bb single_overlay_opacity=\u00a0\u00bb50&Prime; single_text_anim_type=\u00a0\u00bbbtt\u00a0\u00bb single_h_align=\u00a0\u00bbcenter\u00a0\u00bb single_h_align_mobile=\u00a0\u00bbcenter\u00a0\u00bb single_padding=\u00a0\u00bb2&Prime; single_border=\u00a0\u00bbyes\u00a0\u00bb title=\u00a0\u00bbPopular Clubs\u00a0\u00bb uncode_shortcode_id=\u00a0\u00bb133333&Prime; el_class=\u00a0\u00bbhp-sq-border\u00a0\u00bb][vc_empty_space empty_h=\u00a0\u00bb0&Prime;][vc_button hover_fx=\u00a0\u00bbfull-colored\u00a0\u00bb border_width=\u00a0\u00bb0&Prime; lbox_skin=\u00a0\u00bbwhite\u00a0\u00bb link=\u00a0\u00bburl:https%3A%2F%2Fticketsibiza.com%2Ffr%2Fclubs%2F|title:Ibiza%20Clubs%20%5Bnextseason%5D|\u00a0\u00bb uncode_shortcode_id=\u00a0\u00bb117406&Prime;]TOUS LES CLUBS[\/vc_button][vc_empty_space empty_h=\u00a0\u00bb2&Prime;][vc_custom_heading text_color=\u00a0\u00bbcolor-xsdn\u00a0\u00bb heading_semantic=\u00a0\u00bbh4&Prime; text_size=\u00a0\u00bbh4&Prime; uncode_shortcode_id=\u00a0\u00bb881121&Prime; text_color_type=\u00a0\u00bbuncode-palette\u00a0\u00bb]Soir\u00e9es tendance d\u2019Ibiza[\/vc_custom_heading][vc_empty_space empty_h=\u00a0\u00bb1&Prime;][uncode_index el_id=\u00a0\u00bbindex-139457&Prime; index_type=\u00a0\u00bbcarousel\u00a0\u00bb loop=\u00a0\u00bbsize:All|order_by:date|post_type:page|by_id:577848,57798,492921,57761,57647,57624,57595,57562,494629|taxonomy_count:10&Prime; auto_query=\u00a0\u00bbyes\u00a0\u00bb carousel_lg=\u00a0\u00bb4&Prime; carousel_md=\u00a0\u00bb2&Prime; carousel_sm=\u00a0\u00bb2&Prime; thumb_size=\u00a0\u00bbthree-two\u00a0\u00bb gutter_size=\u00a0\u00bb2&Prime; page_items=\u00a0\u00bbmedia|featured|onpost|original\u00a0\u00bb product_items=\u00a0\u00bbtitle,media|featured|onpost|original,price\u00a0\u00bb carousel_v_align=\u00a0\u00bbbottom\u00a0\u00bb carousel_autoh=\u00a0\u00bbyes\u00a0\u00bb carousel_interval=\u00a0\u00bb15000&Prime; carousel_navspeed=\u00a0\u00bb400&Prime; carousel_loop=\u00a0\u00bbyes\u00a0\u00bb carousel_nav=\u00a0\u00bbyes\u00a0\u00bb stage_padding=\u00a0\u00bb0&Prime; single_text=\u00a0\u00bboverlay\u00a0\u00bb single_shape=\u00a0\u00bbround\u00a0\u00bb radius=\u00a0\u00bbxl\u00a0\u00bb single_overlay_opacity=\u00a0\u00bb10&Prime; single_image_anim=\u00a0\u00bbno\u00a0\u00bb single_h_align=\u00a0\u00bbcenter\u00a0\u00bb single_padding=\u00a0\u00bb1&Prime; single_text_reduced=\u00a0\u00bbyes\u00a0\u00bb single_border=\u00a0\u00bbyes\u00a0\u00bb custom_order=\u00a0\u00bbyes\u00a0\u00bb items=\u00a0\u00bbe30=\u00a0\u00bb order_ids=\u00a0\u00bb19263,19261,19262,19235,18966,18907,18965,18934,18964,18936,18963,18935,18962,18933,18937,18932,19264,18999,18997,18998,18995,18967,18996,19265&Prime; title=\u00a0\u00bbPopular Parties\u00a0\u00bb uncode_shortcode_id=\u00a0\u00bb779835&Prime; el_class=\u00a0\u00bbhp-w-border\u00a0\u00bb][vc_empty_space empty_h=\u00a0\u00bb0&Prime;][vc_button hover_fx=\u00a0\u00bbfull-colored\u00a0\u00bb border_width=\u00a0\u00bb0&Prime; lbox_skin=\u00a0\u00bbwhite\u00a0\u00bb link=\u00a0\u00bburl:https%3A%2F%2Fticketsibiza.com%2Ffr%2Ffetes%2F|\u00a0\u00bb uncode_shortcode_id=\u00a0\u00bb707425&Prime;]TOUTES LES SOIR\u00c9ES[\/vc_button][vc_empty_space empty_h=\u00a0\u00bb1&Prime;][vc_raw_js]JTNDc2NyaXB0JTNFJTBBdmFyJTIwVmFuaWxsYVRpbHQlM0RmdW5jdGlvbiUyOCUyOSU3QiUyMnVzZSUyMHN0cmljdCUyMiUzQmNsYXNzJTIwdCU3QmNvbnN0cnVjdG9yJTI4dCUyQ2UlM0QlN0IlN0QlMjklN0JpZiUyOCUyMSUyOHQlMjBpbnN0YW5jZW9mJTIwTm9kZSUyOSUyOXRocm93JTIyQ2FuJTI3dCUyMGluaXRpYWxpemUlMjBWYW5pbGxhVGlsdCUyMGJlY2F1c2UlMjAlMjIlMkJ0JTJCJTIyJTIwaXMlMjBub3QlMjBhJTIwTm9kZS4lMjIlM0J0aGlzLndpZHRoJTNEbnVsbCUyQ3RoaXMuaGVpZ2h0JTNEbnVsbCUyQ3RoaXMubGVmdCUzRG51bGwlMkN0aGlzLnRvcCUzRG51bGwlMkN0aGlzLnRyYW5zaXRpb25UaW1lb3V0JTNEbnVsbCUyQ3RoaXMudXBkYXRlQ2FsbCUzRG51bGwlMkN0aGlzLnVwZGF0ZUJpbmQlM0R0aGlzLnVwZGF0ZS5iaW5kJTI4dGhpcyUyOSUyQ3RoaXMuZWxlbWVudCUzRHQlMkN0aGlzLnNldHRpbmdzJTNEdGhpcy5leHRlbmRTZXR0aW5ncyUyOGUlMjklMkN0aGlzLnJldmVyc2UlM0R0aGlzLnNldHRpbmdzLnJldmVyc2UlM0YtMSUzQTElMkN0aGlzLmFkZEV2ZW50TGlzdGVuZXJzJTI4JTI5JTdEYWRkRXZlbnRMaXN0ZW5lcnMlMjglMjklN0J0aGlzLm9uTW91c2VFbnRlckJpbmQlM0R0aGlzLm9uTW91c2VFbnRlci5iaW5kJTI4dGhpcyUyOSUyQ3RoaXMub25Nb3VzZU1vdmVCaW5kJTNEdGhpcy5vbk1vdXNlTW92ZS5iaW5kJTI4dGhpcyUyOSUyQ3RoaXMub25Nb3VzZUxlYXZlQmluZCUzRHRoaXMub25Nb3VzZUxlYXZlLmJpbmQlMjh0aGlzJTI5JTJDdGhpcy5lbGVtZW50LmFkZEV2ZW50TGlzdGVuZXIlMjglMjJtb3VzZWVudGVyJTIyJTJDdGhpcy5vbk1vdXNlRW50ZXJCaW5kJTI5JTJDdGhpcy5lbGVtZW50LmFkZEV2ZW50TGlzdGVuZXIlMjglMjJtb3VzZW1vdmUlMjIlMkN0aGlzLm9uTW91c2VNb3ZlQmluZCUyOSUyQ3RoaXMuZWxlbWVudC5hZGRFdmVudExpc3RlbmVyJTI4JTIybW91c2VsZWF2ZSUyMiUyQ3RoaXMub25Nb3VzZUxlYXZlQmluZCUyOSU3RHJlbW92ZUV2ZW50TGlzdGVuZXJzJTI4JTI5JTdCdGhpcy5lbGVtZW50LnJlbW92ZUV2ZW50TGlzdGVuZXIlMjglMjJtb3VzZWVudGVyJTIyJTJDdGhpcy5vbk1vdXNlRW50ZXJCaW5kJTI5JTJDdGhpcy5lbGVtZW50LnJlbW92ZUV2ZW50TGlzdGVuZXIlMjglMjJtb3VzZW1vdmUlMjIlMkN0aGlzLm9uTW91c2VNb3ZlQmluZCUyOSUyQ3RoaXMuZWxlbWVudC5yZW1vdmVFdmVudExpc3RlbmVyJTI4JTIybW91c2VsZWF2ZSUyMiUyQ3RoaXMub25Nb3VzZUxlYXZlQmluZCUyOSU3RGRlc3Ryb3klMjglMjklN0J0aGlzLnJlbW92ZUV2ZW50TGlzdGVuZXJzJTI4JTI5JTJDdGhpcy5lbGVtZW50LnZhbmlsbGFUaWx0JTNEbnVsbCUyQ2RlbGV0ZSUyMHRoaXMuZWxlbWVudC52YW5pbGxhVGlsdCUyQ3RoaXMuZWxlbWVudCUzRG51bGwlN0Rvbk1vdXNlRW50ZXIlMjh0JTI5JTdCdGhpcy51cGRhdGVFbGVtZW50UG9zaXRpb24lMjglMjklMkN0aGlzLmVsZW1lbnQuc3R5bGUud2lsbENoYW5nZSUzRCUyMnRyYW5zZm9ybSUyMiUyQ3RoaXMuc2V0VHJhbnNpdGlvbiUyOCUyOSU3RG9uTW91c2VNb3ZlJTI4dCUyOSU3Qm51bGwlMjElM0QlM0R0aGlzLnVwZGF0ZUNhbGwlMjYlMjZjYW5jZWxBbmltYXRpb25GcmFtZSUyOHRoaXMudXBkYXRlQ2FsbCUyOSUyQ3RoaXMuZXZlbnQlM0R0JTJDdGhpcy51cGRhdGVDYWxsJTNEcmVxdWVzdEFuaW1hdGlvbkZyYW1lJTI4dGhpcy51cGRhdGVCaW5kJTI5JTdEb25Nb3VzZUxlYXZlJTI4dCUyOSU3QnRoaXMuc2V0VHJhbnNpdGlvbiUyOCUyOSUyQ3RoaXMuc2V0dGluZ3MucmVzZXQlMjYlMjZ0aGlzLnJlc2V0JTI4JTI5JTdEcmVzZXQlMjglMjklN0JyZXF1ZXN0QW5pbWF0aW9uRnJhbWUlMjglMjglMjklM0QlM0UlN0J0aGlzLmV2ZW50JTNEJTdCcGFnZVglM0F0aGlzLmxlZnQlMkJ0aGlzLndpZHRoJTJGMiUyQ3BhZ2VZJTNBdGhpcy50b3AlMkJ0aGlzLmhlaWdodCUyRjIlN0QlMkN0aGlzLmVsZW1lbnQuc3R5bGUudHJhbnNmb3JtJTNEJTIycGVyc3BlY3RpdmUlMjglMjIlMkJ0aGlzLnNldHRpbmdzLnBlcnNwZWN0aXZlJTJCJTIycHglMjklMjByb3RhdGVYJTI4MGRlZyUyOSUyMHJvdGF0ZVklMjgwZGVnJTI5JTIwc2NhbGUzZCUyODElMkMlMjAxJTJDJTIwMSUyOSUyMiU3RCUyOSU3RGdldFZhbHVlcyUyOCUyOSU3QmxldCUyMHQlM0QlMjh0aGlzLmV2ZW50LmNsaWVudFgtdGhpcy5sZWZ0JTI5JTJGdGhpcy53aWR0aCUyQ2UlM0QlMjh0aGlzLmV2ZW50LmNsaWVudFktdGhpcy50b3AlMjklMkZ0aGlzLmhlaWdodCUzQnQlM0RNYXRoLm1pbiUyOE1hdGgubWF4JTI4dCUyQzAlMjklMkMxJTI5JTJDZSUzRE1hdGgubWluJTI4TWF0aC5tYXglMjhlJTJDMCUyOSUyQzElMjklM0JsZXQlMjBpJTNEJTI4dGhpcy5yZXZlcnNlJTJBJTI4dGhpcy5zZXR0aW5ncy5tYXglMkYyLXQlMkF0aGlzLnNldHRpbmdzLm1heCUyOSUyOS50b0ZpeGVkJTI4MiUyOSUyQ3MlM0QlMjh0aGlzLnJldmVyc2UlMkElMjhlJTJBdGhpcy5zZXR0aW5ncy5tYXgtdGhpcy5zZXR0aW5ncy5tYXglMkYyJTI5JTI5LnRvRml4ZWQlMjgyJTI5JTNCcmV0dXJuJTdCdGlsdFglM0FpJTJDdGlsdFklM0FzJTJDcGVyY2VudGFnZVglM0ExMDAlMkF0JTJDcGVyY2VudGFnZVklM0ExMDAlMkFlJTdEJTdEdXBkYXRlRWxlbWVudFBvc2l0aW9uJTI4JTI5JTdCbGV0JTIwdCUzRHRoaXMuZWxlbWVudC5nZXRCb3VuZGluZ0NsaWVudFJlY3QlMjglMjklM0J0aGlzLndpZHRoJTNEdGhpcy5lbGVtZW50Lm9mZnNldFdpZHRoJTJDdGhpcy5oZWlnaHQlM0R0aGlzLmVsZW1lbnQub2Zmc2V0SGVpZ2h0JTJDdGhpcy5sZWZ0JTNEdC5sZWZ0JTJDdGhpcy50b3AlM0R0LnRvcCU3RHVwZGF0ZSUyOCUyOSU3QmxldCUyMHQlM0R0aGlzLmdldFZhbHVlcyUyOCUyOSUzQnRoaXMuZWxlbWVudC5zdHlsZS50cmFuc2Zvcm0lM0QlMjJwZXJzcGVjdGl2ZSUyOCUyMiUyQnRoaXMuc2V0dGluZ3MucGVyc3BlY3RpdmUlMkIlMjJweCUyOSUyMHJvdGF0ZVglMjglMjIlMkIlMjglMjJ4JTIyJTNEJTNEJTNEdGhpcy5zZXR0aW5ncy5heGlzJTNGMCUzQXQudGlsdFklMjklMkIlMjJkZWclMjklMjByb3RhdGVZJTI4JTIyJTJCJTI4JTIyeSUyMiUzRCUzRCUzRHRoaXMuc2V0dGluZ3MuYXhpcyUzRjAlM0F0LnRpbHRYJTI5JTJCJTIyZGVnJTI5JTIwc2NhbGUzZCUyOCUyMiUyQnRoaXMuc2V0dGluZ3Muc2NhbGUlMkIlMjIlMkMlMjAlMjIlMkJ0aGlzLnNldHRpbmdzLnNjYWxlJTJCJTIyJTJDJTIwJTIyJTJCdGhpcy5zZXR0aW5ncy5zY2FsZSUyQiUyMiUyOSUyMiUyQ3RoaXMuZWxlbWVudC5kaXNwYXRjaEV2ZW50JTI4bmV3JTIwQ3VzdG9tRXZlbnQlMjglMjJ0aWx0Q2hhbmdlJTIyJTJDJTdCZGV0YWlsJTNBdCU3RCUyOSUyOSUyQ3RoaXMudXBkYXRlQ2FsbCUzRG51bGwlN0RzZXRUcmFuc2l0aW9uJTI4JTI5JTdCY2xlYXJUaW1lb3V0JTI4dGhpcy50cmFuc2l0aW9uVGltZW91dCUyOSUyQ3RoaXMuZWxlbWVudC5zdHlsZS50cmFuc2l0aW9uJTNEdGhpcy5zZXR0aW5ncy5zcGVlZCUyQiUyMm1zJTIwJTIyJTJCdGhpcy5zZXR0aW5ncy5lYXNpbmclMkN0aGlzLnRyYW5zaXRpb25UaW1lb3V0JTNEc2V0VGltZW91dCUyOCUyOCUyOSUzRCUzRXRoaXMuZWxlbWVudC5zdHlsZS50cmFuc2l0aW9uJTNEJTIyJTIyJTJDdGhpcy5zZXR0aW5ncy5zcGVlZCUyOSU3RGV4dGVuZFNldHRpbmdzJTI4dCUyOSU3QmxldCUyMGUlM0QlN0JyZXZlcnNlJTNBJTIxMSUyQ21heCUzQTM1JTJDcGVyc3BlY3RpdmUlM0ExZTMlMkNlYXNpbmclM0ElMjJjdWJpYy1iZXppZXIlMjguMDMlMkMuOTglMkMuNTIlMkMuOTklMjklMjIlMkNzY2FsZSUzQSUyMjElMjIlMkNzcGVlZCUzQSUyMjMwMCUyMiUyQ3RyYW5zaXRpb24lM0ElMjEwJTJDYXhpcyUzQW51bGwlMkNyZXNldCUzQSUyMTAlN0QlMkNpJTNEJTdCJTdEJTNCZm9yJTI4dmFyJTIwcyUyMGluJTIwZSUyOWlmJTI4cyUyMGluJTIwdCUyOWklNUJzJTVEJTNEdCU1QnMlNUQlM0JlbHNlJTIwaWYlMjh0aGlzLmVsZW1lbnQuaGFzQXR0cmlidXRlJTI4JTIyZGF0YS10aWx0LSUyMiUyQnMlMjklMjklN0JsZXQlMjB0JTNEdGhpcy5lbGVtZW50LmdldEF0dHJpYnV0ZSUyOCUyMmRhdGEtdGlsdC0lMjIlMkJzJTI5JTNCdHJ5JTdCaSU1QnMlNUQlM0RKU09OLnBhcnNlJTI4dCUyOSU3RGNhdGNoJTI4ZSUyOSU3QmklNUJzJTVEJTNEdCU3RCU3RGVsc2UlMjBpJTVCcyU1RCUzRGUlNUJzJTVEJTNCcmV0dXJuJTIwaSU3RHN0YXRpYyUyMGluaXQlMjhlJTJDaSUyOSU3QmUlMjBpbnN0YW5jZW9mJTIwTm9kZSUyNiUyNiUyOGUlM0QlNUJlJTVEJTI5JTJDZSUyMGluc3RhbmNlb2YlMjBOb2RlTGlzdCUyNiUyNiUyOGUlM0QlNUIlNUQuc2xpY2UuY2FsbCUyOGUlMjklMjklMkNlJTIwaW5zdGFuY2VvZiUyMEFycmF5JTI2JTI2ZS5mb3JFYWNoJTI4ZSUzRCUzRSU3QiUyMnZhbmlsbGFUaWx0JTIyaW4lMjBlJTdDJTdDJTI4ZS52YW5pbGxhVGlsdCUzRG5ldyUyMHQlMjhlJTJDaSUyOSUyOSU3RCUyOSU3RCU3RHJldHVybiUyMnVuZGVmaW5lZCUyMiUyMSUzRHR5cGVvZiUyMGRvY3VtZW50JTI2JTI2JTI4d2luZG93LlZhbmlsbGFUaWx0JTNEdCUyQ3QuaW5pdCUyOGRvY3VtZW50LnF1ZXJ5U2VsZWN0b3JBbGwlMjglMjIlNUJkYXRhLXRpbHQlNUQlMjIlMjklMjklMjklMkN0JTdEJTI4JTI5JTNCJTBBJTNDJTJGc2NyaXB0JTNF[\/vc_raw_js][vc_raw_html]PGRpdiBpZD0ibWVkaWF2aW5lLXNldHRpbmdzIiBkYXRhLWJsb2NrbGlzdC1hbGw9IjEiPjwvZGl2Pgo8ZGl2IGlkPSJoaWRlLWdyb3ctd2lkZ2V0Ij48L2Rpdj4=[\/vc_raw_html][\/vc_column][\/vc_row]<\/p>\n<\/div>","protected":false},"excerpt":{"rendered":"<p>[vc_row row_height_percent=\u00a0\u00bb0&Prime; override_padding=\u00a0\u00bbyes\u00a0\u00bb h_padding=\u00a0\u00bb2&Prime; top_padding=\u00a0\u00bb2&Prime; bottom_padding=\u00a0\u00bb2&Prime; back_color=\u00a0\u00bbcolor-xsdn\u00a0\u00bb overlay_alpha=\u00a0\u00bb50&Prime; gutter_size=\u00a0\u00bb3&Prime; column_width_percent=\u00a0\u00bb100&Prime; shift_y=\u00a0\u00bb0&Prime; z_index=\u00a0\u00bb0&Prime; uncode_shortcode_id=\u00a0\u00bb474035&Prime; back_color_type=\u00a0\u00bbuncode-palette\u00a0\u00bb][vc_column column_width_percent=\u00a0\u00bb100&Prime; gutter_size=\u00a0\u00bb0&Prime; overlay_alpha=\u00a0\u00bb50&Prime; shift_x=\u00a0\u00bb0&Prime; shift_y=\u00a0\u00bb0&Prime; shift_y_down=\u00a0\u00bb0&Prime; [&hellip;]<\/p>\n","protected":false},"author":2,"featured_media":988487,"parent":0,"menu_order":0,"comment_status":"closed","ping_status":"closed","template":"","meta":{"_acf_changed":false,"footnotes":""},"class_list":["post-988476","page","type-page","status-publish","has-post-thumbnail","hentry"],"acf":[],"_links":{"self":[{"href":"https:\/\/ticketsibiza.com\/fr\/wp-json\/wp\/v2\/pages\/988476","targetHints":{"allow":["GET"]}}],"collection":[{"href":"https:\/\/ticketsibiza.com\/fr\/wp-json\/wp\/v2\/pages"}],"about":[{"href":"https:\/\/ticketsibiza.com\/fr\/wp-json\/wp\/v2\/types\/page"}],"author":[{"embeddable":true,"href":"https:\/\/ticketsibiza.com\/fr\/wp-json\/wp\/v2\/users\/2"}],"replies":[{"embeddable":true,"href":"https:\/\/ticketsibiza.com\/fr\/wp-json\/wp\/v2\/comments?post=988476"}],"version-history":[{"count":56,"href":"https:\/\/ticketsibiza.com\/fr\/wp-json\/wp\/v2\/pages\/988476\/revisions"}],"predecessor-version":[{"id":1142738,"href":"https:\/\/ticketsibiza.com\/fr\/wp-json\/wp\/v2\/pages\/988476\/revisions\/1142738"}],"wp:featuredmedia":[{"embeddable":true,"href":"https:\/\/ticketsibiza.com\/fr\/wp-json\/wp\/v2\/media\/988487"}],"wp:attachment":[{"href":"https:\/\/ticketsibiza.com\/fr\/wp-json\/wp\/v2\/media?parent=988476"}],"curies":[{"name":"wp","href":"https:\/\/api.w.org\/{rel}","templated":true}]}}