{"id":1009155,"date":"2019-03-31T16:34:52","date_gmt":"2019-03-31T15:34:52","guid":{"rendered":"https:\/\/ticketsibiza.com\/parties\/the-masquerade\/"},"modified":"2026-03-18T11:59:55","modified_gmt":"2026-03-18T11:59:55","slug":"the-masquerade","status":"publish","type":"page","link":"https:\/\/ticketsibiza.com\/fr\/fetes\/the-masquerade\/","title":{"rendered":"The Masquerade Ibiza 2026 &#8211; Billets, \u00e9v\u00e9nements et programmation"},"content":{"rendered":"<div class=\"wpb-content-wrapper\"><p>[vc_row row_height_percent=\u00a0\u00bb0&Prime; override_padding=\u00a0\u00bbyes\u00a0\u00bb h_padding=\u00a0\u00bb2&Prime; top_padding=\u00a0\u00bb2&Prime; bottom_padding=\u00a0\u00bb0&Prime; back_image=\u00a0\u00bb57843&Prime; overlay_alpha=\u00a0\u00bb50&Prime; gutter_size=\u00a0\u00bb3&Prime; column_width_percent=\u00a0\u00bb100&Prime; shift_y=\u00a0\u00bb0&Prime; z_index=\u00a0\u00bb0&Prime; row_height_pixel=\u00a0\u00bb50&Prime;][vc_column width=\u00a0\u00bb1\/1&Prime;][vc_empty_space empty_h=\u00a0\u00bb5&Prime;][vc_row_inner row_inner_height_percent=\u00a0\u00bb0&Prime; force_width_grid=\u00a0\u00bbyes\u00a0\u00bb overlay_color=\u00a0\u00bbcolor-149363&Prime; overlay_alpha=\u00a0\u00bb70&Prime; gutter_size=\u00a0\u00bb1&Prime; shift_y=\u00a0\u00bb1&Prime; z_index=\u00a0\u00bb3&Prime; css=\u00a0\u00bb.vc_custom_1555709754802{margin-bottom: 0px !important;border-bottom-width: 0px !important;padding-top: 0px !important;padding-bottom: 0px !important;padding-left: 20px !important;}\u00a0\u00bb][vc_column_inner column_width_percent=\u00a0\u00bb100&Prime; gutter_size=\u00a0\u00bb0&Prime; overlay_alpha=\u00a0\u00bb50&Prime; shift_x=\u00a0\u00bb0&Prime; shift_y=\u00a0\u00bb0&Prime; shift_y_down=\u00a0\u00bb0&Prime; z_index=\u00a0\u00bb0&Prime; medium_width=\u00a0\u00bb0&Prime; mobile_width=\u00a0\u00bb0&Prime; width=\u00a0\u00bb1\/1&Prime; css=\u00a0\u00bb.vc_custom_1551002411961{padding-bottom: 0px !important;}\u00a0\u00bb][vc_custom_heading text_color=\u00a0\u00bbcolor-xsdn\u00a0\u00bb heading_semantic=\u00a0\u00bbh1&Prime; text_size=\u00a0\u00bbh1&Prime; sub_reduced=\u00a0\u00bbyes\u00a0\u00bb]Claptone &#8211; The Masquerade[\/vc_custom_heading][vc_column_text text_lead=\u00a0\u00bbyes\u00a0\u00bb uncode_shortcode_id=\u00a0\u00bb136977&Prime;]<strong><span style=\"color: white;\">Chinois<\/span><\/strong>[\/vc_column_text][\/vc_column_inner][\/vc_row_inner][\/vc_column][\/vc_row][vc_row row_height_percent=\u00a0\u00bb0&Prime; override_padding=\u00a0\u00bbyes\u00a0\u00bb h_padding=\u00a0\u00bb2&Prime; top_padding=\u00a0\u00bb2&Prime; bottom_padding=\u00a0\u00bb0&Prime; overlay_alpha=\u00a0\u00bb50&Prime; gutter_size=\u00a0\u00bb3&Prime; column_width_percent=\u00a0\u00bb100&Prime; shift_y=\u00a0\u00bb0&Prime; z_index=\u00a0\u00bb0&Prime; css=\u00a0\u00bb.vc_custom_1551018966910{margin-bottom: 0px !important;padding-bottom: 0px !important;}\u00a0\u00bb][vc_column column_width_percent=\u00a0\u00bb100&Prime; gutter_size=\u00a0\u00bb0&Prime; overlay_alpha=\u00a0\u00bb50&Prime; shift_x=\u00a0\u00bb0&Prime; shift_y=\u00a0\u00bb0&Prime; shift_y_down=\u00a0\u00bb0&Prime; z_index=\u00a0\u00bb0&Prime; medium_width=\u00a0\u00bb0&Prime; mobile_width=\u00a0\u00bb0&Prime; width=\u00a0\u00bb3\/4&Prime;][vc_column_text uncode_shortcode_id=\u00a0\u00bb130172&Prime;]<\/p>\n<blockquote>\n<h3>Claptone est de retour au Chinois en 2026 \ud83c\udfad<\/h3>\n<\/blockquote>\n<p>[\/vc_column_text][\/vc_column][vc_column column_width_percent=\u00a0\u00bb100&Prime; align_horizontal=\u00a0\u00bbalign_center\u00a0\u00bb gutter_size=\u00a0\u00bb0&Prime; overlay_alpha=\u00a0\u00bb50&Prime; shift_x=\u00a0\u00bb0&Prime; shift_y=\u00a0\u00bb0&Prime; shift_y_down=\u00a0\u00bb0&Prime; z_index=\u00a0\u00bb0&Prime; medium_width=\u00a0\u00bb0&Prime; mobile_width=\u00a0\u00bb0&Prime; width=\u00a0\u00bb1\/4&Prime;][vc_button button_color=\u00a0\u00bbcolor-jevc\u00a0\u00bb size=\u00a0\u00bbbtn-lg\u00a0\u00bb border_animation=\u00a0\u00bbbtn-ripple-out\u00a0\u00bb border_width=\u00a0\u00bb0&Prime; link=\u00a0\u00bburl:%23listings|\u00a0\u00bb button_color_type=\u00a0\u00bbuncode-palette\u00a0\u00bb uncode_shortcode_id=\u00a0\u00bb134932&Prime;]Acheter des billets[\/vc_button][\/vc_column][\/vc_row][vc_row row_height_percent=\u00a0\u00bb0&Prime; overlay_alpha=\u00a0\u00bb50&Prime; gutter_size=\u00a0\u00bb3&Prime; column_width_percent=\u00a0\u00bb100&Prime; shift_y=\u00a0\u00bb0&Prime; z_index=\u00a0\u00bb0&Prime; css=\u00a0\u00bb.vc_custom_1551018712642{margin-top: 0px !important;margin-bottom: 0px !important;}\u00a0\u00bb][vc_column column_width_percent=\u00a0\u00bb100&Prime; gutter_size=\u00a0\u00bb2&Prime; overlay_alpha=\u00a0\u00bb50&Prime; shift_x=\u00a0\u00bb0&Prime; shift_y=\u00a0\u00bb0&Prime; shift_y_down=\u00a0\u00bb0&Prime; z_index=\u00a0\u00bb0&Prime; medium_width=\u00a0\u00bb0&Prime; mobile_width=\u00a0\u00bb0&Prime; width=\u00a0\u00bb3\/4&Prime;][vc_column_text uncode_shortcode_id=\u00a0\u00bb105197&Prime;]<strong>Claptone<\/strong> et sa soir\u00e9e <strong>The Masquerade<\/strong> reviennent \u00e0 Ibiza pour 2026, d\u00e9sormais bien install\u00e9s au <strong>Club Chinois<\/strong> apr\u00e8s y avoir emm\u00e9nag\u00e9 la saison derni\u00e8re.<\/p>\n<p>Le producteur au masque dor a fait de The Masquerade lune des soir\u00e9es les plus embl\u00e9matiques de l\u00eele : \u00e0 la fois spectacle th\u00e9\u00e2tral et v\u00e9ritable f\u00eate house. Le Chinois lui convient \u00e0 merveille, le cadre intimiste et les capacit\u00e9s de production du club offrant aux artistes costum\u00e9s et \u00e0 la narration visuelle de The Masquerade une sc\u00e8ne qui semble avoir \u00e9t\u00e9 cr\u00e9\u00e9e sur mesure. <\/p>\n<p>Pour 2026, The Masquerade se d\u00e9roule tous les samedis, de la soir\u00e9e d\u2019ouverture le <strong>16 mai<\/strong> jusqu\u2019\u00e0 la soir\u00e9e de cl\u00f4ture le <strong>10 octobre<\/strong> \u2013 <strong>22 dates<\/strong> sur pr\u00e8s de cinq mois. Claptone est en t\u00eate d\u2019affiche chaque semaine, apportant son m\u00e9lange signature de house m\u00e9lodique aux c\u00f4t\u00e9s d\u2019invit\u00e9s tri\u00e9s sur le volet. <\/p>\n<p>Les saisons pr\u00e9c\u00e9dentes ont accueilli des artistes comme <strong>MK<\/strong>, <strong>Kerri Chandler<\/strong>, <strong>Armand van Helden<\/strong>, <strong>Danny Tenaglia<\/strong>, <strong>Duke Dumont<\/strong> et bien d\u2019autres, et la programmation de 2026 devrait suivre le mouvement avec des noms issus de tout l\u2019\u00e9ventail de la musique house.<\/p>\n<p>D\u00e9couvre les listes, les programmations et plus dinformations ci-dessous.[\/vc_column_text][\/vc_column][vc_column column_width_percent=\u00a0\u00bb100&Prime; gutter_size=\u00a0\u00bb0&Prime; overlay_alpha=\u00a0\u00bb50&Prime; shift_x=\u00a0\u00bb0&Prime; shift_y=\u00a0\u00bb0&Prime; shift_y_down=\u00a0\u00bb0&Prime; z_index=\u00a0\u00bb0&Prime; medium_width=\u00a0\u00bb0&Prime; mobile_width=\u00a0\u00bb0&Prime; sticky=\u00a0\u00bbyes\u00a0\u00bb width=\u00a0\u00bb1\/4&Prime;][vc_separator sep_color=\u00a0\u00bbcolor-149363&Prime;][uncode_list icon=\u00a0\u00bbfa fa-location-outline\u00a0\u00bb uncode_shortcode_id=\u00a0\u00bb190969&Prime;]<\/p>\n<ul>\n<li><a href=\"https:\/\/ticketsibiza.com\/fr\/clubs\/club-chinois\/\">Club chinois<\/a><\/li>\n<\/ul>\n<p>[\/uncode_list][uncode_list icon=\u00a0\u00bbfa fa-calendar\u00a0\u00bb uncode_shortcode_id=\u00a0\u00bb158420&Prime;]<\/p>\n<ul>\n<li>Samedi<\/li>\n<\/ul>\n<p>[\/uncode_list][uncode_list icon=\u00a0\u00bbfa fa-cab\u00a0\u00bb]<\/p>\n<ul>\n<li>Avenida 8 de Agosto 07800 Ibiza<\/li>\n<\/ul>\n<p>[\/uncode_list][vc_separator sep_color=\u00a0\u00bbcolor-149363&Prime;][\/vc_column][\/vc_row][vc_section back_color=\u00a0\u00bbcolor-lxmt\u00a0\u00bb overlay_alpha=\u00a0\u00bb50&Prime;][vc_row][vc_column width=\u00a0\u00bb3\/4&Prime;][vc_gallery el_id=\u00a0\u00bbgallery-160005&Prime; type=\u00a0\u00bbjustified\u00a0\u00bb random=\u00a0\u00bbyes\u00a0\u00bb medias=\u00a0\u00bb1009168,1009169,1009170&Prime; justify_row_height=\u00a0\u00bb150&Prime; gutter_size=\u00a0\u00bb3&Prime; single_overlay_opacity=\u00a0\u00bb50&Prime; single_padding=\u00a0\u00bb2&Prime; title=\u00a0\u00bbGalerie CircoLoco\u00a0\u00bb][\/vc_column][vc_column width=\u00a0\u00bb1\/4&Prime;][uncode_share layout=\u00a0\u00bbmultiple\u00a0\u00bb separator=\u00a0\u00bbyes\u00a0\u00bb title=\u00a0\u00bbPartager cette soir\u00e9e\u00a0\u00bb][\/vc_column][\/vc_row][\/vc_section][vc_section back_color=\u00a0\u00bbcolor-prif\u00a0\u00bb overlay_alpha=\u00a0\u00bb50&Prime;][vc_row row_height_percent=\u00a0\u00bb0&Prime; overlay_alpha=\u00a0\u00bb50&Prime; gutter_size=\u00a0\u00bb3&Prime; column_width_percent=\u00a0\u00bb100&Prime; shift_y=\u00a0\u00bb0&Prime; z_index=\u00a0\u00bb0&Prime; row_name=\u00a0\u00bblistings\u00a0\u00bb][vc_column column_width_percent=\u00a0\u00bb100&Prime; position_vertical=\u00a0\u00bbmiddle\u00a0\u00bb align_horizontal=\u00a0\u00bbalign_center\u00a0\u00bb gutter_size=\u00a0\u00bb2&Prime; overlay_alpha=\u00a0\u00bb50&Prime; shift_x=\u00a0\u00bb0&Prime; shift_y=\u00a0\u00bb0&Prime; shift_y_down=\u00a0\u00bb0&Prime; z_index=\u00a0\u00bb0&Prime; medium_width=\u00a0\u00bb0&Prime; mobile_width=\u00a0\u00bb0&Prime; width=\u00a0\u00bb1\/1&Prime;][vc_custom_heading text_color=\u00a0\u00bbcolor-xsdn\u00a0\u00bb sub_lead=\u00a0\u00bbyes\u00a0\u00bb uncode_shortcode_id=\u00a0\u00bb104252&Prime; text_color_type=\u00a0\u00bbuncode-palette\u00a0\u00bb]<\/p>\n<h2 style=\"text-align: center;\"><span style=\"color: #ffffff;\">Liste des soir\u00e9es<\/span><\/h2>\n<p>[\/vc_custom_heading]\t\t<div class=\"wcs-timetable__wrapper\">\n\t\t\t<div class=\"wcs-vue\" id=\"wcs-app-47\"><\/div>\n\t\t<\/div>\n\t\t[\/vc_column][\/vc_row][\/vc_section]<\/p>\n<\/div>","protected":false},"excerpt":{"rendered":"<p>Lundi<\/p>\n","protected":false},"author":2,"featured_media":1009171,"parent":991518,"menu_order":0,"comment_status":"closed","ping_status":"closed","template":"","meta":{"_acf_changed":false,"footnotes":""},"class_list":["post-1009155","page","type-page","status-publish","has-post-thumbnail","hentry","page_category-club-chinois","page_category-soirees"],"acf":[],"_links":{"self":[{"href":"https:\/\/ticketsibiza.com\/fr\/wp-json\/wp\/v2\/pages\/1009155","targetHints":{"allow":["GET"]}}],"collection":[{"href":"https:\/\/ticketsibiza.com\/fr\/wp-json\/wp\/v2\/pages"}],"about":[{"href":"https:\/\/ticketsibiza.com\/fr\/wp-json\/wp\/v2\/types\/page"}],"author":[{"embeddable":true,"href":"https:\/\/ticketsibiza.com\/fr\/wp-json\/wp\/v2\/users\/2"}],"replies":[{"embeddable":true,"href":"https:\/\/ticketsibiza.com\/fr\/wp-json\/wp\/v2\/comments?post=1009155"}],"version-history":[{"count":17,"href":"https:\/\/ticketsibiza.com\/fr\/wp-json\/wp\/v2\/pages\/1009155\/revisions"}],"predecessor-version":[{"id":1128031,"href":"https:\/\/ticketsibiza.com\/fr\/wp-json\/wp\/v2\/pages\/1009155\/revisions\/1128031"}],"up":[{"embeddable":true,"href":"https:\/\/ticketsibiza.com\/fr\/wp-json\/wp\/v2\/pages\/991518"}],"wp:featuredmedia":[{"embeddable":true,"href":"https:\/\/ticketsibiza.com\/fr\/wp-json\/wp\/v2\/media\/1009171"}],"wp:attachment":[{"href":"https:\/\/ticketsibiza.com\/fr\/wp-json\/wp\/v2\/media?parent=1009155"}],"curies":[{"name":"wp","href":"https:\/\/api.w.org\/{rel}","templated":true}]}}