{"id":1008767,"date":"2024-02-15T08:19:21","date_gmt":"2024-02-15T08:19:21","guid":{"rendered":"https:\/\/ticketsibiza.com\/ibiza-taxi-app\/"},"modified":"2026-01-13T14:27:25","modified_gmt":"2026-01-13T14:27:25","slug":"ibiza-taxi-app","status":"publish","type":"page","link":"https:\/\/ticketsibiza.com\/fr\/ibiza-taxi-app\/","title":{"rendered":"Uber \u00e0 Ibiza ? La meilleure alternative"},"content":{"rendered":"<div class=\"wpb-content-wrapper\"><p>[vc_row row_height_percent=\u00a0\u00bb20&Prime; override_padding=\u00a0\u00bbyes\u00a0\u00bb h_padding=\u00a0\u00bb0&Prime; top_padding=\u00a0\u00bb0&Prime; bottom_padding=\u00a0\u00bb0&Prime; back_image=\u00a0\u00bb521836&Prime; back_position=\u00a0\u00bbcenter center\u00a0\u00bb parallax=\u00a0\u00bbyes\u00a0\u00bb overlay_alpha=\u00a0\u00bb50&Prime; gutter_size=\u00a0\u00bb3&Prime; column_width_percent=\u00a0\u00bb100&Prime; shift_y=\u00a0\u00bb0&Prime; z_index=\u00a0\u00bb0&Prime; uncode_shortcode_id=\u00a0\u00bb157206&Prime;][vc_column width=\u00a0\u00bb1\/1&Prime;][vc_empty_space empty_h=\u00a0\u00bb5&Prime;][vc_row_inner row_inner_height_percent=\u00a0\u00bb0&Prime; force_width_grid=\u00a0\u00bbyes\u00a0\u00bb overlay_color=\u00a0\u00bbcolor-149363&Prime; overlay_alpha=\u00a0\u00bb70&Prime; gutter_size=\u00a0\u00bb1&Prime; shift_y=\u00a0\u00bb1&Prime; z_index=\u00a0\u00bb3&Prime; css=\u00a0\u00bb.vc_custom_1555859440035{margin-bottom: 0px !important;border-bottom-width: 0px !important;padding-top: 0px !important;padding-bottom: 0px !important;padding-left: 20px !important;}\u00a0\u00bb][vc_column_inner column_width_percent=\u00a0\u00bb100&Prime; gutter_size=\u00a0\u00bb0&Prime; overlay_alpha=\u00a0\u00bb50&Prime; shift_x=\u00a0\u00bb0&Prime; shift_y=\u00a0\u00bb0&Prime; shift_y_down=\u00a0\u00bb0&Prime; z_index=\u00a0\u00bb0&Prime; medium_width=\u00a0\u00bb0&Prime; mobile_width=\u00a0\u00bb0&Prime; width=\u00a0\u00bb1\/1&Prime; css=\u00a0\u00bb.vc_custom_1551002411961{padding-bottom: 0px !important;}\u00a0\u00bb][vc_custom_heading text_color=\u00a0\u00bbcolor-xsdn\u00a0\u00bb heading_semantic=\u00a0\u00bbh1&Prime; text_size=\u00a0\u00bbh1&Prime; sub_reduced=\u00a0\u00bbyes\u00a0\u00bb]Uber \u00e0 Ibiza ? La meilleure alternative[\/vc_custom_heading][\/vc_column_inner][\/vc_row_inner][\/vc_column][\/vc_row][vc_row row_height_percent=\u00a0\u00bb0&Prime; override_padding=\u00a0\u00bbyes\u00a0\u00bb h_padding=\u00a0\u00bb2&Prime; top_padding=\u00a0\u00bb2&Prime; bottom_padding=\u00a0\u00bb2&Prime; overlay_alpha=\u00a0\u00bb50&Prime; gutter_size=\u00a0\u00bb3&Prime; column_width_percent=\u00a0\u00bb100&Prime; shift_y=\u00a0\u00bb0&Prime; z_index=\u00a0\u00bb0&Prime; css=\u00a0\u00bb.vc_custom_1555860699675{padding-bottom: 0px !important;}\u00a0\u00bb][vc_column column_width_percent=\u00a0\u00bb100&Prime; gutter_size=\u00a0\u00bb2&Prime; overlay_alpha=\u00a0\u00bb50&Prime; shift_x=\u00a0\u00bb0&Prime; shift_y=\u00a0\u00bb0&Prime; shift_y_down=\u00a0\u00bb0&Prime; z_index=\u00a0\u00bb0&Prime; medium_width=\u00a0\u00bb0&Prime; mobile_width=\u00a0\u00bb0&Prime; width=\u00a0\u00bb3\/4&Prime;][vc_column_text]<span class=\"dropped\">L<\/span>es taxis \u00e0 Ibiza peuvent \u00eatre tr\u00e8s difficiles \u00e0 trouver, mais il existe une nouvelle alternative qui pourrait bien changer la donne sur l\u2019\u00eele si tu cherches une alternative \u00e0 Uber Ibiza.[\/vc_column_text][vc_row_inner row_inner_height_percent=\u00a0\u00bb0&Prime; back_color=\u00a0\u00bbaccent\u00a0\u00bb overlay_alpha=\u00a0\u00bb50&Prime; gutter_size=\u00a0\u00bb3&Prime; shift_y=\u00a0\u00bb0&Prime; z_index=\u00a0\u00bb0&Prime;][vc_column_inner column_width_percent=\u00a0\u00bb100&Prime; gutter_size=\u00a0\u00bb3&Prime; override_padding=\u00a0\u00bbyes\u00a0\u00bb column_padding=\u00a0\u00bb2&Prime; overlay_alpha=\u00a0\u00bb50&Prime; shift_x=\u00a0\u00bb0&Prime; shift_y=\u00a0\u00bb0&Prime; shift_y_down=\u00a0\u00bb0&Prime; z_index=\u00a0\u00bb0&Prime; medium_width=\u00a0\u00bb0&Prime; mobile_width=\u00a0\u00bb0&Prime; width=\u00a0\u00bb1\/1&Prime;][vc_column_text uncode_shortcode_id=\u00a0\u00bb195443&Prime;]<span style=\"text-decoration: underline; color: #ffffff;\">Dans cet article :<\/span><\/p>\n<p><span style=\"color: #ffffff;\"><a style=\"color: #ffffff;\" href=\"#uber\">Uber ou Lyft existent-ils \u00e0 Ibiza ?<\/a><\/span><\/p>\n<p><span style=\"color: #ffffff;\"><a style=\"color: #ffffff;\" href=\"#app\">L\u2019application TaxiClick<\/a><\/span><\/p>\n<p><span style=\"color: #ffffff;\"><a style=\"color: #ffffff;\" href=\"#work\">Comment fonctionne l\u2019application ?<\/a><\/span><\/p>\n<p><span style=\"color: #ffffff;\"><a style=\"color: #ffffff;\" href=\"#fares\">Combien co\u00fbtent les courses ?<\/a><\/span><\/p>\n<p><span style=\"color: #ffffff;\"><a style=\"color: #ffffff;\" href=\"#ranks\">O\u00f9 sont les stations de taxis \u00e0 Ibiza ?<\/a><\/span>[\/vc_column_text][\/vc_column_inner][\/vc_row_inner][vc_column_text]Imagine la sc\u00e8ne.<\/p>\n<p>Tu as \u00e9t\u00e9 dans ton club \/ bar \/ beach club pr\u00e9f\u00e9r\u00e9 d\u2019Ibiza, et la journ\u00e9e \/ soir\u00e9e touche \u00e0 sa fin. Il est temps de passer \u00e0 l\u2019endroit suivant, ou simplement de rentrer chez toi pour boire quelques verres avant un repos bien m\u00e9rit\u00e9. <\/p>\n<p>Sauf que&#8230; tu ne peux pas. Tu es au milieu de nulle part, et il n\u2019y a pas un taxi en vue. Rien. Nous avons perdu le compte du nombre de fois o\u00f9 nous avons attendu patiemment une voiture en priant pour voir cette lumi\u00e8re verte d\u2019espoir signalant qu\u2019elle est disponible.[\/vc_column_text][vc_single_image media=\u00a0\u00bb1008802&Prime; media_width_percent=\u00a0\u00bb70&Prime;][vc_column_text]Et ce n\u2019est pas seulement dans les zones recul\u00e9es d\u2019Ibiza. Tu pourrais te retrouver coinc\u00e9 au milieu de San Antonio \u00e0 faire la queue pendant plus d\u2019une heure pour avoir un taxi pendant la saison&#8230; ce n\u2019est vraiment pas amusant. <\/p>\n<p>En r\u00e9alit\u00e9, ta meilleure option pour r\u00e9server un taxi est de demander \u00e0 ton h\u00f4tel d\u2019en r\u00e9server un pour toi, ou d\u2019appeler toi-m\u00eame Ibiza Radio Taxis. Mais que faire si tu n\u2019es pas pr\u00e8s d\u2019un h\u00f4tel ? Et si tu essaies d\u2019appeler le num\u00e9ro mais que tu r\u00e9alises que ton espagnol n\u2019est pas aussi bueno que tu le pensais ? D\u2019ailleurs, dans quelle rue es-tu en ce moment ?[\/vc_column_text][vc_row_inner row_inner_height_percent=\u00a0\u00bb0&Prime; back_color=\u00a0\u00bbcolor-vyce\u00a0\u00bb overlay_alpha=\u00a0\u00bb50&Prime; gutter_size=\u00a0\u00bb3&Prime; shift_y=\u00a0\u00bb0&Prime; z_index=\u00a0\u00bb0&Prime;][vc_column_inner column_width_percent=\u00a0\u00bb100&Prime; gutter_size=\u00a0\u00bb3&Prime; override_padding=\u00a0\u00bbyes\u00a0\u00bb column_padding=\u00a0\u00bb2&Prime; overlay_alpha=\u00a0\u00bb50&Prime; radius=\u00a0\u00bbsm\u00a0\u00bb shadow=\u00a0\u00bbsm\u00a0\u00bb shift_x=\u00a0\u00bb0&Prime; shift_y=\u00a0\u00bb0&Prime; shift_y_down=\u00a0\u00bb0&Prime; z_index=\u00a0\u00bb0&Prime; medium_width=\u00a0\u00bb0&Prime; mobile_width=\u00a0\u00bb0&Prime; width=\u00a0\u00bb1\/1&Prime;][vc_icon position=\u00a0\u00bbright\u00a0\u00bb display=\u00a0\u00bbinline\u00a0\u00bb icon=\u00a0\u00bbfa fa-quote\u00a0\u00bb icon_color=\u00a0\u00bbcolor-xsdn\u00a0\u00bb size=\u00a0\u00bbfa-3x\u00a0\u00bb][\/vc_icon][vc_column_text]<strong><span style=\"color: #ffffff;\">Tu pourrais te retrouver coinc\u00e9 au milieu de San Antonio \u00e0 faire la queue pendant plus d\u2019une heure pour avoir un taxi pendant la saison&#8230; ce n\u2019est vraiment pas amusant.<\/span><\/strong>[\/vc_column_text][\/vc_column_inner][\/vc_row_inner][vc_column_text]\u00c7a te dit quelque chose ? On te comprend. C\u2019est p\u00e9nible.  <\/p>\n<p>Si seulement il y avait un meilleur moyen de r\u00e9server un taxi&#8230; peut-\u00eatre une application sur ton t\u00e9l\u00e9phone. \u00c7a te parle ?[\/vc_column_text][vc_custom_heading separator_color=\u00a0\u00bbyes\u00a0\u00bb separator=\u00a0\u00bbyes\u00a0\u00bb]<\/p>\n<h2 id=\"uber\">Uber ou Lyft existent-ils \u00e0 Ibiza ?<\/h2>\n<p>[\/vc_custom_heading][vc_column_text uncode_shortcode_id=\u00a0\u00bb980406&Prime;]Uber a finalement \u00e9t\u00e9 lanc\u00e9 \u00e0 Ibiza en novembre 2023. Jusqu\u2019alors, il ne pouvait pas op\u00e9rer pour des raisons r\u00e9glementaires. <\/p>\n<p>Lyft n\u2019existe pas \u00e0 Ibiza.<\/p>\n<p>Uber n\u2019a pas un bon bilan en Espagne, et en fait, tu ne trouveras le service de VTC que dans 8 villes dans tout le pays. Nous ne nous attendons pas \u00e0 ce que cela change de sit\u00f4t non plus. <\/p>\n<p>D\u00e9but 2019, Uber a \u00e9t\u00e9 contraint de se retirer de Barcelone lorsque de nouvelles r\u00e9glementations sont entr\u00e9es en vigueur, exigeant que les v\u00e9hicules soient r\u00e9serv\u00e9s au moins 15 minutes \u00e0 l\u2019avance.[\/vc_column_text][vc_single_image media=\u00a0\u00bb1008803&Prime; media_width_percent=\u00a0\u00bb70&Prime;][vc_column_text uncode_shortcode_id=\u00a0\u00bb564993&Prime;]En attendant, il y a une autre application que tu pourrais vouloir consulter et qui est sur la sc\u00e8ne depuis quelques ann\u00e9es.[\/vc_column_text][vc_custom_heading separator_color=\u00a0\u00bbyes\u00a0\u00bb separator=\u00a0\u00bbyes\u00a0\u00bb uncode_shortcode_id=\u00a0\u00bb570753&Prime;]<\/p>\n<h2 id=\"app\">L\u2019application TaxiClick<\/h2>\n<p>[\/vc_custom_heading][vc_column_text uncode_shortcode_id=\u00a0\u00bb175857&Prime;]Le service le plus proche d\u2019Uber \u00e0 Ibiza est d\u2019utiliser <strong>TaxiClick<\/strong>, qui te permet de r\u00e9server les m\u00eames taxis que d\u2019habitude mais directement via leur application <a href=\"https:\/\/apps.apple.com\/gb\/app\/taxiclick\/id510296062#?platform=iphone\" target=\"_blank\" rel=\"noopener\">iOS<\/a> \/ <a href=\"https:\/\/play.google.com\/store\/apps\/details?id=com.interfacom.taxiclick\" target=\"_blank\" rel=\"noopener\">Android<\/a>.<\/p>\n<p>Note : tu as peut-\u00eatre entendu parler de l\u2019<strong>Ibiza Taxi App<\/strong> auparavant. TaxiClick a remplac\u00e9 l\u2019Ibiza Taxi App en mai 2021.[\/vc_column_text][vc_single_image media=\u00a0\u00bb1008804&Prime; media_width_percent=\u00a0\u00bb100&Prime;][vc_column_text uncode_shortcode_id=\u00a0\u00bb598733&Prime;]Mais soyons clairs. Ce n\u2019est pas une application d\u00e9velopp\u00e9e par un g\u00e9ant de la technologie aux \u00c9tats-Unis. Elle a \u00e9t\u00e9 d\u00e9velopp\u00e9e par la soci\u00e9t\u00e9 espagnole Interfacom, bas\u00e9e \u00e0 Madrid.  <\/p>\n<p>Ce ne sera pas l\u2019exp\u00e9rience fluide \u00e0 laquelle tu es habitu\u00e9 avec Uber. Les chauffeurs sont toujours des chauffeurs de taxi d\u2019Ibiza. Alors rappelle-toi que tu joues selon leurs r\u00e8gles&#8230; nous n\u2019en dirons pas plus.[\/vc_column_text][vc_row_inner row_inner_height_percent=\u00a0\u00bb0&Prime; back_color=\u00a0\u00bbcolor-vyce\u00a0\u00bb overlay_alpha=\u00a0\u00bb50&Prime; gutter_size=\u00a0\u00bb3&Prime; shift_y=\u00a0\u00bb0&Prime; z_index=\u00a0\u00bb0&Prime;][vc_column_inner column_width_percent=\u00a0\u00bb100&Prime; gutter_size=\u00a0\u00bb3&Prime; override_padding=\u00a0\u00bbyes\u00a0\u00bb column_padding=\u00a0\u00bb2&Prime; overlay_alpha=\u00a0\u00bb50&Prime; radius=\u00a0\u00bbsm\u00a0\u00bb shadow=\u00a0\u00bbsm\u00a0\u00bb shift_x=\u00a0\u00bb0&Prime; shift_y=\u00a0\u00bb0&Prime; shift_y_down=\u00a0\u00bb0&Prime; z_index=\u00a0\u00bb0&Prime; medium_width=\u00a0\u00bb0&Prime; mobile_width=\u00a0\u00bb0&Prime; width=\u00a0\u00bb1\/1&Prime;][vc_icon position=\u00a0\u00bbright\u00a0\u00bb display=\u00a0\u00bbinline\u00a0\u00bb icon=\u00a0\u00bbfa fa-quote\u00a0\u00bb icon_color=\u00a0\u00bbcolor-xsdn\u00a0\u00bb size=\u00a0\u00bbfa-3x\u00a0\u00bb][\/vc_icon][vc_column_text]<strong><span style=\"color: #ffffff;\">L\u2019application a \u00e9t\u00e9 d\u00e9velopp\u00e9e par la soci\u00e9t\u00e9 espagnole Interfacom, bas\u00e9e \u00e0 Madrid.<\/span><\/strong>[\/vc_column_text][\/vc_column_inner][\/vc_row_inner][vc_column_text]Jetons un coup d\u2019\u0153il \u00e0 l\u2019application et \u00e0 nos impressions sur son utilisation.[\/vc_column_text][vc_custom_heading separator_color=\u00a0\u00bbyes\u00a0\u00bb separator=\u00a0\u00bbyes\u00a0\u00bb]<\/p>\n<h2 id=\"work\">Comment fonctionne l\u2019application ?<\/h2>\n<p>[\/vc_custom_heading][vc_column_text]L\u2019inscription \u00e0 TaxiClick est relativement simple, bien que nous ayons d\u00fb imm\u00e9diatement r\u00e9initialiser notre mot de passe car l\u2019application ne le reconnaissait pas au d\u00e9but.<\/p>\n<p>Une fois que tu es inscrit, l\u2019interface devrait ressembler \u00e0 ce \u00e0 quoi tu es habitu\u00e9.[\/vc_column_text][vc_single_image media=\u00a0\u00bb1008805&Prime; media_width_percent=\u00a0\u00bb100&Prime;][vc_column_text]Choisis ton emplacement et d\u00e9finis ton heure de prise en charge. Facile, non ? Tu peux aussi planifier tes trajets \u00e0 l\u2019avance.[\/vc_column_text][vc_custom_heading heading_semantic=\u00a0\u00bbh3&Prime; text_size=\u00a0\u00bbh3&Prime;]<\/p>\n<h3>Paiement<\/h3>\n<p>[\/vc_custom_heading][vc_column_text]Tu peux choisir de payer en esp\u00e8ces ou d\u2019ajouter une carte \u00e0 ton compte.<\/p>\n<p>Comme il n\u2019y a pas de support client dans l\u2019application, nous te recommandons vivement de choisir de payer en esp\u00e8ces. La derni\u00e8re chose que tu veux, c\u2019est que ton trajet soit annul\u00e9 d\u2019une mani\u00e8re ou d\u2019une autre, et que tu l\u2019aies d\u00e9j\u00e0 pay\u00e9.<\/p>\n<p>[\/vc_column_text][vc_custom_heading heading_semantic=\u00a0\u00bbh3&Prime; text_size=\u00a0\u00bbh3&Prime;]<\/p>\n<h3>Est-ce que \u00e7a marche ?<\/h3>\n<p>[\/vc_custom_heading][vc_column_text]Eh bien, la bonne nouvelle est&#8230; oui ! Nous venons de commencer \u00e0 utiliser l\u2019application, et en g\u00e9n\u00e9ral il n\u2019y a eu aucun probl\u00e8me. Tu peux rencontrer des probl\u00e8mes similaires \u00e0 ceux d\u2019Uber&#8230; par exemple, des chauffeurs qui annulent des trajets sans raison, mais sois patient et tu devrais trouver que c\u2019est un service utile.[\/vc_column_text][vc_custom_heading separator_color=\u00a0\u00bbyes\u00a0\u00bb separator=\u00a0\u00bbyes\u00a0\u00bb uncode_shortcode_id=\u00a0\u00bb137636&Prime;]<\/p>\n<h2 id=\"fares\">Combien co\u00fbtent les courses de taxi \u00e0 Ibiza ?<\/h2>\n<p>[\/vc_custom_heading][vc_column_text uncode_shortcode_id=\u00a0\u00bb973082&Prime;]Les tarifs des taxis pour l\u2019application TaxiClick sont les m\u00eames que d\u2019habitude. Les r\u00e9servations comptent comme une course pr\u00e9-r\u00e9serv\u00e9e, donc tu paieras 5,45 \u20ac au d\u00e9marrage du compteur (contre 4 \u20ac quand tu en h\u00e9les un dans la rue). <\/p>\n<p>Apr\u00e8s cela, les tarifs co\u00fbtent ce qui suit&nbsp;:[\/vc_column_text][uncode_list larger=\u00a0\u00bbyes\u00a0\u00bb css_animation=\u00a0\u00bbtop-t-bottom\u00a0\u00bb uncode_shortcode_id=\u00a0\u00bb200706&Prime;]<\/p>\n<ul>\n<li>1,21 \u20ac par kilom\u00e8tre entre 7h et 21h<\/li>\n<li>1,47 \u20ac par kilom\u00e8tre entre 21h et 7h (et \u00e0 partir de 15h les samedis \/ dimanches)<\/li>\n<li>0,36 \u20ac par minute d\u2019attente (jour)<br \/>\n0,44 \u20ac par minute d\u2019attente (nuit)<\/li>\n<\/ul>\n<p>[\/uncode_list][vc_custom_heading separator_color=\u00a0\u00bbyes\u00a0\u00bb separator=\u00a0\u00bbyes\u00a0\u00bb uncode_shortcode_id=\u00a0\u00bb968452&Prime; el_id=\u00a0\u00bbranks\u00a0\u00bb]<\/p>\n<h2 id=\"\">O\u00f9 sont les stations de taxis \u00e0 Ibiza ?<\/h2>\n<p>[\/vc_custom_heading][vc_column_text uncode_shortcode_id=\u00a0\u00bb191176&Prime;]Ton autre option pour obtenir un taxi est de trouver une station de taxis.<\/p>\n<p>Mais o\u00f9 sont-elles exactement ?<\/p>\n<p>Consulte la carte ci-dessous pour voir une liste de toutes les stations de taxis \u00e0 Ibiza.[\/vc_column_text][vc_raw_html]PGlmcmFtZSBzcmM9Imh0dHBzOi8vd3d3Lmdvb2dsZS5jb20vbWFwcy9kL2VtYmVkP21pZD0xZXF5RDhSQ0tpNWZUTVBkTzZIZmdNQTZCekxWcG5VeEgmYW1wO2VoYmM9MkUzMTJGIiB3aWR0aD0iNjQwIiBoZWlnaHQ9IjQ4MCI+PC9pZnJhbWU+[\/vc_raw_html][vc_custom_heading heading_semantic=\u00a0\u00bbh3&Prime; text_size=\u00a0\u00bbh3&Prime;]<\/p>\n<h3>R\u00e9sum\u00e9<\/h3>\n<p>[\/vc_custom_heading][vc_column_text uncode_shortcode_id=\u00a0\u00bb150038&Prime;]Uber vient d\u2019\u00eatre relanc\u00e9 \u00e0 Ibiza.<\/p>\n<p>Il y a aussi l\u2019option de se d\u00e9placer sur l\u2019\u00eele avec l\u2019application TaxiClick.<\/p>\n<p>Le principal avantage de l\u2019application est d\u2019obtenir des taxis quand tu es dans une zone o\u00f9 il y a d\u00e9j\u00e0 peu de taxis &#8211; ce qui, si tu connais Ibiza, est assez fr\u00e9quent.<\/p>\n<p>N\u2019oublie pas d\u2019\u00eatre patient, d\u2019avoir de l\u2019argent liquide, et&#8230; de sourire. Tu es \u00e0 Ibiza pour passer un bon moment apr\u00e8s tout \ud83c\udf89[\/vc_column_text][vc_row_inner row_inner_height_percent=\u00a0\u00bb0&Prime; back_color=\u00a0\u00bbaccent\u00a0\u00bb overlay_alpha=\u00a0\u00bb50&Prime; gutter_size=\u00a0\u00bb3&Prime; shift_y=\u00a0\u00bb0&Prime; z_index=\u00a0\u00bb0&Prime;][vc_column_inner column_width_percent=\u00a0\u00bb100&Prime; gutter_size=\u00a0\u00bb3&Prime; override_padding=\u00a0\u00bbyes\u00a0\u00bb column_padding=\u00a0\u00bb2&Prime; overlay_alpha=\u00a0\u00bb50&Prime; shift_x=\u00a0\u00bb0&Prime; shift_y=\u00a0\u00bb0&Prime; shift_y_down=\u00a0\u00bb0&Prime; z_index=\u00a0\u00bb0&Prime; medium_width=\u00a0\u00bb0&Prime; mobile_width=\u00a0\u00bb0&Prime; width=\u00a0\u00bb1\/1&Prime;][vc_column_text uncode_shortcode_id=\u00a0\u00bb293096&Prime;]<span style=\"color: #ffffff;\">Notre objectif est de te donner toutes les infos dont tu as besoin pour acheter tes billets de club pour Ibiza.<\/span><\/p>\n<p><span style=\"color: #ffffff;\"><em>Tu cherches plus de contenu sur Ibiza ? Il y en a d\u2019autres : <\/em><\/span><\/p>\n<p><span style=\"color: #ffffff;\">\ud83d\udc49 <a style=\"color: #ffffff;\" href=\"https:\/\/ticketsibiza.com\/fr\/ouvertures-ibiza\/\">Soir\u00e9es d\u2019ouverture d\u2019Ibiza<\/a><\/span><\/p>\n<p><span style=\"color: #ffffff;\">\ud83d\udc49 <a style=\"color: #ffffff;\" href=\"https:\/\/ticketsibiza.com\/fr\/calendrier-ibiza\/\">Calendrier des clubs d\u2019Ibiza<\/a><\/span><\/p>\n<p><span style=\"color: #ffffff;\">\ud83d\udc49 <a style=\"color: #ffffff;\" href=\"https:\/\/ticketsibiza.com\/fr\/fetes\/\">Soir\u00e9es d\u2019Ibiza<\/a><\/span><\/p>\n<p><span style=\"color: #ffffff;\">\ud83d\udc49 <a style=\"color: #ffffff;\" href=\"https:\/\/ticketsibiza.com\/fr\/clubs\/\">Clubs d\u2019Ibiza<\/a><\/span>[\/vc_column_text][\/vc_column_inner][\/vc_row_inner][\/vc_column][vc_column column_width_percent=\u00a0\u00bb100&Prime; align_horizontal=\u00a0\u00bbalign_center\u00a0\u00bb gutter_size=\u00a0\u00bb1&Prime; overlay_alpha=\u00a0\u00bb50&Prime; shift_x=\u00a0\u00bb0&Prime; shift_y=\u00a0\u00bb0&Prime; shift_y_down=\u00a0\u00bb0&Prime; z_index=\u00a0\u00bb0&Prime; medium_width=\u00a0\u00bb0&Prime; mobile_width=\u00a0\u00bb0&Prime; sticky=\u00a0\u00bbyes\u00a0\u00bb width=\u00a0\u00bb1\/4&Prime;][uncode_block id=\u00a0\u00bb142897&Prime; inside_column=\u00a0\u00bbyes\u00a0\u00bb][\/vc_column][\/vc_row]<\/p>\n<\/div>","protected":false},"excerpt":{"rendered":"<p>[vc_row row_height_percent=\u00a0\u00bb20&Prime; override_padding=\u00a0\u00bbyes\u00a0\u00bb h_padding=\u00a0\u00bb0&Prime; top_padding=\u00a0\u00bb0&Prime; bottom_padding=\u00a0\u00bb0&Prime; back_image=\u00a0\u00bb521836&Prime; back_position=\u00a0\u00bbcenter center\u00a0\u00bb parallax=\u00a0\u00bbyes\u00a0\u00bb overlay_alpha=\u00a0\u00bb50&Prime; gutter_size=\u00a0\u00bb3&Prime; column_width_percent=\u00a0\u00bb100&Prime; shift_y=\u00a0\u00bb0&Prime; z_index=\u00a0\u00bb0&Prime; uncode_shortcode_id=\u00a0\u00bb157206&Prime;][vc_column width=\u00a0\u00bb1\/1&Prime;][vc_empty_space empty_h=\u00a0\u00bb5&Prime;][vc_row_inner row_inner_height_percent=\u00a0\u00bb0&Prime; force_width_grid=\u00a0\u00bbyes\u00a0\u00bb [&hellip;]<\/p>\n","protected":false},"author":1,"featured_media":1008806,"parent":0,"menu_order":0,"comment_status":"closed","ping_status":"closed","template":"","meta":{"_acf_changed":false,"footnotes":""},"class_list":["post-1008767","page","type-page","status-publish","has-post-thumbnail","hentry"],"acf":[],"_links":{"self":[{"href":"https:\/\/ticketsibiza.com\/fr\/wp-json\/wp\/v2\/pages\/1008767","targetHints":{"allow":["GET"]}}],"collection":[{"href":"https:\/\/ticketsibiza.com\/fr\/wp-json\/wp\/v2\/pages"}],"about":[{"href":"https:\/\/ticketsibiza.com\/fr\/wp-json\/wp\/v2\/types\/page"}],"author":[{"embeddable":true,"href":"https:\/\/ticketsibiza.com\/fr\/wp-json\/wp\/v2\/users\/1"}],"replies":[{"embeddable":true,"href":"https:\/\/ticketsibiza.com\/fr\/wp-json\/wp\/v2\/comments?post=1008767"}],"version-history":[{"count":22,"href":"https:\/\/ticketsibiza.com\/fr\/wp-json\/wp\/v2\/pages\/1008767\/revisions"}],"predecessor-version":[{"id":1060089,"href":"https:\/\/ticketsibiza.com\/fr\/wp-json\/wp\/v2\/pages\/1008767\/revisions\/1060089"}],"wp:featuredmedia":[{"embeddable":true,"href":"https:\/\/ticketsibiza.com\/fr\/wp-json\/wp\/v2\/media\/1008806"}],"wp:attachment":[{"href":"https:\/\/ticketsibiza.com\/fr\/wp-json\/wp\/v2\/media?parent=1008767"}],"curies":[{"name":"wp","href":"https:\/\/api.w.org\/{rel}","templated":true}]}}