{"id":996666,"date":"2023-05-19T11:14:30","date_gmt":"2023-05-19T10:14:30","guid":{"rendered":"https:\/\/ticketsibiza.com\/clubs\/club-chinois\/"},"modified":"2026-03-18T11:16:36","modified_gmt":"2026-03-18T11:16:36","slug":"club-chinois","status":"publish","type":"page","link":"https:\/\/ticketsibiza.com\/es\/clubs\/club-chinois\/","title":{"rendered":"Chinois Ibiza 2026: entradas, eventos y cartel"},"content":{"rendered":"<div class=\"wpb-content-wrapper\"><p>[vc_row row_height_percent=\u00bb0&#8243; override_padding=\u00bbyes\u00bb h_padding=\u00bb2&#8243; top_padding=\u00bb2&#8243; bottom_padding=\u00bb0&#8243; back_image=\u00bb539836&#8243; overlay_alpha=\u00bb50&#8243; gutter_size=\u00bb3&#8243; column_width_percent=\u00bb100&#8243; shift_y=\u00bb0&#8243; z_index=\u00bb0&#8243; row_height_pixel=\u00bb50&#8243; uncode_shortcode_id=\u00bb185675&#8243;][vc_column width=\u00bb1\/1&#8243;][vc_empty_space empty_h=\u00bb5&#8243;][vc_row_inner row_inner_height_percent=\u00bb0&#8243; force_width_grid=\u00bbyes\u00bb overlay_color=\u00bbcolor-149363&#8243; overlay_alpha=\u00bb70&#8243; gutter_size=\u00bb1&#8243; shift_y=\u00bb1&#8243; z_index=\u00bb3&#8243; css=\u00bb.vc_custom_1555871871917{margin-bottom: 0px !important;border-bottom-width: 0px !important;padding-top: 0px !important;padding-bottom: 0px !important;padding-left: 20px !important;}\u00bb][vc_column_inner column_width_percent=\u00bb100&#8243; gutter_size=\u00bb0&#8243; overlay_alpha=\u00bb50&#8243; shift_x=\u00bb0&#8243; shift_y=\u00bb0&#8243; shift_y_down=\u00bb0&#8243; z_index=\u00bb0&#8243; medium_width=\u00bb0&#8243; mobile_width=\u00bb0&#8243; width=\u00bb1\/1&#8243; css=\u00bb.vc_custom_1551002411961{padding-bottom: 0px !important;}\u00bb][vc_custom_heading text_color=\u00bbcolor-xsdn\u00bb heading_semantic=\u00bbh1&#8243; text_size=\u00bbh1&#8243; sub_reduced=\u00bbyes\u00bb uncode_shortcode_id=\u00bb175060&#8243; text_color_type=\u00bbuncode-palette\u00bb]Chinois[\/vc_custom_heading][vc_column_text text_lead=\u00bbyes\u00bb uncode_shortcode_id=\u00bb663465&#8243;]<strong><span style=\"color: white;\">El club exclusivo m\u00e1s nuevo de Ibiza<br \/>\n<\/span><\/strong>[\/vc_column_text][\/vc_column_inner][\/vc_row_inner][\/vc_column][\/vc_row][vc_row row_height_percent=\u00bb0&#8243; overlay_alpha=\u00bb50&#8243; gutter_size=\u00bb3&#8243; column_width_percent=\u00bb100&#8243; shift_y=\u00bb0&#8243; z_index=\u00bb0&#8243; css=\u00bb.vc_custom_1551018712642{margin-top: 0px !important;margin-bottom: 0px !important;}\u00bb][vc_column column_width_percent=\u00bb100&#8243; gutter_size=\u00bb3&#8243; overlay_alpha=\u00bb50&#8243; shift_x=\u00bb0&#8243; shift_y=\u00bb0&#8243; shift_y_down=\u00bb0&#8243; z_index=\u00bb0&#8243; medium_width=\u00bb0&#8243; mobile_width=\u00bb0&#8243; width=\u00bb3\/4&#8243;][uncode_block id=\u00bb525847&#8243;][vc_column_text uncode_shortcode_id=\u00bb123348&#8243;]<span style=\"font-weight: 400;\">Chinois es el local m\u00e1s nuevo, glamuroso y exclusivo de Ibiza. Situado en Talamanca (a un paso de la Marina y de Ibiza ciudad), este club con capacidad para 1.000 personas ya est\u00e1 causando sensaci\u00f3n en la isla y se describe a s\u00ed mismo como \u201cla odisea m\u00e1s reciente de Ibiza\u201d.<\/span><\/p>\n<p>Puede que solo haya abierto sus puertas hace unas temporadas, pero ha atra\u00eddo la atenci\u00f3n de muchos clubbers de Ibiza con sus impresionantes carteles, sus impresionantes interiores y su ambiente \u00edntimo.[\/vc_column_text][vc_row_inner row_inner_height_percent=\u00bb0&#8243; back_color=\u00bbaccent\u00bb overlay_alpha=\u00bb50&#8243; gutter_size=\u00bb3&#8243; shift_y=\u00bb0&#8243; z_index=\u00bb0&#8243; css=\u00bb.vc_custom_1579608219493{padding-bottom: 10px !important;}\u00bb][vc_column_inner column_width_percent=\u00bb100&#8243; gutter_size=\u00bb3&#8243; override_padding=\u00bbyes\u00bb column_padding=\u00bb2&#8243; overlay_alpha=\u00bb50&#8243; shift_x=\u00bb0&#8243; shift_y=\u00bb0&#8243; shift_y_down=\u00bb0&#8243; z_index=\u00bb0&#8243; medium_width=\u00bb0&#8243; mobile_width=\u00bb0&#8243; width=\u00bb1\/1&#8243;][vc_column_text uncode_shortcode_id=\u00bb195091&#8243;]<span style=\"text-decoration: underline; color: #ffffff;\">En esta p\u00e1gina:<\/span><\/p>\n<p><span style=\"color: #ffffff;\"><a style=\"color: #ffffff;\" href=\"#info\">Informaci\u00f3n e historia del club<\/a><\/span><br \/>\n<span style=\"color: #ffffff;\"><a style=\"color: #ffffff;\" href=\"#2026\">Chinois Ibiza 2026<\/a><\/span><br \/>\n<span style=\"color: #ffffff;\"><a style=\"color: #ffffff;\" href=\"#faqs\">Preguntas frecuentes<\/a><\/span><br \/>\n<span style=\"color: #ffffff;\"><a style=\"color: #ffffff;\" href=\"#listings\">Cartel<\/a><\/span><br \/>\n<span style=\"color: #ffffff;\"><a style=\"color: #ffffff;\" href=\"#accommodation\">Alojamiento<\/a><\/span>[\/vc_column_text][\/vc_column_inner][\/vc_row_inner][vc_custom_heading separator_color=\u00bbyes\u00bb separator=\u00bbyes\u00bb]<\/p>\n<h2 id=\"info\" class=\"p1\">Informaci\u00f3n del club<\/h2>\n<p>[\/vc_custom_heading][vc_column_text uncode_shortcode_id=\u00bb113885&#8243;]Chinois abri\u00f3 en 2022, tras una renovaci\u00f3n del local anterior que exist\u00eda en el lugar llamado HEART Ibiza. Se encuentra junto a la terraza al aire libre del Ibiza Gran Hotel y el Casino de Ibiza.<\/p>\n<p>Island Hospitality es el propietario de Chinois. Son el mismo equipo que est\u00e1 detr\u00e1s de varios restaurantes y locales de lujo en Londres e Ibiza.<\/p>\n<p>Chinois recibe su nombre del Park Chinois, el restaurante asi\u00e1tico de alta gama del grupo en Mayfair, Londres. Los toques de lujo son evidentes en cualquier rinc\u00f3n del club, desde sus acabados y la zona de la barra hasta el impresionante sistema de iluminaci\u00f3n. Los interiores son un gui\u00f1o a los decadentes clubes de jazz del Shangh\u00e1i de los a\u00f1os 30, y todo en el lugar rebosa clase.<\/p>\n<p>De hecho, este es exactamente el ambiente que los due\u00f1os del club quieren preservar. Vale la pena se\u00f1alar que el c\u00f3digo de vestimenta es m\u00e1s estricto que en otros clubes de la isla. Los hombres deben llevar pantalones largos, no cortos, para cumplir con su pol\u00edtica de estilo \u201cclassy casual\u201d.[\/vc_column_text][vc_row_inner row_inner_height_percent=\u00bb0&#8243; back_color=\u00bbcolor-vyce\u00bb overlay_alpha=\u00bb50&#8243; gutter_size=\u00bb3&#8243; shift_y=\u00bb0&#8243; z_index=\u00bb0&#8243;][vc_column_inner column_width_percent=\u00bb100&#8243; gutter_size=\u00bb3&#8243; override_padding=\u00bbyes\u00bb column_padding=\u00bb2&#8243; overlay_alpha=\u00bb50&#8243; radius=\u00bbsm\u00bb shadow=\u00bbsm\u00bb shift_x=\u00bb0&#8243; shift_y=\u00bb0&#8243; shift_y_down=\u00bb0&#8243; z_index=\u00bb0&#8243; medium_width=\u00bb0&#8243; mobile_width=\u00bb0&#8243; width=\u00bb1\/1&#8243;][vc_icon position=\u00bbright\u00bb display=\u00bbinline\u00bb icon=\u00bbfa fa-quote\u00bb icon_color=\u00bbcolor-xsdn\u00bb size=\u00bbfa-3x\u00bb][\/vc_icon][vc_column_text uncode_shortcode_id=\u00bb495841&#8243;]<strong><span style=\"color: #ffffff;\">Si quieres ir a Pacha, H\u00ef Ibiza y Amnesia, necesitas cuatro o cinco mil personas para generar ambiente. Aqu\u00ed, solo necesitamos mil, lo que significa que podemos ser m\u00e1s creativos y experimentales. Podemos hacer cosas en vivo aqu\u00ed que nunca funcionar\u00edan en locales m\u00e1s grandes; incluso podr\u00edamos ser m\u00e1s un club de jazz y soul si quisi\u00e9ramos, algo que ellos no se atrever\u00edan a hacer.<\/span><\/strong><\/p>\n<p><span style=\"color: #ffffff;\">Danny Whittle, director de marca de Chinois<\/span>[\/vc_column_text][\/vc_column_inner][\/vc_row_inner][vc_column_text uncode_shortcode_id=\u00bb402598&#8243;]El local tiene capacidad para 1.000 personas en total, lo que lo convierte en una de las pistas de baile m\u00e1s peque\u00f1as e \u00edntimas de la isla. El club cuenta con una sala que dispone de un sistema de sonido impecablemente ajustado y una proyecci\u00f3n de v\u00eddeo de 360 grados para acentuar la producci\u00f3n.<\/p>\n<p>Island Hospitality anunci\u00f3 a Danny Whittle como director de marca del grupo en 2022. Aporta una gran experiencia tras haber dirigido anteriormente la programaci\u00f3n musical de Pacha, justo al final de la calle.[\/vc_column_text][vc_single_image media=\u00bb996674&#8243; media_width_percent=\u00bb80&#8243; alignment=\u00bbcenter\u00bb border=\u00bbyes\u00bb shadow=\u00bbyes\u00bb shadow_darker=\u00bbyes\u00bb uncode_shortcode_id=\u00bb489809&#8243;][vc_tabs][vc_tab title=\u00bbQu\u00e9 esperar\u00bb tab_id=\u00bb1560767237-1-913f4e-c6611684489541699&#8243;][vc_column_text uncode_shortcode_id=\u00bb165720&#8243;]<\/p>\n<blockquote>\n<h3>Una experiencia de clubbing decadente, exclusiva, \u00edntima y fresca<\/h3>\n<p>&nbsp;<\/p><\/blockquote>\n<p>[\/vc_column_text][\/vc_tab][vc_tab title=\u00bbNuestros consejos\u00bb tab_id=\u00bb1560767237-2-03f4e-c6611684489541699&#8243;][vc_column_text uncode_shortcode_id=\u00bb184088&#8243;]<\/p>\n<blockquote><p><span style=\"font-weight: 400;\">Nuestra recomendaci\u00f3n principal para la temporada es Trip. \u00a1Los mejores DJ underground cada mi\u00e9rcoles desde abril hasta noviembre!<\/span><\/p><\/blockquote>\n<p>[\/vc_column_text][\/vc_tab][\/vc_tabs][vc_raw_html]PGlmcmFtZSB3aWR0aD0iNTYwIiBoZWlnaHQ9IjMxNSIgc3JjPSJodHRwczovL3d3dy55b3V0dWJlLmNvbS9lbWJlZC90TVNTbXlEV2dOMCIgdGl0bGU9IlJlcHJvZHVjdG9yIGRlIHbDrWRlbyBkZSBZb3VUdWJlIiBmcmFtZWJvcmRlcj0iMCIgYWxsb3c9ImFjY2VsZXJvbWV0ZXI7IGF1dG9wbGF5OyBjbGlwYm9hcmQtd3JpdGU7IGVuY3J5cHRlZC1tZWRpYTsgZ3lyb3Njb3BlOyBwaWN0dXJlLWluLXBpY3R1cmU7IHdlYi1zaGFyZSIgYWxsb3dmdWxsc2NyZWVuPSIiPjwvaWZyYW1lPg==[\/vc_raw_html][vc_row_inner row_inner_height_percent=\u00bb0&#8243; overlay_alpha=\u00bb50&#8243; gutter_size=\u00bb3&#8243; shift_y=\u00bb0&#8243; z_index=\u00bb0&#8243; css=\u00bb.vc_custom_1579610210262{margin-top: 18px !important;margin-bottom: 18px !important;border-bottom-width: 5px !important;padding-top: 5px !important;}\u00bb][vc_column_inner column_width_percent=\u00bb100&#8243; gutter_size=\u00bb3&#8243; override_padding=\u00bbyes\u00bb column_padding=\u00bb2&#8243; overlay_alpha=\u00bb50&#8243; shift_x=\u00bb0&#8243; shift_y=\u00bb0&#8243; shift_y_down=\u00bb0&#8243; z_index=\u00bb0&#8243; medium_width=\u00bb0&#8243; mobile_width=\u00bb0&#8243; width=\u00bb1\/1&#8243; css=\u00bb.vc_custom_1645808094380{padding-top: 5px !important;padding-right: 12px !important;padding-bottom: 5px !important;padding-left: 12px !important;}\u00bb uncode_shortcode_id=\u00bb944691&#8243;][vc_custom_heading separator_color=\u00bbyes\u00bb separator=\u00bbyes\u00bb uncode_shortcode_id=\u00bb203323&#8243; el_id=\u00bb2026&#8243;]<\/p>\n<h2 class=\"p1\">Chinois Ibiza 2026<\/h2>\n<p>[\/vc_custom_heading][vc_column_text uncode_shortcode_id=\u00bb131967&#8243;]Siempre hay much\u00edsima expectaci\u00f3n por los line-ups de Chinois, que generalmente cubren una amplia gama de noches y gustos musicales.<\/p>\n<p>En 2026, el legendario sello <a href=\"https:\/\/ticketsibiza.com\/es\/fiestas\/defected-ibiza\/\">Defected Records<\/a> se trasladar\u00e1 a Chinois por primera vez, ocupando el espacio de los jueves.<\/p>\n<p>The Masquerade vuelve a las noches de los s\u00e1bados, y SAGA de Bedouin regresar\u00e1 una vez m\u00e1s los domingos.<\/p>\n<p>\u00a1Sigue atento a este espacio para m\u00e1s anuncios de 2026![\/vc_column_text][vc_custom_heading heading_semantic=\u00bbh5&#8243; text_size=\u00bbh5&#8243; uncode_shortcode_id=\u00bb761071&#8243;]Resumen de 2025[\/vc_custom_heading][vc_column_text uncode_shortcode_id=\u00bb369322&#8243;]En 2025, los s\u00e1bados <strong>The Masquerade<\/strong> de Claptone se traslad\u00f3 a Chinois por primera vez.<\/p>\n<p><strong>SAGA<\/strong> de Bedouin ocup\u00f3 el espacio de los domingos.<\/p>\n<p><strong>TRIP<\/strong> regres\u00f3 en varias fechas a lo largo de la temporada.<\/p>\n<p>Como novedad en 2025, <strong>Honey Dijon<\/strong> se hizo cargo de los jueves, mientras que <strong>Francis Mercier<\/strong> present\u00f3 Sol\u00e8y los viernes.[\/vc_column_text][\/vc_column_inner][\/vc_row_inner][vc_row_inner row_inner_height_percent=\u00bb0&#8243; overlay_alpha=\u00bb50&#8243; gutter_size=\u00bb3&#8243; shift_y=\u00bb0&#8243; z_index=\u00bb0&#8243; css=\u00bb.vc_custom_1579610210262{margin-top: 18px !important;margin-bottom: 18px !important;border-bottom-width: 5px !important;padding-top: 5px !important;}\u00bb][vc_column_inner column_width_percent=\u00bb100&#8243; gutter_size=\u00bb3&#8243; override_padding=\u00bbyes\u00bb column_padding=\u00bb2&#8243; overlay_alpha=\u00bb50&#8243; shift_x=\u00bb0&#8243; shift_y=\u00bb0&#8243; shift_y_down=\u00bb0&#8243; z_index=\u00bb0&#8243; medium_width=\u00bb0&#8243; mobile_width=\u00bb0&#8243; width=\u00bb1\/2&#8243; css=\u00bb.vc_custom_1579610582782{padding-top: 5px !important;padding-right: 12px !important;padding-bottom: 5px !important;padding-left: 12px !important;}\u00bb][vc_custom_heading heading_semantic=\u00bbh4&#8243; text_size=\u00bbh4&#8243; text_transform=\u00bbuppercase\u00bb separator=\u00bbyes\u00bb uncode_shortcode_id=\u00bb514017&#8243;]<\/p>\n<h4 style=\"text-align: center;\">Fiestas de 2026<\/h4>\n<p>[\/vc_custom_heading][vc_raw_html]PHRhYmxlIGNsYXNzPSJ0aS1wcmltYXJ5IHRpLWNvbXAtdGFibGUiPgo8dHI+Cjx0ZD4KTHVuZXMKPC90ZD4KPHRkPgpUQkEKPC90ZD4KPC90cj4KPHRyPgo8dGQ+Ck1hcnRlcwo8L3RkPgo8dGQ+ClBvciBjb25maXJtYXI8L3RkPgo8L3RyPgo8dHI+Cjx0ZD4KTWnDqXJjb2xlcwo8L3RkPgo8dGQ+ClBvciBjb25maXJtYXI8L3RkPgo8L3RyPgo8dHI+Cjx0ZD4KSnVldmVzCjwvdGQ+Cjx0ZD4KZGVmZWN0ZWQ8L3RkPgo8L3RyPgo8dHI+Cjx0ZD4KVmllcm5lcwo8L3RkPgo8dGQ+ClBvciBjb25maXJtYXI8L3RkPgo8L3RyPgo8dHI+Cjx0ZD4KU8OhYmFkbwo8L3RkPgo8dGQ+CkNsYXB0b25lIFRoZSBNYXNxdWVyYWRlPC90ZD4KPC90cj4KPHRyPgo8dGQ+CkRvbWluZ28KPC90ZD4KPHRkPgpiZWRvdWluPC90ZD4KPC90cj4KPC90YWJsZT4=[\/vc_raw_html][\/vc_column_inner][vc_column_inner column_width_percent=\u00bb100&#8243; gutter_size=\u00bb3&#8243; override_padding=\u00bbyes\u00bb column_padding=\u00bb2&#8243; overlay_alpha=\u00bb50&#8243; shift_x=\u00bb0&#8243; shift_y=\u00bb0&#8243; shift_y_down=\u00bb0&#8243; z_index=\u00bb0&#8243; medium_width=\u00bb0&#8243; mobile_width=\u00bb0&#8243; width=\u00bb1\/2&#8243; css=\u00bb.vc_custom_1579610590767{padding-top: 5px !important;padding-right: 12px !important;padding-bottom: 5px !important;padding-left: 12px !important;}\u00bb][vc_custom_heading heading_semantic=\u00bbh4&#8243; text_size=\u00bbh4&#8243; text_transform=\u00bbuppercase\u00bb separator=\u00bbyes\u00bb uncode_shortcode_id=\u00bb180092&#8243;]<\/p>\n<h4 style=\"text-align: center;\">Fiestas 2025<\/h4>\n<p>[\/vc_custom_heading][vc_raw_html]PHRhYmxlIGNsYXNzPSJ0aS1wcmltYXJ5IHRpLWNvbXAtdGFibGUiPgo8dHI+Cjx0ZD4KTHVuZXMKPC90ZD4KPHRkPgpUQkEKPC90ZD4KPC90cj4KPHRyPgo8dGQ+Ck1hcnRlcwo8L3RkPgo8dGQ+ClBvciBjb25maXJtYXI8L3RkPgo8L3RyPgo8dHI+Cjx0ZD4KTWnDqXJjb2xlcwo8L3RkPgo8dGQ+ClBvciBjb25maXJtYXI8L3RkPgo8L3RyPgo8dHI+Cjx0ZD4KSnVldmVzCjwvdGQ+Cjx0ZD4KZGVmZWN0ZWQ8L3RkPgo8L3RyPgo8dHI+Cjx0ZD4KVmllcm5lcwo8L3RkPgo8dGQ+ClBvciBjb25maXJtYXI8L3RkPgo8L3RyPgo8dHI+Cjx0ZD4KU8OhYmFkbwo8L3RkPgo8dGQ+CkNsYXB0b25lIFRoZSBNYXNxdWVyYWRlPC90ZD4KPC90cj4KPHRyPgo8dGQ+CkRvbWluZ28KPC90ZD4KPHRkPgpiZWRvdWluPC90ZD4KPC90cj4KPC90YWJsZT4=[\/vc_raw_html][\/vc_column_inner][\/vc_row_inner][vc_custom_heading text_size=\u00bbh3&#8243; separator=\u00bbover\u00bb sub_reduced=\u00bbyes\u00bb uncode_shortcode_id=\u00bb175843&#8243;]Fiestas populares de Chinois[\/vc_custom_heading][uncode_index el_id=\u00bbindex-187984&#8243; index_type=\u00bbcarousel\u00bb loop=\u00bbsize:10|order_by:date|post_type:page|tax_query:1770|taxonomy_count:10&#8243; carousel_lg=\u00bb4&#8243; carousel_md=\u00bb3&#8243; carousel_sm=\u00bb2&#8243; thumb_size=\u00bbthree-two\u00bb gutter_size=\u00bb3&#8243; page_items=\u00bbmedia|featured|onpost|original\u00bb carousel_interval=\u00bb3000&#8243; carousel_navspeed=\u00bb400&#8243; carousel_loop=\u00bbyes\u00bb stage_padding=\u00bb0&#8243; single_text=\u00bboverlay\u00bb single_overlay_opacity=\u00bb50&#8243; single_h_align=\u00bbcenter\u00bb single_padding=\u00bb2&#8243; title=\u00bbParties for Club Carousel\u00bb uncode_shortcode_id=\u00bb765113&#8243;][vc_custom_heading separator_color=\u00bbyes\u00bb separator=\u00bbyes\u00bb]<\/p>\n<h2 id=\"faqs\" class=\"p1\">Preguntas frecuentes<\/h2>\n<p>[\/vc_custom_heading][vc_accordion][vc_accordion_tab gutter_size=\u00bb2&#8243; column_padding=\u00bb2&#8243; title=\u00bb\u00bfC\u00f3mo llego a Chinois?\u00bb tab_id=\u00bb1560767237-1-243f4e-c6611684489541699&#8243;][vc_column_text uncode_shortcode_id=\u00bb602010&#8243;]Chinois se encuentra en el coraz\u00f3n de Talamanca, justo al norte de Ibiza ciudad. Pagar\u00e1s unos 35 \u20ac por un taxi desde San Antonio, o 15 \u20ac desde Playa d\u2019en Bossa.[\/vc_column_text][\/vc_accordion_tab][vc_accordion_tab gutter_size=\u00bb2&#8243; column_padding=\u00bb2&#8243; title=\u00bb\u00bfCu\u00e1ndo abre Chinois?\u00bb tab_id=\u00bb1560767237-2-713f4e-c6611684489541699&#8243;][vc_column_text uncode_shortcode_id=\u00bb199928&#8243;]Las fiestas de Chinois empiezan a las 23:45 la mayor\u00eda de los d\u00edas.[\/vc_column_text][\/vc_accordion_tab][vc_accordion_tab gutter_size=\u00bb2&#8243; column_padding=\u00bb2&#8243; title=\u00bb\u00bfCu\u00e1ndo cierra Chinois?\u00bb tab_id=\u00bb1560767237-2-713f4e-c6611684489541699&#8243;][vc_column_text uncode_shortcode_id=\u00bb182835&#8243;]La mayor\u00eda de las fiestas de Chinois cierran a las 6:30 de la ma\u00f1ana.[\/vc_column_text][\/vc_accordion_tab][vc_accordion_tab gutter_size=\u00bb2&#8243; column_padding=\u00bb2&#8243; title=\u00bb\u00bfCu\u00e1nto cuesta entrar en Chinois?\u00bb tab_id=\u00bb1560768560770-2-33f4e-c6611684489541699&#8243;][vc_column_text uncode_shortcode_id=\u00bb191266&#8243;]Los precios de las entradas para Chinois oscilan entre 25 y 35 \u20ac.[\/vc_column_text][\/vc_accordion_tab][vc_accordion_tab gutter_size=\u00bb2&#8243; column_padding=\u00bb2&#8243; title=\u00bb\u00bfCu\u00e1les son los precios de las bebidas en Chinois?\u00bb tab_id=\u00bb1560768568468-3-43f4e-c6611684489541699&#8243;][vc_column_text uncode_shortcode_id=\u00bb564029&#8243;]Espera pagar 10 \u20ac por un refresco y 20 \u20ac por un combinado en Chinois.[\/vc_column_text][\/vc_accordion_tab][vc_accordion_tab gutter_size=\u00bb2&#8243; column_padding=\u00bb2&#8243; title=\u00bb\u00bfCu\u00e1l es el aforo de Chinois?\u00bb tab_id=\u00bb1560768585183-4-83f4e-c6611684489541699&#8243;][vc_column_text uncode_shortcode_id=\u00bb202021&#8243;]Chinois tiene capacidad para 1000 personas.[\/vc_column_text][\/vc_accordion_tab][vc_accordion_tab gutter_size=\u00bb2&#8243; column_padding=\u00bb2&#8243; title=\u00bb\u00bfCu\u00e1l es el c\u00f3digo de vestimenta en Chinois?\u00bb tab_id=\u00bb1560768597322-5-103f4e-c6611684489541699&#8243;][vc_column_text uncode_shortcode_id=\u00bb205507&#8243;]Chinois tiene un c\u00f3digo de vestimenta \u201cclassy casual\u201d. Los hombres no deben llevar pantalones cortos. No se permite la ropa deportiva ni el calzado abierto.[\/vc_column_text][\/vc_accordion_tab][\/vc_accordion][\/vc_column][vc_column column_width_percent=\u00bb100&#8243; align_horizontal=\u00bbalign_center\u00bb gutter_size=\u00bb2&#8243; overlay_alpha=\u00bb50&#8243; shift_x=\u00bb0&#8243; shift_y=\u00bb0&#8243; shift_y_down=\u00bb0&#8243; z_index=\u00bb0&#8243; medium_visibility=\u00bbyes\u00bb medium_width=\u00bb0&#8243; mobile_visibility=\u00bbyes\u00bb mobile_width=\u00bb0&#8243; width=\u00bb1\/4&#8243; uncode_shortcode_id=\u00bb165375&#8243;][vc_button button_color=\u00bbcolor-jevc\u00bb size=\u00bbbtn-lg\u00bb border_animation=\u00bbbtn-ripple-out\u00bb wide=\u00bbyes\u00bb border_width=\u00bb0&#8243; link=\u00bburl:%23listings|\u00bb button_color_type=\u00bbuncode-palette\u00bb uncode_shortcode_id=\u00bb145390&#8243;]Comprar entradas[\/vc_button][vc_separator sep_color=\u00bbaccent\u00bb][vc_single_image media=\u00bb996681&#8243; media_width_percent=\u00bb75&#8243; alignment=\u00bbcenter\u00bb shape=\u00bbimg-circle\u00bb border=\u00bbyes\u00bb shadow=\u00bbyes\u00bb shadow_weight=\u00bbsm\u00bb shadow_darker=\u00bbyes\u00bb uncode_shortcode_id=\u00bb110062&#8243;][vc_separator sep_color=\u00bbaccent\u00bb][vc_gmaps latlon=\u00bb38.9166176, 1.4418052&#8243; size=\u00bb280&#8243; map_color=\u00bbcolor-wvjs\u00bb ui_color=\u00bbaccent\u00bb zoom=\u00bb10&#8243; map_saturation=\u00bb-100&#8243; map_brightness=\u00bb5&#8243; address=\u00bbPasseig Joan Carles I, 17, 07800, Ibiza\u00bb uncode_shortcode_id=\u00bb222205&#8243; map_color_type=\u00bbuncode-palette\u00bb ui_color_type=\u00bbuncode-palette\u00bb][vc_separator sep_color=\u00bbaccent\u00bb][uncode_block id=\u00bb146863&#8243; inside_column=\u00bbyes\u00bb][\/vc_column][\/vc_row][vc_section back_color=\u00bbcolor-lxmt\u00bb overlay_alpha=\u00bb50&#8243;][vc_row][vc_column width=\u00bb3\/4&#8243;][vc_gallery el_id=\u00bbgallery-160005&#8243; type=\u00bbjustified\u00bb random=\u00bbyes\u00bb medias=\u00bb996678,996677,996676,996675,996674,996680&#8243; justify_row_height=\u00bb150&#8243; gutter_size=\u00bb0&#8243; single_overlay_opacity=\u00bb50&#8243; single_padding=\u00bb2&#8243; title=\u00bbGaler\u00eda de fotos\u00bb uncode_shortcode_id=\u00bb543561&#8243;][\/vc_column][vc_column width=\u00bb1\/4&#8243;][\/vc_column][\/vc_row][\/vc_section][vc_section back_color=\u00bbcolor-prif\u00bb overlay_alpha=\u00bb50&#8243;][vc_row row_height_percent=\u00bb0&#8243; overlay_alpha=\u00bb50&#8243; gutter_size=\u00bb3&#8243; column_width_percent=\u00bb100&#8243; shift_y=\u00bb0&#8243; z_index=\u00bb0&#8243; row_name=\u00bblistings\u00bb][vc_column column_width_percent=\u00bb100&#8243; position_vertical=\u00bbmiddle\u00bb align_horizontal=\u00bbalign_center\u00bb gutter_size=\u00bb2&#8243; overlay_alpha=\u00bb50&#8243; shift_x=\u00bb0&#8243; shift_y=\u00bb0&#8243; shift_y_down=\u00bb0&#8243; z_index=\u00bb0&#8243; medium_width=\u00bb0&#8243; mobile_width=\u00bb0&#8243; width=\u00bb1\/1&#8243;][vc_custom_heading text_color=\u00bbcolor-xsdn\u00bb text_size=\u00bbh3&#8243; separator_color=\u00bbyes\u00bb separator=\u00bbyes\u00bb sub_reduced=\u00bbyes\u00bb]<\/p>\n<h2 style=\"text-align: center;\"><span style=\"color: #ffffff;\">Lista de fiestas<\/span><\/h2>\n<p>[\/vc_custom_heading]\t\t<div class=\"wcs-timetable__wrapper\">\n\t\t\t<div class=\"wcs-vue\" id=\"wcs-app-139\"><\/div>\n\t\t<\/div>\n\t\t[\/vc_column][\/vc_row][vc_row unlock_row_content=\u00bbyes\u00bb row_height_percent=\u00bb0&#8243; override_padding=\u00bbyes\u00bb h_padding=\u00bb0&#8243; top_padding=\u00bb0&#8243; bottom_padding=\u00bb0&#8243; overlay_alpha=\u00bb50&#8243; gutter_size=\u00bb3&#8243; column_width_percent=\u00bb100&#8243; shift_y=\u00bb0&#8243; z_index=\u00bb0&#8243; row_name=\u00bbaccommodation\u00bb][vc_column column_width_percent=\u00bb100&#8243; gutter_size=\u00bb3&#8243; override_padding=\u00bbyes\u00bb column_padding=\u00bb0&#8243; overlay_alpha=\u00bb50&#8243; shift_x=\u00bb0&#8243; shift_y=\u00bb0&#8243; shift_y_down=\u00bb0&#8243; z_index=\u00bb0&#8243; medium_width=\u00bb0&#8243; mobile_width=\u00bb0&#8243; width=\u00bb1\/1&#8243;][vc_raw_html]PGlmcmFtZSBpZD0ic3RheTIyLXdpZGdldCIgd2lkdGg9IjEwMCUiIGhlaWdodD0iNDI4IiBzcmM9Imh0dHBzOi8vd3d3LnN0YXkyMi5jb20vZW1iZWQvNjQ2NzRlNDE0OWQ5OTUwMDNjN2Y2ODNjIiBmcmFtZWJvcmRlcj0iMCI+PC9pZnJhbWU+[\/vc_raw_html][\/vc_column][\/vc_row][\/vc_section]<\/p>\n<\/div>","protected":false},"excerpt":{"rendered":"<p>[vc_row row_height_percent=\u00bb0&#8243; override_padding=\u00bbyes\u00bb h_padding=\u00bb2&#8243; top_padding=\u00bb2&#8243; bottom_padding=\u00bb0&#8243; back_image=\u00bb539836&#8243; overlay_alpha=\u00bb50&#8243; gutter_size=\u00bb3&#8243; column_width_percent=\u00bb100&#8243; shift_y=\u00bb0&#8243; z_index=\u00bb0&#8243; row_height_pixel=\u00bb50&#8243; uncode_shortcode_id=\u00bb185675&#8243;][vc_column width=\u00bb1\/1&#8243;][vc_empty_space empty_h=\u00bb5&#8243;][vc_row_inner row_inner_height_percent=\u00bb0&#8243; force_width_grid=\u00bbyes\u00bb overlay_color=\u00bbcolor-149363&#8243; overlay_alpha=\u00bb70&#8243; [&hellip;]<\/p>\n","protected":false},"author":1,"featured_media":996681,"parent":989689,"menu_order":0,"comment_status":"closed","ping_status":"closed","template":"","meta":{"_acf_changed":false,"footnotes":""},"class_list":["post-996666","page","type-page","status-publish","has-post-thumbnail","hentry","page_category-club-chinois","page_category-discotecas"],"acf":[],"_links":{"self":[{"href":"https:\/\/ticketsibiza.com\/es\/wp-json\/wp\/v2\/pages\/996666","targetHints":{"allow":["GET"]}}],"collection":[{"href":"https:\/\/ticketsibiza.com\/es\/wp-json\/wp\/v2\/pages"}],"about":[{"href":"https:\/\/ticketsibiza.com\/es\/wp-json\/wp\/v2\/types\/page"}],"author":[{"embeddable":true,"href":"https:\/\/ticketsibiza.com\/es\/wp-json\/wp\/v2\/users\/1"}],"replies":[{"embeddable":true,"href":"https:\/\/ticketsibiza.com\/es\/wp-json\/wp\/v2\/comments?post=996666"}],"version-history":[{"count":42,"href":"https:\/\/ticketsibiza.com\/es\/wp-json\/wp\/v2\/pages\/996666\/revisions"}],"predecessor-version":[{"id":1127459,"href":"https:\/\/ticketsibiza.com\/es\/wp-json\/wp\/v2\/pages\/996666\/revisions\/1127459"}],"up":[{"embeddable":true,"href":"https:\/\/ticketsibiza.com\/es\/wp-json\/wp\/v2\/pages\/989689"}],"wp:featuredmedia":[{"embeddable":true,"href":"https:\/\/ticketsibiza.com\/es\/wp-json\/wp\/v2\/media\/996681"}],"wp:attachment":[{"href":"https:\/\/ticketsibiza.com\/es\/wp-json\/wp\/v2\/media?parent=996666"}],"curies":[{"name":"wp","href":"https:\/\/api.w.org\/{rel}","templated":true}]}}