{"id":996433,"date":"2022-09-09T15:20:00","date_gmt":"2022-09-09T14:20:00","guid":{"rendered":"https:\/\/ticketsibiza.com\/dj\/"},"modified":"2026-02-03T15:53:30","modified_gmt":"2026-02-03T15:53:30","slug":"dj","status":"publish","type":"page","link":"https:\/\/ticketsibiza.com\/es\/dj\/","title":{"rendered":"DJs de Ibiza"},"content":{"rendered":"<div class=\"wpb-content-wrapper\"><p>[vc_row row_height_percent=\u00bb20&#8243; override_padding=\u00bbyes\u00bb h_padding=\u00bb2&#8243; top_padding=\u00bb2&#8243; bottom_padding=\u00bb0&#8243; back_image=\u00bb503862&#8243; overlay_color=\u00bbcolor-jevc\u00bb overlay_alpha=\u00bb50&#8243; gutter_size=\u00bb3&#8243; column_width_percent=\u00bb100&#8243; shift_y=\u00bb0&#8243; z_index=\u00bb0&#8243; row_height_pixel=\u00bb50&#8243; uncode_shortcode_id=\u00bb186390&#8243; overlay_color_type=\u00bbuncode-palette\u00bb][vc_column column_width_percent=\u00bb100&#8243; position_vertical=\u00bbbottom\u00bb gutter_size=\u00bb3&#8243; overlay_alpha=\u00bb50&#8243; shift_x=\u00bb0&#8243; shift_y=\u00bb0&#8243; shift_y_down=\u00bb0&#8243; z_index=\u00bb0&#8243; medium_width=\u00bb0&#8243; mobile_width=\u00bb0&#8243; width=\u00bb1\/1&#8243; uncode_shortcode_id=\u00bb106362&#8243;][vc_row_inner row_inner_height_percent=\u00bb0&#8243; force_width_grid=\u00bbyes\u00bb overlay_alpha=\u00bb50&#8243; gutter_size=\u00bb1&#8243; shift_y=\u00bb1&#8243; z_index=\u00bb3&#8243; css=\u00bb.vc_custom_1662562550222{margin-bottom: 0px !important;border-bottom-width: 0px !important;padding-top: 0px !important;padding-bottom: 0px !important;padding-left: 20px !important;}\u00bb limit_content=\u00bb\u00bb uncode_shortcode_id=\u00bb178188&#8243;][vc_column_inner column_width_percent=\u00bb100&#8243; position_vertical=\u00bbbottom\u00bb gutter_size=\u00bb0&#8243; overlay_alpha=\u00bb50&#8243; shift_x=\u00bb0&#8243; shift_y=\u00bb0&#8243; shift_y_down=\u00bb0&#8243; z_index=\u00bb0&#8243; medium_width=\u00bb0&#8243; mobile_width=\u00bb0&#8243; width=\u00bb1\/1&#8243; css=\u00bb.vc_custom_1662731621940{padding-bottom: 0px !important;}\u00bb uncode_shortcode_id=\u00bb150843&#8243;][vc_custom_heading text_color=\u00bbcolor-xsdn\u00bb heading_semantic=\u00bbh1&#8243; text_font=\u00bbfont-762333&#8243; text_size=\u00bbh1&#8243; sub_reduced=\u00bbyes\u00bb uncode_shortcode_id=\u00bb194922&#8243; text_color_type=\u00bbuncode-palette\u00bb]DJs de Ibiza[\/vc_custom_heading][vc_column_text text_lead=\u00bbyes\u00bb text_color=\u00bbcolor-xsdn\u00bb uncode_shortcode_id=\u00bb876725&#8243; text_color_type=\u00bbuncode-palette\u00bb]Encuentra los DJs m\u00e1s populares de Ibiza 2026[\/vc_column_text][\/vc_column_inner][\/vc_row_inner][\/vc_column][\/vc_row][vc_row row_height_percent=\u00bb0&#8243; overlay_alpha=\u00bb50&#8243; gutter_size=\u00bb3&#8243; column_width_percent=\u00bb100&#8243; shift_y=\u00bb0&#8243; z_index=\u00bb0&#8243; css=\u00bb.vc_custom_1551018712642{margin-top: 0px !important;margin-bottom: 0px !important;}\u00bb][vc_column column_width_percent=\u00bb100&#8243; gutter_size=\u00bb2&#8243; overlay_alpha=\u00bb50&#8243; shift_x=\u00bb0&#8243; shift_y=\u00bb0&#8243; shift_y_down=\u00bb0&#8243; z_index=\u00bb0&#8243; medium_width=\u00bb0&#8243; mobile_width=\u00bb0&#8243; width=\u00bb3\/4&#8243; uncode_shortcode_id=\u00bb425110&#8243; el_class=\u00bbmv-content\u00bb][vc_column_text uncode_shortcode_id=\u00bb263932&#8243;]<span class=\"dropped\">C<\/span>ada temporada, cientos de los <strong>mejores DJs<\/strong> del mundo descienden a Ibiza para pinchar en sus famosas discotecas.<\/p>\n<p>Ya sea techno, house, trance o hip-hop, en Ibiza hay algo para satisfacer <strong>todos los gustos musicales<\/strong>. Aunque muchos hacen la peregrinaci\u00f3n cada temporada solo por los clubes o las fiestas, puede que seas de los que tienen una lista de DJs que quieren ver mientras salen de fiesta.<\/p>\n<p>As\u00ed que&#8230; si est\u00e1s buscando fechas para tu DJ favorito en Ibiza este verano, est\u00e1s en el lugar correcto. Hemos listado a los DJ en orden de <strong>m\u00e1s noches<\/strong> en las que cada uno est\u00e1 tocando en la isla para 2026. Tambi\u00e9n puedes <strong>buscar<\/strong> a tu DJ favorito directamente abajo.<\/p>\n<p>Eso nos deja con una pregunta&#8230; \u00bfa qu\u00e9 DJs <strong>vas<\/strong> a escuchar durante tu viaje a Ibiza? \ud83d\udd7a<\/p>\n<p style=\"text-align: center;\">\ud83d\udc49 <span style=\"color: #e7168b;\"><a style=\"color: #e7168b;\" href=\"https:\/\/ibiza.app.link\/DJs\" target=\"_blank\" rel=\"noopener\">Descarga nuestra app gratuita del calendario de fiestas de Ibiza<\/a><\/span> \ud83d\udc48<\/p>\n<p>[\/vc_column_text][vc_separator sep_color=\u00bb\u00bb uncode_shortcode_id=\u00bb777362&#8243;]\t\t<div class=\"wcs-timetable__wrapper\">\n\t\t\t<div class=\"wcs-vue\" id=\"wcs-app-161\"><\/div>\n\t\t<\/div>\n\t\t[\/vc_column][vc_column column_width_percent=\u00bb100&#8243; align_horizontal=\u00bbalign_center\u00bb gutter_size=\u00bb2&#8243; overlay_alpha=\u00bb50&#8243; shift_x=\u00bb0&#8243; shift_y=\u00bb0&#8243; shift_y_down=\u00bb0&#8243; z_index=\u00bb0&#8243; medium_width=\u00bb0&#8243; mobile_visibility=\u00bbyes\u00bb mobile_width=\u00bb0&#8243; width=\u00bb1\/4&#8243; uncode_shortcode_id=\u00bb661467&#8243; el_class=\u00bbmv-sidebar\u00bb][uncode_block id=\u00bb142897&#8243; inside_column=\u00bbyes\u00bb][\/vc_column][\/vc_row]<\/p>\n<\/div>","protected":false},"excerpt":{"rendered":"<p>[vc_row row_height_percent=\u00bb20&#8243; override_padding=\u00bbyes\u00bb h_padding=\u00bb2&#8243; top_padding=\u00bb2&#8243; bottom_padding=\u00bb0&#8243; back_image=\u00bb503862&#8243; overlay_color=\u00bbcolor-jevc\u00bb overlay_alpha=\u00bb50&#8243; gutter_size=\u00bb3&#8243; column_width_percent=\u00bb100&#8243; shift_y=\u00bb0&#8243; z_index=\u00bb0&#8243; row_height_pixel=\u00bb50&#8243; uncode_shortcode_id=\u00bb186390&#8243; overlay_color_type=\u00bbuncode-palette\u00bb][vc_column column_width_percent=\u00bb100&#8243; position_vertical=\u00bbbottom\u00bb gutter_size=\u00bb3&#8243; overlay_alpha=\u00bb50&#8243; [&hellip;]<\/p>\n","protected":false},"author":7,"featured_media":996438,"parent":0,"menu_order":0,"comment_status":"closed","ping_status":"closed","template":"","meta":{"_acf_changed":false,"footnotes":""},"class_list":["post-996433","page","type-page","status-publish","has-post-thumbnail","hentry"],"acf":[],"_links":{"self":[{"href":"https:\/\/ticketsibiza.com\/es\/wp-json\/wp\/v2\/pages\/996433","targetHints":{"allow":["GET"]}}],"collection":[{"href":"https:\/\/ticketsibiza.com\/es\/wp-json\/wp\/v2\/pages"}],"about":[{"href":"https:\/\/ticketsibiza.com\/es\/wp-json\/wp\/v2\/types\/page"}],"author":[{"embeddable":true,"href":"https:\/\/ticketsibiza.com\/es\/wp-json\/wp\/v2\/users\/7"}],"replies":[{"embeddable":true,"href":"https:\/\/ticketsibiza.com\/es\/wp-json\/wp\/v2\/comments?post=996433"}],"version-history":[{"count":28,"href":"https:\/\/ticketsibiza.com\/es\/wp-json\/wp\/v2\/pages\/996433\/revisions"}],"predecessor-version":[{"id":1104835,"href":"https:\/\/ticketsibiza.com\/es\/wp-json\/wp\/v2\/pages\/996433\/revisions\/1104835"}],"wp:featuredmedia":[{"embeddable":true,"href":"https:\/\/ticketsibiza.com\/es\/wp-json\/wp\/v2\/media\/996438"}],"wp:attachment":[{"href":"https:\/\/ticketsibiza.com\/es\/wp-json\/wp\/v2\/media?parent=996433"}],"curies":[{"name":"wp","href":"https:\/\/api.w.org\/{rel}","templated":true}]}}