{"id":994709,"date":"2024-06-06T16:47:13","date_gmt":"2024-06-06T15:47:13","guid":{"rendered":"https:\/\/ticketsibiza.com\/clubs\/playa-soleil\/"},"modified":"2025-11-11T17:17:10","modified_gmt":"2025-11-11T17:17:10","slug":"playa-soleil","status":"publish","type":"page","link":"https:\/\/ticketsibiza.com\/es\/clubs\/playa-soleil\/","title":{"rendered":"Playa Soleil Ibiza 2025: entradas, eventos y cartel"},"content":{"rendered":"<div class=\"wpb-content-wrapper\"><p>[vc_row row_height_percent=\u00bb0&#8243; override_padding=\u00bbyes\u00bb h_padding=\u00bb2&#8243; top_padding=\u00bb2&#8243; bottom_padding=\u00bb0&#8243; back_image=\u00bb580085&#8243; back_attachment=\u00bbscroll\u00bb parallax=\u00bbyes\u00bb overlay_alpha=\u00bb50&#8243; gutter_size=\u00bb3&#8243; column_width_percent=\u00bb100&#8243; shift_y=\u00bb0&#8243; z_index=\u00bb0&#8243; row_height_pixel=\u00bb50&#8243; uncode_shortcode_id=\u00bb944283&#8243;][vc_column width=\u00bb1\/1&#8243;][vc_empty_space empty_h=\u00bb5&#8243;][vc_row_inner row_inner_height_percent=\u00bb0&#8243; force_width_grid=\u00bbyes\u00bb overlay_color=\u00bbcolor-149363&#8243; overlay_alpha=\u00bb70&#8243; gutter_size=\u00bb1&#8243; shift_y=\u00bb1&#8243; z_index=\u00bb3&#8243; css=\u00bb.vc_custom_1555872297672{margin-bottom: 0px !important;border-bottom-width: 0px !important;padding-top: 0px !important;padding-bottom: 0px !important;padding-left: 20px !important;}\u00bb][vc_column_inner column_width_percent=\u00bb100&#8243; gutter_size=\u00bb0&#8243; overlay_alpha=\u00bb50&#8243; shift_x=\u00bb0&#8243; shift_y=\u00bb0&#8243; shift_y_down=\u00bb0&#8243; z_index=\u00bb0&#8243; medium_width=\u00bb0&#8243; mobile_width=\u00bb0&#8243; width=\u00bb1\/1&#8243; css=\u00bb.vc_custom_1551002411961{padding-bottom: 0px !important;}\u00bb][vc_custom_heading text_color=\u00bbcolor-xsdn\u00bb heading_semantic=\u00bbh1&#8243; text_size=\u00bbh1&#8243; sub_reduced=\u00bbyes\u00bb uncode_shortcode_id=\u00bb182481&#8243; text_color_type=\u00bbuncode-palette\u00bb]<\/p>\n<h1 style=\"text-align: left;\"><span style=\"color: #ffffff;\">Playa Soleil<\/span><\/h1>\n<p>[\/vc_custom_heading][vc_column_text text_lead=\u00bbyes\u00bb uncode_shortcode_id=\u00bb130841&#8243;]<span style=\"font-weight: 400; color: #ffffff;\">Baila y cena toda la noche en el club de playa m\u00e1s nuevo de Playa d\u2019en Bossa<\/span>[\/vc_column_text][\/vc_column_inner][\/vc_row_inner][\/vc_column][\/vc_row][vc_row row_height_percent=\u00bb0&#8243; overlay_alpha=\u00bb50&#8243; gutter_size=\u00bb3&#8243; column_width_percent=\u00bb100&#8243; shift_y=\u00bb0&#8243; z_index=\u00bb0&#8243; css=\u00bb.vc_custom_1551018712642{margin-top: 0px !important;margin-bottom: 0px !important;}\u00bb][vc_column column_width_percent=\u00bb100&#8243; gutter_size=\u00bb3&#8243; overlay_alpha=\u00bb50&#8243; shift_x=\u00bb0&#8243; shift_y=\u00bb0&#8243; shift_y_down=\u00bb0&#8243; z_index=\u00bb0&#8243; medium_width=\u00bb0&#8243; mobile_width=\u00bb0&#8243; width=\u00bb3\/4&#8243;][vc_column_text uncode_shortcode_id=\u00bb145663&#8243;]Ubicada en la emblem\u00e1tica playa d\u2019en Bossa, Playa Soleil ofrece una experiencia de club de playa inigualable, que combina a la perfecci\u00f3n m\u00fasica contempor\u00e1nea, cocina gourmet, arte y bienestar.<\/p>\n<p><strong>Un mundo de delicias culinarias<\/strong><\/p>\n<p>En Playa Soleil, cenar es un viaje a trav\u00e9s de exquisitos sabores mediterr\u00e1neos, con m\u00faltiples zonas que satisfacen diferentes deseos culinarios:<\/p>\n<p><strong>Playa Chica<\/strong> y <strong>Le Restaurant<\/strong>: Estos locales ofrecen una experiencia gastron\u00f3mica de lujo donde podr\u00e1s disfrutar de platos de primera clase elaborados con los mejores ingredientes org\u00e1nicos de origen local.<\/p>\n<p><strong>Oasis<\/strong>: Para una comida m\u00e1s relajada, Oasis ofrece un ambiente tranquilo donde podr\u00e1s saborear deliciosos platos en un entorno apacible.<\/p>\n<p><strong>Rel\u00e1jate con estilo<\/strong><br \/>\nLos hu\u00e9spedes pueden relajarse con estilo en Les Palmiers y Las Dunas, donde lujosas camas balinesas te invitan a relajarte con bebidas refrescantes y aperitivos ligeros. Nuestro atento personal se asegura de que tu comodidad y disfrute sean las principales prioridades, creando un santuario perfecto junto al mar. <\/p>\n<p><strong>Excelencia culinaria<\/strong><\/p>\n<p>Bajo la experta direcci\u00f3n del chef ejecutivo Cristian Casta\u00f1eda, que aporta m\u00e1s de una d\u00e9cada de experiencia de los mejores restaurantes espa\u00f1oles, la gastronom\u00eda de Playa Soleil es sencillamente extraordinaria. Su innovador enfoque de la cocina mediterr\u00e1nea promete una experiencia gastron\u00f3mica inolvidable. <\/p>\n<p><strong>Ambiente nocturno vibrante<\/strong><\/p>\n<p>A medida que se pone el sol, Playa Soleil se transforma en un vibrante centro de energ\u00eda y emoci\u00f3n. En algunas noches seleccionadas, nuestro restaurante se convierte en pista de baile, donde podr\u00e1s bailar toda la noche con actuaciones en directo. Los viernes, disfruta de las famosas fiestas Rumors organizadas por Guy Gerber, mientras que los domingos est\u00e1n reservados para Palmerama, con los mejores DJs y artistas internacionales durante todo el verano.  <\/p>\n<p><strong>La mejor experiencia playera<\/strong><\/p>\n<p>Desde el amanecer hasta el anochecer, cada momento en Playa Soleil est\u00e1 dise\u00f1ado para evocar alegr\u00eda y crear recuerdos duraderos. Rel\u00e1jate en lujosas camas de playa, siente la suave brisa marina y escucha los relajantes sonidos del oc\u00e9ano. Tanto si disfrutas de una comida en la playa como si saboreas un c\u00f3ctel, cada detalle est\u00e1 pensado para tu relajaci\u00f3n y disfrute.  <\/p>\n<p><strong>Viajes s\u00f3nicos y paisajes sonoros sublimes<\/strong><\/p>\n<p>Baila todo el d\u00eda y hasta la noche con una excepcional selecci\u00f3n de DJs y m\u00fasicos de renombre mundial. La banda sonora de Playa Soleil cobra vida en Le Restaurant y Maison Musique, nuestro encantador club interior reservado para eventos nocturnos especiales. Residencias seleccionadas e invitados especiales traen lo mejor de la m\u00fasica electr\u00f3nica, asegurando un ambiente inspirador y en\u00e9rgico cada d\u00eda de la semana.  <\/p>\n<p>Sum\u00e9rgete en un mundo donde cada momento es una celebraci\u00f3n y se crean recuerdos inolvidables. Descubre la mejor experiencia de club de playa en Playa Soleil, donde la vida se celebra desde el amanecer hasta el atardecer y m\u00e1s all\u00e1.[\/vc_column_text][vc_accordion title=\u00bbPreguntas frecuentes\u00bb][vc_accordion_tab gutter_size=\u00bb2&#8243; column_padding=\u00bb2&#8243; title=\u00bb\u00bfC\u00f3mo llego a Playa Soleil?\u00bb tab_id=\u00bb1560767237-1-24fffd-f682b1c6-99951717687569139&#8243;][vc_column_text uncode_shortcode_id=\u00bb161672&#8243;]<span style=\"font-weight: 400;\">Playa Soleil est\u00e1 situada en Playa d\u2019en Bossa. Est\u00e1 a 10 minutos en taxi desde Ibiza ciudad y a 30 minutos desde San Antonio. Un taxi desde Ibiza ciudad te costar\u00e1 unos 10 \u20ac, o 40 \u20ac desde San Antonio.  <\/span>[\/vc_column_text][\/vc_accordion_tab][vc_accordion_tab gutter_size=\u00bb2&#8243; column_padding=\u00bb2&#8243; title=\u00bb\u00bfCu\u00e1l es el horario de apertura de Playa Soleil?\u00bb tab_id=\u00bb1560767237-2-71fffd-f682b1c6-99951717687569139&#8243;][vc_column_text uncode_shortcode_id=\u00bb140245&#8243;]<span style=\"font-weight: 400;\">Playa Soleil abre todos los d\u00edas a las 10 de la ma\u00f1ana. El club abre a las 17:00 la mayor\u00eda de las noches y suele cerrar a las 3 de la madrugada. <\/span>[\/vc_column_text][\/vc_accordion_tab][vc_accordion_tab gutter_size=\u00bb2&#8243; column_padding=\u00bb2&#8243; title=\u00bb\u00bfCu\u00e1nto cuesta entrar en Playa Soleil?\u00bb tab_id=\u00bb1560768560770-2-3fffd-f682b1c6-99951717687569139&#8243;][vc_column_text uncode_shortcode_id=\u00bb786563&#8243;]<span style=\"font-weight: 400;\">Las entradas para la mayor\u00eda de los eventos de Playa Soleil son gratuitas, pero en algunos casos puedes esperar pagar hasta 25 \u20ac de entrada.<\/span>[\/vc_column_text][\/vc_accordion_tab][vc_accordion_tab gutter_size=\u00bb2&#8243; column_padding=\u00bb2&#8243; title=\u00bb\u00bfCu\u00e1les son los precios de las bebidas en Playa Soleil?\u00bb tab_id=\u00bb1560768568468-3-4fffd-f682b1c6-99951717687569139&#8243;][vc_column_text uncode_shortcode_id=\u00bb128517&#8243;]<span style=\"font-weight: 400;\">En Playa Soleil, una cerveza cuesta 12 \u20ac, el vino a partir de 12 \u20ac, el agua 10 \u20ac y un combinado a partir de 16 \u20ac.<\/span>[\/vc_column_text][\/vc_accordion_tab][vc_accordion_tab gutter_size=\u00bb2&#8243; column_padding=\u00bb2&#8243; title=\u00bb\u00bfCu\u00e1l es el c\u00f3digo de vestimenta en Playa Soleil?\u00bb tab_id=\u00bb1560768597322-5-10fffd-f682b1c6-99951717687569139&#8243;][vc_column_text uncode_shortcode_id=\u00bb137809&#8243;]<span style=\"font-weight: 400;\">Es posible que quieras vestir de forma elegante e informal para el restaurante, sin embargo, si solo vas a ir de discoteca, no hay c\u00f3digo de vestimenta. \u00a1Ponte lo que te resulte c\u00f3modo para bailar! <\/span>[\/vc_column_text][\/vc_accordion_tab][vc_accordion_tab gutter_size=\u00bb2&#8243; column_padding=\u00bb2&#8243; title=\u00bb\u00bfCu\u00e1l es el cartel de Playa Soleil Ibiza?\u00bb tab_id=\u00bb1560768604185-6-7fffd-f682b1c6-99951717687569139&#8243;][vc_column_text uncode_shortcode_id=\u00bb193996&#8243;]<span style=\"font-weight: 400;\">Puedes ver el cartel completo de Playa Soleil en el calendario que aparece a continuaci\u00f3n.<\/span>[\/vc_column_text][\/vc_accordion_tab][\/vc_accordion][\/vc_column][vc_column column_width_percent=\u00bb100&#8243; align_horizontal=\u00bbalign_center\u00bb gutter_size=\u00bb2&#8243; overlay_alpha=\u00bb50&#8243; shift_x=\u00bb0&#8243; shift_y=\u00bb0&#8243; shift_y_down=\u00bb0&#8243; z_index=\u00bb0&#8243; medium_visibility=\u00bbyes\u00bb medium_width=\u00bb0&#8243; mobile_visibility=\u00bbyes\u00bb mobile_width=\u00bb0&#8243; sticky=\u00bbyes\u00bb width=\u00bb1\/4&#8243;][vc_button button_color=\u00bbcolor-jevc\u00bb size=\u00bbbtn-lg\u00bb border_animation=\u00bbbtn-ripple-out\u00bb wide=\u00bbyes\u00bb border_width=\u00bb0&#8243; link=\u00bburl:%23listings|\u00bb button_color_type=\u00bbuncode-palette\u00bb uncode_shortcode_id=\u00bb180232&#8243;]Comprar entradas[\/vc_button][vc_separator sep_color=\u00bbaccent\u00bb][vc_single_image media=\u00bb994741&#8243; media_width_percent=\u00bb75&#8243; alignment=\u00bbcenter\u00bb shape=\u00bbimg-circle\u00bb border=\u00bbyes\u00bb shadow=\u00bbyes\u00bb shadow_weight=\u00bbsm\u00bb shadow_darker=\u00bbyes\u00bb uncode_shortcode_id=\u00bb209687&#8243;][vc_separator sep_color=\u00bbaccent\u00bb][vc_gmaps latlon=\u00bb38.8874924,1.4075217&#8243; size=\u00bb280&#8243; map_color=\u00bbcolor-wvjs\u00bb ui_color=\u00bbaccent\u00bb zoom=\u00bb10&#8243; map_saturation=\u00bb-100&#8243; map_brightness=\u00bb5&#8243; address=\u00bbCarrer del Fumarell, 1 Ibiza, Islas Baleares, Spain\u00bb uncode_shortcode_id=\u00bb758721&#8243; map_color_type=\u00bbuncode-palette\u00bb ui_color_type=\u00bbuncode-palette\u00bb][vc_separator sep_color=\u00bbaccent\u00bb][uncode_block id=\u00bb146863&#8243; inside_column=\u00bbyes\u00bb][\/vc_column][\/vc_row][vc_section back_color=\u00bbcolor-lxmt\u00bb overlay_alpha=\u00bb50&#8243;][vc_row][vc_column width=\u00bb3\/4&#8243;][vc_gallery el_id=\u00bbgallery-160005&#8243; type=\u00bbjustified\u00bb random=\u00bbyes\u00bb medias=\u00bb993320,993321,993322,993319,993318,993317,993316&#8243; justify_row_height=\u00bb150&#8243; gutter_size=\u00bb0&#8243; single_overlay_opacity=\u00bb50&#8243; single_padding=\u00bb2&#8243; title=\u00bbGaler\u00eda de fotos\u00bb uncode_shortcode_id=\u00bb659368&#8243;][\/vc_column][vc_column width=\u00bb1\/4&#8243;][vc_raw_html]PGlmcmFtZSBzdHlsZT0iYm9yZGVyLXJhZGl1czoxMnB4IiBzcmM9Imh0dHBzOi8vb3Blbi5zcG90aWZ5LmNvbS9lbWJlZC9wbGF5bGlzdC8weGVXdUcxUE5iZEI2UTBtVHI5N0l3P3V0bV9zb3VyY2U9Z2VuZXJhdG9yIiB3aWR0aD0iMTAwJSIgaGVpZ2h0PSIzNTIiIGZyYW1lYm9yZGVyPSIwIiBhbGxvd2Z1bGxzY3JlZW49IiIgYWxsb3c9ImF1dG9wbGF5OyBjbGlwYm9hcmQtd3JpdGU7IGVuY3J5cHRlZC1tZWRpYTsgZnVsbHNjcmVlbjsgcGljdHVyZS1pbi1waWN0dXJlIiBsb2FkaW5nPSJsYXp5Ij48L2lmcmFtZT4=[\/vc_raw_html][\/vc_column][\/vc_row][\/vc_section][vc_section back_color=\u00bbcolor-prif\u00bb overlay_alpha=\u00bb50&#8243;][vc_row row_height_percent=\u00bb0&#8243; overlay_alpha=\u00bb50&#8243; gutter_size=\u00bb3&#8243; column_width_percent=\u00bb100&#8243; shift_y=\u00bb0&#8243; z_index=\u00bb0&#8243; row_name=\u00bblistings\u00bb][vc_column column_width_percent=\u00bb100&#8243; position_vertical=\u00bbmiddle\u00bb align_horizontal=\u00bbalign_center\u00bb gutter_size=\u00bb2&#8243; overlay_alpha=\u00bb50&#8243; shift_x=\u00bb0&#8243; shift_y=\u00bb0&#8243; shift_y_down=\u00bb0&#8243; z_index=\u00bb0&#8243; medium_width=\u00bb0&#8243; mobile_width=\u00bb0&#8243; width=\u00bb1\/1&#8243;][vc_custom_heading text_color=\u00bbcolor-xsdn\u00bb sub_lead=\u00bbyes\u00bb uncode_shortcode_id=\u00bb735539&#8243; text_color_type=\u00bbuncode-palette\u00bb]<\/p>\n<h2 style=\"text-align: center;\"><span style=\"color: #ffffff;\">Lista de fiestas<\/span><\/h2>\n<p>[\/vc_custom_heading]\t\t<div class=\"wcs-timetable__wrapper\">\n\t\t\t<div class=\"wcs-vue\" id=\"wcs-app-144\"><\/div>\n\t\t<\/div>\n\t\t[\/vc_column][\/vc_row][\/vc_section]<\/p>\n<\/div>","protected":false},"excerpt":{"rendered":"<p>[vc_row row_height_percent=\u00bb0&#8243; override_padding=\u00bbyes\u00bb h_padding=\u00bb2&#8243; top_padding=\u00bb2&#8243; bottom_padding=\u00bb0&#8243; back_image=\u00bb580085&#8243; back_attachment=\u00bbscroll\u00bb parallax=\u00bbyes\u00bb overlay_alpha=\u00bb50&#8243; gutter_size=\u00bb3&#8243; column_width_percent=\u00bb100&#8243; shift_y=\u00bb0&#8243; z_index=\u00bb0&#8243; row_height_pixel=\u00bb50&#8243; uncode_shortcode_id=\u00bb944283&#8243;][vc_column width=\u00bb1\/1&#8243;][vc_empty_space empty_h=\u00bb5&#8243;][vc_row_inner row_inner_height_percent=\u00bb0&#8243; force_width_grid=\u00bbyes\u00bb [&hellip;]<\/p>\n","protected":false},"author":1,"featured_media":994741,"parent":989689,"menu_order":0,"comment_status":"closed","ping_status":"closed","template":"","meta":{"_acf_changed":false,"footnotes":""},"class_list":["post-994709","page","type-page","status-publish","has-post-thumbnail","hentry","page_category-discotecas"],"acf":[],"_links":{"self":[{"href":"https:\/\/ticketsibiza.com\/es\/wp-json\/wp\/v2\/pages\/994709","targetHints":{"allow":["GET"]}}],"collection":[{"href":"https:\/\/ticketsibiza.com\/es\/wp-json\/wp\/v2\/pages"}],"about":[{"href":"https:\/\/ticketsibiza.com\/es\/wp-json\/wp\/v2\/types\/page"}],"author":[{"embeddable":true,"href":"https:\/\/ticketsibiza.com\/es\/wp-json\/wp\/v2\/users\/1"}],"replies":[{"embeddable":true,"href":"https:\/\/ticketsibiza.com\/es\/wp-json\/wp\/v2\/comments?post=994709"}],"version-history":[{"count":13,"href":"https:\/\/ticketsibiza.com\/es\/wp-json\/wp\/v2\/pages\/994709\/revisions"}],"predecessor-version":[{"id":1003622,"href":"https:\/\/ticketsibiza.com\/es\/wp-json\/wp\/v2\/pages\/994709\/revisions\/1003622"}],"up":[{"embeddable":true,"href":"https:\/\/ticketsibiza.com\/es\/wp-json\/wp\/v2\/pages\/989689"}],"wp:featuredmedia":[{"embeddable":true,"href":"https:\/\/ticketsibiza.com\/es\/wp-json\/wp\/v2\/media\/994741"}],"wp:attachment":[{"href":"https:\/\/ticketsibiza.com\/es\/wp-json\/wp\/v2\/media?parent=994709"}],"curies":[{"name":"wp","href":"https:\/\/api.w.org\/{rel}","templated":true}]}}