{"id":994601,"date":"2024-03-11T20:50:51","date_gmt":"2024-03-11T20:50:51","guid":{"rendered":"https:\/\/ticketsibiza.com\/clubs\/cova-santa\/"},"modified":"2025-11-11T17:10:14","modified_gmt":"2025-11-11T17:10:14","slug":"cova-santa","status":"publish","type":"page","link":"https:\/\/ticketsibiza.com\/es\/clubs\/cova-santa\/","title":{"rendered":"Cova Santa Ibiza 2026: entradas, eventos y cartel"},"content":{"rendered":"<div class=\"wpb-content-wrapper\"><p>[vc_row row_height_percent=\u00bb0&#8243; override_padding=\u00bbyes\u00bb h_padding=\u00bb2&#8243; top_padding=\u00bb2&#8243; bottom_padding=\u00bb0&#8243; back_image=\u00bb127426&#8243; back_attachment=\u00bbscroll\u00bb parallax=\u00bbyes\u00bb overlay_alpha=\u00bb50&#8243; gutter_size=\u00bb3&#8243; column_width_percent=\u00bb100&#8243; shift_y=\u00bb0&#8243; z_index=\u00bb0&#8243; row_height_pixel=\u00bb50&#8243;][vc_column width=\u00bb1\/1&#8243;][vc_empty_space empty_h=\u00bb5&#8243;][vc_row_inner row_inner_height_percent=\u00bb0&#8243; force_width_grid=\u00bbyes\u00bb overlay_color=\u00bbcolor-149363&#8243; overlay_alpha=\u00bb70&#8243; gutter_size=\u00bb1&#8243; shift_y=\u00bb1&#8243; z_index=\u00bb3&#8243; css=\u00bb.vc_custom_1555872297672{margin-bottom: 0px !important;border-bottom-width: 0px !important;padding-top: 0px !important;padding-bottom: 0px !important;padding-left: 20px !important;}\u00bb][vc_column_inner column_width_percent=\u00bb100&#8243; gutter_size=\u00bb0&#8243; overlay_alpha=\u00bb50&#8243; shift_x=\u00bb0&#8243; shift_y=\u00bb0&#8243; shift_y_down=\u00bb0&#8243; z_index=\u00bb0&#8243; medium_width=\u00bb0&#8243; mobile_width=\u00bb0&#8243; width=\u00bb1\/1&#8243; css=\u00bb.vc_custom_1551002411961{padding-bottom: 0px !important;}\u00bb][vc_custom_heading text_color=\u00bbcolor-xsdn\u00bb heading_semantic=\u00bbh1&#8243; text_size=\u00bbh1&#8243; sub_reduced=\u00bbyes\u00bb]<\/p>\n<h1 style=\"text-align: left;\"><span style=\"color: #ffffff;\">Cova Santa<\/span><\/h1>\n<p>[\/vc_custom_heading][vc_column_text text_lead=\u00bbyes\u00bb uncode_shortcode_id=\u00bb197918&#8243;]<span style=\"font-weight: 400; color: #ffffff;\">Cenar y bailar en una joya escondida de Ibiza<\/span>[\/vc_column_text][\/vc_column_inner][\/vc_row_inner][\/vc_column][\/vc_row][vc_row row_height_percent=\u00bb0&#8243; overlay_alpha=\u00bb50&#8243; gutter_size=\u00bb3&#8243; column_width_percent=\u00bb100&#8243; shift_y=\u00bb0&#8243; z_index=\u00bb0&#8243; css=\u00bb.vc_custom_1551018712642{margin-top: 0px !important;margin-bottom: 0px !important;}\u00bb][vc_column column_width_percent=\u00bb100&#8243; gutter_size=\u00bb3&#8243; overlay_alpha=\u00bb50&#8243; shift_x=\u00bb0&#8243; shift_y=\u00bb0&#8243; shift_y_down=\u00bb0&#8243; z_index=\u00bb0&#8243; medium_width=\u00bb0&#8243; mobile_width=\u00bb0&#8243; width=\u00bb3\/4&#8243;][vc_column_text uncode_shortcode_id=\u00bb175393&#8243;]<span style=\"font-weight: 400;\">Situado en el interior, hacia el sur de Ibiza, <strong>Cova Santa<\/strong> es un <strong>restaurante<\/strong>, <strong>bar<\/strong> y <strong>discoteca<\/strong>. Es un lugar precioso. Propiedad del grupo <strong>Amnesia<\/strong>, espera un <strong>lugar de clubbing \u00edntimo<\/strong>, con un ambiente relajado que a\u00fan atrae a grandes nombres durante toda la temporada.  <\/span><\/p>\n<p><span style=\"font-weight: 400;\">Si optas por cenar antes de bailar, tendr\u00e1s acceso al club incluido.<\/span><\/p>\n<p><span style=\"font-weight: 400;\">En los \u00faltimos a\u00f1os, las fiestas en la discoteca Cova Santa han aumentado en n\u00famero. Antiguamente sede de alguna que otra after party de gente como <strong>Marco Carola<\/strong>, ahora puedes ver a habituales de Ibiza como <strong>woomoon<\/strong> y <strong>PIV<\/strong> frecuentar el local durante todo el verano. <\/span><\/p>\n<p><span style=\"font-weight: 400;\">En las temporadas \u00abnormales\u00bb, \u00a1algunas de las fiestas son incluso gratis! El \u00fanico inconveniente es que definitivamente tendr\u00e1s que coger un taxi para ir al local. En cualquier caso, Cova Santa est\u00e1 creciendo en popularidad y ofrece una experiencia diferente a la t\u00edpica noche de discoteca en Ibiza.  <\/span>[\/vc_column_text][vc_tabs][vc_tab title=\u00bbQu\u00e9 esperar\u00bb tab_id=\u00bb1560767237-1-91fffd-f682b1c6-9995&#8243;][vc_column_text]<\/p>\n<blockquote>\n<h3><span style=\"font-weight: 400;\">\u00ab<\/span><span style=\"font-weight: 400;\">Un ambiente refrescante y relajado, los mejores DJs y un escenario de jard\u00edn \u00fanico<\/span><span style=\"font-weight: 400;\">\u00ab<\/span><\/h3>\n<\/blockquote>\n<p>[\/vc_column_text][\/vc_tab][vc_tab title=\u00bbNuestros consejos\u00bb tab_id=\u00bb1560767237-2-0fffd-f682b1c6-9995&#8243;][vc_column_text]<\/p>\n<ul>\n<li style=\"font-weight: 400;\"><span style=\"font-weight: 400;\">Es posible que puedas aprovechar la entrada gratuita a Cova Santa si llegas temprano al local&#8230; As\u00ed que mantente atento a los anuncios directamente del local. <\/span><\/li>\n<\/ul>\n<p>[\/vc_column_text][\/vc_tab][\/vc_tabs][vc_accordion title=\u00bbPreguntas frecuentes\u00bb][vc_accordion_tab title=\u00bb\u00bfC\u00f3mo llego a Cova Santa?\u00bb tab_id=\u00bb1560767237-1-24fffd-f682b1c6-9995&#8243;][vc_column_text]<span style=\"font-weight: 400;\">Cova Santa est\u00e1 situado hacia el sur de la isla, a pocos kil\u00f3metros de San Josep. Est\u00e1 a 15 minutos en taxi desde Ibiza ciudad y a 20 minutos desde San Antonio. Un taxi desde Ibiza ciudad te costar\u00e1 unos 20 \u20ac, o 30 \u20ac desde San Antonio.  <\/span>[\/vc_column_text][\/vc_accordion_tab][vc_accordion_tab title=\u00bb\u00bfCu\u00e1l es el horario de apertura de Cova Santa?\u00bb tab_id=\u00bb1560767237-2-71fffd-f682b1c6-9995&#8243;][vc_column_text uncode_shortcode_id=\u00bb370956&#8243;]<span style=\"font-weight: 400;\">El restaurante de Cova Santa abre a las 20:30. El club abre a las 17:00 la mayor\u00eda de las noches y suele cerrar a las 6:00. <\/span>[\/vc_column_text][\/vc_accordion_tab][vc_accordion_tab title=\u00bb\u00bfCu\u00e1nto cuesta entrar en Cova Santa?\u00bb tab_id=\u00bb1560768560770-2-3fffd-f682b1c6-9995&#8243;][vc_column_text]<span style=\"font-weight: 400;\">Las entradas para Cova Santa oscilan entre 25 y 35 \u20ac, dependiendo del promotor de la noche. <\/span>[\/vc_column_text][\/vc_accordion_tab][vc_accordion_tab title=\u00bb\u00bfCu\u00e1les son los precios de las bebidas en Cova Santa?\u00bb tab_id=\u00bb1560768568468-3-4fffd-f682b1c6-9995&#8243;][vc_column_text uncode_shortcode_id=\u00bb257815&#8243;]<span style=\"font-weight: 400;\">En Cova Santa, una cerveza cuesta 12 \u20ac, el agua 10 \u20ac y un combinado 20 \u20ac.<\/span>[\/vc_column_text][\/vc_accordion_tab][vc_accordion_tab title=\u00bb\u00bfCu\u00e1l es el aforo de Cova Santa?\u00bb tab_id=\u00bb1560768585183-4-8fffd-f682b1c6-9995&#8243;][vc_column_text]<span style=\"font-weight: 400;\">Cova Santa tiene capacidad para 2.000 personas.<\/span>[\/vc_column_text][\/vc_accordion_tab][vc_accordion_tab title=\u00bb\u00bfCu\u00e1l es el c\u00f3digo de vestimenta en Cova Santa?\u00bb tab_id=\u00bb1560768597322-5-10fffd-f682b1c6-9995&#8243;][vc_column_text]<span style=\"font-weight: 400;\">Si bien es posible que quieras vestirte elegante para el restaurante, si solo vas a ir de discoteca no hay c\u00f3digo de vestimenta. \u00a1Ponte lo que te resulte c\u00f3modo para bailar! <\/span>[\/vc_column_text][\/vc_accordion_tab][vc_accordion_tab gutter_size=\u00bb2&#8243; column_padding=\u00bb2&#8243; title=\u00bb\u00bfCu\u00e1l es el cartel de Cova Santa Ibiza?\u00bb tab_id=\u00bb1560768604185-6-7fffd-f682b1c6-9995&#8243;][vc_column_text]<span style=\"font-weight: 400;\">Puedes ver el cartel completo de Cova Santa en el calendario de abajo.<\/span>[\/vc_column_text][\/vc_accordion_tab][\/vc_accordion][\/vc_column][vc_column column_width_percent=\u00bb100&#8243; align_horizontal=\u00bbalign_center\u00bb gutter_size=\u00bb2&#8243; overlay_alpha=\u00bb50&#8243; shift_x=\u00bb0&#8243; shift_y=\u00bb0&#8243; shift_y_down=\u00bb0&#8243; z_index=\u00bb0&#8243; medium_visibility=\u00bbyes\u00bb medium_width=\u00bb0&#8243; mobile_visibility=\u00bbyes\u00bb mobile_width=\u00bb0&#8243; sticky=\u00bbyes\u00bb width=\u00bb1\/4&#8243;][vc_button button_color=\u00bbcolor-jevc\u00bb size=\u00bbbtn-lg\u00bb border_animation=\u00bbbtn-ripple-out\u00bb wide=\u00bbyes\u00bb border_width=\u00bb0&#8243; link=\u00bburl:%23listings|\u00bb button_color_type=\u00bbuncode-palette\u00bb uncode_shortcode_id=\u00bb121652&#8243;]Comprar entradas[\/vc_button][vc_separator sep_color=\u00bbaccent\u00bb][vc_single_image media=\u00bb994620&#8243; media_width_percent=\u00bb75&#8243; alignment=\u00bbcenter\u00bb shape=\u00bbimg-circle\u00bb border=\u00bbyes\u00bb shadow=\u00bbyes\u00bb shadow_weight=\u00bbsm\u00bb shadow_darker=\u00bbyes\u00bb uncode_shortcode_id=\u00bb638164&#8243;][vc_separator sep_color=\u00bbaccent\u00bb][vc_gmaps latlon=\u00bb38.8943763,1.3314998&#8243; size=\u00bb280&#8243; map_color=\u00bbcolor-wvjs\u00bb ui_color=\u00bbaccent\u00bb zoom=\u00bb10&#8243; map_saturation=\u00bb-100&#8243; map_brightness=\u00bb5&#8243; address=\u00bbPM-803, km 7, 07817 Ibiza, Islas Baleares, Spain\u00bb][vc_separator sep_color=\u00bbaccent\u00bb][uncode_block id=\u00bb146863&#8243; inside_column=\u00bbyes\u00bb][\/vc_column][\/vc_row][vc_section back_color=\u00bbcolor-lxmt\u00bb overlay_alpha=\u00bb50&#8243;][vc_row][vc_column width=\u00bb3\/4&#8243;][vc_gallery el_id=\u00bbgallery-160005&#8243; type=\u00bbjustified\u00bb random=\u00bbyes\u00bb medias=\u00bb994613,994614,994615,994616,990524,994618&#8243; justify_row_height=\u00bb150&#8243; gutter_size=\u00bb0&#8243; single_overlay_opacity=\u00bb50&#8243; single_padding=\u00bb2&#8243; title=\u00bbGaler\u00eda de fotos\u00bb][\/vc_column][vc_column width=\u00bb1\/4&#8243;][vc_raw_html]PGlmcmFtZSBzdHlsZT0iYm9yZGVyLXJhZGl1czoxMnB4IiBzcmM9Imh0dHBzOi8vb3Blbi5zcG90aWZ5LmNvbS9lbWJlZC9wbGF5bGlzdC8wVUtraURlbTQyWmwwaTU2ZW1JV3JPP3V0bV9zb3VyY2U9Z2VuZXJhdG9yIiB3aWR0aD0iMTAwJSIgaGVpZ2h0PSIzNTIiIGZyYW1lYm9yZGVyPSIwIiBhbGxvd2Z1bGxzY3JlZW49IiIgYWxsb3c9ImF1dG9wbGF5OyBjbGlwYm9hcmQtd3JpdGU7IGVuY3J5cHRlZC1tZWRpYTsgZnVsbHNjcmVlbjsgcGljdHVyZS1pbi1waWN0dXJlIiBsb2FkaW5nPSJsYXp5Ij48L2lmcmFtZT4=[\/vc_raw_html][\/vc_column][\/vc_row][\/vc_section][vc_section back_color=\u00bbcolor-prif\u00bb overlay_alpha=\u00bb50&#8243;][vc_row row_height_percent=\u00bb0&#8243; overlay_alpha=\u00bb50&#8243; gutter_size=\u00bb3&#8243; column_width_percent=\u00bb100&#8243; shift_y=\u00bb0&#8243; z_index=\u00bb0&#8243; row_name=\u00bblistings\u00bb][vc_column column_width_percent=\u00bb100&#8243; position_vertical=\u00bbmiddle\u00bb align_horizontal=\u00bbalign_center\u00bb gutter_size=\u00bb2&#8243; overlay_alpha=\u00bb50&#8243; shift_x=\u00bb0&#8243; shift_y=\u00bb0&#8243; shift_y_down=\u00bb0&#8243; z_index=\u00bb0&#8243; medium_width=\u00bb0&#8243; mobile_width=\u00bb0&#8243; width=\u00bb1\/1&#8243;][vc_custom_heading text_color=\u00bbcolor-xsdn\u00bb sub_lead=\u00bbyes\u00bb uncode_shortcode_id=\u00bb735539&#8243; text_color_type=\u00bbuncode-palette\u00bb]<\/p>\n<h2 style=\"text-align: center;\"><span style=\"color: #ffffff;\">Lista de fiestas<\/span><\/h2>\n<p>[\/vc_custom_heading]\t\t<div class=\"wcs-timetable__wrapper\">\n\t\t\t<div class=\"wcs-vue\" id=\"wcs-app-94\"><\/div>\n\t\t<\/div>\n\t\t[\/vc_column][\/vc_row][\/vc_section]<\/p>\n<\/div>","protected":false},"excerpt":{"rendered":"<p>[vc_row row_height_percent=\u00bb0&#8243; override_padding=\u00bbyes\u00bb h_padding=\u00bb2&#8243; top_padding=\u00bb2&#8243; bottom_padding=\u00bb0&#8243; back_image=\u00bb127426&#8243; back_attachment=\u00bbscroll\u00bb parallax=\u00bbyes\u00bb overlay_alpha=\u00bb50&#8243; gutter_size=\u00bb3&#8243; column_width_percent=\u00bb100&#8243; shift_y=\u00bb0&#8243; z_index=\u00bb0&#8243; row_height_pixel=\u00bb50&#8243;][vc_column width=\u00bb1\/1&#8243;][vc_empty_space empty_h=\u00bb5&#8243;][vc_row_inner row_inner_height_percent=\u00bb0&#8243; force_width_grid=\u00bbyes\u00bb overlay_color=\u00bbcolor-149363&#8243; [&hellip;]<\/p>\n","protected":false},"author":1,"featured_media":994620,"parent":989689,"menu_order":0,"comment_status":"closed","ping_status":"closed","template":"","meta":{"_acf_changed":false,"footnotes":""},"class_list":["post-994601","page","type-page","status-publish","has-post-thumbnail","hentry","page_category-discotecas"],"acf":[],"_links":{"self":[{"href":"https:\/\/ticketsibiza.com\/es\/wp-json\/wp\/v2\/pages\/994601","targetHints":{"allow":["GET"]}}],"collection":[{"href":"https:\/\/ticketsibiza.com\/es\/wp-json\/wp\/v2\/pages"}],"about":[{"href":"https:\/\/ticketsibiza.com\/es\/wp-json\/wp\/v2\/types\/page"}],"author":[{"embeddable":true,"href":"https:\/\/ticketsibiza.com\/es\/wp-json\/wp\/v2\/users\/1"}],"replies":[{"embeddable":true,"href":"https:\/\/ticketsibiza.com\/es\/wp-json\/wp\/v2\/comments?post=994601"}],"version-history":[{"count":5,"href":"https:\/\/ticketsibiza.com\/es\/wp-json\/wp\/v2\/pages\/994601\/revisions"}],"predecessor-version":[{"id":1002427,"href":"https:\/\/ticketsibiza.com\/es\/wp-json\/wp\/v2\/pages\/994601\/revisions\/1002427"}],"up":[{"embeddable":true,"href":"https:\/\/ticketsibiza.com\/es\/wp-json\/wp\/v2\/pages\/989689"}],"wp:featuredmedia":[{"embeddable":true,"href":"https:\/\/ticketsibiza.com\/es\/wp-json\/wp\/v2\/media\/994620"}],"wp:attachment":[{"href":"https:\/\/ticketsibiza.com\/es\/wp-json\/wp\/v2\/media?parent=994601"}],"curies":[{"name":"wp","href":"https:\/\/api.w.org\/{rel}","templated":true}]}}