{"id":993853,"date":"2019-03-11T20:42:13","date_gmt":"2019-03-11T20:42:13","guid":{"rendered":"https:\/\/ticketsibiza.com\/parties\/abode\/"},"modified":"2025-10-13T13:16:19","modified_gmt":"2025-10-13T12:16:19","slug":"abode","status":"publish","type":"page","link":"https:\/\/ticketsibiza.com\/es\/fiestas\/abode\/","title":{"rendered":"ABODE Ibiza: entradas, eventos y cartel de 2024"},"content":{"rendered":"<div class=\"wpb-content-wrapper\"><p>[vc_row row_height_percent=\u00bb0&#8243; override_padding=\u00bbyes\u00bb h_padding=\u00bb2&#8243; top_padding=\u00bb2&#8243; bottom_padding=\u00bb0&#8243; back_image=\u00bb60622&#8243; overlay_alpha=\u00bb50&#8243; gutter_size=\u00bb3&#8243; column_width_percent=\u00bb100&#8243; shift_y=\u00bb0&#8243; z_index=\u00bb0&#8243; row_height_pixel=\u00bb50&#8243;][vc_column width=\u00bb1\/1&#8243;][vc_empty_space empty_h=\u00bb5&#8243;][vc_row_inner row_inner_height_percent=\u00bb0&#8243; force_width_grid=\u00bbyes\u00bb overlay_color=\u00bbcolor-149363&#8243; overlay_alpha=\u00bb70&#8243; gutter_size=\u00bb1&#8243; shift_y=\u00bb1&#8243; z_index=\u00bb3&#8243; css=\u00bb.vc_custom_1555709033995{margin-bottom: 0px !important;border-bottom-width: 0px !important;padding-top: 0px !important;padding-bottom: 0px !important;padding-left: 20px !important;}\u00bb][vc_column_inner column_width_percent=\u00bb100&#8243; gutter_size=\u00bb0&#8243; overlay_alpha=\u00bb50&#8243; shift_x=\u00bb0&#8243; shift_y=\u00bb0&#8243; shift_y_down=\u00bb0&#8243; z_index=\u00bb0&#8243; medium_width=\u00bb0&#8243; mobile_width=\u00bb0&#8243; width=\u00bb1\/1&#8243; css=\u00bb.vc_custom_1551002411961{padding-bottom: 0px !important;}\u00bb][vc_custom_heading text_color=\u00bbcolor-xsdn\u00bb heading_semantic=\u00bbh1&#8243; text_size=\u00bbh1&#8243; sub_reduced=\u00bbyes\u00bb]ABODE[\/vc_custom_heading][vc_column_text text_lead=\u00bbyes\u00bb]<strong><span style=\"color: white;\">Amnesia<\/span><\/strong>[\/vc_column_text][\/vc_column_inner][\/vc_row_inner][\/vc_column][\/vc_row][vc_row row_height_percent=\u00bb0&#8243; override_padding=\u00bbyes\u00bb h_padding=\u00bb2&#8243; top_padding=\u00bb2&#8243; bottom_padding=\u00bb0&#8243; overlay_alpha=\u00bb50&#8243; gutter_size=\u00bb3&#8243; column_width_percent=\u00bb100&#8243; shift_y=\u00bb0&#8243; z_index=\u00bb0&#8243; css=\u00bb.vc_custom_1551018966910{margin-bottom: 0px !important;padding-bottom: 0px !important;}\u00bb][vc_column column_width_percent=\u00bb100&#8243; gutter_size=\u00bb0&#8243; overlay_alpha=\u00bb50&#8243; shift_x=\u00bb0&#8243; shift_y=\u00bb0&#8243; shift_y_down=\u00bb0&#8243; z_index=\u00bb0&#8243; medium_width=\u00bb0&#8243; mobile_width=\u00bb0&#8243; width=\u00bb3\/4&#8243;][vc_column_text uncode_shortcode_id=\u00bb131508&#8243;]<\/p>\n<blockquote>\n<h3>La fiesta originaria de Londres sube de nivel en 2024<\/h3>\n<\/blockquote>\n<p>[\/vc_column_text][\/vc_column][vc_column column_width_percent=\u00bb100&#8243; align_horizontal=\u00bbalign_center\u00bb gutter_size=\u00bb0&#8243; overlay_alpha=\u00bb50&#8243; shift_x=\u00bb0&#8243; shift_y=\u00bb0&#8243; shift_y_down=\u00bb0&#8243; z_index=\u00bb0&#8243; medium_width=\u00bb0&#8243; mobile_width=\u00bb0&#8243; width=\u00bb1\/4&#8243;][vc_button button_color=\u00bbcolor-jevc\u00bb size=\u00bbbtn-xl\u00bb border_animation=\u00bbbtn-ripple-out\u00bb border_width=\u00bb0&#8243; link=\u00bburl:%23listings|\u00bb]Comprar entradas[\/vc_button][\/vc_column][\/vc_row][vc_row row_height_percent=\u00bb0&#8243; overlay_alpha=\u00bb50&#8243; gutter_size=\u00bb3&#8243; column_width_percent=\u00bb100&#8243; shift_y=\u00bb0&#8243; z_index=\u00bb0&#8243; css=\u00bb.vc_custom_1551018712642{margin-top: 0px !important;margin-bottom: 0px !important;}\u00bb][vc_column column_width_percent=\u00bb100&#8243; gutter_size=\u00bb2&#8243; overlay_alpha=\u00bb50&#8243; shift_x=\u00bb0&#8243; shift_y=\u00bb0&#8243; shift_y_down=\u00bb0&#8243; z_index=\u00bb0&#8243; medium_width=\u00bb0&#8243; mobile_width=\u00bb0&#8243; width=\u00bb3\/4&#8243;][vc_column_text uncode_shortcode_id=\u00bb231251&#8243;]<span style=\"font-weight: 400;\">ABODE vuelve a Ibiza en 2024 y sigue haci\u00e9ndose cada vez m\u00e1s fuerte. Desde sus inicios en Sankeys en 2024, el equipo de ABODE ahora celebra sus fiestas cada semana en Eden. Incluye todos los elementos incre\u00edbles que puedes esperar del famoso club: un espect\u00e1culo de luces alucinante y un sistema de sonido que te mantendr\u00e1 pegado a la pista de baile.  <\/span><\/p>\n<p><span style=\"font-weight: 400;\">ABODE se enorgullece de exhibir tanto talento emergente como consagrado, organizando fiestas que se centran en m\u00fasica house underground de calidad. Aunque anteriormente gestion\u00f3 la Terraza de Amnesia junto con Do Not Sleep en 2018, el \u00e9xito y el seguimiento de ABODE han dado como resultado su primera noche totalmente propia en la superdiscoteca, y estamos impacientes por ver lo que nos tienen preparado en 2024. <\/span>[\/vc_column_text][\/vc_column][vc_column column_width_percent=\u00bb100&#8243; gutter_size=\u00bb0&#8243; overlay_alpha=\u00bb50&#8243; shift_x=\u00bb0&#8243; shift_y=\u00bb0&#8243; shift_y_down=\u00bb0&#8243; z_index=\u00bb0&#8243; medium_width=\u00bb0&#8243; mobile_width=\u00bb0&#8243; sticky=\u00bbyes\u00bb width=\u00bb1\/4&#8243;][vc_separator sep_color=\u00bbcolor-149363&#8243;][uncode_list icon=\u00bbfa fa-location-outline\u00bb uncode_shortcode_id=\u00bb127744&#8243;]<\/p>\n<ul>\n<li>Eden<\/li>\n<\/ul>\n<p>[\/uncode_list][uncode_list icon=\u00bbfa fa-calendar\u00bb]<\/p>\n<ul>\n<li>Jueves<\/li>\n<\/ul>\n<p>[\/uncode_list][uncode_list icon=\u00bbfa fa-cab\u00bb]<\/p>\n<ul>\n<li>Ctra. de Ibiza a San Antonio, 07816 <\/li>\n<\/ul>\n<p>[\/uncode_list][uncode_list icon=\u00bbfa fa-ticket\u00bb]<\/p>\n<ul>\n<li>Ibiza spotlight<\/li>\n<\/ul>\n<p>[\/uncode_list][vc_separator sep_color=\u00bbcolor-149363&#8243;][\/vc_column][\/vc_row][vc_section back_color=\u00bbcolor-lxmt\u00bb overlay_alpha=\u00bb50&#8243;][vc_row][vc_column width=\u00bb3\/4&#8243;][vc_gallery el_id=\u00bbgallery-160005&#8243; type=\u00bbjustified\u00bb random=\u00bbyes\u00bb medias=\u00bb993857,990523,993858,993859,993860,993861&#8243; justify_row_height=\u00bb150&#8243; gutter_size=\u00bb3&#8243; single_overlay_opacity=\u00bb50&#8243; single_padding=\u00bb2&#8243; title=\u00bbGaler\u00eda de ABODE\u00bb][\/vc_column][vc_column width=\u00bb1\/4&#8243;][uncode_share layout=\u00bbmultiple\u00bb separator=\u00bbyes\u00bb title=\u00bbCompartir esta fiesta\u00bb][\/vc_column][\/vc_row][\/vc_section][vc_section back_color=\u00bbcolor-prif\u00bb overlay_alpha=\u00bb50&#8243;][vc_row row_height_percent=\u00bb0&#8243; override_padding=\u00bbyes\u00bb h_padding=\u00bb2&#8243; top_padding=\u00bb2&#8243; bottom_padding=\u00bb0&#8243; overlay_alpha=\u00bb50&#8243; gutter_size=\u00bb3&#8243; column_width_percent=\u00bb100&#8243; shift_y=\u00bb0&#8243; z_index=\u00bb0&#8243; row_name=\u00bblistings\u00bb][vc_column column_width_percent=\u00bb100&#8243; position_vertical=\u00bbmiddle\u00bb align_horizontal=\u00bbalign_center\u00bb gutter_size=\u00bb0&#8243; override_padding=\u00bbyes\u00bb column_padding=\u00bb0&#8243; overlay_alpha=\u00bb50&#8243; shift_x=\u00bb0&#8243; shift_y=\u00bb0&#8243; shift_y_down=\u00bb0&#8243; z_index=\u00bb0&#8243; medium_width=\u00bb0&#8243; mobile_width=\u00bb0&#8243; width=\u00bb1\/1&#8243;][vc_custom_heading text_color=\u00bbcolor-xsdn\u00bb sub_lead=\u00bbyes\u00bb]<\/p>\n<h2 style=\"text-align: center;\"><span style=\"color: #ffffff;\">Listados de fiestas de 2019<\/span><\/h2>\n<p>[\/vc_custom_heading][\/vc_column][\/vc_row][vc_row row_height_percent=\u00bb0&#8243; overlay_alpha=\u00bb50&#8243; gutter_size=\u00bb2&#8243; column_width_percent=\u00bb100&#8243; shift_y=\u00bb0&#8243; z_index=\u00bb0&#8243;][vc_column column_width_percent=\u00bb100&#8243; gutter_size=\u00bb3&#8243; expand_height=\u00bbyes\u00bb overlay_alpha=\u00bb50&#8243; shift_x=\u00bb0&#8243; shift_y=\u00bb0&#8243; shift_y_down=\u00bb0&#8243; z_index=\u00bb0&#8243; medium_width=\u00bb0&#8243; mobile_width=\u00bb0&#8243; width=\u00bb1\/1&#8243; css=\u00bb.vc_custom_1561364742261{padding-top: 5px !important;}\u00bb]\t\t<div class=\"wcs-timetable__wrapper\">\n\t\t\t<div class=\"wcs-vue\" id=\"wcs-app-11\"><\/div>\n\t\t<\/div>\n\t\t[\/vc_column][\/vc_row][\/vc_section]<\/p>\n<\/div>","protected":false},"excerpt":{"rendered":"<p>[vc_row row_height_percent=\u00bb0&#8243; override_padding=\u00bbyes\u00bb h_padding=\u00bb2&#8243; top_padding=\u00bb2&#8243; bottom_padding=\u00bb0&#8243; back_image=\u00bb60622&#8243; overlay_alpha=\u00bb50&#8243; gutter_size=\u00bb3&#8243; column_width_percent=\u00bb100&#8243; shift_y=\u00bb0&#8243; z_index=\u00bb0&#8243; row_height_pixel=\u00bb50&#8243;][vc_column width=\u00bb1\/1&#8243;][vc_empty_space empty_h=\u00bb5&#8243;][vc_row_inner row_inner_height_percent=\u00bb0&#8243; force_width_grid=\u00bbyes\u00bb overlay_color=\u00bbcolor-149363&#8243; overlay_alpha=\u00bb70&#8243; gutter_size=\u00bb1&#8243; [&hellip;]<\/p>\n","protected":false},"author":2,"featured_media":58011,"parent":992877,"menu_order":0,"comment_status":"closed","ping_status":"closed","template":"","meta":{"_acf_changed":false,"footnotes":""},"class_list":["post-993853","page","type-page","status-publish","has-post-thumbnail","hentry","page_category-fiestas"],"acf":[],"_links":{"self":[{"href":"https:\/\/ticketsibiza.com\/es\/wp-json\/wp\/v2\/pages\/993853","targetHints":{"allow":["GET"]}}],"collection":[{"href":"https:\/\/ticketsibiza.com\/es\/wp-json\/wp\/v2\/pages"}],"about":[{"href":"https:\/\/ticketsibiza.com\/es\/wp-json\/wp\/v2\/types\/page"}],"author":[{"embeddable":true,"href":"https:\/\/ticketsibiza.com\/es\/wp-json\/wp\/v2\/users\/2"}],"replies":[{"embeddable":true,"href":"https:\/\/ticketsibiza.com\/es\/wp-json\/wp\/v2\/comments?post=993853"}],"version-history":[{"count":2,"href":"https:\/\/ticketsibiza.com\/es\/wp-json\/wp\/v2\/pages\/993853\/revisions"}],"predecessor-version":[{"id":993897,"href":"https:\/\/ticketsibiza.com\/es\/wp-json\/wp\/v2\/pages\/993853\/revisions\/993897"}],"up":[{"embeddable":true,"href":"https:\/\/ticketsibiza.com\/es\/wp-json\/wp\/v2\/pages\/992877"}],"wp:featuredmedia":[{"embeddable":true,"href":"https:\/\/ticketsibiza.com\/es\/wp-json\/wp\/v2\/media\/58011"}],"wp:attachment":[{"href":"https:\/\/ticketsibiza.com\/es\/wp-json\/wp\/v2\/media?parent=993853"}],"curies":[{"name":"wp","href":"https:\/\/api.w.org\/{rel}","templated":true}]}}