{"id":993058,"date":"2019-09-11T21:35:21","date_gmt":"2019-09-11T20:35:21","guid":{"rendered":"https:\/\/ticketsibiza.com\/clubs\/pikes\/"},"modified":"2025-11-11T17:13:36","modified_gmt":"2025-11-11T17:13:36","slug":"pikes","status":"publish","type":"page","link":"https:\/\/ticketsibiza.com\/es\/clubs\/pikes\/","title":{"rendered":"Pikes Ibiza 2026: entradas, eventos y cartel"},"content":{"rendered":"<div class=\"wpb-content-wrapper\"><p>[vc_row row_height_percent=\u00bb0&#8243; override_padding=\u00bbyes\u00bb h_padding=\u00bb2&#8243; top_padding=\u00bb2&#8243; bottom_padding=\u00bb0&#8243; back_image=\u00bb127456&#8243; back_attachment=\u00bbscroll\u00bb parallax=\u00bbyes\u00bb overlay_alpha=\u00bb50&#8243; gutter_size=\u00bb3&#8243; column_width_percent=\u00bb100&#8243; shift_y=\u00bb0&#8243; z_index=\u00bb0&#8243; row_height_pixel=\u00bb50&#8243;][vc_column width=\u00bb1\/1&#8243;][vc_empty_space empty_h=\u00bb5&#8243;][vc_row_inner row_inner_height_percent=\u00bb0&#8243; force_width_grid=\u00bbyes\u00bb overlay_color=\u00bbcolor-149363&#8243; overlay_alpha=\u00bb70&#8243; gutter_size=\u00bb1&#8243; shift_y=\u00bb1&#8243; z_index=\u00bb3&#8243; css=\u00bb.vc_custom_1555872297672{margin-bottom: 0px !important;border-bottom-width: 0px !important;padding-top: 0px !important;padding-bottom: 0px !important;padding-left: 20px !important;}\u00bb][vc_column_inner column_width_percent=\u00bb100&#8243; gutter_size=\u00bb0&#8243; overlay_alpha=\u00bb50&#8243; shift_x=\u00bb0&#8243; shift_y=\u00bb0&#8243; shift_y_down=\u00bb0&#8243; z_index=\u00bb0&#8243; medium_width=\u00bb0&#8243; mobile_width=\u00bb0&#8243; width=\u00bb1\/1&#8243; css=\u00bb.vc_custom_1551002411961{padding-bottom: 0px !important;}\u00bb][vc_custom_heading text_color=\u00bbcolor-xsdn\u00bb heading_semantic=\u00bbh1&#8243; text_size=\u00bbh1&#8243; sub_reduced=\u00bbyes\u00bb]<\/p>\n<h1 style=\"text-align: left;\"><span style=\"color: #ffffff;\">Pikes Ibiza<\/span><\/h1>\n<p>[\/vc_custom_heading][vc_column_text text_lead=\u00bbyes\u00bb]<\/p>\n<h4><span style=\"font-weight: 400; color: #ffffff;\">Hotel. Club. Instituci\u00f3n ibicenca.  <\/span><\/h4>\n<p>[\/vc_column_text][\/vc_column_inner][\/vc_row_inner][\/vc_column][\/vc_row][vc_row row_height_percent=\u00bb0&#8243; overlay_alpha=\u00bb50&#8243; gutter_size=\u00bb3&#8243; column_width_percent=\u00bb100&#8243; shift_y=\u00bb0&#8243; z_index=\u00bb0&#8243; css=\u00bb.vc_custom_1551018712642{margin-top: 0px !important;margin-bottom: 0px !important;}\u00bb][vc_column column_width_percent=\u00bb100&#8243; gutter_size=\u00bb3&#8243; overlay_alpha=\u00bb50&#8243; shift_x=\u00bb0&#8243; shift_y=\u00bb0&#8243; shift_y_down=\u00bb0&#8243; z_index=\u00bb0&#8243; medium_width=\u00bb0&#8243; mobile_width=\u00bb0&#8243; width=\u00bb3\/4&#8243;][vc_column_text]<span style=\"font-weight: 400;\">La historia de Pikes se remonta a mucho tiempo atr\u00e1s. Fundado por <strong>Tony Pike<\/strong> en la d\u00e9cada de 1970, algunos de los nombres m\u00e1s famosos del mundo fueron hu\u00e9spedes frecuentes del hotel, situado a poca distancia en coche de <strong>San Antonio<\/strong>, al oeste de Ibiza. <\/span><\/p>\n<p><span style=\"font-weight: 400;\">Quiz\u00e1s lo m\u00e1s famoso es que <strong>Freddie Mercury<\/strong> era un hu\u00e9sped recurrente, que incluso ahora tiene <strong>su propia habitaci\u00f3n<\/strong> con su nombre. Decir que has bailado en la antigua habitaci\u00f3n de hotel de Freddy Mercury es una de esas cosas que solo podr\u00edas decir en Ibiza. <\/span><\/p>\n<p><span style=\"font-weight: 400;\">Luego, por supuesto, est\u00e1 la piscina, que se hizo famosa por el video musical <strong>Club Tropicana<\/strong> de Wham, que se film\u00f3 en el hotel.&nbsp;<\/span><\/p>\n<p><span style=\"font-weight: 400;\">Todo es parte de un lugar que da la sensaci\u00f3n de haberlo visto todo a lo largo de los a\u00f1os. En 2011, <strong>Ibiza Rocks<\/strong> se hizo con la propiedad del local y lo moderniz\u00f3 hasta convertirlo en el hotel que es hoy en d\u00eda. <\/span><\/p>\n<p><span style=\"font-weight: 400;\">Desde la perspectiva de un club, no esperes una enorme pista de baile como si estuvieras en un superclub. No, para lo que debes prepararte es m\u00e1s para la sensaci\u00f3n de estar en una <strong>fiesta en casa<\/strong> en medio del campo ibicenco. Para ser honesto, eso es m\u00e1s o menos lo que es. No se parece a ning\u00fan otro lugar, y es fant\u00e1stico.   <\/span><\/p>\n<p><span style=\"font-weight: 400;\">El club no est\u00e1 abierto todas las noches, y la pol\u00edtica musical var\u00eda considerablemente a lo largo de la semana, as\u00ed que planifica tu viaje con cuidado. Dicho esto, Pikes no es el tipo de lugar en el que simplemente te tropiezas, as\u00ed que si vas all\u00ed de fiesta, puedes estar seguro de que estar\u00e1s all\u00ed con otros amigos con ideas afines. <\/span><\/p>\n<p><span style=\"font-weight: 400;\">Las fiestas en Pikes suelen tener entrada gratuita, sin embargo, tendr\u00e1s que solicitar la lista de invitados directamente a trav\u00e9s de su p\u00e1gina web.<\/span>[\/vc_column_text][vc_tabs][vc_tab title=\u00bbQu\u00e9 esperar\u00bb tab_id=\u00bb1560767237-1-91fffd-f68253a7-0b86&#8243;][vc_column_text]<\/p>\n<blockquote>\n<h3><span style=\"font-weight: 400;\">\u00abUn lugar lleno de historia y un ambiente de fiesta en casa\u00bb<\/span><\/h3>\n<\/blockquote>\n<p>[\/vc_column_text][\/vc_tab][vc_tab title=\u00bbNuestros consejos\u00bb tab_id=\u00bb1560767237-2-0fffd-f68253a7-0b86&#8243;][vc_column_text]<\/p>\n<ul>\n<li style=\"font-weight: 400;\"><span style=\"font-weight: 400;\">Aseg\u00farate de consultar los horarios de los DJ en el club. Las fiestas cambian de una noche a otra y no cierra tan tarde como otros clubes de Ibiza <\/span><\/li>\n<li style=\"font-weight: 400;\"><span style=\"font-weight: 400;\">Si te entra el gusanillo, pilla algo de comida en el excelente restaurante para que puedas cenar y relajarte antes de bailar<\/span><\/li>\n<\/ul>\n<p>[\/vc_column_text][\/vc_tab][\/vc_tabs][vc_accordion title=\u00bbPreguntas frecuentes\u00bb][vc_accordion_tab title=\u00bb\u00bfC\u00f3mo llego a Pikes?\u00bb tab_id=\u00bb1560767237-1-24fffd-f68253a7-0b86&#8243;][vc_column_text]<span style=\"font-weight: 400;\">Pikes est\u00e1 situado a pocos kil\u00f3metros de San Antonio, en el oeste de Ibiza. Est\u00e1 bastante escondido, as\u00ed que te recomendamos que cojas un taxi hasta all\u00ed. Te costar\u00e1 menos de 10 \u20ac desde San Antonio, y unos 35 \u20ac desde Ibiza ciudad para llegar hasta all\u00ed.  <\/span>[\/vc_column_text][\/vc_accordion_tab][vc_accordion_tab title=\u00bb\u00bfCu\u00e1l es el horario de apertura de Pikes?\u00bb tab_id=\u00bb1560767237-2-71fffd-f68253a7-0b86&#8243;][vc_column_text]<span style=\"font-weight: 400;\">No hay horarios formales de apertura\/cierre, ya que Pikes es un hotel. Dicho esto, la mayor\u00eda de las noches de club comienzan a las 20:00 y contin\u00faan hasta las 4:00. <\/span>[\/vc_column_text][\/vc_accordion_tab][vc_accordion_tab title=\u00bb\u00bfCu\u00e1nto cuesta entrar en Pikes?\u00bb tab_id=\u00bb1560768560770-2-3fffd-f68253a7-0b86&#8243;][vc_column_text]<span style=\"font-weight: 400;\">Las entradas para Pikes suelen ser gratuitas, con lista de invitados anticipada.<\/span>[\/vc_column_text][\/vc_accordion_tab][vc_accordion_tab title=\u00bb\u00bfCu\u00e1les son los precios de las bebidas en Pikes?\u00bb tab_id=\u00bb1560768568468-3-4fffd-f68253a7-0b86&#8243;][vc_column_text uncode_shortcode_id=\u00bb167847&#8243;]<span style=\"font-weight: 400;\">Una cerveza cuesta 15 \u20ac, el agua 9 \u20ac y un combinado 19 \u20ac.<\/span>[\/vc_column_text][\/vc_accordion_tab][vc_accordion_tab title=\u00bb\u00bfCu\u00e1l es el aforo de Pikes?\u00bb tab_id=\u00bb1560768585183-4-8fffd-f68253a7-0b86&#8243;][vc_column_text]<span style=\"font-weight: 400;\">Pikes tiene capacidad para 800 personas.<\/span>[\/vc_column_text][\/vc_accordion_tab][vc_accordion_tab title=\u00bb\u00bfCu\u00e1l es el c\u00f3digo de vestimenta en Pikes?\u00bb tab_id=\u00bb1560768597322-5-10fffd-f68253a7-0b86&#8243;][vc_column_text]<span style=\"font-weight: 400;\">Si bien es posible que quieras vestirte m\u00e1s elegante para el restaurante, si solo vas a ir de discoteca no hay c\u00f3digo de vestimenta. \u00a1Ponte lo que te resulte m\u00e1s c\u00f3modo para bailar! <\/span>[\/vc_column_text][\/vc_accordion_tab][vc_accordion_tab gutter_size=\u00bb2&#8243; column_padding=\u00bb2&#8243; title=\u00bb\u00bfCu\u00e1l es el cartel de Pikes Ibiza?\u00bb tab_id=\u00bb1560768604185-6-7fffd-f68253a7-0b86&#8243;][vc_column_text uncode_shortcode_id=\u00bb147527&#8243;]<span style=\"font-weight: 400;\">Consulta el cartel completo de Pikes Ibiza <a href=\"https:\/\/pikesibiza.com\/events\/\" target=\"_blank\" rel=\"noopener\">aqu\u00ed<\/a>.<\/span>[\/vc_column_text][\/vc_accordion_tab][\/vc_accordion][\/vc_column][vc_column column_width_percent=\u00bb100&#8243; align_horizontal=\u00bbalign_center\u00bb gutter_size=\u00bb2&#8243; overlay_alpha=\u00bb50&#8243; shift_x=\u00bb0&#8243; shift_y=\u00bb0&#8243; shift_y_down=\u00bb0&#8243; z_index=\u00bb0&#8243; medium_visibility=\u00bbyes\u00bb medium_width=\u00bb0&#8243; mobile_visibility=\u00bbyes\u00bb mobile_width=\u00bb0&#8243; sticky=\u00bbyes\u00bb width=\u00bb1\/4&#8243;][vc_button button_color=\u00bbcolor-jevc\u00bb size=\u00bbbtn-xl\u00bb border_animation=\u00bbbtn-ripple-out\u00bb wide=\u00bbyes\u00bb border_width=\u00bb0&#8243; link=\u00bburl:https%3A%2F%2Fpikesibiza.com%2Fevents%2F|target:%20_blank|\u00bb]Comprar entradas[\/vc_button][vc_separator sep_color=\u00bbaccent\u00bb][vc_single_image media=\u00bb993096&#8243; media_width_percent=\u00bb75&#8243; alignment=\u00bbcenter\u00bb shape=\u00bbimg-circle\u00bb border=\u00bbyes\u00bb shadow=\u00bbyes\u00bb shadow_weight=\u00bbsm\u00bb shadow_darker=\u00bbyes\u00bb][vc_separator sep_color=\u00bbaccent\u00bb][vc_gmaps latlon=\u00bb38.9910216,1.3200945&#8243; size=\u00bb280&#8243; map_color=\u00bbcolor-wvjs\u00bb ui_color=\u00bbaccent\u00bb zoom=\u00bb10&#8243; map_saturation=\u00bb-100&#8243; map_brightness=\u00bb5&#8243; address=\u00bbCam\u00ed de Sa Vorera, S\/N, 07820 Sant Antoni de Portmany, Illes Balears, Spain\u00bb][vc_separator sep_color=\u00bbaccent\u00bb][uncode_block id=\u00bb146863&#8243; inside_column=\u00bbyes\u00bb][\/vc_column][\/vc_row][vc_section back_color=\u00bbcolor-lxmt\u00bb overlay_alpha=\u00bb50&#8243;][vc_row][vc_column width=\u00bb3\/4&#8243;][vc_gallery el_id=\u00bbgallery-160005&#8243; type=\u00bbjustified\u00bb random=\u00bbyes\u00bb medias=\u00bb993098,993102,990525,993106,993108,993110&#8243; justify_row_height=\u00bb150&#8243; gutter_size=\u00bb0&#8243; single_overlay_opacity=\u00bb50&#8243; single_padding=\u00bb2&#8243; title=\u00bbGaler\u00eda de fotos\u00bb][\/vc_column][vc_column width=\u00bb1\/4&#8243;][vc_raw_html]PGlmcmFtZSBzcmM9Imh0dHBzOi8vb3Blbi5zcG90aWZ5LmNvbS9lbWJlZC1wb2RjYXN0L3Nob3cvNUxGcmdGdzd4bmVvYzhVOHlGSTMxVSIgd2lkdGg9IjEwMCUiIGhlaWdodD0iMjMyIiBmcmFtZWJvcmRlcj0iMCIgYWxsb3d0cmFuc3BhcmVuY3k9InRydWUiIGFsbG93PSJlbmNyeXB0ZWQtbWVkaWEiPjwvaWZyYW1lPg==[\/vc_raw_html][\/vc_column][\/vc_row][\/vc_section][vc_section back_color=\u00bbcolor-prif\u00bb overlay_alpha=\u00bb50&#8243;][vc_row row_height_percent=\u00bb0&#8243; overlay_alpha=\u00bb50&#8243; gutter_size=\u00bb3&#8243; column_width_percent=\u00bb100&#8243; shift_y=\u00bb0&#8243; z_index=\u00bb0&#8243; row_name=\u00bblistings\u00bb][vc_column column_width_percent=\u00bb100&#8243; position_vertical=\u00bbmiddle\u00bb align_horizontal=\u00bbalign_center\u00bb gutter_size=\u00bb2&#8243; overlay_alpha=\u00bb50&#8243; shift_x=\u00bb0&#8243; shift_y=\u00bb0&#8243; shift_y_down=\u00bb0&#8243; z_index=\u00bb0&#8243; medium_width=\u00bb0&#8243; mobile_width=\u00bb0&#8243; width=\u00bb1\/1&#8243;][vc_button button_color=\u00bbcolor-vyce\u00bb size=\u00bbbtn-lg\u00bb border_width=\u00bb0&#8243; link=\u00bburl:https%3A%2F%2Fpikesibiza.com%2Fevents%2F|target:%20_blank|\u00bb]COMPRAR ENTRADAS[\/vc_button][\/vc_column][\/vc_row][\/vc_section]<\/p>\n<\/div>","protected":false},"excerpt":{"rendered":"<p>[vc_row row_height_percent=\u00bb0&#8243; override_padding=\u00bbyes\u00bb h_padding=\u00bb2&#8243; top_padding=\u00bb2&#8243; bottom_padding=\u00bb0&#8243; back_image=\u00bb127456&#8243; back_attachment=\u00bbscroll\u00bb parallax=\u00bbyes\u00bb overlay_alpha=\u00bb50&#8243; gutter_size=\u00bb3&#8243; column_width_percent=\u00bb100&#8243; shift_y=\u00bb0&#8243; z_index=\u00bb0&#8243; row_height_pixel=\u00bb50&#8243;][vc_column width=\u00bb1\/1&#8243;][vc_empty_space empty_h=\u00bb5&#8243;][vc_row_inner row_inner_height_percent=\u00bb0&#8243; force_width_grid=\u00bbyes\u00bb overlay_color=\u00bbcolor-149363&#8243; [&hellip;]<\/p>\n","protected":false},"author":1,"featured_media":127457,"parent":989689,"menu_order":0,"comment_status":"closed","ping_status":"closed","template":"","meta":{"_acf_changed":false,"footnotes":""},"class_list":["post-993058","page","type-page","status-publish","has-post-thumbnail","hentry","page_category-discotecas"],"acf":[],"_links":{"self":[{"href":"https:\/\/ticketsibiza.com\/es\/wp-json\/wp\/v2\/pages\/993058","targetHints":{"allow":["GET"]}}],"collection":[{"href":"https:\/\/ticketsibiza.com\/es\/wp-json\/wp\/v2\/pages"}],"about":[{"href":"https:\/\/ticketsibiza.com\/es\/wp-json\/wp\/v2\/types\/page"}],"author":[{"embeddable":true,"href":"https:\/\/ticketsibiza.com\/es\/wp-json\/wp\/v2\/users\/1"}],"replies":[{"embeddable":true,"href":"https:\/\/ticketsibiza.com\/es\/wp-json\/wp\/v2\/comments?post=993058"}],"version-history":[{"count":13,"href":"https:\/\/ticketsibiza.com\/es\/wp-json\/wp\/v2\/pages\/993058\/revisions"}],"predecessor-version":[{"id":1002878,"href":"https:\/\/ticketsibiza.com\/es\/wp-json\/wp\/v2\/pages\/993058\/revisions\/1002878"}],"up":[{"embeddable":true,"href":"https:\/\/ticketsibiza.com\/es\/wp-json\/wp\/v2\/pages\/989689"}],"wp:featuredmedia":[{"embeddable":true,"href":"https:\/\/ticketsibiza.com\/es\/wp-json\/wp\/v2\/media\/127457"}],"wp:attachment":[{"href":"https:\/\/ticketsibiza.com\/es\/wp-json\/wp\/v2\/media?parent=993058"}],"curies":[{"name":"wp","href":"https:\/\/api.w.org\/{rel}","templated":true}]}}