{"id":992356,"date":"2019-03-11T20:18:54","date_gmt":"2019-03-11T20:18:54","guid":{"rendered":"https:\/\/ticketsibiza.com\/fuck-me-im-famous\/"},"modified":"2026-02-09T16:39:01","modified_gmt":"2026-02-09T16:39:01","slug":"fuck-me-im-famous","status":"publish","type":"page","link":"https:\/\/ticketsibiza.com\/es\/fiestas\/fuck-me-im-famous\/","title":{"rendered":"FUCK ME i\u2019m FAMOUS Ibiza 2026 &#8211; entradas, eventos y cartel"},"content":{"rendered":"<div class=\"wpb-content-wrapper\"><p>[vc_row row_height_percent=\u00bb0&#8243; override_padding=\u00bbyes\u00bb h_padding=\u00bb2&#8243; top_padding=\u00bb2&#8243; bottom_padding=\u00bb0&#8243; back_image=\u00bb524497&#8243; overlay_alpha=\u00bb50&#8243; gutter_size=\u00bb3&#8243; column_width_percent=\u00bb100&#8243; shift_y=\u00bb0&#8243; z_index=\u00bb0&#8243; row_height_pixel=\u00bb50&#8243; uncode_shortcode_id=\u00bb183308&#8243;][vc_column width=\u00bb1\/1&#8243;][vc_empty_space empty_h=\u00bb5&#8243;][vc_row_inner row_inner_height_percent=\u00bb0&#8243; force_width_grid=\u00bbyes\u00bb overlay_color=\u00bbcolor-149363&#8243; overlay_alpha=\u00bb70&#8243; gutter_size=\u00bb1&#8243; shift_y=\u00bb1&#8243; z_index=\u00bb3&#8243; css=\u00bb.vc_custom_1555709400356{margin-bottom: 0px !important;border-bottom-width: 0px !important;padding-top: 0px !important;padding-bottom: 0px !important;padding-left: 20px !important;}\u00bb][vc_column_inner column_width_percent=\u00bb100&#8243; gutter_size=\u00bb0&#8243; overlay_alpha=\u00bb50&#8243; shift_x=\u00bb0&#8243; shift_y=\u00bb0&#8243; shift_y_down=\u00bb0&#8243; z_index=\u00bb0&#8243; medium_width=\u00bb0&#8243; mobile_width=\u00bb0&#8243; width=\u00bb1\/1&#8243; css=\u00bb.vc_custom_1551002411961{padding-bottom: 0px !important;}\u00bb][vc_custom_heading text_color=\u00bbcolor-xsdn\u00bb heading_semantic=\u00bbh1&#8243; text_size=\u00bbh1&#8243; sub_reduced=\u00bbyes\u00bb]F*** ME I\u2019M FAMOUS[\/vc_custom_heading][vc_column_text text_lead=\u00bbyes\u00bb uncode_shortcode_id=\u00bb397102&#8243;]<strong><span style=\"color: white;\">Ushua\u00efa<\/span><\/strong>[\/vc_column_text][\/vc_column_inner][\/vc_row_inner][\/vc_column][\/vc_row][vc_row row_height_percent=\u00bb0&#8243; overlay_alpha=\u00bb50&#8243; gutter_size=\u00bb3&#8243; column_width_percent=\u00bb100&#8243; shift_y=\u00bb0&#8243; z_index=\u00bb0&#8243; css=\u00bb.vc_custom_1551018712642{margin-top: 0px !important;margin-bottom: 0px !important;}\u00bb][vc_column column_width_percent=\u00bb100&#8243; gutter_size=\u00bb2&#8243; overlay_alpha=\u00bb50&#8243; shift_x=\u00bb0&#8243; shift_y=\u00bb0&#8243; shift_y_down=\u00bb0&#8243; z_index=\u00bb0&#8243; medium_width=\u00bb0&#8243; mobile_width=\u00bb0&#8243; width=\u00bb3\/4&#8243;][vc_column_text]<\/p>\n<blockquote>\n<h3>La fiesta de David Guetta, incre\u00edblemente exitosa, no muestra signos de desaceleraci\u00f3n<\/h3>\n<\/blockquote>\n<p>[\/vc_column_text][vc_column_text uncode_shortcode_id=\u00bb131126&#8243;]<span style=\"font-weight: 400;\"><strong>F*** ME I\u2019M FAMOUS!<\/strong> es una instituci\u00f3n en Ibiza. Con m\u00e1s de 20 temporadas en activo,   <\/span> \u00a1FMIF volver\u00e1 para el horario diurno de los lunes en Ushua\u00efa!<\/p>\n<p><span style=\"font-weight: 400;\">El evento encaja a la perfecci\u00f3n con un DJ superestrella cuyas fiestas suelen ser las primeras en <strong>agotarse<\/strong> en la isla cada a\u00f1o. Sus numerosos seguidores pueden esperar grandes carteles, producciones masivas y diversi\u00f3n con las manos en el aire durante toda la noche. <\/span><\/p>\n<p><span style=\"font-weight: 400;\">Realmente hay que reconocerle el m\u00e9rito a <strong>David Guetta<\/strong>. Si bien su carrera como productor musical <a href=\"https:\/\/en.wikipedia.org\/wiki\/David_Guetta\" target=\"_blank\" rel=\"noopener\">habla por s\u00ed sola<\/a>, ser\u00eda f\u00e1cil pensar que podr\u00eda reducir su presencia en Ibiza mientras sigue actuando en locales de todo el mundo durante todo el a\u00f1o. En cambio, Guetta ha seguido mejorando su juego en Ibiza, agotando constantemente las entradas para dos fiestas diferentes. Mientras que <strong>BIG en Ushuaia<\/strong> ha sido un \u00e9xito destacado en los \u00faltimos a\u00f1os, son sus fiestas <strong>F*** ME I\u2019M FAMOUS<\/strong>, que comenzaron all\u00e1 por <strong>2003<\/strong>, las que han sido el pilar fundamental a lo largo de su carrera.   <\/span><\/p>\n<p><span style=\"font-weight: 400;\">La temporada pasada, los carteles fueron m\u00e1s grandes que nunca. A Guetta se le unir\u00e1n <strong>Afrojack, Don Diablo, Glowinthedark, Jonas Blue, Robin Schultz,<\/strong> &nbsp;<strong>Oliver Heldens<\/strong> y muchos m\u00e1s.<\/span><\/p>\n<p>En la temporada 2026, podr\u00e1s ver a Guetta y sus amigos todos los lunes a partir del 1 de junio.<\/p>\n<p>La Closing Party \/ Fiesta de Cierre de F*** ME I\u2019M FAMOUS tendr\u00e1 lugar el 5 de octubre de 2026.<\/p>\n<p>\u00a1Consigue tus entradas para ver a Guetta en Ushua\u00efa mientras puedas![\/vc_column_text][\/vc_column][vc_column column_width_percent=\u00bb100&#8243; gutter_size=\u00bb0&#8243; overlay_alpha=\u00bb50&#8243; shift_x=\u00bb0&#8243; shift_y=\u00bb0&#8243; shift_y_down=\u00bb0&#8243; z_index=\u00bb0&#8243; medium_width=\u00bb0&#8243; mobile_visibility=\u00bbyes\u00bb mobile_width=\u00bb0&#8243; sticky=\u00bbyes\u00bb width=\u00bb1\/4&#8243;][vc_row_inner][vc_column_inner column_width_percent=\u00bb100&#8243; align_horizontal=\u00bbalign_center\u00bb gutter_size=\u00bb3&#8243; overlay_alpha=\u00bb50&#8243; shift_x=\u00bb0&#8243; shift_y=\u00bb0&#8243; shift_y_down=\u00bb0&#8243; z_index=\u00bb0&#8243; desktop_visibility=\u00bbyes\u00bb medium_visibility=\u00bbyes\u00bb medium_width=\u00bb0&#8243; mobile_visibility=\u00bbyes\u00bb mobile_width=\u00bb0&#8243; width=\u00bb1\/1&#8243;][vc_button button_color=\u00bbcolor-jevc\u00bb size=\u00bbbtn-xl\u00bb border_animation=\u00bbbtn-ripple-out\u00bb wide=\u00bbyes\u00bb border_width=\u00bb0&#8243; link=\u00bburl:%23listings|\u00bb]Comprar entradas[\/vc_button][vc_empty_space empty_h=\u00bb2&#8243;][\/vc_column_inner][\/vc_row_inner][vc_separator sep_color=\u00bbcolor-149363&#8243;][uncode_list icon=\u00bbfa fa-location-outline\u00bb uncode_shortcode_id=\u00bb705182&#8243;]<\/p>\n<ul>\n<li><a href=\"https:\/\/ticketsibiza.com\/es\/clubs\/ushuaia\/\">Ushua\u00efa<\/a><\/li>\n<\/ul>\n<p>[\/uncode_list][uncode_list icon=\u00bbfa fa-calendar\u00bb uncode_shortcode_id=\u00bb829709&#8243;]<\/p>\n<ul>\n<li>Lunes<\/li>\n<\/ul>\n<p>[\/uncode_list][uncode_list icon=\u00bbfa fa-cab\u00bb]<\/p>\n<ul>\n<li>Platja d\u2019en Bossa, 07817<\/li>\n<\/ul>\n<p>[\/uncode_list][vc_separator sep_color=\u00bbcolor-149363&#8243;][vc_empty_space empty_h=\u00bb2&#8243;][uncode_block id=\u00bb146863&#8243; inside_column=\u00bbyes\u00bb][vc_separator sep_color=\u00bbcolor-149363&#8243;][vc_empty_space empty_h=\u00bb2&#8243;][\/vc_column][\/vc_row][vc_section back_color=\u00bbcolor-lxmt\u00bb overlay_alpha=\u00bb50&#8243;][vc_row][vc_column width=\u00bb3\/4&#8243;][vc_gallery el_id=\u00bbgallery-160005&#8243; type=\u00bbjustified\u00bb random=\u00bbyes\u00bb medias=\u00bb992377,992372,992373,992374,992371,992375&#8243; justify_row_height=\u00bb150&#8243; gutter_size=\u00bb3&#8243; single_overlay_opacity=\u00bb50&#8243; single_padding=\u00bb2&#8243; title=\u00bbGaler\u00eda FMIF\u00bb][\/vc_column][vc_column width=\u00bb1\/4&#8243;][uncode_share layout=\u00bbmultiple\u00bb separator=\u00bbyes\u00bb title=\u00bbCompartir esta fiesta\u00bb][\/vc_column][\/vc_row][\/vc_section][vc_section back_color=\u00bbcolor-prif\u00bb overlay_alpha=\u00bb50&#8243;][vc_row row_height_percent=\u00bb0&#8243; overlay_alpha=\u00bb50&#8243; gutter_size=\u00bb3&#8243; column_width_percent=\u00bb100&#8243; shift_y=\u00bb0&#8243; z_index=\u00bb0&#8243; row_name=\u00bblistings\u00bb][vc_column column_width_percent=\u00bb100&#8243; position_vertical=\u00bbmiddle\u00bb align_horizontal=\u00bbalign_center\u00bb gutter_size=\u00bb2&#8243; overlay_alpha=\u00bb50&#8243; shift_x=\u00bb0&#8243; shift_y=\u00bb0&#8243; shift_y_down=\u00bb0&#8243; z_index=\u00bb0&#8243; medium_width=\u00bb0&#8243; mobile_width=\u00bb0&#8243; width=\u00bb1\/1&#8243;][vc_custom_heading text_color=\u00bbcolor-xsdn\u00bb sub_lead=\u00bbyes\u00bb uncode_shortcode_id=\u00bb184207&#8243; text_color_type=\u00bbuncode-palette\u00bb]<\/p>\n<h2 style=\"text-align: center;\"><span style=\"color: #ffffff;\">Lista de fiestas<\/span><\/h2>\n<p>[\/vc_custom_heading]\t\t<div class=\"wcs-timetable__wrapper\">\n\t\t\t<div class=\"wcs-vue\" id=\"wcs-app-107\"><\/div>\n\t\t<\/div>\n\t\t[\/vc_column][\/vc_row][vc_row unlock_row_content=\u00bbyes\u00bb row_height_percent=\u00bb0&#8243; override_padding=\u00bbyes\u00bb h_padding=\u00bb0&#8243; top_padding=\u00bb0&#8243; bottom_padding=\u00bb0&#8243; overlay_alpha=\u00bb50&#8243; gutter_size=\u00bb3&#8243; column_width_percent=\u00bb100&#8243; shift_y=\u00bb0&#8243; z_index=\u00bb0&#8243; row_name=\u00bbaccommodation\u00bb][vc_column column_width_percent=\u00bb100&#8243; gutter_size=\u00bb3&#8243; override_padding=\u00bbyes\u00bb column_padding=\u00bb0&#8243; overlay_alpha=\u00bb50&#8243; shift_x=\u00bb0&#8243; shift_y=\u00bb0&#8243; shift_y_down=\u00bb0&#8243; z_index=\u00bb0&#8243; medium_width=\u00bb0&#8243; mobile_width=\u00bb0&#8243; width=\u00bb1\/1&#8243;][vc_raw_html]PGlmcmFtZSB3aWR0aD0iMTAwJSIgaGVpZ2h0PSI0MjgiIHN0eWxlPSJib3JkZXItd2lkdGg6IDBweCIgc3JjPSJodHRwczovL3d3dy5zdGF5MjIuY29tL2VtYmVkL2dtP21haW5jb2xvcj1lZDI4OTMmYW1wO21hcmtlcmltYWdlPWh0dHBzOi8vdGlja2V0c2liaXphLmNvLnVrL3dwLWNvbnRlbnQvdXBsb2Fkcy8yMDE5LzA5L3RpLWxvZ28tZXZlbnQucG5nJmFtcDtuYXZpbWFnZT1odHRwczovL3RpY2tldHNpYml6YS5jby51ay93cC1jb250ZW50L3VwbG9hZHMvMjAxOS8wOS90aS1sb2dvLWV2ZW50LnBuZyZhbXA7YWR1bHRzPTImYW1wO2hpZGVsb2NhbHNjb3Jlcz10cnVlJmFtcDtzaG93Z21hcHNpY29uPXRydWUmYW1wO3Jvb21zPTEwJmFtcDthaWQ9dGlja2V0c2liaXphJmFtcDtsYXQ9MzguODg2MDQ4MyZhbXA7bG5nPTEuNDAxNTY0NyZhbXA7dmVudWU9SCVDMyVBRiUyMEliaXphIj4KPC9pZnJhbWU+[\/vc_raw_html][\/vc_column][\/vc_row][\/vc_section]<\/p>\n<\/div>","protected":false},"excerpt":{"rendered":"<p>Viernes<\/p>\n","protected":false},"author":1,"featured_media":992376,"parent":992877,"menu_order":0,"comment_status":"closed","ping_status":"closed","template":"","meta":{"_acf_changed":false,"footnotes":""},"class_list":["post-992356","page","type-page","status-publish","has-post-thumbnail","hentry","page_category-fiestas","page_category-ushuaia"],"acf":[],"_links":{"self":[{"href":"https:\/\/ticketsibiza.com\/es\/wp-json\/wp\/v2\/pages\/992356","targetHints":{"allow":["GET"]}}],"collection":[{"href":"https:\/\/ticketsibiza.com\/es\/wp-json\/wp\/v2\/pages"}],"about":[{"href":"https:\/\/ticketsibiza.com\/es\/wp-json\/wp\/v2\/types\/page"}],"author":[{"embeddable":true,"href":"https:\/\/ticketsibiza.com\/es\/wp-json\/wp\/v2\/users\/1"}],"replies":[{"embeddable":true,"href":"https:\/\/ticketsibiza.com\/es\/wp-json\/wp\/v2\/comments?post=992356"}],"version-history":[{"count":22,"href":"https:\/\/ticketsibiza.com\/es\/wp-json\/wp\/v2\/pages\/992356\/revisions"}],"predecessor-version":[{"id":1113133,"href":"https:\/\/ticketsibiza.com\/es\/wp-json\/wp\/v2\/pages\/992356\/revisions\/1113133"}],"up":[{"embeddable":true,"href":"https:\/\/ticketsibiza.com\/es\/wp-json\/wp\/v2\/pages\/992877"}],"wp:featuredmedia":[{"embeddable":true,"href":"https:\/\/ticketsibiza.com\/es\/wp-json\/wp\/v2\/media\/992376"}],"wp:attachment":[{"href":"https:\/\/ticketsibiza.com\/es\/wp-json\/wp\/v2\/media?parent=992356"}],"curies":[{"name":"wp","href":"https:\/\/api.w.org\/{rel}","templated":true}]}}