{"id":992272,"date":"2019-02-27T07:59:28","date_gmt":"2019-02-27T07:59:28","guid":{"rendered":"https:\/\/ticketsibiza.com\/craig-davids-ts5-pool-party-ibiza\/"},"modified":"2025-11-17T15:50:49","modified_gmt":"2025-11-17T15:50:49","slug":"craig-davids-ts5-pool-party-ibiza","status":"publish","type":"page","link":"https:\/\/ticketsibiza.com\/es\/fiestas\/craig-davids-ts5-pool-party-ibiza\/","title":{"rendered":"Craig David\u2019s TS5 Pool Party Ibiza [currentseason] &#8211; entradas, eventos y cartel"},"content":{"rendered":"<div class=\"wpb-content-wrapper\"><p>[vc_row row_height_percent=\u00bb0&#8243; override_padding=\u00bbyes\u00bb h_padding=\u00bb2&#8243; top_padding=\u00bb2&#8243; bottom_padding=\u00bb0&#8243; back_image=\u00bb57718&#8243; overlay_alpha=\u00bb50&#8243; gutter_size=\u00bb3&#8243; column_width_percent=\u00bb100&#8243; shift_y=\u00bb0&#8243; z_index=\u00bb0&#8243; row_height_pixel=\u00bb50&#8243;][vc_column width=\u00bb1\/1&#8243;][vc_empty_space empty_h=\u00bb5&#8243;][vc_row_inner row_inner_height_percent=\u00bb0&#8243; force_width_grid=\u00bbyes\u00bb overlay_color=\u00bbcolor-149363&#8243; overlay_alpha=\u00bb70&#8243; gutter_size=\u00bb1&#8243; shift_y=\u00bb1&#8243; z_index=\u00bb3&#8243; css=\u00bb.vc_custom_1555709264721{margin-bottom: 0px !important;border-bottom-width: 0px !important;padding-top: 0px !important;padding-bottom: 0px !important;padding-left: 20px !important;}\u00bb][vc_column_inner column_width_percent=\u00bb100&#8243; gutter_size=\u00bb0&#8243; overlay_alpha=\u00bb50&#8243; shift_x=\u00bb0&#8243; shift_y=\u00bb0&#8243; shift_y_down=\u00bb0&#8243; z_index=\u00bb0&#8243; medium_width=\u00bb0&#8243; mobile_width=\u00bb0&#8243; width=\u00bb1\/1&#8243; css=\u00bb.vc_custom_1551002411961{padding-bottom: 0px !important;}\u00bb][vc_custom_heading text_color=\u00bbcolor-xsdn\u00bb heading_semantic=\u00bbh1&#8243; text_size=\u00bbh1&#8243; sub_reduced=\u00bbyes\u00bb]Craig David\u2019s TS5 Pool Party[\/vc_custom_heading][vc_column_text text_lead=\u00bbyes\u00bb]<strong><span style=\"color: white;\">Ibiza Rocks<\/span><\/strong>[\/vc_column_text][\/vc_column_inner][\/vc_row_inner][\/vc_column][\/vc_row][vc_row row_height_percent=\u00bb0&#8243; override_padding=\u00bbyes\u00bb h_padding=\u00bb2&#8243; top_padding=\u00bb2&#8243; bottom_padding=\u00bb0&#8243; overlay_alpha=\u00bb50&#8243; gutter_size=\u00bb3&#8243; column_width_percent=\u00bb100&#8243; shift_y=\u00bb0&#8243; z_index=\u00bb0&#8243; css=\u00bb.vc_custom_1551018966910{margin-bottom: 0px !important;padding-bottom: 0px !important;}\u00bb][vc_column column_width_percent=\u00bb100&#8243; gutter_size=\u00bb0&#8243; overlay_alpha=\u00bb50&#8243; shift_x=\u00bb0&#8243; shift_y=\u00bb0&#8243; shift_y_down=\u00bb0&#8243; z_index=\u00bb0&#8243; medium_width=\u00bb0&#8243; mobile_width=\u00bb0&#8243; width=\u00bb3\/4&#8243;][vc_column_text]<\/p>\n<blockquote>\n<h3>La leyenda del UKG se ha convertido en uno de los favoritos de Ibiza<\/h3>\n<\/blockquote>\n<p>[\/vc_column_text][\/vc_column][vc_column column_width_percent=\u00bb100&#8243; align_horizontal=\u00bbalign_center\u00bb gutter_size=\u00bb0&#8243; overlay_alpha=\u00bb50&#8243; shift_x=\u00bb0&#8243; shift_y=\u00bb0&#8243; shift_y_down=\u00bb0&#8243; z_index=\u00bb0&#8243; medium_width=\u00bb0&#8243; mobile_width=\u00bb0&#8243; width=\u00bb1\/4&#8243;][vc_button button_color=\u00bbcolor-jevc\u00bb size=\u00bbbtn-xl\u00bb border_animation=\u00bbbtn-ripple-out\u00bb border_width=\u00bb0&#8243; link=\u00bburl:%23listings|\u00bb]Comprar entradas[\/vc_button][\/vc_column][\/vc_row][vc_row row_height_percent=\u00bb0&#8243; overlay_alpha=\u00bb50&#8243; gutter_size=\u00bb3&#8243; column_width_percent=\u00bb100&#8243; shift_y=\u00bb0&#8243; z_index=\u00bb0&#8243; css=\u00bb.vc_custom_1551018712642{margin-top: 0px !important;margin-bottom: 0px !important;}\u00bb][vc_column column_width_percent=\u00bb100&#8243; gutter_size=\u00bb2&#8243; overlay_alpha=\u00bb50&#8243; shift_x=\u00bb0&#8243; shift_y=\u00bb0&#8243; shift_y_down=\u00bb0&#8243; z_index=\u00bb0&#8243; medium_width=\u00bb0&#8243; mobile_width=\u00bb0&#8243; width=\u00bb3\/4&#8243;][vc_column_text uncode_shortcode_id=\u00bb194288&#8243;]<strong>Craig David<\/strong> vuelve a Ibiza en 2025, y est\u00e1 listo para otra gran temporada en <strong>Ibiza Rocks<\/strong> en San Antonio. La leyenda del UK Garage sin duda iluminar\u00e1 los martes como lo ha hecho durante las \u00faltimas dos temporadas. Prep\u00e1rate para cantar, bailar y levantar las manos al aire en una de las <strong>pool parties m\u00e1s comentadas<\/strong> de la isla.  <\/p>\n<p>En 2025, espera que al propio artista se unan nombres como <strong>DJ Luck &amp; MC Neat, Shy FX, Big Narstie, Yungen<\/strong> y muchos m\u00e1s. Craig David\u2019s TS5 tendr\u00e1 lugar los martes seleccionados en Ibiza Rocks, y la fiesta de clausura ser\u00e1 el 24 de septiembre. <\/p>\n<p>Consulta la <strong>lista, los carteles y la informaci\u00f3n de las entradas<\/strong> a continuaci\u00f3n.<\/p>\n<p>Compra ya tus entradas de discoteca para Craig David\u2019s TS5 y <strong>ahorra dinero<\/strong> antes de ir a Ibiza. \u00a1Nos vemos en la pista de baile![\/vc_column_text][\/vc_column][vc_column column_width_percent=\u00bb100&#8243; gutter_size=\u00bb0&#8243; overlay_alpha=\u00bb50&#8243; shift_x=\u00bb0&#8243; shift_y=\u00bb0&#8243; shift_y_down=\u00bb0&#8243; z_index=\u00bb0&#8243; medium_width=\u00bb0&#8243; mobile_width=\u00bb0&#8243; sticky=\u00bbyes\u00bb width=\u00bb1\/4&#8243;][vc_separator sep_color=\u00bbcolor-149363&#8243;][uncode_list icon=\u00bbfa fa-location-outline\u00bb]<\/p>\n<ul>\n<li><a href=\"https:\/\/ticketsibiza.com\/es\/clubs\/ibiza-rocks\/\">Ibiza rocks hotel<\/a><\/li>\n<\/ul>\n<p>[\/uncode_list][uncode_list icon=\u00bbfa fa-calendar\u00bb]<\/p>\n<ul>\n<li>Martes<\/li>\n<\/ul>\n<p>[\/uncode_list][uncode_list icon=\u00bbfa fa-cab\u00bb]<\/p>\n<ul>\n<li>Carrer de Cervantes 27, St Antoni<\/li>\n<\/ul>\n<p>[\/uncode_list][vc_separator sep_color=\u00bbcolor-149363&#8243;][\/vc_column][\/vc_row][vc_section back_color=\u00bbcolor-lxmt\u00bb overlay_alpha=\u00bb50&#8243;][vc_row][vc_column width=\u00bb3\/4&#8243;][vc_gallery el_id=\u00bbgallery-160005&#8243; type=\u00bbjustified\u00bb random=\u00bbyes\u00bb medias=\u00bb992276,992278,992279&#8243; justify_row_height=\u00bb150&#8243; gutter_size=\u00bb3&#8243; single_overlay_opacity=\u00bb50&#8243; single_padding=\u00bb2&#8243; title=\u00bbGaler\u00eda CircoLoco\u00bb][\/vc_column][vc_column width=\u00bb1\/4&#8243;][uncode_share layout=\u00bbmultiple\u00bb separator=\u00bbyes\u00bb title=\u00bbCompartir esta fiesta\u00bb][\/vc_column][\/vc_row][\/vc_section][vc_section back_color=\u00bbcolor-prif\u00bb overlay_alpha=\u00bb50&#8243;][vc_row row_height_percent=\u00bb0&#8243; overlay_alpha=\u00bb50&#8243; gutter_size=\u00bb3&#8243; column_width_percent=\u00bb100&#8243; shift_y=\u00bb0&#8243; z_index=\u00bb0&#8243; row_name=\u00bblistings\u00bb][vc_column column_width_percent=\u00bb100&#8243; position_vertical=\u00bbmiddle\u00bb align_horizontal=\u00bbalign_center\u00bb gutter_size=\u00bb2&#8243; overlay_alpha=\u00bb50&#8243; shift_x=\u00bb0&#8243; shift_y=\u00bb0&#8243; shift_y_down=\u00bb0&#8243; z_index=\u00bb0&#8243; medium_width=\u00bb0&#8243; mobile_width=\u00bb0&#8243; width=\u00bb1\/1&#8243;][vc_custom_heading text_color=\u00bbcolor-xsdn\u00bb sub_lead=\u00bbyes\u00bb uncode_shortcode_id=\u00bb150666&#8243; text_color_type=\u00bbuncode-palette\u00bb]<\/p>\n<h2 style=\"text-align: center;\"><span style=\"color: #ffffff;\">Lista de fiestas<\/span><\/h2>\n<p>[\/vc_custom_heading]\t\t<div class=\"wcs-timetable__wrapper\">\n\t\t\t<div class=\"wcs-vue\" id=\"wcs-app-30\"><\/div>\n\t\t<\/div>\n\t\t[\/vc_column][\/vc_row][\/vc_section]<\/p>\n<\/div>","protected":false},"excerpt":{"rendered":"<p>Martes<\/p>\n","protected":false},"author":2,"featured_media":145057,"parent":992877,"menu_order":0,"comment_status":"closed","ping_status":"closed","template":"","meta":{"_acf_changed":false,"footnotes":""},"class_list":["post-992272","page","type-page","status-publish","has-post-thumbnail","hentry","page_category-fiestas","page_category-ibiza-rocks"],"acf":[],"_links":{"self":[{"href":"https:\/\/ticketsibiza.com\/es\/wp-json\/wp\/v2\/pages\/992272","targetHints":{"allow":["GET"]}}],"collection":[{"href":"https:\/\/ticketsibiza.com\/es\/wp-json\/wp\/v2\/pages"}],"about":[{"href":"https:\/\/ticketsibiza.com\/es\/wp-json\/wp\/v2\/types\/page"}],"author":[{"embeddable":true,"href":"https:\/\/ticketsibiza.com\/es\/wp-json\/wp\/v2\/users\/2"}],"replies":[{"embeddable":true,"href":"https:\/\/ticketsibiza.com\/es\/wp-json\/wp\/v2\/comments?post=992272"}],"version-history":[{"count":12,"href":"https:\/\/ticketsibiza.com\/es\/wp-json\/wp\/v2\/pages\/992272\/revisions"}],"predecessor-version":[{"id":1008413,"href":"https:\/\/ticketsibiza.com\/es\/wp-json\/wp\/v2\/pages\/992272\/revisions\/1008413"}],"up":[{"embeddable":true,"href":"https:\/\/ticketsibiza.com\/es\/wp-json\/wp\/v2\/pages\/992877"}],"wp:featuredmedia":[{"embeddable":true,"href":"https:\/\/ticketsibiza.com\/es\/wp-json\/wp\/v2\/media\/145057"}],"wp:attachment":[{"href":"https:\/\/ticketsibiza.com\/es\/wp-json\/wp\/v2\/media?parent=992272"}],"curies":[{"name":"wp","href":"https:\/\/api.w.org\/{rel}","templated":true}]}}