{"id":992108,"date":"2019-02-24T15:51:15","date_gmt":"2019-02-24T15:51:15","guid":{"rendered":"https:\/\/ticketsibiza.com\/glitterbox\/"},"modified":"2025-12-23T14:28:52","modified_gmt":"2025-12-23T14:28:52","slug":"glitterbox","status":"publish","type":"page","link":"https:\/\/ticketsibiza.com\/es\/fiestas\/glitterbox\/","title":{"rendered":"Glitterbox Ibiza 2026 &#8211; Entradas, eventos y cartel"},"content":{"rendered":"<div class=\"wpb-content-wrapper\"><p>[vc_row row_height_percent=\u00bb0&#8243; override_padding=\u00bbyes\u00bb h_padding=\u00bb2&#8243; top_padding=\u00bb2&#8243; bottom_padding=\u00bb0&#8243; back_image=\u00bb131838&#8243; back_position=\u00bbcenter center\u00bb overlay_alpha=\u00bb50&#8243; gutter_size=\u00bb3&#8243; column_width_percent=\u00bb100&#8243; shift_y=\u00bb0&#8243; z_index=\u00bb0&#8243; content_parallax=\u00bb0&#8243; row_height_pixel=\u00bb50&#8243; uncode_shortcode_id=\u00bb186842&#8243;][vc_column width=\u00bb1\/1&#8243;][vc_empty_space empty_h=\u00bb5&#8243;][vc_row_inner row_inner_height_percent=\u00bb0&#8243; force_width_grid=\u00bbyes\u00bb overlay_color=\u00bbcolor-149363&#8243; overlay_alpha=\u00bb70&#8243; gutter_size=\u00bb1&#8243; shift_y=\u00bb1&#8243; z_index=\u00bb3&#8243; css=\u00bb.vc_custom_1555709427658{margin-bottom: 0px !important;border-bottom-width: 0px !important;padding-top: 0px !important;padding-bottom: 0px !important;padding-left: 20px !important;}\u00bb][vc_column_inner column_width_percent=\u00bb100&#8243; gutter_size=\u00bb0&#8243; overlay_alpha=\u00bb50&#8243; shift_x=\u00bb0&#8243; shift_y=\u00bb0&#8243; shift_y_down=\u00bb0&#8243; z_index=\u00bb0&#8243; medium_width=\u00bb0&#8243; mobile_width=\u00bb0&#8243; width=\u00bb1\/1&#8243; css=\u00bb.vc_custom_1551002411961{padding-bottom: 0px !important;}\u00bb][vc_custom_heading text_color=\u00bbcolor-xsdn\u00bb heading_semantic=\u00bbh1&#8243; text_size=\u00bbh1&#8243; sub_reduced=\u00bbyes\u00bb]Glitterbox[\/vc_custom_heading][vc_column_text text_lead=\u00bbyes\u00bb uncode_shortcode_id=\u00bb182729&#8243;]<strong><span style=\"color: white;\">Amnesia<\/span><\/strong>[\/vc_column_text][\/vc_column_inner][\/vc_row_inner][\/vc_column][\/vc_row][vc_row row_height_percent=\u00bb0&#8243; overlay_alpha=\u00bb50&#8243; gutter_size=\u00bb3&#8243; column_width_percent=\u00bb100&#8243; shift_y=\u00bb0&#8243; z_index=\u00bb0&#8243; css=\u00bb.vc_custom_1551018712642{margin-top: 0px !important;margin-bottom: 0px !important;}\u00bb][vc_column column_width_percent=\u00bb100&#8243; gutter_size=\u00bb3&#8243; overlay_alpha=\u00bb50&#8243; shift_x=\u00bb0&#8243; shift_y=\u00bb0&#8243; shift_y_down=\u00bb0&#8243; z_index=\u00bb0&#8243; medium_width=\u00bb0&#8243; mobile_width=\u00bb0&#8243; width=\u00bb3\/4&#8243;][uncode_block id=\u00bb525847&#8243;][vc_column_text uncode_shortcode_id=\u00bb197528&#8243;]<\/p>\n<blockquote>\n<h3>Disco, house y mucho m\u00e1s en Amnesia Ibiza<\/h3>\n<\/blockquote>\n<p>[\/vc_column_text][vc_column_text uncode_shortcode_id=\u00bb164023&#8243;]Glitterbox, la fiesta hermosa, glamurosa, extravagante y de inspiraci\u00f3n disco, es un espect\u00e1culo de buenas vibraciones, nacido y criado en Ibiza. Originalmente creada por Simon Dunmore de Defected Records, la fiesta ha logrado conectar la m\u00fasica house contempor\u00e1nea y el disco, abarcando m\u00faltiples generaciones y estableciendo la clara demanda y el amor por un g\u00e9nero musical que se hab\u00eda perdido en Ibiza. <\/p>\n<p>Disfrutar\u00e1s de DJs nuevos y veteranos, actuaciones en directo y, por supuesto, mucho glitter, en una de nuestras fiestas favoritas de la isla.<\/p>\n<p>Despu\u00e9s de comenzar su andadura en Space en 2015 y florecer en H\u00ef Ibiza, Glitterbox entra en un nuevo y emocionante cap\u00edtulo en 2026 al trasladarse a la legendaria Amnesia. Conocida por su energ\u00eda el\u00e9ctrica e himnos atemporales, Glitterbox es glamurosa pero gloriosamente sin pretensiones. Es el ambiente inclusivo, expresivo y de cantar con todo el coraz\u00f3n lo que hace que los fans vuelvan a\u00f1o tras a\u00f1o.  <\/p>\n<p>En a\u00f1os anteriores, sus carteles de DJ han incluido a artistas de la talla de Armand Van Helden, Basement Jaxx, Derrick Carter, Dimitri From Paris, Horse Meat Disco, Masters At Work, Nightmares On Wax, Purple Disco Machine, Roger Sanchez, Honey Dijon, Fatboy Slim y muchos m\u00e1s.<\/p>\n<p>En 2026, Glitterbox arranca el viernes 15 de mayo, con 22 grandes fechas confirmadas para el verano. La temporada termina con su siempre incre\u00edble Closing Party \/ Fiesta de Cierre el 9 de octubre.[\/vc_column_text][\/vc_column][vc_column column_width_percent=\u00bb100&#8243; gutter_size=\u00bb2&#8243; overlay_alpha=\u00bb50&#8243; shift_x=\u00bb0&#8243; shift_y=\u00bb0&#8243; shift_y_down=\u00bb0&#8243; z_index=\u00bb0&#8243; medium_visibility=\u00bbyes\u00bb medium_width=\u00bb0&#8243; mobile_visibility=\u00bbyes\u00bb mobile_width=\u00bb0&#8243; width=\u00bb1\/4&#8243; uncode_shortcode_id=\u00bb531470&#8243; el_class=\u00bbmv-sidebar\u00bb][vc_button button_color=\u00bbcolor-jevc\u00bb size=\u00bbbtn-xl\u00bb border_animation=\u00bbbtn-ripple-out\u00bb wide=\u00bbyes\u00bb border_width=\u00bb0&#8243; link=\u00bburl:%23listings|\u00bb button_color_type=\u00bbuncode-palette\u00bb uncode_shortcode_id=\u00bb185921&#8243;]Comprar entradas[\/vc_button][uncode_list icon=\u00bbfa fa-location-outline\u00bb uncode_shortcode_id=\u00bb135419&#8243;]<\/p>\n<ul>\n<li><a href=\"https:\/\/ticketsibiza.com\/es\/clubs\/amnesia\/\">Amnesia Ibiza<\/a><\/li>\n<\/ul>\n<p>[\/uncode_list][uncode_list icon=\u00bbfa fa-calendar\u00bb uncode_shortcode_id=\u00bb960584&#8243;]<\/p>\n<ul>\n<li>Viernes<\/li>\n<\/ul>\n<p>[\/uncode_list][uncode_list icon=\u00bbfa fa-cab\u00bb uncode_shortcode_id=\u00bb173446&#8243;]<\/p>\n<ul>\n<li>San Rafael<\/li>\n<\/ul>\n<p>[\/uncode_list][vc_separator sep_color=\u00bbaccent\u00bb][uncode_block id=\u00bb146863&#8243; inside_column=\u00bbyes\u00bb][\/vc_column][\/vc_row][vc_section back_color=\u00bbcolor-lxmt\u00bb overlay_alpha=\u00bb50&#8243;][vc_row][vc_column width=\u00bb3\/4&#8243;][vc_gallery el_id=\u00bbgallery-160005&#8243; type=\u00bbjustified\u00bb random=\u00bbyes\u00bb medias=\u00bb992126,992125,992123,992119,992129,992130&#8243; justify_row_height=\u00bb150&#8243; gutter_size=\u00bb3&#8243; single_overlay_opacity=\u00bb50&#8243; single_padding=\u00bb2&#8243; title=\u00bbGaler\u00eda de Glitterbox\u00bb][\/vc_column][vc_column width=\u00bb1\/4&#8243;][uncode_share layout=\u00bbmultiple\u00bb separator=\u00bbyes\u00bb title=\u00bbCompartir esta fiesta\u00bb][\/vc_column][\/vc_row][\/vc_section][vc_section back_color=\u00bbcolor-prif\u00bb overlay_alpha=\u00bb50&#8243;][vc_row row_height_percent=\u00bb0&#8243; overlay_alpha=\u00bb50&#8243; gutter_size=\u00bb3&#8243; column_width_percent=\u00bb100&#8243; shift_y=\u00bb0&#8243; z_index=\u00bb0&#8243; row_name=\u00bblistings\u00bb][vc_column column_width_percent=\u00bb100&#8243; position_vertical=\u00bbmiddle\u00bb align_horizontal=\u00bbalign_center\u00bb gutter_size=\u00bb2&#8243; overlay_alpha=\u00bb50&#8243; shift_x=\u00bb0&#8243; shift_y=\u00bb0&#8243; shift_y_down=\u00bb0&#8243; z_index=\u00bb0&#8243; medium_width=\u00bb0&#8243; mobile_width=\u00bb0&#8243; width=\u00bb1\/1&#8243;][vc_custom_heading text_color=\u00bbcolor-xsdn\u00bb sub_lead=\u00bbyes\u00bb]<\/p>\n<h2 style=\"text-align: center;\"><span style=\"color: #ffffff;\">Lista de fiestas<\/span><\/h2>\n<p>[\/vc_custom_heading]\t\t<div class=\"wcs-timetable__wrapper\">\n\t\t\t<div class=\"wcs-vue\" id=\"wcs-app-36\"><\/div>\n\t\t<\/div>\n\t\t[\/vc_column][\/vc_row][\/vc_section]<\/p>\n<\/div>","protected":false},"excerpt":{"rendered":"<p>Domingo<\/p>\n","protected":false},"author":2,"featured_media":992132,"parent":992877,"menu_order":0,"comment_status":"closed","ping_status":"closed","template":"","meta":{"_acf_changed":false,"footnotes":""},"class_list":["post-992108","page","type-page","status-publish","has-post-thumbnail","hentry","page_category-amnesia","page_category-fiestas"],"acf":[],"_links":{"self":[{"href":"https:\/\/ticketsibiza.com\/es\/wp-json\/wp\/v2\/pages\/992108","targetHints":{"allow":["GET"]}}],"collection":[{"href":"https:\/\/ticketsibiza.com\/es\/wp-json\/wp\/v2\/pages"}],"about":[{"href":"https:\/\/ticketsibiza.com\/es\/wp-json\/wp\/v2\/types\/page"}],"author":[{"embeddable":true,"href":"https:\/\/ticketsibiza.com\/es\/wp-json\/wp\/v2\/users\/2"}],"replies":[{"embeddable":true,"href":"https:\/\/ticketsibiza.com\/es\/wp-json\/wp\/v2\/comments?post=992108"}],"version-history":[{"count":50,"href":"https:\/\/ticketsibiza.com\/es\/wp-json\/wp\/v2\/pages\/992108\/revisions"}],"predecessor-version":[{"id":1047934,"href":"https:\/\/ticketsibiza.com\/es\/wp-json\/wp\/v2\/pages\/992108\/revisions\/1047934"}],"up":[{"embeddable":true,"href":"https:\/\/ticketsibiza.com\/es\/wp-json\/wp\/v2\/pages\/992877"}],"wp:featuredmedia":[{"embeddable":true,"href":"https:\/\/ticketsibiza.com\/es\/wp-json\/wp\/v2\/media\/992132"}],"wp:attachment":[{"href":"https:\/\/ticketsibiza.com\/es\/wp-json\/wp\/v2\/media?parent=992108"}],"curies":[{"name":"wp","href":"https:\/\/api.w.org\/{rel}","templated":true}]}}