{"id":991622,"date":"2019-06-17T16:07:57","date_gmt":"2019-06-17T15:07:57","guid":{"rendered":"https:\/\/ticketsibiza.com\/clubs\/dc10\/"},"modified":"2026-03-18T11:14:30","modified_gmt":"2026-03-18T11:14:30","slug":"dc10","status":"publish","type":"page","link":"https:\/\/ticketsibiza.com\/es\/clubs\/dc10\/","title":{"rendered":"DC10 Ibiza 2026 &#8211; Entradas, eventos y cartel"},"content":{"rendered":"<div class=\"wpb-content-wrapper\"><p>[vc_row row_height_percent=\u00bb0&#8243; override_padding=\u00bbyes\u00bb h_padding=\u00bb2&#8243; top_padding=\u00bb2&#8243; bottom_padding=\u00bb0&#8243; back_image=\u00bb577766&#8243; overlay_alpha=\u00bb50&#8243; gutter_size=\u00bb3&#8243; column_width_percent=\u00bb100&#8243; shift_y=\u00bb0&#8243; z_index=\u00bb0&#8243; uncode_shortcode_id=\u00bb178573&#8243;][vc_column width=\u00bb1\/1&#8243;][vc_empty_space empty_h=\u00bb3&#8243;][vc_row_inner row_inner_height_percent=\u00bb0&#8243; force_width_grid=\u00bbyes\u00bb overlay_color=\u00bbcolor-149363&#8243; overlay_alpha=\u00bb70&#8243; gutter_size=\u00bb1&#8243; shift_y=\u00bb1&#8243; z_index=\u00bb3&#8243; css=\u00bb.vc_custom_1555872297672{margin-bottom: 0px !important;border-bottom-width: 0px !important;padding-top: 0px !important;padding-bottom: 0px !important;padding-left: 20px !important;}\u00bb][vc_column_inner column_width_percent=\u00bb100&#8243; gutter_size=\u00bb0&#8243; overlay_alpha=\u00bb50&#8243; shift_x=\u00bb0&#8243; shift_y=\u00bb0&#8243; shift_y_down=\u00bb0&#8243; z_index=\u00bb0&#8243; medium_width=\u00bb0&#8243; mobile_width=\u00bb0&#8243; width=\u00bb1\/1&#8243; css=\u00bb.vc_custom_1551002411961{padding-bottom: 0px !important;}\u00bb][vc_custom_heading text_color=\u00bbcolor-xsdn\u00bb heading_semantic=\u00bbh1&#8243; text_size=\u00bbh1&#8243; sub_reduced=\u00bbyes\u00bb]<\/p>\n<h1 style=\"text-align: left;\"><span style=\"color: #ffffff;\">DC10<\/span><\/h1>\n<p>[\/vc_custom_heading][vc_column_text text_lead=\u00bbyes\u00bb]<\/p>\n<h4><span style=\"font-weight: 400; color: #ffffff;\">El club underground original de Ibiza<\/span><\/h4>\n<p>[\/vc_column_text][\/vc_column_inner][\/vc_row_inner][\/vc_column][\/vc_row][vc_row row_height_percent=\u00bb0&#8243; overlay_alpha=\u00bb50&#8243; gutter_size=\u00bb3&#8243; column_width_percent=\u00bb100&#8243; shift_y=\u00bb0&#8243; z_index=\u00bb0&#8243; css=\u00bb.vc_custom_1551018712642{margin-top: 0px !important;margin-bottom: 0px !important;}\u00bb][vc_column column_width_percent=\u00bb100&#8243; gutter_size=\u00bb3&#8243; overlay_alpha=\u00bb50&#8243; shift_x=\u00bb0&#8243; shift_y=\u00bb0&#8243; shift_y_down=\u00bb0&#8243; z_index=\u00bb0&#8243; medium_width=\u00bb0&#8243; mobile_width=\u00bb0&#8243; width=\u00bb3\/4&#8243;][uncode_block id=\u00bb525847&#8243;][vc_column_text uncode_shortcode_id=\u00bb163484&#8243;]<span style=\"font-weight: 400;\"><span class=\"dropped\">E<\/span>l famoso DC10 cumpli\u00f3 20 a\u00f1os la temporada pasada. Aunque el club ha ganado popularidad durante ese tiempo, sigue siendo el rey indiscutible de la escena underground en Ibiza. <\/span>[\/vc_column_text][vc_row_inner row_inner_height_percent=\u00bb1&#8243; back_color=\u00bbaccent\u00bb overlay_alpha=\u00bb50&#8243; gutter_size=\u00bb3&#8243; shift_y=\u00bb0&#8243; z_index=\u00bb0&#8243;][vc_column_inner column_width_percent=\u00bb100&#8243; gutter_size=\u00bb3&#8243; override_padding=\u00bbyes\u00bb column_padding=\u00bb2&#8243; overlay_alpha=\u00bb50&#8243; shift_x=\u00bb0&#8243; shift_y=\u00bb0&#8243; shift_y_down=\u00bb0&#8243; z_index=\u00bb0&#8243; medium_width=\u00bb0&#8243; mobile_width=\u00bb0&#8243; width=\u00bb1\/1&#8243; css=\u00bb.vc_custom_1579627192674{padding-top: 8px !important;padding-right: 14px !important;padding-bottom: 8px !important;padding-left: 14px !important;}\u00bb][vc_column_text uncode_shortcode_id=\u00bb949856&#8243;]<span style=\"color: #ffffff;\">En esta p\u00e1gina:  <span style=\"color: #ffffff;\"><a style=\"color: #ffffff; text-decoration: underline;\" href=\"#history\">Historia<\/a><\/span>   |&nbsp; &nbsp;<span style=\"color: #ffffff;\"><a style=\"color: #ffffff; text-decoration: underline;\" href=\"#info\">Informaci\u00f3n del club<\/a><\/span>   |&nbsp; &nbsp;<span style=\"color: #ffffff;\"><a style=\"color: #ffffff; text-decoration: underline;\" href=\"#2026\">DC10 Ibiza 2026<\/a><\/span>   |&nbsp; &nbsp;<span style=\"color: #ffffff;\"><a style=\"color: #ffffff; text-decoration: underline;\" href=\"#faqs\">Preguntas frecuentes<\/a><\/span>   |&nbsp; &nbsp;<span style=\"color: #ffffff;\"><a style=\"color: #ffffff; text-decoration: underline;\" href=\"#listings\">Cartel<\/a><\/span><\/span>[\/vc_column_text][\/vc_column_inner][\/vc_row_inner][vc_custom_heading separator_color=\u00bbyes\u00bb separator=\u00bbyes\u00bb]<\/p>\n<h2 id=\"history\" class=\"p1\">Historia de DC10 Ibiza<\/h2>\n<p>[\/vc_custom_heading][vc_column_text]La historia de DC10 se remonta a <strong>1986<\/strong>. Por aquel entonces, los hermanos Sito y Antonio Lara compraron un <strong>hangar de aviones en desuso<\/strong> y lo convirtieron en una improvisada pista de baile discreta para peque\u00f1as reuniones de fiesteros locales. El local <a href=\"https:\/\/www.periodicodeibiza.es\/pitiusas\/ibiza\/2021\/03\/14\/1246431\/entrevista-deogracias-lara-propietario-dc10-ibiza.html\" target=\"_blank\" rel=\"noopener\">casi se llam\u00f3 U2<\/a>, debido a la popularidad del grupo en aquel momento (\u00bfte imaginas eso ahora?). Sin embargo, DC10 recibi\u00f3 su nombre del modelo de avi\u00f3n, que desde entonces se ha dejado de fabricar.   <\/p>\n<p>No fue hasta <strong>2002<\/strong> cuando DC10 realmente lleg\u00f3 al panorama mundial. Los promotores italianos <strong>Andrea Pelino<\/strong> y <strong>Antonio Carbonaro<\/strong> quer\u00edan organizar una fiesta gratuita en la que la m\u00fasica no estuviera ligada a ning\u00fan g\u00e9nero en particular. Como los domingos en el legendario <strong>Space<\/strong> eran una de las fiestas m\u00e1s populares de Ibiza en aquel momento, muchos vieron DC10 como el lugar perfecto para continuar. As\u00ed naci\u00f3 su fiesta <a href=\"https:\/\/ticketsibiza.com\/es\/fiestas\/circoloco\/\"><strong>Circoloco<\/strong><\/a>, y los lunes en Ibiza nunca han vuelto a ser lo mismo.   <\/p>\n<p>El club ha tenido problemas con las licencias a lo largo de los a\u00f1os, incluyendo un cierre de un a\u00f1o en <strong>2008<\/strong> despu\u00e9s de violar repetidamente su capacidad de 65 personas en varios cientos cada semana. Hoy en d\u00eda puedes esperar m\u00e1s de 4.000 en sus espacios de <strong>terraza<\/strong>, <strong>club<\/strong> y <strong>jard\u00edn<\/strong>. A pesar de la creciente popularidad del club, sigue siendo claramente diferente en comparaci\u00f3n con la experiencia VIP y de gran producci\u00f3n de los superclubs de Ibiza como <strong>Amnesia<\/strong>, <strong>Pacha<\/strong>, <strong>Ushua\u00efa<\/strong> y <strong>H\u00ef<\/strong>. De hecho, el underground es la esencia misma de DC10 y sus due\u00f1os lo mantendr\u00e1n as\u00ed.[\/vc_column_text][vc_single_image media=\u00bb991636&#8243; caption=\u00bbyes\u00bb media_width_percent=\u00bb85&#8243; alignment=\u00bbcenter\u00bb border=\u00bbyes\u00bb shadow=\u00bbyes\u00bb shadow_darker=\u00bbyes\u00bb][vc_column_text]Los nombres DC10 y Circoloco ahora van de la mano, y Circoloco es conocido en todo el mundo como uno de los nombres m\u00e1s importantes de la m\u00fasica house y techno underground.<\/p>\n<p>Aunque sus fiestas tienen lugar en todos los rincones del mundo, es en DC10 donde todo comenz\u00f3, y sigue siendo el lugar m\u00e1s importante que empuja nuevos l\u00edmites y personifica el \u00abesp\u00edritu del underground\u00bb cada a\u00f1o.[\/vc_column_text][vc_custom_heading separator_color=\u00bbyes\u00bb separator=\u00bbyes\u00bb]<\/p>\n<h2 id=\"info\" class=\"p1\">Informaci\u00f3n del club<\/h2>\n<p>[\/vc_custom_heading][vc_column_text]<span style=\"font-weight: 400;\">DC10 puede albergar hasta <strong>4.000<\/strong> clubbers en total.<\/span><\/p>\n<p><span style=\"font-weight: 400;\">Hay tres zonas distintas en DC10. La pista de baile original es la <strong>terraza<\/strong>, que sol\u00eda estar completamente descubierta hasta 2006. Ahora es la sala m\u00e1s popular del club para los DJs principales pasada la medianoche. La sala <strong>club<\/strong> est\u00e1 situada junto a la terraza, tambi\u00e9n en el interior. Mientras tanto, el escenario del <strong>jard\u00edn<\/strong> ofrece una pista de baile al aire libre, flanqueada por bares a ambos lados.    &nbsp;<\/span><\/p>\n<p><span style=\"font-weight: 400;\">El sistema de sonido de DC10 tuvo una amplia mejora en 2018, y utiliza <\/span><a href=\"https:\/\/www.installation-international.com\/case-studies\/iconic-ibiza-nightclub-dc10-turns-the-volume-up-to-11-after-major-audio-overhaul\" target=\"_blank\" rel=\"noopener\"><span style=\"font-weight: 400;\">altavoces Powersoft<\/span><\/a><span style=\"font-weight: 400;\">.<\/span><\/p>\n<p><span style=\"font-weight: 400;\">El sistema de iluminaci\u00f3n en DC10 comparado con otros clubes es m\u00ednimo. Puedes esperar sus focos rojos en la mayor\u00eda de los lugares, en consonancia con el tema rojo, negro y blanco de Circoloco. <\/span>[\/vc_column_text][vc_single_image media=\u00bb991637&#8243; caption=\u00bbyes\u00bb media_width_percent=\u00bb85&#8243; alignment=\u00bbcenter\u00bb border=\u00bbyes\u00bb shadow=\u00bbyes\u00bb shadow_darker=\u00bbyes\u00bb][vc_column_text]Al estar tan cerca del aeropuerto de Ibiza, cuando est\u00e1s en el club ver\u00e1s con frecuencia aviones pasando por encima. No olvides saludarlos \ud83d\ude09<\/p>\n<p>Antiguamente, hab\u00eda una peque\u00f1a avioneta en la entrada del club. \u00a1Tuvieron que quitarla porque los pilotos pensaban que hab\u00eda habido un aterrizaje de emergencia![\/vc_column_text][vc_row_inner row_inner_height_percent=\u00bb0&#8243; overlay_alpha=\u00bb50&#8243; gutter_size=\u00bb3&#8243; shift_y=\u00bb0&#8243; z_index=\u00bb0&#8243; desktop_visibility=\u00bbyes\u00bb][vc_column_inner column_width_percent=\u00bb100&#8243; align_horizontal=\u00bbalign_center\u00bb gutter_size=\u00bb3&#8243; overlay_alpha=\u00bb50&#8243; shift_x=\u00bb0&#8243; shift_y=\u00bb0&#8243; shift_y_down=\u00bb0&#8243; z_index=\u00bb0&#8243; medium_width=\u00bb0&#8243; mobile_width=\u00bb0&#8243; width=\u00bb1\/1&#8243;][vc_button button_color=\u00bbcolor-jevc\u00bb size=\u00bbbtn-lg\u00bb border_animation=\u00bbbtn-ripple-out\u00bb border_width=\u00bb0&#8243; link=\u00bburl:%23listings|\u00bb]Comprar entradas[\/vc_button][\/vc_column_inner][\/vc_row_inner][vc_tabs][vc_tab title=\u00bbQu\u00e9 esperar\u00bb tab_id=\u00bb1560767237-1-917ad7-e877&#8243;][vc_column_text]<\/p>\n<blockquote>\n<h3><span style=\"font-weight: 400;\">\u00abHouse y techno underground de vanguardia, v\u00edtores al paso de los aviones y una experiencia de clubbing aut\u00e9ntica y sin lujos\u00bb<\/span><\/h3>\n<\/blockquote>\n<p>[\/vc_column_text][\/vc_tab][vc_tab title=\u00bbNuestros consejos\u00bb tab_id=\u00bb1560767237-2-07ad7-e877&#8243;][vc_column_text]<\/p>\n<ul>\n<li style=\"font-weight: 400;\"><span style=\"font-weight: 400;\">Llega pronto a Circoloco. Hemos llegado tan pronto como a las 17:00 y aun as\u00ed tienes garantizada m\u00fasica incre\u00edble bajo el sol, con mucho espacio para bailar. <\/span><\/li>\n<li style=\"font-weight: 400;\"><span style=\"font-weight: 400;\">\u00bfQuieres comer algo antes de llegar? Dir\u00edgete a la playa de Salinas, a pocos minutos del club, y disfruta de la calma antes de la tormenta \ud83d\ude09 <\/span><\/li>\n<\/ul>\n<p>[\/vc_column_text][\/vc_tab][\/vc_tabs][vc_raw_html]PGlmcmFtZSB3aWR0aD0iNTYwIiBoZWlnaHQ9IjMxNSIgc3JjPSJodHRwczovL3d3dy55b3V0dWJlLmNvbS9lbWJlZC9OSUZEZXlsZ2RnRT8iIHRpdGxlPSJSZXByb2R1Y3RvciBkZSB2w61kZW8gZGUgWW91VHViZSIgZnJhbWVib3JkZXI9IjAiIGFsbG93PSJhY2NlbGVyb21ldGVyOyBhdXRvcGxheTsgY2xpcGJvYXJkLXdyaXRlOyBlbmNyeXB0ZWQtbWVkaWE7IGd5cm9zY29wZTsgcGljdHVyZS1pbi1waWN0dXJlOyB3ZWItc2hhcmUiIHJlZmVycmVycG9saWN5PSJzdHJpY3Qtb3JpZ2luLXdoZW4tY3Jvc3Mtb3JpZ2luIiBhbGxvd2Z1bGxzY3JlZW49IiI+PC9pZnJhbWU+[\/vc_raw_html][vc_custom_heading separator_color=\u00bbyes\u00bb separator=\u00bbyes\u00bb uncode_shortcode_id=\u00bb848588&#8243; el_id=\u00bb2026&#8243;]<\/p>\n<h2 class=\"p1\">DC10 Ibiza 2026<\/h2>\n<p>[\/vc_custom_heading][vc_column_text uncode_shortcode_id=\u00bb142785&#8243;]<span style=\"font-weight: 400;\"><strong>Circoloco<\/strong> volver\u00e1 por supuesto a DC10 en Ibiza cada <strong>lunes<\/strong> en 2026, con su Opening Party el 27 de abril.<\/span><\/p>\n<p><strong>Solid Grooves<\/strong> volver\u00e1 los jueves esta temporada desde el 4 de junio. Su fiesta de cierre tendr\u00e1 lugar el 1 de octubre.[\/vc_column_text][vc_row_inner row_inner_height_percent=\u00bb0&#8243; overlay_alpha=\u00bb50&#8243; gutter_size=\u00bb3&#8243; shift_y=\u00bb0&#8243; z_index=\u00bb0&#8243; css=\u00bb.vc_custom_1579610210262{margin-top: 18px !important;margin-bottom: 18px !important;border-bottom-width: 5px !important;padding-top: 5px !important;}\u00bb][vc_column_inner column_width_percent=\u00bb100&#8243; gutter_size=\u00bb3&#8243; override_padding=\u00bbyes\u00bb column_padding=\u00bb2&#8243; overlay_alpha=\u00bb50&#8243; shift_x=\u00bb0&#8243; shift_y=\u00bb0&#8243; shift_y_down=\u00bb0&#8243; z_index=\u00bb0&#8243; medium_width=\u00bb0&#8243; mobile_width=\u00bb0&#8243; width=\u00bb1\/2&#8243; css=\u00bb.vc_custom_1579610582782{padding-top: 5px !important;padding-right: 12px !important;padding-bottom: 5px !important;padding-left: 12px !important;}\u00bb][vc_custom_heading heading_semantic=\u00bbh4&#8243; text_size=\u00bbh4&#8243; text_transform=\u00bbuppercase\u00bb separator=\u00bbyes\u00bb uncode_shortcode_id=\u00bb758359&#8243;]<\/p>\n<h4 style=\"text-align: center;\">Fiestas de 2026<\/h4>\n<p>[\/vc_custom_heading][vc_raw_html]PHRhYmxlIGNsYXNzPSJ0aS1wcmltYXJ5IHRpLWNvbXAtdGFibGUiPgo8dHI+Cjx0ZD4KTHVuZXMKPC90ZD4KPHRkPgpjaXJjb2xvY28KPC90ZD4KPC90cj4KPHRyPgo8dGQ+Ck1hcnRlcwo8L3RkPgo8dGQ+ClBvciBjb25maXJtYXI8L3RkPgo8L3RyPgo8dHI+Cjx0ZD4KTWnDqXJjb2xlcwo8L3RkPgo8dGQ+ClBvciBjb25maXJtYXI8L3RkPgo8L3RyPgo8dHI+Cjx0ZD4KSnVldmVzCjwvdGQ+Cjx0ZD4Kc29saWQgZ3Jvb3ZlczwvdGQ+CjwvdHI+Cjx0cj4KPHRkPgpWaWVybmVzCjwvdGQ+Cjx0ZD4KUG9yIGNvbmZpcm1hcjwvdGQ+CjwvdHI+Cjx0cj4KPHRkPgpTw6FiYWRvCjwvdGQ+Cjx0ZD4KUG9yIGNvbmZpcm1hcjwvdGQ+CjwvdHI+Cjx0cj4KPHRkPgpEb21pbmdvCjwvdGQ+Cjx0ZD4KUG9yIGNvbmZpcm1hcgo8L3RkPgo8L3RyPgo8L3RhYmxlPg==[\/vc_raw_html][\/vc_column_inner][vc_column_inner column_width_percent=\u00bb100&#8243; gutter_size=\u00bb3&#8243; override_padding=\u00bbyes\u00bb column_padding=\u00bb2&#8243; overlay_alpha=\u00bb50&#8243; shift_x=\u00bb0&#8243; shift_y=\u00bb0&#8243; shift_y_down=\u00bb0&#8243; z_index=\u00bb0&#8243; medium_width=\u00bb0&#8243; mobile_width=\u00bb0&#8243; width=\u00bb1\/2&#8243; css=\u00bb.vc_custom_1579610590767{padding-top: 5px !important;padding-right: 12px !important;padding-bottom: 5px !important;padding-left: 12px !important;}\u00bb][vc_custom_heading heading_semantic=\u00bbh4&#8243; text_size=\u00bbh4&#8243; text_transform=\u00bbuppercase\u00bb separator=\u00bbyes\u00bb uncode_shortcode_id=\u00bb184794&#8243;]<\/p>\n<h4 style=\"text-align: center;\">Fiestas 2025<\/h4>\n<p>[\/vc_custom_heading][vc_raw_html]PHRhYmxlIGNsYXNzPSJ0aS1zZWNvbmRhcnkgdGktY29tcC10YWJsZSI+Cjx0cj4KPHRkPgpMdW5lcwo8L3RkPgo8dGQ+CmNpcmNvbG9jbwo8L3RkPgo8L3RyPgo8dHI+Cjx0ZD4KTWFydGVzCjwvdGQ+Cjx0ZD4KUG9yIGNvbmZpcm1hcjwvdGQ+CjwvdHI+Cjx0cj4KPHRkPgpNacOpcmNvbGVzCjwvdGQ+Cjx0ZD4KUG9yIGNvbmZpcm1hcjwvdGQ+CjwvdHI+Cjx0cj4KPHRkPgpKdWV2ZXMKPC90ZD4KPHRkPgpzb2xpZCBncm9vdmVzCjwvdGQ+CjwvdHI+Cjx0cj4KPHRkPgpWaWVybmVzCjwvdGQ+Cjx0ZD4KUG9yIGNvbmZpcm1hcjwvdGQ+CjwvdHI+Cjx0cj4KPHRkPgpTw6FiYWRvCjwvdGQ+Cjx0ZD4KUG9yIGNvbmZpcm1hcjwvdGQ+CjwvdHI+Cjx0cj4KPHRkPgpEb21pbmdvCjwvdGQ+Cjx0ZD4KUG9yIGNvbmZpcm1hcgo8L3RkPgo8L3RyPgo8L3RhYmxlPg==[\/vc_raw_html][\/vc_column_inner][\/vc_row_inner][vc_custom_heading separator_color=\u00bbyes\u00bb separator=\u00bbyes\u00bb]<\/p>\n<h2 id=\"faqs\" class=\"p1\">Preguntas frecuentes<\/h2>\n<p>[\/vc_custom_heading][vc_accordion active_tab=\u00bb0&#8243;][vc_accordion_tab title=\u00bb\u00bfC\u00f3mo llego a DC10?\u00bb tab_id=\u00bb1560767237-1-247ad7-e877&#8243;][vc_column_text]<span style=\"font-weight: 400;\">DC10 est\u00e1 situado en la carretera hacia la playa de Salinas, a muy poca distancia en coche del aeropuerto de Ibiza o de Playa d\u2019en Bossa. Si vienes desde San Antonio, calcula unos 25-30 \u20ac en taxi. <\/span>[\/vc_column_text][vc_gmaps latlon=\u00bb38.8807601, 1.3919359&#8243; size=\u00bb280&#8243; map_color=\u00bbcolor-wvjs\u00bb ui_color=\u00bbaccent\u00bb zoom=\u00bb10&#8243; map_saturation=\u00bb-100&#8243; map_brightness=\u00bb5&#8243; address=\u00bbCtra. Ibiza a San Antonio, Km 5, 07816 Ibiza, Islas Baleares, Spain\u00bb][\/vc_accordion_tab][vc_accordion_tab title=\u00bb\u00bfCu\u00e1l es el horario de apertura de DC10?\u00bb tab_id=\u00bb1560767237-2-717ad7-e877&#8243;][vc_column_text]<span style=\"font-weight: 400;\">DC10 suele abrir a las 16:00 y cierra a las 06:00.<\/span>[\/vc_column_text][\/vc_accordion_tab][vc_accordion_tab title=\u00bb\u00bfCu\u00e1nto cuesta entrar en DC10?\u00bb tab_id=\u00bb1560768560770-2-37ad7-e877&#8243;][vc_column_text uncode_shortcode_id=\u00bb282890&#8243;]<span style=\"font-weight: 400;\">El precio de las entradas var\u00eda, pero suele ser de 50 \u20ac para entrar en Circoloco.<\/span>[\/vc_column_text][\/vc_accordion_tab][vc_accordion_tab title=\u00bb\u00bfCu\u00e1les son los precios de las bebidas en DC10?\u00bb tab_id=\u00bb1560768568468-3-47ad7-e877&#8243;][vc_column_text uncode_shortcode_id=\u00bb172476&#8243;]<span style=\"font-weight: 400;\">Espera pagar <\/span><span style=\"font-weight: 400;\">10 \u20ac por una cerveza, 15 \u20ac por un combinado y el agua costar\u00e1 8 \u20ac.<\/span>[\/vc_column_text][\/vc_accordion_tab][vc_accordion_tab title=\u00bb\u00bfCu\u00e1l es el aforo de DC10?\u00bb tab_id=\u00bb1560768585183-4-87ad7-e877&#8243;][vc_column_text]<span style=\"font-weight: 400;\">DC10 puede albergar hasta 4.000 personas.<\/span>[\/vc_column_text][\/vc_accordion_tab][vc_accordion_tab title=\u00bb\u00bfCu\u00e1l es el c\u00f3digo de vestimenta en DC10?\u00bb tab_id=\u00bb1560768597322-5-107ad7-e877&#8243;][vc_column_text]<span style=\"font-weight: 400;\">No hay c\u00f3digo de vestimenta para DC10. Ponte lo que te resulte m\u00e1s c\u00f3modo para bailar. <\/span>[\/vc_column_text][\/vc_accordion_tab][vc_accordion_tab gutter_size=\u00bb2&#8243; column_padding=\u00bb2&#8243; title=\u00bb\u00bfCu\u00e1l es el cartel de DC10 Ibiza?\u00bb tab_id=\u00bb1560768604185-6-77ad7-e877&#8243;][vc_column_text]<span style=\"font-weight: 400;\">Puedes consultar el cartel completo de DC10 Ibiza en el calendario que aparece a continuaci\u00f3n.<\/span>[\/vc_column_text][\/vc_accordion_tab][vc_accordion_tab title=\u00bb\u00bfDe d\u00f3nde saca DC10 su nombre?\u00bb tab_id=\u00bb1560782965412-7-1&#8243;][vc_column_text]DC10 debe su nombre al modelo de avi\u00f3n DC10. \u00bfSab\u00edas que la terraza era antiguamente un hangar de aviones?[\/vc_column_text][\/vc_accordion_tab][\/vc_accordion][vc_custom_heading text_size=\u00bbh3&#8243; separator=\u00bbover\u00bb sub_reduced=\u00bbyes\u00bb uncode_shortcode_id=\u00bb892349&#8243;]Fiestas populares de DC10[\/vc_custom_heading][uncode_index el_id=\u00bbindex-187984&#8243; index_type=\u00bbcarousel\u00bb loop=\u00bbsize:10|order_by:date|post_type:page|tax_query:125,106&#8243; carousel_lg=\u00bb4&#8243; carousel_md=\u00bb3&#8243; carousel_sm=\u00bb2&#8243; thumb_size=\u00bbthree-two\u00bb gutter_size=\u00bb3&#8243; page_items=\u00bbmedia|featured|onpost|original\u00bb carousel_interval=\u00bb3000&#8243; carousel_navspeed=\u00bb400&#8243; carousel_loop=\u00bbyes\u00bb stage_padding=\u00bb0&#8243; single_text=\u00bboverlay\u00bb single_overlay_opacity=\u00bb50&#8243; single_h_align=\u00bbcenter\u00bb single_padding=\u00bb2&#8243; title=\u00bbParties for Club Carousel\u00bb][\/vc_column][vc_column column_width_percent=\u00bb100&#8243; align_horizontal=\u00bbalign_center\u00bb gutter_size=\u00bb2&#8243; overlay_alpha=\u00bb50&#8243; shift_x=\u00bb0&#8243; shift_y=\u00bb0&#8243; shift_y_down=\u00bb0&#8243; z_index=\u00bb0&#8243; medium_visibility=\u00bbyes\u00bb medium_width=\u00bb0&#8243; mobile_visibility=\u00bbyes\u00bb mobile_width=\u00bb0&#8243; width=\u00bb1\/4&#8243; uncode_shortcode_id=\u00bb375147&#8243; el_class=\u00bbmv-sidebar\u00bb][vc_button button_color=\u00bbcolor-jevc\u00bb size=\u00bbbtn-lg\u00bb border_animation=\u00bbbtn-ripple-out\u00bb wide=\u00bbyes\u00bb border_width=\u00bb0&#8243; link=\u00bburl:%23listings|\u00bb button_color_type=\u00bbuncode-palette\u00bb uncode_shortcode_id=\u00bb159055&#8243;]Comprar entradas[\/vc_button][vc_separator sep_color=\u00bbaccent\u00bb][vc_single_image media=\u00bb991628&#8243; media_width_percent=\u00bb75&#8243; alignment=\u00bbcenter\u00bb shape=\u00bbimg-circle\u00bb border=\u00bbyes\u00bb shadow=\u00bbyes\u00bb shadow_weight=\u00bbsm\u00bb shadow_darker=\u00bbyes\u00bb][vc_separator sep_color=\u00bbaccent\u00bb][vc_gmaps latlon=\u00bb38.8807601, 1.3919359&#8243; size=\u00bb280&#8243; map_color=\u00bbcolor-wvjs\u00bb ui_color=\u00bbaccent\u00bb zoom=\u00bb10&#8243; map_saturation=\u00bb-100&#8243; map_brightness=\u00bb5&#8243; address=\u00bbCarretera las Salinas, KM 1, 07818 Sant Josep de sa Talaia\u00bb][vc_separator sep_color=\u00bbaccent\u00bb][uncode_block id=\u00bb146863&#8243; inside_column=\u00bbyes\u00bb][\/vc_column][\/vc_row][vc_row row_height_percent=\u00bb0&#8243; overlay_alpha=\u00bb50&#8243; gutter_size=\u00bb3&#8243; column_width_percent=\u00bb100&#8243; shift_y=\u00bb0&#8243; z_index=\u00bb0&#8243; desktop_visibility=\u00bbyes\u00bb medium_visibility=\u00bbyes\u00bb sticky=\u00bbyes\u00bb][vc_column column_width_percent=\u00bb100&#8243; align_horizontal=\u00bbalign_center\u00bb gutter_size=\u00bb3&#8243; overlay_alpha=\u00bb50&#8243; shift_x=\u00bb0&#8243; shift_y=\u00bb0&#8243; shift_y_down=\u00bb0&#8243; z_index=\u00bb0&#8243; desktop_visibility=\u00bbyes\u00bb medium_visibility=\u00bbyes\u00bb medium_width=\u00bb0&#8243; mobile_width=\u00bb0&#8243; sticky=\u00bbyes\u00bb width=\u00bb1\/1&#8243;][vc_button button_color=\u00bbaccent\u00bb size=\u00bbbtn-xl\u00bb border_width=\u00bb0&#8243; link=\u00bburl:%23listings|\u00bb]COMPRAR ENTRADAS[\/vc_button][\/vc_column][\/vc_row][vc_section back_color=\u00bbcolor-lxmt\u00bb overlay_alpha=\u00bb50&#8243;][vc_row][vc_column width=\u00bb3\/4&#8243;][vc_gallery el_id=\u00bbgallery-160005&#8243; type=\u00bbjustified\u00bb random=\u00bbyes\u00bb medias=\u00bb991640,991638,991639,991630,991631,991632,991633,991634&#8243; justify_row_height=\u00bb150&#8243; gutter_size=\u00bb0&#8243; single_overlay_opacity=\u00bb50&#8243; single_padding=\u00bb2&#8243; title=\u00bbGaler\u00eda de fotos\u00bb uncode_shortcode_id=\u00bb143395&#8243;][\/vc_column][vc_column width=\u00bb1\/4&#8243;][vc_raw_html]PGlmcmFtZSBzcmM9Imh0dHBzOi8vb3Blbi5zcG90aWZ5LmNvbS9lbWJlZC9wbGF5bGlzdC83ODZaMU03UDVnTDlOTlVsa1ZRTldTIiB3aWR0aD0iMzAwIiBoZWlnaHQ9IjM4MCIgZnJhbWVib3JkZXI9IjAiIGFsbG93dHJhbnNwYXJlbmN5PSJ0cnVlIiBhbGxvdz0iZW5jcnlwdGVkLW1lZGlhIj48L2lmcmFtZT4K[\/vc_raw_html][\/vc_column][\/vc_row][\/vc_section][vc_section back_color=\u00bbcolor-prif\u00bb overlay_alpha=\u00bb50&#8243;][vc_row row_height_percent=\u00bb0&#8243; overlay_alpha=\u00bb50&#8243; gutter_size=\u00bb3&#8243; column_width_percent=\u00bb100&#8243; shift_y=\u00bb0&#8243; z_index=\u00bb0&#8243; row_name=\u00bblistings\u00bb][vc_column column_width_percent=\u00bb100&#8243; position_vertical=\u00bbmiddle\u00bb align_horizontal=\u00bbalign_center\u00bb gutter_size=\u00bb2&#8243; overlay_alpha=\u00bb50&#8243; shift_x=\u00bb0&#8243; shift_y=\u00bb0&#8243; shift_y_down=\u00bb0&#8243; z_index=\u00bb0&#8243; medium_width=\u00bb0&#8243; mobile_width=\u00bb0&#8243; width=\u00bb1\/1&#8243;][vc_custom_heading text_color=\u00bbcolor-xsdn\u00bb text_size=\u00bbh3&#8243; separator_color=\u00bbyes\u00bb separator=\u00bbyes\u00bb sub_reduced=\u00bbyes\u00bb uncode_shortcode_id=\u00bb395469&#8243; text_color_type=\u00bbuncode-palette\u00bb]<\/p>\n<h2 style=\"text-align: center;\"><span style=\"color: #ffffff;\">Lista de fiestas<\/span><\/h2>\n<p>[\/vc_custom_heading]\t\t<div class=\"wcs-timetable__wrapper\">\n\t\t\t<div class=\"wcs-vue\" id=\"wcs-app-58\"><\/div>\n\t\t<\/div>\n\t\t[\/vc_column][\/vc_row][\/vc_section]<\/p>\n<\/div>","protected":false},"excerpt":{"rendered":"<p>[vc_row row_height_percent=\u00bb0&#8243; override_padding=\u00bbyes\u00bb h_padding=\u00bb2&#8243; top_padding=\u00bb2&#8243; bottom_padding=\u00bb0&#8243; back_image=\u00bb577766&#8243; overlay_alpha=\u00bb50&#8243; gutter_size=\u00bb3&#8243; column_width_percent=\u00bb100&#8243; shift_y=\u00bb0&#8243; z_index=\u00bb0&#8243; uncode_shortcode_id=\u00bb178573&#8243;][vc_column width=\u00bb1\/1&#8243;][vc_empty_space empty_h=\u00bb3&#8243;][vc_row_inner row_inner_height_percent=\u00bb0&#8243; force_width_grid=\u00bbyes\u00bb overlay_color=\u00bbcolor-149363&#8243; overlay_alpha=\u00bb70&#8243; gutter_size=\u00bb1&#8243; [&hellip;]<\/p>\n","protected":false},"author":1,"featured_media":991635,"parent":989689,"menu_order":0,"comment_status":"closed","ping_status":"closed","template":"","meta":{"_acf_changed":false,"footnotes":""},"class_list":["post-991622","page","type-page","status-publish","has-post-thumbnail","hentry","page_category-discotecas"],"acf":[],"_links":{"self":[{"href":"https:\/\/ticketsibiza.com\/es\/wp-json\/wp\/v2\/pages\/991622","targetHints":{"allow":["GET"]}}],"collection":[{"href":"https:\/\/ticketsibiza.com\/es\/wp-json\/wp\/v2\/pages"}],"about":[{"href":"https:\/\/ticketsibiza.com\/es\/wp-json\/wp\/v2\/types\/page"}],"author":[{"embeddable":true,"href":"https:\/\/ticketsibiza.com\/es\/wp-json\/wp\/v2\/users\/1"}],"replies":[{"embeddable":true,"href":"https:\/\/ticketsibiza.com\/es\/wp-json\/wp\/v2\/comments?post=991622"}],"version-history":[{"count":16,"href":"https:\/\/ticketsibiza.com\/es\/wp-json\/wp\/v2\/pages\/991622\/revisions"}],"predecessor-version":[{"id":1127423,"href":"https:\/\/ticketsibiza.com\/es\/wp-json\/wp\/v2\/pages\/991622\/revisions\/1127423"}],"up":[{"embeddable":true,"href":"https:\/\/ticketsibiza.com\/es\/wp-json\/wp\/v2\/pages\/989689"}],"wp:featuredmedia":[{"embeddable":true,"href":"https:\/\/ticketsibiza.com\/es\/wp-json\/wp\/v2\/media\/991635"}],"wp:attachment":[{"href":"https:\/\/ticketsibiza.com\/es\/wp-json\/wp\/v2\/media?parent=991622"}],"curies":[{"name":"wp","href":"https:\/\/api.w.org\/{rel}","templated":true}]}}