{"id":991060,"date":"2019-08-29T13:06:05","date_gmt":"2019-08-29T12:06:05","guid":{"rendered":"https:\/\/ticketsibiza.com\/ibiza-spotlight-review\/"},"modified":"2025-11-11T17:14:18","modified_gmt":"2025-11-11T17:14:18","slug":"ibiza-spotlight-review","status":"publish","type":"page","link":"https:\/\/ticketsibiza.com\/es\/ibiza-spotlight-review\/","title":{"rendered":"Rese\u00f1a de Ibiza Spotlight"},"content":{"rendered":"<div class=\"wpb-content-wrapper\"><p>[vc_row row_height_percent=\u00bb20&#8243; override_padding=\u00bbyes\u00bb h_padding=\u00bb0&#8243; top_padding=\u00bb0&#8243; bottom_padding=\u00bb0&#8243; back_image=\u00bb57222&#8243; back_position=\u00bbcenter center\u00bb parallax=\u00bbyes\u00bb overlay_alpha=\u00bb50&#8243; gutter_size=\u00bb3&#8243; column_width_percent=\u00bb100&#8243; shift_y=\u00bb0&#8243; z_index=\u00bb0&#8243;][vc_column width=\u00bb1\/1&#8243;][vc_empty_space empty_h=\u00bb5&#8243;][vc_row_inner row_inner_height_percent=\u00bb0&#8243; force_width_grid=\u00bbyes\u00bb overlay_color=\u00bbcolor-149363&#8243; overlay_alpha=\u00bb70&#8243; gutter_size=\u00bb1&#8243; shift_y=\u00bb1&#8243; z_index=\u00bb3&#8243; css=\u00bb.vc_custom_1555859440035{margin-bottom: 0px !important;border-bottom-width: 0px !important;padding-top: 0px !important;padding-bottom: 0px !important;padding-left: 20px !important;}\u00bb][vc_column_inner column_width_percent=\u00bb100&#8243; gutter_size=\u00bb0&#8243; overlay_alpha=\u00bb50&#8243; shift_x=\u00bb0&#8243; shift_y=\u00bb0&#8243; shift_y_down=\u00bb0&#8243; z_index=\u00bb0&#8243; medium_width=\u00bb0&#8243; mobile_width=\u00bb0&#8243; width=\u00bb1\/1&#8243; css=\u00bb.vc_custom_1551002411961{padding-bottom: 0px !important;}\u00bb][vc_custom_heading text_color=\u00bbcolor-xsdn\u00bb heading_semantic=\u00bbh1&#8243; text_size=\u00bbh1&#8243; sub_reduced=\u00bbyes\u00bb]Rese\u00f1a de Ibiza Spotlight[\/vc_custom_heading][\/vc_column_inner][\/vc_row_inner][\/vc_column][\/vc_row][vc_row row_height_percent=\u00bb0&#8243; override_padding=\u00bbyes\u00bb h_padding=\u00bb2&#8243; top_padding=\u00bb2&#8243; bottom_padding=\u00bb2&#8243; overlay_alpha=\u00bb50&#8243; gutter_size=\u00bb3&#8243; column_width_percent=\u00bb100&#8243; shift_y=\u00bb0&#8243; z_index=\u00bb0&#8243; css=\u00bb.vc_custom_1555860699675{padding-bottom: 0px !important;}\u00bb][vc_column column_width_percent=\u00bb100&#8243; gutter_size=\u00bb2&#8243; overlay_alpha=\u00bb50&#8243; shift_x=\u00bb0&#8243; shift_y=\u00bb0&#8243; shift_y_down=\u00bb0&#8243; z_index=\u00bb0&#8243; medium_width=\u00bb0&#8243; mobile_width=\u00bb0&#8243; width=\u00bb3\/4&#8243;][vc_column_text]Hay muchos sitios donde encontrar informaci\u00f3n sobre Ibiza en internet. Si has llegado a esta p\u00e1gina despu\u00e9s de buscar rese\u00f1as sobre Ibiza Spotlight, est\u00e1s haciendo bien en investigar un poco sobre el sitio web antes de reservar tus entradas para discotecas de Ibiza, tu hotel u otras actividades en la isla. <\/p>\n<p>As\u00ed que echemos un vistazo m\u00e1s a fondo a Ibiza Spotlight, su historia, lo que ofrecen y si deber\u00edas comprar online antes de ir a Ibiza o no.[\/vc_column_text][vc_row_inner row_inner_height_percent=\u00bb0&#8243; back_color=\u00bbaccent\u00bb overlay_alpha=\u00bb50&#8243; gutter_size=\u00bb3&#8243; shift_y=\u00bb0&#8243; z_index=\u00bb0&#8243;][vc_column_inner column_width_percent=\u00bb100&#8243; gutter_size=\u00bb3&#8243; override_padding=\u00bbyes\u00bb column_padding=\u00bb2&#8243; overlay_alpha=\u00bb50&#8243; shift_x=\u00bb0&#8243; shift_y=\u00bb0&#8243; shift_y_down=\u00bb0&#8243; z_index=\u00bb0&#8243; medium_width=\u00bb0&#8243; mobile_width=\u00bb0&#8243; width=\u00bb1\/1&#8243;][vc_column_text]<span style=\"text-decoration: underline; color: #ffffff;\">En este art\u00edculo:<\/span><\/p>\n<p><span style=\"color: #ffffff;\"><a style=\"color: #ffffff;\" href=\"#history\">Historia de Ibiza Spotlight<\/a><\/span><\/p>\n<p><span style=\"color: #ffffff;\"><a style=\"color: #ffffff;\" href=\"#do\">\u00bfQu\u00e9 hace Ibiza Spotlight?<\/a><\/span><\/p>\n<p><span style=\"color: #ffffff;\"><a style=\"color: #ffffff;\" href=\"#calendar\">Calendario de Ibiza Spotlight<\/a><\/span><\/p>\n<p><span style=\"color: #ffffff;\"><a style=\"color: #ffffff;\" href=\"#tickets\">Entradas de Ibiza Spotlight<\/a><\/span><\/p>\n<p><span style=\"color: #ffffff;\"><a style=\"color: #ffffff;\" href=\"#advance\">\u00bfDeber\u00eda comprar las entradas para Ibiza con antelaci\u00f3n?<\/a><\/span><\/p>\n<p><span style=\"color: #ffffff;\"><a style=\"color: #ffffff;\" href=\"#reasons\">Razones para comprar entradas con Ibiza Spotlight<\/a><\/span><\/p>\n<p><span style=\"color: #ffffff;\"><a style=\"color: #ffffff;\" href=\"#deposits\">Dep\u00f3sitos para entradas de discotecas de Ibiza<\/a><\/span>[\/vc_column_text][\/vc_column_inner][\/vc_row_inner][vc_empty_space empty_h=\u00bb2&#8243;][vc_custom_heading separator=\u00bbyes\u00bb separator_color=\u00bbyes\u00bb]<\/p>\n<h2 id=\"history\">Ibiza Spotlight: su historia<\/h2>\n<p>[\/vc_custom_heading][vc_column_text]En los a\u00f1os 70, internet no exist\u00eda. Una locura, \u00bfverdad? La gente obten\u00eda su informaci\u00f3n de peri\u00f3dicos y revistas. Y as\u00ed es exactamente como empez\u00f3 Ibiza Spotlight: como una revista impresa en 1976.   <\/p>\n<p>En la c\u00faspide del auge del turismo, el ingl\u00e9s Norman Skinner <a href=\"https:\/\/www.ibiza-spotlight.com\/magazine\/2016\/10\/news-spotlight-on-loss-ibiza-visionary\" target=\"_blank\" rel=\"noopener\">cre\u00f3 Ibiza Spotlight<\/a> para compartir lo mejor de lo que estaba pasando en la isla.[\/vc_column_text][vc_empty_space empty_h=\u00bb2&#8243;][vc_single_image media=\u00bb991065&#8243; caption=\u00bbyes\u00bb media_width_percent=\u00bb100&#8243;][vc_separator sep_color=\u00bbaccent\u00bb][vc_empty_space empty_h=\u00bb2&#8243;][vc_column_text]Avanzamos r\u00e1pidamente hasta 1999, e Ibiza Spotlight lanz\u00f3 oficialmente su sitio web <a href=\"https:\/\/www.ibiza-spotlight.com?aid=145&amp;tid1=ti-is-article\" target=\"_blank\" rel=\"noopener noreferrer\">www.ibiza-spotlight.com<\/a>.<\/p>\n<p>Fue una jugada bastante audaz teniendo en cuenta la incertidumbre que rodeaba a internet en aquel momento, aunque esto ser\u00eda fundamental para establecerse como la autoridad online para todo lo relacionado con Ibiza.[\/vc_column_text][vc_empty_space empty_h=\u00bb2&#8243;][vc_single_image media=\u00bb991066&#8243; caption=\u00bbyes\u00bb media_width_percent=\u00bb100&#8243;][vc_empty_space empty_h=\u00bb2&#8243;][vc_separator sep_color=\u00bbaccent\u00bb type=\u00bbdashed\u00bb][vc_empty_space empty_h=\u00bb2&#8243;][vc_column_text]El sitio web ahora recibe m\u00e1s de <strong>5 millones de visitantes \u00fanicos anuales<\/strong>, y est\u00e1 creciendo cada a\u00f1o.<\/p>\n<p>Aunque su p\u00fablico es predominantemente de habla <strong>inglesa<\/strong>, puedes encontrar versiones localizadas en <strong>espa\u00f1ol<\/strong> &#8211; <a href=\"http:\/\/www.ibiza-spotlight.es\" target=\"_blank\" rel=\"noopener\">www.ibiza-spotlight.es<\/a>, <strong>alem\u00e1n<\/strong>, <a href=\"http:\/\/www.ibiza-spotlight.de?aid=145&amp;tid1=ti-is-article\" target=\"_blank\" rel=\"noopener noreferrer\">www.ibiza-spotlight.de<\/a> y, m\u00e1s recientemente, en <strong>italiano<\/strong> &#8211; <a href=\"http:\/\/www.ibiza-spotlight.it?aid=145&amp;tid1=ti-is-article\" target=\"_blank\" rel=\"noopener noreferrer\">www.ibiza-spotlight.it<\/a>[\/vc_column_text][vc_empty_space empty_h=\u00bb2&#8243;][vc_custom_heading separator=\u00bbyes\u00bb separator_color=\u00bbyes\u00bb]<\/p>\n<h2 id=\"do\">\u00bfQu\u00e9 hace Ibiza Spotlight?<\/h2>\n<p>[\/vc_custom_heading][vc_column_text]Piensa en Ibiza Spotlight como un portal para cada dato que necesitas saber sobre Ibiza.<\/p>\n<p>Esto incluye:[\/vc_column_text][uncode_list icon=\u00bbfa fa-forward\u00bb]<\/p>\n<ul>\n<li>Discotecas<\/li>\n<li>Alojamiento<\/li>\n<li>Restaurantes<\/li>\n<li>Cosas que hacer<\/li>\n<li>Noticias de la isla de Ibiza<\/li>\n<\/ul>\n<p>[\/uncode_list][vc_column_text]Ibiza Spotlight tambi\u00e9n tiene un <a href=\"https:\/\/forum.ibiza-spotlight.com\/\" target=\"_blank\" rel=\"noopener\">foro activo<\/a>, que es un gran lugar para obtener informaci\u00f3n sobre lo que los turistas y los locales est\u00e1n hablando sobre Ibiza ahora mismo.<\/p>\n<p>\u00a1El <a href=\"https:\/\/forum.ibiza-spotlight.com\/\" target=\"_blank\" rel=\"noopener\">foro<\/a> de Ibiza Spotlight tambi\u00e9n es un buen lugar para hablar de discotecas![\/vc_column_text][vc_empty_space empty_h=\u00bb2&#8243;][vc_custom_heading separator=\u00bbyes\u00bb separator_color=\u00bbyes\u00bb]<\/p>\n<h2 id=\"calendar\">Calendario de Ibiza Spotlight<\/h2>\n<p>[\/vc_custom_heading][vc_empty_space empty_h=\u00bb2&#8243;][vc_column_text uncode_shortcode_id=\u00bb678041&#8243;]El calendario de discotecas de Ibiza Spotlight es una de las partes m\u00e1s visitadas del sitio.<\/p>\n<p>Contiene las <strong>\u00faltimas listas de discotecas<\/strong> para todas las discotecas de Ibiza, tanto peque\u00f1as como grandes.[\/vc_column_text][vc_empty_space empty_h=\u00bb2&#8243;][vc_separator sep_color=\u00bbaccent\u00bb type=\u00bbdashed\u00bb][vc_empty_space empty_h=\u00bb2&#8243;][vc_single_image media=\u00bb991067&#8243; caption=\u00bbyes\u00bb media_width_percent=\u00bb100&#8243;][vc_empty_space empty_h=\u00bb2&#8243;][vc_separator sep_color=\u00bbaccent\u00bb type=\u00bbdashed\u00bb][vc_empty_space empty_h=\u00bb2&#8243;][vc_column_text]Los listados est\u00e1n organizados por <strong>club<\/strong>, y se pueden <strong>filtrar por fecha<\/strong>, y <strong>fiestas de d\u00eda\/noche<\/strong>.<\/p>\n<p>Aunque el calendario es m\u00e1s popular en verano, normalmente empieza a poblarse alrededor de <strong>marzo-abril<\/strong>, cuando los promotores anuncian sus planes para la pr\u00f3xima temporada.[\/vc_column_text][vc_empty_space empty_h=\u00bb2&#8243;][vc_custom_heading separator=\u00bbyes\u00bb separator_color=\u00bbyes\u00bb]<\/p>\n<h2 id=\"tickets\">Entradas de Ibiza Spotlight<\/h2>\n<p>[\/vc_custom_heading][vc_empty_space empty_h=\u00bb2&#8243;][vc_column_text uncode_shortcode_id=\u00bb154232&#8243;]Ibiza Spotlight lleva vendiendo entradas para discotecas de Ibiza desde 2004. \u00a1Eso son <strong>m\u00e1s de 15 a\u00f1os<\/strong>! <\/p>\n<p>Venden entradas para <strong>casi todos los eventos y discotecas<\/strong> de Ibiza, directamente desde su <a href=\"https:\/\/www.ibiza-spotlight.com\/night\/club_dates_i.htm?aid=145&amp;tid1=ti-is-article\" target=\"_blank\" rel=\"noopener\">calendario de fiestas<\/a>.<\/p>\n<p>La \u00fanica excepci\u00f3n notable para la venta de entradas para grandes discotecas es <strong>DC10<\/strong>. Aunque Ibiza Spotlight tiene listados para las fiestas de DC10, no es posible comprar entradas a trav\u00e9s de su plataforma (en 2026 el \u00fanico agente de venta de entradas a trav\u00e9s del cual se pueden comprar entradas para DC10 con antelaci\u00f3n es a trav\u00e9s de <strong>DICE<\/strong>).[\/vc_column_text][vc_empty_space empty_h=\u00bb2&#8243;][vc_separator sep_color=\u00bbaccent\u00bb type=\u00bbdashed\u00bb][vc_single_image media=\u00bb990941&#8243; media_width_percent=\u00bb100&#8243;][vc_empty_space empty_h=\u00bb1&#8243;][vc_custom_heading separator=\u00bbyes\u00bb separator_color=\u00bbyes\u00bb]<\/p>\n<h2 id=\"advance\">\u00bfDeber\u00eda comprar las entradas para las discotecas de Ibiza con antelaci\u00f3n?<\/h2>\n<p>[\/vc_custom_heading][vc_column_text]Es una gran pregunta, y una que nos hacen todo el tiempo.<\/p>\n<p>El caso es que ver\u00e1s a todo el mundo intentando venderte entradas para discotecas cuando est\u00e9s en Ibiza. Siempre podr\u00e1s entrar en una discoteca en Ibiza&#8230; <strong>debido a su tama\u00f1o, es muy raro que una discoteca se llene<\/strong>. <\/p>\n<p>Pero&#8230; los precios de las entradas variar\u00e1n dependiendo de a qui\u00e9n vayas en la isla. Todo el mundo est\u00e1 trabajando con una comisi\u00f3n para quitarse unos euros de la entrada. Por eso ver\u00e1s entradas de 40 \u20ac a la venta por 42 \u20ac, por ejemplo.  <\/p>\n<p>Nuestra opini\u00f3n es que <strong>si sabes a qui\u00e9n quieres ver<\/strong> cuando vayas a Ibiza, entonces <strong>compra tus entradas con antelaci\u00f3n<\/strong>. No vas a conseguir un precio mejor regateando con alguien en la calle, y es <strong>una cosa menos de la que preocuparte<\/strong> cuando est\u00e9s all\u00ed.[\/vc_column_text][vc_column_text]Aqu\u00ed tienes otras razones para comprar las entradas con antelaci\u00f3n antes de ir a Ibiza:[\/vc_column_text][vc_empty_space empty_h=\u00bb2&#8243;][vc_custom_heading heading_semantic=\u00bbh4&#8243; text_size=\u00bbh4&#8243;]<\/p>\n<h4>1. Tranquilidad<\/h4>\n<p>[\/vc_custom_heading][vc_column_text uncode_shortcode_id=\u00bb135610&#8243;]Compra tus entradas con antelaci\u00f3n, y sabr\u00e1s que tendr\u00e1s la <strong>entrada garantizada<\/strong> a la discoteca. No tendr\u00e1s que andar corriendo para comprar las entradas para tu grupo en el \u00faltimo minuto&#8230; \u00a1no necesitas ese l\u00edo! <\/p>\n<p><strong>Si compras las entradas y necesitas cancelarlas, para la mayor\u00eda de los eventos puedes hacerlo y obtener un reembolso del 100% 24 horas antes del evento.<\/strong><\/p>\n<p>Es raro conseguir una pol\u00edtica de cancelaci\u00f3n tan generosa, pero ah\u00ed la tienes.[\/vc_column_text][vc_custom_heading heading_semantic=\u00bbh4&#8243; text_size=\u00bbh4&#8243;]<\/p>\n<h4>2. Entrada m\u00e1s barata<\/h4>\n<p>[\/vc_custom_heading][vc_column_text]Encontrar\u00e1s los <strong>precios m\u00e1s bajos<\/strong> para las entradas de discoteca cuando compres online. Tambi\u00e9n es com\u00fan ver diferentes tipos de entradas que pueden ahorrarte dinero. <\/p>\n<p>Algunas fiestas ofrecen <strong>descuentos por reserva anticipada<\/strong> que pueden <strong>ahorrarte m\u00e1s de 30 \u20ac<\/strong> frente al pago en la puerta. Por ejemplo, The Zoo Project ofrece entradas por reserva anticipada por <strong>solo<\/strong> <strong>20 \u20ac<\/strong>.<\/p>\n<p>[\/vc_column_text][vc_separator sep_color=\u00bbaccent\u00bb type=\u00bbdashed\u00bb][vc_empty_space empty_h=\u00bb2&#8243;][vc_single_image media=\u00bb991073&#8243; caption=\u00bbyes\u00bb media_width_percent=\u00bb100&#8243;][vc_empty_space empty_h=\u00bb2&#8243;][vc_separator sep_color=\u00bbaccent\u00bb type=\u00bbdashed\u00bb][vc_empty_space empty_h=\u00bb2&#8243;][vc_custom_heading heading_semantic=\u00bbh4&#8243; text_size=\u00bbh4&#8243;]<\/p>\n<h4>3. Ahorra dinero para tus vacaciones<\/h4>\n<p>[\/vc_custom_heading][vc_column_text]Seamos sinceros, vas a quemar tu dinero cuando est\u00e9s en Ibiza.<\/p>\n<p>Organiza tus entradas para la discoteca antes de tu viaje y te ser\u00e1 m\u00e1s f\u00e1cil asegurarte de que tu <strong>presupuesto de vacaciones se mantiene intacto<\/strong>.[\/vc_column_text][vc_custom_heading heading_semantic=\u00bbh4&#8243; text_size=\u00bbh4&#8243;]<\/p>\n<h4>4. \u00a1Compromete a tu grupo con tu fiesta antes de ir!<\/h4>\n<p>[\/vc_custom_heading][vc_column_text]\u00a1Esta nos gusta mucho!<\/p>\n<p>Cuando est\u00e1s en Ibiza, est\u00e1s inundado de opciones sobre a qu\u00e9 discoteca ir cada noche. Si eres <strong>esa<\/strong> persona de tu grupo que sabe qu\u00e9 fiestas tienes que ver, entonces compra tus entradas con antelaci\u00f3n para tener ese compromiso por adelantado. Puede que te convenga planificar con antelaci\u00f3n&#8230; \u00a1f\u00e1cil![\/vc_column_text][vc_separator sep_color=\u00bbaccent\u00bb type=\u00bbdashed\u00bb][vc_empty_space empty_h=\u00bb2&#8243;][vc_single_image media=\u00bb991068&#8243; media_width_percent=\u00bb100&#8243;][vc_empty_space empty_h=\u00bb2&#8243;][vc_custom_heading separator=\u00bbyes\u00bb separator_color=\u00bbyes\u00bb]<\/p>\n<h2 id=\"reasons\">Razones para comprar entradas con Ibiza Spotlight<\/h2>\n<p>[\/vc_custom_heading][vc_empty_space empty_h=\u00bb1&#8243;][vc_column_text]Con todo esto en mente, \u00bfqu\u00e9 pasa con <a href=\"https:\/\/www.ibiza-spotlight.com?aid=145&amp;tid1=ti-is-article\" target=\"_blank\" rel=\"noopener\">Ibiza Spotlight<\/a>?<\/p>\n<p>Bueno, aqu\u00ed tienes cuatro razones m\u00e1s por las que <strong>recomendamos comprar entradas para discotecas con Ibiza Spotlight<\/strong> en lugar de con cualquier otro agente de venta de entradas.[\/vc_column_text][vc_empty_space empty_h=\u00bb2&#8243;][vc_custom_heading heading_semantic=\u00bbh4&#8243; text_size=\u00bbh4&#8243;]<\/p>\n<h3>1. Son la marca m\u00e1s establecida de la isla<\/h3>\n<p>[\/vc_custom_heading][vc_column_text uncode_shortcode_id=\u00bb881349&#8243;]Ibiza Spotlight lleva vendiendo entradas para discotecas online durante m\u00e1s de 20 a\u00f1os.<\/p>\n<p>Conf\u00eda en nosotros cuando decimos que saben lo que hacen. En cualquier caso, tienen un <strong>equipo de soporte en Ibiza<\/strong> que puede ayudarte en caso de que haya alg\u00fan problema.[\/vc_column_text][vc_custom_heading heading_semantic=\u00bbh4&#8243; text_size=\u00bbh4&#8243;]<\/p>\n<h3>2. Puedes cancelar gratis<\/h3>\n<p>[\/vc_custom_heading][vc_column_text uncode_shortcode_id=\u00bb751846&#8243;]Es Ibiza. Las cosas pasan, y los planes tienen que cambiar. <\/p>\n<p>Por suerte, puedes obtener un <strong>reembolso completo<\/strong> (en la mayor\u00eda de las entradas) por esas entradas que compraste hace meses ahora que casi es hora de irte de vacaciones.<\/p>\n<p>La pol\u00edtica de cancelaci\u00f3n de Ibiza Spotlight (hasta <strong>24 horas antes del evento<\/strong>) es muy generosa, y extremadamente rara en la industria de la venta de entradas.<\/p>\n<p>As\u00ed que no estamos fomentando un comportamiento irresponsable, pero es algo muy \u00fatil a lo que recurrir. Ya sabes&#8230; por si acaso.[\/vc_column_text][vc_custom_heading heading_semantic=\u00bbh4&#8243; text_size=\u00bbh4&#8243;]<\/p>\n<h3>3. No hay gastos de reserva ni ocultos<\/h3>\n<p>[\/vc_custom_heading][vc_column_text]Otra rareza en la venta de entradas: \u00a1<strong>sin gastos ocultos<\/strong>!<\/p>\n<p>El precio que ves en el sitio web es la cantidad que pagar\u00e1s. <strong>Sin gastos de reserva<\/strong>, <strong>sin gastos de tarjeta de cr\u00e9dito<\/strong>. Y esa es la cantidad exacta que recuperar\u00edas si necesitaras cancelar tambi\u00e9n.[\/vc_column_text][vc_custom_heading heading_semantic=\u00bbh4&#8243; text_size=\u00bbh4&#8243;]<\/p>\n<h3>4. Es seguro<\/h3>\n<p>[\/vc_custom_heading][vc_column_text]No olvidemos la seguridad. Ibiza Spotlight utiliza los <strong>\u00faltimos m\u00e9todos de encriptaci\u00f3n<\/strong> para procesar tu pago para que tengas tranquilidad al comprar entradas online.[\/vc_column_text][vc_empty_space empty_h=\u00bb2&#8243;][vc_separator sep_color=\u00bbaccent\u00bb type=\u00bbdashed\u00bb][vc_empty_space empty_h=\u00bb2&#8243;][vc_single_image media=\u00bb991069&#8243; caption=\u00bbyes\u00bb media_width_percent=\u00bb100&#8243;][vc_empty_space empty_h=\u00bb2&#8243;][vc_separator sep_color=\u00bbaccent\u00bb type=\u00bbdashed\u00bb][vc_empty_space empty_h=\u00bb2&#8243;][vc_custom_heading heading_semantic=\u00bbh4&#8243; text_size=\u00bbh4&#8243;]<\/p>\n<h3>5. \u00a1Ahorra tambi\u00e9n en bebidas!<\/h3>\n<p>[\/vc_custom_heading][vc_column_text]En 2019, Ibiza Spotlight tambi\u00e9n a\u00f1adi\u00f3 la posibilidad de pagar los paquetes de bebidas como parte de la compra de tu entrada.<\/p>\n<p>En lugar de pagar <strong>m\u00e1s de 20 \u20ac por un combinado de vodka<\/strong>, pagar\u00e1s 75 \u20ac por un paquete de 5 bebidas, <strong>lo que equivale a 15 \u20ac por bebida<\/strong>. \u00a1Cada poco cuenta![\/vc_column_text][vc_empty_space empty_h=\u00bb2&#8243;][vc_custom_heading separator=\u00bbyes\u00bb separator_color=\u00bbyes\u00bb]<\/p>\n<h2 id=\"deposits\">\u00bfQu\u00e9 pasa con los dep\u00f3sitos?<\/h2>\n<p>[\/vc_custom_heading][vc_column_text uncode_shortcode_id=\u00bb212625&#8243;]Algunos vendedores de entradas te ofrecer\u00e1n la posibilidad de hacer un dep\u00f3sito para tus entradas de discoteca y luego recogerlas cuando est\u00e9s en la isla.[\/vc_column_text][vc_empty_space empty_h=\u00bb2&#8243;][vc_single_image media=\u00bb990602&#8243; media_width_percent=\u00bb100&#8243;][vc_empty_space empty_h=\u00bb2&#8243;][vc_separator sep_color=\u00bbaccent\u00bb type=\u00bbdashed\u00bb][vc_empty_space empty_h=\u00bb2&#8243;][vc_column_text uncode_shortcode_id=\u00bb471018&#8243;]Bueno, es otra opci\u00f3n a considerar, pero en general nuestro consejo es <strong>simplemente no comprar ninguna entrada por adelantado<\/strong> y comprar una cuando est\u00e9s en Ibiza en su lugar.<\/p>\n<p>Como hemos dicho, casi nunca ocurre que una discoteca se llene, y nunca est\u00e1s a m\u00e1s de unos minutos de una tienda \/ restaurante \/ bar \/ hotel donde puedes comprar una entrada en persona.[\/vc_column_text][vc_empty_space empty_h=\u00bb2&#8243;][vc_column_text]<\/p>\n<blockquote><p>Si no est\u00e1s seguro de si vas a ir a la noche, simplemente no compres ninguna entrada por adelantado y compra una cuando est\u00e9s en Ibiza en su lugar.<\/p><\/blockquote>\n<p>[\/vc_column_text][vc_empty_space empty_h=\u00bb1&#8243;][vc_column_text uncode_shortcode_id=\u00bb198691&#8243;]Cuando compras entradas con Ibiza Spotlight, compras la <strong>entrada completa por adelantado online y eso es todo lo que necesitas hacer<\/strong>.<\/p>\n<p>Ni siquiera <strong>necesitas imprimir la entrada<\/strong>. Solo aseg\u00farate de que tu tel\u00e9fono est\u00e1 cargado, trae tu DNI y muestra la entrada en tu tel\u00e9fono al entrar. Si usas un iPhone, tambi\u00e9n puedes a\u00f1adir las entradas a tu Apple Wallet.  <\/p>\n<p>El proceso es s\u00faper f\u00e1cil. Llevamos usando <a href=\"https:\/\/www.ibiza-spotlight.com?aid=145&amp;tid1=ti-is-article\" target=\"_blank\" rel=\"noopener\">Ibiza Spotlight<\/a> para nuestras entradas durante m\u00e1s de 10 a\u00f1os, y son una de las \u00fanicas empresas a las que recomendamos comprar tus entradas para discotecas de Ibiza. <\/p>\n<p>Si tienes otras preguntas sobre Ibiza Spotlight, \u00a1<a href=\"https:\/\/ticketsibiza.com\/es\/contacto\/\">ponte en contacto<\/a>![\/vc_column_text][vc_button button_color=\u00bbcolor-vyce\u00bb border_width=\u00bb0&#8243; link=\u00bburl:https%3A%2F%2Fwww.ibiza-spotlight.com%2F%3Faid%3D145%26tid1%3Dti-is-article|target:_blank|\u00bb icon=\u00bbfa fa-ticket\u00bb]ENTRADAS DE IBIZA SPOTLIGHT[\/vc_button][vc_row_inner row_inner_height_percent=\u00bb0&#8243; back_color=\u00bbaccent\u00bb overlay_alpha=\u00bb50&#8243; gutter_size=\u00bb3&#8243; shift_y=\u00bb0&#8243; z_index=\u00bb0&#8243;][vc_column_inner column_width_percent=\u00bb100&#8243; gutter_size=\u00bb3&#8243; override_padding=\u00bbyes\u00bb column_padding=\u00bb2&#8243; overlay_alpha=\u00bb50&#8243; shift_x=\u00bb0&#8243; shift_y=\u00bb0&#8243; shift_y_down=\u00bb0&#8243; z_index=\u00bb0&#8243; medium_width=\u00bb0&#8243; mobile_width=\u00bb0&#8243; width=\u00bb1\/1&#8243;][vc_column_text uncode_shortcode_id=\u00bb112119&#8243;]<span style=\"color: #ffffff;\">Nuestro objetivo es darte toda la informaci\u00f3n que necesitas para comprar tus entradas para los clubs de Ibiza.<\/span><\/p>\n<p><span style=\"color: #ffffff;\"><em>\u00bfBuscas m\u00e1s contenido sobre Ibiza? Hay m\u00e1s de donde vino esto: <\/em><\/span><\/p>\n<p><span style=\"color: #ffffff;\">\ud83d\udc49 <a style=\"color: #ffffff;\" href=\"https:\/\/ticketsibiza.com\/es\/fiestas-de-apertura-ibiza\/\">Fiestas de apertura de Ibiza<\/a><\/span><\/p>\n<p><span style=\"color: #ffffff;\">\ud83d\udc49 <a style=\"color: #ffffff;\" href=\"https:\/\/ticketsibiza.com\/es\/calendario-ibiza\/\">Calendario de clubs de Ibiza<\/a><\/span><\/p>\n<p><span style=\"color: #ffffff;\">\ud83d\udc49 <a style=\"color: #ffffff;\" href=\"https:\/\/ticketsibiza.com\/es\/fiestas\/\">Fiestas de Ibiza<\/a><\/span><\/p>\n<p><span style=\"color: #ffffff;\">\ud83d\udc49 <a style=\"color: #ffffff;\" href=\"https:\/\/ticketsibiza.com\/es\/clubs\/\">Discotecas de Ibiza<\/a><\/span>[\/vc_column_text][\/vc_column_inner][\/vc_row_inner][\/vc_column][vc_column column_width_percent=\u00bb100&#8243; align_horizontal=\u00bbalign_center\u00bb gutter_size=\u00bb1&#8243; overlay_alpha=\u00bb50&#8243; shift_x=\u00bb0&#8243; shift_y=\u00bb0&#8243; shift_y_down=\u00bb0&#8243; z_index=\u00bb0&#8243; medium_width=\u00bb0&#8243; mobile_visibility=\u00bbyes\u00bb mobile_width=\u00bb0&#8243; sticky=\u00bbyes\u00bb width=\u00bb1\/4&#8243;][uncode_block id=\u00bb142897&#8243; inside_column=\u00bbyes\u00bb][\/vc_column][\/vc_row]<\/p>\n<\/div>","protected":false},"excerpt":{"rendered":"<p>[vc_row row_height_percent=\u00bb20&#8243; override_padding=\u00bbyes\u00bb h_padding=\u00bb0&#8243; top_padding=\u00bb0&#8243; bottom_padding=\u00bb0&#8243; back_image=\u00bb57222&#8243; back_position=\u00bbcenter center\u00bb parallax=\u00bbyes\u00bb overlay_alpha=\u00bb50&#8243; gutter_size=\u00bb3&#8243; column_width_percent=\u00bb100&#8243; shift_y=\u00bb0&#8243; z_index=\u00bb0&#8243;][vc_column width=\u00bb1\/1&#8243;][vc_empty_space empty_h=\u00bb5&#8243;][vc_row_inner row_inner_height_percent=\u00bb0&#8243; force_width_grid=\u00bbyes\u00bb overlay_color=\u00bbcolor-149363&#8243; [&hellip;]<\/p>\n","protected":false},"author":1,"featured_media":521847,"parent":0,"menu_order":0,"comment_status":"closed","ping_status":"closed","template":"","meta":{"_acf_changed":false,"footnotes":""},"class_list":["post-991060","page","type-page","status-publish","has-post-thumbnail","hentry"],"acf":[],"_links":{"self":[{"href":"https:\/\/ticketsibiza.com\/es\/wp-json\/wp\/v2\/pages\/991060","targetHints":{"allow":["GET"]}}],"collection":[{"href":"https:\/\/ticketsibiza.com\/es\/wp-json\/wp\/v2\/pages"}],"about":[{"href":"https:\/\/ticketsibiza.com\/es\/wp-json\/wp\/v2\/types\/page"}],"author":[{"embeddable":true,"href":"https:\/\/ticketsibiza.com\/es\/wp-json\/wp\/v2\/users\/1"}],"replies":[{"embeddable":true,"href":"https:\/\/ticketsibiza.com\/es\/wp-json\/wp\/v2\/comments?post=991060"}],"version-history":[{"count":13,"href":"https:\/\/ticketsibiza.com\/es\/wp-json\/wp\/v2\/pages\/991060\/revisions"}],"predecessor-version":[{"id":1002998,"href":"https:\/\/ticketsibiza.com\/es\/wp-json\/wp\/v2\/pages\/991060\/revisions\/1002998"}],"wp:featuredmedia":[{"embeddable":true,"href":"https:\/\/ticketsibiza.com\/es\/wp-json\/wp\/v2\/media\/521847"}],"wp:attachment":[{"href":"https:\/\/ticketsibiza.com\/es\/wp-json\/wp\/v2\/media?parent=991060"}],"curies":[{"name":"wp","href":"https:\/\/api.w.org\/{rel}","templated":true}]}}