{"id":990515,"date":"2019-11-14T16:28:19","date_gmt":"2019-11-14T16:28:19","guid":{"rendered":"https:\/\/ticketsibiza.com\/ibiza-virgins-how-to-survive-ibiza\/"},"modified":"2026-01-13T14:24:30","modified_gmt":"2026-01-13T14:24:30","slug":"virgenes-de-ibiza-como-sobrevivir-a-ibiza","status":"publish","type":"page","link":"https:\/\/ticketsibiza.com\/es\/virgenes-de-ibiza-como-sobrevivir-a-ibiza\/","title":{"rendered":"Ibiza para novatos: c\u00f3mo sobrevivir a Ibiza"},"content":{"rendered":"<div class=\"wpb-content-wrapper\"><p>[vc_row row_height_percent=\u00bb0&#8243; override_padding=\u00bbyes\u00bb h_padding=\u00bb2&#8243; top_padding=\u00bb2&#8243; bottom_padding=\u00bb0&#8243; back_image=\u00bb59430&#8243; overlay_alpha=\u00bb50&#8243; gutter_size=\u00bb3&#8243; column_width_percent=\u00bb100&#8243; shift_y=\u00bb0&#8243; z_index=\u00bb0&#8243; row_height_pixel=\u00bb50&#8243;][vc_column width=\u00bb1\/1&#8243;][vc_empty_space empty_h=\u00bb5&#8243;][vc_row_inner row_inner_height_percent=\u00bb0&#8243; force_width_grid=\u00bbyes\u00bb overlay_color=\u00bbcolor-149363&#8243; overlay_alpha=\u00bb50&#8243; gutter_size=\u00bb1&#8243; shift_y=\u00bb1&#8243; z_index=\u00bb3&#8243; css=\u00bb.vc_custom_1551002505146{margin-bottom: 0px !important;border-bottom-width: 0px !important;padding-top: 0px !important;padding-bottom: 0px !important;padding-left: 20px !important;}\u00bb][vc_column_inner column_width_percent=\u00bb100&#8243; gutter_size=\u00bb0&#8243; overlay_alpha=\u00bb50&#8243; shift_x=\u00bb0&#8243; shift_y=\u00bb0&#8243; shift_y_down=\u00bb0&#8243; z_index=\u00bb0&#8243; medium_width=\u00bb0&#8243; mobile_width=\u00bb0&#8243; width=\u00bb1\/1&#8243; css=\u00bb.vc_custom_1551002411961{padding-bottom: 0px !important;}\u00bb][vc_custom_heading text_color=\u00bbcolor-xsdn\u00bb heading_semantic=\u00bbh1&#8243; text_size=\u00bbh1&#8243; sub_reduced=\u00bbyes\u00bb uncode_shortcode_id=\u00bb608366&#8243; text_color_type=\u00bbuncode-palette\u00bb]Ibiza para novatos: c\u00f3mo sobrevivir a Ibiza 2026[\/vc_custom_heading][vc_column_text text_lead=\u00bbyes\u00bb]<strong><span style=\"color: white;\">5 consejos para sobrevivir a tu primer viaje a Ibiza<\/span><\/strong>[\/vc_column_text][\/vc_column_inner][\/vc_row_inner][\/vc_column][\/vc_row][vc_row row_height_percent=\u00bb0&#8243; overlay_alpha=\u00bb50&#8243; gutter_size=\u00bb3&#8243; column_width_percent=\u00bb100&#8243; shift_y=\u00bb0&#8243; z_index=\u00bb0&#8243; css=\u00bb.vc_custom_1551018712642{margin-top: 0px !important;margin-bottom: 0px !important;}\u00bb][vc_column column_width_percent=\u00bb100&#8243; gutter_size=\u00bb2&#8243; overlay_alpha=\u00bb50&#8243; shift_x=\u00bb0&#8243; shift_y=\u00bb0&#8243; shift_y_down=\u00bb0&#8243; z_index=\u00bb0&#8243; medium_width=\u00bb0&#8243; mobile_width=\u00bb0&#8243; width=\u00bb3\/4&#8243;][vc_column_text uncode_shortcode_id=\u00bb874699&#8243;]\u00bf<span class=\"dropped\">E<\/span>res nuevo en Ibiza y te est\u00e1s preparando para tu primer viaje a la isla en 2026? \u00bfTe sientes emocionado, ansioso o ambas cosas?<\/p>\n<p>Si has decidido buscar en Google para leer consejos antes de tu primer viaje a la Isla Blanca, has dado con el lugar adecuado. Esta es nuestra gu\u00eda sobre c\u00f3mo disfrutar de Ibiza, nuestros 5 consejos sobre c\u00f3mo sobrevivir.[\/vc_column_text][vc_column_text uncode_shortcode_id=\u00bb178926&#8243;]<\/p>\n<div class=\"noted\">Cada persona tiene una idea diferente de lo que implican unas buenas vacaciones en Ibiza, y esta es solo nuestra opini\u00f3n. Llevamos m\u00e1s de 15 a\u00f1os yendo a esta hermosa isla para disfrutar de sus clubes, su comida, su cultura y mucho, mucho m\u00e1s. Puedes seguir nuestro consejo o no \ud83e\udd17  <\/div>\n<p>[\/vc_column_text][vc_separator sep_color=\u00bbcolor-gyho\u00bb][vc_empty_space empty_h=\u00bb2&#8243;][vc_row_inner][vc_column_inner width=\u00bb1\/6&#8243;][vc_column_text]<span class=\"dropped\">1<\/span>[\/vc_column_text][\/vc_column_inner][vc_column_inner width=\u00bb5\/6&#8243;][vc_custom_heading separator_color=\u00bbyes\u00bb separator=\u00bbyes\u00bb]<\/p>\n<h2>Deja de preocuparte por el dinero<\/h2>\n<p>[\/vc_custom_heading][vc_single_image media=\u00bb990523&#8243; media_width_percent=\u00bb100&#8243;][vc_column_text]No nos andaremos con rodeos: <strong>si quieres unas vacaciones baratas, tienes que replantearte si Ibiza es el lugar adecuado para ir<\/strong>.<\/p>\n<p>Por supuesto, hay muchas maneras de reducir el gasto excesivo y aprovechar al m\u00e1ximo tu presupuesto. Sin embargo, est\u00e1s a punto de irte de vacaciones a Ibiza. Esto no es Magaluf, Zante, Kavos ni ning\u00fan otro lugar de Europa. Si lo \u00fanico que vas a hacer es comentar lo caro que es todo, cr\u00e9enos, <strong>no te lo vas a pasar bien<\/strong>.   <\/p>\n<p>Todo el mundo sabe que las cosas son caras en Ibiza. <strong>Es el segundo destino tur\u00edstico m\u00e1s densamente poblado del mundo<\/strong>. Es una isla en medio del mar. Todos los que trabajan en la industria del turismo tienen <strong>5 meses<\/strong> para ganar dinero para todo el a\u00f1o.  <\/p>\n<p>As\u00ed que as\u00famelo. <strong>Las cosas son caras, as\u00ed de simple<\/strong>. Si Ibiza no mereciera la pena, la gente se ir\u00eda a otro sitio y votar\u00eda con los pies. \u00bfHemos mencionado que en 2019 se registr\u00f3 un <strong>n\u00famero r\u00e9cord de visitantes<\/strong> en la isla?[\/vc_column_text][\/vc_column_inner][\/vc_row_inner][vc_separator sep_color=\u00bbcolor-gyho\u00bb][vc_empty_space empty_h=\u00bb2&#8243;][vc_row_inner][vc_column_inner width=\u00bb1\/6&#8243;][vc_column_text]<span class=\"dropped\">2<\/span>[\/vc_column_text][\/vc_column_inner][vc_column_inner width=\u00bb5\/6&#8243;][vc_custom_heading separator_color=\u00bbyes\u00bb separator=\u00bbyes\u00bb]<\/p>\n<h2>Elige bien el alojamiento<\/h2>\n<p>[\/vc_custom_heading][vc_single_image media=\u00bb990519&#8243; media_width_percent=\u00bb100&#8243;][vc_column_text]Esto es muy importante. Piensa bien d\u00f3nde quieres establecer tu base en la isla. R\u00e1pidamente te dar\u00e1s cuenta de que ir de A\/B en Ibiza no es tan sencillo como reservar un Uber, aunque la isla parezca peque\u00f1a en un mapa. Puede ser desesperante intentar encontrar un taxi disponible&#8230; \u00a1est\u00e1s avisado!   <\/p>\n<p>Entonces, \u00bfd\u00f3nde podr\u00edas alojarte? Aqu\u00ed tienes las dos opciones m\u00e1s populares:[\/vc_column_text][vc_accordion active_tab=\u00bb0&#8243;][vc_accordion_tab title=\u00bbSan Antonio\u00bb tab_id=\u00bb1572956383-1-571573744166067&#8243;][vc_column_text]<\/p>\n<p class=\"p1\">En general, es para un p\u00fablico m\u00e1s joven. Al oeste de la isla, a unos 30 minutos en coche del aeropuerto. Hogar de la infame \u00abstrip\u00bb de bares. Mucha, mucha gente inglesa. Eden, Es Paradis, Ibiza Rocks y O Beach est\u00e1n a la vuelta de la esquina. Zoo Project &amp; Pikes est\u00e1n a un corto trayecto en taxi. Cafe del Mar &amp; Cafe Mambo para puestas de sol inolvidables y pre-fiestas gratuitas -&gt; merece la pena ir solo por una noche.      <\/p>\n<p>[\/vc_column_text][\/vc_accordion_tab][vc_accordion_tab title=\u00bbPlaya d&apos;en Bossa\u00bb tab_id=\u00bb1572956383-2-951573744166067&#8243;][vc_column_text]<\/p>\n<p class=\"p1\">Al este de la isla, y muy cerca del aeropuerto (a solo 10 minutos en taxi). El impresionante casco antiguo est\u00e1 a pocos minutos en coche. En este lado de la isla tienes los superclubs Ushua\u00efa &amp; H\u00ef, mientras que Octan (el antiguo Sankeys) tambi\u00e9n est\u00e1 a la vuelta de la esquina. Pacha est\u00e1 a un corto trayecto en taxi en Talamanca, y Destino a otros 10 minutos en coche en las colinas. Entre Playa d\u2019en Bossa y el casco antiguo tienes Figueretas, un gran t\u00e9rmino medio si quieres estar cerca de las fiestas, pero no en medio de todo.    <\/p>\n<p>[\/vc_column_text][\/vc_accordion_tab][\/vc_accordion][vc_column_text uncode_shortcode_id=\u00bb713987&#8243;]Si sois un grupo de 8 o m\u00e1s, deber\u00edais <strong>considerar seriamente alquilar una villa<\/strong>. \u00bfPor qu\u00e9? Porque empezar\u00e9is a obtener <strong>mucha mejor relaci\u00f3n calidad-precio<\/strong> que aloj\u00e1ndoos en un hotel de gama baja\/media, especialmente para un viaje de una semana, que los propietarios prefieren mucho m\u00e1s que una estancia de pocas noches.  <\/p>\n<p>Dicho esto, ser\u00e1 m\u00e1s importante que nunca poder ir y volver de ella, \u00a1especialmente si tu villa est\u00e1 en medio de la isla y no sabes espa\u00f1ol para hablar con el conductor! <a href=\"https:\/\/ticketsibiza.com\/es\/ibiza-taxi-app-2\/\">La app de Taxi Ibiza<\/a> podr\u00eda convertirse en tu mejor amiga.[\/vc_column_text][\/vc_column_inner][\/vc_row_inner][vc_separator sep_color=\u00bbcolor-gyho\u00bb][vc_empty_space empty_h=\u00bb2&#8243;][vc_row_inner][vc_column_inner width=\u00bb1\/6&#8243;][vc_column_text]<span class=\"dropped\">3<\/span>[\/vc_column_text][\/vc_column_inner][vc_column_inner width=\u00bb5\/6&#8243;][vc_custom_heading separator_color=\u00bbyes\u00bb separator=\u00bbyes\u00bb]<\/p>\n<h2>Planifica tus grandes noches de discoteca<\/h2>\n<p>[\/vc_custom_heading][vc_single_image media=\u00bb990329&#8243; media_width_percent=\u00bb100&#8243;][vc_column_text uncode_shortcode_id=\u00bb198438&#8243;]Si vas a Ibiza durante una semana y quieres ir de discotecas \u00aben alg\u00fan momento\u00bb, d\u00e9janos darte un consejo. <strong>\u00a1Planifica qu\u00e9 discotecas quieres visitar&#8230; ahora!<\/strong> S\u00ed, tienes muchas opciones de fiestas para cada discoteca cada noche, pero <strong>la pol\u00edtica musical de cada una var\u00eda enormemente de un d\u00eda para otro<\/strong>. Ah, \u00bfquer\u00edas visitar Pacha pero es tu \u00faltima noche? \u00bfY no te gusta el reggaeton? Pues no tendr\u00e1s suerte si es J Balvin esa noche.   <\/p>\n<p>Piensa en los g\u00e9neros de m\u00fasica que te gustan e investiga. Encontrar\u00e1s una gran cantidad de m\u00fasica que se adapta a todos los gustos dondequiera que mires&#8230; ya sea David Guetta en Ushua\u00efa, Paul van Dyk en Eden, una Pool Party con Craig David o Jamie Jones en Amnesia. <\/p>\n<p>Por nuestra experiencia, tambi\u00e9n ayuda si sois un grupo grande poneros de acuerdo al menos en un par de noches en las que pens\u00e1is salir juntos. Si lo organiz\u00e1is antes de ir a Ibiza, tendr\u00e9is <em>algo<\/em> que se parezca a un plan.[\/vc_column_text][\/vc_column_inner][\/vc_row_inner][vc_separator sep_color=\u00bbcolor-gyho\u00bb][vc_empty_space empty_h=\u00bb2&#8243;][vc_row_inner][vc_column_inner width=\u00bb1\/6&#8243;][vc_column_text]<span class=\"dropped\">4<\/span>[\/vc_column_text][\/vc_column_inner][vc_column_inner width=\u00bb5\/6&#8243;][vc_custom_heading separator_color=\u00bbyes\u00bb separator=\u00bbyes\u00bb]<\/p>\n<h2>Compra tus entradas para la discoteca antes de ir<\/h2>\n<p>[\/vc_custom_heading][vc_single_image media=\u00bb990524&#8243; media_width_percent=\u00bb100&#8243;][vc_column_text uncode_shortcode_id=\u00bb214194&#8243;]En ese sentido, si sabes a qu\u00e9 discotecas vas a ir con antelaci\u00f3n, entonces <strong>te conviene comprar tambi\u00e9n tus entradas para la discoteca<\/strong>. Encontrar\u00e1s las <strong>entradas anticipadas oficiales<\/strong> <strong>m\u00e1s baratas online<\/strong>, lo que puede <strong>ahorrarte m\u00e1s de 10 \u20ac<\/strong> en comparaci\u00f3n con la compra en la puerta. Tambi\u00e9n puedes comprar paquetes de bebidas de las grandes discotecas al mismo tiempo. Un generoso combinado doble de vodka por 13 \u20ac de repente parece mucho m\u00e1s asequible que 20 \u20ac.   <\/p>\n<p><a href=\"https:\/\/www.ibiza-spotlight.com?aid=145&amp;tid1=ti-tips\" target=\"_blank\" rel=\"noopener\">Ibiza Spotlight<\/a> es el vendedor oficial de entradas con m\u00e1s a\u00f1os de experiencia en Ibiza: ofrecen <strong>cancelaciones gratuitas<\/strong> y <strong>garantizan las entradas anticipadas m\u00e1s baratas<\/strong> <strong>para comprar<\/strong> en cualquier lugar de la isla.[\/vc_column_text][\/vc_column_inner][\/vc_row_inner][vc_separator sep_color=\u00bbcolor-gyho\u00bb][vc_empty_space empty_h=\u00bb2&#8243;][vc_row_inner][vc_column_inner width=\u00bb1\/6&#8243;][vc_column_text]<span class=\"dropped\">5<\/span>[\/vc_column_text][\/vc_column_inner][vc_column_inner width=\u00bb5\/6&#8243;][vc_custom_heading separator_color=\u00bbyes\u00bb separator=\u00bbyes\u00bb uncode_shortcode_id=\u00bb106877&#8243;]<\/p>\n<h2>Disfruta<\/h2>\n<p>[\/vc_custom_heading][vc_single_image media=\u00bb990525&#8243; media_width_percent=\u00bb100&#8243;][vc_column_text uncode_shortcode_id=\u00bb145504&#8243;]Vale, este \u00faltimo punto es un poco flojo. Pero aqu\u00ed est\u00e1 la cosa&#8230; <strong>Ibiza es un lugar especial<\/strong>. Es un lugar para pasarlo bien. Vive y respira m\u00fasica, pero hay mucho m\u00e1s que explorar m\u00e1s all\u00e1 de sus discotecas. <strong>Tr\u00e1tala a ella y a todos los que viven all\u00ed con respeto<\/strong>. Conocer\u00e1s a mucha gente con ideas afines, que al igual que t\u00fa quieren pasarlo en grande durante sus vacaciones.    <\/p>\n<p>As\u00ed que deja tus preocupaciones en casa, prep\u00e1rate para estar a tope y disfruta. Volver\u00e1s antes de que te des cuenta \ud83d\ude09[\/vc_column_text][\/vc_column_inner][\/vc_row_inner][vc_separator sep_color=\u00bbcolor-gyho\u00bb][vc_row_inner row_inner_height_percent=\u00bb0&#8243; back_color=\u00bbaccent\u00bb overlay_alpha=\u00bb50&#8243; gutter_size=\u00bb3&#8243; shift_y=\u00bb0&#8243; z_index=\u00bb0&#8243;][vc_column_inner column_width_percent=\u00bb100&#8243; gutter_size=\u00bb3&#8243; override_padding=\u00bbyes\u00bb column_padding=\u00bb2&#8243; overlay_alpha=\u00bb50&#8243; shift_x=\u00bb0&#8243; shift_y=\u00bb0&#8243; shift_y_down=\u00bb0&#8243; z_index=\u00bb0&#8243; medium_width=\u00bb0&#8243; mobile_width=\u00bb0&#8243; width=\u00bb1\/1&#8243;][vc_column_text uncode_shortcode_id=\u00bb293096&#8243;]<span style=\"color: #ffffff;\">Nuestro objetivo es darte toda la informaci\u00f3n que necesitas para comprar tus entradas para los clubs de Ibiza.<\/span><\/p>\n<p><span style=\"color: #ffffff;\"><em>\u00bfBuscas m\u00e1s contenido sobre Ibiza? Hay m\u00e1s de donde vino esto: <\/em><\/span><\/p>\n<p><span style=\"color: #ffffff;\">\ud83d\udc49 <a style=\"color: #ffffff;\" href=\"https:\/\/ticketsibiza.com\/es\/fiestas-de-apertura-ibiza\/\">Fiestas de apertura de Ibiza<\/a><\/span><\/p>\n<p><span style=\"color: #ffffff;\">\ud83d\udc49 <a style=\"color: #ffffff;\" href=\"https:\/\/ticketsibiza.com\/es\/calendario-ibiza\/\">Calendario de clubs de Ibiza<\/a><\/span><\/p>\n<p><span style=\"color: #ffffff;\">\ud83d\udc49 <a style=\"color: #ffffff;\" href=\"https:\/\/ticketsibiza.com\/es\/fiestas\/\">Fiestas de Ibiza<\/a><\/span><\/p>\n<p><span style=\"color: #ffffff;\">\ud83d\udc49 <a style=\"color: #ffffff;\" href=\"https:\/\/ticketsibiza.com\/es\/clubs\/\">Discotecas de Ibiza<\/a><\/span>[\/vc_column_text][\/vc_column_inner][\/vc_row_inner][\/vc_column][vc_column column_width_percent=\u00bb100&#8243; align_horizontal=\u00bbalign_center\u00bb gutter_size=\u00bb2&#8243; overlay_alpha=\u00bb50&#8243; shift_x=\u00bb0&#8243; shift_y=\u00bb0&#8243; shift_y_down=\u00bb0&#8243; z_index=\u00bb0&#8243; medium_width=\u00bb0&#8243; mobile_visibility=\u00bbyes\u00bb mobile_width=\u00bb0&#8243; width=\u00bb1\/4&#8243; uncode_shortcode_id=\u00bb675981&#8243;][vc_button button_color=\u00bbcolor-jevc\u00bb size=\u00bbbtn-lg\u00bb border_animation=\u00bbbtn-ripple-out\u00bb wide=\u00bbyes\u00bb border_width=\u00bb0&#8243; link=\u00bburl:https%3A%2F%2Fticketsibiza.com%2Fes%2Fcalendario-ibiza%2F|\u00bb button_color_type=\u00bbuncode-palette\u00bb uncode_shortcode_id=\u00bb115040&#8243;]Comprar entradas[\/vc_button][vc_separator sep_color=\u00bbcolor-gyho\u00bb][uncode_block id=\u00bb142897&#8243; inside_column=\u00bbyes\u00bb][\/vc_column][\/vc_row]<\/p>\n<\/div>","protected":false},"excerpt":{"rendered":"<p>[vc_row row_height_percent=\u00bb0&#8243; override_padding=\u00bbyes\u00bb h_padding=\u00bb2&#8243; top_padding=\u00bb2&#8243; bottom_padding=\u00bb0&#8243; back_image=\u00bb59430&#8243; overlay_alpha=\u00bb50&#8243; gutter_size=\u00bb3&#8243; column_width_percent=\u00bb100&#8243; shift_y=\u00bb0&#8243; z_index=\u00bb0&#8243; row_height_pixel=\u00bb50&#8243;][vc_column width=\u00bb1\/1&#8243;][vc_empty_space empty_h=\u00bb5&#8243;][vc_row_inner row_inner_height_percent=\u00bb0&#8243; force_width_grid=\u00bbyes\u00bb overlay_color=\u00bbcolor-149363&#8243; overlay_alpha=\u00bb50&#8243; gutter_size=\u00bb1&#8243; [&hellip;]<\/p>\n","protected":false},"author":1,"featured_media":990522,"parent":0,"menu_order":0,"comment_status":"closed","ping_status":"closed","template":"","meta":{"_acf_changed":false,"footnotes":""},"class_list":["post-990515","page","type-page","status-publish","has-post-thumbnail","hentry","page_category-blog"],"acf":[],"_links":{"self":[{"href":"https:\/\/ticketsibiza.com\/es\/wp-json\/wp\/v2\/pages\/990515","targetHints":{"allow":["GET"]}}],"collection":[{"href":"https:\/\/ticketsibiza.com\/es\/wp-json\/wp\/v2\/pages"}],"about":[{"href":"https:\/\/ticketsibiza.com\/es\/wp-json\/wp\/v2\/types\/page"}],"author":[{"embeddable":true,"href":"https:\/\/ticketsibiza.com\/es\/wp-json\/wp\/v2\/users\/1"}],"replies":[{"embeddable":true,"href":"https:\/\/ticketsibiza.com\/es\/wp-json\/wp\/v2\/comments?post=990515"}],"version-history":[{"count":30,"href":"https:\/\/ticketsibiza.com\/es\/wp-json\/wp\/v2\/pages\/990515\/revisions"}],"predecessor-version":[{"id":1059908,"href":"https:\/\/ticketsibiza.com\/es\/wp-json\/wp\/v2\/pages\/990515\/revisions\/1059908"}],"wp:featuredmedia":[{"embeddable":true,"href":"https:\/\/ticketsibiza.com\/es\/wp-json\/wp\/v2\/media\/990522"}],"wp:attachment":[{"href":"https:\/\/ticketsibiza.com\/es\/wp-json\/wp\/v2\/media?parent=990515"}],"curies":[{"name":"wp","href":"https:\/\/api.w.org\/{rel}","templated":true}]}}