{"id":990169,"date":"2019-09-11T20:07:25","date_gmt":"2019-09-11T19:07:25","guid":{"rendered":"https:\/\/ticketsibiza.com\/clubs\/lio\/"},"modified":"2026-03-18T17:02:25","modified_gmt":"2026-03-18T17:02:25","slug":"lio","status":"publish","type":"page","link":"https:\/\/ticketsibiza.com\/es\/clubs\/lio\/","title":{"rendered":"L\u00edo Ibiza 2026 &#8211; Entradas, Eventos y Cartel"},"content":{"rendered":"<div class=\"wpb-content-wrapper\"><p>[vc_row row_height_percent=\u00bb0&#8243; override_padding=\u00bbyes\u00bb h_padding=\u00bb2&#8243; top_padding=\u00bb2&#8243; bottom_padding=\u00bb0&#8243; back_image=\u00bb127407&#8243; back_attachment=\u00bbscroll\u00bb parallax=\u00bbyes\u00bb overlay_alpha=\u00bb50&#8243; gutter_size=\u00bb3&#8243; column_width_percent=\u00bb100&#8243; shift_y=\u00bb0&#8243; z_index=\u00bb0&#8243; row_height_pixel=\u00bb50&#8243;][vc_column column_width_percent=\u00bb100&#8243; position_vertical=\u00bbbottom\u00bb gutter_size=\u00bb3&#8243; overlay_alpha=\u00bb50&#8243; shift_x=\u00bb0&#8243; shift_y=\u00bb0&#8243; shift_y_down=\u00bb0&#8243; z_index=\u00bb0&#8243; medium_width=\u00bb0&#8243; mobile_width=\u00bb0&#8243; width=\u00bb1\/1&#8243;][vc_empty_space empty_h=\u00bb5&#8243;][vc_row_inner row_inner_height_percent=\u00bb0&#8243; force_width_grid=\u00bbyes\u00bb overlay_color=\u00bbcolor-149363&#8243; overlay_alpha=\u00bb70&#8243; gutter_size=\u00bb1&#8243; shift_y=\u00bb1&#8243; z_index=\u00bb3&#8243; css=\u00bb.vc_custom_1555872297672{margin-bottom: 0px !important;border-bottom-width: 0px !important;padding-top: 0px !important;padding-bottom: 0px !important;padding-left: 20px !important;}\u00bb][vc_column_inner column_width_percent=\u00bb100&#8243; gutter_size=\u00bb0&#8243; overlay_alpha=\u00bb50&#8243; shift_x=\u00bb0&#8243; shift_y=\u00bb0&#8243; shift_y_down=\u00bb0&#8243; z_index=\u00bb0&#8243; medium_width=\u00bb0&#8243; mobile_width=\u00bb0&#8243; width=\u00bb1\/1&#8243; css=\u00bb.vc_custom_1551002411961{padding-bottom: 0px !important;}\u00bb][vc_custom_heading text_color=\u00bbcolor-xsdn\u00bb heading_semantic=\u00bbh1&#8243; text_size=\u00bbh1&#8243; sub_reduced=\u00bbyes\u00bb]<\/p>\n<h1 style=\"text-align: left;\"><span style=\"color: #ffffff;\">L\u00edo<\/span><\/h1>\n<p>[\/vc_custom_heading][vc_column_text text_lead=\u00bbyes\u00bb]<\/p>\n<h4><span style=\"font-weight: 400; color: #ffffff;\">El glamuroso cabaret y discoteca de moda de Ibiza<\/span><\/h4>\n<p>[\/vc_column_text][\/vc_column_inner][\/vc_row_inner][\/vc_column][\/vc_row][vc_row row_height_percent=\u00bb0&#8243; overlay_alpha=\u00bb50&#8243; gutter_size=\u00bb3&#8243; column_width_percent=\u00bb100&#8243; shift_y=\u00bb0&#8243; z_index=\u00bb0&#8243; css=\u00bb.vc_custom_1551018712642{margin-top: 0px !important;margin-bottom: 0px !important;}\u00bb][vc_column column_width_percent=\u00bb100&#8243; gutter_size=\u00bb3&#8243; overlay_alpha=\u00bb50&#8243; shift_x=\u00bb0&#8243; shift_y=\u00bb0&#8243; shift_y_down=\u00bb0&#8243; z_index=\u00bb0&#8243; medium_width=\u00bb0&#8243; mobile_width=\u00bb0&#8243; width=\u00bb3\/4&#8243;][vc_column_text uncode_shortcode_id=\u00bb180626&#8243;]<span style=\"font-weight: 400;\">Con unas vistas incre\u00edbles de <strong>Dalt Vila<\/strong> y el <strong>casco antiguo<\/strong> desde su ubicaci\u00f3n en <strong>Talamanca<\/strong>, <strong>L\u00edo<\/strong> es un local muy vers\u00e1til que ofrece de todo, desde c\u00f3cteles y cabaret hasta discoteca hasta altas horas de la madrugada.<\/span><\/p>\n<p><span style=\"font-weight: 400;\">Puedes ver c\u00f3mo el local se transforma a lo largo del d\u00eda, de restaurante a local de <strong>cabaret<\/strong> y a <strong>discoteca en toda regla<\/strong> despu\u00e9s de la 1 de la madrugada. No hay muchos locales en Ibiza que puedan ofrecer una oferta tan amplia: una visita a L\u00edo es algo que recordar\u00e1s durante mucho tiempo. <\/span><\/p>\n<p><span style=\"font-weight: 400;\">El p\u00fablico es m\u00e1s maduro y se viste para impresionar.<\/span> <span style=\"font-weight: 400;\">Es probable que te codees con algunos de los famosos que frecuentan L\u00edo de forma habitual&#8230; no te olvides de mantener la calma \ud83d\ude09<\/span><\/p>\n<p><span style=\"font-weight: 400;\">Desde una perspectiva de clubbing, L\u00edo se ha diversificado considerablemente en las \u00faltimas temporadas. Con residencias de <strong>Felix da Housecat<\/strong>, <strong>2manydjs<\/strong> y <strong>Sebastian Gamboa<\/strong>, no te costar\u00e1 encontrar una fiesta que se adapte a tus gustos. <\/span><\/p>\n<p><span style=\"font-weight: 400;\">Si buscas una noche de entretenimiento completa cuando est\u00e9s en Ibiza, sin duda merece la pena tener en cuenta L\u00edo.<\/span>[\/vc_column_text][vc_tabs][vc_tab title=\u00bbQu\u00e9 esperar\u00bb tab_id=\u00bb1560767237-1-91fffd-f682&#8243;][vc_column_text]<\/p>\n<blockquote>\n<h3><span style=\"font-weight: 400;\">\u00abBrillo, glamour, caras famosas, vistas incre\u00edbles y una experiencia de entretenimiento como en ning\u00fan otro lugar de la isla\u00bb<\/span><\/h3>\n<\/blockquote>\n<p>[\/vc_column_text][\/vc_tab][vc_tab title=\u00bbNuestros consejos\u00bb tab_id=\u00bb1560767237-2-0fffd-f682&#8243;][vc_column_text]<\/p>\n<ul>\n<li style=\"font-weight: 400;\"><span style=\"font-weight: 400;\">\u00bfTienes un presupuesto ajustado? Este no es el lugar para ir \ud83d\ude09 Recuerda que puedes venir solo a la noche de discoteca sin reservar mesa con antelaci\u00f3n.  <\/span><\/li>\n<li style=\"font-weight: 400;\"><span style=\"font-weight: 400;\">\u00a1V\u00edstete elegante! Este es uno de los locales de Ibiza en los que querr\u00e1s estar a la altura <\/span><\/li>\n<li style=\"font-weight: 400;\"><span style=\"font-weight: 400;\">No olvides que tu reserva de restaurante tambi\u00e9n cuenta como entrada al club<\/span><\/li>\n<li style=\"font-weight: 400;\">L\u00edo organiza muchos eventos especiales y cenas durante toda la temporada de verano. Mantente al d\u00eda con su <a style=\"font-family: -apple-system, BlinkMacSystemFont, &#039;Segoe UI&#039;, Roboto, Oxygen-Sans, Ubuntu, Cantarell, &#039;Helvetica Neue&#039;, sans-serif;\" href=\"https:\/\/lioibiza.com\/\" target=\"_blank\" rel=\"noopener\">sitio web<\/a><span style=\"font-weight: 400;\"> para los \u00faltimos anuncios<\/span> <\/li>\n<\/ul>\n<p>[\/vc_column_text][\/vc_tab][\/vc_tabs][vc_accordion title=\u00bbPreguntas frecuentes\u00bb][vc_accordion_tab title=\u00bb\u00bfC\u00f3mo llego a L\u00edo?\u00bb tab_id=\u00bb1560767237-1-24fffd-f682&#8243;][vc_column_text]<span style=\"font-weight: 400;\">L\u00edo est\u00e1 situado en Talamanca, a 20 minutos a pie de Ibiza ciudad. Un taxi desde Ibiza ciudad te costar\u00e1 unos 10 \u20ac, o 30 \u20ac desde San Antonio. <\/span>[\/vc_column_text][\/vc_accordion_tab][vc_accordion_tab title=\u00bb\u00bfCu\u00e1l es el horario de apertura de L\u00edo?\u00bb tab_id=\u00bb1560767237-2-71fffd-f682&#8243;][vc_column_text]<span style=\"font-weight: 400;\">El restaurante de L\u00edo abre a las 20:30 todas las noches. El club abre a la 1 de la madrugada y todo el local cierra a las 6 de la ma\u00f1ana todas las noches. <\/span>[\/vc_column_text][\/vc_accordion_tab][vc_accordion_tab title=\u00bb\u00bfCu\u00e1nto cuesta entrar en L\u00edo?\u00bb tab_id=\u00bb1560768560770-2-3fffd-f682&#8243;][vc_column_text]<span style=\"font-weight: 400;\">Las entradas para L\u00edo oscilan entre 40 y 50 \u20ac, dependiendo del promotor de la noche. Puedes esperar pagar un m\u00ednimo de 200 \u20ac por persona por una mesa VIP.  Compra entradas online con antelaci\u00f3n para ahorrar al menos 10 \u20ac adicionales sobre el precio en taquilla.<\/span>[\/vc_column_text][\/vc_accordion_tab][vc_accordion_tab title=\u00bb\u00bfCu\u00e1les son los precios de las bebidas en L\u00edo?\u00bb tab_id=\u00bb1560768568468-3-4fffd-f682&#8243;][vc_column_text]<span style=\"font-weight: 400;\">En 2019, en L\u00edo una cerveza cuesta 15 \u20ac, el agua 10 \u20ac y una copa 25 \u20ac. Las botellas de vino empiezan en 72 \u20ac. <\/span>[\/vc_column_text][\/vc_accordion_tab][vc_accordion_tab title=\u00bb\u00bfCu\u00e1l es el aforo de L\u00edo?\u00bb tab_id=\u00bb1560768585183-4-8fffd-f682&#8243;][vc_column_text]<span style=\"font-weight: 400;\">L\u00edo tiene capacidad para 1500 personas.<\/span>[\/vc_column_text][\/vc_accordion_tab][vc_accordion_tab title=\u00bb\u00bfCu\u00e1l es el c\u00f3digo de vestimenta en L\u00edo?\u00bb tab_id=\u00bb1560768597322-5-10fffd-f682&#8243;][vc_column_text]<span style=\"font-weight: 400;\">V\u00edstete para impresionar. Es probable que te rechacen si llevas chanclas, vaqueros rotos o camisetas de tirantes. <\/span>[\/vc_column_text][\/vc_accordion_tab][vc_accordion_tab gutter_size=\u00bb2&#8243; column_padding=\u00bb2&#8243; title=\u00bb\u00bfCu\u00e1l es el cartel de L\u00edo Ibiza?\u00bb tab_id=\u00bb1560768604185-6-7fffd-f682&#8243;][vc_column_text]<span style=\"font-weight: 400;\">Puedes consultar el cartel completo de L\u00edo Ibiza en el calendario que aparece a continuaci\u00f3n.<\/span>[\/vc_column_text][\/vc_accordion_tab][\/vc_accordion][\/vc_column][vc_column column_width_percent=\u00bb100&#8243; align_horizontal=\u00bbalign_center\u00bb gutter_size=\u00bb2&#8243; overlay_alpha=\u00bb50&#8243; shift_x=\u00bb0&#8243; shift_y=\u00bb0&#8243; shift_y_down=\u00bb0&#8243; z_index=\u00bb0&#8243; medium_visibility=\u00bbyes\u00bb medium_width=\u00bb0&#8243; mobile_visibility=\u00bbyes\u00bb mobile_width=\u00bb0&#8243; sticky=\u00bbyes\u00bb width=\u00bb1\/4&#8243;][vc_button button_color=\u00bbcolor-jevc\u00bb size=\u00bbbtn-lg\u00bb border_animation=\u00bbbtn-ripple-out\u00bb wide=\u00bbyes\u00bb border_width=\u00bb0&#8243; link=\u00bburl:%23listings|\u00bb button_color_type=\u00bbuncode-palette\u00bb uncode_shortcode_id=\u00bb101296&#8243;]Comprar entradas[\/vc_button][vc_separator sep_color=\u00bbaccent\u00bb][vc_single_image media=\u00bb990183&#8243; media_width_percent=\u00bb75&#8243; alignment=\u00bbcenter\u00bb shape=\u00bbimg-circle\u00bb border=\u00bbyes\u00bb shadow=\u00bbyes\u00bb shadow_weight=\u00bbsm\u00bb shadow_darker=\u00bbyes\u00bb][vc_separator sep_color=\u00bbaccent\u00bb][vc_separator sep_color=\u00bbaccent\u00bb][uncode_block id=\u00bb146863&#8243; inside_column=\u00bbyes\u00bb][\/vc_column][\/vc_row][vc_section back_color=\u00bbcolor-lxmt\u00bb overlay_alpha=\u00bb50&#8243;][vc_row][vc_column width=\u00bb3\/4&#8243;][vc_gallery el_id=\u00bbgallery-160005&#8243; type=\u00bbjustified\u00bb random=\u00bbyes\u00bb medias=\u00bb990177,990178,990179,990180,990181,990182&#8243; justify_row_height=\u00bb150&#8243; gutter_size=\u00bb0&#8243; single_overlay_opacity=\u00bb50&#8243; single_padding=\u00bb2&#8243; title=\u00bbGaler\u00eda de fotos\u00bb][\/vc_column][vc_column width=\u00bb1\/4&#8243;][\/vc_column][\/vc_row][\/vc_section][vc_section back_color=\u00bbcolor-prif\u00bb overlay_alpha=\u00bb50&#8243;][vc_row row_height_percent=\u00bb0&#8243; overlay_alpha=\u00bb50&#8243; gutter_size=\u00bb3&#8243; column_width_percent=\u00bb100&#8243; shift_y=\u00bb0&#8243; z_index=\u00bb0&#8243; row_name=\u00bblistings\u00bb][vc_column column_width_percent=\u00bb100&#8243; position_vertical=\u00bbmiddle\u00bb align_horizontal=\u00bbalign_center\u00bb gutter_size=\u00bb2&#8243; overlay_alpha=\u00bb50&#8243; shift_x=\u00bb0&#8243; shift_y=\u00bb0&#8243; shift_y_down=\u00bb0&#8243; z_index=\u00bb0&#8243; medium_width=\u00bb0&#8243; mobile_width=\u00bb0&#8243; width=\u00bb1\/1&#8243;][vc_custom_heading text_color=\u00bbcolor-xsdn\u00bb sub_lead=\u00bbyes\u00bb uncode_shortcode_id=\u00bb157002&#8243; text_color_type=\u00bbuncode-palette\u00bb]<\/p>\n<h2 style=\"text-align: center;\"><span style=\"color: #ffffff;\">Lista de fiestas<\/span><\/h2>\n<p>[\/vc_custom_heading]\t\t<div class=\"wcs-timetable__wrapper\">\n\t\t\t<div class=\"wcs-vue\" id=\"wcs-app-93\"><\/div>\n\t\t<\/div>\n\t\t[\/vc_column][\/vc_row][\/vc_section]<\/p>\n<\/div>","protected":false},"excerpt":{"rendered":"<p>[vc_row row_height_percent=\u00bb0&#8243; override_padding=\u00bbyes\u00bb h_padding=\u00bb2&#8243; top_padding=\u00bb2&#8243; bottom_padding=\u00bb0&#8243; back_image=\u00bb127407&#8243; back_attachment=\u00bbscroll\u00bb parallax=\u00bbyes\u00bb overlay_alpha=\u00bb50&#8243; gutter_size=\u00bb3&#8243; column_width_percent=\u00bb100&#8243; shift_y=\u00bb0&#8243; z_index=\u00bb0&#8243; row_height_pixel=\u00bb50&#8243;][vc_column column_width_percent=\u00bb100&#8243; position_vertical=\u00bbbottom\u00bb gutter_size=\u00bb3&#8243; overlay_alpha=\u00bb50&#8243; shift_x=\u00bb0&#8243; [&hellip;]<\/p>\n","protected":false},"author":1,"featured_media":990183,"parent":989689,"menu_order":0,"comment_status":"closed","ping_status":"closed","template":"","meta":{"_acf_changed":false,"footnotes":""},"class_list":["post-990169","page","type-page","status-publish","has-post-thumbnail","hentry","page_category-discotecas"],"acf":[],"_links":{"self":[{"href":"https:\/\/ticketsibiza.com\/es\/wp-json\/wp\/v2\/pages\/990169","targetHints":{"allow":["GET"]}}],"collection":[{"href":"https:\/\/ticketsibiza.com\/es\/wp-json\/wp\/v2\/pages"}],"about":[{"href":"https:\/\/ticketsibiza.com\/es\/wp-json\/wp\/v2\/types\/page"}],"author":[{"embeddable":true,"href":"https:\/\/ticketsibiza.com\/es\/wp-json\/wp\/v2\/users\/1"}],"replies":[{"embeddable":true,"href":"https:\/\/ticketsibiza.com\/es\/wp-json\/wp\/v2\/comments?post=990169"}],"version-history":[{"count":26,"href":"https:\/\/ticketsibiza.com\/es\/wp-json\/wp\/v2\/pages\/990169\/revisions"}],"predecessor-version":[{"id":1128860,"href":"https:\/\/ticketsibiza.com\/es\/wp-json\/wp\/v2\/pages\/990169\/revisions\/1128860"}],"up":[{"embeddable":true,"href":"https:\/\/ticketsibiza.com\/es\/wp-json\/wp\/v2\/pages\/989689"}],"wp:featuredmedia":[{"embeddable":true,"href":"https:\/\/ticketsibiza.com\/es\/wp-json\/wp\/v2\/media\/990183"}],"wp:attachment":[{"href":"https:\/\/ticketsibiza.com\/es\/wp-json\/wp\/v2\/media?parent=990169"}],"curies":[{"name":"wp","href":"https:\/\/api.w.org\/{rel}","templated":true}]}}