{"id":990051,"date":"2020-02-25T11:57:44","date_gmt":"2020-02-25T11:57:44","guid":{"rendered":"https:\/\/ticketsibiza.com\/paradise\/"},"modified":"2026-03-18T11:21:48","modified_gmt":"2026-03-18T11:21:48","slug":"paradise","status":"publish","type":"page","link":"https:\/\/ticketsibiza.com\/es\/fiestas\/paradise\/","title":{"rendered":"Paradise Ibiza 2026 &#8211; Entradas, eventos y cartel"},"content":{"rendered":"<div class=\"wpb-content-wrapper\"><p>[vc_row row_height_percent=\u00bb0&#8243; override_padding=\u00bbyes\u00bb h_padding=\u00bb2&#8243; top_padding=\u00bb2&#8243; bottom_padding=\u00bb0&#8243; back_image=\u00bb144443&#8243; overlay_alpha=\u00bb50&#8243; gutter_size=\u00bb3&#8243; column_width_percent=\u00bb100&#8243; shift_y=\u00bb0&#8243; z_index=\u00bb0&#8243; row_height_pixel=\u00bb50&#8243;][vc_column width=\u00bb1\/1&#8243;][vc_empty_space empty_h=\u00bb5&#8243;][vc_row_inner row_inner_height_percent=\u00bb0&#8243; force_width_grid=\u00bbyes\u00bb overlay_color=\u00bbcolor-149363&#8243; overlay_alpha=\u00bb50&#8243; gutter_size=\u00bb1&#8243; shift_y=\u00bb1&#8243; z_index=\u00bb3&#8243; css=\u00bb.vc_custom_1551002505146{margin-bottom: 0px !important;border-bottom-width: 0px !important;padding-top: 0px !important;padding-bottom: 0px !important;padding-left: 20px !important;}\u00bb][vc_column_inner column_width_percent=\u00bb100&#8243; gutter_size=\u00bb0&#8243; overlay_alpha=\u00bb50&#8243; shift_x=\u00bb0&#8243; shift_y=\u00bb0&#8243; shift_y_down=\u00bb0&#8243; z_index=\u00bb0&#8243; medium_width=\u00bb0&#8243; mobile_width=\u00bb0&#8243; width=\u00bb1\/1&#8243; css=\u00bb.vc_custom_1551002411961{padding-bottom: 0px !important;}\u00bb][vc_custom_heading text_color=\u00bbcolor-xsdn\u00bb heading_semantic=\u00bbh1&#8243; text_size=\u00bbh1&#8243; sub_reduced=\u00bbyes\u00bb]Paradise[\/vc_custom_heading][vc_column_text text_lead=\u00bbyes\u00bb]<strong><span style=\"color: white;\">Amnesia<\/span><\/strong>[\/vc_column_text][\/vc_column_inner][\/vc_row_inner][\/vc_column][\/vc_row][vc_row row_height_percent=\u00bb0&#8243; override_padding=\u00bbyes\u00bb h_padding=\u00bb2&#8243; top_padding=\u00bb2&#8243; bottom_padding=\u00bb0&#8243; overlay_alpha=\u00bb50&#8243; gutter_size=\u00bb3&#8243; column_width_percent=\u00bb100&#8243; shift_y=\u00bb0&#8243; z_index=\u00bb0&#8243; css=\u00bb.vc_custom_1551018966910{margin-bottom: 0px !important;padding-bottom: 0px !important;}\u00bb][vc_column column_width_percent=\u00bb100&#8243; gutter_size=\u00bb0&#8243; overlay_alpha=\u00bb50&#8243; shift_x=\u00bb0&#8243; shift_y=\u00bb0&#8243; shift_y_down=\u00bb0&#8243; z_index=\u00bb0&#8243; medium_width=\u00bb0&#8243; mobile_width=\u00bb0&#8243; width=\u00bb3\/4&#8243;][vc_column_text uncode_shortcode_id=\u00bb688689&#8243;]<\/p>\n<blockquote>\n<h3>Paradise vuelve a UNVRS<\/h3>\n<\/blockquote>\n<p>[\/vc_column_text][\/vc_column][vc_column column_width_percent=\u00bb100&#8243; gutter_size=\u00bb0&#8243; overlay_alpha=\u00bb50&#8243; shift_x=\u00bb0&#8243; shift_y=\u00bb0&#8243; shift_y_down=\u00bb0&#8243; z_index=\u00bb0&#8243; medium_width=\u00bb0&#8243; mobile_visibility=\u00bbyes\u00bb mobile_width=\u00bb0&#8243; width=\u00bb1\/4&#8243;][vc_button button_color=\u00bbcolor-jevc\u00bb size=\u00bbbtn-lg\u00bb border_animation=\u00bbbtn-ripple-out\u00bb border_width=\u00bb0&#8243; link=\u00bburl:%23listings|\u00bb button_color_type=\u00bbuncode-palette\u00bb uncode_shortcode_id=\u00bb709845&#8243;]Comprar entradas[\/vc_button][\/vc_column][\/vc_row][vc_row row_height_percent=\u00bb0&#8243; overlay_alpha=\u00bb50&#8243; gutter_size=\u00bb3&#8243; column_width_percent=\u00bb100&#8243; shift_y=\u00bb0&#8243; z_index=\u00bb0&#8243; css=\u00bb.vc_custom_1551018712642{margin-top: 0px !important;margin-bottom: 0px !important;}\u00bb][vc_column column_width_percent=\u00bb100&#8243; gutter_size=\u00bb2&#8243; overlay_alpha=\u00bb50&#8243; shift_x=\u00bb0&#8243; shift_y=\u00bb0&#8243; shift_y_down=\u00bb0&#8243; z_index=\u00bb0&#8243; medium_width=\u00bb0&#8243; mobile_width=\u00bb0&#8243; width=\u00bb3\/4&#8243;][vc_column_text uncode_shortcode_id=\u00bb730612&#8243;]<\/p>\n<p class=\"p1\">Jamie Jones trae Paradise de vuelta a Ibiza para 2026 con una residencia de 18 semanas en UNVRS, todos los mi\u00e9rcoles desde el 10 de junio hasta el 7 de octubre.<\/p>\n<p class=\"p1\">Desde su lanzamiento en 2012, Paradise se ha convertido en una de las fiestas emblem\u00e1ticas de la isla, una cita fija en el calendario de Ibiza creada en torno a la capacidad de Jones para desdibujar las l\u00edneas entre el house, el tech-house y el techno. La noche atrae a un p\u00fablico que viene por la m\u00fasica m\u00e1s que por el espect\u00e1culo, con una programaci\u00f3n que siempre cumple en sus m\u00faltiples salas. <\/p>\n<p class=\"p1\">Para 2026, la residencia se traslada a UNVRS, un local que se ha consolidado r\u00e1pidamente como uno de los espacios m\u00e1s vanguardistas de Ibiza. La configuraci\u00f3n de varias salas del club \u2014Wild Comet, Bunker y la pista principal\u2014 da a Paradise espacio para expandirse, y cada zona ofrece su propio sonido y ambiente caracter\u00edsticos durante toda la noche. <\/p>\n<p class=\"p1\">El propio Jones sigue siendo la constante, pinchando cada semana y seleccionando carteles que mezclan nombres consagrados con talentos emergentes que ha impulsado a trav\u00e9s de sus sellos Hot Creations y Emerald City. En temporadas anteriores han pasado invitados que van desde The Martinez Brothers y Loco Dice hasta artistas m\u00e1s noveles que debutaban en Ibiza. <\/p>\n<p class=\"p1\">La fiesta de apertura el mi\u00e9rcoles 10 de junio da el pistoletazo de salida a la temporada, con apertura de puertas a las 23:00 y la fiesta prolong\u00e1ndose hasta altas horas de la madrugada. La fiesta de cierre el mi\u00e9rcoles 7 de octubre completa la que promete ser una de las residencias m\u00e1s largas del verano. <\/p>\n<p>[\/vc_column_text][\/vc_column][vc_column column_width_percent=\u00bb100&#8243; gutter_size=\u00bb0&#8243; overlay_alpha=\u00bb50&#8243; shift_x=\u00bb0&#8243; shift_y=\u00bb0&#8243; shift_y_down=\u00bb0&#8243; z_index=\u00bb0&#8243; medium_width=\u00bb0&#8243; mobile_width=\u00bb0&#8243; width=\u00bb1\/4&#8243;][vc_separator sep_color=\u00bbcolor-149363&#8243;][uncode_list icon=\u00bbfa fa-location-outline\u00bb uncode_shortcode_id=\u00bb219698&#8243;]<\/p>\n<ul>\n<li>UNVRS<\/li>\n<\/ul>\n<p>[\/uncode_list][uncode_list icon=\u00bbfa fa-calendar\u00bb uncode_shortcode_id=\u00bb145091&#8243;]<\/p>\n<ul>\n<li>Mi\u00e9rcoles<\/li>\n<\/ul>\n<p>[\/uncode_list][uncode_list icon=\u00bbfa fa-cab\u00bb]<\/p>\n<ul>\n<li>Ctra. de Ibiza a San Antonio, 07816 <\/li>\n<\/ul>\n<p>[\/uncode_list][vc_separator sep_color=\u00bbcolor-149363&#8243;][\/vc_column][\/vc_row][vc_section back_color=\u00bbcolor-lxmt\u00bb overlay_alpha=\u00bb50&#8243;][vc_row][vc_column width=\u00bb3\/4&#8243;][vc_gallery el_id=\u00bbgallery-160005&#8243; type=\u00bbcarousel\u00bb random=\u00bbyes\u00bb medias=\u00bb990057,990058,990059,990060,990061,990062&#8243; carousel_lg=\u00bb3&#8243; carousel_md=\u00bb3&#8243; carousel_sm=\u00bb1&#8243; gutter_size=\u00bb3&#8243; carousel_interval=\u00bb3000&#8243; carousel_navspeed=\u00bb400&#8243; stage_padding=\u00bb0&#8243; single_overlay_opacity=\u00bb50&#8243; single_padding=\u00bb2&#8243; title=\u00bbGaler\u00eda CircoLoco\u00bb][\/vc_column][vc_column width=\u00bb1\/4&#8243;][uncode_share layout=\u00bbmultiple\u00bb separator=\u00bbyes\u00bb title=\u00bbCompartir esta fiesta\u00bb][\/vc_column][\/vc_row][\/vc_section][vc_section back_color=\u00bbcolor-prif\u00bb overlay_alpha=\u00bb50&#8243;][vc_row row_height_percent=\u00bb0&#8243; overlay_alpha=\u00bb50&#8243; gutter_size=\u00bb3&#8243; column_width_percent=\u00bb100&#8243; shift_y=\u00bb0&#8243; z_index=\u00bb0&#8243; row_name=\u00bblistings\u00bb][vc_column column_width_percent=\u00bb100&#8243; position_vertical=\u00bbmiddle\u00bb align_horizontal=\u00bbalign_center\u00bb gutter_size=\u00bb2&#8243; overlay_alpha=\u00bb50&#8243; shift_x=\u00bb0&#8243; shift_y=\u00bb0&#8243; shift_y_down=\u00bb0&#8243; z_index=\u00bb0&#8243; medium_width=\u00bb0&#8243; mobile_width=\u00bb0&#8243; width=\u00bb1\/1&#8243;][vc_custom_heading text_color=\u00bbcolor-xsdn\u00bb sub_lead=\u00bbyes\u00bb]<\/p>\n<h2 style=\"text-align: center;\"><span style=\"color: #ffffff;\">Lista de fiestas<\/span><\/h2>\n<p>[\/vc_custom_heading]\t\t<div class=\"wcs-timetable__wrapper\">\n\t\t\t<div class=\"wcs-vue\" id=\"wcs-app-102\"><\/div>\n\t\t<\/div>\n\t\t[\/vc_column][\/vc_row][\/vc_section]<\/p>\n<\/div>","protected":false},"excerpt":{"rendered":"<p>[vc_row row_height_percent=\u00bb0&#8243; override_padding=\u00bbyes\u00bb h_padding=\u00bb2&#8243; top_padding=\u00bb2&#8243; bottom_padding=\u00bb0&#8243; back_image=\u00bb144443&#8243; overlay_alpha=\u00bb50&#8243; gutter_size=\u00bb3&#8243; column_width_percent=\u00bb100&#8243; shift_y=\u00bb0&#8243; z_index=\u00bb0&#8243; row_height_pixel=\u00bb50&#8243;][vc_column width=\u00bb1\/1&#8243;][vc_empty_space empty_h=\u00bb5&#8243;][vc_row_inner row_inner_height_percent=\u00bb0&#8243; force_width_grid=\u00bbyes\u00bb overlay_color=\u00bbcolor-149363&#8243; overlay_alpha=\u00bb50&#8243; gutter_size=\u00bb1&#8243; [&hellip;]<\/p>\n","protected":false},"author":1,"featured_media":990063,"parent":992877,"menu_order":0,"comment_status":"closed","ping_status":"closed","template":"","meta":{"_acf_changed":false,"footnotes":""},"class_list":["post-990051","page","type-page","status-publish","has-post-thumbnail","hentry","page_category-fiestas","page_category-unvrs"],"acf":[],"_links":{"self":[{"href":"https:\/\/ticketsibiza.com\/es\/wp-json\/wp\/v2\/pages\/990051","targetHints":{"allow":["GET"]}}],"collection":[{"href":"https:\/\/ticketsibiza.com\/es\/wp-json\/wp\/v2\/pages"}],"about":[{"href":"https:\/\/ticketsibiza.com\/es\/wp-json\/wp\/v2\/types\/page"}],"author":[{"embeddable":true,"href":"https:\/\/ticketsibiza.com\/es\/wp-json\/wp\/v2\/users\/1"}],"replies":[{"embeddable":true,"href":"https:\/\/ticketsibiza.com\/es\/wp-json\/wp\/v2\/comments?post=990051"}],"version-history":[{"count":14,"href":"https:\/\/ticketsibiza.com\/es\/wp-json\/wp\/v2\/pages\/990051\/revisions"}],"predecessor-version":[{"id":1127517,"href":"https:\/\/ticketsibiza.com\/es\/wp-json\/wp\/v2\/pages\/990051\/revisions\/1127517"}],"up":[{"embeddable":true,"href":"https:\/\/ticketsibiza.com\/es\/wp-json\/wp\/v2\/pages\/992877"}],"wp:featuredmedia":[{"embeddable":true,"href":"https:\/\/ticketsibiza.com\/es\/wp-json\/wp\/v2\/media\/990063"}],"wp:attachment":[{"href":"https:\/\/ticketsibiza.com\/es\/wp-json\/wp\/v2\/media?parent=990051"}],"curies":[{"name":"wp","href":"https:\/\/api.w.org\/{rel}","templated":true}]}}